{"id":10117,"date":"2024-03-18T15:36:08","date_gmt":"2024-03-18T15:36:08","guid":{"rendered":"https:\/\/eralux.com\/?post_type=product&#038;p=10117"},"modified":"2025-08-05T14:17:26","modified_gmt":"2025-08-05T14:17:26","slug":"slima-ho","status":"publish","type":"product","link":"https:\/\/eralux.com\/fr\/produit\/slima-ho\/","title":{"rendered":"SLIMA HO"},"content":{"rendered":"<p>Le downlight LED de la s\u00e9rie SLIMA HO est le downlight encastr\u00e9 id\u00e9al pour tout projet de r\u00e9novation ou de nouvelle construction. Les clips du bo\u00eetier \u00e0 ressort facilitent le processus d&#8217;installation pour toute option d&#8217;alimentation. Les downlights SLIMA disposent d&#8217;un interrupteur CCT s\u00e9lectionnable permettant de changer la projection des couleurs de 2700K \u00e0 5000K, offrant un niveau de flexibilit\u00e9 in\u00e9gal\u00e9. Elle se caract\u00e9rise par un rendement lumineux \u00e9lev\u00e9.<\/p>\n","protected":false},"excerpt":{"rendered":"<p>Downlight encastr\u00e9 4<\/p>\n","protected":false},"featured_media":10129,"comment_status":"open","ping_status":"closed","template":"","meta":{"inline_featured_image":false},"product_brand":[],"product_cat":[1910],"product_tag":[],"class_list":{"0":"post-10117","1":"product","2":"type-product","3":"status-publish","4":"has-post-thumbnail","6":"spec_sheets-04-fr-2","7":"spec_sheets-p2750-fr-2","8":"spec_sheets-wh-fr-6","9":"spec_sheets-triac-fr","10":"spec_sheets-12w-fr","11":"spec_sheets-forme-et-taille","12":"spec_sheets-trim-fr","13":"spec_sheets-cct-fr","14":"spec_sheets-controles","15":"spec_sheets-puissance","16":"product_applications-bureau-commercial","17":"product_applications-education-fr","18":"product_applications-magasin-de-mode","19":"product_applications-sante","20":"product_applications-hotellerie","21":"product_segments-luminaires-encastres","22":"product_cat-ae-dl-slho-fr","24":"first","25":"instock","26":"shipping-taxable","27":"purchasable","28":"product-type-simple"},"yoast_head":"<!-- This site is optimized with the Yoast SEO Premium plugin v24.2 (Yoast SEO v27.4) - https:\/\/yoast.com\/product\/yoast-seo-premium-wordpress\/ -->\n<title>SLIMA HO - Eralux<\/title>\n<meta name=\"description\" content=\"Le downlight LED de la s\u00e9rie SLIMA HO est le downlight encastr\u00e9 id\u00e9al pour tout projet de r\u00e9novation ou de nouvelle construction. Les clips du bo\u00eetier \u00e0 ressort facilitent le processus d&#039;installation pour toute option d&#039;alimentation. Les downlights SLIMA disposent d&#039;un interrupteur CCT s\u00e9lectionnable permettant de changer la projection des couleurs de 2700K \u00e0 5000K, offrant un niveau de flexibilit\u00e9 in\u00e9gal\u00e9. Elle se caract\u00e9rise par un rendement lumineux \u00e9lev\u00e9.\" \/>\n<meta name=\"robots\" content=\"index, follow, max-snippet:-1, max-image-preview:large, max-video-preview:-1\" \/>\n<link rel=\"canonical\" href=\"https:\/\/eralux.com\/fr\/produit\/slima-ho\/\" \/>\n<meta property=\"og:locale\" content=\"fr_FR\" \/>\n<meta property=\"og:type\" content=\"article\" \/>\n<meta property=\"og:title\" content=\"SLIMA HO\" \/>\n<meta property=\"og:description\" content=\"Le downlight LED de la s\u00e9rie SLIMA HO est le downlight encastr\u00e9 id\u00e9al pour tout projet de r\u00e9novation ou de nouvelle construction. Les clips du bo\u00eetier \u00e0 ressort facilitent le processus d&#039;installation pour toute option d&#039;alimentation. Les downlights SLIMA disposent d&#039;un interrupteur CCT s\u00e9lectionnable permettant de changer la projection des couleurs de 2700K \u00e0 5000K, offrant un niveau de flexibilit\u00e9 in\u00e9gal\u00e9. Elle se caract\u00e9rise par un rendement lumineux \u00e9lev\u00e9.\" \/>\n<meta property=\"og:url\" content=\"https:\/\/eralux.com\/fr\/produit\/slima-ho\/\" \/>\n<meta property=\"og:site_name\" content=\"Eralux\" \/>\n<meta property=\"article:publisher\" content=\"https:\/\/www.facebook.com\/aeralux.corp\" \/>\n<meta property=\"article:modified_time\" content=\"2025-08-05T14:17:26+00:00\" \/>\n<meta property=\"og:image\" content=\"https:\/\/eralux.com\/wp-content\/uploads\/2024\/03\/4inch-D-12W-5CCT_1000LM.-5.png\" \/>\n\t<meta property=\"og:image:width\" content=\"1000\" \/>\n\t<meta property=\"og:image:height\" content=\"1000\" \/>\n\t<meta property=\"og:image:type\" content=\"image\/png\" \/>\n<meta name=\"twitter:card\" content=\"summary_large_image\" \/>\n<meta name=\"twitter:site\" content=\"@eralux_inc\" \/>\n<meta name=\"twitter:label1\" content=\"Prix\" \/>\n\t<meta name=\"twitter:data1\" content=\"&#036;0.00\" \/>\n\t<meta name=\"twitter:label2\" content=\"Disponibilit\u00e9\" \/>\n\t<meta name=\"twitter:data2\" content=\"En stock\" \/>\n<script type=\"application\/ld+json\" class=\"yoast-schema-graph\">{\"@context\":\"https:\\\/\\\/schema.org\",\"@graph\":[{\"@type\":\"WebPage\",\"@id\":\"https:\\\/\\\/eralux.com\\\/fr\\\/produit\\\/slima-ho\\\/\",\"url\":\"https:\\\/\\\/eralux.com\\\/fr\\\/produit\\\/slima-ho\\\/\",\"name\":\"SLIMA HO - Eralux\",\"isPartOf\":{\"@id\":\"https:\\\/\\\/eralux.com\\\/fr\\\/#website\"},\"primaryImageOfPage\":{\"@id\":\"https:\\\/\\\/eralux.com\\\/fr\\\/produit\\\/slima-ho\\\/#primaryimage\"},\"image\":{\"@id\":\"https:\\\/\\\/eralux.com\\\/fr\\\/produit\\\/slima-ho\\\/#primaryimage\"},\"thumbnailUrl\":\"https:\\\/\\\/eralux.com\\\/wp-content\\\/uploads\\\/2024\\\/03\\\/4inch-D-12W-5CCT_1000LM.-5.png\",\"datePublished\":\"2024-03-18T15:36:08+00:00\",\"dateModified\":\"2025-08-05T14:17:26+00:00\",\"description\":\"Le downlight LED de la s\u00e9rie SLIMA HO est le downlight encastr\u00e9 id\u00e9al pour tout projet de r\u00e9novation ou de nouvelle construction. Les clips du bo\u00eetier \u00e0 ressort facilitent le processus d'installation pour toute option d'alimentation. Les downlights SLIMA disposent d'un interrupteur CCT s\u00e9lectionnable permettant de changer la projection des couleurs de 2700K \u00e0 5000K, offrant un niveau de flexibilit\u00e9 in\u00e9gal\u00e9. Elle se caract\u00e9rise par un rendement lumineux \u00e9lev\u00e9.\",\"breadcrumb\":{\"@id\":\"https:\\\/\\\/eralux.com\\\/fr\\\/produit\\\/slima-ho\\\/#breadcrumb\"},\"inLanguage\":\"fr-FR\",\"potentialAction\":[{\"@type\":\"ReadAction\",\"target\":[\"https:\\\/\\\/eralux.com\\\/fr\\\/produit\\\/slima-ho\\\/\"]}]},{\"@type\":\"ImageObject\",\"inLanguage\":\"fr-FR\",\"@id\":\"https:\\\/\\\/eralux.com\\\/fr\\\/produit\\\/slima-ho\\\/#primaryimage\",\"url\":\"https:\\\/\\\/eralux.com\\\/wp-content\\\/uploads\\\/2024\\\/03\\\/4inch-D-12W-5CCT_1000LM.-5.png\",\"contentUrl\":\"https:\\\/\\\/eralux.com\\\/wp-content\\\/uploads\\\/2024\\\/03\\\/4inch-D-12W-5CCT_1000LM.-5.png\",\"width\":1000,\"height\":1000},{\"@type\":\"BreadcrumbList\",\"@id\":\"https:\\\/\\\/eralux.com\\\/fr\\\/produit\\\/slima-ho\\\/#breadcrumb\",\"itemListElement\":[{\"@type\":\"ListItem\",\"position\":1,\"name\":\"Home\",\"item\":\"https:\\\/\\\/eralux.com\\\/fr\\\/\"},{\"@type\":\"ListItem\",\"position\":2,\"name\":\"Shop\",\"item\":\"https:\\\/\\\/eralux.com\\\/shop\\\/\"},{\"@type\":\"ListItem\",\"position\":3,\"name\":\"SLIMA HO\"}]},{\"@type\":\"WebSite\",\"@id\":\"https:\\\/\\\/eralux.com\\\/fr\\\/#website\",\"url\":\"https:\\\/\\\/eralux.com\\\/fr\\\/\",\"name\":\"Eralux\",\"description\":\"World leader for Energy Saving LED Solutions\",\"publisher\":{\"@id\":\"https:\\\/\\\/eralux.com\\\/fr\\\/#organization\"},\"alternateName\":\"Led manufacturer Canada\",\"potentialAction\":[{\"@type\":\"SearchAction\",\"target\":{\"@type\":\"EntryPoint\",\"urlTemplate\":\"https:\\\/\\\/eralux.com\\\/fr\\\/?s={search_term_string}\"},\"query-input\":{\"@type\":\"PropertyValueSpecification\",\"valueRequired\":true,\"valueName\":\"search_term_string\"}}],\"inLanguage\":\"fr-FR\"},{\"@type\":\"Organization\",\"@id\":\"https:\\\/\\\/eralux.com\\\/fr\\\/#organization\",\"name\":\"Eralux\",\"url\":\"https:\\\/\\\/eralux.com\\\/fr\\\/\",\"logo\":{\"@type\":\"ImageObject\",\"inLanguage\":\"fr-FR\",\"@id\":\"https:\\\/\\\/eralux.com\\\/fr\\\/#\\\/schema\\\/logo\\\/image\\\/\",\"url\":\"https:\\\/\\\/eralux.com\\\/wp-content\\\/uploads\\\/2024\\\/01\\\/eralux-logo-trademark-R.png\",\"contentUrl\":\"https:\\\/\\\/eralux.com\\\/wp-content\\\/uploads\\\/2024\\\/01\\\/eralux-logo-trademark-R.png\",\"width\":1000,\"height\":446,\"caption\":\"Eralux\"},\"image\":{\"@id\":\"https:\\\/\\\/eralux.com\\\/fr\\\/#\\\/schema\\\/logo\\\/image\\\/\"},\"sameAs\":[\"https:\\\/\\\/www.facebook.com\\\/aeralux.corp\",\"https:\\\/\\\/x.com\\\/eralux_inc\"],\"description\":\"Save on energy with high-performance LED solutions. Choose Eralux for eco-friendly lighting. Explore our range today!\"}]}<\/script>\n<meta property=\"product:price:amount\" content=\"0.00\" \/>\n<meta property=\"product:price:currency\" content=\"CAD\" \/>\n<meta property=\"og:availability\" content=\"instock\" \/>\n<meta property=\"product:availability\" content=\"instock\" \/>\n<meta property=\"product:condition\" content=\"new\" \/>\n<!-- \/ Yoast SEO Premium plugin. -->","yoast_head_json":{"title":"SLIMA HO - Eralux","description":"Le downlight LED de la s\u00e9rie SLIMA HO est le downlight encastr\u00e9 id\u00e9al pour tout projet de r\u00e9novation ou de nouvelle construction. Les clips du bo\u00eetier \u00e0 ressort facilitent le processus d'installation pour toute option d'alimentation. Les downlights SLIMA disposent d'un interrupteur CCT s\u00e9lectionnable permettant de changer la projection des couleurs de 2700K \u00e0 5000K, offrant un niveau de flexibilit\u00e9 in\u00e9gal\u00e9. Elle se caract\u00e9rise par un rendement lumineux \u00e9lev\u00e9.","robots":{"index":"index","follow":"follow","max-snippet":"max-snippet:-1","max-image-preview":"max-image-preview:large","max-video-preview":"max-video-preview:-1"},"canonical":"https:\/\/eralux.com\/fr\/produit\/slima-ho\/","og_locale":"fr_FR","og_type":"article","og_title":"SLIMA HO","og_description":"Le downlight LED de la s\u00e9rie SLIMA HO est le downlight encastr\u00e9 id\u00e9al pour tout projet de r\u00e9novation ou de nouvelle construction. Les clips du bo\u00eetier \u00e0 ressort facilitent le processus d'installation pour toute option d'alimentation. Les downlights SLIMA disposent d'un interrupteur CCT s\u00e9lectionnable permettant de changer la projection des couleurs de 2700K \u00e0 5000K, offrant un niveau de flexibilit\u00e9 in\u00e9gal\u00e9. Elle se caract\u00e9rise par un rendement lumineux \u00e9lev\u00e9.","og_url":"https:\/\/eralux.com\/fr\/produit\/slima-ho\/","og_site_name":"Eralux","article_publisher":"https:\/\/www.facebook.com\/aeralux.corp","article_modified_time":"2025-08-05T14:17:26+00:00","og_image":[{"width":1000,"height":1000,"url":"https:\/\/eralux.com\/wp-content\/uploads\/2024\/03\/4inch-D-12W-5CCT_1000LM.-5.png","type":"image\/png"}],"twitter_card":"summary_large_image","twitter_site":"@eralux_inc","twitter_misc":{"Prix":"&#36;0.00","Disponibilit\u00e9":"En stock"},"schema":{"@context":"https:\/\/schema.org","@graph":[{"@type":"WebPage","@id":"https:\/\/eralux.com\/fr\/produit\/slima-ho\/","url":"https:\/\/eralux.com\/fr\/produit\/slima-ho\/","name":"SLIMA HO - Eralux","isPartOf":{"@id":"https:\/\/eralux.com\/fr\/#website"},"primaryImageOfPage":{"@id":"https:\/\/eralux.com\/fr\/produit\/slima-ho\/#primaryimage"},"image":{"@id":"https:\/\/eralux.com\/fr\/produit\/slima-ho\/#primaryimage"},"thumbnailUrl":"https:\/\/eralux.com\/wp-content\/uploads\/2024\/03\/4inch-D-12W-5CCT_1000LM.-5.png","datePublished":"2024-03-18T15:36:08+00:00","dateModified":"2025-08-05T14:17:26+00:00","description":"Le downlight LED de la s\u00e9rie SLIMA HO est le downlight encastr\u00e9 id\u00e9al pour tout projet de r\u00e9novation ou de nouvelle construction. Les clips du bo\u00eetier \u00e0 ressort facilitent le processus d'installation pour toute option d'alimentation. Les downlights SLIMA disposent d'un interrupteur CCT s\u00e9lectionnable permettant de changer la projection des couleurs de 2700K \u00e0 5000K, offrant un niveau de flexibilit\u00e9 in\u00e9gal\u00e9. Elle se caract\u00e9rise par un rendement lumineux \u00e9lev\u00e9.","breadcrumb":{"@id":"https:\/\/eralux.com\/fr\/produit\/slima-ho\/#breadcrumb"},"inLanguage":"fr-FR","potentialAction":[{"@type":"ReadAction","target":["https:\/\/eralux.com\/fr\/produit\/slima-ho\/"]}]},{"@type":"ImageObject","inLanguage":"fr-FR","@id":"https:\/\/eralux.com\/fr\/produit\/slima-ho\/#primaryimage","url":"https:\/\/eralux.com\/wp-content\/uploads\/2024\/03\/4inch-D-12W-5CCT_1000LM.-5.png","contentUrl":"https:\/\/eralux.com\/wp-content\/uploads\/2024\/03\/4inch-D-12W-5CCT_1000LM.-5.png","width":1000,"height":1000},{"@type":"BreadcrumbList","@id":"https:\/\/eralux.com\/fr\/produit\/slima-ho\/#breadcrumb","itemListElement":[{"@type":"ListItem","position":1,"name":"Home","item":"https:\/\/eralux.com\/fr\/"},{"@type":"ListItem","position":2,"name":"Shop","item":"https:\/\/eralux.com\/shop\/"},{"@type":"ListItem","position":3,"name":"SLIMA HO"}]},{"@type":"WebSite","@id":"https:\/\/eralux.com\/fr\/#website","url":"https:\/\/eralux.com\/fr\/","name":"Eralux","description":"World leader for Energy Saving LED Solutions","publisher":{"@id":"https:\/\/eralux.com\/fr\/#organization"},"alternateName":"Led manufacturer Canada","potentialAction":[{"@type":"SearchAction","target":{"@type":"EntryPoint","urlTemplate":"https:\/\/eralux.com\/fr\/?s={search_term_string}"},"query-input":{"@type":"PropertyValueSpecification","valueRequired":true,"valueName":"search_term_string"}}],"inLanguage":"fr-FR"},{"@type":"Organization","@id":"https:\/\/eralux.com\/fr\/#organization","name":"Eralux","url":"https:\/\/eralux.com\/fr\/","logo":{"@type":"ImageObject","inLanguage":"fr-FR","@id":"https:\/\/eralux.com\/fr\/#\/schema\/logo\/image\/","url":"https:\/\/eralux.com\/wp-content\/uploads\/2024\/01\/eralux-logo-trademark-R.png","contentUrl":"https:\/\/eralux.com\/wp-content\/uploads\/2024\/01\/eralux-logo-trademark-R.png","width":1000,"height":446,"caption":"Eralux"},"image":{"@id":"https:\/\/eralux.com\/fr\/#\/schema\/logo\/image\/"},"sameAs":["https:\/\/www.facebook.com\/aeralux.corp","https:\/\/x.com\/eralux_inc"],"description":"Save on energy with high-performance LED solutions. Choose Eralux for eco-friendly lighting. Explore our range today!"}]},"product_price_amount":"0.00","product_price_currency":"CAD","og_availability":"instock","product_availability":"instock","product_condition":"new"},"_links":{"self":[{"href":"https:\/\/eralux.com\/fr\/wp-json\/wp\/v2\/product\/10117","targetHints":{"allow":["GET"]}}],"collection":[{"href":"https:\/\/eralux.com\/fr\/wp-json\/wp\/v2\/product"}],"about":[{"href":"https:\/\/eralux.com\/fr\/wp-json\/wp\/v2\/types\/product"}],"replies":[{"embeddable":true,"href":"https:\/\/eralux.com\/fr\/wp-json\/wp\/v2\/comments?post=10117"}],"wp:featuredmedia":[{"embeddable":true,"href":"https:\/\/eralux.com\/fr\/wp-json\/wp\/v2\/media\/10129"}],"wp:attachment":[{"href":"https:\/\/eralux.com\/fr\/wp-json\/wp\/v2\/media?parent=10117"}],"wp:term":[{"taxonomy":"product_brand","embeddable":true,"href":"https:\/\/eralux.com\/fr\/wp-json\/wp\/v2\/product_brand?post=10117"},{"taxonomy":"product_cat","embeddable":true,"href":"https:\/\/eralux.com\/fr\/wp-json\/wp\/v2\/product_cat?post=10117"},{"taxonomy":"product_tag","embeddable":true,"href":"https:\/\/eralux.com\/fr\/wp-json\/wp\/v2\/product_tag?post=10117"}],"curies":[{"name":"wp","href":"https:\/\/api.w.org\/{rel}","templated":true}]}}