{"id":10142,"date":"2024-03-18T16:13:31","date_gmt":"2024-03-18T16:13:31","guid":{"rendered":"https:\/\/eralux.com\/?post_type=product&#038;p=10142"},"modified":"2025-08-13T20:32:30","modified_gmt":"2025-08-13T20:32:30","slug":"disco-eco","status":"publish","type":"product","link":"https:\/\/eralux.com\/fr\/produit\/disco-eco\/","title":{"rendered":"DISCO ECO"},"content":{"rendered":"<p>La s\u00e9rie DISCO ECO est la solution id\u00e9ale pour les r\u00e9sidences qui ont besoin d&#8217;une source lumineuse qui assure une transition transparente entre les diff\u00e9rents espaces. Elle se d\u00e9cline en cinq puissances et tailles diff\u00e9rentes : 9W | 5in 14W | 7in 17W | 9in 21W | 12in et 25W | 15in. Ce luminaire offre \u00e9galement diff\u00e9rentes options de CCT (2700K, 3000K, 3500K, 4000K et 5000K) qui peuvent \u00eatre r\u00e9gl\u00e9es sur le terrain.<\/p>\n","protected":false},"excerpt":{"rendered":"<p>Downlight pour montage en saillie 5&#8243;, 7&#8243;, 9&#8243;, 12&#8243; ou 15&#8243;<\/p>\n","protected":false},"featured_media":7715,"comment_status":"open","ping_status":"closed","template":"","meta":{"inline_featured_image":false},"product_brand":[],"product_cat":[1917],"product_tag":[],"class_list":{"0":"post-10142","1":"product","2":"type-product","3":"status-publish","4":"has-post-thumbnail","6":"spec_sheets-2750-cct","7":"spec_sheets-12-fr-7","8":"spec_sheets-5-9w-fr","9":"spec_sheets-7-14w-fr","10":"spec_sheets-9-17w-fr","11":"spec_sheets-12-21w-fr","12":"spec_sheets-15-25w-fr","13":"spec_sheets-forme-et-taille","14":"spec_sheets-bk-fr-2","15":"spec_sheets-cct-fr","16":"spec_sheets-finition","17":"spec_sheets-tension-dentree","18":"product_applications-sante","19":"product_applications-education-fr","20":"product_applications-bureau-commercial","21":"product_segments-luminaires-encastres","22":"product_cat-ae-dl-dse-fr","24":"first","25":"instock","26":"shipping-taxable","27":"purchasable","28":"product-type-simple"},"yoast_head":"<!-- This site is optimized with the Yoast SEO Premium plugin v24.2 (Yoast SEO v27.5) - https:\/\/yoast.com\/product\/yoast-seo-premium-wordpress\/ -->\n<title>DISCO ECO - Eralux<\/title>\n<meta name=\"description\" content=\"La s\u00e9rie DISCO ECO est la solution id\u00e9ale pour les r\u00e9sidences qui ont besoin d&#039;une source lumineuse qui assure une transition transparente entre les diff\u00e9rents espaces. Elle se d\u00e9cline en cinq puissances et tailles diff\u00e9rentes : 9W | 5in 14W | 7in 17W | 9in 21W | 12in et 25W | 15in. Ce luminaire offre \u00e9galement diff\u00e9rentes options de CCT (2700K, 3000K, 3500K, 4000K et 5000K) qui peuvent \u00eatre r\u00e9gl\u00e9es sur le terrain.\" \/>\n<meta name=\"robots\" content=\"index, follow, max-snippet:-1, max-image-preview:large, max-video-preview:-1\" \/>\n<link rel=\"canonical\" href=\"https:\/\/eralux.com\/fr\/produit\/disco-eco\/\" \/>\n<meta property=\"og:locale\" content=\"fr_FR\" \/>\n<meta property=\"og:type\" content=\"article\" \/>\n<meta property=\"og:title\" content=\"DISCO ECO\" \/>\n<meta property=\"og:description\" content=\"La s\u00e9rie DISCO ECO est la solution id\u00e9ale pour les r\u00e9sidences qui ont besoin d&#039;une source lumineuse qui assure une transition transparente entre les diff\u00e9rents espaces. Elle se d\u00e9cline en cinq puissances et tailles diff\u00e9rentes : 9W | 5in 14W | 7in 17W | 9in 21W | 12in et 25W | 15in. Ce luminaire offre \u00e9galement diff\u00e9rentes options de CCT (2700K, 3000K, 3500K, 4000K et 5000K) qui peuvent \u00eatre r\u00e9gl\u00e9es sur le terrain.\" \/>\n<meta property=\"og:url\" content=\"https:\/\/eralux.com\/fr\/produit\/disco-eco\/\" \/>\n<meta property=\"og:site_name\" content=\"Eralux\" \/>\n<meta property=\"article:publisher\" content=\"https:\/\/www.facebook.com\/aeralux.corp\" \/>\n<meta property=\"article:modified_time\" content=\"2025-08-13T20:32:30+00:00\" \/>\n<meta property=\"og:image\" content=\"https:\/\/eralux.com\/wp-content\/uploads\/2024\/01\/Disco-5.png\" \/>\n\t<meta property=\"og:image:width\" content=\"1000\" \/>\n\t<meta property=\"og:image:height\" content=\"1000\" \/>\n\t<meta property=\"og:image:type\" content=\"image\/png\" \/>\n<meta name=\"twitter:card\" content=\"summary_large_image\" \/>\n<meta name=\"twitter:site\" content=\"@eralux_inc\" \/>\n<meta name=\"twitter:label1\" content=\"Prix\" \/>\n\t<meta name=\"twitter:data1\" content=\"&#036;0.00\" \/>\n\t<meta name=\"twitter:label2\" content=\"Disponibilit\u00e9\" \/>\n\t<meta name=\"twitter:data2\" content=\"En stock\" \/>\n<script type=\"application\/ld+json\" class=\"yoast-schema-graph\">{\"@context\":\"https:\\\/\\\/schema.org\",\"@graph\":[{\"@type\":\"WebPage\",\"@id\":\"https:\\\/\\\/eralux.com\\\/fr\\\/produit\\\/disco-eco\\\/\",\"url\":\"https:\\\/\\\/eralux.com\\\/fr\\\/produit\\\/disco-eco\\\/\",\"name\":\"DISCO ECO - Eralux\",\"isPartOf\":{\"@id\":\"https:\\\/\\\/eralux.com\\\/fr\\\/#website\"},\"primaryImageOfPage\":{\"@id\":\"https:\\\/\\\/eralux.com\\\/fr\\\/produit\\\/disco-eco\\\/#primaryimage\"},\"image\":{\"@id\":\"https:\\\/\\\/eralux.com\\\/fr\\\/produit\\\/disco-eco\\\/#primaryimage\"},\"thumbnailUrl\":\"https:\\\/\\\/eralux.com\\\/wp-content\\\/uploads\\\/2024\\\/01\\\/Disco-5.png\",\"datePublished\":\"2024-03-18T16:13:31+00:00\",\"dateModified\":\"2025-08-13T20:32:30+00:00\",\"description\":\"La s\u00e9rie DISCO ECO est la solution id\u00e9ale pour les r\u00e9sidences qui ont besoin d'une source lumineuse qui assure une transition transparente entre les diff\u00e9rents espaces. Elle se d\u00e9cline en cinq puissances et tailles diff\u00e9rentes : 9W | 5in 14W | 7in 17W | 9in 21W | 12in et 25W | 15in. Ce luminaire offre \u00e9galement diff\u00e9rentes options de CCT (2700K, 3000K, 3500K, 4000K et 5000K) qui peuvent \u00eatre r\u00e9gl\u00e9es sur le terrain.\",\"breadcrumb\":{\"@id\":\"https:\\\/\\\/eralux.com\\\/fr\\\/produit\\\/disco-eco\\\/#breadcrumb\"},\"inLanguage\":\"fr-FR\",\"potentialAction\":[{\"@type\":\"ReadAction\",\"target\":[\"https:\\\/\\\/eralux.com\\\/fr\\\/produit\\\/disco-eco\\\/\"]}]},{\"@type\":\"ImageObject\",\"inLanguage\":\"fr-FR\",\"@id\":\"https:\\\/\\\/eralux.com\\\/fr\\\/produit\\\/disco-eco\\\/#primaryimage\",\"url\":\"https:\\\/\\\/eralux.com\\\/wp-content\\\/uploads\\\/2024\\\/01\\\/Disco-5.png\",\"contentUrl\":\"https:\\\/\\\/eralux.com\\\/wp-content\\\/uploads\\\/2024\\\/01\\\/Disco-5.png\",\"width\":1000,\"height\":1000},{\"@type\":\"BreadcrumbList\",\"@id\":\"https:\\\/\\\/eralux.com\\\/fr\\\/produit\\\/disco-eco\\\/#breadcrumb\",\"itemListElement\":[{\"@type\":\"ListItem\",\"position\":1,\"name\":\"Home\",\"item\":\"https:\\\/\\\/eralux.com\\\/fr\\\/\"},{\"@type\":\"ListItem\",\"position\":2,\"name\":\"Shop\",\"item\":\"https:\\\/\\\/eralux.com\\\/shop\\\/\"},{\"@type\":\"ListItem\",\"position\":3,\"name\":\"DISCO ECO\"}]},{\"@type\":\"WebSite\",\"@id\":\"https:\\\/\\\/eralux.com\\\/fr\\\/#website\",\"url\":\"https:\\\/\\\/eralux.com\\\/fr\\\/\",\"name\":\"Eralux\",\"description\":\"World leader for Energy Saving LED Solutions\",\"publisher\":{\"@id\":\"https:\\\/\\\/eralux.com\\\/fr\\\/#organization\"},\"alternateName\":\"Led manufacturer Canada\",\"potentialAction\":[{\"@type\":\"SearchAction\",\"target\":{\"@type\":\"EntryPoint\",\"urlTemplate\":\"https:\\\/\\\/eralux.com\\\/fr\\\/?s={search_term_string}\"},\"query-input\":{\"@type\":\"PropertyValueSpecification\",\"valueRequired\":true,\"valueName\":\"search_term_string\"}}],\"inLanguage\":\"fr-FR\"},{\"@type\":\"Organization\",\"@id\":\"https:\\\/\\\/eralux.com\\\/fr\\\/#organization\",\"name\":\"Eralux\",\"url\":\"https:\\\/\\\/eralux.com\\\/fr\\\/\",\"logo\":{\"@type\":\"ImageObject\",\"inLanguage\":\"fr-FR\",\"@id\":\"https:\\\/\\\/eralux.com\\\/fr\\\/#\\\/schema\\\/logo\\\/image\\\/\",\"url\":\"https:\\\/\\\/eralux.com\\\/wp-content\\\/uploads\\\/2024\\\/01\\\/eralux-logo-trademark-R.png\",\"contentUrl\":\"https:\\\/\\\/eralux.com\\\/wp-content\\\/uploads\\\/2024\\\/01\\\/eralux-logo-trademark-R.png\",\"width\":1000,\"height\":446,\"caption\":\"Eralux\"},\"image\":{\"@id\":\"https:\\\/\\\/eralux.com\\\/fr\\\/#\\\/schema\\\/logo\\\/image\\\/\"},\"sameAs\":[\"https:\\\/\\\/www.facebook.com\\\/aeralux.corp\",\"https:\\\/\\\/x.com\\\/eralux_inc\"],\"description\":\"Save on energy with high-performance LED solutions. Choose Eralux for eco-friendly lighting. Explore our range today!\"}]}<\/script>\n<meta property=\"product:price:amount\" content=\"0.00\" \/>\n<meta property=\"product:price:currency\" content=\"CAD\" \/>\n<meta property=\"og:availability\" content=\"instock\" \/>\n<meta property=\"product:availability\" content=\"instock\" \/>\n<meta property=\"product:condition\" content=\"new\" \/>\n<!-- \/ Yoast SEO Premium plugin. -->","yoast_head_json":{"title":"DISCO ECO - Eralux","description":"La s\u00e9rie DISCO ECO est la solution id\u00e9ale pour les r\u00e9sidences qui ont besoin d'une source lumineuse qui assure une transition transparente entre les diff\u00e9rents espaces. Elle se d\u00e9cline en cinq puissances et tailles diff\u00e9rentes : 9W | 5in 14W | 7in 17W | 9in 21W | 12in et 25W | 15in. Ce luminaire offre \u00e9galement diff\u00e9rentes options de CCT (2700K, 3000K, 3500K, 4000K et 5000K) qui peuvent \u00eatre r\u00e9gl\u00e9es sur le terrain.","robots":{"index":"index","follow":"follow","max-snippet":"max-snippet:-1","max-image-preview":"max-image-preview:large","max-video-preview":"max-video-preview:-1"},"canonical":"https:\/\/eralux.com\/fr\/produit\/disco-eco\/","og_locale":"fr_FR","og_type":"article","og_title":"DISCO ECO","og_description":"La s\u00e9rie DISCO ECO est la solution id\u00e9ale pour les r\u00e9sidences qui ont besoin d'une source lumineuse qui assure une transition transparente entre les diff\u00e9rents espaces. Elle se d\u00e9cline en cinq puissances et tailles diff\u00e9rentes : 9W | 5in 14W | 7in 17W | 9in 21W | 12in et 25W | 15in. Ce luminaire offre \u00e9galement diff\u00e9rentes options de CCT (2700K, 3000K, 3500K, 4000K et 5000K) qui peuvent \u00eatre r\u00e9gl\u00e9es sur le terrain.","og_url":"https:\/\/eralux.com\/fr\/produit\/disco-eco\/","og_site_name":"Eralux","article_publisher":"https:\/\/www.facebook.com\/aeralux.corp","article_modified_time":"2025-08-13T20:32:30+00:00","og_image":[{"width":1000,"height":1000,"url":"https:\/\/eralux.com\/wp-content\/uploads\/2024\/01\/Disco-5.png","type":"image\/png"}],"twitter_card":"summary_large_image","twitter_site":"@eralux_inc","twitter_misc":{"Prix":"&#36;0.00","Disponibilit\u00e9":"En stock"},"schema":{"@context":"https:\/\/schema.org","@graph":[{"@type":"WebPage","@id":"https:\/\/eralux.com\/fr\/produit\/disco-eco\/","url":"https:\/\/eralux.com\/fr\/produit\/disco-eco\/","name":"DISCO ECO - Eralux","isPartOf":{"@id":"https:\/\/eralux.com\/fr\/#website"},"primaryImageOfPage":{"@id":"https:\/\/eralux.com\/fr\/produit\/disco-eco\/#primaryimage"},"image":{"@id":"https:\/\/eralux.com\/fr\/produit\/disco-eco\/#primaryimage"},"thumbnailUrl":"https:\/\/eralux.com\/wp-content\/uploads\/2024\/01\/Disco-5.png","datePublished":"2024-03-18T16:13:31+00:00","dateModified":"2025-08-13T20:32:30+00:00","description":"La s\u00e9rie DISCO ECO est la solution id\u00e9ale pour les r\u00e9sidences qui ont besoin d'une source lumineuse qui assure une transition transparente entre les diff\u00e9rents espaces. Elle se d\u00e9cline en cinq puissances et tailles diff\u00e9rentes : 9W | 5in 14W | 7in 17W | 9in 21W | 12in et 25W | 15in. Ce luminaire offre \u00e9galement diff\u00e9rentes options de CCT (2700K, 3000K, 3500K, 4000K et 5000K) qui peuvent \u00eatre r\u00e9gl\u00e9es sur le terrain.","breadcrumb":{"@id":"https:\/\/eralux.com\/fr\/produit\/disco-eco\/#breadcrumb"},"inLanguage":"fr-FR","potentialAction":[{"@type":"ReadAction","target":["https:\/\/eralux.com\/fr\/produit\/disco-eco\/"]}]},{"@type":"ImageObject","inLanguage":"fr-FR","@id":"https:\/\/eralux.com\/fr\/produit\/disco-eco\/#primaryimage","url":"https:\/\/eralux.com\/wp-content\/uploads\/2024\/01\/Disco-5.png","contentUrl":"https:\/\/eralux.com\/wp-content\/uploads\/2024\/01\/Disco-5.png","width":1000,"height":1000},{"@type":"BreadcrumbList","@id":"https:\/\/eralux.com\/fr\/produit\/disco-eco\/#breadcrumb","itemListElement":[{"@type":"ListItem","position":1,"name":"Home","item":"https:\/\/eralux.com\/fr\/"},{"@type":"ListItem","position":2,"name":"Shop","item":"https:\/\/eralux.com\/shop\/"},{"@type":"ListItem","position":3,"name":"DISCO ECO"}]},{"@type":"WebSite","@id":"https:\/\/eralux.com\/fr\/#website","url":"https:\/\/eralux.com\/fr\/","name":"Eralux","description":"World leader for Energy Saving LED Solutions","publisher":{"@id":"https:\/\/eralux.com\/fr\/#organization"},"alternateName":"Led manufacturer Canada","potentialAction":[{"@type":"SearchAction","target":{"@type":"EntryPoint","urlTemplate":"https:\/\/eralux.com\/fr\/?s={search_term_string}"},"query-input":{"@type":"PropertyValueSpecification","valueRequired":true,"valueName":"search_term_string"}}],"inLanguage":"fr-FR"},{"@type":"Organization","@id":"https:\/\/eralux.com\/fr\/#organization","name":"Eralux","url":"https:\/\/eralux.com\/fr\/","logo":{"@type":"ImageObject","inLanguage":"fr-FR","@id":"https:\/\/eralux.com\/fr\/#\/schema\/logo\/image\/","url":"https:\/\/eralux.com\/wp-content\/uploads\/2024\/01\/eralux-logo-trademark-R.png","contentUrl":"https:\/\/eralux.com\/wp-content\/uploads\/2024\/01\/eralux-logo-trademark-R.png","width":1000,"height":446,"caption":"Eralux"},"image":{"@id":"https:\/\/eralux.com\/fr\/#\/schema\/logo\/image\/"},"sameAs":["https:\/\/www.facebook.com\/aeralux.corp","https:\/\/x.com\/eralux_inc"],"description":"Save on energy with high-performance LED solutions. Choose Eralux for eco-friendly lighting. Explore our range today!"}]},"product_price_amount":"0.00","product_price_currency":"CAD","og_availability":"instock","product_availability":"instock","product_condition":"new"},"_links":{"self":[{"href":"https:\/\/eralux.com\/fr\/wp-json\/wp\/v2\/product\/10142","targetHints":{"allow":["GET"]}}],"collection":[{"href":"https:\/\/eralux.com\/fr\/wp-json\/wp\/v2\/product"}],"about":[{"href":"https:\/\/eralux.com\/fr\/wp-json\/wp\/v2\/types\/product"}],"replies":[{"embeddable":true,"href":"https:\/\/eralux.com\/fr\/wp-json\/wp\/v2\/comments?post=10142"}],"wp:featuredmedia":[{"embeddable":true,"href":"https:\/\/eralux.com\/fr\/wp-json\/wp\/v2\/media\/7715"}],"wp:attachment":[{"href":"https:\/\/eralux.com\/fr\/wp-json\/wp\/v2\/media?parent=10142"}],"wp:term":[{"taxonomy":"product_brand","embeddable":true,"href":"https:\/\/eralux.com\/fr\/wp-json\/wp\/v2\/product_brand?post=10142"},{"taxonomy":"product_cat","embeddable":true,"href":"https:\/\/eralux.com\/fr\/wp-json\/wp\/v2\/product_cat?post=10142"},{"taxonomy":"product_tag","embeddable":true,"href":"https:\/\/eralux.com\/fr\/wp-json\/wp\/v2\/product_tag?post=10142"}],"curies":[{"name":"wp","href":"https:\/\/api.w.org\/{rel}","templated":true}]}}