{"id":10155,"date":"2024-03-18T19:09:40","date_gmt":"2024-03-18T19:09:40","guid":{"rendered":"https:\/\/eralux.com\/?post_type=product&#038;p=10155"},"modified":"2025-06-16T21:42:56","modified_gmt":"2025-06-16T21:42:56","slug":"ezm-wall-mount","status":"publish","type":"product","link":"https:\/\/eralux.com\/fr\/produit\/ezm-wall-mount\/","title":{"rendered":"EZM WALL &#8211; MOUNT"},"content":{"rendered":"<p>La s\u00e9rie EZ M Wall-mount est une solution belle et \u00e9l\u00e9gante pour les plafonds ouverts, et elle a un design distinctif avec un corps en aluminium usin\u00e9. Ce produit est enti\u00e8rement en aluminium moul\u00e9 sous pression et offre un sens in\u00e9gal\u00e9 de la finesse, de la robustesse et de la qualit\u00e9. L&#8217;EZ M peut \u00eatre compl\u00e9t\u00e9 par plusieurs accessoires tels que le Snoot, le Pin-hole, le Glowing Ring ou le Hexcell Louver. Ce produit est dot\u00e9 d&#8217;une lumi\u00e8re ascendante et descendante avec diff\u00e9rents angles de rayonnement.<\/p>\n","protected":false},"excerpt":{"rendered":"<p>CYLINDRE DE 5 POUCES<\/p>\n<p>12&#8243; Hauteur<\/p>\n","protected":false},"featured_media":10163,"comment_status":"open","ping_status":"closed","template":"","meta":{"inline_featured_image":false},"product_brand":[],"product_cat":[807],"product_tag":[],"class_list":{"0":"post-10155","1":"product","2":"type-product","3":"status-publish","4":"has-post-thumbnail","6":"spec_sheets-27-fr-3","7":"spec_sheets-30-fr-13","8":"spec_sheets-35-fr-8","9":"spec_sheets-40-fr-13","10":"spec_sheets-wm1-fr","11":"spec_sheets-wm2-fr","12":"spec_sheets-15u-fr","13":"spec_sheets-15d-fr","14":"spec_sheets-12-fr","15":"spec_sheets-30u-fr","16":"spec_sheets-30d-fr","17":"spec_sheets-40u-fr","18":"spec_sheets-40d-fr","19":"spec_sheets-55u-fr","20":"spec_sheets-55d-fr","21":"spec_sheets-p-t-fr","22":"spec_sheets-wh-fr-2","23":"spec_sheets-up-beam-angle-fr","24":"spec_sheets-bk-fr-2","25":"spec_sheets-down-beam-angle-fr","26":"spec_sheets-sv-fr-2","27":"spec_sheets-ralxxxx-fr","28":"spec_sheets-hauteur","29":"spec_sheets-cct-fr","30":"spec_sheets-cri-fr","31":"spec_sheets-finition","32":"spec_sheets-methode-de-montage","33":"spec_sheets-puissance","34":"spec_sheets-50-fr-3","35":"product_applications-magasin-de-mode","36":"product_applications-parking","37":"product_applications-magasin-de-detail","38":"product_segments-cylindre","39":"product_cat-ae-cyl-ezm-50r-fr","41":"first","42":"instock","43":"shipping-taxable","44":"purchasable","45":"product-type-simple"},"yoast_head":"<!-- This site is optimized with the Yoast SEO Premium plugin v24.2 (Yoast SEO v27.4) - https:\/\/yoast.com\/product\/yoast-seo-premium-wordpress\/ -->\n<title>EZM WALL - MOUNT - Eralux<\/title>\n<meta name=\"description\" content=\"La s\u00e9rie de suspensions Eleganza Max est une solution belle et \u00e9l\u00e9gante pour les plafonds ouverts, et elle a un design distinctif avec un corps en aluminium usin\u00e9. Ce produit est enti\u00e8rement en aluminium moul\u00e9 sous pression et offre un sens in\u00e9gal\u00e9 de la finesse, de la robustesse et de la qualit\u00e9. Il est disponible dans diff\u00e9rentes options de montage, telles que le montage en surface, le montage suspendu et le montage sur tige. L&#039;Eleganza Max peut \u00eatre compl\u00e9t\u00e9 par plusieurs accessoires tels que le Snoot, le Pin-hole, le Glowing Ring ou le Hexcell Louver.\" \/>\n<meta name=\"robots\" content=\"index, follow, max-snippet:-1, max-image-preview:large, max-video-preview:-1\" \/>\n<link rel=\"canonical\" href=\"https:\/\/eralux.com\/fr\/produit\/ezm-wall-mount\/\" \/>\n<meta property=\"og:locale\" content=\"fr_FR\" \/>\n<meta property=\"og:type\" content=\"article\" \/>\n<meta property=\"og:title\" content=\"EZM WALL - MOUNT\" \/>\n<meta property=\"og:description\" content=\"La s\u00e9rie de suspensions Eleganza Max est une solution belle et \u00e9l\u00e9gante pour les plafonds ouverts, et elle a un design distinctif avec un corps en aluminium usin\u00e9. Ce produit est enti\u00e8rement en aluminium moul\u00e9 sous pression et offre un sens in\u00e9gal\u00e9 de la finesse, de la robustesse et de la qualit\u00e9. Il est disponible dans diff\u00e9rentes options de montage, telles que le montage en surface, le montage suspendu et le montage sur tige. L&#039;Eleganza Max peut \u00eatre compl\u00e9t\u00e9 par plusieurs accessoires tels que le Snoot, le Pin-hole, le Glowing Ring ou le Hexcell Louver.\" \/>\n<meta property=\"og:url\" content=\"https:\/\/eralux.com\/fr\/produit\/ezm-wall-mount\/\" \/>\n<meta property=\"og:site_name\" content=\"Eralux\" \/>\n<meta property=\"article:publisher\" content=\"https:\/\/www.facebook.com\/aeralux.corp\" \/>\n<meta property=\"article:modified_time\" content=\"2025-06-16T21:42:56+00:00\" \/>\n<meta property=\"og:image\" content=\"https:\/\/eralux.com\/wp-content\/uploads\/2024\/03\/CL0240R12-WM01_B.png\" \/>\n\t<meta property=\"og:image:width\" content=\"1000\" \/>\n\t<meta property=\"og:image:height\" content=\"1000\" \/>\n\t<meta property=\"og:image:type\" content=\"image\/png\" \/>\n<meta name=\"twitter:card\" content=\"summary_large_image\" \/>\n<meta name=\"twitter:site\" content=\"@eralux_inc\" \/>\n<meta name=\"twitter:label1\" content=\"Prix\" \/>\n\t<meta name=\"twitter:data1\" content=\"&#036;0.00\" \/>\n\t<meta name=\"twitter:label2\" content=\"Disponibilit\u00e9\" \/>\n\t<meta name=\"twitter:data2\" content=\"En stock\" \/>\n<script type=\"application\/ld+json\" class=\"yoast-schema-graph\">{\"@context\":\"https:\\\/\\\/schema.org\",\"@graph\":[{\"@type\":\"WebPage\",\"@id\":\"https:\\\/\\\/eralux.com\\\/fr\\\/produit\\\/ezm-wall-mount\\\/\",\"url\":\"https:\\\/\\\/eralux.com\\\/fr\\\/produit\\\/ezm-wall-mount\\\/\",\"name\":\"EZM WALL - MOUNT - Eralux\",\"isPartOf\":{\"@id\":\"https:\\\/\\\/eralux.com\\\/fr\\\/#website\"},\"primaryImageOfPage\":{\"@id\":\"https:\\\/\\\/eralux.com\\\/fr\\\/produit\\\/ezm-wall-mount\\\/#primaryimage\"},\"image\":{\"@id\":\"https:\\\/\\\/eralux.com\\\/fr\\\/produit\\\/ezm-wall-mount\\\/#primaryimage\"},\"thumbnailUrl\":\"https:\\\/\\\/eralux.com\\\/wp-content\\\/uploads\\\/2024\\\/03\\\/CL0240R12-WM01_B.png\",\"datePublished\":\"2024-03-18T19:09:40+00:00\",\"dateModified\":\"2025-06-16T21:42:56+00:00\",\"description\":\"La s\u00e9rie de suspensions Eleganza Max est une solution belle et \u00e9l\u00e9gante pour les plafonds ouverts, et elle a un design distinctif avec un corps en aluminium usin\u00e9. Ce produit est enti\u00e8rement en aluminium moul\u00e9 sous pression et offre un sens in\u00e9gal\u00e9 de la finesse, de la robustesse et de la qualit\u00e9. Il est disponible dans diff\u00e9rentes options de montage, telles que le montage en surface, le montage suspendu et le montage sur tige. L'Eleganza Max peut \u00eatre compl\u00e9t\u00e9 par plusieurs accessoires tels que le Snoot, le Pin-hole, le Glowing Ring ou le Hexcell Louver.\",\"breadcrumb\":{\"@id\":\"https:\\\/\\\/eralux.com\\\/fr\\\/produit\\\/ezm-wall-mount\\\/#breadcrumb\"},\"inLanguage\":\"fr-FR\",\"potentialAction\":[{\"@type\":\"ReadAction\",\"target\":[\"https:\\\/\\\/eralux.com\\\/fr\\\/produit\\\/ezm-wall-mount\\\/\"]}]},{\"@type\":\"ImageObject\",\"inLanguage\":\"fr-FR\",\"@id\":\"https:\\\/\\\/eralux.com\\\/fr\\\/produit\\\/ezm-wall-mount\\\/#primaryimage\",\"url\":\"https:\\\/\\\/eralux.com\\\/wp-content\\\/uploads\\\/2024\\\/03\\\/CL0240R12-WM01_B.png\",\"contentUrl\":\"https:\\\/\\\/eralux.com\\\/wp-content\\\/uploads\\\/2024\\\/03\\\/CL0240R12-WM01_B.png\",\"width\":1000,\"height\":1000},{\"@type\":\"BreadcrumbList\",\"@id\":\"https:\\\/\\\/eralux.com\\\/fr\\\/produit\\\/ezm-wall-mount\\\/#breadcrumb\",\"itemListElement\":[{\"@type\":\"ListItem\",\"position\":1,\"name\":\"Home\",\"item\":\"https:\\\/\\\/eralux.com\\\/fr\\\/\"},{\"@type\":\"ListItem\",\"position\":2,\"name\":\"Shop\",\"item\":\"https:\\\/\\\/eralux.com\\\/shop\\\/\"},{\"@type\":\"ListItem\",\"position\":3,\"name\":\"EZM WALL &#8211; MOUNT\"}]},{\"@type\":\"WebSite\",\"@id\":\"https:\\\/\\\/eralux.com\\\/fr\\\/#website\",\"url\":\"https:\\\/\\\/eralux.com\\\/fr\\\/\",\"name\":\"Eralux\",\"description\":\"World leader for Energy Saving LED Solutions\",\"publisher\":{\"@id\":\"https:\\\/\\\/eralux.com\\\/fr\\\/#organization\"},\"alternateName\":\"Led manufacturer Canada\",\"potentialAction\":[{\"@type\":\"SearchAction\",\"target\":{\"@type\":\"EntryPoint\",\"urlTemplate\":\"https:\\\/\\\/eralux.com\\\/fr\\\/?s={search_term_string}\"},\"query-input\":{\"@type\":\"PropertyValueSpecification\",\"valueRequired\":true,\"valueName\":\"search_term_string\"}}],\"inLanguage\":\"fr-FR\"},{\"@type\":\"Organization\",\"@id\":\"https:\\\/\\\/eralux.com\\\/fr\\\/#organization\",\"name\":\"Eralux\",\"url\":\"https:\\\/\\\/eralux.com\\\/fr\\\/\",\"logo\":{\"@type\":\"ImageObject\",\"inLanguage\":\"fr-FR\",\"@id\":\"https:\\\/\\\/eralux.com\\\/fr\\\/#\\\/schema\\\/logo\\\/image\\\/\",\"url\":\"https:\\\/\\\/eralux.com\\\/wp-content\\\/uploads\\\/2024\\\/01\\\/eralux-logo-trademark-R.png\",\"contentUrl\":\"https:\\\/\\\/eralux.com\\\/wp-content\\\/uploads\\\/2024\\\/01\\\/eralux-logo-trademark-R.png\",\"width\":1000,\"height\":446,\"caption\":\"Eralux\"},\"image\":{\"@id\":\"https:\\\/\\\/eralux.com\\\/fr\\\/#\\\/schema\\\/logo\\\/image\\\/\"},\"sameAs\":[\"https:\\\/\\\/www.facebook.com\\\/aeralux.corp\",\"https:\\\/\\\/x.com\\\/eralux_inc\"],\"description\":\"Save on energy with high-performance LED solutions. Choose Eralux for eco-friendly lighting. Explore our range today!\"}]}<\/script>\n<meta property=\"product:price:amount\" content=\"0.00\" \/>\n<meta property=\"product:price:currency\" content=\"CAD\" \/>\n<meta property=\"og:availability\" content=\"instock\" \/>\n<meta property=\"product:availability\" content=\"instock\" \/>\n<meta property=\"product:condition\" content=\"new\" \/>\n<!-- \/ Yoast SEO Premium plugin. -->","yoast_head_json":{"title":"EZM WALL - MOUNT - Eralux","description":"La s\u00e9rie de suspensions Eleganza Max est une solution belle et \u00e9l\u00e9gante pour les plafonds ouverts, et elle a un design distinctif avec un corps en aluminium usin\u00e9. Ce produit est enti\u00e8rement en aluminium moul\u00e9 sous pression et offre un sens in\u00e9gal\u00e9 de la finesse, de la robustesse et de la qualit\u00e9. Il est disponible dans diff\u00e9rentes options de montage, telles que le montage en surface, le montage suspendu et le montage sur tige. L'Eleganza Max peut \u00eatre compl\u00e9t\u00e9 par plusieurs accessoires tels que le Snoot, le Pin-hole, le Glowing Ring ou le Hexcell Louver.","robots":{"index":"index","follow":"follow","max-snippet":"max-snippet:-1","max-image-preview":"max-image-preview:large","max-video-preview":"max-video-preview:-1"},"canonical":"https:\/\/eralux.com\/fr\/produit\/ezm-wall-mount\/","og_locale":"fr_FR","og_type":"article","og_title":"EZM WALL - MOUNT","og_description":"La s\u00e9rie de suspensions Eleganza Max est une solution belle et \u00e9l\u00e9gante pour les plafonds ouverts, et elle a un design distinctif avec un corps en aluminium usin\u00e9. Ce produit est enti\u00e8rement en aluminium moul\u00e9 sous pression et offre un sens in\u00e9gal\u00e9 de la finesse, de la robustesse et de la qualit\u00e9. Il est disponible dans diff\u00e9rentes options de montage, telles que le montage en surface, le montage suspendu et le montage sur tige. L'Eleganza Max peut \u00eatre compl\u00e9t\u00e9 par plusieurs accessoires tels que le Snoot, le Pin-hole, le Glowing Ring ou le Hexcell Louver.","og_url":"https:\/\/eralux.com\/fr\/produit\/ezm-wall-mount\/","og_site_name":"Eralux","article_publisher":"https:\/\/www.facebook.com\/aeralux.corp","article_modified_time":"2025-06-16T21:42:56+00:00","og_image":[{"width":1000,"height":1000,"url":"https:\/\/eralux.com\/wp-content\/uploads\/2024\/03\/CL0240R12-WM01_B.png","type":"image\/png"}],"twitter_card":"summary_large_image","twitter_site":"@eralux_inc","twitter_misc":{"Prix":"&#36;0.00","Disponibilit\u00e9":"En stock"},"schema":{"@context":"https:\/\/schema.org","@graph":[{"@type":"WebPage","@id":"https:\/\/eralux.com\/fr\/produit\/ezm-wall-mount\/","url":"https:\/\/eralux.com\/fr\/produit\/ezm-wall-mount\/","name":"EZM WALL - MOUNT - Eralux","isPartOf":{"@id":"https:\/\/eralux.com\/fr\/#website"},"primaryImageOfPage":{"@id":"https:\/\/eralux.com\/fr\/produit\/ezm-wall-mount\/#primaryimage"},"image":{"@id":"https:\/\/eralux.com\/fr\/produit\/ezm-wall-mount\/#primaryimage"},"thumbnailUrl":"https:\/\/eralux.com\/wp-content\/uploads\/2024\/03\/CL0240R12-WM01_B.png","datePublished":"2024-03-18T19:09:40+00:00","dateModified":"2025-06-16T21:42:56+00:00","description":"La s\u00e9rie de suspensions Eleganza Max est une solution belle et \u00e9l\u00e9gante pour les plafonds ouverts, et elle a un design distinctif avec un corps en aluminium usin\u00e9. Ce produit est enti\u00e8rement en aluminium moul\u00e9 sous pression et offre un sens in\u00e9gal\u00e9 de la finesse, de la robustesse et de la qualit\u00e9. Il est disponible dans diff\u00e9rentes options de montage, telles que le montage en surface, le montage suspendu et le montage sur tige. L'Eleganza Max peut \u00eatre compl\u00e9t\u00e9 par plusieurs accessoires tels que le Snoot, le Pin-hole, le Glowing Ring ou le Hexcell Louver.","breadcrumb":{"@id":"https:\/\/eralux.com\/fr\/produit\/ezm-wall-mount\/#breadcrumb"},"inLanguage":"fr-FR","potentialAction":[{"@type":"ReadAction","target":["https:\/\/eralux.com\/fr\/produit\/ezm-wall-mount\/"]}]},{"@type":"ImageObject","inLanguage":"fr-FR","@id":"https:\/\/eralux.com\/fr\/produit\/ezm-wall-mount\/#primaryimage","url":"https:\/\/eralux.com\/wp-content\/uploads\/2024\/03\/CL0240R12-WM01_B.png","contentUrl":"https:\/\/eralux.com\/wp-content\/uploads\/2024\/03\/CL0240R12-WM01_B.png","width":1000,"height":1000},{"@type":"BreadcrumbList","@id":"https:\/\/eralux.com\/fr\/produit\/ezm-wall-mount\/#breadcrumb","itemListElement":[{"@type":"ListItem","position":1,"name":"Home","item":"https:\/\/eralux.com\/fr\/"},{"@type":"ListItem","position":2,"name":"Shop","item":"https:\/\/eralux.com\/shop\/"},{"@type":"ListItem","position":3,"name":"EZM WALL &#8211; MOUNT"}]},{"@type":"WebSite","@id":"https:\/\/eralux.com\/fr\/#website","url":"https:\/\/eralux.com\/fr\/","name":"Eralux","description":"World leader for Energy Saving LED Solutions","publisher":{"@id":"https:\/\/eralux.com\/fr\/#organization"},"alternateName":"Led manufacturer Canada","potentialAction":[{"@type":"SearchAction","target":{"@type":"EntryPoint","urlTemplate":"https:\/\/eralux.com\/fr\/?s={search_term_string}"},"query-input":{"@type":"PropertyValueSpecification","valueRequired":true,"valueName":"search_term_string"}}],"inLanguage":"fr-FR"},{"@type":"Organization","@id":"https:\/\/eralux.com\/fr\/#organization","name":"Eralux","url":"https:\/\/eralux.com\/fr\/","logo":{"@type":"ImageObject","inLanguage":"fr-FR","@id":"https:\/\/eralux.com\/fr\/#\/schema\/logo\/image\/","url":"https:\/\/eralux.com\/wp-content\/uploads\/2024\/01\/eralux-logo-trademark-R.png","contentUrl":"https:\/\/eralux.com\/wp-content\/uploads\/2024\/01\/eralux-logo-trademark-R.png","width":1000,"height":446,"caption":"Eralux"},"image":{"@id":"https:\/\/eralux.com\/fr\/#\/schema\/logo\/image\/"},"sameAs":["https:\/\/www.facebook.com\/aeralux.corp","https:\/\/x.com\/eralux_inc"],"description":"Save on energy with high-performance LED solutions. Choose Eralux for eco-friendly lighting. Explore our range today!"}]},"product_price_amount":"0.00","product_price_currency":"CAD","og_availability":"instock","product_availability":"instock","product_condition":"new"},"_links":{"self":[{"href":"https:\/\/eralux.com\/fr\/wp-json\/wp\/v2\/product\/10155","targetHints":{"allow":["GET"]}}],"collection":[{"href":"https:\/\/eralux.com\/fr\/wp-json\/wp\/v2\/product"}],"about":[{"href":"https:\/\/eralux.com\/fr\/wp-json\/wp\/v2\/types\/product"}],"replies":[{"embeddable":true,"href":"https:\/\/eralux.com\/fr\/wp-json\/wp\/v2\/comments?post=10155"}],"wp:featuredmedia":[{"embeddable":true,"href":"https:\/\/eralux.com\/fr\/wp-json\/wp\/v2\/media\/10163"}],"wp:attachment":[{"href":"https:\/\/eralux.com\/fr\/wp-json\/wp\/v2\/media?parent=10155"}],"wp:term":[{"taxonomy":"product_brand","embeddable":true,"href":"https:\/\/eralux.com\/fr\/wp-json\/wp\/v2\/product_brand?post=10155"},{"taxonomy":"product_cat","embeddable":true,"href":"https:\/\/eralux.com\/fr\/wp-json\/wp\/v2\/product_cat?post=10155"},{"taxonomy":"product_tag","embeddable":true,"href":"https:\/\/eralux.com\/fr\/wp-json\/wp\/v2\/product_tag?post=10155"}],"curies":[{"name":"wp","href":"https:\/\/api.w.org\/{rel}","templated":true}]}}