{"id":10200,"date":"2024-03-18T21:20:06","date_gmt":"2024-03-18T21:20:06","guid":{"rendered":"https:\/\/eralux.com\/?post_type=product&#038;p=10200"},"modified":"2024-03-19T13:54:42","modified_gmt":"2024-03-19T13:54:42","slug":"exita-cr-7110","status":"publish","type":"product","link":"https:\/\/eralux.com\/fr\/produit\/exita-cr-7110\/","title":{"rendered":"EXITA CR-7110"},"content":{"rendered":"<p>Le CR-7110 est \u00e9quip\u00e9 de LED haute intensit\u00e9 \u00e0 longue dur\u00e9e de vie, il est encastr\u00e9 dans un bo\u00eetier en ABS thermoplastique r\u00e9sistant au feu, tout en fonctionnant dans des endroits humides. Il est con\u00e7u pour des applications ext\u00e9rieures et convient aux endroits humides. Il peut \u00eatre simple ou double face avec des lettres rouges ou vertes.<\/p>\n","protected":false},"excerpt":{"rendered":"<p>\u00c9clairage de secours<\/p>\n","protected":false},"featured_media":10207,"comment_status":"open","ping_status":"closed","template":"","meta":{"inline_featured_image":false},"product_brand":[],"product_cat":[1954],"product_tag":[],"class_list":{"0":"post-10200","1":"product","2":"type-product","3":"status-publish","4":"has-post-thumbnail","6":"product_applications-education-fr","7":"product_applications-sante","8":"product_applications-hotellerie","9":"product_applications-industriel","10":"product_segments-panneaux-de-sortie-avec-lettres","11":"product_segments-urgence","12":"product_cat-cr-7110-fr","14":"first","15":"instock","16":"shipping-taxable","17":"purchasable","18":"product-type-simple"},"yoast_head":"<!-- This site is optimized with the Yoast SEO Premium plugin v24.2 (Yoast SEO v27.5) - https:\/\/yoast.com\/product\/yoast-seo-premium-wordpress\/ -->\n<title>EXITA CR-7110 - Eralux<\/title>\n<meta name=\"description\" content=\"Le CR-7110 est \u00e9quip\u00e9 de LED haute intensit\u00e9 \u00e0 longue dur\u00e9e de vie, il est encastr\u00e9 dans un bo\u00eetier en ABS thermoplastique r\u00e9sistant au feu, tout en fonctionnant dans des endroits humides. Il est con\u00e7u pour des applications ext\u00e9rieures et convient aux endroits humides. Il peut \u00eatre simple ou double face avec des lettres rouges ou vertes.\" \/>\n<meta name=\"robots\" content=\"index, follow, max-snippet:-1, max-image-preview:large, max-video-preview:-1\" \/>\n<link rel=\"canonical\" href=\"https:\/\/eralux.com\/fr\/produit\/exita-cr-7110\/\" \/>\n<meta property=\"og:locale\" content=\"fr_FR\" \/>\n<meta property=\"og:type\" content=\"article\" \/>\n<meta property=\"og:title\" content=\"EXITA CR-7110\" \/>\n<meta property=\"og:description\" content=\"Le CR-7110 est \u00e9quip\u00e9 de LED haute intensit\u00e9 \u00e0 longue dur\u00e9e de vie, il est encastr\u00e9 dans un bo\u00eetier en ABS thermoplastique r\u00e9sistant au feu, tout en fonctionnant dans des endroits humides. Il est con\u00e7u pour des applications ext\u00e9rieures et convient aux endroits humides. Il peut \u00eatre simple ou double face avec des lettres rouges ou vertes.\" \/>\n<meta property=\"og:url\" content=\"https:\/\/eralux.com\/fr\/produit\/exita-cr-7110\/\" \/>\n<meta property=\"og:site_name\" content=\"Eralux\" \/>\n<meta property=\"article:publisher\" content=\"https:\/\/www.facebook.com\/aeralux.corp\" \/>\n<meta property=\"article:modified_time\" content=\"2024-03-19T13:54:42+00:00\" \/>\n<meta property=\"og:image\" content=\"https:\/\/eralux.com\/wp-content\/uploads\/2024\/03\/7110R.png\" \/>\n\t<meta property=\"og:image:width\" content=\"1000\" \/>\n\t<meta property=\"og:image:height\" content=\"1000\" \/>\n\t<meta property=\"og:image:type\" content=\"image\/png\" \/>\n<meta name=\"twitter:card\" content=\"summary_large_image\" \/>\n<meta name=\"twitter:site\" content=\"@eralux_inc\" \/>\n<meta name=\"twitter:label1\" content=\"Prix\" \/>\n\t<meta name=\"twitter:data1\" content=\"&#036;0.00\" \/>\n\t<meta name=\"twitter:label2\" content=\"Disponibilit\u00e9\" \/>\n\t<meta name=\"twitter:data2\" content=\"En stock\" \/>\n<script type=\"application\/ld+json\" class=\"yoast-schema-graph\">{\"@context\":\"https:\\\/\\\/schema.org\",\"@graph\":[{\"@type\":\"WebPage\",\"@id\":\"https:\\\/\\\/eralux.com\\\/fr\\\/produit\\\/exita-cr-7110\\\/\",\"url\":\"https:\\\/\\\/eralux.com\\\/fr\\\/produit\\\/exita-cr-7110\\\/\",\"name\":\"EXITA CR-7110 - Eralux\",\"isPartOf\":{\"@id\":\"https:\\\/\\\/eralux.com\\\/fr\\\/#website\"},\"primaryImageOfPage\":{\"@id\":\"https:\\\/\\\/eralux.com\\\/fr\\\/produit\\\/exita-cr-7110\\\/#primaryimage\"},\"image\":{\"@id\":\"https:\\\/\\\/eralux.com\\\/fr\\\/produit\\\/exita-cr-7110\\\/#primaryimage\"},\"thumbnailUrl\":\"https:\\\/\\\/eralux.com\\\/wp-content\\\/uploads\\\/2024\\\/03\\\/7110R.png\",\"datePublished\":\"2024-03-18T21:20:06+00:00\",\"dateModified\":\"2024-03-19T13:54:42+00:00\",\"description\":\"Le CR-7110 est \u00e9quip\u00e9 de LED haute intensit\u00e9 \u00e0 longue dur\u00e9e de vie, il est encastr\u00e9 dans un bo\u00eetier en ABS thermoplastique r\u00e9sistant au feu, tout en fonctionnant dans des endroits humides. Il est con\u00e7u pour des applications ext\u00e9rieures et convient aux endroits humides. Il peut \u00eatre simple ou double face avec des lettres rouges ou vertes.\",\"breadcrumb\":{\"@id\":\"https:\\\/\\\/eralux.com\\\/fr\\\/produit\\\/exita-cr-7110\\\/#breadcrumb\"},\"inLanguage\":\"fr-FR\",\"potentialAction\":[{\"@type\":\"ReadAction\",\"target\":[\"https:\\\/\\\/eralux.com\\\/fr\\\/produit\\\/exita-cr-7110\\\/\"]}]},{\"@type\":\"ImageObject\",\"inLanguage\":\"fr-FR\",\"@id\":\"https:\\\/\\\/eralux.com\\\/fr\\\/produit\\\/exita-cr-7110\\\/#primaryimage\",\"url\":\"https:\\\/\\\/eralux.com\\\/wp-content\\\/uploads\\\/2024\\\/03\\\/7110R.png\",\"contentUrl\":\"https:\\\/\\\/eralux.com\\\/wp-content\\\/uploads\\\/2024\\\/03\\\/7110R.png\",\"width\":1000,\"height\":1000},{\"@type\":\"BreadcrumbList\",\"@id\":\"https:\\\/\\\/eralux.com\\\/fr\\\/produit\\\/exita-cr-7110\\\/#breadcrumb\",\"itemListElement\":[{\"@type\":\"ListItem\",\"position\":1,\"name\":\"Home\",\"item\":\"https:\\\/\\\/eralux.com\\\/fr\\\/\"},{\"@type\":\"ListItem\",\"position\":2,\"name\":\"Shop\",\"item\":\"https:\\\/\\\/eralux.com\\\/shop\\\/\"},{\"@type\":\"ListItem\",\"position\":3,\"name\":\"EXITA CR-7110\"}]},{\"@type\":\"WebSite\",\"@id\":\"https:\\\/\\\/eralux.com\\\/fr\\\/#website\",\"url\":\"https:\\\/\\\/eralux.com\\\/fr\\\/\",\"name\":\"Eralux\",\"description\":\"World leader for Energy Saving LED Solutions\",\"publisher\":{\"@id\":\"https:\\\/\\\/eralux.com\\\/fr\\\/#organization\"},\"alternateName\":\"Led manufacturer Canada\",\"potentialAction\":[{\"@type\":\"SearchAction\",\"target\":{\"@type\":\"EntryPoint\",\"urlTemplate\":\"https:\\\/\\\/eralux.com\\\/fr\\\/?s={search_term_string}\"},\"query-input\":{\"@type\":\"PropertyValueSpecification\",\"valueRequired\":true,\"valueName\":\"search_term_string\"}}],\"inLanguage\":\"fr-FR\"},{\"@type\":\"Organization\",\"@id\":\"https:\\\/\\\/eralux.com\\\/fr\\\/#organization\",\"name\":\"Eralux\",\"url\":\"https:\\\/\\\/eralux.com\\\/fr\\\/\",\"logo\":{\"@type\":\"ImageObject\",\"inLanguage\":\"fr-FR\",\"@id\":\"https:\\\/\\\/eralux.com\\\/fr\\\/#\\\/schema\\\/logo\\\/image\\\/\",\"url\":\"https:\\\/\\\/eralux.com\\\/wp-content\\\/uploads\\\/2024\\\/01\\\/eralux-logo-trademark-R.png\",\"contentUrl\":\"https:\\\/\\\/eralux.com\\\/wp-content\\\/uploads\\\/2024\\\/01\\\/eralux-logo-trademark-R.png\",\"width\":1000,\"height\":446,\"caption\":\"Eralux\"},\"image\":{\"@id\":\"https:\\\/\\\/eralux.com\\\/fr\\\/#\\\/schema\\\/logo\\\/image\\\/\"},\"sameAs\":[\"https:\\\/\\\/www.facebook.com\\\/aeralux.corp\",\"https:\\\/\\\/x.com\\\/eralux_inc\"],\"description\":\"Save on energy with high-performance LED solutions. Choose Eralux for eco-friendly lighting. Explore our range today!\"}]}<\/script>\n<meta property=\"product:price:amount\" content=\"0.00\" \/>\n<meta property=\"product:price:currency\" content=\"CAD\" \/>\n<meta property=\"og:availability\" content=\"instock\" \/>\n<meta property=\"product:availability\" content=\"instock\" \/>\n<meta property=\"product:condition\" content=\"new\" \/>\n<!-- \/ Yoast SEO Premium plugin. -->","yoast_head_json":{"title":"EXITA CR-7110 - Eralux","description":"Le CR-7110 est \u00e9quip\u00e9 de LED haute intensit\u00e9 \u00e0 longue dur\u00e9e de vie, il est encastr\u00e9 dans un bo\u00eetier en ABS thermoplastique r\u00e9sistant au feu, tout en fonctionnant dans des endroits humides. Il est con\u00e7u pour des applications ext\u00e9rieures et convient aux endroits humides. Il peut \u00eatre simple ou double face avec des lettres rouges ou vertes.","robots":{"index":"index","follow":"follow","max-snippet":"max-snippet:-1","max-image-preview":"max-image-preview:large","max-video-preview":"max-video-preview:-1"},"canonical":"https:\/\/eralux.com\/fr\/produit\/exita-cr-7110\/","og_locale":"fr_FR","og_type":"article","og_title":"EXITA CR-7110","og_description":"Le CR-7110 est \u00e9quip\u00e9 de LED haute intensit\u00e9 \u00e0 longue dur\u00e9e de vie, il est encastr\u00e9 dans un bo\u00eetier en ABS thermoplastique r\u00e9sistant au feu, tout en fonctionnant dans des endroits humides. Il est con\u00e7u pour des applications ext\u00e9rieures et convient aux endroits humides. Il peut \u00eatre simple ou double face avec des lettres rouges ou vertes.","og_url":"https:\/\/eralux.com\/fr\/produit\/exita-cr-7110\/","og_site_name":"Eralux","article_publisher":"https:\/\/www.facebook.com\/aeralux.corp","article_modified_time":"2024-03-19T13:54:42+00:00","og_image":[{"width":1000,"height":1000,"url":"https:\/\/eralux.com\/wp-content\/uploads\/2024\/03\/7110R.png","type":"image\/png"}],"twitter_card":"summary_large_image","twitter_site":"@eralux_inc","twitter_misc":{"Prix":"&#36;0.00","Disponibilit\u00e9":"En stock"},"schema":{"@context":"https:\/\/schema.org","@graph":[{"@type":"WebPage","@id":"https:\/\/eralux.com\/fr\/produit\/exita-cr-7110\/","url":"https:\/\/eralux.com\/fr\/produit\/exita-cr-7110\/","name":"EXITA CR-7110 - Eralux","isPartOf":{"@id":"https:\/\/eralux.com\/fr\/#website"},"primaryImageOfPage":{"@id":"https:\/\/eralux.com\/fr\/produit\/exita-cr-7110\/#primaryimage"},"image":{"@id":"https:\/\/eralux.com\/fr\/produit\/exita-cr-7110\/#primaryimage"},"thumbnailUrl":"https:\/\/eralux.com\/wp-content\/uploads\/2024\/03\/7110R.png","datePublished":"2024-03-18T21:20:06+00:00","dateModified":"2024-03-19T13:54:42+00:00","description":"Le CR-7110 est \u00e9quip\u00e9 de LED haute intensit\u00e9 \u00e0 longue dur\u00e9e de vie, il est encastr\u00e9 dans un bo\u00eetier en ABS thermoplastique r\u00e9sistant au feu, tout en fonctionnant dans des endroits humides. Il est con\u00e7u pour des applications ext\u00e9rieures et convient aux endroits humides. Il peut \u00eatre simple ou double face avec des lettres rouges ou vertes.","breadcrumb":{"@id":"https:\/\/eralux.com\/fr\/produit\/exita-cr-7110\/#breadcrumb"},"inLanguage":"fr-FR","potentialAction":[{"@type":"ReadAction","target":["https:\/\/eralux.com\/fr\/produit\/exita-cr-7110\/"]}]},{"@type":"ImageObject","inLanguage":"fr-FR","@id":"https:\/\/eralux.com\/fr\/produit\/exita-cr-7110\/#primaryimage","url":"https:\/\/eralux.com\/wp-content\/uploads\/2024\/03\/7110R.png","contentUrl":"https:\/\/eralux.com\/wp-content\/uploads\/2024\/03\/7110R.png","width":1000,"height":1000},{"@type":"BreadcrumbList","@id":"https:\/\/eralux.com\/fr\/produit\/exita-cr-7110\/#breadcrumb","itemListElement":[{"@type":"ListItem","position":1,"name":"Home","item":"https:\/\/eralux.com\/fr\/"},{"@type":"ListItem","position":2,"name":"Shop","item":"https:\/\/eralux.com\/shop\/"},{"@type":"ListItem","position":3,"name":"EXITA CR-7110"}]},{"@type":"WebSite","@id":"https:\/\/eralux.com\/fr\/#website","url":"https:\/\/eralux.com\/fr\/","name":"Eralux","description":"World leader for Energy Saving LED Solutions","publisher":{"@id":"https:\/\/eralux.com\/fr\/#organization"},"alternateName":"Led manufacturer Canada","potentialAction":[{"@type":"SearchAction","target":{"@type":"EntryPoint","urlTemplate":"https:\/\/eralux.com\/fr\/?s={search_term_string}"},"query-input":{"@type":"PropertyValueSpecification","valueRequired":true,"valueName":"search_term_string"}}],"inLanguage":"fr-FR"},{"@type":"Organization","@id":"https:\/\/eralux.com\/fr\/#organization","name":"Eralux","url":"https:\/\/eralux.com\/fr\/","logo":{"@type":"ImageObject","inLanguage":"fr-FR","@id":"https:\/\/eralux.com\/fr\/#\/schema\/logo\/image\/","url":"https:\/\/eralux.com\/wp-content\/uploads\/2024\/01\/eralux-logo-trademark-R.png","contentUrl":"https:\/\/eralux.com\/wp-content\/uploads\/2024\/01\/eralux-logo-trademark-R.png","width":1000,"height":446,"caption":"Eralux"},"image":{"@id":"https:\/\/eralux.com\/fr\/#\/schema\/logo\/image\/"},"sameAs":["https:\/\/www.facebook.com\/aeralux.corp","https:\/\/x.com\/eralux_inc"],"description":"Save on energy with high-performance LED solutions. Choose Eralux for eco-friendly lighting. Explore our range today!"}]},"product_price_amount":"0.00","product_price_currency":"CAD","og_availability":"instock","product_availability":"instock","product_condition":"new"},"_links":{"self":[{"href":"https:\/\/eralux.com\/fr\/wp-json\/wp\/v2\/product\/10200","targetHints":{"allow":["GET"]}}],"collection":[{"href":"https:\/\/eralux.com\/fr\/wp-json\/wp\/v2\/product"}],"about":[{"href":"https:\/\/eralux.com\/fr\/wp-json\/wp\/v2\/types\/product"}],"replies":[{"embeddable":true,"href":"https:\/\/eralux.com\/fr\/wp-json\/wp\/v2\/comments?post=10200"}],"wp:featuredmedia":[{"embeddable":true,"href":"https:\/\/eralux.com\/fr\/wp-json\/wp\/v2\/media\/10207"}],"wp:attachment":[{"href":"https:\/\/eralux.com\/fr\/wp-json\/wp\/v2\/media?parent=10200"}],"wp:term":[{"taxonomy":"product_brand","embeddable":true,"href":"https:\/\/eralux.com\/fr\/wp-json\/wp\/v2\/product_brand?post=10200"},{"taxonomy":"product_cat","embeddable":true,"href":"https:\/\/eralux.com\/fr\/wp-json\/wp\/v2\/product_cat?post=10200"},{"taxonomy":"product_tag","embeddable":true,"href":"https:\/\/eralux.com\/fr\/wp-json\/wp\/v2\/product_tag?post=10200"}],"curies":[{"name":"wp","href":"https:\/\/api.w.org\/{rel}","templated":true}]}}