{"id":10843,"date":"2024-05-13T15:33:49","date_gmt":"2024-05-13T15:33:49","guid":{"rendered":"https:\/\/eralux.com\/?post_type=product&#038;p=10843"},"modified":"2025-08-06T21:59:19","modified_gmt":"2025-08-06T21:59:19","slug":"tron","status":"publish","type":"product","link":"https:\/\/eralux.com\/fr\/produit\/tron\/","title":{"rendered":"TRON"},"content":{"rendered":"<p>Le luminaire ext\u00e9rieur Tron est con\u00e7u comme un luminaire de parking, directement personnalisable dans une vari\u00e9t\u00e9 d&#8217;options de puissance et de CCT pour r\u00e9pondre aux besoins de votre application d&#8217;\u00e9clairage. La lentille incurv\u00e9e pr\u00e9sente un faisceau de 150\u02da avec des r\u00e9flecteurs \u00e0 haute r\u00e9flectivit\u00e9 lumineuse. Sa conception robuste et durable lui permet de r\u00e9sister aux \u00e9l\u00e9ments ext\u00e9rieurs, quel que soit l&#8217;endroit o\u00f9 il est plac\u00e9.<\/p>\n","protected":false},"excerpt":{"rendered":"<p>Outdoor Canopy Light<\/p>\n","protected":false},"featured_media":10860,"comment_status":"open","ping_status":"closed","template":"","meta":{"inline_featured_image":false},"product_brand":[],"product_cat":[1975],"product_tag":[],"class_list":{"0":"post-10843","1":"product","2":"type-product","3":"status-publish","4":"has-post-thumbnail","6":"spec_sheets-rg-h-fr","7":"spec_sheets-mv-fr","8":"spec_sheets-efficiency-fr","9":"spec_sheets-tcp-fr","10":"spec_sheets-u-fr-3","11":"spec_sheets-wh-fr-2","12":"spec_sheets-ms-fr-3","13":"spec_sheets-bz-fr","14":"spec_sheets-p-fr-2","15":"spec_sheets-cct-fr","16":"spec_sheets-controles","17":"spec_sheets-finition","18":"spec_sheets-tension-dentree","19":"spec_sheets-montage","20":"spec_sheets-puissance","21":"spec_sheets-80w-fr","22":"product_applications-parking","23":"product_applications-garage-fr","24":"product_segments-exterieur","25":"product_segments-lumiere-dauvent","26":"product_cat-ae-od-tr-fr","28":"first","29":"instock","30":"shipping-taxable","31":"purchasable","32":"product-type-simple"},"yoast_head":"<!-- This site is optimized with the Yoast SEO Premium plugin v24.2 (Yoast SEO v27.4) - https:\/\/yoast.com\/product\/yoast-seo-premium-wordpress\/ -->\n<title>TRON - Eralux<\/title>\n<meta name=\"description\" content=\"Le luminaire ext\u00e9rieur Tron est con\u00e7u comme un luminaire de parking, directement personnalisable dans une vari\u00e9t\u00e9 d&#039;options de puissance et de CCT pour r\u00e9pondre aux besoins de votre application d&#039;\u00e9clairage. La lentille incurv\u00e9e pr\u00e9sente un faisceau de 150\u02da avec des r\u00e9flecteurs \u00e0 haute r\u00e9flectivit\u00e9 lumineuse. Sa conception robuste et durable lui permet de r\u00e9sister aux \u00e9l\u00e9ments ext\u00e9rieurs, quel que soit l&#039;endroit o\u00f9 il est plac\u00e9.\" \/>\n<meta name=\"robots\" content=\"index, follow, max-snippet:-1, max-image-preview:large, max-video-preview:-1\" \/>\n<link rel=\"canonical\" href=\"https:\/\/eralux.com\/fr\/produit\/tron\/\" \/>\n<meta property=\"og:locale\" content=\"fr_FR\" \/>\n<meta property=\"og:type\" content=\"article\" \/>\n<meta property=\"og:title\" content=\"TRON\" \/>\n<meta property=\"og:description\" content=\"Le luminaire ext\u00e9rieur Tron est con\u00e7u comme un luminaire de parking, directement personnalisable dans une vari\u00e9t\u00e9 d&#039;options de puissance et de CCT pour r\u00e9pondre aux besoins de votre application d&#039;\u00e9clairage. La lentille incurv\u00e9e pr\u00e9sente un faisceau de 150\u02da avec des r\u00e9flecteurs \u00e0 haute r\u00e9flectivit\u00e9 lumineuse. Sa conception robuste et durable lui permet de r\u00e9sister aux \u00e9l\u00e9ments ext\u00e9rieurs, quel que soit l&#039;endroit o\u00f9 il est plac\u00e9.\" \/>\n<meta property=\"og:url\" content=\"https:\/\/eralux.com\/fr\/produit\/tron\/\" \/>\n<meta property=\"og:site_name\" content=\"Eralux\" \/>\n<meta property=\"article:publisher\" content=\"https:\/\/www.facebook.com\/aeralux.corp\" \/>\n<meta property=\"article:modified_time\" content=\"2025-08-06T21:59:19+00:00\" \/>\n<meta property=\"og:image\" content=\"https:\/\/eralux.com\/wp-content\/uploads\/2024\/05\/tron-3.png\" \/>\n\t<meta property=\"og:image:width\" content=\"1000\" \/>\n\t<meta property=\"og:image:height\" content=\"1000\" \/>\n\t<meta property=\"og:image:type\" content=\"image\/png\" \/>\n<meta name=\"twitter:card\" content=\"summary_large_image\" \/>\n<meta name=\"twitter:site\" content=\"@eralux_inc\" \/>\n<meta name=\"twitter:label1\" content=\"Prix\" \/>\n\t<meta name=\"twitter:data1\" content=\"&#036;0.00\" \/>\n\t<meta name=\"twitter:label2\" content=\"Disponibilit\u00e9\" \/>\n\t<meta name=\"twitter:data2\" content=\"En stock\" \/>\n<script type=\"application\/ld+json\" class=\"yoast-schema-graph\">{\"@context\":\"https:\\\/\\\/schema.org\",\"@graph\":[{\"@type\":\"WebPage\",\"@id\":\"https:\\\/\\\/eralux.com\\\/fr\\\/produit\\\/tron\\\/\",\"url\":\"https:\\\/\\\/eralux.com\\\/fr\\\/produit\\\/tron\\\/\",\"name\":\"TRON - Eralux\",\"isPartOf\":{\"@id\":\"https:\\\/\\\/eralux.com\\\/fr\\\/#website\"},\"primaryImageOfPage\":{\"@id\":\"https:\\\/\\\/eralux.com\\\/fr\\\/produit\\\/tron\\\/#primaryimage\"},\"image\":{\"@id\":\"https:\\\/\\\/eralux.com\\\/fr\\\/produit\\\/tron\\\/#primaryimage\"},\"thumbnailUrl\":\"https:\\\/\\\/eralux.com\\\/wp-content\\\/uploads\\\/2024\\\/05\\\/tron-3.png\",\"datePublished\":\"2024-05-13T15:33:49+00:00\",\"dateModified\":\"2025-08-06T21:59:19+00:00\",\"description\":\"Le luminaire ext\u00e9rieur Tron est con\u00e7u comme un luminaire de parking, directement personnalisable dans une vari\u00e9t\u00e9 d'options de puissance et de CCT pour r\u00e9pondre aux besoins de votre application d'\u00e9clairage. La lentille incurv\u00e9e pr\u00e9sente un faisceau de 150\u02da avec des r\u00e9flecteurs \u00e0 haute r\u00e9flectivit\u00e9 lumineuse. Sa conception robuste et durable lui permet de r\u00e9sister aux \u00e9l\u00e9ments ext\u00e9rieurs, quel que soit l'endroit o\u00f9 il est plac\u00e9.\",\"breadcrumb\":{\"@id\":\"https:\\\/\\\/eralux.com\\\/fr\\\/produit\\\/tron\\\/#breadcrumb\"},\"inLanguage\":\"fr-FR\",\"potentialAction\":[{\"@type\":\"ReadAction\",\"target\":[\"https:\\\/\\\/eralux.com\\\/fr\\\/produit\\\/tron\\\/\"]}]},{\"@type\":\"ImageObject\",\"inLanguage\":\"fr-FR\",\"@id\":\"https:\\\/\\\/eralux.com\\\/fr\\\/produit\\\/tron\\\/#primaryimage\",\"url\":\"https:\\\/\\\/eralux.com\\\/wp-content\\\/uploads\\\/2024\\\/05\\\/tron-3.png\",\"contentUrl\":\"https:\\\/\\\/eralux.com\\\/wp-content\\\/uploads\\\/2024\\\/05\\\/tron-3.png\",\"width\":1000,\"height\":1000},{\"@type\":\"BreadcrumbList\",\"@id\":\"https:\\\/\\\/eralux.com\\\/fr\\\/produit\\\/tron\\\/#breadcrumb\",\"itemListElement\":[{\"@type\":\"ListItem\",\"position\":1,\"name\":\"Home\",\"item\":\"https:\\\/\\\/eralux.com\\\/fr\\\/\"},{\"@type\":\"ListItem\",\"position\":2,\"name\":\"Shop\",\"item\":\"https:\\\/\\\/eralux.com\\\/shop\\\/\"},{\"@type\":\"ListItem\",\"position\":3,\"name\":\"TRON\"}]},{\"@type\":\"WebSite\",\"@id\":\"https:\\\/\\\/eralux.com\\\/fr\\\/#website\",\"url\":\"https:\\\/\\\/eralux.com\\\/fr\\\/\",\"name\":\"Eralux\",\"description\":\"World leader for Energy Saving LED Solutions\",\"publisher\":{\"@id\":\"https:\\\/\\\/eralux.com\\\/fr\\\/#organization\"},\"alternateName\":\"Led manufacturer Canada\",\"potentialAction\":[{\"@type\":\"SearchAction\",\"target\":{\"@type\":\"EntryPoint\",\"urlTemplate\":\"https:\\\/\\\/eralux.com\\\/fr\\\/?s={search_term_string}\"},\"query-input\":{\"@type\":\"PropertyValueSpecification\",\"valueRequired\":true,\"valueName\":\"search_term_string\"}}],\"inLanguage\":\"fr-FR\"},{\"@type\":\"Organization\",\"@id\":\"https:\\\/\\\/eralux.com\\\/fr\\\/#organization\",\"name\":\"Eralux\",\"url\":\"https:\\\/\\\/eralux.com\\\/fr\\\/\",\"logo\":{\"@type\":\"ImageObject\",\"inLanguage\":\"fr-FR\",\"@id\":\"https:\\\/\\\/eralux.com\\\/fr\\\/#\\\/schema\\\/logo\\\/image\\\/\",\"url\":\"https:\\\/\\\/eralux.com\\\/wp-content\\\/uploads\\\/2024\\\/01\\\/eralux-logo-trademark-R.png\",\"contentUrl\":\"https:\\\/\\\/eralux.com\\\/wp-content\\\/uploads\\\/2024\\\/01\\\/eralux-logo-trademark-R.png\",\"width\":1000,\"height\":446,\"caption\":\"Eralux\"},\"image\":{\"@id\":\"https:\\\/\\\/eralux.com\\\/fr\\\/#\\\/schema\\\/logo\\\/image\\\/\"},\"sameAs\":[\"https:\\\/\\\/www.facebook.com\\\/aeralux.corp\",\"https:\\\/\\\/x.com\\\/eralux_inc\"],\"description\":\"Save on energy with high-performance LED solutions. Choose Eralux for eco-friendly lighting. Explore our range today!\"}]}<\/script>\n<meta property=\"product:price:amount\" content=\"0.00\" \/>\n<meta property=\"product:price:currency\" content=\"CAD\" \/>\n<meta property=\"og:availability\" content=\"instock\" \/>\n<meta property=\"product:availability\" content=\"instock\" \/>\n<meta property=\"product:condition\" content=\"new\" \/>\n<!-- \/ Yoast SEO Premium plugin. -->","yoast_head_json":{"title":"TRON - Eralux","description":"Le luminaire ext\u00e9rieur Tron est con\u00e7u comme un luminaire de parking, directement personnalisable dans une vari\u00e9t\u00e9 d'options de puissance et de CCT pour r\u00e9pondre aux besoins de votre application d'\u00e9clairage. La lentille incurv\u00e9e pr\u00e9sente un faisceau de 150\u02da avec des r\u00e9flecteurs \u00e0 haute r\u00e9flectivit\u00e9 lumineuse. Sa conception robuste et durable lui permet de r\u00e9sister aux \u00e9l\u00e9ments ext\u00e9rieurs, quel que soit l'endroit o\u00f9 il est plac\u00e9.","robots":{"index":"index","follow":"follow","max-snippet":"max-snippet:-1","max-image-preview":"max-image-preview:large","max-video-preview":"max-video-preview:-1"},"canonical":"https:\/\/eralux.com\/fr\/produit\/tron\/","og_locale":"fr_FR","og_type":"article","og_title":"TRON","og_description":"Le luminaire ext\u00e9rieur Tron est con\u00e7u comme un luminaire de parking, directement personnalisable dans une vari\u00e9t\u00e9 d'options de puissance et de CCT pour r\u00e9pondre aux besoins de votre application d'\u00e9clairage. La lentille incurv\u00e9e pr\u00e9sente un faisceau de 150\u02da avec des r\u00e9flecteurs \u00e0 haute r\u00e9flectivit\u00e9 lumineuse. Sa conception robuste et durable lui permet de r\u00e9sister aux \u00e9l\u00e9ments ext\u00e9rieurs, quel que soit l'endroit o\u00f9 il est plac\u00e9.","og_url":"https:\/\/eralux.com\/fr\/produit\/tron\/","og_site_name":"Eralux","article_publisher":"https:\/\/www.facebook.com\/aeralux.corp","article_modified_time":"2025-08-06T21:59:19+00:00","og_image":[{"width":1000,"height":1000,"url":"https:\/\/eralux.com\/wp-content\/uploads\/2024\/05\/tron-3.png","type":"image\/png"}],"twitter_card":"summary_large_image","twitter_site":"@eralux_inc","twitter_misc":{"Prix":"&#36;0.00","Disponibilit\u00e9":"En stock"},"schema":{"@context":"https:\/\/schema.org","@graph":[{"@type":"WebPage","@id":"https:\/\/eralux.com\/fr\/produit\/tron\/","url":"https:\/\/eralux.com\/fr\/produit\/tron\/","name":"TRON - Eralux","isPartOf":{"@id":"https:\/\/eralux.com\/fr\/#website"},"primaryImageOfPage":{"@id":"https:\/\/eralux.com\/fr\/produit\/tron\/#primaryimage"},"image":{"@id":"https:\/\/eralux.com\/fr\/produit\/tron\/#primaryimage"},"thumbnailUrl":"https:\/\/eralux.com\/wp-content\/uploads\/2024\/05\/tron-3.png","datePublished":"2024-05-13T15:33:49+00:00","dateModified":"2025-08-06T21:59:19+00:00","description":"Le luminaire ext\u00e9rieur Tron est con\u00e7u comme un luminaire de parking, directement personnalisable dans une vari\u00e9t\u00e9 d'options de puissance et de CCT pour r\u00e9pondre aux besoins de votre application d'\u00e9clairage. La lentille incurv\u00e9e pr\u00e9sente un faisceau de 150\u02da avec des r\u00e9flecteurs \u00e0 haute r\u00e9flectivit\u00e9 lumineuse. Sa conception robuste et durable lui permet de r\u00e9sister aux \u00e9l\u00e9ments ext\u00e9rieurs, quel que soit l'endroit o\u00f9 il est plac\u00e9.","breadcrumb":{"@id":"https:\/\/eralux.com\/fr\/produit\/tron\/#breadcrumb"},"inLanguage":"fr-FR","potentialAction":[{"@type":"ReadAction","target":["https:\/\/eralux.com\/fr\/produit\/tron\/"]}]},{"@type":"ImageObject","inLanguage":"fr-FR","@id":"https:\/\/eralux.com\/fr\/produit\/tron\/#primaryimage","url":"https:\/\/eralux.com\/wp-content\/uploads\/2024\/05\/tron-3.png","contentUrl":"https:\/\/eralux.com\/wp-content\/uploads\/2024\/05\/tron-3.png","width":1000,"height":1000},{"@type":"BreadcrumbList","@id":"https:\/\/eralux.com\/fr\/produit\/tron\/#breadcrumb","itemListElement":[{"@type":"ListItem","position":1,"name":"Home","item":"https:\/\/eralux.com\/fr\/"},{"@type":"ListItem","position":2,"name":"Shop","item":"https:\/\/eralux.com\/shop\/"},{"@type":"ListItem","position":3,"name":"TRON"}]},{"@type":"WebSite","@id":"https:\/\/eralux.com\/fr\/#website","url":"https:\/\/eralux.com\/fr\/","name":"Eralux","description":"World leader for Energy Saving LED Solutions","publisher":{"@id":"https:\/\/eralux.com\/fr\/#organization"},"alternateName":"Led manufacturer Canada","potentialAction":[{"@type":"SearchAction","target":{"@type":"EntryPoint","urlTemplate":"https:\/\/eralux.com\/fr\/?s={search_term_string}"},"query-input":{"@type":"PropertyValueSpecification","valueRequired":true,"valueName":"search_term_string"}}],"inLanguage":"fr-FR"},{"@type":"Organization","@id":"https:\/\/eralux.com\/fr\/#organization","name":"Eralux","url":"https:\/\/eralux.com\/fr\/","logo":{"@type":"ImageObject","inLanguage":"fr-FR","@id":"https:\/\/eralux.com\/fr\/#\/schema\/logo\/image\/","url":"https:\/\/eralux.com\/wp-content\/uploads\/2024\/01\/eralux-logo-trademark-R.png","contentUrl":"https:\/\/eralux.com\/wp-content\/uploads\/2024\/01\/eralux-logo-trademark-R.png","width":1000,"height":446,"caption":"Eralux"},"image":{"@id":"https:\/\/eralux.com\/fr\/#\/schema\/logo\/image\/"},"sameAs":["https:\/\/www.facebook.com\/aeralux.corp","https:\/\/x.com\/eralux_inc"],"description":"Save on energy with high-performance LED solutions. Choose Eralux for eco-friendly lighting. Explore our range today!"}]},"product_price_amount":"0.00","product_price_currency":"CAD","og_availability":"instock","product_availability":"instock","product_condition":"new"},"_links":{"self":[{"href":"https:\/\/eralux.com\/fr\/wp-json\/wp\/v2\/product\/10843","targetHints":{"allow":["GET"]}}],"collection":[{"href":"https:\/\/eralux.com\/fr\/wp-json\/wp\/v2\/product"}],"about":[{"href":"https:\/\/eralux.com\/fr\/wp-json\/wp\/v2\/types\/product"}],"replies":[{"embeddable":true,"href":"https:\/\/eralux.com\/fr\/wp-json\/wp\/v2\/comments?post=10843"}],"wp:featuredmedia":[{"embeddable":true,"href":"https:\/\/eralux.com\/fr\/wp-json\/wp\/v2\/media\/10860"}],"wp:attachment":[{"href":"https:\/\/eralux.com\/fr\/wp-json\/wp\/v2\/media?parent=10843"}],"wp:term":[{"taxonomy":"product_brand","embeddable":true,"href":"https:\/\/eralux.com\/fr\/wp-json\/wp\/v2\/product_brand?post=10843"},{"taxonomy":"product_cat","embeddable":true,"href":"https:\/\/eralux.com\/fr\/wp-json\/wp\/v2\/product_cat?post=10843"},{"taxonomy":"product_tag","embeddable":true,"href":"https:\/\/eralux.com\/fr\/wp-json\/wp\/v2\/product_tag?post=10843"}],"curies":[{"name":"wp","href":"https:\/\/api.w.org\/{rel}","templated":true}]}}