{"id":10910,"date":"2024-05-14T16:12:46","date_gmt":"2024-05-14T16:12:46","guid":{"rendered":"https:\/\/eralux.com\/?post_type=product&#038;p=10910"},"modified":"2026-04-02T14:44:04","modified_gmt":"2026-04-02T14:44:04","slug":"linear-architectural-eralux-lighting","status":"publish","type":"product","link":"https:\/\/eralux.com\/fr\/produit\/linear-architectural-eralux-lighting\/","title":{"rendered":"LX SERIES"},"content":{"rendered":"<p>La s\u00e9rie LX est une LIGNE DE DOWNLIGHT CCT\/POWER SWTICHABLE qui se d\u00e9cline en plusieurs tailles pour s&#8217;adapter \u00e0 tous les projets. Other than the power and size flexibility ; it can be mounted in any position based on any request ( recessed Gypse \/ Suspended). Enfin, notre nouvelle s\u00e9rie LX s&#8217;accompagne de plusieurs lentilles qui ajoutent un aspect esth\u00e9tique \u00e0 l&#8217;environnement. Toutes vos demandes sont satisfaites avec notre S\u00c9RIE LX.<\/p>\n","protected":false},"excerpt":{"rendered":"<p>2.76&#8243; Architectural Linear<\/p>\n","protected":false},"featured_media":10934,"comment_status":"open","ping_status":"closed","template":"","meta":{"inline_featured_image":false},"product_brand":[],"product_cat":[1995],"product_tag":[],"class_list":{"0":"post-10910","1":"product","2":"type-product","3":"status-publish","4":"has-post-thumbnail","6":"spec_sheets-ugr-fr","7":"spec_sheets-30-35-40-fr-2","8":"spec_sheets-d-fr-2","9":"spec_sheets-4-fr-3","10":"spec_sheets-6-fr-2","11":"spec_sheets-8-fr-2","12":"spec_sheets-rmb-fr","13":"spec_sheets-wh-fr-2","14":"spec_sheets-bk-fr-2","15":"spec_sheets-sv-fr-2","16":"spec_sheets-air-fr","17":"spec_sheets-cct-fr","18":"spec_sheets-controles","19":"spec_sheets-finition","20":"spec_sheets-longueur","21":"spec_sheets-lentille","22":"spec_sheets-montage","23":"spec_sheets-puissance","24":"spec_sheets-31-fr","25":"spec_sheets-46-fr","26":"spec_sheets-61-fr","27":"product_applications-magasin-de-mode","28":"product_applications-education-fr","29":"product_applications-bureau-commercial","30":"product_segments-lineaire-architectural","31":"product_segments-produits-lineaires","32":"product_cat-ae-sf-lx-fr","34":"first","35":"instock","36":"shipping-taxable","37":"purchasable","38":"product-type-simple"},"yoast_head":"<!-- This site is optimized with the Yoast SEO Premium plugin v24.2 (Yoast SEO v27.4) - https:\/\/yoast.com\/product\/yoast-seo-premium-wordpress\/ -->\n<title>LX SERIES - Eralux<\/title>\n<meta name=\"description\" content=\"La s\u00e9rie LX est une LIGNE DE DOWNLIGHT CCT\/POWER SWTICHABLE qui se d\u00e9cline en plusieurs tailles pour s&#039;adapter \u00e0 tous les projets. Outre la flexibilit\u00e9 en termes de puissance et de taille, il peut \u00eatre mont\u00e9 dans n&#039;importe quelle position en fonction de la demande (encastr\u00e9, Gypse, suspendu). Enfin, notre nouvelle s\u00e9rie LX s&#039;accompagne de plusieurs lentilles qui ajoutent un aspect esth\u00e9tique \u00e0 l&#039;environnement. Toutes vos demandes sont satisfaites avec notre S\u00c9RIE LX.\" \/>\n<meta name=\"robots\" content=\"index, follow, max-snippet:-1, max-image-preview:large, max-video-preview:-1\" \/>\n<link rel=\"canonical\" href=\"https:\/\/eralux.com\/fr\/produit\/linear-architectural-eralux-lighting\/\" \/>\n<meta property=\"og:locale\" content=\"fr_FR\" \/>\n<meta property=\"og:type\" content=\"article\" \/>\n<meta property=\"og:title\" content=\"LX SERIES\" \/>\n<meta property=\"og:description\" content=\"La s\u00e9rie LX est une LIGNE DE DOWNLIGHT CCT\/POWER SWTICHABLE qui se d\u00e9cline en plusieurs tailles pour s&#039;adapter \u00e0 tous les projets. Outre la flexibilit\u00e9 en termes de puissance et de taille, il peut \u00eatre mont\u00e9 dans n&#039;importe quelle position en fonction de la demande (encastr\u00e9, Gypse, suspendu). Enfin, notre nouvelle s\u00e9rie LX s&#039;accompagne de plusieurs lentilles qui ajoutent un aspect esth\u00e9tique \u00e0 l&#039;environnement. Toutes vos demandes sont satisfaites avec notre S\u00c9RIE LX.\" \/>\n<meta property=\"og:url\" content=\"https:\/\/eralux.com\/fr\/produit\/linear-architectural-eralux-lighting\/\" \/>\n<meta property=\"og:site_name\" content=\"Eralux\" \/>\n<meta property=\"article:publisher\" content=\"https:\/\/www.facebook.com\/aeralux.corp\" \/>\n<meta property=\"article:modified_time\" content=\"2026-04-02T14:44:04+00:00\" \/>\n<meta property=\"og:image\" content=\"https:\/\/eralux.com\/wp-content\/uploads\/2024\/05\/L5070C-prismatic-version-47.png\" \/>\n\t<meta property=\"og:image:width\" content=\"1000\" \/>\n\t<meta property=\"og:image:height\" content=\"1000\" \/>\n\t<meta property=\"og:image:type\" content=\"image\/png\" \/>\n<meta name=\"twitter:card\" content=\"summary_large_image\" \/>\n<meta name=\"twitter:site\" content=\"@eralux_inc\" \/>\n<meta name=\"twitter:label1\" content=\"Prix\" \/>\n\t<meta name=\"twitter:data1\" content=\"&#036;0.00\" \/>\n\t<meta name=\"twitter:label2\" content=\"Disponibilit\u00e9\" \/>\n\t<meta name=\"twitter:data2\" content=\"En stock\" \/>\n<script type=\"application\/ld+json\" class=\"yoast-schema-graph\">{\"@context\":\"https:\\\/\\\/schema.org\",\"@graph\":[{\"@type\":\"WebPage\",\"@id\":\"https:\\\/\\\/eralux.com\\\/fr\\\/produit\\\/linear-architectural-eralux-lighting\\\/\",\"url\":\"https:\\\/\\\/eralux.com\\\/fr\\\/produit\\\/linear-architectural-eralux-lighting\\\/\",\"name\":\"LX SERIES - Eralux\",\"isPartOf\":{\"@id\":\"https:\\\/\\\/eralux.com\\\/fr\\\/#website\"},\"primaryImageOfPage\":{\"@id\":\"https:\\\/\\\/eralux.com\\\/fr\\\/produit\\\/linear-architectural-eralux-lighting\\\/#primaryimage\"},\"image\":{\"@id\":\"https:\\\/\\\/eralux.com\\\/fr\\\/produit\\\/linear-architectural-eralux-lighting\\\/#primaryimage\"},\"thumbnailUrl\":\"https:\\\/\\\/eralux.com\\\/wp-content\\\/uploads\\\/2024\\\/05\\\/L5070C-prismatic-version-47.png\",\"datePublished\":\"2024-05-14T16:12:46+00:00\",\"dateModified\":\"2026-04-02T14:44:04+00:00\",\"description\":\"La s\u00e9rie LX est une LIGNE DE DOWNLIGHT CCT\\\/POWER SWTICHABLE qui se d\u00e9cline en plusieurs tailles pour s'adapter \u00e0 tous les projets. Outre la flexibilit\u00e9 en termes de puissance et de taille, il peut \u00eatre mont\u00e9 dans n'importe quelle position en fonction de la demande (encastr\u00e9, Gypse, suspendu). Enfin, notre nouvelle s\u00e9rie LX s'accompagne de plusieurs lentilles qui ajoutent un aspect esth\u00e9tique \u00e0 l'environnement. Toutes vos demandes sont satisfaites avec notre S\u00c9RIE LX.\",\"breadcrumb\":{\"@id\":\"https:\\\/\\\/eralux.com\\\/fr\\\/produit\\\/linear-architectural-eralux-lighting\\\/#breadcrumb\"},\"inLanguage\":\"fr-FR\",\"potentialAction\":[{\"@type\":\"ReadAction\",\"target\":[\"https:\\\/\\\/eralux.com\\\/fr\\\/produit\\\/linear-architectural-eralux-lighting\\\/\"]}]},{\"@type\":\"ImageObject\",\"inLanguage\":\"fr-FR\",\"@id\":\"https:\\\/\\\/eralux.com\\\/fr\\\/produit\\\/linear-architectural-eralux-lighting\\\/#primaryimage\",\"url\":\"https:\\\/\\\/eralux.com\\\/wp-content\\\/uploads\\\/2024\\\/05\\\/L5070C-prismatic-version-47.png\",\"contentUrl\":\"https:\\\/\\\/eralux.com\\\/wp-content\\\/uploads\\\/2024\\\/05\\\/L5070C-prismatic-version-47.png\",\"width\":1000,\"height\":1000},{\"@type\":\"BreadcrumbList\",\"@id\":\"https:\\\/\\\/eralux.com\\\/fr\\\/produit\\\/linear-architectural-eralux-lighting\\\/#breadcrumb\",\"itemListElement\":[{\"@type\":\"ListItem\",\"position\":1,\"name\":\"Home\",\"item\":\"https:\\\/\\\/eralux.com\\\/fr\\\/\"},{\"@type\":\"ListItem\",\"position\":2,\"name\":\"Shop\",\"item\":\"https:\\\/\\\/eralux.com\\\/shop\\\/\"},{\"@type\":\"ListItem\",\"position\":3,\"name\":\"LX SERIES\"}]},{\"@type\":\"WebSite\",\"@id\":\"https:\\\/\\\/eralux.com\\\/fr\\\/#website\",\"url\":\"https:\\\/\\\/eralux.com\\\/fr\\\/\",\"name\":\"Eralux\",\"description\":\"World leader for Energy Saving LED Solutions\",\"publisher\":{\"@id\":\"https:\\\/\\\/eralux.com\\\/fr\\\/#organization\"},\"alternateName\":\"Led manufacturer Canada\",\"potentialAction\":[{\"@type\":\"SearchAction\",\"target\":{\"@type\":\"EntryPoint\",\"urlTemplate\":\"https:\\\/\\\/eralux.com\\\/fr\\\/?s={search_term_string}\"},\"query-input\":{\"@type\":\"PropertyValueSpecification\",\"valueRequired\":true,\"valueName\":\"search_term_string\"}}],\"inLanguage\":\"fr-FR\"},{\"@type\":\"Organization\",\"@id\":\"https:\\\/\\\/eralux.com\\\/fr\\\/#organization\",\"name\":\"Eralux\",\"url\":\"https:\\\/\\\/eralux.com\\\/fr\\\/\",\"logo\":{\"@type\":\"ImageObject\",\"inLanguage\":\"fr-FR\",\"@id\":\"https:\\\/\\\/eralux.com\\\/fr\\\/#\\\/schema\\\/logo\\\/image\\\/\",\"url\":\"https:\\\/\\\/eralux.com\\\/wp-content\\\/uploads\\\/2024\\\/01\\\/eralux-logo-trademark-R.png\",\"contentUrl\":\"https:\\\/\\\/eralux.com\\\/wp-content\\\/uploads\\\/2024\\\/01\\\/eralux-logo-trademark-R.png\",\"width\":1000,\"height\":446,\"caption\":\"Eralux\"},\"image\":{\"@id\":\"https:\\\/\\\/eralux.com\\\/fr\\\/#\\\/schema\\\/logo\\\/image\\\/\"},\"sameAs\":[\"https:\\\/\\\/www.facebook.com\\\/aeralux.corp\",\"https:\\\/\\\/x.com\\\/eralux_inc\"],\"description\":\"Save on energy with high-performance LED solutions. Choose Eralux for eco-friendly lighting. Explore our range today!\"}]}<\/script>\n<meta property=\"product:price:amount\" content=\"0.00\" \/>\n<meta property=\"product:price:currency\" content=\"CAD\" \/>\n<meta property=\"og:availability\" content=\"instock\" \/>\n<meta property=\"product:availability\" content=\"instock\" \/>\n<meta property=\"product:condition\" content=\"new\" \/>\n<!-- \/ Yoast SEO Premium plugin. -->","yoast_head_json":{"title":"LX SERIES - Eralux","description":"La s\u00e9rie LX est une LIGNE DE DOWNLIGHT CCT\/POWER SWTICHABLE qui se d\u00e9cline en plusieurs tailles pour s'adapter \u00e0 tous les projets. Outre la flexibilit\u00e9 en termes de puissance et de taille, il peut \u00eatre mont\u00e9 dans n'importe quelle position en fonction de la demande (encastr\u00e9, Gypse, suspendu). Enfin, notre nouvelle s\u00e9rie LX s'accompagne de plusieurs lentilles qui ajoutent un aspect esth\u00e9tique \u00e0 l'environnement. Toutes vos demandes sont satisfaites avec notre S\u00c9RIE LX.","robots":{"index":"index","follow":"follow","max-snippet":"max-snippet:-1","max-image-preview":"max-image-preview:large","max-video-preview":"max-video-preview:-1"},"canonical":"https:\/\/eralux.com\/fr\/produit\/linear-architectural-eralux-lighting\/","og_locale":"fr_FR","og_type":"article","og_title":"LX SERIES","og_description":"La s\u00e9rie LX est une LIGNE DE DOWNLIGHT CCT\/POWER SWTICHABLE qui se d\u00e9cline en plusieurs tailles pour s'adapter \u00e0 tous les projets. Outre la flexibilit\u00e9 en termes de puissance et de taille, il peut \u00eatre mont\u00e9 dans n'importe quelle position en fonction de la demande (encastr\u00e9, Gypse, suspendu). Enfin, notre nouvelle s\u00e9rie LX s'accompagne de plusieurs lentilles qui ajoutent un aspect esth\u00e9tique \u00e0 l'environnement. Toutes vos demandes sont satisfaites avec notre S\u00c9RIE LX.","og_url":"https:\/\/eralux.com\/fr\/produit\/linear-architectural-eralux-lighting\/","og_site_name":"Eralux","article_publisher":"https:\/\/www.facebook.com\/aeralux.corp","article_modified_time":"2026-04-02T14:44:04+00:00","og_image":[{"width":1000,"height":1000,"url":"https:\/\/eralux.com\/wp-content\/uploads\/2024\/05\/L5070C-prismatic-version-47.png","type":"image\/png"}],"twitter_card":"summary_large_image","twitter_site":"@eralux_inc","twitter_misc":{"Prix":"&#36;0.00","Disponibilit\u00e9":"En stock"},"schema":{"@context":"https:\/\/schema.org","@graph":[{"@type":"WebPage","@id":"https:\/\/eralux.com\/fr\/produit\/linear-architectural-eralux-lighting\/","url":"https:\/\/eralux.com\/fr\/produit\/linear-architectural-eralux-lighting\/","name":"LX SERIES - Eralux","isPartOf":{"@id":"https:\/\/eralux.com\/fr\/#website"},"primaryImageOfPage":{"@id":"https:\/\/eralux.com\/fr\/produit\/linear-architectural-eralux-lighting\/#primaryimage"},"image":{"@id":"https:\/\/eralux.com\/fr\/produit\/linear-architectural-eralux-lighting\/#primaryimage"},"thumbnailUrl":"https:\/\/eralux.com\/wp-content\/uploads\/2024\/05\/L5070C-prismatic-version-47.png","datePublished":"2024-05-14T16:12:46+00:00","dateModified":"2026-04-02T14:44:04+00:00","description":"La s\u00e9rie LX est une LIGNE DE DOWNLIGHT CCT\/POWER SWTICHABLE qui se d\u00e9cline en plusieurs tailles pour s'adapter \u00e0 tous les projets. Outre la flexibilit\u00e9 en termes de puissance et de taille, il peut \u00eatre mont\u00e9 dans n'importe quelle position en fonction de la demande (encastr\u00e9, Gypse, suspendu). Enfin, notre nouvelle s\u00e9rie LX s'accompagne de plusieurs lentilles qui ajoutent un aspect esth\u00e9tique \u00e0 l'environnement. Toutes vos demandes sont satisfaites avec notre S\u00c9RIE LX.","breadcrumb":{"@id":"https:\/\/eralux.com\/fr\/produit\/linear-architectural-eralux-lighting\/#breadcrumb"},"inLanguage":"fr-FR","potentialAction":[{"@type":"ReadAction","target":["https:\/\/eralux.com\/fr\/produit\/linear-architectural-eralux-lighting\/"]}]},{"@type":"ImageObject","inLanguage":"fr-FR","@id":"https:\/\/eralux.com\/fr\/produit\/linear-architectural-eralux-lighting\/#primaryimage","url":"https:\/\/eralux.com\/wp-content\/uploads\/2024\/05\/L5070C-prismatic-version-47.png","contentUrl":"https:\/\/eralux.com\/wp-content\/uploads\/2024\/05\/L5070C-prismatic-version-47.png","width":1000,"height":1000},{"@type":"BreadcrumbList","@id":"https:\/\/eralux.com\/fr\/produit\/linear-architectural-eralux-lighting\/#breadcrumb","itemListElement":[{"@type":"ListItem","position":1,"name":"Home","item":"https:\/\/eralux.com\/fr\/"},{"@type":"ListItem","position":2,"name":"Shop","item":"https:\/\/eralux.com\/shop\/"},{"@type":"ListItem","position":3,"name":"LX SERIES"}]},{"@type":"WebSite","@id":"https:\/\/eralux.com\/fr\/#website","url":"https:\/\/eralux.com\/fr\/","name":"Eralux","description":"World leader for Energy Saving LED Solutions","publisher":{"@id":"https:\/\/eralux.com\/fr\/#organization"},"alternateName":"Led manufacturer Canada","potentialAction":[{"@type":"SearchAction","target":{"@type":"EntryPoint","urlTemplate":"https:\/\/eralux.com\/fr\/?s={search_term_string}"},"query-input":{"@type":"PropertyValueSpecification","valueRequired":true,"valueName":"search_term_string"}}],"inLanguage":"fr-FR"},{"@type":"Organization","@id":"https:\/\/eralux.com\/fr\/#organization","name":"Eralux","url":"https:\/\/eralux.com\/fr\/","logo":{"@type":"ImageObject","inLanguage":"fr-FR","@id":"https:\/\/eralux.com\/fr\/#\/schema\/logo\/image\/","url":"https:\/\/eralux.com\/wp-content\/uploads\/2024\/01\/eralux-logo-trademark-R.png","contentUrl":"https:\/\/eralux.com\/wp-content\/uploads\/2024\/01\/eralux-logo-trademark-R.png","width":1000,"height":446,"caption":"Eralux"},"image":{"@id":"https:\/\/eralux.com\/fr\/#\/schema\/logo\/image\/"},"sameAs":["https:\/\/www.facebook.com\/aeralux.corp","https:\/\/x.com\/eralux_inc"],"description":"Save on energy with high-performance LED solutions. Choose Eralux for eco-friendly lighting. Explore our range today!"}]},"product_price_amount":"0.00","product_price_currency":"CAD","og_availability":"instock","product_availability":"instock","product_condition":"new"},"_links":{"self":[{"href":"https:\/\/eralux.com\/fr\/wp-json\/wp\/v2\/product\/10910","targetHints":{"allow":["GET"]}}],"collection":[{"href":"https:\/\/eralux.com\/fr\/wp-json\/wp\/v2\/product"}],"about":[{"href":"https:\/\/eralux.com\/fr\/wp-json\/wp\/v2\/types\/product"}],"replies":[{"embeddable":true,"href":"https:\/\/eralux.com\/fr\/wp-json\/wp\/v2\/comments?post=10910"}],"wp:featuredmedia":[{"embeddable":true,"href":"https:\/\/eralux.com\/fr\/wp-json\/wp\/v2\/media\/10934"}],"wp:attachment":[{"href":"https:\/\/eralux.com\/fr\/wp-json\/wp\/v2\/media?parent=10910"}],"wp:term":[{"taxonomy":"product_brand","embeddable":true,"href":"https:\/\/eralux.com\/fr\/wp-json\/wp\/v2\/product_brand?post=10910"},{"taxonomy":"product_cat","embeddable":true,"href":"https:\/\/eralux.com\/fr\/wp-json\/wp\/v2\/product_cat?post=10910"},{"taxonomy":"product_tag","embeddable":true,"href":"https:\/\/eralux.com\/fr\/wp-json\/wp\/v2\/product_tag?post=10910"}],"curies":[{"name":"wp","href":"https:\/\/api.w.org\/{rel}","templated":true}]}}