{"id":10970,"date":"2024-05-17T12:51:36","date_gmt":"2024-05-17T12:51:36","guid":{"rendered":"https:\/\/eralux.com\/?post_type=product&#038;p=10970"},"modified":"2025-03-18T13:37:42","modified_gmt":"2025-03-18T13:37:42","slug":"atlantis-copy","status":"publish","type":"product","link":"https:\/\/eralux.com\/fr\/produit\/atlantis-copy\/","title":{"rendered":"TB SERIES"},"content":{"rendered":"<p>La s\u00e9rie TB est la solution parfaite pour les plafonds suspendus \u00e0 grille en T. Son design \u00e9pur\u00e9 offre des options de conception illimit\u00e9es pour votre espace de travail et vos projets. Ce luminaire peut remplacer certains t\u00e9s transversaux du plafond suspendu \u00e0 grille, l\u00e0 o\u00f9 la lumi\u00e8re est souhait\u00e9e. Les formes telles que &#8220;L&#8221;, &#8220;T&#8221;, &#8220;X&#8221; peuvent \u00eatre facilement r\u00e9alis\u00e9es. The TB series also distinguishes itself from its ease of installation that is toolless.<\/p>\n","protected":false},"excerpt":{"rendered":"<p>Recessed Architectural Linear<\/p>\n","protected":false},"featured_media":10996,"comment_status":"open","ping_status":"closed","template":"","meta":{"inline_featured_image":false},"product_brand":[],"product_cat":[2004],"product_tag":[],"class_list":{"0":"post-10970","1":"product","2":"type-product","3":"status-publish","4":"has-post-thumbnail","6":"spec_sheets-f-fr-2","7":"spec_sheets-dm-fr","8":"spec_sheets-grid-type-fr","9":"spec_sheets-2-fr","10":"spec_sheets-4-fr","11":"spec_sheets-cct-fr","12":"spec_sheets-attenuation","13":"spec_sheets-longueur","14":"spec_sheets-35-fr","15":"product_applications-education-fr","16":"product_applications-sante","17":"product_segments-lineaire-architectural","18":"product_segments-produits-lineaires","19":"product_cat-ae-sf-tb-fr","21":"first","22":"instock","23":"shipping-taxable","24":"purchasable","25":"product-type-simple"},"yoast_head":"<!-- This site is optimized with the Yoast SEO Premium plugin v24.2 (Yoast SEO v27.4) - https:\/\/yoast.com\/product\/yoast-seo-premium-wordpress\/ -->\n<title>TB SERIES - Eralux<\/title>\n<meta name=\"description\" content=\"La s\u00e9rie TB est la solution parfaite pour les plafonds suspendus \u00e0 grille en T. Son design \u00e9pur\u00e9 offre des options de conception illimit\u00e9es pour votre espace de travail et vos projets. Ce luminaire peut remplacer certains t\u00e9s transversaux du plafond suspendu \u00e0 grille, l\u00e0 o\u00f9 la lumi\u00e8re est souhait\u00e9e. Les formes telles que &quot;L&quot;, &quot;T&quot;, &quot;X&quot; peuvent \u00eatre facilement r\u00e9alis\u00e9es. La s\u00e9rie TB se distingue \u00e9galement par sa facilit\u00e9 d&#039;installation sans outil.\" \/>\n<meta name=\"robots\" content=\"index, follow, max-snippet:-1, max-image-preview:large, max-video-preview:-1\" \/>\n<link rel=\"canonical\" href=\"https:\/\/eralux.com\/fr\/produit\/atlantis-copy\/\" \/>\n<meta property=\"og:locale\" content=\"fr_FR\" \/>\n<meta property=\"og:type\" content=\"article\" \/>\n<meta property=\"og:title\" content=\"TB SERIES\" \/>\n<meta property=\"og:description\" content=\"La s\u00e9rie TB est la solution parfaite pour les plafonds suspendus \u00e0 grille en T. Son design \u00e9pur\u00e9 offre des options de conception illimit\u00e9es pour votre espace de travail et vos projets. Ce luminaire peut remplacer certains t\u00e9s transversaux du plafond suspendu \u00e0 grille, l\u00e0 o\u00f9 la lumi\u00e8re est souhait\u00e9e. Les formes telles que &quot;L&quot;, &quot;T&quot;, &quot;X&quot; peuvent \u00eatre facilement r\u00e9alis\u00e9es. La s\u00e9rie TB se distingue \u00e9galement par sa facilit\u00e9 d&#039;installation sans outil.\" \/>\n<meta property=\"og:url\" content=\"https:\/\/eralux.com\/fr\/produit\/atlantis-copy\/\" \/>\n<meta property=\"og:site_name\" content=\"Eralux\" \/>\n<meta property=\"article:publisher\" content=\"https:\/\/www.facebook.com\/aeralux.corp\" \/>\n<meta property=\"article:modified_time\" content=\"2025-03-18T13:37:42+00:00\" \/>\n<meta property=\"og:image\" content=\"https:\/\/eralux.com\/wp-content\/uploads\/2024\/05\/tb-removebg-preview-1.png\" \/>\n\t<meta property=\"og:image:width\" content=\"500\" \/>\n\t<meta property=\"og:image:height\" content=\"500\" \/>\n\t<meta property=\"og:image:type\" content=\"image\/png\" \/>\n<meta name=\"twitter:card\" content=\"summary_large_image\" \/>\n<meta name=\"twitter:site\" content=\"@eralux_inc\" \/>\n<meta name=\"twitter:label1\" content=\"Prix\" \/>\n\t<meta name=\"twitter:data1\" content=\"&#036;0.00\" \/>\n\t<meta name=\"twitter:label2\" content=\"Disponibilit\u00e9\" \/>\n\t<meta name=\"twitter:data2\" content=\"En stock\" \/>\n<script type=\"application\/ld+json\" class=\"yoast-schema-graph\">{\"@context\":\"https:\\\/\\\/schema.org\",\"@graph\":[{\"@type\":\"WebPage\",\"@id\":\"https:\\\/\\\/eralux.com\\\/fr\\\/produit\\\/atlantis-copy\\\/\",\"url\":\"https:\\\/\\\/eralux.com\\\/fr\\\/produit\\\/atlantis-copy\\\/\",\"name\":\"TB SERIES - Eralux\",\"isPartOf\":{\"@id\":\"https:\\\/\\\/eralux.com\\\/fr\\\/#website\"},\"primaryImageOfPage\":{\"@id\":\"https:\\\/\\\/eralux.com\\\/fr\\\/produit\\\/atlantis-copy\\\/#primaryimage\"},\"image\":{\"@id\":\"https:\\\/\\\/eralux.com\\\/fr\\\/produit\\\/atlantis-copy\\\/#primaryimage\"},\"thumbnailUrl\":\"https:\\\/\\\/eralux.com\\\/wp-content\\\/uploads\\\/2024\\\/05\\\/tb-removebg-preview-1.png\",\"datePublished\":\"2024-05-17T12:51:36+00:00\",\"dateModified\":\"2025-03-18T13:37:42+00:00\",\"description\":\"La s\u00e9rie TB est la solution parfaite pour les plafonds suspendus \u00e0 grille en T. Son design \u00e9pur\u00e9 offre des options de conception illimit\u00e9es pour votre espace de travail et vos projets. Ce luminaire peut remplacer certains t\u00e9s transversaux du plafond suspendu \u00e0 grille, l\u00e0 o\u00f9 la lumi\u00e8re est souhait\u00e9e. Les formes telles que \\\"L\\\", \\\"T\\\", \\\"X\\\" peuvent \u00eatre facilement r\u00e9alis\u00e9es. La s\u00e9rie TB se distingue \u00e9galement par sa facilit\u00e9 d'installation sans outil.\",\"breadcrumb\":{\"@id\":\"https:\\\/\\\/eralux.com\\\/fr\\\/produit\\\/atlantis-copy\\\/#breadcrumb\"},\"inLanguage\":\"fr-FR\",\"potentialAction\":[{\"@type\":\"ReadAction\",\"target\":[\"https:\\\/\\\/eralux.com\\\/fr\\\/produit\\\/atlantis-copy\\\/\"]}]},{\"@type\":\"ImageObject\",\"inLanguage\":\"fr-FR\",\"@id\":\"https:\\\/\\\/eralux.com\\\/fr\\\/produit\\\/atlantis-copy\\\/#primaryimage\",\"url\":\"https:\\\/\\\/eralux.com\\\/wp-content\\\/uploads\\\/2024\\\/05\\\/tb-removebg-preview-1.png\",\"contentUrl\":\"https:\\\/\\\/eralux.com\\\/wp-content\\\/uploads\\\/2024\\\/05\\\/tb-removebg-preview-1.png\",\"width\":500,\"height\":500},{\"@type\":\"BreadcrumbList\",\"@id\":\"https:\\\/\\\/eralux.com\\\/fr\\\/produit\\\/atlantis-copy\\\/#breadcrumb\",\"itemListElement\":[{\"@type\":\"ListItem\",\"position\":1,\"name\":\"Home\",\"item\":\"https:\\\/\\\/eralux.com\\\/fr\\\/\"},{\"@type\":\"ListItem\",\"position\":2,\"name\":\"Shop\",\"item\":\"https:\\\/\\\/eralux.com\\\/shop\\\/\"},{\"@type\":\"ListItem\",\"position\":3,\"name\":\"TB SERIES\"}]},{\"@type\":\"WebSite\",\"@id\":\"https:\\\/\\\/eralux.com\\\/fr\\\/#website\",\"url\":\"https:\\\/\\\/eralux.com\\\/fr\\\/\",\"name\":\"Eralux\",\"description\":\"World leader for Energy Saving LED Solutions\",\"publisher\":{\"@id\":\"https:\\\/\\\/eralux.com\\\/fr\\\/#organization\"},\"alternateName\":\"Led manufacturer Canada\",\"potentialAction\":[{\"@type\":\"SearchAction\",\"target\":{\"@type\":\"EntryPoint\",\"urlTemplate\":\"https:\\\/\\\/eralux.com\\\/fr\\\/?s={search_term_string}\"},\"query-input\":{\"@type\":\"PropertyValueSpecification\",\"valueRequired\":true,\"valueName\":\"search_term_string\"}}],\"inLanguage\":\"fr-FR\"},{\"@type\":\"Organization\",\"@id\":\"https:\\\/\\\/eralux.com\\\/fr\\\/#organization\",\"name\":\"Eralux\",\"url\":\"https:\\\/\\\/eralux.com\\\/fr\\\/\",\"logo\":{\"@type\":\"ImageObject\",\"inLanguage\":\"fr-FR\",\"@id\":\"https:\\\/\\\/eralux.com\\\/fr\\\/#\\\/schema\\\/logo\\\/image\\\/\",\"url\":\"https:\\\/\\\/eralux.com\\\/wp-content\\\/uploads\\\/2024\\\/01\\\/eralux-logo-trademark-R.png\",\"contentUrl\":\"https:\\\/\\\/eralux.com\\\/wp-content\\\/uploads\\\/2024\\\/01\\\/eralux-logo-trademark-R.png\",\"width\":1000,\"height\":446,\"caption\":\"Eralux\"},\"image\":{\"@id\":\"https:\\\/\\\/eralux.com\\\/fr\\\/#\\\/schema\\\/logo\\\/image\\\/\"},\"sameAs\":[\"https:\\\/\\\/www.facebook.com\\\/aeralux.corp\",\"https:\\\/\\\/x.com\\\/eralux_inc\"],\"description\":\"Save on energy with high-performance LED solutions. Choose Eralux for eco-friendly lighting. Explore our range today!\"}]}<\/script>\n<meta property=\"product:price:amount\" content=\"0.00\" \/>\n<meta property=\"product:price:currency\" content=\"CAD\" \/>\n<meta property=\"og:availability\" content=\"instock\" \/>\n<meta property=\"product:availability\" content=\"instock\" \/>\n<meta property=\"product:condition\" content=\"new\" \/>\n<!-- \/ Yoast SEO Premium plugin. -->","yoast_head_json":{"title":"TB SERIES - Eralux","description":"La s\u00e9rie TB est la solution parfaite pour les plafonds suspendus \u00e0 grille en T. Son design \u00e9pur\u00e9 offre des options de conception illimit\u00e9es pour votre espace de travail et vos projets. Ce luminaire peut remplacer certains t\u00e9s transversaux du plafond suspendu \u00e0 grille, l\u00e0 o\u00f9 la lumi\u00e8re est souhait\u00e9e. Les formes telles que \"L\", \"T\", \"X\" peuvent \u00eatre facilement r\u00e9alis\u00e9es. La s\u00e9rie TB se distingue \u00e9galement par sa facilit\u00e9 d'installation sans outil.","robots":{"index":"index","follow":"follow","max-snippet":"max-snippet:-1","max-image-preview":"max-image-preview:large","max-video-preview":"max-video-preview:-1"},"canonical":"https:\/\/eralux.com\/fr\/produit\/atlantis-copy\/","og_locale":"fr_FR","og_type":"article","og_title":"TB SERIES","og_description":"La s\u00e9rie TB est la solution parfaite pour les plafonds suspendus \u00e0 grille en T. Son design \u00e9pur\u00e9 offre des options de conception illimit\u00e9es pour votre espace de travail et vos projets. Ce luminaire peut remplacer certains t\u00e9s transversaux du plafond suspendu \u00e0 grille, l\u00e0 o\u00f9 la lumi\u00e8re est souhait\u00e9e. Les formes telles que \"L\", \"T\", \"X\" peuvent \u00eatre facilement r\u00e9alis\u00e9es. La s\u00e9rie TB se distingue \u00e9galement par sa facilit\u00e9 d'installation sans outil.","og_url":"https:\/\/eralux.com\/fr\/produit\/atlantis-copy\/","og_site_name":"Eralux","article_publisher":"https:\/\/www.facebook.com\/aeralux.corp","article_modified_time":"2025-03-18T13:37:42+00:00","og_image":[{"width":500,"height":500,"url":"https:\/\/eralux.com\/wp-content\/uploads\/2024\/05\/tb-removebg-preview-1.png","type":"image\/png"}],"twitter_card":"summary_large_image","twitter_site":"@eralux_inc","twitter_misc":{"Prix":"&#36;0.00","Disponibilit\u00e9":"En stock"},"schema":{"@context":"https:\/\/schema.org","@graph":[{"@type":"WebPage","@id":"https:\/\/eralux.com\/fr\/produit\/atlantis-copy\/","url":"https:\/\/eralux.com\/fr\/produit\/atlantis-copy\/","name":"TB SERIES - Eralux","isPartOf":{"@id":"https:\/\/eralux.com\/fr\/#website"},"primaryImageOfPage":{"@id":"https:\/\/eralux.com\/fr\/produit\/atlantis-copy\/#primaryimage"},"image":{"@id":"https:\/\/eralux.com\/fr\/produit\/atlantis-copy\/#primaryimage"},"thumbnailUrl":"https:\/\/eralux.com\/wp-content\/uploads\/2024\/05\/tb-removebg-preview-1.png","datePublished":"2024-05-17T12:51:36+00:00","dateModified":"2025-03-18T13:37:42+00:00","description":"La s\u00e9rie TB est la solution parfaite pour les plafonds suspendus \u00e0 grille en T. Son design \u00e9pur\u00e9 offre des options de conception illimit\u00e9es pour votre espace de travail et vos projets. Ce luminaire peut remplacer certains t\u00e9s transversaux du plafond suspendu \u00e0 grille, l\u00e0 o\u00f9 la lumi\u00e8re est souhait\u00e9e. Les formes telles que \"L\", \"T\", \"X\" peuvent \u00eatre facilement r\u00e9alis\u00e9es. La s\u00e9rie TB se distingue \u00e9galement par sa facilit\u00e9 d'installation sans outil.","breadcrumb":{"@id":"https:\/\/eralux.com\/fr\/produit\/atlantis-copy\/#breadcrumb"},"inLanguage":"fr-FR","potentialAction":[{"@type":"ReadAction","target":["https:\/\/eralux.com\/fr\/produit\/atlantis-copy\/"]}]},{"@type":"ImageObject","inLanguage":"fr-FR","@id":"https:\/\/eralux.com\/fr\/produit\/atlantis-copy\/#primaryimage","url":"https:\/\/eralux.com\/wp-content\/uploads\/2024\/05\/tb-removebg-preview-1.png","contentUrl":"https:\/\/eralux.com\/wp-content\/uploads\/2024\/05\/tb-removebg-preview-1.png","width":500,"height":500},{"@type":"BreadcrumbList","@id":"https:\/\/eralux.com\/fr\/produit\/atlantis-copy\/#breadcrumb","itemListElement":[{"@type":"ListItem","position":1,"name":"Home","item":"https:\/\/eralux.com\/fr\/"},{"@type":"ListItem","position":2,"name":"Shop","item":"https:\/\/eralux.com\/shop\/"},{"@type":"ListItem","position":3,"name":"TB SERIES"}]},{"@type":"WebSite","@id":"https:\/\/eralux.com\/fr\/#website","url":"https:\/\/eralux.com\/fr\/","name":"Eralux","description":"World leader for Energy Saving LED Solutions","publisher":{"@id":"https:\/\/eralux.com\/fr\/#organization"},"alternateName":"Led manufacturer Canada","potentialAction":[{"@type":"SearchAction","target":{"@type":"EntryPoint","urlTemplate":"https:\/\/eralux.com\/fr\/?s={search_term_string}"},"query-input":{"@type":"PropertyValueSpecification","valueRequired":true,"valueName":"search_term_string"}}],"inLanguage":"fr-FR"},{"@type":"Organization","@id":"https:\/\/eralux.com\/fr\/#organization","name":"Eralux","url":"https:\/\/eralux.com\/fr\/","logo":{"@type":"ImageObject","inLanguage":"fr-FR","@id":"https:\/\/eralux.com\/fr\/#\/schema\/logo\/image\/","url":"https:\/\/eralux.com\/wp-content\/uploads\/2024\/01\/eralux-logo-trademark-R.png","contentUrl":"https:\/\/eralux.com\/wp-content\/uploads\/2024\/01\/eralux-logo-trademark-R.png","width":1000,"height":446,"caption":"Eralux"},"image":{"@id":"https:\/\/eralux.com\/fr\/#\/schema\/logo\/image\/"},"sameAs":["https:\/\/www.facebook.com\/aeralux.corp","https:\/\/x.com\/eralux_inc"],"description":"Save on energy with high-performance LED solutions. Choose Eralux for eco-friendly lighting. Explore our range today!"}]},"product_price_amount":"0.00","product_price_currency":"CAD","og_availability":"instock","product_availability":"instock","product_condition":"new"},"_links":{"self":[{"href":"https:\/\/eralux.com\/fr\/wp-json\/wp\/v2\/product\/10970","targetHints":{"allow":["GET"]}}],"collection":[{"href":"https:\/\/eralux.com\/fr\/wp-json\/wp\/v2\/product"}],"about":[{"href":"https:\/\/eralux.com\/fr\/wp-json\/wp\/v2\/types\/product"}],"replies":[{"embeddable":true,"href":"https:\/\/eralux.com\/fr\/wp-json\/wp\/v2\/comments?post=10970"}],"wp:featuredmedia":[{"embeddable":true,"href":"https:\/\/eralux.com\/fr\/wp-json\/wp\/v2\/media\/10996"}],"wp:attachment":[{"href":"https:\/\/eralux.com\/fr\/wp-json\/wp\/v2\/media?parent=10970"}],"wp:term":[{"taxonomy":"product_brand","embeddable":true,"href":"https:\/\/eralux.com\/fr\/wp-json\/wp\/v2\/product_brand?post=10970"},{"taxonomy":"product_cat","embeddable":true,"href":"https:\/\/eralux.com\/fr\/wp-json\/wp\/v2\/product_cat?post=10970"},{"taxonomy":"product_tag","embeddable":true,"href":"https:\/\/eralux.com\/fr\/wp-json\/wp\/v2\/product_tag?post=10970"}],"curies":[{"name":"wp","href":"https:\/\/api.w.org\/{rel}","templated":true}]}}