{"id":11211,"date":"2024-05-27T18:22:32","date_gmt":"2024-05-27T18:22:32","guid":{"rendered":"https:\/\/eralux.com\/?post_type=product&#038;p=11211"},"modified":"2025-03-18T13:34:25","modified_gmt":"2025-03-18T13:34:25","slug":"aqxs","status":"publish","type":"product","link":"https:\/\/eralux.com\/fr\/produit\/aqxs\/","title":{"rendered":"AQX SLIM"},"content":{"rendered":"<p>Notre AQXS Lin\u00e9aire est class\u00e9 IP65\/ pas enti\u00e8rement expos\u00e9 \u00e0 l&#8217;ext\u00e9rieur. Il peut \u00eatre mont\u00e9 en surface ou suspendu ; autonome ou continu. Maintient une haute efficacit\u00e9 \u00e0 90CRI. La meilleure option pour les piscines, les entr\u00e9es de m\u00e9tro ou m\u00eame les quais de gare.<\/p>\n","protected":false},"excerpt":{"rendered":"<p>IP65 Architecture lin\u00e9aire<\/p>\n","protected":false},"featured_media":11233,"comment_status":"open","ping_status":"closed","template":"","meta":{"inline_featured_image":false},"product_brand":[],"product_cat":[2026],"product_tag":[],"class_list":{"0":"post-11211","1":"product","2":"type-product","3":"status-publish","4":"has-post-thumbnail","6":"spec_sheets-s-fr-4","7":"spec_sheets-smt-link-fr-2","8":"spec_sheets-air-link-fr-2","9":"spec_sheets-power-cord","10":"spec_sheets-4-fr","11":"spec_sheets-6-fr","12":"spec_sheets-8-fr","13":"spec_sheets-smt-fr-2","14":"spec_sheets-wh-fr-2","15":"spec_sheets-bk-fr-2","16":"spec_sheets-bz-fr","17":"spec_sheets-30-fr-4","18":"spec_sheets-35-fr-2","19":"spec_sheets-40-fr-6","20":"spec_sheets-air-fr","21":"spec_sheets-cct-fr","22":"spec_sheets-finition","23":"spec_sheets-longueur","24":"spec_sheets-montage","25":"spec_sheets-puissance","26":"spec_sheets-31-fr","27":"spec_sheets-46-fr","28":"spec_sheets-61-fr","29":"product_applications-bureau-commercial","30":"product_applications-education-fr","31":"product_applications-sante","32":"product_applications-magasin-de-detail","33":"product_segments-lineaire-architectural","34":"product_segments-produits-lineaires","35":"product_cat-ae-sf-aqxs-fr","37":"first","38":"instock","39":"shipping-taxable","40":"purchasable","41":"product-type-simple"},"yoast_head":"<!-- This site is optimized with the Yoast SEO Premium plugin v24.2 (Yoast SEO v27.5) - https:\/\/yoast.com\/product\/yoast-seo-premium-wordpress\/ -->\n<title>AQX SLIM - Eralux<\/title>\n<meta name=\"description\" content=\"Notre AQXS Linear est class\u00e9 IP65\/ pas enti\u00e8rement expos\u00e9 \u00e0 l&#039;ext\u00e9rieur. Il peut \u00eatre mont\u00e9 en surface ou suspendu ; autonome ou continu. Maintient une haute efficacit\u00e9 \u00e0 90CRI. La meilleure option pour les piscines, les entr\u00e9es de m\u00e9tro ou m\u00eame les quais de gare.\" \/>\n<meta name=\"robots\" content=\"index, follow, max-snippet:-1, max-image-preview:large, max-video-preview:-1\" \/>\n<link rel=\"canonical\" href=\"https:\/\/eralux.com\/fr\/produit\/aqxs\/\" \/>\n<meta property=\"og:locale\" content=\"fr_FR\" \/>\n<meta property=\"og:type\" content=\"article\" \/>\n<meta property=\"og:title\" content=\"AQX SLIM\" \/>\n<meta property=\"og:description\" content=\"Notre AQXS Linear est class\u00e9 IP65\/ pas enti\u00e8rement expos\u00e9 \u00e0 l&#039;ext\u00e9rieur. Il peut \u00eatre mont\u00e9 en surface ou suspendu ; autonome ou continu. Maintient une haute efficacit\u00e9 \u00e0 90CRI. La meilleure option pour les piscines, les entr\u00e9es de m\u00e9tro ou m\u00eame les quais de gare.\" \/>\n<meta property=\"og:url\" content=\"https:\/\/eralux.com\/fr\/produit\/aqxs\/\" \/>\n<meta property=\"og:site_name\" content=\"Eralux\" \/>\n<meta property=\"article:publisher\" content=\"https:\/\/www.facebook.com\/aeralux.corp\" \/>\n<meta property=\"article:modified_time\" content=\"2025-03-18T13:34:25+00:00\" \/>\n<meta property=\"og:image\" content=\"https:\/\/eralux.com\/wp-content\/uploads\/2024\/05\/AQX1-1.jpg\" \/>\n\t<meta property=\"og:image:width\" content=\"1000\" \/>\n\t<meta property=\"og:image:height\" content=\"1000\" \/>\n\t<meta property=\"og:image:type\" content=\"image\/jpeg\" \/>\n<meta name=\"twitter:card\" content=\"summary_large_image\" \/>\n<meta name=\"twitter:site\" content=\"@eralux_inc\" \/>\n<meta name=\"twitter:label1\" content=\"Prix\" \/>\n\t<meta name=\"twitter:data1\" content=\"&#036;0.00\" \/>\n\t<meta name=\"twitter:label2\" content=\"Disponibilit\u00e9\" \/>\n\t<meta name=\"twitter:data2\" content=\"En stock\" \/>\n<script type=\"application\/ld+json\" class=\"yoast-schema-graph\">{\"@context\":\"https:\\\/\\\/schema.org\",\"@graph\":[{\"@type\":\"WebPage\",\"@id\":\"https:\\\/\\\/eralux.com\\\/fr\\\/produit\\\/aqxs\\\/\",\"url\":\"https:\\\/\\\/eralux.com\\\/fr\\\/produit\\\/aqxs\\\/\",\"name\":\"AQX SLIM - Eralux\",\"isPartOf\":{\"@id\":\"https:\\\/\\\/eralux.com\\\/fr\\\/#website\"},\"primaryImageOfPage\":{\"@id\":\"https:\\\/\\\/eralux.com\\\/fr\\\/produit\\\/aqxs\\\/#primaryimage\"},\"image\":{\"@id\":\"https:\\\/\\\/eralux.com\\\/fr\\\/produit\\\/aqxs\\\/#primaryimage\"},\"thumbnailUrl\":\"https:\\\/\\\/eralux.com\\\/wp-content\\\/uploads\\\/2024\\\/05\\\/AQX1-1.jpg\",\"datePublished\":\"2024-05-27T18:22:32+00:00\",\"dateModified\":\"2025-03-18T13:34:25+00:00\",\"description\":\"Notre AQXS Linear est class\u00e9 IP65\\\/ pas enti\u00e8rement expos\u00e9 \u00e0 l'ext\u00e9rieur. Il peut \u00eatre mont\u00e9 en surface ou suspendu ; autonome ou continu. Maintient une haute efficacit\u00e9 \u00e0 90CRI. La meilleure option pour les piscines, les entr\u00e9es de m\u00e9tro ou m\u00eame les quais de gare.\",\"breadcrumb\":{\"@id\":\"https:\\\/\\\/eralux.com\\\/fr\\\/produit\\\/aqxs\\\/#breadcrumb\"},\"inLanguage\":\"fr-FR\",\"potentialAction\":[{\"@type\":\"ReadAction\",\"target\":[\"https:\\\/\\\/eralux.com\\\/fr\\\/produit\\\/aqxs\\\/\"]}]},{\"@type\":\"ImageObject\",\"inLanguage\":\"fr-FR\",\"@id\":\"https:\\\/\\\/eralux.com\\\/fr\\\/produit\\\/aqxs\\\/#primaryimage\",\"url\":\"https:\\\/\\\/eralux.com\\\/wp-content\\\/uploads\\\/2024\\\/05\\\/AQX1-1.jpg\",\"contentUrl\":\"https:\\\/\\\/eralux.com\\\/wp-content\\\/uploads\\\/2024\\\/05\\\/AQX1-1.jpg\",\"width\":1000,\"height\":1000},{\"@type\":\"BreadcrumbList\",\"@id\":\"https:\\\/\\\/eralux.com\\\/fr\\\/produit\\\/aqxs\\\/#breadcrumb\",\"itemListElement\":[{\"@type\":\"ListItem\",\"position\":1,\"name\":\"Home\",\"item\":\"https:\\\/\\\/eralux.com\\\/fr\\\/\"},{\"@type\":\"ListItem\",\"position\":2,\"name\":\"Shop\",\"item\":\"https:\\\/\\\/eralux.com\\\/shop\\\/\"},{\"@type\":\"ListItem\",\"position\":3,\"name\":\"AQX SLIM\"}]},{\"@type\":\"WebSite\",\"@id\":\"https:\\\/\\\/eralux.com\\\/fr\\\/#website\",\"url\":\"https:\\\/\\\/eralux.com\\\/fr\\\/\",\"name\":\"Eralux\",\"description\":\"World leader for Energy Saving LED Solutions\",\"publisher\":{\"@id\":\"https:\\\/\\\/eralux.com\\\/fr\\\/#organization\"},\"alternateName\":\"Led manufacturer Canada\",\"potentialAction\":[{\"@type\":\"SearchAction\",\"target\":{\"@type\":\"EntryPoint\",\"urlTemplate\":\"https:\\\/\\\/eralux.com\\\/fr\\\/?s={search_term_string}\"},\"query-input\":{\"@type\":\"PropertyValueSpecification\",\"valueRequired\":true,\"valueName\":\"search_term_string\"}}],\"inLanguage\":\"fr-FR\"},{\"@type\":\"Organization\",\"@id\":\"https:\\\/\\\/eralux.com\\\/fr\\\/#organization\",\"name\":\"Eralux\",\"url\":\"https:\\\/\\\/eralux.com\\\/fr\\\/\",\"logo\":{\"@type\":\"ImageObject\",\"inLanguage\":\"fr-FR\",\"@id\":\"https:\\\/\\\/eralux.com\\\/fr\\\/#\\\/schema\\\/logo\\\/image\\\/\",\"url\":\"https:\\\/\\\/eralux.com\\\/wp-content\\\/uploads\\\/2024\\\/01\\\/eralux-logo-trademark-R.png\",\"contentUrl\":\"https:\\\/\\\/eralux.com\\\/wp-content\\\/uploads\\\/2024\\\/01\\\/eralux-logo-trademark-R.png\",\"width\":1000,\"height\":446,\"caption\":\"Eralux\"},\"image\":{\"@id\":\"https:\\\/\\\/eralux.com\\\/fr\\\/#\\\/schema\\\/logo\\\/image\\\/\"},\"sameAs\":[\"https:\\\/\\\/www.facebook.com\\\/aeralux.corp\",\"https:\\\/\\\/x.com\\\/eralux_inc\"],\"description\":\"Save on energy with high-performance LED solutions. Choose Eralux for eco-friendly lighting. Explore our range today!\"}]}<\/script>\n<meta property=\"product:price:amount\" content=\"0.00\" \/>\n<meta property=\"product:price:currency\" content=\"CAD\" \/>\n<meta property=\"og:availability\" content=\"instock\" \/>\n<meta property=\"product:availability\" content=\"instock\" \/>\n<meta property=\"product:condition\" content=\"new\" \/>\n<!-- \/ Yoast SEO Premium plugin. -->","yoast_head_json":{"title":"AQX SLIM - Eralux","description":"Notre AQXS Linear est class\u00e9 IP65\/ pas enti\u00e8rement expos\u00e9 \u00e0 l'ext\u00e9rieur. Il peut \u00eatre mont\u00e9 en surface ou suspendu ; autonome ou continu. Maintient une haute efficacit\u00e9 \u00e0 90CRI. La meilleure option pour les piscines, les entr\u00e9es de m\u00e9tro ou m\u00eame les quais de gare.","robots":{"index":"index","follow":"follow","max-snippet":"max-snippet:-1","max-image-preview":"max-image-preview:large","max-video-preview":"max-video-preview:-1"},"canonical":"https:\/\/eralux.com\/fr\/produit\/aqxs\/","og_locale":"fr_FR","og_type":"article","og_title":"AQX SLIM","og_description":"Notre AQXS Linear est class\u00e9 IP65\/ pas enti\u00e8rement expos\u00e9 \u00e0 l'ext\u00e9rieur. Il peut \u00eatre mont\u00e9 en surface ou suspendu ; autonome ou continu. Maintient une haute efficacit\u00e9 \u00e0 90CRI. La meilleure option pour les piscines, les entr\u00e9es de m\u00e9tro ou m\u00eame les quais de gare.","og_url":"https:\/\/eralux.com\/fr\/produit\/aqxs\/","og_site_name":"Eralux","article_publisher":"https:\/\/www.facebook.com\/aeralux.corp","article_modified_time":"2025-03-18T13:34:25+00:00","og_image":[{"width":1000,"height":1000,"url":"https:\/\/eralux.com\/wp-content\/uploads\/2024\/05\/AQX1-1.jpg","type":"image\/jpeg"}],"twitter_card":"summary_large_image","twitter_site":"@eralux_inc","twitter_misc":{"Prix":"&#36;0.00","Disponibilit\u00e9":"En stock"},"schema":{"@context":"https:\/\/schema.org","@graph":[{"@type":"WebPage","@id":"https:\/\/eralux.com\/fr\/produit\/aqxs\/","url":"https:\/\/eralux.com\/fr\/produit\/aqxs\/","name":"AQX SLIM - Eralux","isPartOf":{"@id":"https:\/\/eralux.com\/fr\/#website"},"primaryImageOfPage":{"@id":"https:\/\/eralux.com\/fr\/produit\/aqxs\/#primaryimage"},"image":{"@id":"https:\/\/eralux.com\/fr\/produit\/aqxs\/#primaryimage"},"thumbnailUrl":"https:\/\/eralux.com\/wp-content\/uploads\/2024\/05\/AQX1-1.jpg","datePublished":"2024-05-27T18:22:32+00:00","dateModified":"2025-03-18T13:34:25+00:00","description":"Notre AQXS Linear est class\u00e9 IP65\/ pas enti\u00e8rement expos\u00e9 \u00e0 l'ext\u00e9rieur. Il peut \u00eatre mont\u00e9 en surface ou suspendu ; autonome ou continu. Maintient une haute efficacit\u00e9 \u00e0 90CRI. La meilleure option pour les piscines, les entr\u00e9es de m\u00e9tro ou m\u00eame les quais de gare.","breadcrumb":{"@id":"https:\/\/eralux.com\/fr\/produit\/aqxs\/#breadcrumb"},"inLanguage":"fr-FR","potentialAction":[{"@type":"ReadAction","target":["https:\/\/eralux.com\/fr\/produit\/aqxs\/"]}]},{"@type":"ImageObject","inLanguage":"fr-FR","@id":"https:\/\/eralux.com\/fr\/produit\/aqxs\/#primaryimage","url":"https:\/\/eralux.com\/wp-content\/uploads\/2024\/05\/AQX1-1.jpg","contentUrl":"https:\/\/eralux.com\/wp-content\/uploads\/2024\/05\/AQX1-1.jpg","width":1000,"height":1000},{"@type":"BreadcrumbList","@id":"https:\/\/eralux.com\/fr\/produit\/aqxs\/#breadcrumb","itemListElement":[{"@type":"ListItem","position":1,"name":"Home","item":"https:\/\/eralux.com\/fr\/"},{"@type":"ListItem","position":2,"name":"Shop","item":"https:\/\/eralux.com\/shop\/"},{"@type":"ListItem","position":3,"name":"AQX SLIM"}]},{"@type":"WebSite","@id":"https:\/\/eralux.com\/fr\/#website","url":"https:\/\/eralux.com\/fr\/","name":"Eralux","description":"World leader for Energy Saving LED Solutions","publisher":{"@id":"https:\/\/eralux.com\/fr\/#organization"},"alternateName":"Led manufacturer Canada","potentialAction":[{"@type":"SearchAction","target":{"@type":"EntryPoint","urlTemplate":"https:\/\/eralux.com\/fr\/?s={search_term_string}"},"query-input":{"@type":"PropertyValueSpecification","valueRequired":true,"valueName":"search_term_string"}}],"inLanguage":"fr-FR"},{"@type":"Organization","@id":"https:\/\/eralux.com\/fr\/#organization","name":"Eralux","url":"https:\/\/eralux.com\/fr\/","logo":{"@type":"ImageObject","inLanguage":"fr-FR","@id":"https:\/\/eralux.com\/fr\/#\/schema\/logo\/image\/","url":"https:\/\/eralux.com\/wp-content\/uploads\/2024\/01\/eralux-logo-trademark-R.png","contentUrl":"https:\/\/eralux.com\/wp-content\/uploads\/2024\/01\/eralux-logo-trademark-R.png","width":1000,"height":446,"caption":"Eralux"},"image":{"@id":"https:\/\/eralux.com\/fr\/#\/schema\/logo\/image\/"},"sameAs":["https:\/\/www.facebook.com\/aeralux.corp","https:\/\/x.com\/eralux_inc"],"description":"Save on energy with high-performance LED solutions. Choose Eralux for eco-friendly lighting. Explore our range today!"}]},"product_price_amount":"0.00","product_price_currency":"CAD","og_availability":"instock","product_availability":"instock","product_condition":"new"},"_links":{"self":[{"href":"https:\/\/eralux.com\/fr\/wp-json\/wp\/v2\/product\/11211","targetHints":{"allow":["GET"]}}],"collection":[{"href":"https:\/\/eralux.com\/fr\/wp-json\/wp\/v2\/product"}],"about":[{"href":"https:\/\/eralux.com\/fr\/wp-json\/wp\/v2\/types\/product"}],"replies":[{"embeddable":true,"href":"https:\/\/eralux.com\/fr\/wp-json\/wp\/v2\/comments?post=11211"}],"wp:featuredmedia":[{"embeddable":true,"href":"https:\/\/eralux.com\/fr\/wp-json\/wp\/v2\/media\/11233"}],"wp:attachment":[{"href":"https:\/\/eralux.com\/fr\/wp-json\/wp\/v2\/media?parent=11211"}],"wp:term":[{"taxonomy":"product_brand","embeddable":true,"href":"https:\/\/eralux.com\/fr\/wp-json\/wp\/v2\/product_brand?post=11211"},{"taxonomy":"product_cat","embeddable":true,"href":"https:\/\/eralux.com\/fr\/wp-json\/wp\/v2\/product_cat?post=11211"},{"taxonomy":"product_tag","embeddable":true,"href":"https:\/\/eralux.com\/fr\/wp-json\/wp\/v2\/product_tag?post=11211"}],"curies":[{"name":"wp","href":"https:\/\/api.w.org\/{rel}","templated":true}]}}