{"id":11697,"date":"2024-06-20T13:46:30","date_gmt":"2024-06-20T13:46:30","guid":{"rendered":"https:\/\/eralux.com\/?post_type=product&#038;p=11697"},"modified":"2025-12-04T18:09:03","modified_gmt":"2025-12-04T18:09:03","slug":"tango-x","status":"publish","type":"product","link":"https:\/\/eralux.com\/fr\/produit\/tango-x\/","title":{"rendered":"TANGO X"},"content":{"rendered":"<p>Le TANGO X est un luminaire encastr\u00e9 commercial rond dot\u00e9 d&#8217;un bo\u00eetier en aluminium, d&#8217;un r\u00e9flecteur au fini mat et de m\u00e9canismes \u00e0 ressort facilitant l&#8217;installation. Il est id\u00e9al pour les r\u00e9novations et les nouvelles constructions dans les \u00e9tablissements d&#8217;enseignement, les bureaux ou les environnements commerciaux (kit de montage requis). Disponible en 4&#8243; et 6&#8243; , il est dot\u00e9 de lumens s\u00e9lectionnables et de cinq commutateurs CCT, ce qui offre une grande flexibilit\u00e9 sur site.<\/p>\n","protected":false},"excerpt":{"rendered":"<p>Luminaire commercial encastr\u00e9 de 4 ou 6 po<\/p>\n","protected":false},"featured_media":11728,"comment_status":"open","ping_status":"closed","template":"","meta":{"inline_featured_image":false},"product_brand":[],"product_cat":[2059],"product_tag":[],"class_list":{"0":"post-11697","1":"product","2":"type-product","3":"status-publish","4":"has-post-thumbnail","6":"spec_sheets-9-cri-fr","7":"spec_sheets-2750-fr","8":"spec_sheets-010-fr-2","9":"spec_sheets-4-fr-2","10":"spec_sheets-6-2-fr","11":"spec_sheets-ca-fr","12":"spec_sheets-wh-fr-2","13":"spec_sheets-cct-fr","14":"spec_sheets-cri-fr","15":"spec_sheets-attenuation","16":"spec_sheets-finition","17":"spec_sheets-puissance","18":"spec_sheets-taille","19":"spec_sheets-15w-fr","20":"spec_sheets-18w-fr","21":"product_applications-bureau-commercial","22":"product_applications-magasin-de-mode","23":"product_applications-sante","24":"product_applications-magasin-de-detail","25":"product_segments-luminaires-encastres","26":"product_cat-ae-dl-tgx-fr","28":"first","29":"instock","30":"shipping-taxable","31":"purchasable","32":"product-type-simple"},"yoast_head":"<!-- This site is optimized with the Yoast SEO Premium plugin v24.2 (Yoast SEO v27.4) - https:\/\/yoast.com\/product\/yoast-seo-premium-wordpress\/ -->\n<title>TANGO X - Eralux<\/title>\n<meta name=\"description\" content=\"Le TANGO X est un luminaire encastr\u00e9 commercial rond dot\u00e9 d&#039;un bo\u00eetier en aluminium, d&#039;un r\u00e9flecteur au fini mat et de m\u00e9canismes \u00e0 ressort facilitant l&#039;installation. Il est id\u00e9al pour les r\u00e9novations et les nouvelles constructions dans les \u00e9tablissements d&#039;enseignement, les bureaux ou les environnements commerciaux (kit de montage requis). Disponible en 4&quot; et 6&quot; , il est dot\u00e9 de lumens s\u00e9lectionnables et de cinq commutateurs CCT, ce qui offre une grande flexibilit\u00e9 sur site.\" \/>\n<meta name=\"robots\" content=\"index, follow, max-snippet:-1, max-image-preview:large, max-video-preview:-1\" \/>\n<link rel=\"canonical\" href=\"https:\/\/eralux.com\/fr\/produit\/tango-x\/\" \/>\n<meta property=\"og:locale\" content=\"fr_FR\" \/>\n<meta property=\"og:type\" content=\"article\" \/>\n<meta property=\"og:title\" content=\"TANGO X\" \/>\n<meta property=\"og:description\" content=\"Le TANGO X est un luminaire encastr\u00e9 commercial rond dot\u00e9 d&#039;un bo\u00eetier en aluminium, d&#039;un r\u00e9flecteur au fini mat et de m\u00e9canismes \u00e0 ressort facilitant l&#039;installation. Il est id\u00e9al pour les r\u00e9novations et les nouvelles constructions dans les \u00e9tablissements d&#039;enseignement, les bureaux ou les environnements commerciaux (kit de montage requis). Disponible en 4&quot; et 6&quot; , il est dot\u00e9 de lumens s\u00e9lectionnables et de cinq commutateurs CCT, ce qui offre une grande flexibilit\u00e9 sur site.\" \/>\n<meta property=\"og:url\" content=\"https:\/\/eralux.com\/fr\/produit\/tango-x\/\" \/>\n<meta property=\"og:site_name\" content=\"Eralux\" \/>\n<meta property=\"article:publisher\" content=\"https:\/\/www.facebook.com\/aeralux.corp\" \/>\n<meta property=\"article:modified_time\" content=\"2025-12-04T18:09:03+00:00\" \/>\n<meta property=\"og:image\" content=\"https:\/\/eralux.com\/wp-content\/uploads\/2024\/06\/4-2-1.png\" \/>\n\t<meta property=\"og:image:width\" content=\"1000\" \/>\n\t<meta property=\"og:image:height\" content=\"1000\" \/>\n\t<meta property=\"og:image:type\" content=\"image\/png\" \/>\n<meta name=\"twitter:card\" content=\"summary_large_image\" \/>\n<meta name=\"twitter:site\" content=\"@eralux_inc\" \/>\n<meta name=\"twitter:label1\" content=\"Prix\" \/>\n\t<meta name=\"twitter:data1\" content=\"&#036;0.00\" \/>\n\t<meta name=\"twitter:label2\" content=\"Disponibilit\u00e9\" \/>\n\t<meta name=\"twitter:data2\" content=\"En stock\" \/>\n<script type=\"application\/ld+json\" class=\"yoast-schema-graph\">{\"@context\":\"https:\\\/\\\/schema.org\",\"@graph\":[{\"@type\":\"WebPage\",\"@id\":\"https:\\\/\\\/eralux.com\\\/fr\\\/produit\\\/tango-x\\\/\",\"url\":\"https:\\\/\\\/eralux.com\\\/fr\\\/produit\\\/tango-x\\\/\",\"name\":\"TANGO X - Eralux\",\"isPartOf\":{\"@id\":\"https:\\\/\\\/eralux.com\\\/fr\\\/#website\"},\"primaryImageOfPage\":{\"@id\":\"https:\\\/\\\/eralux.com\\\/fr\\\/produit\\\/tango-x\\\/#primaryimage\"},\"image\":{\"@id\":\"https:\\\/\\\/eralux.com\\\/fr\\\/produit\\\/tango-x\\\/#primaryimage\"},\"thumbnailUrl\":\"https:\\\/\\\/eralux.com\\\/wp-content\\\/uploads\\\/2024\\\/06\\\/4-2-1.png\",\"datePublished\":\"2024-06-20T13:46:30+00:00\",\"dateModified\":\"2025-12-04T18:09:03+00:00\",\"description\":\"Le TANGO X est un luminaire encastr\u00e9 commercial rond dot\u00e9 d'un bo\u00eetier en aluminium, d'un r\u00e9flecteur au fini mat et de m\u00e9canismes \u00e0 ressort facilitant l'installation. Il est id\u00e9al pour les r\u00e9novations et les nouvelles constructions dans les \u00e9tablissements d'enseignement, les bureaux ou les environnements commerciaux (kit de montage requis). Disponible en 4\\\" et 6\\\" , il est dot\u00e9 de lumens s\u00e9lectionnables et de cinq commutateurs CCT, ce qui offre une grande flexibilit\u00e9 sur site.\",\"breadcrumb\":{\"@id\":\"https:\\\/\\\/eralux.com\\\/fr\\\/produit\\\/tango-x\\\/#breadcrumb\"},\"inLanguage\":\"fr-FR\",\"potentialAction\":[{\"@type\":\"ReadAction\",\"target\":[\"https:\\\/\\\/eralux.com\\\/fr\\\/produit\\\/tango-x\\\/\"]}]},{\"@type\":\"ImageObject\",\"inLanguage\":\"fr-FR\",\"@id\":\"https:\\\/\\\/eralux.com\\\/fr\\\/produit\\\/tango-x\\\/#primaryimage\",\"url\":\"https:\\\/\\\/eralux.com\\\/wp-content\\\/uploads\\\/2024\\\/06\\\/4-2-1.png\",\"contentUrl\":\"https:\\\/\\\/eralux.com\\\/wp-content\\\/uploads\\\/2024\\\/06\\\/4-2-1.png\",\"width\":1000,\"height\":1000},{\"@type\":\"BreadcrumbList\",\"@id\":\"https:\\\/\\\/eralux.com\\\/fr\\\/produit\\\/tango-x\\\/#breadcrumb\",\"itemListElement\":[{\"@type\":\"ListItem\",\"position\":1,\"name\":\"Home\",\"item\":\"https:\\\/\\\/eralux.com\\\/fr\\\/\"},{\"@type\":\"ListItem\",\"position\":2,\"name\":\"Shop\",\"item\":\"https:\\\/\\\/eralux.com\\\/shop\\\/\"},{\"@type\":\"ListItem\",\"position\":3,\"name\":\"TANGO X\"}]},{\"@type\":\"WebSite\",\"@id\":\"https:\\\/\\\/eralux.com\\\/fr\\\/#website\",\"url\":\"https:\\\/\\\/eralux.com\\\/fr\\\/\",\"name\":\"Eralux\",\"description\":\"World leader for Energy Saving LED Solutions\",\"publisher\":{\"@id\":\"https:\\\/\\\/eralux.com\\\/fr\\\/#organization\"},\"alternateName\":\"Led manufacturer Canada\",\"potentialAction\":[{\"@type\":\"SearchAction\",\"target\":{\"@type\":\"EntryPoint\",\"urlTemplate\":\"https:\\\/\\\/eralux.com\\\/fr\\\/?s={search_term_string}\"},\"query-input\":{\"@type\":\"PropertyValueSpecification\",\"valueRequired\":true,\"valueName\":\"search_term_string\"}}],\"inLanguage\":\"fr-FR\"},{\"@type\":\"Organization\",\"@id\":\"https:\\\/\\\/eralux.com\\\/fr\\\/#organization\",\"name\":\"Eralux\",\"url\":\"https:\\\/\\\/eralux.com\\\/fr\\\/\",\"logo\":{\"@type\":\"ImageObject\",\"inLanguage\":\"fr-FR\",\"@id\":\"https:\\\/\\\/eralux.com\\\/fr\\\/#\\\/schema\\\/logo\\\/image\\\/\",\"url\":\"https:\\\/\\\/eralux.com\\\/wp-content\\\/uploads\\\/2024\\\/01\\\/eralux-logo-trademark-R.png\",\"contentUrl\":\"https:\\\/\\\/eralux.com\\\/wp-content\\\/uploads\\\/2024\\\/01\\\/eralux-logo-trademark-R.png\",\"width\":1000,\"height\":446,\"caption\":\"Eralux\"},\"image\":{\"@id\":\"https:\\\/\\\/eralux.com\\\/fr\\\/#\\\/schema\\\/logo\\\/image\\\/\"},\"sameAs\":[\"https:\\\/\\\/www.facebook.com\\\/aeralux.corp\",\"https:\\\/\\\/x.com\\\/eralux_inc\"],\"description\":\"Save on energy with high-performance LED solutions. Choose Eralux for eco-friendly lighting. Explore our range today!\"}]}<\/script>\n<meta property=\"product:price:amount\" content=\"0.00\" \/>\n<meta property=\"product:price:currency\" content=\"CAD\" \/>\n<meta property=\"og:availability\" content=\"instock\" \/>\n<meta property=\"product:availability\" content=\"instock\" \/>\n<meta property=\"product:condition\" content=\"new\" \/>\n<!-- \/ Yoast SEO Premium plugin. -->","yoast_head_json":{"title":"TANGO X - Eralux","description":"Le TANGO X est un luminaire encastr\u00e9 commercial rond dot\u00e9 d'un bo\u00eetier en aluminium, d'un r\u00e9flecteur au fini mat et de m\u00e9canismes \u00e0 ressort facilitant l'installation. Il est id\u00e9al pour les r\u00e9novations et les nouvelles constructions dans les \u00e9tablissements d'enseignement, les bureaux ou les environnements commerciaux (kit de montage requis). Disponible en 4\" et 6\" , il est dot\u00e9 de lumens s\u00e9lectionnables et de cinq commutateurs CCT, ce qui offre une grande flexibilit\u00e9 sur site.","robots":{"index":"index","follow":"follow","max-snippet":"max-snippet:-1","max-image-preview":"max-image-preview:large","max-video-preview":"max-video-preview:-1"},"canonical":"https:\/\/eralux.com\/fr\/produit\/tango-x\/","og_locale":"fr_FR","og_type":"article","og_title":"TANGO X","og_description":"Le TANGO X est un luminaire encastr\u00e9 commercial rond dot\u00e9 d'un bo\u00eetier en aluminium, d'un r\u00e9flecteur au fini mat et de m\u00e9canismes \u00e0 ressort facilitant l'installation. Il est id\u00e9al pour les r\u00e9novations et les nouvelles constructions dans les \u00e9tablissements d'enseignement, les bureaux ou les environnements commerciaux (kit de montage requis). Disponible en 4\" et 6\" , il est dot\u00e9 de lumens s\u00e9lectionnables et de cinq commutateurs CCT, ce qui offre une grande flexibilit\u00e9 sur site.","og_url":"https:\/\/eralux.com\/fr\/produit\/tango-x\/","og_site_name":"Eralux","article_publisher":"https:\/\/www.facebook.com\/aeralux.corp","article_modified_time":"2025-12-04T18:09:03+00:00","og_image":[{"width":1000,"height":1000,"url":"https:\/\/eralux.com\/wp-content\/uploads\/2024\/06\/4-2-1.png","type":"image\/png"}],"twitter_card":"summary_large_image","twitter_site":"@eralux_inc","twitter_misc":{"Prix":"&#36;0.00","Disponibilit\u00e9":"En stock"},"schema":{"@context":"https:\/\/schema.org","@graph":[{"@type":"WebPage","@id":"https:\/\/eralux.com\/fr\/produit\/tango-x\/","url":"https:\/\/eralux.com\/fr\/produit\/tango-x\/","name":"TANGO X - Eralux","isPartOf":{"@id":"https:\/\/eralux.com\/fr\/#website"},"primaryImageOfPage":{"@id":"https:\/\/eralux.com\/fr\/produit\/tango-x\/#primaryimage"},"image":{"@id":"https:\/\/eralux.com\/fr\/produit\/tango-x\/#primaryimage"},"thumbnailUrl":"https:\/\/eralux.com\/wp-content\/uploads\/2024\/06\/4-2-1.png","datePublished":"2024-06-20T13:46:30+00:00","dateModified":"2025-12-04T18:09:03+00:00","description":"Le TANGO X est un luminaire encastr\u00e9 commercial rond dot\u00e9 d'un bo\u00eetier en aluminium, d'un r\u00e9flecteur au fini mat et de m\u00e9canismes \u00e0 ressort facilitant l'installation. Il est id\u00e9al pour les r\u00e9novations et les nouvelles constructions dans les \u00e9tablissements d'enseignement, les bureaux ou les environnements commerciaux (kit de montage requis). Disponible en 4\" et 6\" , il est dot\u00e9 de lumens s\u00e9lectionnables et de cinq commutateurs CCT, ce qui offre une grande flexibilit\u00e9 sur site.","breadcrumb":{"@id":"https:\/\/eralux.com\/fr\/produit\/tango-x\/#breadcrumb"},"inLanguage":"fr-FR","potentialAction":[{"@type":"ReadAction","target":["https:\/\/eralux.com\/fr\/produit\/tango-x\/"]}]},{"@type":"ImageObject","inLanguage":"fr-FR","@id":"https:\/\/eralux.com\/fr\/produit\/tango-x\/#primaryimage","url":"https:\/\/eralux.com\/wp-content\/uploads\/2024\/06\/4-2-1.png","contentUrl":"https:\/\/eralux.com\/wp-content\/uploads\/2024\/06\/4-2-1.png","width":1000,"height":1000},{"@type":"BreadcrumbList","@id":"https:\/\/eralux.com\/fr\/produit\/tango-x\/#breadcrumb","itemListElement":[{"@type":"ListItem","position":1,"name":"Home","item":"https:\/\/eralux.com\/fr\/"},{"@type":"ListItem","position":2,"name":"Shop","item":"https:\/\/eralux.com\/shop\/"},{"@type":"ListItem","position":3,"name":"TANGO X"}]},{"@type":"WebSite","@id":"https:\/\/eralux.com\/fr\/#website","url":"https:\/\/eralux.com\/fr\/","name":"Eralux","description":"World leader for Energy Saving LED Solutions","publisher":{"@id":"https:\/\/eralux.com\/fr\/#organization"},"alternateName":"Led manufacturer Canada","potentialAction":[{"@type":"SearchAction","target":{"@type":"EntryPoint","urlTemplate":"https:\/\/eralux.com\/fr\/?s={search_term_string}"},"query-input":{"@type":"PropertyValueSpecification","valueRequired":true,"valueName":"search_term_string"}}],"inLanguage":"fr-FR"},{"@type":"Organization","@id":"https:\/\/eralux.com\/fr\/#organization","name":"Eralux","url":"https:\/\/eralux.com\/fr\/","logo":{"@type":"ImageObject","inLanguage":"fr-FR","@id":"https:\/\/eralux.com\/fr\/#\/schema\/logo\/image\/","url":"https:\/\/eralux.com\/wp-content\/uploads\/2024\/01\/eralux-logo-trademark-R.png","contentUrl":"https:\/\/eralux.com\/wp-content\/uploads\/2024\/01\/eralux-logo-trademark-R.png","width":1000,"height":446,"caption":"Eralux"},"image":{"@id":"https:\/\/eralux.com\/fr\/#\/schema\/logo\/image\/"},"sameAs":["https:\/\/www.facebook.com\/aeralux.corp","https:\/\/x.com\/eralux_inc"],"description":"Save on energy with high-performance LED solutions. Choose Eralux for eco-friendly lighting. Explore our range today!"}]},"product_price_amount":"0.00","product_price_currency":"CAD","og_availability":"instock","product_availability":"instock","product_condition":"new"},"_links":{"self":[{"href":"https:\/\/eralux.com\/fr\/wp-json\/wp\/v2\/product\/11697","targetHints":{"allow":["GET"]}}],"collection":[{"href":"https:\/\/eralux.com\/fr\/wp-json\/wp\/v2\/product"}],"about":[{"href":"https:\/\/eralux.com\/fr\/wp-json\/wp\/v2\/types\/product"}],"replies":[{"embeddable":true,"href":"https:\/\/eralux.com\/fr\/wp-json\/wp\/v2\/comments?post=11697"}],"wp:featuredmedia":[{"embeddable":true,"href":"https:\/\/eralux.com\/fr\/wp-json\/wp\/v2\/media\/11728"}],"wp:attachment":[{"href":"https:\/\/eralux.com\/fr\/wp-json\/wp\/v2\/media?parent=11697"}],"wp:term":[{"taxonomy":"product_brand","embeddable":true,"href":"https:\/\/eralux.com\/fr\/wp-json\/wp\/v2\/product_brand?post=11697"},{"taxonomy":"product_cat","embeddable":true,"href":"https:\/\/eralux.com\/fr\/wp-json\/wp\/v2\/product_cat?post=11697"},{"taxonomy":"product_tag","embeddable":true,"href":"https:\/\/eralux.com\/fr\/wp-json\/wp\/v2\/product_tag?post=11697"}],"curies":[{"name":"wp","href":"https:\/\/api.w.org\/{rel}","templated":true}]}}