{"id":11736,"date":"2024-06-21T15:35:19","date_gmt":"2024-06-21T15:35:19","guid":{"rendered":"https:\/\/eralux.com\/?post_type=product&#038;p=11736"},"modified":"2024-06-25T18:57:22","modified_gmt":"2024-06-25T18:57:22","slug":"flexa-copy","status":"publish","type":"product","link":"https:\/\/eralux.com\/fr\/produit\/flexa-copy\/","title":{"rendered":"FLEXY"},"content":{"rendered":"<p>Flexy est une solution d&#8217;\u00e9clairage r\u00e9volutionnaire con\u00e7ue pour \u00e9clairer les espaces avec une adaptabilit\u00e9 in\u00e9gal\u00e9e. Con\u00e7u avec pr\u00e9cision, ce syst\u00e8me d&#8217;\u00e9clairage innovant offre une dispersion de la lumi\u00e8re sur 360 degr\u00e9s. Il dispose de plusieurs options de montage : Montage en surface et suspension verticale ou horizontale. De plus, ce produit offre la possibilit\u00e9 d&#8217;\u00eatre coup\u00e9 \u00e0 n&#8217;importe quelle longueur sans zone sombre et avec un terminal sans soudure. En outre, il peut r\u00e9sister \u00e0 n&#8217;importe quel motif et conserver son aspect et sa distribution uniformes. flexy est id\u00e9al pour tout espace o\u00f9 la diff\u00e9renciation et l&#8217;unicit\u00e9 sont essentielles !<\/p>\n","protected":false},"excerpt":{"rendered":"<p>Flexible Free cut Tube light<\/p>\n","protected":false},"featured_media":11752,"comment_status":"open","ping_status":"closed","template":"","meta":{"inline_featured_image":false},"product_brand":[],"product_cat":[2069],"product_tag":[],"class_list":{"0":"post-11736","1":"product","2":"type-product","3":"status-publish","4":"has-post-thumbnail","6":"spec_sheets-v-smt-u-fr","7":"spec_sheets-h-air-o-fr","8":"spec_sheets-h-smt-fr","9":"spec_sheets-h-air-fr","10":"spec_sheets-h-air-link-fr","11":"spec_sheets-80-fr-2","12":"spec_sheets-30-fr-4","13":"spec_sheets-35-fr-2","14":"spec_sheets-40-fr-6","15":"spec_sheets-cct-fr","16":"spec_sheets-cri-fr","17":"spec_sheets-montage","18":"spec_sheets-taille","19":"product_applications-magasin-de-detail","20":"product_applications-magasin-de-mode","21":"product_applications-bureau-commercial","22":"product_segments-luminaires-decoratifs","23":"product_cat-ae-dc-fxy-fr","25":"first","26":"instock","27":"shipping-taxable","28":"product-type-simple"},"yoast_head":"<!-- This site is optimized with the Yoast SEO Premium plugin v24.2 (Yoast SEO v27.5) - https:\/\/yoast.com\/product\/yoast-seo-premium-wordpress\/ -->\n<title>FLEXY - Eralux<\/title>\n<meta name=\"description\" content=\"Flexy est une solution d&#039;\u00e9clairage r\u00e9volutionnaire con\u00e7ue pour \u00e9clairer les espaces avec une adaptabilit\u00e9 in\u00e9gal\u00e9e. Con\u00e7u avec pr\u00e9cision, ce syst\u00e8me d&#039;\u00e9clairage innovant offre une dispersion de la lumi\u00e8re sur 360 degr\u00e9s. Il dispose de plusieurs options de montage : Montage en surface et suspension verticale ou horizontale. De plus, ce produit offre la possibilit\u00e9 d&#039;\u00eatre coup\u00e9 \u00e0 n&#039;importe quelle longueur sans zone sombre et avec un terminal sans soudure. En outre, il peut r\u00e9sister \u00e0 n&#039;importe quel motif et conserver son aspect et sa distribution uniformes. flexy est id\u00e9al pour tout espace o\u00f9 la diff\u00e9renciation et l&#039;unicit\u00e9 sont essentielles !\" \/>\n<meta name=\"robots\" content=\"index, follow, max-snippet:-1, max-image-preview:large, max-video-preview:-1\" \/>\n<link rel=\"canonical\" href=\"https:\/\/eralux.com\/fr\/produit\/flexa-copy\/\" \/>\n<meta property=\"og:locale\" content=\"fr_FR\" \/>\n<meta property=\"og:type\" content=\"article\" \/>\n<meta property=\"og:title\" content=\"FLEXY\" \/>\n<meta property=\"og:description\" content=\"Flexy est une solution d&#039;\u00e9clairage r\u00e9volutionnaire con\u00e7ue pour \u00e9clairer les espaces avec une adaptabilit\u00e9 in\u00e9gal\u00e9e. Con\u00e7u avec pr\u00e9cision, ce syst\u00e8me d&#039;\u00e9clairage innovant offre une dispersion de la lumi\u00e8re sur 360 degr\u00e9s. Il dispose de plusieurs options de montage : Montage en surface et suspension verticale ou horizontale. De plus, ce produit offre la possibilit\u00e9 d&#039;\u00eatre coup\u00e9 \u00e0 n&#039;importe quelle longueur sans zone sombre et avec un terminal sans soudure. En outre, il peut r\u00e9sister \u00e0 n&#039;importe quel motif et conserver son aspect et sa distribution uniformes. flexy est id\u00e9al pour tout espace o\u00f9 la diff\u00e9renciation et l&#039;unicit\u00e9 sont essentielles !\" \/>\n<meta property=\"og:url\" content=\"https:\/\/eralux.com\/fr\/produit\/flexa-copy\/\" \/>\n<meta property=\"og:site_name\" content=\"Eralux\" \/>\n<meta property=\"article:publisher\" content=\"https:\/\/www.facebook.com\/aeralux.corp\" \/>\n<meta property=\"article:modified_time\" content=\"2024-06-25T18:57:22+00:00\" \/>\n<meta property=\"og:image\" content=\"https:\/\/eralux.com\/wp-content\/uploads\/2024\/06\/Flexy-1.jpg\" \/>\n\t<meta property=\"og:image:width\" content=\"1000\" \/>\n\t<meta property=\"og:image:height\" content=\"1000\" \/>\n\t<meta property=\"og:image:type\" content=\"image\/jpeg\" \/>\n<meta name=\"twitter:card\" content=\"summary_large_image\" \/>\n<meta name=\"twitter:site\" content=\"@eralux_inc\" \/>\n<meta name=\"twitter:label1\" content=\"Prix\" \/>\n\t<meta name=\"twitter:data1\" content=\"\" \/>\n\t<meta name=\"twitter:label2\" content=\"Disponibilit\u00e9\" \/>\n\t<meta name=\"twitter:data2\" content=\"En stock\" \/>\n<script type=\"application\/ld+json\" class=\"yoast-schema-graph\">{\"@context\":\"https:\\\/\\\/schema.org\",\"@graph\":[{\"@type\":\"WebPage\",\"@id\":\"https:\\\/\\\/eralux.com\\\/fr\\\/produit\\\/flexa-copy\\\/\",\"url\":\"https:\\\/\\\/eralux.com\\\/fr\\\/produit\\\/flexa-copy\\\/\",\"name\":\"FLEXY - Eralux\",\"isPartOf\":{\"@id\":\"https:\\\/\\\/eralux.com\\\/fr\\\/#website\"},\"primaryImageOfPage\":{\"@id\":\"https:\\\/\\\/eralux.com\\\/fr\\\/produit\\\/flexa-copy\\\/#primaryimage\"},\"image\":{\"@id\":\"https:\\\/\\\/eralux.com\\\/fr\\\/produit\\\/flexa-copy\\\/#primaryimage\"},\"thumbnailUrl\":\"https:\\\/\\\/eralux.com\\\/wp-content\\\/uploads\\\/2024\\\/06\\\/Flexy-1.jpg\",\"datePublished\":\"2024-06-21T15:35:19+00:00\",\"dateModified\":\"2024-06-25T18:57:22+00:00\",\"description\":\"Flexy est une solution d'\u00e9clairage r\u00e9volutionnaire con\u00e7ue pour \u00e9clairer les espaces avec une adaptabilit\u00e9 in\u00e9gal\u00e9e. Con\u00e7u avec pr\u00e9cision, ce syst\u00e8me d'\u00e9clairage innovant offre une dispersion de la lumi\u00e8re sur 360 degr\u00e9s. Il dispose de plusieurs options de montage : Montage en surface et suspension verticale ou horizontale. De plus, ce produit offre la possibilit\u00e9 d'\u00eatre coup\u00e9 \u00e0 n'importe quelle longueur sans zone sombre et avec un terminal sans soudure. En outre, il peut r\u00e9sister \u00e0 n'importe quel motif et conserver son aspect et sa distribution uniformes. flexy est id\u00e9al pour tout espace o\u00f9 la diff\u00e9renciation et l'unicit\u00e9 sont essentielles !\",\"breadcrumb\":{\"@id\":\"https:\\\/\\\/eralux.com\\\/fr\\\/produit\\\/flexa-copy\\\/#breadcrumb\"},\"inLanguage\":\"fr-FR\",\"potentialAction\":[{\"@type\":\"ReadAction\",\"target\":[\"https:\\\/\\\/eralux.com\\\/fr\\\/produit\\\/flexa-copy\\\/\"]}]},{\"@type\":\"ImageObject\",\"inLanguage\":\"fr-FR\",\"@id\":\"https:\\\/\\\/eralux.com\\\/fr\\\/produit\\\/flexa-copy\\\/#primaryimage\",\"url\":\"https:\\\/\\\/eralux.com\\\/wp-content\\\/uploads\\\/2024\\\/06\\\/Flexy-1.jpg\",\"contentUrl\":\"https:\\\/\\\/eralux.com\\\/wp-content\\\/uploads\\\/2024\\\/06\\\/Flexy-1.jpg\",\"width\":1000,\"height\":1000},{\"@type\":\"BreadcrumbList\",\"@id\":\"https:\\\/\\\/eralux.com\\\/fr\\\/produit\\\/flexa-copy\\\/#breadcrumb\",\"itemListElement\":[{\"@type\":\"ListItem\",\"position\":1,\"name\":\"Home\",\"item\":\"https:\\\/\\\/eralux.com\\\/fr\\\/\"},{\"@type\":\"ListItem\",\"position\":2,\"name\":\"Shop\",\"item\":\"https:\\\/\\\/eralux.com\\\/shop\\\/\"},{\"@type\":\"ListItem\",\"position\":3,\"name\":\"FLEXY\"}]},{\"@type\":\"WebSite\",\"@id\":\"https:\\\/\\\/eralux.com\\\/fr\\\/#website\",\"url\":\"https:\\\/\\\/eralux.com\\\/fr\\\/\",\"name\":\"Eralux\",\"description\":\"World leader for Energy Saving LED Solutions\",\"publisher\":{\"@id\":\"https:\\\/\\\/eralux.com\\\/fr\\\/#organization\"},\"alternateName\":\"Led manufacturer Canada\",\"potentialAction\":[{\"@type\":\"SearchAction\",\"target\":{\"@type\":\"EntryPoint\",\"urlTemplate\":\"https:\\\/\\\/eralux.com\\\/fr\\\/?s={search_term_string}\"},\"query-input\":{\"@type\":\"PropertyValueSpecification\",\"valueRequired\":true,\"valueName\":\"search_term_string\"}}],\"inLanguage\":\"fr-FR\"},{\"@type\":\"Organization\",\"@id\":\"https:\\\/\\\/eralux.com\\\/fr\\\/#organization\",\"name\":\"Eralux\",\"url\":\"https:\\\/\\\/eralux.com\\\/fr\\\/\",\"logo\":{\"@type\":\"ImageObject\",\"inLanguage\":\"fr-FR\",\"@id\":\"https:\\\/\\\/eralux.com\\\/fr\\\/#\\\/schema\\\/logo\\\/image\\\/\",\"url\":\"https:\\\/\\\/eralux.com\\\/wp-content\\\/uploads\\\/2024\\\/01\\\/eralux-logo-trademark-R.png\",\"contentUrl\":\"https:\\\/\\\/eralux.com\\\/wp-content\\\/uploads\\\/2024\\\/01\\\/eralux-logo-trademark-R.png\",\"width\":1000,\"height\":446,\"caption\":\"Eralux\"},\"image\":{\"@id\":\"https:\\\/\\\/eralux.com\\\/fr\\\/#\\\/schema\\\/logo\\\/image\\\/\"},\"sameAs\":[\"https:\\\/\\\/www.facebook.com\\\/aeralux.corp\",\"https:\\\/\\\/x.com\\\/eralux_inc\"],\"description\":\"Save on energy with high-performance LED solutions. Choose Eralux for eco-friendly lighting. Explore our range today!\"}]}<\/script>\n<meta property=\"product:price:currency\" content=\"CAD\" \/>\n<meta property=\"og:availability\" content=\"instock\" \/>\n<meta property=\"product:availability\" content=\"instock\" \/>\n<meta property=\"product:condition\" content=\"new\" \/>\n<!-- \/ Yoast SEO Premium plugin. -->","yoast_head_json":{"title":"FLEXY - Eralux","description":"Flexy est une solution d'\u00e9clairage r\u00e9volutionnaire con\u00e7ue pour \u00e9clairer les espaces avec une adaptabilit\u00e9 in\u00e9gal\u00e9e. Con\u00e7u avec pr\u00e9cision, ce syst\u00e8me d'\u00e9clairage innovant offre une dispersion de la lumi\u00e8re sur 360 degr\u00e9s. Il dispose de plusieurs options de montage : Montage en surface et suspension verticale ou horizontale. De plus, ce produit offre la possibilit\u00e9 d'\u00eatre coup\u00e9 \u00e0 n'importe quelle longueur sans zone sombre et avec un terminal sans soudure. En outre, il peut r\u00e9sister \u00e0 n'importe quel motif et conserver son aspect et sa distribution uniformes. flexy est id\u00e9al pour tout espace o\u00f9 la diff\u00e9renciation et l'unicit\u00e9 sont essentielles !","robots":{"index":"index","follow":"follow","max-snippet":"max-snippet:-1","max-image-preview":"max-image-preview:large","max-video-preview":"max-video-preview:-1"},"canonical":"https:\/\/eralux.com\/fr\/produit\/flexa-copy\/","og_locale":"fr_FR","og_type":"article","og_title":"FLEXY","og_description":"Flexy est une solution d'\u00e9clairage r\u00e9volutionnaire con\u00e7ue pour \u00e9clairer les espaces avec une adaptabilit\u00e9 in\u00e9gal\u00e9e. Con\u00e7u avec pr\u00e9cision, ce syst\u00e8me d'\u00e9clairage innovant offre une dispersion de la lumi\u00e8re sur 360 degr\u00e9s. Il dispose de plusieurs options de montage : Montage en surface et suspension verticale ou horizontale. De plus, ce produit offre la possibilit\u00e9 d'\u00eatre coup\u00e9 \u00e0 n'importe quelle longueur sans zone sombre et avec un terminal sans soudure. En outre, il peut r\u00e9sister \u00e0 n'importe quel motif et conserver son aspect et sa distribution uniformes. flexy est id\u00e9al pour tout espace o\u00f9 la diff\u00e9renciation et l'unicit\u00e9 sont essentielles !","og_url":"https:\/\/eralux.com\/fr\/produit\/flexa-copy\/","og_site_name":"Eralux","article_publisher":"https:\/\/www.facebook.com\/aeralux.corp","article_modified_time":"2024-06-25T18:57:22+00:00","og_image":[{"width":1000,"height":1000,"url":"https:\/\/eralux.com\/wp-content\/uploads\/2024\/06\/Flexy-1.jpg","type":"image\/jpeg"}],"twitter_card":"summary_large_image","twitter_site":"@eralux_inc","twitter_misc":{"Prix":"","Disponibilit\u00e9":"En stock"},"schema":{"@context":"https:\/\/schema.org","@graph":[{"@type":"WebPage","@id":"https:\/\/eralux.com\/fr\/produit\/flexa-copy\/","url":"https:\/\/eralux.com\/fr\/produit\/flexa-copy\/","name":"FLEXY - Eralux","isPartOf":{"@id":"https:\/\/eralux.com\/fr\/#website"},"primaryImageOfPage":{"@id":"https:\/\/eralux.com\/fr\/produit\/flexa-copy\/#primaryimage"},"image":{"@id":"https:\/\/eralux.com\/fr\/produit\/flexa-copy\/#primaryimage"},"thumbnailUrl":"https:\/\/eralux.com\/wp-content\/uploads\/2024\/06\/Flexy-1.jpg","datePublished":"2024-06-21T15:35:19+00:00","dateModified":"2024-06-25T18:57:22+00:00","description":"Flexy est une solution d'\u00e9clairage r\u00e9volutionnaire con\u00e7ue pour \u00e9clairer les espaces avec une adaptabilit\u00e9 in\u00e9gal\u00e9e. Con\u00e7u avec pr\u00e9cision, ce syst\u00e8me d'\u00e9clairage innovant offre une dispersion de la lumi\u00e8re sur 360 degr\u00e9s. Il dispose de plusieurs options de montage : Montage en surface et suspension verticale ou horizontale. De plus, ce produit offre la possibilit\u00e9 d'\u00eatre coup\u00e9 \u00e0 n'importe quelle longueur sans zone sombre et avec un terminal sans soudure. En outre, il peut r\u00e9sister \u00e0 n'importe quel motif et conserver son aspect et sa distribution uniformes. flexy est id\u00e9al pour tout espace o\u00f9 la diff\u00e9renciation et l'unicit\u00e9 sont essentielles !","breadcrumb":{"@id":"https:\/\/eralux.com\/fr\/produit\/flexa-copy\/#breadcrumb"},"inLanguage":"fr-FR","potentialAction":[{"@type":"ReadAction","target":["https:\/\/eralux.com\/fr\/produit\/flexa-copy\/"]}]},{"@type":"ImageObject","inLanguage":"fr-FR","@id":"https:\/\/eralux.com\/fr\/produit\/flexa-copy\/#primaryimage","url":"https:\/\/eralux.com\/wp-content\/uploads\/2024\/06\/Flexy-1.jpg","contentUrl":"https:\/\/eralux.com\/wp-content\/uploads\/2024\/06\/Flexy-1.jpg","width":1000,"height":1000},{"@type":"BreadcrumbList","@id":"https:\/\/eralux.com\/fr\/produit\/flexa-copy\/#breadcrumb","itemListElement":[{"@type":"ListItem","position":1,"name":"Home","item":"https:\/\/eralux.com\/fr\/"},{"@type":"ListItem","position":2,"name":"Shop","item":"https:\/\/eralux.com\/shop\/"},{"@type":"ListItem","position":3,"name":"FLEXY"}]},{"@type":"WebSite","@id":"https:\/\/eralux.com\/fr\/#website","url":"https:\/\/eralux.com\/fr\/","name":"Eralux","description":"World leader for Energy Saving LED Solutions","publisher":{"@id":"https:\/\/eralux.com\/fr\/#organization"},"alternateName":"Led manufacturer Canada","potentialAction":[{"@type":"SearchAction","target":{"@type":"EntryPoint","urlTemplate":"https:\/\/eralux.com\/fr\/?s={search_term_string}"},"query-input":{"@type":"PropertyValueSpecification","valueRequired":true,"valueName":"search_term_string"}}],"inLanguage":"fr-FR"},{"@type":"Organization","@id":"https:\/\/eralux.com\/fr\/#organization","name":"Eralux","url":"https:\/\/eralux.com\/fr\/","logo":{"@type":"ImageObject","inLanguage":"fr-FR","@id":"https:\/\/eralux.com\/fr\/#\/schema\/logo\/image\/","url":"https:\/\/eralux.com\/wp-content\/uploads\/2024\/01\/eralux-logo-trademark-R.png","contentUrl":"https:\/\/eralux.com\/wp-content\/uploads\/2024\/01\/eralux-logo-trademark-R.png","width":1000,"height":446,"caption":"Eralux"},"image":{"@id":"https:\/\/eralux.com\/fr\/#\/schema\/logo\/image\/"},"sameAs":["https:\/\/www.facebook.com\/aeralux.corp","https:\/\/x.com\/eralux_inc"],"description":"Save on energy with high-performance LED solutions. Choose Eralux for eco-friendly lighting. Explore our range today!"}]},"product_price_currency":"CAD","og_availability":"instock","product_availability":"instock","product_condition":"new"},"_links":{"self":[{"href":"https:\/\/eralux.com\/fr\/wp-json\/wp\/v2\/product\/11736","targetHints":{"allow":["GET"]}}],"collection":[{"href":"https:\/\/eralux.com\/fr\/wp-json\/wp\/v2\/product"}],"about":[{"href":"https:\/\/eralux.com\/fr\/wp-json\/wp\/v2\/types\/product"}],"replies":[{"embeddable":true,"href":"https:\/\/eralux.com\/fr\/wp-json\/wp\/v2\/comments?post=11736"}],"wp:featuredmedia":[{"embeddable":true,"href":"https:\/\/eralux.com\/fr\/wp-json\/wp\/v2\/media\/11752"}],"wp:attachment":[{"href":"https:\/\/eralux.com\/fr\/wp-json\/wp\/v2\/media?parent=11736"}],"wp:term":[{"taxonomy":"product_brand","embeddable":true,"href":"https:\/\/eralux.com\/fr\/wp-json\/wp\/v2\/product_brand?post=11736"},{"taxonomy":"product_cat","embeddable":true,"href":"https:\/\/eralux.com\/fr\/wp-json\/wp\/v2\/product_cat?post=11736"},{"taxonomy":"product_tag","embeddable":true,"href":"https:\/\/eralux.com\/fr\/wp-json\/wp\/v2\/product_tag?post=11736"}],"curies":[{"name":"wp","href":"https:\/\/api.w.org\/{rel}","templated":true}]}}