{"id":11940,"date":"2024-06-28T16:39:24","date_gmt":"2024-06-28T16:39:24","guid":{"rendered":"https:\/\/eralux.com\/?post_type=product&#038;p=11940"},"modified":"2025-12-09T18:53:52","modified_gmt":"2025-12-09T18:53:52","slug":"silencio","status":"publish","type":"product","link":"https:\/\/eralux.com\/fr\/produit\/silencio\/","title":{"rendered":"SILENCIO"},"content":{"rendered":"<p>ERALUX pr\u00e9sente les panneaux acoustiques de la s\u00e9rie SILENCIO, con\u00e7us pour am\u00e9liorer la qualit\u00e9 du son et r\u00e9duire le bruit dans les environnements anim\u00e9s. Le SILENCIO est dot\u00e9 de mat\u00e9riaux insonorisants avanc\u00e9s, garantissant des performances acoustiques optimales pour les espaces tels que les bureaux, les salles de conf\u00e9rence et les espaces ouverts. Ces panneaux sont suspendus au plafond, offrant une esth\u00e9tique \u00e9l\u00e9gante et moderne tout en att\u00e9nuant efficacement le bruit ambiant. Facile \u00e0 installer gr\u00e2ce aux c\u00e2bles de suspension r\u00e9glables, la s\u00e9rie SILENCIO constitue une solution polyvalente et efficace pour cr\u00e9er des espaces plus silencieux et plus confortables.<\/p>\n","protected":false},"excerpt":{"rendered":"<p>Panneaux acoustiques de 4, 6 ou 8 pieds<\/p>\n","protected":false},"featured_media":13383,"comment_status":"open","ping_status":"closed","template":"","meta":{"inline_featured_image":false},"product_brand":[],"product_cat":[2524],"product_tag":[],"class_list":{"0":"post-11940","1":"product","2":"type-product","3":"status-publish","4":"has-post-thumbnail","6":"spec_sheets-couleur","7":"spec_sheets-bbq-fr","8":"spec_sheets-tartar-color","9":"spec_sheets-tilapia-color","10":"spec_sheets-blue-cheese-color","11":"spec_sheets-mustard-color","12":"spec_sheets-4ft-fr-2","13":"spec_sheets-wasabi-color","14":"spec_sheets-6ft-fr","15":"spec_sheets-soy-fr","16":"spec_sheets-8ft-fr","17":"spec_sheets-root-beer-color","18":"spec_sheets-longueur","19":"product_segments-panneau-acoustique","20":"product_cat-ae-sil","22":"first","23":"instock","24":"shipping-taxable","25":"product-type-simple"},"yoast_head":"<!-- This site is optimized with the Yoast SEO Premium plugin v24.2 (Yoast SEO v27.5) - https:\/\/yoast.com\/product\/yoast-seo-premium-wordpress\/ -->\n<title>SILENCIO - Eralux<\/title>\n<meta name=\"description\" content=\"ERALUX pr\u00e9sente les panneaux acoustiques de la s\u00e9rie SILENCIO, con\u00e7us pour am\u00e9liorer la qualit\u00e9 du son et r\u00e9duire le bruit dans les environnements anim\u00e9s. Le SILENCIO est dot\u00e9 de mat\u00e9riaux insonorisants avanc\u00e9s, garantissant des performances acoustiques optimales pour les espaces tels que les bureaux, les salles de conf\u00e9rence et les espaces ouverts. Ces panneaux sont suspendus au plafond, offrant une esth\u00e9tique \u00e9l\u00e9gante et moderne tout en att\u00e9nuant efficacement le bruit ambiant. Facile \u00e0 installer gr\u00e2ce aux c\u00e2bles de suspension r\u00e9glables, la s\u00e9rie SILENTO constitue une solution polyvalente et efficace pour cr\u00e9er des espaces plus silencieux et plus confortables.\" \/>\n<meta name=\"robots\" content=\"index, follow, max-snippet:-1, max-image-preview:large, max-video-preview:-1\" \/>\n<link rel=\"canonical\" href=\"https:\/\/eralux.com\/fr\/produit\/silencio\/\" \/>\n<meta property=\"og:locale\" content=\"fr_FR\" \/>\n<meta property=\"og:type\" content=\"article\" \/>\n<meta property=\"og:title\" content=\"SILENCIO\" \/>\n<meta property=\"og:description\" content=\"ERALUX pr\u00e9sente les panneaux acoustiques de la s\u00e9rie SILENCIO, con\u00e7us pour am\u00e9liorer la qualit\u00e9 du son et r\u00e9duire le bruit dans les environnements anim\u00e9s. Le SILENCIO est dot\u00e9 de mat\u00e9riaux insonorisants avanc\u00e9s, garantissant des performances acoustiques optimales pour les espaces tels que les bureaux, les salles de conf\u00e9rence et les espaces ouverts. Ces panneaux sont suspendus au plafond, offrant une esth\u00e9tique \u00e9l\u00e9gante et moderne tout en att\u00e9nuant efficacement le bruit ambiant. Facile \u00e0 installer gr\u00e2ce aux c\u00e2bles de suspension r\u00e9glables, la s\u00e9rie SILENTO constitue une solution polyvalente et efficace pour cr\u00e9er des espaces plus silencieux et plus confortables.\" \/>\n<meta property=\"og:url\" content=\"https:\/\/eralux.com\/fr\/produit\/silencio\/\" \/>\n<meta property=\"og:site_name\" content=\"Eralux\" \/>\n<meta property=\"article:publisher\" content=\"https:\/\/www.facebook.com\/aeralux.corp\" \/>\n<meta property=\"article:modified_time\" content=\"2025-12-09T18:53:52+00:00\" \/>\n<meta property=\"og:image\" content=\"https:\/\/eralux.com\/wp-content\/uploads\/2024\/06\/acoustic-panel-colors.png\" \/>\n\t<meta property=\"og:image:width\" content=\"816\" \/>\n\t<meta property=\"og:image:height\" content=\"816\" \/>\n\t<meta property=\"og:image:type\" content=\"image\/png\" \/>\n<meta name=\"twitter:card\" content=\"summary_large_image\" \/>\n<meta name=\"twitter:site\" content=\"@eralux_inc\" \/>\n<meta name=\"twitter:label1\" content=\"Prix\" \/>\n\t<meta name=\"twitter:data1\" content=\"\" \/>\n\t<meta name=\"twitter:label2\" content=\"Disponibilit\u00e9\" \/>\n\t<meta name=\"twitter:data2\" content=\"En stock\" \/>\n<script type=\"application\/ld+json\" class=\"yoast-schema-graph\">{\"@context\":\"https:\\\/\\\/schema.org\",\"@graph\":[{\"@type\":\"WebPage\",\"@id\":\"https:\\\/\\\/eralux.com\\\/fr\\\/produit\\\/silencio\\\/\",\"url\":\"https:\\\/\\\/eralux.com\\\/fr\\\/produit\\\/silencio\\\/\",\"name\":\"SILENCIO - Eralux\",\"isPartOf\":{\"@id\":\"https:\\\/\\\/eralux.com\\\/fr\\\/#website\"},\"primaryImageOfPage\":{\"@id\":\"https:\\\/\\\/eralux.com\\\/fr\\\/produit\\\/silencio\\\/#primaryimage\"},\"image\":{\"@id\":\"https:\\\/\\\/eralux.com\\\/fr\\\/produit\\\/silencio\\\/#primaryimage\"},\"thumbnailUrl\":\"https:\\\/\\\/eralux.com\\\/wp-content\\\/uploads\\\/2024\\\/06\\\/acoustic-panel-colors.png\",\"datePublished\":\"2024-06-28T16:39:24+00:00\",\"dateModified\":\"2025-12-09T18:53:52+00:00\",\"description\":\"ERALUX pr\u00e9sente les panneaux acoustiques de la s\u00e9rie SILENCIO, con\u00e7us pour am\u00e9liorer la qualit\u00e9 du son et r\u00e9duire le bruit dans les environnements anim\u00e9s. Le SILENCIO est dot\u00e9 de mat\u00e9riaux insonorisants avanc\u00e9s, garantissant des performances acoustiques optimales pour les espaces tels que les bureaux, les salles de conf\u00e9rence et les espaces ouverts. Ces panneaux sont suspendus au plafond, offrant une esth\u00e9tique \u00e9l\u00e9gante et moderne tout en att\u00e9nuant efficacement le bruit ambiant. Facile \u00e0 installer gr\u00e2ce aux c\u00e2bles de suspension r\u00e9glables, la s\u00e9rie SILENTO constitue une solution polyvalente et efficace pour cr\u00e9er des espaces plus silencieux et plus confortables.\",\"breadcrumb\":{\"@id\":\"https:\\\/\\\/eralux.com\\\/fr\\\/produit\\\/silencio\\\/#breadcrumb\"},\"inLanguage\":\"fr-FR\",\"potentialAction\":[{\"@type\":\"ReadAction\",\"target\":[\"https:\\\/\\\/eralux.com\\\/fr\\\/produit\\\/silencio\\\/\"]}]},{\"@type\":\"ImageObject\",\"inLanguage\":\"fr-FR\",\"@id\":\"https:\\\/\\\/eralux.com\\\/fr\\\/produit\\\/silencio\\\/#primaryimage\",\"url\":\"https:\\\/\\\/eralux.com\\\/wp-content\\\/uploads\\\/2024\\\/06\\\/acoustic-panel-colors.png\",\"contentUrl\":\"https:\\\/\\\/eralux.com\\\/wp-content\\\/uploads\\\/2024\\\/06\\\/acoustic-panel-colors.png\",\"width\":816,\"height\":816},{\"@type\":\"BreadcrumbList\",\"@id\":\"https:\\\/\\\/eralux.com\\\/fr\\\/produit\\\/silencio\\\/#breadcrumb\",\"itemListElement\":[{\"@type\":\"ListItem\",\"position\":1,\"name\":\"Home\",\"item\":\"https:\\\/\\\/eralux.com\\\/fr\\\/\"},{\"@type\":\"ListItem\",\"position\":2,\"name\":\"Shop\",\"item\":\"https:\\\/\\\/eralux.com\\\/shop\\\/\"},{\"@type\":\"ListItem\",\"position\":3,\"name\":\"SILENCIO\"}]},{\"@type\":\"WebSite\",\"@id\":\"https:\\\/\\\/eralux.com\\\/fr\\\/#website\",\"url\":\"https:\\\/\\\/eralux.com\\\/fr\\\/\",\"name\":\"Eralux\",\"description\":\"World leader for Energy Saving LED Solutions\",\"publisher\":{\"@id\":\"https:\\\/\\\/eralux.com\\\/fr\\\/#organization\"},\"alternateName\":\"Led manufacturer Canada\",\"potentialAction\":[{\"@type\":\"SearchAction\",\"target\":{\"@type\":\"EntryPoint\",\"urlTemplate\":\"https:\\\/\\\/eralux.com\\\/fr\\\/?s={search_term_string}\"},\"query-input\":{\"@type\":\"PropertyValueSpecification\",\"valueRequired\":true,\"valueName\":\"search_term_string\"}}],\"inLanguage\":\"fr-FR\"},{\"@type\":\"Organization\",\"@id\":\"https:\\\/\\\/eralux.com\\\/fr\\\/#organization\",\"name\":\"Eralux\",\"url\":\"https:\\\/\\\/eralux.com\\\/fr\\\/\",\"logo\":{\"@type\":\"ImageObject\",\"inLanguage\":\"fr-FR\",\"@id\":\"https:\\\/\\\/eralux.com\\\/fr\\\/#\\\/schema\\\/logo\\\/image\\\/\",\"url\":\"https:\\\/\\\/eralux.com\\\/wp-content\\\/uploads\\\/2024\\\/01\\\/eralux-logo-trademark-R.png\",\"contentUrl\":\"https:\\\/\\\/eralux.com\\\/wp-content\\\/uploads\\\/2024\\\/01\\\/eralux-logo-trademark-R.png\",\"width\":1000,\"height\":446,\"caption\":\"Eralux\"},\"image\":{\"@id\":\"https:\\\/\\\/eralux.com\\\/fr\\\/#\\\/schema\\\/logo\\\/image\\\/\"},\"sameAs\":[\"https:\\\/\\\/www.facebook.com\\\/aeralux.corp\",\"https:\\\/\\\/x.com\\\/eralux_inc\"],\"description\":\"Save on energy with high-performance LED solutions. Choose Eralux for eco-friendly lighting. Explore our range today!\"}]}<\/script>\n<meta property=\"product:price:currency\" content=\"CAD\" \/>\n<meta property=\"og:availability\" content=\"instock\" \/>\n<meta property=\"product:availability\" content=\"instock\" \/>\n<meta property=\"product:condition\" content=\"new\" \/>\n<!-- \/ Yoast SEO Premium plugin. -->","yoast_head_json":{"title":"SILENCIO - Eralux","description":"ERALUX pr\u00e9sente les panneaux acoustiques de la s\u00e9rie SILENCIO, con\u00e7us pour am\u00e9liorer la qualit\u00e9 du son et r\u00e9duire le bruit dans les environnements anim\u00e9s. Le SILENCIO est dot\u00e9 de mat\u00e9riaux insonorisants avanc\u00e9s, garantissant des performances acoustiques optimales pour les espaces tels que les bureaux, les salles de conf\u00e9rence et les espaces ouverts. Ces panneaux sont suspendus au plafond, offrant une esth\u00e9tique \u00e9l\u00e9gante et moderne tout en att\u00e9nuant efficacement le bruit ambiant. Facile \u00e0 installer gr\u00e2ce aux c\u00e2bles de suspension r\u00e9glables, la s\u00e9rie SILENTO constitue une solution polyvalente et efficace pour cr\u00e9er des espaces plus silencieux et plus confortables.","robots":{"index":"index","follow":"follow","max-snippet":"max-snippet:-1","max-image-preview":"max-image-preview:large","max-video-preview":"max-video-preview:-1"},"canonical":"https:\/\/eralux.com\/fr\/produit\/silencio\/","og_locale":"fr_FR","og_type":"article","og_title":"SILENCIO","og_description":"ERALUX pr\u00e9sente les panneaux acoustiques de la s\u00e9rie SILENCIO, con\u00e7us pour am\u00e9liorer la qualit\u00e9 du son et r\u00e9duire le bruit dans les environnements anim\u00e9s. Le SILENCIO est dot\u00e9 de mat\u00e9riaux insonorisants avanc\u00e9s, garantissant des performances acoustiques optimales pour les espaces tels que les bureaux, les salles de conf\u00e9rence et les espaces ouverts. Ces panneaux sont suspendus au plafond, offrant une esth\u00e9tique \u00e9l\u00e9gante et moderne tout en att\u00e9nuant efficacement le bruit ambiant. Facile \u00e0 installer gr\u00e2ce aux c\u00e2bles de suspension r\u00e9glables, la s\u00e9rie SILENTO constitue une solution polyvalente et efficace pour cr\u00e9er des espaces plus silencieux et plus confortables.","og_url":"https:\/\/eralux.com\/fr\/produit\/silencio\/","og_site_name":"Eralux","article_publisher":"https:\/\/www.facebook.com\/aeralux.corp","article_modified_time":"2025-12-09T18:53:52+00:00","og_image":[{"width":816,"height":816,"url":"https:\/\/eralux.com\/wp-content\/uploads\/2024\/06\/acoustic-panel-colors.png","type":"image\/png"}],"twitter_card":"summary_large_image","twitter_site":"@eralux_inc","twitter_misc":{"Prix":"","Disponibilit\u00e9":"En stock"},"schema":{"@context":"https:\/\/schema.org","@graph":[{"@type":"WebPage","@id":"https:\/\/eralux.com\/fr\/produit\/silencio\/","url":"https:\/\/eralux.com\/fr\/produit\/silencio\/","name":"SILENCIO - Eralux","isPartOf":{"@id":"https:\/\/eralux.com\/fr\/#website"},"primaryImageOfPage":{"@id":"https:\/\/eralux.com\/fr\/produit\/silencio\/#primaryimage"},"image":{"@id":"https:\/\/eralux.com\/fr\/produit\/silencio\/#primaryimage"},"thumbnailUrl":"https:\/\/eralux.com\/wp-content\/uploads\/2024\/06\/acoustic-panel-colors.png","datePublished":"2024-06-28T16:39:24+00:00","dateModified":"2025-12-09T18:53:52+00:00","description":"ERALUX pr\u00e9sente les panneaux acoustiques de la s\u00e9rie SILENCIO, con\u00e7us pour am\u00e9liorer la qualit\u00e9 du son et r\u00e9duire le bruit dans les environnements anim\u00e9s. Le SILENCIO est dot\u00e9 de mat\u00e9riaux insonorisants avanc\u00e9s, garantissant des performances acoustiques optimales pour les espaces tels que les bureaux, les salles de conf\u00e9rence et les espaces ouverts. Ces panneaux sont suspendus au plafond, offrant une esth\u00e9tique \u00e9l\u00e9gante et moderne tout en att\u00e9nuant efficacement le bruit ambiant. Facile \u00e0 installer gr\u00e2ce aux c\u00e2bles de suspension r\u00e9glables, la s\u00e9rie SILENTO constitue une solution polyvalente et efficace pour cr\u00e9er des espaces plus silencieux et plus confortables.","breadcrumb":{"@id":"https:\/\/eralux.com\/fr\/produit\/silencio\/#breadcrumb"},"inLanguage":"fr-FR","potentialAction":[{"@type":"ReadAction","target":["https:\/\/eralux.com\/fr\/produit\/silencio\/"]}]},{"@type":"ImageObject","inLanguage":"fr-FR","@id":"https:\/\/eralux.com\/fr\/produit\/silencio\/#primaryimage","url":"https:\/\/eralux.com\/wp-content\/uploads\/2024\/06\/acoustic-panel-colors.png","contentUrl":"https:\/\/eralux.com\/wp-content\/uploads\/2024\/06\/acoustic-panel-colors.png","width":816,"height":816},{"@type":"BreadcrumbList","@id":"https:\/\/eralux.com\/fr\/produit\/silencio\/#breadcrumb","itemListElement":[{"@type":"ListItem","position":1,"name":"Home","item":"https:\/\/eralux.com\/fr\/"},{"@type":"ListItem","position":2,"name":"Shop","item":"https:\/\/eralux.com\/shop\/"},{"@type":"ListItem","position":3,"name":"SILENCIO"}]},{"@type":"WebSite","@id":"https:\/\/eralux.com\/fr\/#website","url":"https:\/\/eralux.com\/fr\/","name":"Eralux","description":"World leader for Energy Saving LED Solutions","publisher":{"@id":"https:\/\/eralux.com\/fr\/#organization"},"alternateName":"Led manufacturer Canada","potentialAction":[{"@type":"SearchAction","target":{"@type":"EntryPoint","urlTemplate":"https:\/\/eralux.com\/fr\/?s={search_term_string}"},"query-input":{"@type":"PropertyValueSpecification","valueRequired":true,"valueName":"search_term_string"}}],"inLanguage":"fr-FR"},{"@type":"Organization","@id":"https:\/\/eralux.com\/fr\/#organization","name":"Eralux","url":"https:\/\/eralux.com\/fr\/","logo":{"@type":"ImageObject","inLanguage":"fr-FR","@id":"https:\/\/eralux.com\/fr\/#\/schema\/logo\/image\/","url":"https:\/\/eralux.com\/wp-content\/uploads\/2024\/01\/eralux-logo-trademark-R.png","contentUrl":"https:\/\/eralux.com\/wp-content\/uploads\/2024\/01\/eralux-logo-trademark-R.png","width":1000,"height":446,"caption":"Eralux"},"image":{"@id":"https:\/\/eralux.com\/fr\/#\/schema\/logo\/image\/"},"sameAs":["https:\/\/www.facebook.com\/aeralux.corp","https:\/\/x.com\/eralux_inc"],"description":"Save on energy with high-performance LED solutions. Choose Eralux for eco-friendly lighting. Explore our range today!"}]},"product_price_currency":"CAD","og_availability":"instock","product_availability":"instock","product_condition":"new"},"_links":{"self":[{"href":"https:\/\/eralux.com\/fr\/wp-json\/wp\/v2\/product\/11940","targetHints":{"allow":["GET"]}}],"collection":[{"href":"https:\/\/eralux.com\/fr\/wp-json\/wp\/v2\/product"}],"about":[{"href":"https:\/\/eralux.com\/fr\/wp-json\/wp\/v2\/types\/product"}],"replies":[{"embeddable":true,"href":"https:\/\/eralux.com\/fr\/wp-json\/wp\/v2\/comments?post=11940"}],"wp:featuredmedia":[{"embeddable":true,"href":"https:\/\/eralux.com\/fr\/wp-json\/wp\/v2\/media\/13383"}],"wp:attachment":[{"href":"https:\/\/eralux.com\/fr\/wp-json\/wp\/v2\/media?parent=11940"}],"wp:term":[{"taxonomy":"product_brand","embeddable":true,"href":"https:\/\/eralux.com\/fr\/wp-json\/wp\/v2\/product_brand?post=11940"},{"taxonomy":"product_cat","embeddable":true,"href":"https:\/\/eralux.com\/fr\/wp-json\/wp\/v2\/product_cat?post=11940"},{"taxonomy":"product_tag","embeddable":true,"href":"https:\/\/eralux.com\/fr\/wp-json\/wp\/v2\/product_tag?post=11940"}],"curies":[{"name":"wp","href":"https:\/\/api.w.org\/{rel}","templated":true}]}}