{"id":11989,"date":"2024-07-02T15:46:10","date_gmt":"2024-07-02T15:46:10","guid":{"rendered":"https:\/\/eralux.com\/?post_type=product&#038;p=11989"},"modified":"2024-07-02T16:15:52","modified_gmt":"2024-07-02T16:15:52","slug":"kit-de-canopee","status":"publish","type":"product","link":"https:\/\/eralux.com\/fr\/produit\/kit-de-canopee\/","title":{"rendered":"KIT DE CANOP\u00c9E"},"content":{"rendered":"<p>Les kits de canop\u00e9e ERALUX sont destin\u00e9s \u00e0 suspendre tous les luminaires lin\u00e9aires du march\u00e9. Disponibles en noir et en blanc, ces auvents de 5 pouces de diam\u00e8tre sont fournis avec des vis autotaraudeuses, des ancres d&#8217;expansion en plastique, des vis de montage et des supports en U pour assurer un support rigide et faciliter l&#8217;installation du luminaire suspendu.<\/p>\n","protected":false},"excerpt":{"rendered":"<p>Canop\u00e9e pour luminaire lin\u00e9aire<\/p>\n","protected":false},"featured_media":11973,"comment_status":"open","ping_status":"closed","template":"","meta":{"inline_featured_image":false},"product_brand":[],"product_cat":[2099],"product_tag":[],"class_list":{"0":"post-11989","1":"product","2":"type-product","3":"status-publish","4":"has-post-thumbnail","6":"spec_sheets-5in-fr","7":"spec_sheets-wh-fr-2","8":"spec_sheets-bk-fr-2","9":"spec_sheets-finition","10":"spec_sheets-taille","11":"product_applications-bureau-commercial","12":"product_applications-education-fr","13":"product_applications-magasin-de-mode","14":"product_applications-sante","15":"product_applications-magasin-de-detail","16":"product_segments-accessoires","17":"product_cat-ae-sf-canopy-fr","19":"first","20":"instock","21":"shipping-taxable","22":"product-type-simple"},"yoast_head":"<!-- This site is optimized with the Yoast SEO Premium plugin v24.2 (Yoast SEO v27.5) - https:\/\/yoast.com\/product\/yoast-seo-premium-wordpress\/ -->\n<title>KIT DE CANOP\u00c9E - Eralux<\/title>\n<meta name=\"description\" content=\"Les kits de canop\u00e9e ERALUX sont destin\u00e9s \u00e0 suspendre tous les luminaires lin\u00e9aires du march\u00e9. Disponibles en noir et en blanc, ces auvents de 5 pouces de diam\u00e8tre sont fournis avec des vis autotaraudeuses, des ancres d&#039;expansion en plastique, des vis de montage et des supports en U pour assurer un support rigide et faciliter l&#039;installation du luminaire suspendu.\" \/>\n<meta name=\"robots\" content=\"index, follow, max-snippet:-1, max-image-preview:large, max-video-preview:-1\" \/>\n<link rel=\"canonical\" href=\"https:\/\/eralux.com\/fr\/produit\/kit-de-canopee\/\" \/>\n<meta property=\"og:locale\" content=\"fr_FR\" \/>\n<meta property=\"og:type\" content=\"article\" \/>\n<meta property=\"og:title\" content=\"KIT DE CANOP\u00c9E\" \/>\n<meta property=\"og:description\" content=\"Les kits de canop\u00e9e ERALUX sont destin\u00e9s \u00e0 suspendre tous les luminaires lin\u00e9aires du march\u00e9. Disponibles en noir et en blanc, ces auvents de 5 pouces de diam\u00e8tre sont fournis avec des vis autotaraudeuses, des ancres d&#039;expansion en plastique, des vis de montage et des supports en U pour assurer un support rigide et faciliter l&#039;installation du luminaire suspendu.\" \/>\n<meta property=\"og:url\" content=\"https:\/\/eralux.com\/fr\/produit\/kit-de-canopee\/\" \/>\n<meta property=\"og:site_name\" content=\"Eralux\" \/>\n<meta property=\"article:publisher\" content=\"https:\/\/www.facebook.com\/aeralux.corp\" \/>\n<meta property=\"article:modified_time\" content=\"2024-07-02T16:15:52+00:00\" \/>\n<meta property=\"og:image\" content=\"https:\/\/eralux.com\/wp-content\/uploads\/2024\/07\/AE-SF-CANOPY-BK-5IN__2_-removebg-preview-1.png\" \/>\n\t<meta property=\"og:image:width\" content=\"1000\" \/>\n\t<meta property=\"og:image:height\" content=\"1000\" \/>\n\t<meta property=\"og:image:type\" content=\"image\/png\" \/>\n<meta name=\"twitter:card\" content=\"summary_large_image\" \/>\n<meta name=\"twitter:site\" content=\"@eralux_inc\" \/>\n<meta name=\"twitter:label1\" content=\"Prix\" \/>\n\t<meta name=\"twitter:data1\" content=\"\" \/>\n\t<meta name=\"twitter:label2\" content=\"Disponibilit\u00e9\" \/>\n\t<meta name=\"twitter:data2\" content=\"En stock\" \/>\n<script type=\"application\/ld+json\" class=\"yoast-schema-graph\">{\"@context\":\"https:\\\/\\\/schema.org\",\"@graph\":[{\"@type\":\"WebPage\",\"@id\":\"https:\\\/\\\/eralux.com\\\/fr\\\/produit\\\/kit-de-canopee\\\/\",\"url\":\"https:\\\/\\\/eralux.com\\\/fr\\\/produit\\\/kit-de-canopee\\\/\",\"name\":\"KIT DE CANOP\u00c9E - Eralux\",\"isPartOf\":{\"@id\":\"https:\\\/\\\/eralux.com\\\/fr\\\/#website\"},\"primaryImageOfPage\":{\"@id\":\"https:\\\/\\\/eralux.com\\\/fr\\\/produit\\\/kit-de-canopee\\\/#primaryimage\"},\"image\":{\"@id\":\"https:\\\/\\\/eralux.com\\\/fr\\\/produit\\\/kit-de-canopee\\\/#primaryimage\"},\"thumbnailUrl\":\"https:\\\/\\\/eralux.com\\\/wp-content\\\/uploads\\\/2024\\\/07\\\/AE-SF-CANOPY-BK-5IN__2_-removebg-preview-1.png\",\"datePublished\":\"2024-07-02T15:46:10+00:00\",\"dateModified\":\"2024-07-02T16:15:52+00:00\",\"description\":\"Les kits de canop\u00e9e ERALUX sont destin\u00e9s \u00e0 suspendre tous les luminaires lin\u00e9aires du march\u00e9. Disponibles en noir et en blanc, ces auvents de 5 pouces de diam\u00e8tre sont fournis avec des vis autotaraudeuses, des ancres d'expansion en plastique, des vis de montage et des supports en U pour assurer un support rigide et faciliter l'installation du luminaire suspendu.\",\"breadcrumb\":{\"@id\":\"https:\\\/\\\/eralux.com\\\/fr\\\/produit\\\/kit-de-canopee\\\/#breadcrumb\"},\"inLanguage\":\"fr-FR\",\"potentialAction\":[{\"@type\":\"ReadAction\",\"target\":[\"https:\\\/\\\/eralux.com\\\/fr\\\/produit\\\/kit-de-canopee\\\/\"]}]},{\"@type\":\"ImageObject\",\"inLanguage\":\"fr-FR\",\"@id\":\"https:\\\/\\\/eralux.com\\\/fr\\\/produit\\\/kit-de-canopee\\\/#primaryimage\",\"url\":\"https:\\\/\\\/eralux.com\\\/wp-content\\\/uploads\\\/2024\\\/07\\\/AE-SF-CANOPY-BK-5IN__2_-removebg-preview-1.png\",\"contentUrl\":\"https:\\\/\\\/eralux.com\\\/wp-content\\\/uploads\\\/2024\\\/07\\\/AE-SF-CANOPY-BK-5IN__2_-removebg-preview-1.png\",\"width\":1000,\"height\":1000},{\"@type\":\"BreadcrumbList\",\"@id\":\"https:\\\/\\\/eralux.com\\\/fr\\\/produit\\\/kit-de-canopee\\\/#breadcrumb\",\"itemListElement\":[{\"@type\":\"ListItem\",\"position\":1,\"name\":\"Home\",\"item\":\"https:\\\/\\\/eralux.com\\\/fr\\\/\"},{\"@type\":\"ListItem\",\"position\":2,\"name\":\"Shop\",\"item\":\"https:\\\/\\\/eralux.com\\\/shop\\\/\"},{\"@type\":\"ListItem\",\"position\":3,\"name\":\"KIT DE CANOP\u00c9E\"}]},{\"@type\":\"WebSite\",\"@id\":\"https:\\\/\\\/eralux.com\\\/fr\\\/#website\",\"url\":\"https:\\\/\\\/eralux.com\\\/fr\\\/\",\"name\":\"Eralux\",\"description\":\"World leader for Energy Saving LED Solutions\",\"publisher\":{\"@id\":\"https:\\\/\\\/eralux.com\\\/fr\\\/#organization\"},\"alternateName\":\"Led manufacturer Canada\",\"potentialAction\":[{\"@type\":\"SearchAction\",\"target\":{\"@type\":\"EntryPoint\",\"urlTemplate\":\"https:\\\/\\\/eralux.com\\\/fr\\\/?s={search_term_string}\"},\"query-input\":{\"@type\":\"PropertyValueSpecification\",\"valueRequired\":true,\"valueName\":\"search_term_string\"}}],\"inLanguage\":\"fr-FR\"},{\"@type\":\"Organization\",\"@id\":\"https:\\\/\\\/eralux.com\\\/fr\\\/#organization\",\"name\":\"Eralux\",\"url\":\"https:\\\/\\\/eralux.com\\\/fr\\\/\",\"logo\":{\"@type\":\"ImageObject\",\"inLanguage\":\"fr-FR\",\"@id\":\"https:\\\/\\\/eralux.com\\\/fr\\\/#\\\/schema\\\/logo\\\/image\\\/\",\"url\":\"https:\\\/\\\/eralux.com\\\/wp-content\\\/uploads\\\/2024\\\/01\\\/eralux-logo-trademark-R.png\",\"contentUrl\":\"https:\\\/\\\/eralux.com\\\/wp-content\\\/uploads\\\/2024\\\/01\\\/eralux-logo-trademark-R.png\",\"width\":1000,\"height\":446,\"caption\":\"Eralux\"},\"image\":{\"@id\":\"https:\\\/\\\/eralux.com\\\/fr\\\/#\\\/schema\\\/logo\\\/image\\\/\"},\"sameAs\":[\"https:\\\/\\\/www.facebook.com\\\/aeralux.corp\",\"https:\\\/\\\/x.com\\\/eralux_inc\"],\"description\":\"Save on energy with high-performance LED solutions. Choose Eralux for eco-friendly lighting. Explore our range today!\"}]}<\/script>\n<meta property=\"product:price:currency\" content=\"CAD\" \/>\n<meta property=\"og:availability\" content=\"instock\" \/>\n<meta property=\"product:availability\" content=\"instock\" \/>\n<meta property=\"product:condition\" content=\"new\" \/>\n<!-- \/ Yoast SEO Premium plugin. -->","yoast_head_json":{"title":"KIT DE CANOP\u00c9E - Eralux","description":"Les kits de canop\u00e9e ERALUX sont destin\u00e9s \u00e0 suspendre tous les luminaires lin\u00e9aires du march\u00e9. Disponibles en noir et en blanc, ces auvents de 5 pouces de diam\u00e8tre sont fournis avec des vis autotaraudeuses, des ancres d'expansion en plastique, des vis de montage et des supports en U pour assurer un support rigide et faciliter l'installation du luminaire suspendu.","robots":{"index":"index","follow":"follow","max-snippet":"max-snippet:-1","max-image-preview":"max-image-preview:large","max-video-preview":"max-video-preview:-1"},"canonical":"https:\/\/eralux.com\/fr\/produit\/kit-de-canopee\/","og_locale":"fr_FR","og_type":"article","og_title":"KIT DE CANOP\u00c9E","og_description":"Les kits de canop\u00e9e ERALUX sont destin\u00e9s \u00e0 suspendre tous les luminaires lin\u00e9aires du march\u00e9. Disponibles en noir et en blanc, ces auvents de 5 pouces de diam\u00e8tre sont fournis avec des vis autotaraudeuses, des ancres d'expansion en plastique, des vis de montage et des supports en U pour assurer un support rigide et faciliter l'installation du luminaire suspendu.","og_url":"https:\/\/eralux.com\/fr\/produit\/kit-de-canopee\/","og_site_name":"Eralux","article_publisher":"https:\/\/www.facebook.com\/aeralux.corp","article_modified_time":"2024-07-02T16:15:52+00:00","og_image":[{"width":1000,"height":1000,"url":"https:\/\/eralux.com\/wp-content\/uploads\/2024\/07\/AE-SF-CANOPY-BK-5IN__2_-removebg-preview-1.png","type":"image\/png"}],"twitter_card":"summary_large_image","twitter_site":"@eralux_inc","twitter_misc":{"Prix":"","Disponibilit\u00e9":"En stock"},"schema":{"@context":"https:\/\/schema.org","@graph":[{"@type":"WebPage","@id":"https:\/\/eralux.com\/fr\/produit\/kit-de-canopee\/","url":"https:\/\/eralux.com\/fr\/produit\/kit-de-canopee\/","name":"KIT DE CANOP\u00c9E - Eralux","isPartOf":{"@id":"https:\/\/eralux.com\/fr\/#website"},"primaryImageOfPage":{"@id":"https:\/\/eralux.com\/fr\/produit\/kit-de-canopee\/#primaryimage"},"image":{"@id":"https:\/\/eralux.com\/fr\/produit\/kit-de-canopee\/#primaryimage"},"thumbnailUrl":"https:\/\/eralux.com\/wp-content\/uploads\/2024\/07\/AE-SF-CANOPY-BK-5IN__2_-removebg-preview-1.png","datePublished":"2024-07-02T15:46:10+00:00","dateModified":"2024-07-02T16:15:52+00:00","description":"Les kits de canop\u00e9e ERALUX sont destin\u00e9s \u00e0 suspendre tous les luminaires lin\u00e9aires du march\u00e9. Disponibles en noir et en blanc, ces auvents de 5 pouces de diam\u00e8tre sont fournis avec des vis autotaraudeuses, des ancres d'expansion en plastique, des vis de montage et des supports en U pour assurer un support rigide et faciliter l'installation du luminaire suspendu.","breadcrumb":{"@id":"https:\/\/eralux.com\/fr\/produit\/kit-de-canopee\/#breadcrumb"},"inLanguage":"fr-FR","potentialAction":[{"@type":"ReadAction","target":["https:\/\/eralux.com\/fr\/produit\/kit-de-canopee\/"]}]},{"@type":"ImageObject","inLanguage":"fr-FR","@id":"https:\/\/eralux.com\/fr\/produit\/kit-de-canopee\/#primaryimage","url":"https:\/\/eralux.com\/wp-content\/uploads\/2024\/07\/AE-SF-CANOPY-BK-5IN__2_-removebg-preview-1.png","contentUrl":"https:\/\/eralux.com\/wp-content\/uploads\/2024\/07\/AE-SF-CANOPY-BK-5IN__2_-removebg-preview-1.png","width":1000,"height":1000},{"@type":"BreadcrumbList","@id":"https:\/\/eralux.com\/fr\/produit\/kit-de-canopee\/#breadcrumb","itemListElement":[{"@type":"ListItem","position":1,"name":"Home","item":"https:\/\/eralux.com\/fr\/"},{"@type":"ListItem","position":2,"name":"Shop","item":"https:\/\/eralux.com\/shop\/"},{"@type":"ListItem","position":3,"name":"KIT DE CANOP\u00c9E"}]},{"@type":"WebSite","@id":"https:\/\/eralux.com\/fr\/#website","url":"https:\/\/eralux.com\/fr\/","name":"Eralux","description":"World leader for Energy Saving LED Solutions","publisher":{"@id":"https:\/\/eralux.com\/fr\/#organization"},"alternateName":"Led manufacturer Canada","potentialAction":[{"@type":"SearchAction","target":{"@type":"EntryPoint","urlTemplate":"https:\/\/eralux.com\/fr\/?s={search_term_string}"},"query-input":{"@type":"PropertyValueSpecification","valueRequired":true,"valueName":"search_term_string"}}],"inLanguage":"fr-FR"},{"@type":"Organization","@id":"https:\/\/eralux.com\/fr\/#organization","name":"Eralux","url":"https:\/\/eralux.com\/fr\/","logo":{"@type":"ImageObject","inLanguage":"fr-FR","@id":"https:\/\/eralux.com\/fr\/#\/schema\/logo\/image\/","url":"https:\/\/eralux.com\/wp-content\/uploads\/2024\/01\/eralux-logo-trademark-R.png","contentUrl":"https:\/\/eralux.com\/wp-content\/uploads\/2024\/01\/eralux-logo-trademark-R.png","width":1000,"height":446,"caption":"Eralux"},"image":{"@id":"https:\/\/eralux.com\/fr\/#\/schema\/logo\/image\/"},"sameAs":["https:\/\/www.facebook.com\/aeralux.corp","https:\/\/x.com\/eralux_inc"],"description":"Save on energy with high-performance LED solutions. Choose Eralux for eco-friendly lighting. Explore our range today!"}]},"product_price_currency":"CAD","og_availability":"instock","product_availability":"instock","product_condition":"new"},"_links":{"self":[{"href":"https:\/\/eralux.com\/fr\/wp-json\/wp\/v2\/product\/11989","targetHints":{"allow":["GET"]}}],"collection":[{"href":"https:\/\/eralux.com\/fr\/wp-json\/wp\/v2\/product"}],"about":[{"href":"https:\/\/eralux.com\/fr\/wp-json\/wp\/v2\/types\/product"}],"replies":[{"embeddable":true,"href":"https:\/\/eralux.com\/fr\/wp-json\/wp\/v2\/comments?post=11989"}],"wp:featuredmedia":[{"embeddable":true,"href":"https:\/\/eralux.com\/fr\/wp-json\/wp\/v2\/media\/11973"}],"wp:attachment":[{"href":"https:\/\/eralux.com\/fr\/wp-json\/wp\/v2\/media?parent=11989"}],"wp:term":[{"taxonomy":"product_brand","embeddable":true,"href":"https:\/\/eralux.com\/fr\/wp-json\/wp\/v2\/product_brand?post=11989"},{"taxonomy":"product_cat","embeddable":true,"href":"https:\/\/eralux.com\/fr\/wp-json\/wp\/v2\/product_cat?post=11989"},{"taxonomy":"product_tag","embeddable":true,"href":"https:\/\/eralux.com\/fr\/wp-json\/wp\/v2\/product_tag?post=11989"}],"curies":[{"name":"wp","href":"https:\/\/api.w.org\/{rel}","templated":true}]}}