{"id":11993,"date":"2024-07-02T15:06:06","date_gmt":"2024-07-02T15:06:06","guid":{"rendered":"https:\/\/eralux.com\/?post_type=product&#038;p=11993"},"modified":"2024-07-02T17:29:30","modified_gmt":"2024-07-02T17:29:30","slug":"support-de-rail-de-suspension","status":"publish","type":"product","link":"https:\/\/eralux.com\/fr\/produit\/support-de-rail-de-suspension\/","title":{"rendered":"SUPPORT DE RAIL DE SUSPENSION"},"content":{"rendered":"<p>Ce support de rail de suspension est con\u00e7u pour suspendre les syst\u00e8mes de rails aux plafonds. Ce kit comprend deux supports, l&#8217;un pour le rail et l&#8217;autre pour le plafond, un c\u00e2ble de 20 pieds, une pince et une vis pour fixer le support au rail.<\/p>\n","protected":false},"excerpt":{"rendered":"<p>Support de suspension du syst\u00e8me Track<\/p>\n","protected":false},"featured_media":12007,"comment_status":"open","ping_status":"closed","template":"","meta":{"inline_featured_image":false},"product_brand":[],"product_cat":[2109],"product_tag":[],"class_list":{"0":"post-11993","1":"product","2":"type-product","3":"status-publish","4":"has-post-thumbnail","6":"spec_sheets-blk-fr","7":"spec_sheets-wht-fr-2","8":"spec_sheets-finition","9":"product_applications-magasin-de-detail","10":"product_applications-bureau-commercial","11":"product_applications-education-fr","12":"product_applications-magasin-de-mode","13":"product_applications-hotellerie","14":"product_segments-accessoires","15":"product_cat-ar-ts-sus-kit-trk-fr","17":"first","18":"instock","19":"shipping-taxable","20":"product-type-simple"},"yoast_head":"<!-- This site is optimized with the Yoast SEO Premium plugin v24.2 (Yoast SEO v27.5) - https:\/\/yoast.com\/product\/yoast-seo-premium-wordpress\/ -->\n<title>SUPPORT DE RAIL DE SUSPENSION - Eralux<\/title>\n<meta name=\"description\" content=\"Ce support de rail de suspension est con\u00e7u pour suspendre les syst\u00e8mes de rails aux plafonds. Ce kit comprend deux supports, l&#039;un pour le rail et l&#039;autre pour le plafond, un c\u00e2ble de 20 pieds, une pince et une vis pour fixer le support au rail.\" \/>\n<meta name=\"robots\" content=\"index, follow, max-snippet:-1, max-image-preview:large, max-video-preview:-1\" \/>\n<link rel=\"canonical\" href=\"https:\/\/eralux.com\/fr\/produit\/support-de-rail-de-suspension\/\" \/>\n<meta property=\"og:locale\" content=\"fr_FR\" \/>\n<meta property=\"og:type\" content=\"article\" \/>\n<meta property=\"og:title\" content=\"SUPPORT DE RAIL DE SUSPENSION\" \/>\n<meta property=\"og:description\" content=\"Ce support de rail de suspension est con\u00e7u pour suspendre les syst\u00e8mes de rails aux plafonds. Ce kit comprend deux supports, l&#039;un pour le rail et l&#039;autre pour le plafond, un c\u00e2ble de 20 pieds, une pince et une vis pour fixer le support au rail.\" \/>\n<meta property=\"og:url\" content=\"https:\/\/eralux.com\/fr\/produit\/support-de-rail-de-suspension\/\" \/>\n<meta property=\"og:site_name\" content=\"Eralux\" \/>\n<meta property=\"article:publisher\" content=\"https:\/\/www.facebook.com\/aeralux.corp\" \/>\n<meta property=\"article:modified_time\" content=\"2024-07-02T17:29:30+00:00\" \/>\n<meta property=\"og:image\" content=\"https:\/\/eralux.com\/wp-content\/uploads\/2024\/07\/20240404_123357-removebg-preview-1.png\" \/>\n\t<meta property=\"og:image:width\" content=\"1000\" \/>\n\t<meta property=\"og:image:height\" content=\"1000\" \/>\n\t<meta property=\"og:image:type\" content=\"image\/png\" \/>\n<meta name=\"twitter:card\" content=\"summary_large_image\" \/>\n<meta name=\"twitter:site\" content=\"@eralux_inc\" \/>\n<meta name=\"twitter:label1\" content=\"Prix\" \/>\n\t<meta name=\"twitter:data1\" content=\"\" \/>\n\t<meta name=\"twitter:label2\" content=\"Disponibilit\u00e9\" \/>\n\t<meta name=\"twitter:data2\" content=\"En stock\" \/>\n<script type=\"application\/ld+json\" class=\"yoast-schema-graph\">{\"@context\":\"https:\\\/\\\/schema.org\",\"@graph\":[{\"@type\":\"WebPage\",\"@id\":\"https:\\\/\\\/eralux.com\\\/fr\\\/produit\\\/support-de-rail-de-suspension\\\/\",\"url\":\"https:\\\/\\\/eralux.com\\\/fr\\\/produit\\\/support-de-rail-de-suspension\\\/\",\"name\":\"SUPPORT DE RAIL DE SUSPENSION - Eralux\",\"isPartOf\":{\"@id\":\"https:\\\/\\\/eralux.com\\\/fr\\\/#website\"},\"primaryImageOfPage\":{\"@id\":\"https:\\\/\\\/eralux.com\\\/fr\\\/produit\\\/support-de-rail-de-suspension\\\/#primaryimage\"},\"image\":{\"@id\":\"https:\\\/\\\/eralux.com\\\/fr\\\/produit\\\/support-de-rail-de-suspension\\\/#primaryimage\"},\"thumbnailUrl\":\"https:\\\/\\\/eralux.com\\\/wp-content\\\/uploads\\\/2024\\\/07\\\/20240404_123357-removebg-preview-1.png\",\"datePublished\":\"2024-07-02T15:06:06+00:00\",\"dateModified\":\"2024-07-02T17:29:30+00:00\",\"description\":\"Ce support de rail de suspension est con\u00e7u pour suspendre les syst\u00e8mes de rails aux plafonds. Ce kit comprend deux supports, l'un pour le rail et l'autre pour le plafond, un c\u00e2ble de 20 pieds, une pince et une vis pour fixer le support au rail.\",\"breadcrumb\":{\"@id\":\"https:\\\/\\\/eralux.com\\\/fr\\\/produit\\\/support-de-rail-de-suspension\\\/#breadcrumb\"},\"inLanguage\":\"fr-FR\",\"potentialAction\":[{\"@type\":\"ReadAction\",\"target\":[\"https:\\\/\\\/eralux.com\\\/fr\\\/produit\\\/support-de-rail-de-suspension\\\/\"]}]},{\"@type\":\"ImageObject\",\"inLanguage\":\"fr-FR\",\"@id\":\"https:\\\/\\\/eralux.com\\\/fr\\\/produit\\\/support-de-rail-de-suspension\\\/#primaryimage\",\"url\":\"https:\\\/\\\/eralux.com\\\/wp-content\\\/uploads\\\/2024\\\/07\\\/20240404_123357-removebg-preview-1.png\",\"contentUrl\":\"https:\\\/\\\/eralux.com\\\/wp-content\\\/uploads\\\/2024\\\/07\\\/20240404_123357-removebg-preview-1.png\",\"width\":1000,\"height\":1000},{\"@type\":\"BreadcrumbList\",\"@id\":\"https:\\\/\\\/eralux.com\\\/fr\\\/produit\\\/support-de-rail-de-suspension\\\/#breadcrumb\",\"itemListElement\":[{\"@type\":\"ListItem\",\"position\":1,\"name\":\"Home\",\"item\":\"https:\\\/\\\/eralux.com\\\/fr\\\/\"},{\"@type\":\"ListItem\",\"position\":2,\"name\":\"Shop\",\"item\":\"https:\\\/\\\/eralux.com\\\/shop\\\/\"},{\"@type\":\"ListItem\",\"position\":3,\"name\":\"SUPPORT DE RAIL DE SUSPENSION\"}]},{\"@type\":\"WebSite\",\"@id\":\"https:\\\/\\\/eralux.com\\\/fr\\\/#website\",\"url\":\"https:\\\/\\\/eralux.com\\\/fr\\\/\",\"name\":\"Eralux\",\"description\":\"World leader for Energy Saving LED Solutions\",\"publisher\":{\"@id\":\"https:\\\/\\\/eralux.com\\\/fr\\\/#organization\"},\"alternateName\":\"Led manufacturer Canada\",\"potentialAction\":[{\"@type\":\"SearchAction\",\"target\":{\"@type\":\"EntryPoint\",\"urlTemplate\":\"https:\\\/\\\/eralux.com\\\/fr\\\/?s={search_term_string}\"},\"query-input\":{\"@type\":\"PropertyValueSpecification\",\"valueRequired\":true,\"valueName\":\"search_term_string\"}}],\"inLanguage\":\"fr-FR\"},{\"@type\":\"Organization\",\"@id\":\"https:\\\/\\\/eralux.com\\\/fr\\\/#organization\",\"name\":\"Eralux\",\"url\":\"https:\\\/\\\/eralux.com\\\/fr\\\/\",\"logo\":{\"@type\":\"ImageObject\",\"inLanguage\":\"fr-FR\",\"@id\":\"https:\\\/\\\/eralux.com\\\/fr\\\/#\\\/schema\\\/logo\\\/image\\\/\",\"url\":\"https:\\\/\\\/eralux.com\\\/wp-content\\\/uploads\\\/2024\\\/01\\\/eralux-logo-trademark-R.png\",\"contentUrl\":\"https:\\\/\\\/eralux.com\\\/wp-content\\\/uploads\\\/2024\\\/01\\\/eralux-logo-trademark-R.png\",\"width\":1000,\"height\":446,\"caption\":\"Eralux\"},\"image\":{\"@id\":\"https:\\\/\\\/eralux.com\\\/fr\\\/#\\\/schema\\\/logo\\\/image\\\/\"},\"sameAs\":[\"https:\\\/\\\/www.facebook.com\\\/aeralux.corp\",\"https:\\\/\\\/x.com\\\/eralux_inc\"],\"description\":\"Save on energy with high-performance LED solutions. Choose Eralux for eco-friendly lighting. Explore our range today!\"}]}<\/script>\n<meta property=\"product:price:currency\" content=\"CAD\" \/>\n<meta property=\"og:availability\" content=\"instock\" \/>\n<meta property=\"product:availability\" content=\"instock\" \/>\n<meta property=\"product:condition\" content=\"new\" \/>\n<!-- \/ Yoast SEO Premium plugin. -->","yoast_head_json":{"title":"SUPPORT DE RAIL DE SUSPENSION - Eralux","description":"Ce support de rail de suspension est con\u00e7u pour suspendre les syst\u00e8mes de rails aux plafonds. Ce kit comprend deux supports, l'un pour le rail et l'autre pour le plafond, un c\u00e2ble de 20 pieds, une pince et une vis pour fixer le support au rail.","robots":{"index":"index","follow":"follow","max-snippet":"max-snippet:-1","max-image-preview":"max-image-preview:large","max-video-preview":"max-video-preview:-1"},"canonical":"https:\/\/eralux.com\/fr\/produit\/support-de-rail-de-suspension\/","og_locale":"fr_FR","og_type":"article","og_title":"SUPPORT DE RAIL DE SUSPENSION","og_description":"Ce support de rail de suspension est con\u00e7u pour suspendre les syst\u00e8mes de rails aux plafonds. Ce kit comprend deux supports, l'un pour le rail et l'autre pour le plafond, un c\u00e2ble de 20 pieds, une pince et une vis pour fixer le support au rail.","og_url":"https:\/\/eralux.com\/fr\/produit\/support-de-rail-de-suspension\/","og_site_name":"Eralux","article_publisher":"https:\/\/www.facebook.com\/aeralux.corp","article_modified_time":"2024-07-02T17:29:30+00:00","og_image":[{"width":1000,"height":1000,"url":"https:\/\/eralux.com\/wp-content\/uploads\/2024\/07\/20240404_123357-removebg-preview-1.png","type":"image\/png"}],"twitter_card":"summary_large_image","twitter_site":"@eralux_inc","twitter_misc":{"Prix":"","Disponibilit\u00e9":"En stock"},"schema":{"@context":"https:\/\/schema.org","@graph":[{"@type":"WebPage","@id":"https:\/\/eralux.com\/fr\/produit\/support-de-rail-de-suspension\/","url":"https:\/\/eralux.com\/fr\/produit\/support-de-rail-de-suspension\/","name":"SUPPORT DE RAIL DE SUSPENSION - Eralux","isPartOf":{"@id":"https:\/\/eralux.com\/fr\/#website"},"primaryImageOfPage":{"@id":"https:\/\/eralux.com\/fr\/produit\/support-de-rail-de-suspension\/#primaryimage"},"image":{"@id":"https:\/\/eralux.com\/fr\/produit\/support-de-rail-de-suspension\/#primaryimage"},"thumbnailUrl":"https:\/\/eralux.com\/wp-content\/uploads\/2024\/07\/20240404_123357-removebg-preview-1.png","datePublished":"2024-07-02T15:06:06+00:00","dateModified":"2024-07-02T17:29:30+00:00","description":"Ce support de rail de suspension est con\u00e7u pour suspendre les syst\u00e8mes de rails aux plafonds. Ce kit comprend deux supports, l'un pour le rail et l'autre pour le plafond, un c\u00e2ble de 20 pieds, une pince et une vis pour fixer le support au rail.","breadcrumb":{"@id":"https:\/\/eralux.com\/fr\/produit\/support-de-rail-de-suspension\/#breadcrumb"},"inLanguage":"fr-FR","potentialAction":[{"@type":"ReadAction","target":["https:\/\/eralux.com\/fr\/produit\/support-de-rail-de-suspension\/"]}]},{"@type":"ImageObject","inLanguage":"fr-FR","@id":"https:\/\/eralux.com\/fr\/produit\/support-de-rail-de-suspension\/#primaryimage","url":"https:\/\/eralux.com\/wp-content\/uploads\/2024\/07\/20240404_123357-removebg-preview-1.png","contentUrl":"https:\/\/eralux.com\/wp-content\/uploads\/2024\/07\/20240404_123357-removebg-preview-1.png","width":1000,"height":1000},{"@type":"BreadcrumbList","@id":"https:\/\/eralux.com\/fr\/produit\/support-de-rail-de-suspension\/#breadcrumb","itemListElement":[{"@type":"ListItem","position":1,"name":"Home","item":"https:\/\/eralux.com\/fr\/"},{"@type":"ListItem","position":2,"name":"Shop","item":"https:\/\/eralux.com\/shop\/"},{"@type":"ListItem","position":3,"name":"SUPPORT DE RAIL DE SUSPENSION"}]},{"@type":"WebSite","@id":"https:\/\/eralux.com\/fr\/#website","url":"https:\/\/eralux.com\/fr\/","name":"Eralux","description":"World leader for Energy Saving LED Solutions","publisher":{"@id":"https:\/\/eralux.com\/fr\/#organization"},"alternateName":"Led manufacturer Canada","potentialAction":[{"@type":"SearchAction","target":{"@type":"EntryPoint","urlTemplate":"https:\/\/eralux.com\/fr\/?s={search_term_string}"},"query-input":{"@type":"PropertyValueSpecification","valueRequired":true,"valueName":"search_term_string"}}],"inLanguage":"fr-FR"},{"@type":"Organization","@id":"https:\/\/eralux.com\/fr\/#organization","name":"Eralux","url":"https:\/\/eralux.com\/fr\/","logo":{"@type":"ImageObject","inLanguage":"fr-FR","@id":"https:\/\/eralux.com\/fr\/#\/schema\/logo\/image\/","url":"https:\/\/eralux.com\/wp-content\/uploads\/2024\/01\/eralux-logo-trademark-R.png","contentUrl":"https:\/\/eralux.com\/wp-content\/uploads\/2024\/01\/eralux-logo-trademark-R.png","width":1000,"height":446,"caption":"Eralux"},"image":{"@id":"https:\/\/eralux.com\/fr\/#\/schema\/logo\/image\/"},"sameAs":["https:\/\/www.facebook.com\/aeralux.corp","https:\/\/x.com\/eralux_inc"],"description":"Save on energy with high-performance LED solutions. Choose Eralux for eco-friendly lighting. Explore our range today!"}]},"product_price_currency":"CAD","og_availability":"instock","product_availability":"instock","product_condition":"new"},"_links":{"self":[{"href":"https:\/\/eralux.com\/fr\/wp-json\/wp\/v2\/product\/11993","targetHints":{"allow":["GET"]}}],"collection":[{"href":"https:\/\/eralux.com\/fr\/wp-json\/wp\/v2\/product"}],"about":[{"href":"https:\/\/eralux.com\/fr\/wp-json\/wp\/v2\/types\/product"}],"replies":[{"embeddable":true,"href":"https:\/\/eralux.com\/fr\/wp-json\/wp\/v2\/comments?post=11993"}],"wp:featuredmedia":[{"embeddable":true,"href":"https:\/\/eralux.com\/fr\/wp-json\/wp\/v2\/media\/12007"}],"wp:attachment":[{"href":"https:\/\/eralux.com\/fr\/wp-json\/wp\/v2\/media?parent=11993"}],"wp:term":[{"taxonomy":"product_brand","embeddable":true,"href":"https:\/\/eralux.com\/fr\/wp-json\/wp\/v2\/product_brand?post=11993"},{"taxonomy":"product_cat","embeddable":true,"href":"https:\/\/eralux.com\/fr\/wp-json\/wp\/v2\/product_cat?post=11993"},{"taxonomy":"product_tag","embeddable":true,"href":"https:\/\/eralux.com\/fr\/wp-json\/wp\/v2\/product_tag?post=11993"}],"curies":[{"name":"wp","href":"https:\/\/api.w.org\/{rel}","templated":true}]}}