{"id":12284,"date":"2024-07-17T21:24:26","date_gmt":"2024-07-17T21:24:26","guid":{"rendered":"https:\/\/eralux.com\/?post_type=product&#038;p=12284"},"modified":"2025-12-04T18:17:46","modified_gmt":"2025-12-04T18:17:46","slug":"chandra-grande","status":"publish","type":"product","link":"https:\/\/eralux.com\/fr\/produit\/chandra-grande\/","title":{"rendered":"CHANDRA GRANDE"},"content":{"rendered":"<p>Le luminaire sur rail CHANDRA GRANDE se distingue par son allure \u00e9l\u00e9gante, sa vari\u00e9t\u00e9 d&#8217;options optiques et une s\u00e9rie d&#8217;accessoires pour s&#8217;adapter \u00e0 tous les sc\u00e9narios possibles. L&#8217;installation d&#8217;accessoires sur ce produit est un jeu d&#8217;enfant. Cela permet un d\u00e9ploiement rapide des installations dans les magasins pour la reconfiguration des produits. Ce produit est \u00e9galement livr\u00e9 en standard avec un IRC de 90. De plus, la fonction de s\u00e9lection de la puissance offre \u00e0 CHANDRA GRANDE une grande flexibilit\u00e9. Une autre caract\u00e9ristique distinctive est qu&#8217;avec l&#8217;adaptateur de rail appropri\u00e9, ce luminaire peut \u00e9galement fournir une gradation TRIAC.<\/p>\n","protected":false},"excerpt":{"rendered":"<p>T\u00eate de rail pour environnement commercial<\/p>\n","protected":false},"featured_media":12287,"comment_status":"open","ping_status":"closed","template":"","meta":{"inline_featured_image":false},"product_brand":[],"product_cat":[2142],"product_tag":[],"class_list":{"0":"post-12284","1":"product","2":"type-product","3":"status-publish","4":"has-post-thumbnail","6":"spec_sheets-j1-fr","7":"spec_sheets-g1-fr","8":"spec_sheets-nf-fr-2","9":"spec_sheets-h1-fr","10":"spec_sheets-fl-fr-2","11":"spec_sheets-l1-fr","12":"spec_sheets-wf-fr-3","13":"spec_sheets-vwf-fr","14":"spec_sheets-p-fr-3","15":"spec_sheets-wh-fr","16":"spec_sheets-bk-fr","17":"spec_sheets-sv-fr","18":"spec_sheets-distribution-fr","19":"spec_sheets-adapteur","20":"spec_sheets-cct-fr","21":"spec_sheets-cri-fr","22":"spec_sheets-finition","23":"spec_sheets-puissance","24":"spec_sheets-27-fr-2","25":"spec_sheets-30-fr","26":"spec_sheets-35-fr","27":"spec_sheets-40-fr","28":"spec_sheets-xxw-fr","29":"product_segments-projecteur-del-sur-rail","30":"product_segments-projecteurs-sur-rail","31":"product_cat-ae-tl-cdg-fr","33":"first","34":"instock","35":"shipping-taxable","36":"purchasable","37":"product-type-simple"},"yoast_head":"<!-- This site is optimized with the Yoast SEO Premium plugin v24.2 (Yoast SEO v27.5) - https:\/\/yoast.com\/product\/yoast-seo-premium-wordpress\/ -->\n<title>CHANDRA GRANDE - Eralux<\/title>\n<meta name=\"description\" content=\"Le luminaire sur rail CHANDRA GRANDE se distingue par son allure \u00e9l\u00e9gante, sa vari\u00e9t\u00e9 d&#039;options optiques et une s\u00e9rie d&#039;accessoires pour s&#039;adapter \u00e0 tous les sc\u00e9narios possibles. L&#039;installation d&#039;accessoires sur ce produit est un jeu d&#039;enfant. Cela permet un d\u00e9ploiement rapide des installations dans les magasins pour la reconfiguration des produits. Ce produit est \u00e9galement livr\u00e9 en standard avec un IRC de 90. De plus, la fonction de s\u00e9lection de la puissance offre \u00e0 CHANDRA GRANDE une grande flexibilit\u00e9. Une autre caract\u00e9ristique distinctive est qu&#039;avec l&#039;adaptateur de rail appropri\u00e9, ce luminaire peut \u00e9galement fournir une gradation Triac.\" \/>\n<meta name=\"robots\" content=\"index, follow, max-snippet:-1, max-image-preview:large, max-video-preview:-1\" \/>\n<link rel=\"canonical\" href=\"https:\/\/eralux.com\/fr\/produit\/chandra-grande\/\" \/>\n<meta property=\"og:locale\" content=\"fr_FR\" \/>\n<meta property=\"og:type\" content=\"article\" \/>\n<meta property=\"og:title\" content=\"CHANDRA GRANDE\" \/>\n<meta property=\"og:description\" content=\"Le luminaire sur rail CHANDRA GRANDE se distingue par son allure \u00e9l\u00e9gante, sa vari\u00e9t\u00e9 d&#039;options optiques et une s\u00e9rie d&#039;accessoires pour s&#039;adapter \u00e0 tous les sc\u00e9narios possibles. L&#039;installation d&#039;accessoires sur ce produit est un jeu d&#039;enfant. Cela permet un d\u00e9ploiement rapide des installations dans les magasins pour la reconfiguration des produits. Ce produit est \u00e9galement livr\u00e9 en standard avec un IRC de 90. De plus, la fonction de s\u00e9lection de la puissance offre \u00e0 CHANDRA GRANDE une grande flexibilit\u00e9. Une autre caract\u00e9ristique distinctive est qu&#039;avec l&#039;adaptateur de rail appropri\u00e9, ce luminaire peut \u00e9galement fournir une gradation Triac.\" \/>\n<meta property=\"og:url\" content=\"https:\/\/eralux.com\/fr\/produit\/chandra-grande\/\" \/>\n<meta property=\"og:site_name\" content=\"Eralux\" \/>\n<meta property=\"article:publisher\" content=\"https:\/\/www.facebook.com\/aeralux.corp\" \/>\n<meta property=\"article:modified_time\" content=\"2025-12-04T18:17:46+00:00\" \/>\n<meta property=\"og:image\" content=\"https:\/\/eralux.com\/wp-content\/uploads\/2024\/07\/WS-L068-M_20230202_1.png\" \/>\n\t<meta property=\"og:image:width\" content=\"1000\" \/>\n\t<meta property=\"og:image:height\" content=\"1000\" \/>\n\t<meta property=\"og:image:type\" content=\"image\/png\" \/>\n<meta name=\"twitter:card\" content=\"summary_large_image\" \/>\n<meta name=\"twitter:site\" content=\"@eralux_inc\" \/>\n<meta name=\"twitter:label1\" content=\"Prix\" \/>\n\t<meta name=\"twitter:data1\" content=\"&#036;0.00\" \/>\n\t<meta name=\"twitter:label2\" content=\"Disponibilit\u00e9\" \/>\n\t<meta name=\"twitter:data2\" content=\"En stock\" \/>\n<script type=\"application\/ld+json\" class=\"yoast-schema-graph\">{\"@context\":\"https:\\\/\\\/schema.org\",\"@graph\":[{\"@type\":\"WebPage\",\"@id\":\"https:\\\/\\\/eralux.com\\\/fr\\\/produit\\\/chandra-grande\\\/\",\"url\":\"https:\\\/\\\/eralux.com\\\/fr\\\/produit\\\/chandra-grande\\\/\",\"name\":\"CHANDRA GRANDE - Eralux\",\"isPartOf\":{\"@id\":\"https:\\\/\\\/eralux.com\\\/fr\\\/#website\"},\"primaryImageOfPage\":{\"@id\":\"https:\\\/\\\/eralux.com\\\/fr\\\/produit\\\/chandra-grande\\\/#primaryimage\"},\"image\":{\"@id\":\"https:\\\/\\\/eralux.com\\\/fr\\\/produit\\\/chandra-grande\\\/#primaryimage\"},\"thumbnailUrl\":\"https:\\\/\\\/eralux.com\\\/wp-content\\\/uploads\\\/2024\\\/07\\\/WS-L068-M_20230202_1.png\",\"datePublished\":\"2024-07-17T21:24:26+00:00\",\"dateModified\":\"2025-12-04T18:17:46+00:00\",\"description\":\"Le luminaire sur rail CHANDRA GRANDE se distingue par son allure \u00e9l\u00e9gante, sa vari\u00e9t\u00e9 d'options optiques et une s\u00e9rie d'accessoires pour s'adapter \u00e0 tous les sc\u00e9narios possibles. L'installation d'accessoires sur ce produit est un jeu d'enfant. Cela permet un d\u00e9ploiement rapide des installations dans les magasins pour la reconfiguration des produits. Ce produit est \u00e9galement livr\u00e9 en standard avec un IRC de 90. De plus, la fonction de s\u00e9lection de la puissance offre \u00e0 CHANDRA GRANDE une grande flexibilit\u00e9. Une autre caract\u00e9ristique distinctive est qu'avec l'adaptateur de rail appropri\u00e9, ce luminaire peut \u00e9galement fournir une gradation Triac.\",\"breadcrumb\":{\"@id\":\"https:\\\/\\\/eralux.com\\\/fr\\\/produit\\\/chandra-grande\\\/#breadcrumb\"},\"inLanguage\":\"fr-FR\",\"potentialAction\":[{\"@type\":\"ReadAction\",\"target\":[\"https:\\\/\\\/eralux.com\\\/fr\\\/produit\\\/chandra-grande\\\/\"]}]},{\"@type\":\"ImageObject\",\"inLanguage\":\"fr-FR\",\"@id\":\"https:\\\/\\\/eralux.com\\\/fr\\\/produit\\\/chandra-grande\\\/#primaryimage\",\"url\":\"https:\\\/\\\/eralux.com\\\/wp-content\\\/uploads\\\/2024\\\/07\\\/WS-L068-M_20230202_1.png\",\"contentUrl\":\"https:\\\/\\\/eralux.com\\\/wp-content\\\/uploads\\\/2024\\\/07\\\/WS-L068-M_20230202_1.png\",\"width\":1000,\"height\":1000},{\"@type\":\"BreadcrumbList\",\"@id\":\"https:\\\/\\\/eralux.com\\\/fr\\\/produit\\\/chandra-grande\\\/#breadcrumb\",\"itemListElement\":[{\"@type\":\"ListItem\",\"position\":1,\"name\":\"Home\",\"item\":\"https:\\\/\\\/eralux.com\\\/fr\\\/\"},{\"@type\":\"ListItem\",\"position\":2,\"name\":\"Shop\",\"item\":\"https:\\\/\\\/eralux.com\\\/shop\\\/\"},{\"@type\":\"ListItem\",\"position\":3,\"name\":\"CHANDRA GRANDE\"}]},{\"@type\":\"WebSite\",\"@id\":\"https:\\\/\\\/eralux.com\\\/fr\\\/#website\",\"url\":\"https:\\\/\\\/eralux.com\\\/fr\\\/\",\"name\":\"Eralux\",\"description\":\"World leader for Energy Saving LED Solutions\",\"publisher\":{\"@id\":\"https:\\\/\\\/eralux.com\\\/fr\\\/#organization\"},\"alternateName\":\"Led manufacturer Canada\",\"potentialAction\":[{\"@type\":\"SearchAction\",\"target\":{\"@type\":\"EntryPoint\",\"urlTemplate\":\"https:\\\/\\\/eralux.com\\\/fr\\\/?s={search_term_string}\"},\"query-input\":{\"@type\":\"PropertyValueSpecification\",\"valueRequired\":true,\"valueName\":\"search_term_string\"}}],\"inLanguage\":\"fr-FR\"},{\"@type\":\"Organization\",\"@id\":\"https:\\\/\\\/eralux.com\\\/fr\\\/#organization\",\"name\":\"Eralux\",\"url\":\"https:\\\/\\\/eralux.com\\\/fr\\\/\",\"logo\":{\"@type\":\"ImageObject\",\"inLanguage\":\"fr-FR\",\"@id\":\"https:\\\/\\\/eralux.com\\\/fr\\\/#\\\/schema\\\/logo\\\/image\\\/\",\"url\":\"https:\\\/\\\/eralux.com\\\/wp-content\\\/uploads\\\/2024\\\/01\\\/eralux-logo-trademark-R.png\",\"contentUrl\":\"https:\\\/\\\/eralux.com\\\/wp-content\\\/uploads\\\/2024\\\/01\\\/eralux-logo-trademark-R.png\",\"width\":1000,\"height\":446,\"caption\":\"Eralux\"},\"image\":{\"@id\":\"https:\\\/\\\/eralux.com\\\/fr\\\/#\\\/schema\\\/logo\\\/image\\\/\"},\"sameAs\":[\"https:\\\/\\\/www.facebook.com\\\/aeralux.corp\",\"https:\\\/\\\/x.com\\\/eralux_inc\"],\"description\":\"Save on energy with high-performance LED solutions. Choose Eralux for eco-friendly lighting. Explore our range today!\"}]}<\/script>\n<meta property=\"product:price:amount\" content=\"0.00\" \/>\n<meta property=\"product:price:currency\" content=\"CAD\" \/>\n<meta property=\"og:availability\" content=\"instock\" \/>\n<meta property=\"product:availability\" content=\"instock\" \/>\n<meta property=\"product:condition\" content=\"new\" \/>\n<!-- \/ Yoast SEO Premium plugin. -->","yoast_head_json":{"title":"CHANDRA GRANDE - Eralux","description":"Le luminaire sur rail CHANDRA GRANDE se distingue par son allure \u00e9l\u00e9gante, sa vari\u00e9t\u00e9 d'options optiques et une s\u00e9rie d'accessoires pour s'adapter \u00e0 tous les sc\u00e9narios possibles. L'installation d'accessoires sur ce produit est un jeu d'enfant. Cela permet un d\u00e9ploiement rapide des installations dans les magasins pour la reconfiguration des produits. Ce produit est \u00e9galement livr\u00e9 en standard avec un IRC de 90. De plus, la fonction de s\u00e9lection de la puissance offre \u00e0 CHANDRA GRANDE une grande flexibilit\u00e9. Une autre caract\u00e9ristique distinctive est qu'avec l'adaptateur de rail appropri\u00e9, ce luminaire peut \u00e9galement fournir une gradation Triac.","robots":{"index":"index","follow":"follow","max-snippet":"max-snippet:-1","max-image-preview":"max-image-preview:large","max-video-preview":"max-video-preview:-1"},"canonical":"https:\/\/eralux.com\/fr\/produit\/chandra-grande\/","og_locale":"fr_FR","og_type":"article","og_title":"CHANDRA GRANDE","og_description":"Le luminaire sur rail CHANDRA GRANDE se distingue par son allure \u00e9l\u00e9gante, sa vari\u00e9t\u00e9 d'options optiques et une s\u00e9rie d'accessoires pour s'adapter \u00e0 tous les sc\u00e9narios possibles. L'installation d'accessoires sur ce produit est un jeu d'enfant. Cela permet un d\u00e9ploiement rapide des installations dans les magasins pour la reconfiguration des produits. Ce produit est \u00e9galement livr\u00e9 en standard avec un IRC de 90. De plus, la fonction de s\u00e9lection de la puissance offre \u00e0 CHANDRA GRANDE une grande flexibilit\u00e9. Une autre caract\u00e9ristique distinctive est qu'avec l'adaptateur de rail appropri\u00e9, ce luminaire peut \u00e9galement fournir une gradation Triac.","og_url":"https:\/\/eralux.com\/fr\/produit\/chandra-grande\/","og_site_name":"Eralux","article_publisher":"https:\/\/www.facebook.com\/aeralux.corp","article_modified_time":"2025-12-04T18:17:46+00:00","og_image":[{"width":1000,"height":1000,"url":"https:\/\/eralux.com\/wp-content\/uploads\/2024\/07\/WS-L068-M_20230202_1.png","type":"image\/png"}],"twitter_card":"summary_large_image","twitter_site":"@eralux_inc","twitter_misc":{"Prix":"&#36;0.00","Disponibilit\u00e9":"En stock"},"schema":{"@context":"https:\/\/schema.org","@graph":[{"@type":"WebPage","@id":"https:\/\/eralux.com\/fr\/produit\/chandra-grande\/","url":"https:\/\/eralux.com\/fr\/produit\/chandra-grande\/","name":"CHANDRA GRANDE - Eralux","isPartOf":{"@id":"https:\/\/eralux.com\/fr\/#website"},"primaryImageOfPage":{"@id":"https:\/\/eralux.com\/fr\/produit\/chandra-grande\/#primaryimage"},"image":{"@id":"https:\/\/eralux.com\/fr\/produit\/chandra-grande\/#primaryimage"},"thumbnailUrl":"https:\/\/eralux.com\/wp-content\/uploads\/2024\/07\/WS-L068-M_20230202_1.png","datePublished":"2024-07-17T21:24:26+00:00","dateModified":"2025-12-04T18:17:46+00:00","description":"Le luminaire sur rail CHANDRA GRANDE se distingue par son allure \u00e9l\u00e9gante, sa vari\u00e9t\u00e9 d'options optiques et une s\u00e9rie d'accessoires pour s'adapter \u00e0 tous les sc\u00e9narios possibles. L'installation d'accessoires sur ce produit est un jeu d'enfant. Cela permet un d\u00e9ploiement rapide des installations dans les magasins pour la reconfiguration des produits. Ce produit est \u00e9galement livr\u00e9 en standard avec un IRC de 90. De plus, la fonction de s\u00e9lection de la puissance offre \u00e0 CHANDRA GRANDE une grande flexibilit\u00e9. Une autre caract\u00e9ristique distinctive est qu'avec l'adaptateur de rail appropri\u00e9, ce luminaire peut \u00e9galement fournir une gradation Triac.","breadcrumb":{"@id":"https:\/\/eralux.com\/fr\/produit\/chandra-grande\/#breadcrumb"},"inLanguage":"fr-FR","potentialAction":[{"@type":"ReadAction","target":["https:\/\/eralux.com\/fr\/produit\/chandra-grande\/"]}]},{"@type":"ImageObject","inLanguage":"fr-FR","@id":"https:\/\/eralux.com\/fr\/produit\/chandra-grande\/#primaryimage","url":"https:\/\/eralux.com\/wp-content\/uploads\/2024\/07\/WS-L068-M_20230202_1.png","contentUrl":"https:\/\/eralux.com\/wp-content\/uploads\/2024\/07\/WS-L068-M_20230202_1.png","width":1000,"height":1000},{"@type":"BreadcrumbList","@id":"https:\/\/eralux.com\/fr\/produit\/chandra-grande\/#breadcrumb","itemListElement":[{"@type":"ListItem","position":1,"name":"Home","item":"https:\/\/eralux.com\/fr\/"},{"@type":"ListItem","position":2,"name":"Shop","item":"https:\/\/eralux.com\/shop\/"},{"@type":"ListItem","position":3,"name":"CHANDRA GRANDE"}]},{"@type":"WebSite","@id":"https:\/\/eralux.com\/fr\/#website","url":"https:\/\/eralux.com\/fr\/","name":"Eralux","description":"World leader for Energy Saving LED Solutions","publisher":{"@id":"https:\/\/eralux.com\/fr\/#organization"},"alternateName":"Led manufacturer Canada","potentialAction":[{"@type":"SearchAction","target":{"@type":"EntryPoint","urlTemplate":"https:\/\/eralux.com\/fr\/?s={search_term_string}"},"query-input":{"@type":"PropertyValueSpecification","valueRequired":true,"valueName":"search_term_string"}}],"inLanguage":"fr-FR"},{"@type":"Organization","@id":"https:\/\/eralux.com\/fr\/#organization","name":"Eralux","url":"https:\/\/eralux.com\/fr\/","logo":{"@type":"ImageObject","inLanguage":"fr-FR","@id":"https:\/\/eralux.com\/fr\/#\/schema\/logo\/image\/","url":"https:\/\/eralux.com\/wp-content\/uploads\/2024\/01\/eralux-logo-trademark-R.png","contentUrl":"https:\/\/eralux.com\/wp-content\/uploads\/2024\/01\/eralux-logo-trademark-R.png","width":1000,"height":446,"caption":"Eralux"},"image":{"@id":"https:\/\/eralux.com\/fr\/#\/schema\/logo\/image\/"},"sameAs":["https:\/\/www.facebook.com\/aeralux.corp","https:\/\/x.com\/eralux_inc"],"description":"Save on energy with high-performance LED solutions. Choose Eralux for eco-friendly lighting. Explore our range today!"}]},"product_price_amount":"0.00","product_price_currency":"CAD","og_availability":"instock","product_availability":"instock","product_condition":"new"},"_links":{"self":[{"href":"https:\/\/eralux.com\/fr\/wp-json\/wp\/v2\/product\/12284","targetHints":{"allow":["GET"]}}],"collection":[{"href":"https:\/\/eralux.com\/fr\/wp-json\/wp\/v2\/product"}],"about":[{"href":"https:\/\/eralux.com\/fr\/wp-json\/wp\/v2\/types\/product"}],"replies":[{"embeddable":true,"href":"https:\/\/eralux.com\/fr\/wp-json\/wp\/v2\/comments?post=12284"}],"wp:featuredmedia":[{"embeddable":true,"href":"https:\/\/eralux.com\/fr\/wp-json\/wp\/v2\/media\/12287"}],"wp:attachment":[{"href":"https:\/\/eralux.com\/fr\/wp-json\/wp\/v2\/media?parent=12284"}],"wp:term":[{"taxonomy":"product_brand","embeddable":true,"href":"https:\/\/eralux.com\/fr\/wp-json\/wp\/v2\/product_brand?post=12284"},{"taxonomy":"product_cat","embeddable":true,"href":"https:\/\/eralux.com\/fr\/wp-json\/wp\/v2\/product_cat?post=12284"},{"taxonomy":"product_tag","embeddable":true,"href":"https:\/\/eralux.com\/fr\/wp-json\/wp\/v2\/product_tag?post=12284"}],"curies":[{"name":"wp","href":"https:\/\/api.w.org\/{rel}","templated":true}]}}