{"id":12329,"date":"2024-07-22T13:00:16","date_gmt":"2024-07-22T13:00:16","guid":{"rendered":"https:\/\/eralux.com\/?post_type=product&#038;p=12329"},"modified":"2025-12-21T03:14:59","modified_gmt":"2025-12-21T03:14:59","slug":"tria","status":"publish","type":"product","link":"https:\/\/eralux.com\/fr\/produit\/tria\/","title":{"rendered":"TRIA"},"content":{"rendered":"<p>Le TRIA, qui fait partie de la famille des projecteurs \u00e0 t\u00eates multiples, offre un design \u00e9l\u00e9gant et une flexibilit\u00e9 in\u00e9gal\u00e9e, fournissant la solution d&#8217;\u00e9clairage ultime pour n&#8217;importe quel environnement. La s\u00e9rie TRIA dispose de trois moteurs d&#8217;\u00e9clairage allant de 10W \u00e0 15W, offrant un \u00e9clairage puissant et personnalisable. En outre, son m\u00e9canisme \u00e0 ressort garantit une installation rapide et facile.<\/p>\n","protected":false},"excerpt":{"rendered":"<p>Downlight encastr\u00e9 ajustable 3&#8243; \u00e0 t\u00eates multiples<\/p>\n","protected":false},"featured_media":12331,"comment_status":"open","ping_status":"closed","template":"","meta":{"inline_featured_image":false},"product_brand":[],"product_cat":[2141],"product_tag":[],"class_list":{"0":"post-12329","1":"product","2":"type-product","3":"status-publish","4":"has-post-thumbnail","6":"spec_sheets-bkt-fr-2","7":"spec_sheets-uv-fr-5","8":"spec_sheets-3-fr-4","9":"spec_sheets-5-fr-3","10":"spec_sheets-x-fr","11":"spec_sheets-15-fr-6","12":"spec_sheets-24-fr-3","13":"spec_sheets-38-fr-2","14":"spec_sheets-55-fr-4","15":"spec_sheets-beam-angle-fr","16":"spec_sheets-30-fr-4","17":"spec_sheets-35-fr-2","18":"spec_sheets-40-fr-6","19":"spec_sheets-cct-fr","20":"spec_sheets-controles","21":"spec_sheets-finition","22":"spec_sheets-tension-dentree","23":"spec_sheets-puissance","24":"spec_sheets-taille","25":"spec_sheets-30w-fr","26":"spec_sheets-45w-fr","27":"product_applications-bureau-commercial","28":"product_applications-education-fr","29":"product_applications-magasin-de-mode","30":"product_applications-sante","31":"product_applications-magasin-de-detail","32":"product_segments-luminaires-encastres","33":"product_cat-ae-dl-tria-fr","35":"first","36":"instock","37":"shipping-taxable","38":"purchasable","39":"product-type-simple"},"yoast_head":"<!-- This site is optimized with the Yoast SEO Premium plugin v24.2 (Yoast SEO v27.4) - https:\/\/yoast.com\/product\/yoast-seo-premium-wordpress\/ -->\n<title>TRIA - Eralux (Fabricant LED Canada)<\/title>\n<meta name=\"description\" content=\"Le TRIA, qui fait partie de la famille des projecteurs \u00e0 t\u00eates multiples, offre un design \u00e9l\u00e9gant et une flexibilit\u00e9 in\u00e9gal\u00e9e, fournissant la solution d&#039;\u00e9clairage ultime pour n&#039;importe quel environnement. La s\u00e9rie TRIA dispose de trois moteurs d&#039;\u00e9clairage allant de 10W \u00e0 15W, offrant un \u00e9clairage puissant et personnalisable. En outre, son m\u00e9canisme \u00e0 ressort garantit une installation rapide et facile.\" \/>\n<meta name=\"robots\" content=\"index, follow, max-snippet:-1, max-image-preview:large, max-video-preview:-1\" \/>\n<link rel=\"canonical\" href=\"https:\/\/eralux.com\/fr\/produit\/tria\/\" \/>\n<meta property=\"og:locale\" content=\"fr_FR\" \/>\n<meta property=\"og:type\" content=\"article\" \/>\n<meta property=\"og:title\" content=\"TRIA\" \/>\n<meta property=\"og:description\" content=\"Le TRIA, qui fait partie de la famille des projecteurs \u00e0 t\u00eates multiples, offre un design \u00e9l\u00e9gant et une flexibilit\u00e9 in\u00e9gal\u00e9e, fournissant la solution d&#039;\u00e9clairage ultime pour n&#039;importe quel environnement. La s\u00e9rie TRIA dispose de trois moteurs d&#039;\u00e9clairage allant de 10W \u00e0 15W, offrant un \u00e9clairage puissant et personnalisable. En outre, son m\u00e9canisme \u00e0 ressort garantit une installation rapide et facile.\" \/>\n<meta property=\"og:url\" content=\"https:\/\/eralux.com\/fr\/produit\/tria\/\" \/>\n<meta property=\"og:site_name\" content=\"Eralux\" \/>\n<meta property=\"article:publisher\" content=\"https:\/\/www.facebook.com\/aeralux.corp\" \/>\n<meta property=\"article:modified_time\" content=\"2025-12-21T03:14:59+00:00\" \/>\n<meta property=\"og:image\" content=\"https:\/\/eralux.com\/wp-content\/uploads\/2024\/07\/TRIA-1.png\" \/>\n\t<meta property=\"og:image:width\" content=\"2000\" \/>\n\t<meta property=\"og:image:height\" content=\"2000\" \/>\n\t<meta property=\"og:image:type\" content=\"image\/png\" \/>\n<meta name=\"twitter:card\" content=\"summary_large_image\" \/>\n<meta name=\"twitter:site\" content=\"@eralux_inc\" \/>\n<meta name=\"twitter:label1\" content=\"Prix\" \/>\n\t<meta name=\"twitter:data1\" content=\"&#036;0.00\" \/>\n\t<meta name=\"twitter:label2\" content=\"Disponibilit\u00e9\" \/>\n\t<meta name=\"twitter:data2\" content=\"En stock\" \/>\n<script type=\"application\/ld+json\" class=\"yoast-schema-graph\">{\"@context\":\"https:\\\/\\\/schema.org\",\"@graph\":[{\"@type\":\"WebPage\",\"@id\":\"https:\\\/\\\/eralux.com\\\/fr\\\/produit\\\/tria\\\/\",\"url\":\"https:\\\/\\\/eralux.com\\\/fr\\\/produit\\\/tria\\\/\",\"name\":\"TRIA - Eralux (Fabricant LED Canada)\",\"isPartOf\":{\"@id\":\"https:\\\/\\\/eralux.com\\\/fr\\\/#website\"},\"primaryImageOfPage\":{\"@id\":\"https:\\\/\\\/eralux.com\\\/fr\\\/produit\\\/tria\\\/#primaryimage\"},\"image\":{\"@id\":\"https:\\\/\\\/eralux.com\\\/fr\\\/produit\\\/tria\\\/#primaryimage\"},\"thumbnailUrl\":\"https:\\\/\\\/eralux.com\\\/wp-content\\\/uploads\\\/2024\\\/07\\\/TRIA-1.png\",\"datePublished\":\"2024-07-22T13:00:16+00:00\",\"dateModified\":\"2025-12-21T03:14:59+00:00\",\"description\":\"Le TRIA, qui fait partie de la famille des projecteurs \u00e0 t\u00eates multiples, offre un design \u00e9l\u00e9gant et une flexibilit\u00e9 in\u00e9gal\u00e9e, fournissant la solution d'\u00e9clairage ultime pour n'importe quel environnement. La s\u00e9rie TRIA dispose de trois moteurs d'\u00e9clairage allant de 10W \u00e0 15W, offrant un \u00e9clairage puissant et personnalisable. En outre, son m\u00e9canisme \u00e0 ressort garantit une installation rapide et facile.\",\"breadcrumb\":{\"@id\":\"https:\\\/\\\/eralux.com\\\/fr\\\/produit\\\/tria\\\/#breadcrumb\"},\"inLanguage\":\"fr-FR\",\"potentialAction\":[{\"@type\":\"ReadAction\",\"target\":[\"https:\\\/\\\/eralux.com\\\/fr\\\/produit\\\/tria\\\/\"]}]},{\"@type\":\"ImageObject\",\"inLanguage\":\"fr-FR\",\"@id\":\"https:\\\/\\\/eralux.com\\\/fr\\\/produit\\\/tria\\\/#primaryimage\",\"url\":\"https:\\\/\\\/eralux.com\\\/wp-content\\\/uploads\\\/2024\\\/07\\\/TRIA-1.png\",\"contentUrl\":\"https:\\\/\\\/eralux.com\\\/wp-content\\\/uploads\\\/2024\\\/07\\\/TRIA-1.png\",\"width\":2000,\"height\":2000},{\"@type\":\"BreadcrumbList\",\"@id\":\"https:\\\/\\\/eralux.com\\\/fr\\\/produit\\\/tria\\\/#breadcrumb\",\"itemListElement\":[{\"@type\":\"ListItem\",\"position\":1,\"name\":\"Home\",\"item\":\"https:\\\/\\\/eralux.com\\\/fr\\\/\"},{\"@type\":\"ListItem\",\"position\":2,\"name\":\"Shop\",\"item\":\"https:\\\/\\\/eralux.com\\\/shop\\\/\"},{\"@type\":\"ListItem\",\"position\":3,\"name\":\"TRIA\"}]},{\"@type\":\"WebSite\",\"@id\":\"https:\\\/\\\/eralux.com\\\/fr\\\/#website\",\"url\":\"https:\\\/\\\/eralux.com\\\/fr\\\/\",\"name\":\"Eralux\",\"description\":\"World leader for Energy Saving LED Solutions\",\"publisher\":{\"@id\":\"https:\\\/\\\/eralux.com\\\/fr\\\/#organization\"},\"alternateName\":\"Led manufacturer Canada\",\"potentialAction\":[{\"@type\":\"SearchAction\",\"target\":{\"@type\":\"EntryPoint\",\"urlTemplate\":\"https:\\\/\\\/eralux.com\\\/fr\\\/?s={search_term_string}\"},\"query-input\":{\"@type\":\"PropertyValueSpecification\",\"valueRequired\":true,\"valueName\":\"search_term_string\"}}],\"inLanguage\":\"fr-FR\"},{\"@type\":\"Organization\",\"@id\":\"https:\\\/\\\/eralux.com\\\/fr\\\/#organization\",\"name\":\"Eralux\",\"url\":\"https:\\\/\\\/eralux.com\\\/fr\\\/\",\"logo\":{\"@type\":\"ImageObject\",\"inLanguage\":\"fr-FR\",\"@id\":\"https:\\\/\\\/eralux.com\\\/fr\\\/#\\\/schema\\\/logo\\\/image\\\/\",\"url\":\"https:\\\/\\\/eralux.com\\\/wp-content\\\/uploads\\\/2024\\\/01\\\/eralux-logo-trademark-R.png\",\"contentUrl\":\"https:\\\/\\\/eralux.com\\\/wp-content\\\/uploads\\\/2024\\\/01\\\/eralux-logo-trademark-R.png\",\"width\":1000,\"height\":446,\"caption\":\"Eralux\"},\"image\":{\"@id\":\"https:\\\/\\\/eralux.com\\\/fr\\\/#\\\/schema\\\/logo\\\/image\\\/\"},\"sameAs\":[\"https:\\\/\\\/www.facebook.com\\\/aeralux.corp\",\"https:\\\/\\\/x.com\\\/eralux_inc\"],\"description\":\"Save on energy with high-performance LED solutions. Choose Eralux for eco-friendly lighting. Explore our range today!\"}]}<\/script>\n<meta property=\"product:price:amount\" content=\"0.00\" \/>\n<meta property=\"product:price:currency\" content=\"CAD\" \/>\n<meta property=\"og:availability\" content=\"instock\" \/>\n<meta property=\"product:availability\" content=\"instock\" \/>\n<meta property=\"product:condition\" content=\"new\" \/>\n<!-- \/ Yoast SEO Premium plugin. -->","yoast_head_json":{"title":"TRIA - Eralux (Fabricant LED Canada)","description":"Le TRIA, qui fait partie de la famille des projecteurs \u00e0 t\u00eates multiples, offre un design \u00e9l\u00e9gant et une flexibilit\u00e9 in\u00e9gal\u00e9e, fournissant la solution d'\u00e9clairage ultime pour n'importe quel environnement. La s\u00e9rie TRIA dispose de trois moteurs d'\u00e9clairage allant de 10W \u00e0 15W, offrant un \u00e9clairage puissant et personnalisable. En outre, son m\u00e9canisme \u00e0 ressort garantit une installation rapide et facile.","robots":{"index":"index","follow":"follow","max-snippet":"max-snippet:-1","max-image-preview":"max-image-preview:large","max-video-preview":"max-video-preview:-1"},"canonical":"https:\/\/eralux.com\/fr\/produit\/tria\/","og_locale":"fr_FR","og_type":"article","og_title":"TRIA","og_description":"Le TRIA, qui fait partie de la famille des projecteurs \u00e0 t\u00eates multiples, offre un design \u00e9l\u00e9gant et une flexibilit\u00e9 in\u00e9gal\u00e9e, fournissant la solution d'\u00e9clairage ultime pour n'importe quel environnement. La s\u00e9rie TRIA dispose de trois moteurs d'\u00e9clairage allant de 10W \u00e0 15W, offrant un \u00e9clairage puissant et personnalisable. En outre, son m\u00e9canisme \u00e0 ressort garantit une installation rapide et facile.","og_url":"https:\/\/eralux.com\/fr\/produit\/tria\/","og_site_name":"Eralux","article_publisher":"https:\/\/www.facebook.com\/aeralux.corp","article_modified_time":"2025-12-21T03:14:59+00:00","og_image":[{"width":2000,"height":2000,"url":"https:\/\/eralux.com\/wp-content\/uploads\/2024\/07\/TRIA-1.png","type":"image\/png"}],"twitter_card":"summary_large_image","twitter_site":"@eralux_inc","twitter_misc":{"Prix":"&#36;0.00","Disponibilit\u00e9":"En stock"},"schema":{"@context":"https:\/\/schema.org","@graph":[{"@type":"WebPage","@id":"https:\/\/eralux.com\/fr\/produit\/tria\/","url":"https:\/\/eralux.com\/fr\/produit\/tria\/","name":"TRIA - Eralux (Fabricant LED Canada)","isPartOf":{"@id":"https:\/\/eralux.com\/fr\/#website"},"primaryImageOfPage":{"@id":"https:\/\/eralux.com\/fr\/produit\/tria\/#primaryimage"},"image":{"@id":"https:\/\/eralux.com\/fr\/produit\/tria\/#primaryimage"},"thumbnailUrl":"https:\/\/eralux.com\/wp-content\/uploads\/2024\/07\/TRIA-1.png","datePublished":"2024-07-22T13:00:16+00:00","dateModified":"2025-12-21T03:14:59+00:00","description":"Le TRIA, qui fait partie de la famille des projecteurs \u00e0 t\u00eates multiples, offre un design \u00e9l\u00e9gant et une flexibilit\u00e9 in\u00e9gal\u00e9e, fournissant la solution d'\u00e9clairage ultime pour n'importe quel environnement. La s\u00e9rie TRIA dispose de trois moteurs d'\u00e9clairage allant de 10W \u00e0 15W, offrant un \u00e9clairage puissant et personnalisable. En outre, son m\u00e9canisme \u00e0 ressort garantit une installation rapide et facile.","breadcrumb":{"@id":"https:\/\/eralux.com\/fr\/produit\/tria\/#breadcrumb"},"inLanguage":"fr-FR","potentialAction":[{"@type":"ReadAction","target":["https:\/\/eralux.com\/fr\/produit\/tria\/"]}]},{"@type":"ImageObject","inLanguage":"fr-FR","@id":"https:\/\/eralux.com\/fr\/produit\/tria\/#primaryimage","url":"https:\/\/eralux.com\/wp-content\/uploads\/2024\/07\/TRIA-1.png","contentUrl":"https:\/\/eralux.com\/wp-content\/uploads\/2024\/07\/TRIA-1.png","width":2000,"height":2000},{"@type":"BreadcrumbList","@id":"https:\/\/eralux.com\/fr\/produit\/tria\/#breadcrumb","itemListElement":[{"@type":"ListItem","position":1,"name":"Home","item":"https:\/\/eralux.com\/fr\/"},{"@type":"ListItem","position":2,"name":"Shop","item":"https:\/\/eralux.com\/shop\/"},{"@type":"ListItem","position":3,"name":"TRIA"}]},{"@type":"WebSite","@id":"https:\/\/eralux.com\/fr\/#website","url":"https:\/\/eralux.com\/fr\/","name":"Eralux","description":"World leader for Energy Saving LED Solutions","publisher":{"@id":"https:\/\/eralux.com\/fr\/#organization"},"alternateName":"Led manufacturer Canada","potentialAction":[{"@type":"SearchAction","target":{"@type":"EntryPoint","urlTemplate":"https:\/\/eralux.com\/fr\/?s={search_term_string}"},"query-input":{"@type":"PropertyValueSpecification","valueRequired":true,"valueName":"search_term_string"}}],"inLanguage":"fr-FR"},{"@type":"Organization","@id":"https:\/\/eralux.com\/fr\/#organization","name":"Eralux","url":"https:\/\/eralux.com\/fr\/","logo":{"@type":"ImageObject","inLanguage":"fr-FR","@id":"https:\/\/eralux.com\/fr\/#\/schema\/logo\/image\/","url":"https:\/\/eralux.com\/wp-content\/uploads\/2024\/01\/eralux-logo-trademark-R.png","contentUrl":"https:\/\/eralux.com\/wp-content\/uploads\/2024\/01\/eralux-logo-trademark-R.png","width":1000,"height":446,"caption":"Eralux"},"image":{"@id":"https:\/\/eralux.com\/fr\/#\/schema\/logo\/image\/"},"sameAs":["https:\/\/www.facebook.com\/aeralux.corp","https:\/\/x.com\/eralux_inc"],"description":"Save on energy with high-performance LED solutions. Choose Eralux for eco-friendly lighting. Explore our range today!"}]},"product_price_amount":"0.00","product_price_currency":"CAD","og_availability":"instock","product_availability":"instock","product_condition":"new"},"_links":{"self":[{"href":"https:\/\/eralux.com\/fr\/wp-json\/wp\/v2\/product\/12329","targetHints":{"allow":["GET"]}}],"collection":[{"href":"https:\/\/eralux.com\/fr\/wp-json\/wp\/v2\/product"}],"about":[{"href":"https:\/\/eralux.com\/fr\/wp-json\/wp\/v2\/types\/product"}],"replies":[{"embeddable":true,"href":"https:\/\/eralux.com\/fr\/wp-json\/wp\/v2\/comments?post=12329"}],"wp:featuredmedia":[{"embeddable":true,"href":"https:\/\/eralux.com\/fr\/wp-json\/wp\/v2\/media\/12331"}],"wp:attachment":[{"href":"https:\/\/eralux.com\/fr\/wp-json\/wp\/v2\/media?parent=12329"}],"wp:term":[{"taxonomy":"product_brand","embeddable":true,"href":"https:\/\/eralux.com\/fr\/wp-json\/wp\/v2\/product_brand?post=12329"},{"taxonomy":"product_cat","embeddable":true,"href":"https:\/\/eralux.com\/fr\/wp-json\/wp\/v2\/product_cat?post=12329"},{"taxonomy":"product_tag","embeddable":true,"href":"https:\/\/eralux.com\/fr\/wp-json\/wp\/v2\/product_tag?post=12329"}],"curies":[{"name":"wp","href":"https:\/\/api.w.org\/{rel}","templated":true}]}}