{"id":12386,"date":"2024-07-24T16:12:16","date_gmt":"2024-07-24T16:12:16","guid":{"rendered":"https:\/\/eralux.com\/?post_type=product&#038;p=12386"},"modified":"2025-12-04T18:17:11","modified_gmt":"2025-12-04T18:17:11","slug":"chandra-dtw","status":"publish","type":"product","link":"https:\/\/eralux.com\/fr\/produit\/chandra-dtw\/","title":{"rendered":"CHANDRA DTW"},"content":{"rendered":"<p>CHANDRA DTW est un nouveau luminaire ajout\u00e9 \u00e0 la s\u00e9rie Chandra. La particularit\u00e9 de ce luminaire est qu&#8217;il est dot\u00e9 d&#8217;une fonction \u00ab dim to warm \u00bb ; \u00e0 mesure que la puissance diminue, le CCT diminue, la couleur de la lumi\u00e8re devient plus chaude au fur et \u00e0 mesure que la lumi\u00e8re diminue. De 3000K \u00e0 1800K, il est disponible dans une vari\u00e9t\u00e9 de faisceaux, avec un IRC de 90, le CHANDRA DTW am\u00e9liorera l&#8217;environnement de votre magasin \u00e0 un autre niveau, cr\u00e9ant un environnement chaleureux comme un coucher de soleil.<\/p>\n","protected":false},"excerpt":{"rendered":"<p>T\u00eate de rail \u00e0 gradation vers le chaud<\/p>\n","protected":false},"featured_media":12407,"comment_status":"open","ping_status":"closed","template":"","meta":{"inline_featured_image":false},"product_brand":[],"product_cat":[2147],"product_tag":[],"class_list":{"0":"post-12386","1":"product","2":"type-product","3":"status-publish","4":"has-post-thumbnail","6":"spec_sheets-j1-fr","7":"spec_sheets-blank-trim-fr","8":"spec_sheets-g1-fr","9":"spec_sheets-12-fr-2","10":"spec_sheets-nf-fr-2","11":"spec_sheets-3018-fr","12":"spec_sheets-bz-trim-fr","13":"spec_sheets-h1-fr","14":"spec_sheets-fl-fr-2","15":"spec_sheets-gd-trim-fr","16":"spec_sheets-l1-fr","17":"spec_sheets-wf-fr-3","18":"spec_sheets-vwf-fr","19":"spec_sheets-p-fr-3","20":"spec_sheets-wh-fr","21":"spec_sheets-bk-fr","22":"spec_sheets-sv-fr","23":"spec_sheets-trim-fr","24":"spec_sheets-distribution-fr","25":"spec_sheets-adapteur","26":"spec_sheets-cct-fr","27":"spec_sheets-cri-fr","28":"spec_sheets-finition","29":"spec_sheets-tension","30":"product_applications-bureau-commercial","31":"product_applications-education-fr","32":"product_applications-magasin-de-mode","33":"product_applications-magasin-de-detail","34":"product_segments-projecteur-del-sur-rail","35":"product_segments-projecteurs-sur-rail","36":"product_cat-ae-tl-cd-dtw-fr","38":"first","39":"instock","40":"shipping-taxable","41":"purchasable","42":"product-type-simple"},"yoast_head":"<!-- This site is optimized with the Yoast SEO Premium plugin v24.2 (Yoast SEO v27.5) - https:\/\/yoast.com\/product\/yoast-seo-premium-wordpress\/ -->\n<title>CHANDRA DTW - Eralux<\/title>\n<meta name=\"description\" content=\"CHANDRA DTW est un nouveau luminaire ajout\u00e9 \u00e0 la s\u00e9rie Chandra. La particularit\u00e9 de ce luminaire est qu&#039;il est dot\u00e9 d&#039;une fonction \u00ab dim to warm \u00bb ; \u00e0 mesure que la puissance diminue, le CCT diminue, la couleur de la lumi\u00e8re devient plus chaude au fur et \u00e0 mesure que la lumi\u00e8re diminue. De 3000K \u00e0 1800K, il est disponible dans une vari\u00e9t\u00e9 de mod\u00e8les de faisceaux, avec un IRC de 90, le CHANDRA DTW am\u00e9liorera votre environnement de vente au d\u00e9tail \u00e0 un autre niveau, cr\u00e9ant un environnement confortable et chaud comme un coucher de soleil.\" \/>\n<meta name=\"robots\" content=\"index, follow, max-snippet:-1, max-image-preview:large, max-video-preview:-1\" \/>\n<link rel=\"canonical\" href=\"https:\/\/eralux.com\/fr\/produit\/chandra-dtw\/\" \/>\n<meta property=\"og:locale\" content=\"fr_FR\" \/>\n<meta property=\"og:type\" content=\"article\" \/>\n<meta property=\"og:title\" content=\"CHANDRA DTW\" \/>\n<meta property=\"og:description\" content=\"CHANDRA DTW est un nouveau luminaire ajout\u00e9 \u00e0 la s\u00e9rie Chandra. La particularit\u00e9 de ce luminaire est qu&#039;il est dot\u00e9 d&#039;une fonction \u00ab dim to warm \u00bb ; \u00e0 mesure que la puissance diminue, le CCT diminue, la couleur de la lumi\u00e8re devient plus chaude au fur et \u00e0 mesure que la lumi\u00e8re diminue. De 3000K \u00e0 1800K, il est disponible dans une vari\u00e9t\u00e9 de mod\u00e8les de faisceaux, avec un IRC de 90, le CHANDRA DTW am\u00e9liorera votre environnement de vente au d\u00e9tail \u00e0 un autre niveau, cr\u00e9ant un environnement confortable et chaud comme un coucher de soleil.\" \/>\n<meta property=\"og:url\" content=\"https:\/\/eralux.com\/fr\/produit\/chandra-dtw\/\" \/>\n<meta property=\"og:site_name\" content=\"Eralux\" \/>\n<meta property=\"article:publisher\" content=\"https:\/\/www.facebook.com\/aeralux.corp\" \/>\n<meta property=\"article:modified_time\" content=\"2025-12-04T18:17:11+00:00\" \/>\n<meta property=\"og:image\" content=\"https:\/\/eralux.com\/wp-content\/uploads\/2024\/07\/WS-L086M_3-1.png\" \/>\n\t<meta property=\"og:image:width\" content=\"1000\" \/>\n\t<meta property=\"og:image:height\" content=\"1000\" \/>\n\t<meta property=\"og:image:type\" content=\"image\/png\" \/>\n<meta name=\"twitter:card\" content=\"summary_large_image\" \/>\n<meta name=\"twitter:site\" content=\"@eralux_inc\" \/>\n<meta name=\"twitter:label1\" content=\"Prix\" \/>\n\t<meta name=\"twitter:data1\" content=\"&#036;0.00\" \/>\n\t<meta name=\"twitter:label2\" content=\"Disponibilit\u00e9\" \/>\n\t<meta name=\"twitter:data2\" content=\"En stock\" \/>\n<script type=\"application\/ld+json\" class=\"yoast-schema-graph\">{\"@context\":\"https:\\\/\\\/schema.org\",\"@graph\":[{\"@type\":\"WebPage\",\"@id\":\"https:\\\/\\\/eralux.com\\\/fr\\\/produit\\\/chandra-dtw\\\/\",\"url\":\"https:\\\/\\\/eralux.com\\\/fr\\\/produit\\\/chandra-dtw\\\/\",\"name\":\"CHANDRA DTW - Eralux\",\"isPartOf\":{\"@id\":\"https:\\\/\\\/eralux.com\\\/fr\\\/#website\"},\"primaryImageOfPage\":{\"@id\":\"https:\\\/\\\/eralux.com\\\/fr\\\/produit\\\/chandra-dtw\\\/#primaryimage\"},\"image\":{\"@id\":\"https:\\\/\\\/eralux.com\\\/fr\\\/produit\\\/chandra-dtw\\\/#primaryimage\"},\"thumbnailUrl\":\"https:\\\/\\\/eralux.com\\\/wp-content\\\/uploads\\\/2024\\\/07\\\/WS-L086M_3-1.png\",\"datePublished\":\"2024-07-24T16:12:16+00:00\",\"dateModified\":\"2025-12-04T18:17:11+00:00\",\"description\":\"CHANDRA DTW est un nouveau luminaire ajout\u00e9 \u00e0 la s\u00e9rie Chandra. La particularit\u00e9 de ce luminaire est qu'il est dot\u00e9 d'une fonction \u00ab dim to warm \u00bb ; \u00e0 mesure que la puissance diminue, le CCT diminue, la couleur de la lumi\u00e8re devient plus chaude au fur et \u00e0 mesure que la lumi\u00e8re diminue. De 3000K \u00e0 1800K, il est disponible dans une vari\u00e9t\u00e9 de mod\u00e8les de faisceaux, avec un IRC de 90, le CHANDRA DTW am\u00e9liorera votre environnement de vente au d\u00e9tail \u00e0 un autre niveau, cr\u00e9ant un environnement confortable et chaud comme un coucher de soleil.\",\"breadcrumb\":{\"@id\":\"https:\\\/\\\/eralux.com\\\/fr\\\/produit\\\/chandra-dtw\\\/#breadcrumb\"},\"inLanguage\":\"fr-FR\",\"potentialAction\":[{\"@type\":\"ReadAction\",\"target\":[\"https:\\\/\\\/eralux.com\\\/fr\\\/produit\\\/chandra-dtw\\\/\"]}]},{\"@type\":\"ImageObject\",\"inLanguage\":\"fr-FR\",\"@id\":\"https:\\\/\\\/eralux.com\\\/fr\\\/produit\\\/chandra-dtw\\\/#primaryimage\",\"url\":\"https:\\\/\\\/eralux.com\\\/wp-content\\\/uploads\\\/2024\\\/07\\\/WS-L086M_3-1.png\",\"contentUrl\":\"https:\\\/\\\/eralux.com\\\/wp-content\\\/uploads\\\/2024\\\/07\\\/WS-L086M_3-1.png\",\"width\":1000,\"height\":1000},{\"@type\":\"BreadcrumbList\",\"@id\":\"https:\\\/\\\/eralux.com\\\/fr\\\/produit\\\/chandra-dtw\\\/#breadcrumb\",\"itemListElement\":[{\"@type\":\"ListItem\",\"position\":1,\"name\":\"Home\",\"item\":\"https:\\\/\\\/eralux.com\\\/fr\\\/\"},{\"@type\":\"ListItem\",\"position\":2,\"name\":\"Shop\",\"item\":\"https:\\\/\\\/eralux.com\\\/shop\\\/\"},{\"@type\":\"ListItem\",\"position\":3,\"name\":\"CHANDRA DTW\"}]},{\"@type\":\"WebSite\",\"@id\":\"https:\\\/\\\/eralux.com\\\/fr\\\/#website\",\"url\":\"https:\\\/\\\/eralux.com\\\/fr\\\/\",\"name\":\"Eralux\",\"description\":\"World leader for Energy Saving LED Solutions\",\"publisher\":{\"@id\":\"https:\\\/\\\/eralux.com\\\/fr\\\/#organization\"},\"alternateName\":\"Led manufacturer Canada\",\"potentialAction\":[{\"@type\":\"SearchAction\",\"target\":{\"@type\":\"EntryPoint\",\"urlTemplate\":\"https:\\\/\\\/eralux.com\\\/fr\\\/?s={search_term_string}\"},\"query-input\":{\"@type\":\"PropertyValueSpecification\",\"valueRequired\":true,\"valueName\":\"search_term_string\"}}],\"inLanguage\":\"fr-FR\"},{\"@type\":\"Organization\",\"@id\":\"https:\\\/\\\/eralux.com\\\/fr\\\/#organization\",\"name\":\"Eralux\",\"url\":\"https:\\\/\\\/eralux.com\\\/fr\\\/\",\"logo\":{\"@type\":\"ImageObject\",\"inLanguage\":\"fr-FR\",\"@id\":\"https:\\\/\\\/eralux.com\\\/fr\\\/#\\\/schema\\\/logo\\\/image\\\/\",\"url\":\"https:\\\/\\\/eralux.com\\\/wp-content\\\/uploads\\\/2024\\\/01\\\/eralux-logo-trademark-R.png\",\"contentUrl\":\"https:\\\/\\\/eralux.com\\\/wp-content\\\/uploads\\\/2024\\\/01\\\/eralux-logo-trademark-R.png\",\"width\":1000,\"height\":446,\"caption\":\"Eralux\"},\"image\":{\"@id\":\"https:\\\/\\\/eralux.com\\\/fr\\\/#\\\/schema\\\/logo\\\/image\\\/\"},\"sameAs\":[\"https:\\\/\\\/www.facebook.com\\\/aeralux.corp\",\"https:\\\/\\\/x.com\\\/eralux_inc\"],\"description\":\"Save on energy with high-performance LED solutions. Choose Eralux for eco-friendly lighting. Explore our range today!\"}]}<\/script>\n<meta property=\"product:price:amount\" content=\"0.00\" \/>\n<meta property=\"product:price:currency\" content=\"CAD\" \/>\n<meta property=\"og:availability\" content=\"instock\" \/>\n<meta property=\"product:availability\" content=\"instock\" \/>\n<meta property=\"product:condition\" content=\"new\" \/>\n<!-- \/ Yoast SEO Premium plugin. -->","yoast_head_json":{"title":"CHANDRA DTW - Eralux","description":"CHANDRA DTW est un nouveau luminaire ajout\u00e9 \u00e0 la s\u00e9rie Chandra. La particularit\u00e9 de ce luminaire est qu'il est dot\u00e9 d'une fonction \u00ab dim to warm \u00bb ; \u00e0 mesure que la puissance diminue, le CCT diminue, la couleur de la lumi\u00e8re devient plus chaude au fur et \u00e0 mesure que la lumi\u00e8re diminue. De 3000K \u00e0 1800K, il est disponible dans une vari\u00e9t\u00e9 de mod\u00e8les de faisceaux, avec un IRC de 90, le CHANDRA DTW am\u00e9liorera votre environnement de vente au d\u00e9tail \u00e0 un autre niveau, cr\u00e9ant un environnement confortable et chaud comme un coucher de soleil.","robots":{"index":"index","follow":"follow","max-snippet":"max-snippet:-1","max-image-preview":"max-image-preview:large","max-video-preview":"max-video-preview:-1"},"canonical":"https:\/\/eralux.com\/fr\/produit\/chandra-dtw\/","og_locale":"fr_FR","og_type":"article","og_title":"CHANDRA DTW","og_description":"CHANDRA DTW est un nouveau luminaire ajout\u00e9 \u00e0 la s\u00e9rie Chandra. La particularit\u00e9 de ce luminaire est qu'il est dot\u00e9 d'une fonction \u00ab dim to warm \u00bb ; \u00e0 mesure que la puissance diminue, le CCT diminue, la couleur de la lumi\u00e8re devient plus chaude au fur et \u00e0 mesure que la lumi\u00e8re diminue. De 3000K \u00e0 1800K, il est disponible dans une vari\u00e9t\u00e9 de mod\u00e8les de faisceaux, avec un IRC de 90, le CHANDRA DTW am\u00e9liorera votre environnement de vente au d\u00e9tail \u00e0 un autre niveau, cr\u00e9ant un environnement confortable et chaud comme un coucher de soleil.","og_url":"https:\/\/eralux.com\/fr\/produit\/chandra-dtw\/","og_site_name":"Eralux","article_publisher":"https:\/\/www.facebook.com\/aeralux.corp","article_modified_time":"2025-12-04T18:17:11+00:00","og_image":[{"width":1000,"height":1000,"url":"https:\/\/eralux.com\/wp-content\/uploads\/2024\/07\/WS-L086M_3-1.png","type":"image\/png"}],"twitter_card":"summary_large_image","twitter_site":"@eralux_inc","twitter_misc":{"Prix":"&#36;0.00","Disponibilit\u00e9":"En stock"},"schema":{"@context":"https:\/\/schema.org","@graph":[{"@type":"WebPage","@id":"https:\/\/eralux.com\/fr\/produit\/chandra-dtw\/","url":"https:\/\/eralux.com\/fr\/produit\/chandra-dtw\/","name":"CHANDRA DTW - Eralux","isPartOf":{"@id":"https:\/\/eralux.com\/fr\/#website"},"primaryImageOfPage":{"@id":"https:\/\/eralux.com\/fr\/produit\/chandra-dtw\/#primaryimage"},"image":{"@id":"https:\/\/eralux.com\/fr\/produit\/chandra-dtw\/#primaryimage"},"thumbnailUrl":"https:\/\/eralux.com\/wp-content\/uploads\/2024\/07\/WS-L086M_3-1.png","datePublished":"2024-07-24T16:12:16+00:00","dateModified":"2025-12-04T18:17:11+00:00","description":"CHANDRA DTW est un nouveau luminaire ajout\u00e9 \u00e0 la s\u00e9rie Chandra. La particularit\u00e9 de ce luminaire est qu'il est dot\u00e9 d'une fonction \u00ab dim to warm \u00bb ; \u00e0 mesure que la puissance diminue, le CCT diminue, la couleur de la lumi\u00e8re devient plus chaude au fur et \u00e0 mesure que la lumi\u00e8re diminue. De 3000K \u00e0 1800K, il est disponible dans une vari\u00e9t\u00e9 de mod\u00e8les de faisceaux, avec un IRC de 90, le CHANDRA DTW am\u00e9liorera votre environnement de vente au d\u00e9tail \u00e0 un autre niveau, cr\u00e9ant un environnement confortable et chaud comme un coucher de soleil.","breadcrumb":{"@id":"https:\/\/eralux.com\/fr\/produit\/chandra-dtw\/#breadcrumb"},"inLanguage":"fr-FR","potentialAction":[{"@type":"ReadAction","target":["https:\/\/eralux.com\/fr\/produit\/chandra-dtw\/"]}]},{"@type":"ImageObject","inLanguage":"fr-FR","@id":"https:\/\/eralux.com\/fr\/produit\/chandra-dtw\/#primaryimage","url":"https:\/\/eralux.com\/wp-content\/uploads\/2024\/07\/WS-L086M_3-1.png","contentUrl":"https:\/\/eralux.com\/wp-content\/uploads\/2024\/07\/WS-L086M_3-1.png","width":1000,"height":1000},{"@type":"BreadcrumbList","@id":"https:\/\/eralux.com\/fr\/produit\/chandra-dtw\/#breadcrumb","itemListElement":[{"@type":"ListItem","position":1,"name":"Home","item":"https:\/\/eralux.com\/fr\/"},{"@type":"ListItem","position":2,"name":"Shop","item":"https:\/\/eralux.com\/shop\/"},{"@type":"ListItem","position":3,"name":"CHANDRA DTW"}]},{"@type":"WebSite","@id":"https:\/\/eralux.com\/fr\/#website","url":"https:\/\/eralux.com\/fr\/","name":"Eralux","description":"World leader for Energy Saving LED Solutions","publisher":{"@id":"https:\/\/eralux.com\/fr\/#organization"},"alternateName":"Led manufacturer Canada","potentialAction":[{"@type":"SearchAction","target":{"@type":"EntryPoint","urlTemplate":"https:\/\/eralux.com\/fr\/?s={search_term_string}"},"query-input":{"@type":"PropertyValueSpecification","valueRequired":true,"valueName":"search_term_string"}}],"inLanguage":"fr-FR"},{"@type":"Organization","@id":"https:\/\/eralux.com\/fr\/#organization","name":"Eralux","url":"https:\/\/eralux.com\/fr\/","logo":{"@type":"ImageObject","inLanguage":"fr-FR","@id":"https:\/\/eralux.com\/fr\/#\/schema\/logo\/image\/","url":"https:\/\/eralux.com\/wp-content\/uploads\/2024\/01\/eralux-logo-trademark-R.png","contentUrl":"https:\/\/eralux.com\/wp-content\/uploads\/2024\/01\/eralux-logo-trademark-R.png","width":1000,"height":446,"caption":"Eralux"},"image":{"@id":"https:\/\/eralux.com\/fr\/#\/schema\/logo\/image\/"},"sameAs":["https:\/\/www.facebook.com\/aeralux.corp","https:\/\/x.com\/eralux_inc"],"description":"Save on energy with high-performance LED solutions. Choose Eralux for eco-friendly lighting. Explore our range today!"}]},"product_price_amount":"0.00","product_price_currency":"CAD","og_availability":"instock","product_availability":"instock","product_condition":"new"},"_links":{"self":[{"href":"https:\/\/eralux.com\/fr\/wp-json\/wp\/v2\/product\/12386","targetHints":{"allow":["GET"]}}],"collection":[{"href":"https:\/\/eralux.com\/fr\/wp-json\/wp\/v2\/product"}],"about":[{"href":"https:\/\/eralux.com\/fr\/wp-json\/wp\/v2\/types\/product"}],"replies":[{"embeddable":true,"href":"https:\/\/eralux.com\/fr\/wp-json\/wp\/v2\/comments?post=12386"}],"wp:featuredmedia":[{"embeddable":true,"href":"https:\/\/eralux.com\/fr\/wp-json\/wp\/v2\/media\/12407"}],"wp:attachment":[{"href":"https:\/\/eralux.com\/fr\/wp-json\/wp\/v2\/media?parent=12386"}],"wp:term":[{"taxonomy":"product_brand","embeddable":true,"href":"https:\/\/eralux.com\/fr\/wp-json\/wp\/v2\/product_brand?post=12386"},{"taxonomy":"product_cat","embeddable":true,"href":"https:\/\/eralux.com\/fr\/wp-json\/wp\/v2\/product_cat?post=12386"},{"taxonomy":"product_tag","embeddable":true,"href":"https:\/\/eralux.com\/fr\/wp-json\/wp\/v2\/product_tag?post=12386"}],"curies":[{"name":"wp","href":"https:\/\/api.w.org\/{rel}","templated":true}]}}