{"id":12434,"date":"2024-07-26T14:20:53","date_gmt":"2024-07-26T14:20:53","guid":{"rendered":"https:\/\/eralux.com\/?post_type=product&#038;p=12434"},"modified":"2025-12-08T18:25:58","modified_gmt":"2025-12-08T18:25:58","slug":"etna","status":"publish","type":"product","link":"https:\/\/eralux.com\/fr\/produit\/etna\/","title":{"rendered":"ETNA"},"content":{"rendered":"<p>L&#8217;ETNA est un pack mural traditionnel enrichi de technologies LED progressives, d&#8217;une cellule photo\u00e9lectrique, entre autres. L&#8217;ensemble mural fournit jusqu&#8217;\u00e0 120 LPW dans une vari\u00e9t\u00e9 d&#8217;options de puissance et de CCT. L&#8217;ETNA est dot\u00e9 d&#8217;une capacit\u00e9 de commutation CCT\/puissance. Il s&#8217;agit d&#8217;un bo\u00eetier robuste en aluminium moul\u00e9 sous pression, enti\u00e8rement scell\u00e9 pour \u00eatre \u00e0 l&#8217;\u00e9preuve de la salet\u00e9 et \u00e9prouv\u00e9 pour r\u00e9sister aux \u00e9l\u00e9ments ext\u00e9rieurs. L&#8217;ETNA est la preuve vivante que des produits traditionnels de longue date peuvent \u00eatre performants.<\/p>\n","protected":false},"excerpt":{"rendered":"<p>Luminaire mural ext\u00e9rieur classique<\/p>\n","protected":false},"featured_media":12557,"comment_status":"open","ping_status":"closed","template":"","meta":{"inline_featured_image":false},"product_brand":[],"product_cat":[2154],"product_tag":[],"class_list":{"0":"post-12434","1":"product","2":"type-product","3":"status-publish","4":"has-post-thumbnail","6":"spec_sheets-ca-fr-3","7":"spec_sheets-d-fr-2","8":"spec_sheets-tcp-fr","9":"spec_sheets-em-fr-2","10":"spec_sheets-wh-fr-2","11":"spec_sheets-bk-fr-2","12":"spec_sheets-bz-fr","13":"spec_sheets-cct-fr","14":"spec_sheets-controles","15":"spec_sheets-finition","16":"spec_sheets-puissance","17":"spec_sheets-tension","18":"spec_sheets-60w-fr","19":"spec_sheets-120w-fr","20":"product_applications-parking","21":"product_applications-garage-fr","22":"product_segments-exterieur","23":"product_segments-applique-murale","24":"product_cat-ae-wp-et-fr","26":"first","27":"instock","28":"shipping-taxable","29":"purchasable","30":"product-type-simple"},"yoast_head":"<!-- This site is optimized with the Yoast SEO Premium plugin v24.2 (Yoast SEO v27.5) - https:\/\/yoast.com\/product\/yoast-seo-premium-wordpress\/ -->\n<title>ETNA - Eralux<\/title>\n<meta name=\"description\" content=\"L&#039;ETNA est un pack mural traditionnel enrichi de technologies LED progressives, d&#039;une cellule photo\u00e9lectrique, entre autres. L&#039;ensemble mural fournit jusqu&#039;\u00e0 120 LPW dans une vari\u00e9t\u00e9 d&#039;options de puissance et de CCT. L&#039;ETNA est dot\u00e9 d&#039;une capacit\u00e9 de commutation CCT\/puissance. Il s&#039;agit d&#039;un bo\u00eetier robuste en aluminium moul\u00e9 sous pression, enti\u00e8rement scell\u00e9 pour \u00eatre \u00e0 l&#039;\u00e9preuve de la salet\u00e9 et \u00e9prouv\u00e9 pour r\u00e9sister aux \u00e9l\u00e9ments ext\u00e9rieurs. L&#039;ETNA est la preuve vivante que des produits traditionnels de longue date peuvent \u00eatre performants.\" \/>\n<meta name=\"robots\" content=\"index, follow, max-snippet:-1, max-image-preview:large, max-video-preview:-1\" \/>\n<link rel=\"canonical\" href=\"https:\/\/eralux.com\/fr\/produit\/etna\/\" \/>\n<meta property=\"og:locale\" content=\"fr_FR\" \/>\n<meta property=\"og:type\" content=\"article\" \/>\n<meta property=\"og:title\" content=\"ETNA\" \/>\n<meta property=\"og:description\" content=\"L&#039;ETNA est un pack mural traditionnel enrichi de technologies LED progressives, d&#039;une cellule photo\u00e9lectrique, entre autres. L&#039;ensemble mural fournit jusqu&#039;\u00e0 120 LPW dans une vari\u00e9t\u00e9 d&#039;options de puissance et de CCT. L&#039;ETNA est dot\u00e9 d&#039;une capacit\u00e9 de commutation CCT\/puissance. Il s&#039;agit d&#039;un bo\u00eetier robuste en aluminium moul\u00e9 sous pression, enti\u00e8rement scell\u00e9 pour \u00eatre \u00e0 l&#039;\u00e9preuve de la salet\u00e9 et \u00e9prouv\u00e9 pour r\u00e9sister aux \u00e9l\u00e9ments ext\u00e9rieurs. L&#039;ETNA est la preuve vivante que des produits traditionnels de longue date peuvent \u00eatre performants.\" \/>\n<meta property=\"og:url\" content=\"https:\/\/eralux.com\/fr\/produit\/etna\/\" \/>\n<meta property=\"og:site_name\" content=\"Eralux\" \/>\n<meta property=\"article:publisher\" content=\"https:\/\/www.facebook.com\/aeralux.corp\" \/>\n<meta property=\"article:modified_time\" content=\"2025-12-08T18:25:58+00:00\" \/>\n<meta property=\"og:image\" content=\"https:\/\/eralux.com\/wp-content\/uploads\/2024\/07\/Front-1.png\" \/>\n\t<meta property=\"og:image:width\" content=\"1000\" \/>\n\t<meta property=\"og:image:height\" content=\"1000\" \/>\n\t<meta property=\"og:image:type\" content=\"image\/png\" \/>\n<meta name=\"twitter:card\" content=\"summary_large_image\" \/>\n<meta name=\"twitter:site\" content=\"@eralux_inc\" \/>\n<meta name=\"twitter:label1\" content=\"Prix\" \/>\n\t<meta name=\"twitter:data1\" content=\"&#036;0.00\" \/>\n\t<meta name=\"twitter:label2\" content=\"Disponibilit\u00e9\" \/>\n\t<meta name=\"twitter:data2\" content=\"En stock\" \/>\n<script type=\"application\/ld+json\" class=\"yoast-schema-graph\">{\"@context\":\"https:\\\/\\\/schema.org\",\"@graph\":[{\"@type\":\"WebPage\",\"@id\":\"https:\\\/\\\/eralux.com\\\/fr\\\/produit\\\/etna\\\/\",\"url\":\"https:\\\/\\\/eralux.com\\\/fr\\\/produit\\\/etna\\\/\",\"name\":\"ETNA - Eralux\",\"isPartOf\":{\"@id\":\"https:\\\/\\\/eralux.com\\\/fr\\\/#website\"},\"primaryImageOfPage\":{\"@id\":\"https:\\\/\\\/eralux.com\\\/fr\\\/produit\\\/etna\\\/#primaryimage\"},\"image\":{\"@id\":\"https:\\\/\\\/eralux.com\\\/fr\\\/produit\\\/etna\\\/#primaryimage\"},\"thumbnailUrl\":\"https:\\\/\\\/eralux.com\\\/wp-content\\\/uploads\\\/2024\\\/07\\\/Front-1.png\",\"datePublished\":\"2024-07-26T14:20:53+00:00\",\"dateModified\":\"2025-12-08T18:25:58+00:00\",\"description\":\"L'ETNA est un pack mural traditionnel enrichi de technologies LED progressives, d'une cellule photo\u00e9lectrique, entre autres. L'ensemble mural fournit jusqu'\u00e0 120 LPW dans une vari\u00e9t\u00e9 d'options de puissance et de CCT. L'ETNA est dot\u00e9 d'une capacit\u00e9 de commutation CCT\\\/puissance. Il s'agit d'un bo\u00eetier robuste en aluminium moul\u00e9 sous pression, enti\u00e8rement scell\u00e9 pour \u00eatre \u00e0 l'\u00e9preuve de la salet\u00e9 et \u00e9prouv\u00e9 pour r\u00e9sister aux \u00e9l\u00e9ments ext\u00e9rieurs. L'ETNA est la preuve vivante que des produits traditionnels de longue date peuvent \u00eatre performants.\",\"breadcrumb\":{\"@id\":\"https:\\\/\\\/eralux.com\\\/fr\\\/produit\\\/etna\\\/#breadcrumb\"},\"inLanguage\":\"fr-FR\",\"potentialAction\":[{\"@type\":\"ReadAction\",\"target\":[\"https:\\\/\\\/eralux.com\\\/fr\\\/produit\\\/etna\\\/\"]}]},{\"@type\":\"ImageObject\",\"inLanguage\":\"fr-FR\",\"@id\":\"https:\\\/\\\/eralux.com\\\/fr\\\/produit\\\/etna\\\/#primaryimage\",\"url\":\"https:\\\/\\\/eralux.com\\\/wp-content\\\/uploads\\\/2024\\\/07\\\/Front-1.png\",\"contentUrl\":\"https:\\\/\\\/eralux.com\\\/wp-content\\\/uploads\\\/2024\\\/07\\\/Front-1.png\",\"width\":1000,\"height\":1000},{\"@type\":\"BreadcrumbList\",\"@id\":\"https:\\\/\\\/eralux.com\\\/fr\\\/produit\\\/etna\\\/#breadcrumb\",\"itemListElement\":[{\"@type\":\"ListItem\",\"position\":1,\"name\":\"Home\",\"item\":\"https:\\\/\\\/eralux.com\\\/fr\\\/\"},{\"@type\":\"ListItem\",\"position\":2,\"name\":\"Shop\",\"item\":\"https:\\\/\\\/eralux.com\\\/shop\\\/\"},{\"@type\":\"ListItem\",\"position\":3,\"name\":\"ETNA\"}]},{\"@type\":\"WebSite\",\"@id\":\"https:\\\/\\\/eralux.com\\\/fr\\\/#website\",\"url\":\"https:\\\/\\\/eralux.com\\\/fr\\\/\",\"name\":\"Eralux\",\"description\":\"World leader for Energy Saving LED Solutions\",\"publisher\":{\"@id\":\"https:\\\/\\\/eralux.com\\\/fr\\\/#organization\"},\"alternateName\":\"Led manufacturer Canada\",\"potentialAction\":[{\"@type\":\"SearchAction\",\"target\":{\"@type\":\"EntryPoint\",\"urlTemplate\":\"https:\\\/\\\/eralux.com\\\/fr\\\/?s={search_term_string}\"},\"query-input\":{\"@type\":\"PropertyValueSpecification\",\"valueRequired\":true,\"valueName\":\"search_term_string\"}}],\"inLanguage\":\"fr-FR\"},{\"@type\":\"Organization\",\"@id\":\"https:\\\/\\\/eralux.com\\\/fr\\\/#organization\",\"name\":\"Eralux\",\"url\":\"https:\\\/\\\/eralux.com\\\/fr\\\/\",\"logo\":{\"@type\":\"ImageObject\",\"inLanguage\":\"fr-FR\",\"@id\":\"https:\\\/\\\/eralux.com\\\/fr\\\/#\\\/schema\\\/logo\\\/image\\\/\",\"url\":\"https:\\\/\\\/eralux.com\\\/wp-content\\\/uploads\\\/2024\\\/01\\\/eralux-logo-trademark-R.png\",\"contentUrl\":\"https:\\\/\\\/eralux.com\\\/wp-content\\\/uploads\\\/2024\\\/01\\\/eralux-logo-trademark-R.png\",\"width\":1000,\"height\":446,\"caption\":\"Eralux\"},\"image\":{\"@id\":\"https:\\\/\\\/eralux.com\\\/fr\\\/#\\\/schema\\\/logo\\\/image\\\/\"},\"sameAs\":[\"https:\\\/\\\/www.facebook.com\\\/aeralux.corp\",\"https:\\\/\\\/x.com\\\/eralux_inc\"],\"description\":\"Save on energy with high-performance LED solutions. Choose Eralux for eco-friendly lighting. Explore our range today!\"}]}<\/script>\n<meta property=\"product:price:amount\" content=\"0.00\" \/>\n<meta property=\"product:price:currency\" content=\"CAD\" \/>\n<meta property=\"og:availability\" content=\"instock\" \/>\n<meta property=\"product:availability\" content=\"instock\" \/>\n<meta property=\"product:condition\" content=\"new\" \/>\n<!-- \/ Yoast SEO Premium plugin. -->","yoast_head_json":{"title":"ETNA - Eralux","description":"L'ETNA est un pack mural traditionnel enrichi de technologies LED progressives, d'une cellule photo\u00e9lectrique, entre autres. L'ensemble mural fournit jusqu'\u00e0 120 LPW dans une vari\u00e9t\u00e9 d'options de puissance et de CCT. L'ETNA est dot\u00e9 d'une capacit\u00e9 de commutation CCT\/puissance. Il s'agit d'un bo\u00eetier robuste en aluminium moul\u00e9 sous pression, enti\u00e8rement scell\u00e9 pour \u00eatre \u00e0 l'\u00e9preuve de la salet\u00e9 et \u00e9prouv\u00e9 pour r\u00e9sister aux \u00e9l\u00e9ments ext\u00e9rieurs. L'ETNA est la preuve vivante que des produits traditionnels de longue date peuvent \u00eatre performants.","robots":{"index":"index","follow":"follow","max-snippet":"max-snippet:-1","max-image-preview":"max-image-preview:large","max-video-preview":"max-video-preview:-1"},"canonical":"https:\/\/eralux.com\/fr\/produit\/etna\/","og_locale":"fr_FR","og_type":"article","og_title":"ETNA","og_description":"L'ETNA est un pack mural traditionnel enrichi de technologies LED progressives, d'une cellule photo\u00e9lectrique, entre autres. L'ensemble mural fournit jusqu'\u00e0 120 LPW dans une vari\u00e9t\u00e9 d'options de puissance et de CCT. L'ETNA est dot\u00e9 d'une capacit\u00e9 de commutation CCT\/puissance. Il s'agit d'un bo\u00eetier robuste en aluminium moul\u00e9 sous pression, enti\u00e8rement scell\u00e9 pour \u00eatre \u00e0 l'\u00e9preuve de la salet\u00e9 et \u00e9prouv\u00e9 pour r\u00e9sister aux \u00e9l\u00e9ments ext\u00e9rieurs. L'ETNA est la preuve vivante que des produits traditionnels de longue date peuvent \u00eatre performants.","og_url":"https:\/\/eralux.com\/fr\/produit\/etna\/","og_site_name":"Eralux","article_publisher":"https:\/\/www.facebook.com\/aeralux.corp","article_modified_time":"2025-12-08T18:25:58+00:00","og_image":[{"width":1000,"height":1000,"url":"https:\/\/eralux.com\/wp-content\/uploads\/2024\/07\/Front-1.png","type":"image\/png"}],"twitter_card":"summary_large_image","twitter_site":"@eralux_inc","twitter_misc":{"Prix":"&#36;0.00","Disponibilit\u00e9":"En stock"},"schema":{"@context":"https:\/\/schema.org","@graph":[{"@type":"WebPage","@id":"https:\/\/eralux.com\/fr\/produit\/etna\/","url":"https:\/\/eralux.com\/fr\/produit\/etna\/","name":"ETNA - Eralux","isPartOf":{"@id":"https:\/\/eralux.com\/fr\/#website"},"primaryImageOfPage":{"@id":"https:\/\/eralux.com\/fr\/produit\/etna\/#primaryimage"},"image":{"@id":"https:\/\/eralux.com\/fr\/produit\/etna\/#primaryimage"},"thumbnailUrl":"https:\/\/eralux.com\/wp-content\/uploads\/2024\/07\/Front-1.png","datePublished":"2024-07-26T14:20:53+00:00","dateModified":"2025-12-08T18:25:58+00:00","description":"L'ETNA est un pack mural traditionnel enrichi de technologies LED progressives, d'une cellule photo\u00e9lectrique, entre autres. L'ensemble mural fournit jusqu'\u00e0 120 LPW dans une vari\u00e9t\u00e9 d'options de puissance et de CCT. L'ETNA est dot\u00e9 d'une capacit\u00e9 de commutation CCT\/puissance. Il s'agit d'un bo\u00eetier robuste en aluminium moul\u00e9 sous pression, enti\u00e8rement scell\u00e9 pour \u00eatre \u00e0 l'\u00e9preuve de la salet\u00e9 et \u00e9prouv\u00e9 pour r\u00e9sister aux \u00e9l\u00e9ments ext\u00e9rieurs. L'ETNA est la preuve vivante que des produits traditionnels de longue date peuvent \u00eatre performants.","breadcrumb":{"@id":"https:\/\/eralux.com\/fr\/produit\/etna\/#breadcrumb"},"inLanguage":"fr-FR","potentialAction":[{"@type":"ReadAction","target":["https:\/\/eralux.com\/fr\/produit\/etna\/"]}]},{"@type":"ImageObject","inLanguage":"fr-FR","@id":"https:\/\/eralux.com\/fr\/produit\/etna\/#primaryimage","url":"https:\/\/eralux.com\/wp-content\/uploads\/2024\/07\/Front-1.png","contentUrl":"https:\/\/eralux.com\/wp-content\/uploads\/2024\/07\/Front-1.png","width":1000,"height":1000},{"@type":"BreadcrumbList","@id":"https:\/\/eralux.com\/fr\/produit\/etna\/#breadcrumb","itemListElement":[{"@type":"ListItem","position":1,"name":"Home","item":"https:\/\/eralux.com\/fr\/"},{"@type":"ListItem","position":2,"name":"Shop","item":"https:\/\/eralux.com\/shop\/"},{"@type":"ListItem","position":3,"name":"ETNA"}]},{"@type":"WebSite","@id":"https:\/\/eralux.com\/fr\/#website","url":"https:\/\/eralux.com\/fr\/","name":"Eralux","description":"World leader for Energy Saving LED Solutions","publisher":{"@id":"https:\/\/eralux.com\/fr\/#organization"},"alternateName":"Led manufacturer Canada","potentialAction":[{"@type":"SearchAction","target":{"@type":"EntryPoint","urlTemplate":"https:\/\/eralux.com\/fr\/?s={search_term_string}"},"query-input":{"@type":"PropertyValueSpecification","valueRequired":true,"valueName":"search_term_string"}}],"inLanguage":"fr-FR"},{"@type":"Organization","@id":"https:\/\/eralux.com\/fr\/#organization","name":"Eralux","url":"https:\/\/eralux.com\/fr\/","logo":{"@type":"ImageObject","inLanguage":"fr-FR","@id":"https:\/\/eralux.com\/fr\/#\/schema\/logo\/image\/","url":"https:\/\/eralux.com\/wp-content\/uploads\/2024\/01\/eralux-logo-trademark-R.png","contentUrl":"https:\/\/eralux.com\/wp-content\/uploads\/2024\/01\/eralux-logo-trademark-R.png","width":1000,"height":446,"caption":"Eralux"},"image":{"@id":"https:\/\/eralux.com\/fr\/#\/schema\/logo\/image\/"},"sameAs":["https:\/\/www.facebook.com\/aeralux.corp","https:\/\/x.com\/eralux_inc"],"description":"Save on energy with high-performance LED solutions. Choose Eralux for eco-friendly lighting. Explore our range today!"}]},"product_price_amount":"0.00","product_price_currency":"CAD","og_availability":"instock","product_availability":"instock","product_condition":"new"},"_links":{"self":[{"href":"https:\/\/eralux.com\/fr\/wp-json\/wp\/v2\/product\/12434","targetHints":{"allow":["GET"]}}],"collection":[{"href":"https:\/\/eralux.com\/fr\/wp-json\/wp\/v2\/product"}],"about":[{"href":"https:\/\/eralux.com\/fr\/wp-json\/wp\/v2\/types\/product"}],"replies":[{"embeddable":true,"href":"https:\/\/eralux.com\/fr\/wp-json\/wp\/v2\/comments?post=12434"}],"wp:featuredmedia":[{"embeddable":true,"href":"https:\/\/eralux.com\/fr\/wp-json\/wp\/v2\/media\/12557"}],"wp:attachment":[{"href":"https:\/\/eralux.com\/fr\/wp-json\/wp\/v2\/media?parent=12434"}],"wp:term":[{"taxonomy":"product_brand","embeddable":true,"href":"https:\/\/eralux.com\/fr\/wp-json\/wp\/v2\/product_brand?post=12434"},{"taxonomy":"product_cat","embeddable":true,"href":"https:\/\/eralux.com\/fr\/wp-json\/wp\/v2\/product_cat?post=12434"},{"taxonomy":"product_tag","embeddable":true,"href":"https:\/\/eralux.com\/fr\/wp-json\/wp\/v2\/product_tag?post=12434"}],"curies":[{"name":"wp","href":"https:\/\/api.w.org\/{rel}","templated":true}]}}