{"id":12475,"date":"2024-07-26T16:23:07","date_gmt":"2024-07-26T16:23:07","guid":{"rendered":"https:\/\/eralux.com\/?post_type=product&#038;p=12475"},"modified":"2025-07-31T21:59:43","modified_gmt":"2025-07-31T21:59:43","slug":"jsq","status":"publish","type":"product","link":"https:\/\/eralux.com\/fr\/produit\/jsq\/","title":{"rendered":"JSQ"},"content":{"rendered":"<p>La s\u00e9rie JSQ est le remplacement \u00e9conomique et discret des luminaires lin\u00e9aires. Il est disponible en longueurs de 4 et 8 pieds et est con\u00e7u pour r\u00e9pondre aux besoins d&#8217;installation en surface. En outre, ce luminaire offre une performance sup\u00e9rieure \u00e0 130 LPW tout en faisant preuve d&#8217;une grande polyvalence dans la tension de fonctionnement de 120 \u00e0 347V. La partie lumineuse est int\u00e9gr\u00e9e et fix\u00e9e au corps du projecteur par des fermetures \u00e0 d\u00e9clic, ce qui facilite l&#8217;ouverture des projecteurs. R\u00e9glage sur site de la luminosit\u00e9 et des options CCT.<\/p>\n","protected":false},"excerpt":{"rendered":"<p>Luminaire lin\u00e9aire en bande suspendu ou \u00e0 montage en surface<\/p>\n","protected":false},"featured_media":12477,"comment_status":"open","ping_status":"closed","template":"","meta":{"inline_featured_image":false},"product_brand":[],"product_cat":[2195],"product_tag":[],"class_list":{"0":"post-12475","1":"product","2":"type-product","3":"status-publish","4":"has-post-thumbnail","6":"spec_sheets-04-fr-3","7":"spec_sheets-susp-fr","8":"spec_sheets-em-fr-2","9":"spec_sheets-ms-fr-3","10":"spec_sheets-cct-fr","11":"spec_sheets-controles","12":"spec_sheets-longueur","13":"spec_sheets-montage","14":"spec_sheets-puissance","15":"spec_sheets-835-50-fr","16":"spec_sheets-40-fr-2","17":"product_applications-garage-fr","18":"product_applications-industriel","19":"product_applications-hotellerie","20":"product_applications-sante","21":"product_applications-bureau-commercial","22":"product_segments-reglettes","23":"product_segments-produits-lineaires","24":"product_cat-ae-sf-jsqca-fr","26":"first","27":"instock","28":"shipping-taxable","29":"purchasable","30":"product-type-simple"},"yoast_head":"<!-- This site is optimized with the Yoast SEO Premium plugin v24.2 (Yoast SEO v27.4) - https:\/\/yoast.com\/product\/yoast-seo-premium-wordpress\/ -->\n<title>JSQ - Eralux<\/title>\n<meta name=\"description\" content=\"La s\u00e9rie JSQ est le remplacement \u00e9conomique et discret des luminaires lin\u00e9aires. Il est disponible en longueurs de 2, 4 et 8 pieds et est con\u00e7us pour r\u00e9pondre aux besoins d&#039;installation en surface ou suspension. En outre, ce luminaire offre une performance sup\u00e9rieure \u00e0 130 LPW tout en faisant preuve d&#039;une grande polyvalence dans sa tension de fonctionnement de 120 \u00e0 347V. La partie lumineuse est int\u00e9gr\u00e9e et fix\u00e9e au corps du projecteur par des fermetures \u00e0 d\u00e9clic, ce qui facilite l&#039;ouverture des projecteurs. R\u00e9glage sur site de la luminosit\u00e9 et des options CCT.\" \/>\n<meta name=\"robots\" content=\"index, follow, max-snippet:-1, max-image-preview:large, max-video-preview:-1\" \/>\n<link rel=\"canonical\" href=\"https:\/\/eralux.com\/fr\/produit\/jsq\/\" \/>\n<meta property=\"og:locale\" content=\"fr_FR\" \/>\n<meta property=\"og:type\" content=\"article\" \/>\n<meta property=\"og:title\" content=\"JSQ\" \/>\n<meta property=\"og:description\" content=\"La s\u00e9rie JSQ est le remplacement \u00e9conomique et discret des luminaires lin\u00e9aires. Il est disponible en longueurs de 2, 4 et 8 pieds et est con\u00e7us pour r\u00e9pondre aux besoins d&#039;installation en surface ou suspension. En outre, ce luminaire offre une performance sup\u00e9rieure \u00e0 130 LPW tout en faisant preuve d&#039;une grande polyvalence dans sa tension de fonctionnement de 120 \u00e0 347V. La partie lumineuse est int\u00e9gr\u00e9e et fix\u00e9e au corps du projecteur par des fermetures \u00e0 d\u00e9clic, ce qui facilite l&#039;ouverture des projecteurs. R\u00e9glage sur site de la luminosit\u00e9 et des options CCT.\" \/>\n<meta property=\"og:url\" content=\"https:\/\/eralux.com\/fr\/produit\/jsq\/\" \/>\n<meta property=\"og:site_name\" content=\"Eralux\" \/>\n<meta property=\"article:publisher\" content=\"https:\/\/www.facebook.com\/aeralux.corp\" \/>\n<meta property=\"article:modified_time\" content=\"2025-07-31T21:59:43+00:00\" \/>\n<meta property=\"og:image\" content=\"https:\/\/eralux.com\/wp-content\/uploads\/2024\/07\/04.png\" \/>\n\t<meta property=\"og:image:width\" content=\"1000\" \/>\n\t<meta property=\"og:image:height\" content=\"1000\" \/>\n\t<meta property=\"og:image:type\" content=\"image\/png\" \/>\n<meta name=\"twitter:card\" content=\"summary_large_image\" \/>\n<meta name=\"twitter:site\" content=\"@eralux_inc\" \/>\n<meta name=\"twitter:label1\" content=\"Prix\" \/>\n\t<meta name=\"twitter:data1\" content=\"&#036;0.00\" \/>\n\t<meta name=\"twitter:label2\" content=\"Disponibilit\u00e9\" \/>\n\t<meta name=\"twitter:data2\" content=\"En stock\" \/>\n<script type=\"application\/ld+json\" class=\"yoast-schema-graph\">{\"@context\":\"https:\\\/\\\/schema.org\",\"@graph\":[{\"@type\":\"WebPage\",\"@id\":\"https:\\\/\\\/eralux.com\\\/fr\\\/produit\\\/jsq\\\/\",\"url\":\"https:\\\/\\\/eralux.com\\\/fr\\\/produit\\\/jsq\\\/\",\"name\":\"JSQ - Eralux\",\"isPartOf\":{\"@id\":\"https:\\\/\\\/eralux.com\\\/fr\\\/#website\"},\"primaryImageOfPage\":{\"@id\":\"https:\\\/\\\/eralux.com\\\/fr\\\/produit\\\/jsq\\\/#primaryimage\"},\"image\":{\"@id\":\"https:\\\/\\\/eralux.com\\\/fr\\\/produit\\\/jsq\\\/#primaryimage\"},\"thumbnailUrl\":\"https:\\\/\\\/eralux.com\\\/wp-content\\\/uploads\\\/2024\\\/07\\\/04.png\",\"datePublished\":\"2024-07-26T16:23:07+00:00\",\"dateModified\":\"2025-07-31T21:59:43+00:00\",\"description\":\"La s\u00e9rie JSQ est le remplacement \u00e9conomique et discret des luminaires lin\u00e9aires. Il est disponible en longueurs de 2, 4 et 8 pieds et est con\u00e7us pour r\u00e9pondre aux besoins d'installation en surface ou suspension. En outre, ce luminaire offre une performance sup\u00e9rieure \u00e0 130 LPW tout en faisant preuve d'une grande polyvalence dans sa tension de fonctionnement de 120 \u00e0 347V. La partie lumineuse est int\u00e9gr\u00e9e et fix\u00e9e au corps du projecteur par des fermetures \u00e0 d\u00e9clic, ce qui facilite l'ouverture des projecteurs. R\u00e9glage sur site de la luminosit\u00e9 et des options CCT.\",\"breadcrumb\":{\"@id\":\"https:\\\/\\\/eralux.com\\\/fr\\\/produit\\\/jsq\\\/#breadcrumb\"},\"inLanguage\":\"fr-FR\",\"potentialAction\":[{\"@type\":\"ReadAction\",\"target\":[\"https:\\\/\\\/eralux.com\\\/fr\\\/produit\\\/jsq\\\/\"]}]},{\"@type\":\"ImageObject\",\"inLanguage\":\"fr-FR\",\"@id\":\"https:\\\/\\\/eralux.com\\\/fr\\\/produit\\\/jsq\\\/#primaryimage\",\"url\":\"https:\\\/\\\/eralux.com\\\/wp-content\\\/uploads\\\/2024\\\/07\\\/04.png\",\"contentUrl\":\"https:\\\/\\\/eralux.com\\\/wp-content\\\/uploads\\\/2024\\\/07\\\/04.png\",\"width\":1000,\"height\":1000},{\"@type\":\"BreadcrumbList\",\"@id\":\"https:\\\/\\\/eralux.com\\\/fr\\\/produit\\\/jsq\\\/#breadcrumb\",\"itemListElement\":[{\"@type\":\"ListItem\",\"position\":1,\"name\":\"Home\",\"item\":\"https:\\\/\\\/eralux.com\\\/fr\\\/\"},{\"@type\":\"ListItem\",\"position\":2,\"name\":\"Shop\",\"item\":\"https:\\\/\\\/eralux.com\\\/shop\\\/\"},{\"@type\":\"ListItem\",\"position\":3,\"name\":\"JSQ\"}]},{\"@type\":\"WebSite\",\"@id\":\"https:\\\/\\\/eralux.com\\\/fr\\\/#website\",\"url\":\"https:\\\/\\\/eralux.com\\\/fr\\\/\",\"name\":\"Eralux\",\"description\":\"World leader for Energy Saving LED Solutions\",\"publisher\":{\"@id\":\"https:\\\/\\\/eralux.com\\\/fr\\\/#organization\"},\"alternateName\":\"Led manufacturer Canada\",\"potentialAction\":[{\"@type\":\"SearchAction\",\"target\":{\"@type\":\"EntryPoint\",\"urlTemplate\":\"https:\\\/\\\/eralux.com\\\/fr\\\/?s={search_term_string}\"},\"query-input\":{\"@type\":\"PropertyValueSpecification\",\"valueRequired\":true,\"valueName\":\"search_term_string\"}}],\"inLanguage\":\"fr-FR\"},{\"@type\":\"Organization\",\"@id\":\"https:\\\/\\\/eralux.com\\\/fr\\\/#organization\",\"name\":\"Eralux\",\"url\":\"https:\\\/\\\/eralux.com\\\/fr\\\/\",\"logo\":{\"@type\":\"ImageObject\",\"inLanguage\":\"fr-FR\",\"@id\":\"https:\\\/\\\/eralux.com\\\/fr\\\/#\\\/schema\\\/logo\\\/image\\\/\",\"url\":\"https:\\\/\\\/eralux.com\\\/wp-content\\\/uploads\\\/2024\\\/01\\\/eralux-logo-trademark-R.png\",\"contentUrl\":\"https:\\\/\\\/eralux.com\\\/wp-content\\\/uploads\\\/2024\\\/01\\\/eralux-logo-trademark-R.png\",\"width\":1000,\"height\":446,\"caption\":\"Eralux\"},\"image\":{\"@id\":\"https:\\\/\\\/eralux.com\\\/fr\\\/#\\\/schema\\\/logo\\\/image\\\/\"},\"sameAs\":[\"https:\\\/\\\/www.facebook.com\\\/aeralux.corp\",\"https:\\\/\\\/x.com\\\/eralux_inc\"],\"description\":\"Save on energy with high-performance LED solutions. Choose Eralux for eco-friendly lighting. Explore our range today!\"}]}<\/script>\n<meta property=\"product:price:amount\" content=\"0.00\" \/>\n<meta property=\"product:price:currency\" content=\"CAD\" \/>\n<meta property=\"og:availability\" content=\"instock\" \/>\n<meta property=\"product:availability\" content=\"instock\" \/>\n<meta property=\"product:condition\" content=\"new\" \/>\n<!-- \/ Yoast SEO Premium plugin. -->","yoast_head_json":{"title":"JSQ - Eralux","description":"La s\u00e9rie JSQ est le remplacement \u00e9conomique et discret des luminaires lin\u00e9aires. Il est disponible en longueurs de 2, 4 et 8 pieds et est con\u00e7us pour r\u00e9pondre aux besoins d'installation en surface ou suspension. En outre, ce luminaire offre une performance sup\u00e9rieure \u00e0 130 LPW tout en faisant preuve d'une grande polyvalence dans sa tension de fonctionnement de 120 \u00e0 347V. La partie lumineuse est int\u00e9gr\u00e9e et fix\u00e9e au corps du projecteur par des fermetures \u00e0 d\u00e9clic, ce qui facilite l'ouverture des projecteurs. R\u00e9glage sur site de la luminosit\u00e9 et des options CCT.","robots":{"index":"index","follow":"follow","max-snippet":"max-snippet:-1","max-image-preview":"max-image-preview:large","max-video-preview":"max-video-preview:-1"},"canonical":"https:\/\/eralux.com\/fr\/produit\/jsq\/","og_locale":"fr_FR","og_type":"article","og_title":"JSQ","og_description":"La s\u00e9rie JSQ est le remplacement \u00e9conomique et discret des luminaires lin\u00e9aires. Il est disponible en longueurs de 2, 4 et 8 pieds et est con\u00e7us pour r\u00e9pondre aux besoins d'installation en surface ou suspension. En outre, ce luminaire offre une performance sup\u00e9rieure \u00e0 130 LPW tout en faisant preuve d'une grande polyvalence dans sa tension de fonctionnement de 120 \u00e0 347V. La partie lumineuse est int\u00e9gr\u00e9e et fix\u00e9e au corps du projecteur par des fermetures \u00e0 d\u00e9clic, ce qui facilite l'ouverture des projecteurs. R\u00e9glage sur site de la luminosit\u00e9 et des options CCT.","og_url":"https:\/\/eralux.com\/fr\/produit\/jsq\/","og_site_name":"Eralux","article_publisher":"https:\/\/www.facebook.com\/aeralux.corp","article_modified_time":"2025-07-31T21:59:43+00:00","og_image":[{"width":1000,"height":1000,"url":"https:\/\/eralux.com\/wp-content\/uploads\/2024\/07\/04.png","type":"image\/png"}],"twitter_card":"summary_large_image","twitter_site":"@eralux_inc","twitter_misc":{"Prix":"&#36;0.00","Disponibilit\u00e9":"En stock"},"schema":{"@context":"https:\/\/schema.org","@graph":[{"@type":"WebPage","@id":"https:\/\/eralux.com\/fr\/produit\/jsq\/","url":"https:\/\/eralux.com\/fr\/produit\/jsq\/","name":"JSQ - Eralux","isPartOf":{"@id":"https:\/\/eralux.com\/fr\/#website"},"primaryImageOfPage":{"@id":"https:\/\/eralux.com\/fr\/produit\/jsq\/#primaryimage"},"image":{"@id":"https:\/\/eralux.com\/fr\/produit\/jsq\/#primaryimage"},"thumbnailUrl":"https:\/\/eralux.com\/wp-content\/uploads\/2024\/07\/04.png","datePublished":"2024-07-26T16:23:07+00:00","dateModified":"2025-07-31T21:59:43+00:00","description":"La s\u00e9rie JSQ est le remplacement \u00e9conomique et discret des luminaires lin\u00e9aires. Il est disponible en longueurs de 2, 4 et 8 pieds et est con\u00e7us pour r\u00e9pondre aux besoins d'installation en surface ou suspension. En outre, ce luminaire offre une performance sup\u00e9rieure \u00e0 130 LPW tout en faisant preuve d'une grande polyvalence dans sa tension de fonctionnement de 120 \u00e0 347V. La partie lumineuse est int\u00e9gr\u00e9e et fix\u00e9e au corps du projecteur par des fermetures \u00e0 d\u00e9clic, ce qui facilite l'ouverture des projecteurs. R\u00e9glage sur site de la luminosit\u00e9 et des options CCT.","breadcrumb":{"@id":"https:\/\/eralux.com\/fr\/produit\/jsq\/#breadcrumb"},"inLanguage":"fr-FR","potentialAction":[{"@type":"ReadAction","target":["https:\/\/eralux.com\/fr\/produit\/jsq\/"]}]},{"@type":"ImageObject","inLanguage":"fr-FR","@id":"https:\/\/eralux.com\/fr\/produit\/jsq\/#primaryimage","url":"https:\/\/eralux.com\/wp-content\/uploads\/2024\/07\/04.png","contentUrl":"https:\/\/eralux.com\/wp-content\/uploads\/2024\/07\/04.png","width":1000,"height":1000},{"@type":"BreadcrumbList","@id":"https:\/\/eralux.com\/fr\/produit\/jsq\/#breadcrumb","itemListElement":[{"@type":"ListItem","position":1,"name":"Home","item":"https:\/\/eralux.com\/fr\/"},{"@type":"ListItem","position":2,"name":"Shop","item":"https:\/\/eralux.com\/shop\/"},{"@type":"ListItem","position":3,"name":"JSQ"}]},{"@type":"WebSite","@id":"https:\/\/eralux.com\/fr\/#website","url":"https:\/\/eralux.com\/fr\/","name":"Eralux","description":"World leader for Energy Saving LED Solutions","publisher":{"@id":"https:\/\/eralux.com\/fr\/#organization"},"alternateName":"Led manufacturer Canada","potentialAction":[{"@type":"SearchAction","target":{"@type":"EntryPoint","urlTemplate":"https:\/\/eralux.com\/fr\/?s={search_term_string}"},"query-input":{"@type":"PropertyValueSpecification","valueRequired":true,"valueName":"search_term_string"}}],"inLanguage":"fr-FR"},{"@type":"Organization","@id":"https:\/\/eralux.com\/fr\/#organization","name":"Eralux","url":"https:\/\/eralux.com\/fr\/","logo":{"@type":"ImageObject","inLanguage":"fr-FR","@id":"https:\/\/eralux.com\/fr\/#\/schema\/logo\/image\/","url":"https:\/\/eralux.com\/wp-content\/uploads\/2024\/01\/eralux-logo-trademark-R.png","contentUrl":"https:\/\/eralux.com\/wp-content\/uploads\/2024\/01\/eralux-logo-trademark-R.png","width":1000,"height":446,"caption":"Eralux"},"image":{"@id":"https:\/\/eralux.com\/fr\/#\/schema\/logo\/image\/"},"sameAs":["https:\/\/www.facebook.com\/aeralux.corp","https:\/\/x.com\/eralux_inc"],"description":"Save on energy with high-performance LED solutions. Choose Eralux for eco-friendly lighting. Explore our range today!"}]},"product_price_amount":"0.00","product_price_currency":"CAD","og_availability":"instock","product_availability":"instock","product_condition":"new"},"_links":{"self":[{"href":"https:\/\/eralux.com\/fr\/wp-json\/wp\/v2\/product\/12475","targetHints":{"allow":["GET"]}}],"collection":[{"href":"https:\/\/eralux.com\/fr\/wp-json\/wp\/v2\/product"}],"about":[{"href":"https:\/\/eralux.com\/fr\/wp-json\/wp\/v2\/types\/product"}],"replies":[{"embeddable":true,"href":"https:\/\/eralux.com\/fr\/wp-json\/wp\/v2\/comments?post=12475"}],"wp:featuredmedia":[{"embeddable":true,"href":"https:\/\/eralux.com\/fr\/wp-json\/wp\/v2\/media\/12477"}],"wp:attachment":[{"href":"https:\/\/eralux.com\/fr\/wp-json\/wp\/v2\/media?parent=12475"}],"wp:term":[{"taxonomy":"product_brand","embeddable":true,"href":"https:\/\/eralux.com\/fr\/wp-json\/wp\/v2\/product_brand?post=12475"},{"taxonomy":"product_cat","embeddable":true,"href":"https:\/\/eralux.com\/fr\/wp-json\/wp\/v2\/product_cat?post=12475"},{"taxonomy":"product_tag","embeddable":true,"href":"https:\/\/eralux.com\/fr\/wp-json\/wp\/v2\/product_tag?post=12475"}],"curies":[{"name":"wp","href":"https:\/\/api.w.org\/{rel}","templated":true}]}}