{"id":12489,"date":"2024-07-29T12:46:30","date_gmt":"2024-07-29T12:46:30","guid":{"rendered":"https:\/\/eralux.com\/?post_type=product&#038;p=12489"},"modified":"2025-11-27T20:46:01","modified_gmt":"2025-11-27T20:46:01","slug":"fogo","status":"publish","type":"product","link":"https:\/\/eralux.com\/fr\/produit\/fogo\/","title":{"rendered":"FOGO"},"content":{"rendered":"<p>Les appliques r\u00e9glables Fogo sont des luminaires \u00e0 haute efficacit\u00e9 dot\u00e9s d&#8217;une coque en aluminium moul\u00e9 sous pression et usin\u00e9. Ils sont dot\u00e9s d&#8217;une t\u00eate r\u00e9glable qui permet d&#8217;orienter le faisceau dans diff\u00e9rentes positions. Il est commutable POWER\/ CCT avec des tensions d&#8217;entr\u00e9e comprises entre 120 et 347V, ce qui lui permet de s&#8217;adapter \u00e0 diff\u00e9rents projets et sc\u00e9narios.<\/p>\n","protected":false},"excerpt":{"rendered":"<p>Applique murale ext\u00e9rieure r\u00e9glable<\/p>\n","protected":false},"featured_media":12567,"comment_status":"open","ping_status":"closed","template":"","meta":{"inline_featured_image":false},"product_brand":[],"product_cat":[1375,2168],"product_tag":[],"class_list":{"0":"post-12489","1":"product","2":"type-product","3":"status-publish","4":"has-post-thumbnail","6":"spec_sheets-75w-fr-2","7":"spec_sheets-d-fr-2","8":"spec_sheets-tcp-fr","9":"spec_sheets-ca-fr","10":"spec_sheets-em-fr-2","11":"spec_sheets-wh-fr-2","12":"spec_sheets-bk-fr-2","13":"spec_sheets-bz-fr","14":"spec_sheets-p-fr-2","15":"spec_sheets-cct-fr","16":"spec_sheets-controles","17":"spec_sheets-finition","18":"spec_sheets-tension-dentree","19":"spec_sheets-puissance","20":"spec_sheets-25w-fr","21":"product_segments-exterieur","22":"product_segments-applique-murale","23":"product_cat-ae-wp-ms-fr","24":"product_cat-ae-wp-fg-fr","26":"first","27":"instock","28":"shipping-taxable","29":"purchasable","30":"product-type-simple"},"yoast_head":"<!-- This site is optimized with the Yoast SEO Premium plugin v24.2 (Yoast SEO v27.5) - https:\/\/yoast.com\/product\/yoast-seo-premium-wordpress\/ -->\n<title>FOGO - Eralux<\/title>\n<meta name=\"description\" content=\"Les appliques r\u00e9glables Fogo sont des luminaires \u00e0 haute efficacit\u00e9 dot\u00e9s d&#039;une coque en aluminium moul\u00e9 sous pression et usin\u00e9. Ils sont dot\u00e9s d&#039;une t\u00eate r\u00e9glable qui permet d&#039;orienter le faisceau dans diff\u00e9rentes positions. Il est commutable POWER\/ CCT avec des tensions d&#039;entr\u00e9e comprises entre 120 et 347V, ce qui lui permet de s&#039;adapter \u00e0 diff\u00e9rents projets et sc\u00e9narios.\" \/>\n<meta name=\"robots\" content=\"index, follow, max-snippet:-1, max-image-preview:large, max-video-preview:-1\" \/>\n<link rel=\"canonical\" href=\"https:\/\/eralux.com\/fr\/produit\/fogo\/\" \/>\n<meta property=\"og:locale\" content=\"fr_FR\" \/>\n<meta property=\"og:type\" content=\"article\" \/>\n<meta property=\"og:title\" content=\"FOGO\" \/>\n<meta property=\"og:description\" content=\"Les appliques r\u00e9glables Fogo sont des luminaires \u00e0 haute efficacit\u00e9 dot\u00e9s d&#039;une coque en aluminium moul\u00e9 sous pression et usin\u00e9. Ils sont dot\u00e9s d&#039;une t\u00eate r\u00e9glable qui permet d&#039;orienter le faisceau dans diff\u00e9rentes positions. Il est commutable POWER\/ CCT avec des tensions d&#039;entr\u00e9e comprises entre 120 et 347V, ce qui lui permet de s&#039;adapter \u00e0 diff\u00e9rents projets et sc\u00e9narios.\" \/>\n<meta property=\"og:url\" content=\"https:\/\/eralux.com\/fr\/produit\/fogo\/\" \/>\n<meta property=\"og:site_name\" content=\"Eralux\" \/>\n<meta property=\"article:publisher\" content=\"https:\/\/www.facebook.com\/aeralux.corp\" \/>\n<meta property=\"article:modified_time\" content=\"2025-11-27T20:46:01+00:00\" \/>\n<meta property=\"og:image\" content=\"https:\/\/eralux.com\/wp-content\/uploads\/2024\/07\/06.png\" \/>\n\t<meta property=\"og:image:width\" content=\"1000\" \/>\n\t<meta property=\"og:image:height\" content=\"1000\" \/>\n\t<meta property=\"og:image:type\" content=\"image\/png\" \/>\n<meta name=\"twitter:card\" content=\"summary_large_image\" \/>\n<meta name=\"twitter:site\" content=\"@eralux_inc\" \/>\n<meta name=\"twitter:label1\" content=\"Prix\" \/>\n\t<meta name=\"twitter:data1\" content=\"&#036;0.00\" \/>\n\t<meta name=\"twitter:label2\" content=\"Disponibilit\u00e9\" \/>\n\t<meta name=\"twitter:data2\" content=\"En stock\" \/>\n<script type=\"application\/ld+json\" class=\"yoast-schema-graph\">{\"@context\":\"https:\\\/\\\/schema.org\",\"@graph\":[{\"@type\":\"WebPage\",\"@id\":\"https:\\\/\\\/eralux.com\\\/fr\\\/produit\\\/fogo\\\/\",\"url\":\"https:\\\/\\\/eralux.com\\\/fr\\\/produit\\\/fogo\\\/\",\"name\":\"FOGO - Eralux\",\"isPartOf\":{\"@id\":\"https:\\\/\\\/eralux.com\\\/fr\\\/#website\"},\"primaryImageOfPage\":{\"@id\":\"https:\\\/\\\/eralux.com\\\/fr\\\/produit\\\/fogo\\\/#primaryimage\"},\"image\":{\"@id\":\"https:\\\/\\\/eralux.com\\\/fr\\\/produit\\\/fogo\\\/#primaryimage\"},\"thumbnailUrl\":\"https:\\\/\\\/eralux.com\\\/wp-content\\\/uploads\\\/2024\\\/07\\\/06.png\",\"datePublished\":\"2024-07-29T12:46:30+00:00\",\"dateModified\":\"2025-11-27T20:46:01+00:00\",\"description\":\"Les appliques r\u00e9glables Fogo sont des luminaires \u00e0 haute efficacit\u00e9 dot\u00e9s d'une coque en aluminium moul\u00e9 sous pression et usin\u00e9. Ils sont dot\u00e9s d'une t\u00eate r\u00e9glable qui permet d'orienter le faisceau dans diff\u00e9rentes positions. Il est commutable POWER\\\/ CCT avec des tensions d'entr\u00e9e comprises entre 120 et 347V, ce qui lui permet de s'adapter \u00e0 diff\u00e9rents projets et sc\u00e9narios.\",\"breadcrumb\":{\"@id\":\"https:\\\/\\\/eralux.com\\\/fr\\\/produit\\\/fogo\\\/#breadcrumb\"},\"inLanguage\":\"fr-FR\",\"potentialAction\":[{\"@type\":\"ReadAction\",\"target\":[\"https:\\\/\\\/eralux.com\\\/fr\\\/produit\\\/fogo\\\/\"]}]},{\"@type\":\"ImageObject\",\"inLanguage\":\"fr-FR\",\"@id\":\"https:\\\/\\\/eralux.com\\\/fr\\\/produit\\\/fogo\\\/#primaryimage\",\"url\":\"https:\\\/\\\/eralux.com\\\/wp-content\\\/uploads\\\/2024\\\/07\\\/06.png\",\"contentUrl\":\"https:\\\/\\\/eralux.com\\\/wp-content\\\/uploads\\\/2024\\\/07\\\/06.png\",\"width\":1000,\"height\":1000},{\"@type\":\"BreadcrumbList\",\"@id\":\"https:\\\/\\\/eralux.com\\\/fr\\\/produit\\\/fogo\\\/#breadcrumb\",\"itemListElement\":[{\"@type\":\"ListItem\",\"position\":1,\"name\":\"Home\",\"item\":\"https:\\\/\\\/eralux.com\\\/fr\\\/\"},{\"@type\":\"ListItem\",\"position\":2,\"name\":\"Shop\",\"item\":\"https:\\\/\\\/eralux.com\\\/shop\\\/\"},{\"@type\":\"ListItem\",\"position\":3,\"name\":\"FOGO\"}]},{\"@type\":\"WebSite\",\"@id\":\"https:\\\/\\\/eralux.com\\\/fr\\\/#website\",\"url\":\"https:\\\/\\\/eralux.com\\\/fr\\\/\",\"name\":\"Eralux\",\"description\":\"World leader for Energy Saving LED Solutions\",\"publisher\":{\"@id\":\"https:\\\/\\\/eralux.com\\\/fr\\\/#organization\"},\"alternateName\":\"Led manufacturer Canada\",\"potentialAction\":[{\"@type\":\"SearchAction\",\"target\":{\"@type\":\"EntryPoint\",\"urlTemplate\":\"https:\\\/\\\/eralux.com\\\/fr\\\/?s={search_term_string}\"},\"query-input\":{\"@type\":\"PropertyValueSpecification\",\"valueRequired\":true,\"valueName\":\"search_term_string\"}}],\"inLanguage\":\"fr-FR\"},{\"@type\":\"Organization\",\"@id\":\"https:\\\/\\\/eralux.com\\\/fr\\\/#organization\",\"name\":\"Eralux\",\"url\":\"https:\\\/\\\/eralux.com\\\/fr\\\/\",\"logo\":{\"@type\":\"ImageObject\",\"inLanguage\":\"fr-FR\",\"@id\":\"https:\\\/\\\/eralux.com\\\/fr\\\/#\\\/schema\\\/logo\\\/image\\\/\",\"url\":\"https:\\\/\\\/eralux.com\\\/wp-content\\\/uploads\\\/2024\\\/01\\\/eralux-logo-trademark-R.png\",\"contentUrl\":\"https:\\\/\\\/eralux.com\\\/wp-content\\\/uploads\\\/2024\\\/01\\\/eralux-logo-trademark-R.png\",\"width\":1000,\"height\":446,\"caption\":\"Eralux\"},\"image\":{\"@id\":\"https:\\\/\\\/eralux.com\\\/fr\\\/#\\\/schema\\\/logo\\\/image\\\/\"},\"sameAs\":[\"https:\\\/\\\/www.facebook.com\\\/aeralux.corp\",\"https:\\\/\\\/x.com\\\/eralux_inc\"],\"description\":\"Save on energy with high-performance LED solutions. Choose Eralux for eco-friendly lighting. Explore our range today!\"}]}<\/script>\n<meta property=\"product:price:amount\" content=\"0.00\" \/>\n<meta property=\"product:price:currency\" content=\"CAD\" \/>\n<meta property=\"og:availability\" content=\"instock\" \/>\n<meta property=\"product:availability\" content=\"instock\" \/>\n<meta property=\"product:condition\" content=\"new\" \/>\n<!-- \/ Yoast SEO Premium plugin. -->","yoast_head_json":{"title":"FOGO - Eralux","description":"Les appliques r\u00e9glables Fogo sont des luminaires \u00e0 haute efficacit\u00e9 dot\u00e9s d'une coque en aluminium moul\u00e9 sous pression et usin\u00e9. Ils sont dot\u00e9s d'une t\u00eate r\u00e9glable qui permet d'orienter le faisceau dans diff\u00e9rentes positions. Il est commutable POWER\/ CCT avec des tensions d'entr\u00e9e comprises entre 120 et 347V, ce qui lui permet de s'adapter \u00e0 diff\u00e9rents projets et sc\u00e9narios.","robots":{"index":"index","follow":"follow","max-snippet":"max-snippet:-1","max-image-preview":"max-image-preview:large","max-video-preview":"max-video-preview:-1"},"canonical":"https:\/\/eralux.com\/fr\/produit\/fogo\/","og_locale":"fr_FR","og_type":"article","og_title":"FOGO","og_description":"Les appliques r\u00e9glables Fogo sont des luminaires \u00e0 haute efficacit\u00e9 dot\u00e9s d'une coque en aluminium moul\u00e9 sous pression et usin\u00e9. Ils sont dot\u00e9s d'une t\u00eate r\u00e9glable qui permet d'orienter le faisceau dans diff\u00e9rentes positions. Il est commutable POWER\/ CCT avec des tensions d'entr\u00e9e comprises entre 120 et 347V, ce qui lui permet de s'adapter \u00e0 diff\u00e9rents projets et sc\u00e9narios.","og_url":"https:\/\/eralux.com\/fr\/produit\/fogo\/","og_site_name":"Eralux","article_publisher":"https:\/\/www.facebook.com\/aeralux.corp","article_modified_time":"2025-11-27T20:46:01+00:00","og_image":[{"width":1000,"height":1000,"url":"https:\/\/eralux.com\/wp-content\/uploads\/2024\/07\/06.png","type":"image\/png"}],"twitter_card":"summary_large_image","twitter_site":"@eralux_inc","twitter_misc":{"Prix":"&#36;0.00","Disponibilit\u00e9":"En stock"},"schema":{"@context":"https:\/\/schema.org","@graph":[{"@type":"WebPage","@id":"https:\/\/eralux.com\/fr\/produit\/fogo\/","url":"https:\/\/eralux.com\/fr\/produit\/fogo\/","name":"FOGO - Eralux","isPartOf":{"@id":"https:\/\/eralux.com\/fr\/#website"},"primaryImageOfPage":{"@id":"https:\/\/eralux.com\/fr\/produit\/fogo\/#primaryimage"},"image":{"@id":"https:\/\/eralux.com\/fr\/produit\/fogo\/#primaryimage"},"thumbnailUrl":"https:\/\/eralux.com\/wp-content\/uploads\/2024\/07\/06.png","datePublished":"2024-07-29T12:46:30+00:00","dateModified":"2025-11-27T20:46:01+00:00","description":"Les appliques r\u00e9glables Fogo sont des luminaires \u00e0 haute efficacit\u00e9 dot\u00e9s d'une coque en aluminium moul\u00e9 sous pression et usin\u00e9. Ils sont dot\u00e9s d'une t\u00eate r\u00e9glable qui permet d'orienter le faisceau dans diff\u00e9rentes positions. Il est commutable POWER\/ CCT avec des tensions d'entr\u00e9e comprises entre 120 et 347V, ce qui lui permet de s'adapter \u00e0 diff\u00e9rents projets et sc\u00e9narios.","breadcrumb":{"@id":"https:\/\/eralux.com\/fr\/produit\/fogo\/#breadcrumb"},"inLanguage":"fr-FR","potentialAction":[{"@type":"ReadAction","target":["https:\/\/eralux.com\/fr\/produit\/fogo\/"]}]},{"@type":"ImageObject","inLanguage":"fr-FR","@id":"https:\/\/eralux.com\/fr\/produit\/fogo\/#primaryimage","url":"https:\/\/eralux.com\/wp-content\/uploads\/2024\/07\/06.png","contentUrl":"https:\/\/eralux.com\/wp-content\/uploads\/2024\/07\/06.png","width":1000,"height":1000},{"@type":"BreadcrumbList","@id":"https:\/\/eralux.com\/fr\/produit\/fogo\/#breadcrumb","itemListElement":[{"@type":"ListItem","position":1,"name":"Home","item":"https:\/\/eralux.com\/fr\/"},{"@type":"ListItem","position":2,"name":"Shop","item":"https:\/\/eralux.com\/shop\/"},{"@type":"ListItem","position":3,"name":"FOGO"}]},{"@type":"WebSite","@id":"https:\/\/eralux.com\/fr\/#website","url":"https:\/\/eralux.com\/fr\/","name":"Eralux","description":"World leader for Energy Saving LED Solutions","publisher":{"@id":"https:\/\/eralux.com\/fr\/#organization"},"alternateName":"Led manufacturer Canada","potentialAction":[{"@type":"SearchAction","target":{"@type":"EntryPoint","urlTemplate":"https:\/\/eralux.com\/fr\/?s={search_term_string}"},"query-input":{"@type":"PropertyValueSpecification","valueRequired":true,"valueName":"search_term_string"}}],"inLanguage":"fr-FR"},{"@type":"Organization","@id":"https:\/\/eralux.com\/fr\/#organization","name":"Eralux","url":"https:\/\/eralux.com\/fr\/","logo":{"@type":"ImageObject","inLanguage":"fr-FR","@id":"https:\/\/eralux.com\/fr\/#\/schema\/logo\/image\/","url":"https:\/\/eralux.com\/wp-content\/uploads\/2024\/01\/eralux-logo-trademark-R.png","contentUrl":"https:\/\/eralux.com\/wp-content\/uploads\/2024\/01\/eralux-logo-trademark-R.png","width":1000,"height":446,"caption":"Eralux"},"image":{"@id":"https:\/\/eralux.com\/fr\/#\/schema\/logo\/image\/"},"sameAs":["https:\/\/www.facebook.com\/aeralux.corp","https:\/\/x.com\/eralux_inc"],"description":"Save on energy with high-performance LED solutions. Choose Eralux for eco-friendly lighting. Explore our range today!"}]},"product_price_amount":"0.00","product_price_currency":"CAD","og_availability":"instock","product_availability":"instock","product_condition":"new"},"_links":{"self":[{"href":"https:\/\/eralux.com\/fr\/wp-json\/wp\/v2\/product\/12489","targetHints":{"allow":["GET"]}}],"collection":[{"href":"https:\/\/eralux.com\/fr\/wp-json\/wp\/v2\/product"}],"about":[{"href":"https:\/\/eralux.com\/fr\/wp-json\/wp\/v2\/types\/product"}],"replies":[{"embeddable":true,"href":"https:\/\/eralux.com\/fr\/wp-json\/wp\/v2\/comments?post=12489"}],"wp:featuredmedia":[{"embeddable":true,"href":"https:\/\/eralux.com\/fr\/wp-json\/wp\/v2\/media\/12567"}],"wp:attachment":[{"href":"https:\/\/eralux.com\/fr\/wp-json\/wp\/v2\/media?parent=12489"}],"wp:term":[{"taxonomy":"product_brand","embeddable":true,"href":"https:\/\/eralux.com\/fr\/wp-json\/wp\/v2\/product_brand?post=12489"},{"taxonomy":"product_cat","embeddable":true,"href":"https:\/\/eralux.com\/fr\/wp-json\/wp\/v2\/product_cat?post=12489"},{"taxonomy":"product_tag","embeddable":true,"href":"https:\/\/eralux.com\/fr\/wp-json\/wp\/v2\/product_tag?post=12489"}],"curies":[{"name":"wp","href":"https:\/\/api.w.org\/{rel}","templated":true}]}}