{"id":12510,"date":"2024-07-29T20:54:09","date_gmt":"2024-07-29T20:54:09","guid":{"rendered":"https:\/\/eralux.com\/?post_type=product&#038;p=12510"},"modified":"2025-12-04T18:26:41","modified_gmt":"2025-12-04T18:26:41","slug":"astro-line","status":"publish","type":"product","link":"https:\/\/eralux.com\/fr\/produit\/astro-line\/","title":{"rendered":"ASTRO LINE"},"content":{"rendered":"<p>La lampe sur rail Astro Line est une excellente option pour les projets d&#8217;\u00e9clairage mural gr\u00e2ce \u00e0 son angle de rayonnement unique (unique assym\u00e9trique \/ double asymm\u00e9trique). Nos luminaires sur rail se caract\u00e9risent par leur forme lin\u00e9aire et sont disponibles en longueurs de 2 ou 4 pieds. Il est dot\u00e9 de la fonction CCT SELECTABLE (30\/35\/40K), ce qui lui permet de s&#8217;adapter \u00e0 tous les projets. Enfin, il est disponible en diff\u00e9rentes finitions : blanc \/ noir \/ argent.<\/p>\n","protected":false},"excerpt":{"rendered":"<p>Luminaire sur rail<\/p>\n","protected":false},"featured_media":12543,"comment_status":"open","ping_status":"closed","template":"","meta":{"inline_featured_image":false},"product_brand":[],"product_cat":[2183],"product_tag":[],"class_list":{"0":"post-12510","1":"product","2":"type-product","3":"status-publish","4":"has-post-thumbnail","6":"spec_sheets-j1-fr","7":"spec_sheets-12-fr-8","8":"spec_sheets-a-fr-4","9":"spec_sheets-b-fr-7","10":"spec_sheets-da-fr-2","11":"spec_sheets-sa-fr-4","12":"spec_sheets-p-fr-3","13":"spec_sheets-df-fr-3","14":"spec_sheets-wh-fr","15":"spec_sheets-bk-fr","16":"spec_sheets-sv-fr","17":"spec_sheets-distribution-fr","18":"spec_sheets-adapteur","19":"spec_sheets-cct-fr","20":"spec_sheets-cri-fr","21":"spec_sheets-finition","22":"spec_sheets-tension-dentree","23":"spec_sheets-longueur","24":"spec_sheets-30-35-40-fr","25":"product_segments-projecteur-del-sur-rail","26":"product_segments-projecteurs-sur-rail","27":"product_cat-ae-tl-as-fr","29":"first","30":"instock","31":"shipping-taxable","32":"purchasable","33":"product-type-simple"},"yoast_head":"<!-- This site is optimized with the Yoast SEO Premium plugin v24.2 (Yoast SEO v27.4) - https:\/\/yoast.com\/product\/yoast-seo-premium-wordpress\/ -->\n<title>ASTRO LINE - Eralux<\/title>\n<meta name=\"description\" content=\"La lampe sur rail Astro Line est une excellente option pour les projets de l\u00e8che-mur gr\u00e2ce \u00e0 son angle de rayonnement unique ( SINGLE ASSYMETRICAL \/ DOUBLE ASSYMETRICAL). Nos luminaires sur rail se caract\u00e9risent par leur forme lin\u00e9aire et sont disponibles en longueurs de 2 ou 4 pieds. Il est dot\u00e9 de la fonction CCT SELECTABLE (30\/35\/40K), ce qui lui permet de s&#039;adapter \u00e0 tous les projets. Enfin, il est disponible en diff\u00e9rentes finitions : blanc \/ noir \/ argent.\" \/>\n<meta name=\"robots\" content=\"index, follow, max-snippet:-1, max-image-preview:large, max-video-preview:-1\" \/>\n<link rel=\"canonical\" href=\"https:\/\/eralux.com\/fr\/produit\/astro-line\/\" \/>\n<meta property=\"og:locale\" content=\"fr_FR\" \/>\n<meta property=\"og:type\" content=\"article\" \/>\n<meta property=\"og:title\" content=\"ASTRO LINE\" \/>\n<meta property=\"og:description\" content=\"La lampe sur rail Astro Line est une excellente option pour les projets de l\u00e8che-mur gr\u00e2ce \u00e0 son angle de rayonnement unique ( SINGLE ASSYMETRICAL \/ DOUBLE ASSYMETRICAL). Nos luminaires sur rail se caract\u00e9risent par leur forme lin\u00e9aire et sont disponibles en longueurs de 2 ou 4 pieds. Il est dot\u00e9 de la fonction CCT SELECTABLE (30\/35\/40K), ce qui lui permet de s&#039;adapter \u00e0 tous les projets. Enfin, il est disponible en diff\u00e9rentes finitions : blanc \/ noir \/ argent.\" \/>\n<meta property=\"og:url\" content=\"https:\/\/eralux.com\/fr\/produit\/astro-line\/\" \/>\n<meta property=\"og:site_name\" content=\"Eralux\" \/>\n<meta property=\"article:publisher\" content=\"https:\/\/www.facebook.com\/aeralux.corp\" \/>\n<meta property=\"article:modified_time\" content=\"2025-12-04T18:26:41+00:00\" \/>\n<meta property=\"og:image\" content=\"https:\/\/eralux.com\/wp-content\/uploads\/2024\/07\/W-L067-2_B-1.png\" \/>\n\t<meta property=\"og:image:width\" content=\"1000\" \/>\n\t<meta property=\"og:image:height\" content=\"1000\" \/>\n\t<meta property=\"og:image:type\" content=\"image\/png\" \/>\n<meta name=\"twitter:card\" content=\"summary_large_image\" \/>\n<meta name=\"twitter:site\" content=\"@eralux_inc\" \/>\n<meta name=\"twitter:label1\" content=\"Prix\" \/>\n\t<meta name=\"twitter:data1\" content=\"&#036;0.00\" \/>\n\t<meta name=\"twitter:label2\" content=\"Disponibilit\u00e9\" \/>\n\t<meta name=\"twitter:data2\" content=\"En stock\" \/>\n<script type=\"application\/ld+json\" class=\"yoast-schema-graph\">{\"@context\":\"https:\\\/\\\/schema.org\",\"@graph\":[{\"@type\":\"WebPage\",\"@id\":\"https:\\\/\\\/eralux.com\\\/fr\\\/produit\\\/astro-line\\\/\",\"url\":\"https:\\\/\\\/eralux.com\\\/fr\\\/produit\\\/astro-line\\\/\",\"name\":\"ASTRO LINE - Eralux\",\"isPartOf\":{\"@id\":\"https:\\\/\\\/eralux.com\\\/fr\\\/#website\"},\"primaryImageOfPage\":{\"@id\":\"https:\\\/\\\/eralux.com\\\/fr\\\/produit\\\/astro-line\\\/#primaryimage\"},\"image\":{\"@id\":\"https:\\\/\\\/eralux.com\\\/fr\\\/produit\\\/astro-line\\\/#primaryimage\"},\"thumbnailUrl\":\"https:\\\/\\\/eralux.com\\\/wp-content\\\/uploads\\\/2024\\\/07\\\/W-L067-2_B-1.png\",\"datePublished\":\"2024-07-29T20:54:09+00:00\",\"dateModified\":\"2025-12-04T18:26:41+00:00\",\"description\":\"La lampe sur rail Astro Line est une excellente option pour les projets de l\u00e8che-mur gr\u00e2ce \u00e0 son angle de rayonnement unique ( SINGLE ASSYMETRICAL \\\/ DOUBLE ASSYMETRICAL). Nos luminaires sur rail se caract\u00e9risent par leur forme lin\u00e9aire et sont disponibles en longueurs de 2 ou 4 pieds. Il est dot\u00e9 de la fonction CCT SELECTABLE (30\\\/35\\\/40K), ce qui lui permet de s'adapter \u00e0 tous les projets. Enfin, il est disponible en diff\u00e9rentes finitions : blanc \\\/ noir \\\/ argent.\",\"breadcrumb\":{\"@id\":\"https:\\\/\\\/eralux.com\\\/fr\\\/produit\\\/astro-line\\\/#breadcrumb\"},\"inLanguage\":\"fr-FR\",\"potentialAction\":[{\"@type\":\"ReadAction\",\"target\":[\"https:\\\/\\\/eralux.com\\\/fr\\\/produit\\\/astro-line\\\/\"]}]},{\"@type\":\"ImageObject\",\"inLanguage\":\"fr-FR\",\"@id\":\"https:\\\/\\\/eralux.com\\\/fr\\\/produit\\\/astro-line\\\/#primaryimage\",\"url\":\"https:\\\/\\\/eralux.com\\\/wp-content\\\/uploads\\\/2024\\\/07\\\/W-L067-2_B-1.png\",\"contentUrl\":\"https:\\\/\\\/eralux.com\\\/wp-content\\\/uploads\\\/2024\\\/07\\\/W-L067-2_B-1.png\",\"width\":1000,\"height\":1000},{\"@type\":\"BreadcrumbList\",\"@id\":\"https:\\\/\\\/eralux.com\\\/fr\\\/produit\\\/astro-line\\\/#breadcrumb\",\"itemListElement\":[{\"@type\":\"ListItem\",\"position\":1,\"name\":\"Home\",\"item\":\"https:\\\/\\\/eralux.com\\\/fr\\\/\"},{\"@type\":\"ListItem\",\"position\":2,\"name\":\"Shop\",\"item\":\"https:\\\/\\\/eralux.com\\\/shop\\\/\"},{\"@type\":\"ListItem\",\"position\":3,\"name\":\"ASTRO LINE\"}]},{\"@type\":\"WebSite\",\"@id\":\"https:\\\/\\\/eralux.com\\\/fr\\\/#website\",\"url\":\"https:\\\/\\\/eralux.com\\\/fr\\\/\",\"name\":\"Eralux\",\"description\":\"World leader for Energy Saving LED Solutions\",\"publisher\":{\"@id\":\"https:\\\/\\\/eralux.com\\\/fr\\\/#organization\"},\"alternateName\":\"Led manufacturer Canada\",\"potentialAction\":[{\"@type\":\"SearchAction\",\"target\":{\"@type\":\"EntryPoint\",\"urlTemplate\":\"https:\\\/\\\/eralux.com\\\/fr\\\/?s={search_term_string}\"},\"query-input\":{\"@type\":\"PropertyValueSpecification\",\"valueRequired\":true,\"valueName\":\"search_term_string\"}}],\"inLanguage\":\"fr-FR\"},{\"@type\":\"Organization\",\"@id\":\"https:\\\/\\\/eralux.com\\\/fr\\\/#organization\",\"name\":\"Eralux\",\"url\":\"https:\\\/\\\/eralux.com\\\/fr\\\/\",\"logo\":{\"@type\":\"ImageObject\",\"inLanguage\":\"fr-FR\",\"@id\":\"https:\\\/\\\/eralux.com\\\/fr\\\/#\\\/schema\\\/logo\\\/image\\\/\",\"url\":\"https:\\\/\\\/eralux.com\\\/wp-content\\\/uploads\\\/2024\\\/01\\\/eralux-logo-trademark-R.png\",\"contentUrl\":\"https:\\\/\\\/eralux.com\\\/wp-content\\\/uploads\\\/2024\\\/01\\\/eralux-logo-trademark-R.png\",\"width\":1000,\"height\":446,\"caption\":\"Eralux\"},\"image\":{\"@id\":\"https:\\\/\\\/eralux.com\\\/fr\\\/#\\\/schema\\\/logo\\\/image\\\/\"},\"sameAs\":[\"https:\\\/\\\/www.facebook.com\\\/aeralux.corp\",\"https:\\\/\\\/x.com\\\/eralux_inc\"],\"description\":\"Save on energy with high-performance LED solutions. Choose Eralux for eco-friendly lighting. Explore our range today!\"}]}<\/script>\n<meta property=\"product:price:amount\" content=\"0.00\" \/>\n<meta property=\"product:price:currency\" content=\"CAD\" \/>\n<meta property=\"og:availability\" content=\"instock\" \/>\n<meta property=\"product:availability\" content=\"instock\" \/>\n<meta property=\"product:condition\" content=\"new\" \/>\n<!-- \/ Yoast SEO Premium plugin. -->","yoast_head_json":{"title":"ASTRO LINE - Eralux","description":"La lampe sur rail Astro Line est une excellente option pour les projets de l\u00e8che-mur gr\u00e2ce \u00e0 son angle de rayonnement unique ( SINGLE ASSYMETRICAL \/ DOUBLE ASSYMETRICAL). Nos luminaires sur rail se caract\u00e9risent par leur forme lin\u00e9aire et sont disponibles en longueurs de 2 ou 4 pieds. Il est dot\u00e9 de la fonction CCT SELECTABLE (30\/35\/40K), ce qui lui permet de s'adapter \u00e0 tous les projets. Enfin, il est disponible en diff\u00e9rentes finitions : blanc \/ noir \/ argent.","robots":{"index":"index","follow":"follow","max-snippet":"max-snippet:-1","max-image-preview":"max-image-preview:large","max-video-preview":"max-video-preview:-1"},"canonical":"https:\/\/eralux.com\/fr\/produit\/astro-line\/","og_locale":"fr_FR","og_type":"article","og_title":"ASTRO LINE","og_description":"La lampe sur rail Astro Line est une excellente option pour les projets de l\u00e8che-mur gr\u00e2ce \u00e0 son angle de rayonnement unique ( SINGLE ASSYMETRICAL \/ DOUBLE ASSYMETRICAL). Nos luminaires sur rail se caract\u00e9risent par leur forme lin\u00e9aire et sont disponibles en longueurs de 2 ou 4 pieds. Il est dot\u00e9 de la fonction CCT SELECTABLE (30\/35\/40K), ce qui lui permet de s'adapter \u00e0 tous les projets. Enfin, il est disponible en diff\u00e9rentes finitions : blanc \/ noir \/ argent.","og_url":"https:\/\/eralux.com\/fr\/produit\/astro-line\/","og_site_name":"Eralux","article_publisher":"https:\/\/www.facebook.com\/aeralux.corp","article_modified_time":"2025-12-04T18:26:41+00:00","og_image":[{"width":1000,"height":1000,"url":"https:\/\/eralux.com\/wp-content\/uploads\/2024\/07\/W-L067-2_B-1.png","type":"image\/png"}],"twitter_card":"summary_large_image","twitter_site":"@eralux_inc","twitter_misc":{"Prix":"&#36;0.00","Disponibilit\u00e9":"En stock"},"schema":{"@context":"https:\/\/schema.org","@graph":[{"@type":"WebPage","@id":"https:\/\/eralux.com\/fr\/produit\/astro-line\/","url":"https:\/\/eralux.com\/fr\/produit\/astro-line\/","name":"ASTRO LINE - Eralux","isPartOf":{"@id":"https:\/\/eralux.com\/fr\/#website"},"primaryImageOfPage":{"@id":"https:\/\/eralux.com\/fr\/produit\/astro-line\/#primaryimage"},"image":{"@id":"https:\/\/eralux.com\/fr\/produit\/astro-line\/#primaryimage"},"thumbnailUrl":"https:\/\/eralux.com\/wp-content\/uploads\/2024\/07\/W-L067-2_B-1.png","datePublished":"2024-07-29T20:54:09+00:00","dateModified":"2025-12-04T18:26:41+00:00","description":"La lampe sur rail Astro Line est une excellente option pour les projets de l\u00e8che-mur gr\u00e2ce \u00e0 son angle de rayonnement unique ( SINGLE ASSYMETRICAL \/ DOUBLE ASSYMETRICAL). Nos luminaires sur rail se caract\u00e9risent par leur forme lin\u00e9aire et sont disponibles en longueurs de 2 ou 4 pieds. Il est dot\u00e9 de la fonction CCT SELECTABLE (30\/35\/40K), ce qui lui permet de s'adapter \u00e0 tous les projets. Enfin, il est disponible en diff\u00e9rentes finitions : blanc \/ noir \/ argent.","breadcrumb":{"@id":"https:\/\/eralux.com\/fr\/produit\/astro-line\/#breadcrumb"},"inLanguage":"fr-FR","potentialAction":[{"@type":"ReadAction","target":["https:\/\/eralux.com\/fr\/produit\/astro-line\/"]}]},{"@type":"ImageObject","inLanguage":"fr-FR","@id":"https:\/\/eralux.com\/fr\/produit\/astro-line\/#primaryimage","url":"https:\/\/eralux.com\/wp-content\/uploads\/2024\/07\/W-L067-2_B-1.png","contentUrl":"https:\/\/eralux.com\/wp-content\/uploads\/2024\/07\/W-L067-2_B-1.png","width":1000,"height":1000},{"@type":"BreadcrumbList","@id":"https:\/\/eralux.com\/fr\/produit\/astro-line\/#breadcrumb","itemListElement":[{"@type":"ListItem","position":1,"name":"Home","item":"https:\/\/eralux.com\/fr\/"},{"@type":"ListItem","position":2,"name":"Shop","item":"https:\/\/eralux.com\/shop\/"},{"@type":"ListItem","position":3,"name":"ASTRO LINE"}]},{"@type":"WebSite","@id":"https:\/\/eralux.com\/fr\/#website","url":"https:\/\/eralux.com\/fr\/","name":"Eralux","description":"World leader for Energy Saving LED Solutions","publisher":{"@id":"https:\/\/eralux.com\/fr\/#organization"},"alternateName":"Led manufacturer Canada","potentialAction":[{"@type":"SearchAction","target":{"@type":"EntryPoint","urlTemplate":"https:\/\/eralux.com\/fr\/?s={search_term_string}"},"query-input":{"@type":"PropertyValueSpecification","valueRequired":true,"valueName":"search_term_string"}}],"inLanguage":"fr-FR"},{"@type":"Organization","@id":"https:\/\/eralux.com\/fr\/#organization","name":"Eralux","url":"https:\/\/eralux.com\/fr\/","logo":{"@type":"ImageObject","inLanguage":"fr-FR","@id":"https:\/\/eralux.com\/fr\/#\/schema\/logo\/image\/","url":"https:\/\/eralux.com\/wp-content\/uploads\/2024\/01\/eralux-logo-trademark-R.png","contentUrl":"https:\/\/eralux.com\/wp-content\/uploads\/2024\/01\/eralux-logo-trademark-R.png","width":1000,"height":446,"caption":"Eralux"},"image":{"@id":"https:\/\/eralux.com\/fr\/#\/schema\/logo\/image\/"},"sameAs":["https:\/\/www.facebook.com\/aeralux.corp","https:\/\/x.com\/eralux_inc"],"description":"Save on energy with high-performance LED solutions. Choose Eralux for eco-friendly lighting. Explore our range today!"}]},"product_price_amount":"0.00","product_price_currency":"CAD","og_availability":"instock","product_availability":"instock","product_condition":"new"},"_links":{"self":[{"href":"https:\/\/eralux.com\/fr\/wp-json\/wp\/v2\/product\/12510","targetHints":{"allow":["GET"]}}],"collection":[{"href":"https:\/\/eralux.com\/fr\/wp-json\/wp\/v2\/product"}],"about":[{"href":"https:\/\/eralux.com\/fr\/wp-json\/wp\/v2\/types\/product"}],"replies":[{"embeddable":true,"href":"https:\/\/eralux.com\/fr\/wp-json\/wp\/v2\/comments?post=12510"}],"wp:featuredmedia":[{"embeddable":true,"href":"https:\/\/eralux.com\/fr\/wp-json\/wp\/v2\/media\/12543"}],"wp:attachment":[{"href":"https:\/\/eralux.com\/fr\/wp-json\/wp\/v2\/media?parent=12510"}],"wp:term":[{"taxonomy":"product_brand","embeddable":true,"href":"https:\/\/eralux.com\/fr\/wp-json\/wp\/v2\/product_brand?post=12510"},{"taxonomy":"product_cat","embeddable":true,"href":"https:\/\/eralux.com\/fr\/wp-json\/wp\/v2\/product_cat?post=12510"},{"taxonomy":"product_tag","embeddable":true,"href":"https:\/\/eralux.com\/fr\/wp-json\/wp\/v2\/product_tag?post=12510"}],"curies":[{"name":"wp","href":"https:\/\/api.w.org\/{rel}","templated":true}]}}