{"id":12910,"date":"2024-08-13T15:41:43","date_gmt":"2024-08-13T15:41:43","guid":{"rendered":"https:\/\/eralux.com\/?post_type=product&#038;p=12910"},"modified":"2025-08-05T15:40:59","modified_gmt":"2025-08-05T15:40:59","slug":"sb2-copy","status":"publish","type":"product","link":"https:\/\/eralux.com\/fr\/produit\/sb2-copy\/","title":{"rendered":"LUMINA T &#8211; LMT"},"content":{"rendered":"<p>Le luminaire industriel Lumina s\u00e9rie T a une efficacit\u00e9 lumineuse de 150 LPW avec des options de puissance commutable de 500, 400 et 300 watts, ainsi qu&#8217;un CCT commutable \u00e0 3000K, 4000K et 5000K. Fabriqu\u00e9 \u00e0 partir de mat\u00e9riaux robustes, il est con\u00e7u pour r\u00e9sister aux environnements difficiles. Avec son efficacit\u00e9 lumineuse \u00e9lev\u00e9e et son indice de protection IP65, la s\u00e9rie Lumina est un excellent choix pour les conditions difficiles.<\/p>\n","protected":false},"excerpt":{"rendered":"<p>Round High Bay<\/p>\n","protected":false},"featured_media":12926,"comment_status":"open","ping_status":"closed","template":"","meta":{"inline_featured_image":false},"product_brand":[],"product_cat":[2210],"product_tag":[],"class_list":{"0":"post-12910","1":"product","2":"type-product","3":"status-publish","4":"has-post-thumbnail","6":"spec_sheets-3050-fr","7":"spec_sheets-500w-puissance","8":"spec_sheets-hvreal","9":"spec_sheets-ca-fr-5","10":"spec_sheets-d-fr-2","11":"spec_sheets-ms-fr-3","12":"spec_sheets-bk-fr-2","13":"spec_sheets-cct-fr","14":"spec_sheets-controles","15":"spec_sheets-finition","16":"spec_sheets-tension-dentree","17":"spec_sheets-puissance","18":"product_applications-industriel","19":"product_applications-warehouse","20":"product_segments-luminaires-industriels","21":"product_cat-ae-il-lmt-fr","23":"first","24":"instock","25":"shipping-taxable","26":"purchasable","27":"product-type-simple"},"yoast_head":"<!-- This site is optimized with the Yoast SEO Premium plugin v24.2 (Yoast SEO v27.4) - https:\/\/yoast.com\/product\/yoast-seo-premium-wordpress\/ -->\n<title>LUMINA T - LMT - Eralux (Fabricant LED Canada)<\/title>\n<meta name=\"description\" content=\"Le luminaire industriel Lumina s\u00e9rie T a une efficacit\u00e9 lumineuse de 150 LPW avec des options de puissance commutable de 500, 400 et 300 watts, ainsi qu&#039;un CCT commutable \u00e0 3000K, 4000K et 5000K. Fabriqu\u00e9 \u00e0 partir de mat\u00e9riaux robustes, il est con\u00e7u pour r\u00e9sister aux environnements difficiles. Avec son efficacit\u00e9 lumineuse \u00e9lev\u00e9e et son indice de protection IP65, la s\u00e9rie Lumina est un excellent choix pour les conditions difficiles.\" \/>\n<meta name=\"robots\" content=\"index, follow, max-snippet:-1, max-image-preview:large, max-video-preview:-1\" \/>\n<link rel=\"canonical\" href=\"https:\/\/eralux.com\/fr\/produit\/sb2-copy\/\" \/>\n<meta property=\"og:locale\" content=\"fr_FR\" \/>\n<meta property=\"og:type\" content=\"article\" \/>\n<meta property=\"og:title\" content=\"LUMINA T - LMT\" \/>\n<meta property=\"og:description\" content=\"Le luminaire industriel Lumina s\u00e9rie T a une efficacit\u00e9 lumineuse de 150 LPW avec des options de puissance commutable de 500, 400 et 300 watts, ainsi qu&#039;un CCT commutable \u00e0 3000K, 4000K et 5000K. Fabriqu\u00e9 \u00e0 partir de mat\u00e9riaux robustes, il est con\u00e7u pour r\u00e9sister aux environnements difficiles. Avec son efficacit\u00e9 lumineuse \u00e9lev\u00e9e et son indice de protection IP65, la s\u00e9rie Lumina est un excellent choix pour les conditions difficiles.\" \/>\n<meta property=\"og:url\" content=\"https:\/\/eralux.com\/fr\/produit\/sb2-copy\/\" \/>\n<meta property=\"og:site_name\" content=\"Eralux\" \/>\n<meta property=\"article:publisher\" content=\"https:\/\/www.facebook.com\/aeralux.corp\" \/>\n<meta property=\"article:modified_time\" content=\"2025-08-05T15:40:59+00:00\" \/>\n<meta property=\"og:image\" content=\"https:\/\/eralux.com\/wp-content\/uploads\/2024\/08\/UHB42-Side_View-removebg-preview-2.png\" \/>\n\t<meta property=\"og:image:width\" content=\"1000\" \/>\n\t<meta property=\"og:image:height\" content=\"1000\" \/>\n\t<meta property=\"og:image:type\" content=\"image\/png\" \/>\n<meta name=\"twitter:card\" content=\"summary_large_image\" \/>\n<meta name=\"twitter:site\" content=\"@eralux_inc\" \/>\n<meta name=\"twitter:label1\" content=\"Prix\" \/>\n\t<meta name=\"twitter:data1\" content=\"&#036;0.00\" \/>\n\t<meta name=\"twitter:label2\" content=\"Disponibilit\u00e9\" \/>\n\t<meta name=\"twitter:data2\" content=\"En stock\" \/>\n<script type=\"application\/ld+json\" class=\"yoast-schema-graph\">{\"@context\":\"https:\\\/\\\/schema.org\",\"@graph\":[{\"@type\":\"WebPage\",\"@id\":\"https:\\\/\\\/eralux.com\\\/fr\\\/produit\\\/sb2-copy\\\/\",\"url\":\"https:\\\/\\\/eralux.com\\\/fr\\\/produit\\\/sb2-copy\\\/\",\"name\":\"LUMINA T - LMT - Eralux (Fabricant LED Canada)\",\"isPartOf\":{\"@id\":\"https:\\\/\\\/eralux.com\\\/fr\\\/#website\"},\"primaryImageOfPage\":{\"@id\":\"https:\\\/\\\/eralux.com\\\/fr\\\/produit\\\/sb2-copy\\\/#primaryimage\"},\"image\":{\"@id\":\"https:\\\/\\\/eralux.com\\\/fr\\\/produit\\\/sb2-copy\\\/#primaryimage\"},\"thumbnailUrl\":\"https:\\\/\\\/eralux.com\\\/wp-content\\\/uploads\\\/2024\\\/08\\\/UHB42-Side_View-removebg-preview-2.png\",\"datePublished\":\"2024-08-13T15:41:43+00:00\",\"dateModified\":\"2025-08-05T15:40:59+00:00\",\"description\":\"Le luminaire industriel Lumina s\u00e9rie T a une efficacit\u00e9 lumineuse de 150 LPW avec des options de puissance commutable de 500, 400 et 300 watts, ainsi qu'un CCT commutable \u00e0 3000K, 4000K et 5000K. Fabriqu\u00e9 \u00e0 partir de mat\u00e9riaux robustes, il est con\u00e7u pour r\u00e9sister aux environnements difficiles. Avec son efficacit\u00e9 lumineuse \u00e9lev\u00e9e et son indice de protection IP65, la s\u00e9rie Lumina est un excellent choix pour les conditions difficiles.\",\"breadcrumb\":{\"@id\":\"https:\\\/\\\/eralux.com\\\/fr\\\/produit\\\/sb2-copy\\\/#breadcrumb\"},\"inLanguage\":\"fr-FR\",\"potentialAction\":[{\"@type\":\"ReadAction\",\"target\":[\"https:\\\/\\\/eralux.com\\\/fr\\\/produit\\\/sb2-copy\\\/\"]}]},{\"@type\":\"ImageObject\",\"inLanguage\":\"fr-FR\",\"@id\":\"https:\\\/\\\/eralux.com\\\/fr\\\/produit\\\/sb2-copy\\\/#primaryimage\",\"url\":\"https:\\\/\\\/eralux.com\\\/wp-content\\\/uploads\\\/2024\\\/08\\\/UHB42-Side_View-removebg-preview-2.png\",\"contentUrl\":\"https:\\\/\\\/eralux.com\\\/wp-content\\\/uploads\\\/2024\\\/08\\\/UHB42-Side_View-removebg-preview-2.png\",\"width\":1000,\"height\":1000},{\"@type\":\"BreadcrumbList\",\"@id\":\"https:\\\/\\\/eralux.com\\\/fr\\\/produit\\\/sb2-copy\\\/#breadcrumb\",\"itemListElement\":[{\"@type\":\"ListItem\",\"position\":1,\"name\":\"Home\",\"item\":\"https:\\\/\\\/eralux.com\\\/fr\\\/\"},{\"@type\":\"ListItem\",\"position\":2,\"name\":\"Shop\",\"item\":\"https:\\\/\\\/eralux.com\\\/shop\\\/\"},{\"@type\":\"ListItem\",\"position\":3,\"name\":\"LUMINA T &#8211; LMT\"}]},{\"@type\":\"WebSite\",\"@id\":\"https:\\\/\\\/eralux.com\\\/fr\\\/#website\",\"url\":\"https:\\\/\\\/eralux.com\\\/fr\\\/\",\"name\":\"Eralux\",\"description\":\"World leader for Energy Saving LED Solutions\",\"publisher\":{\"@id\":\"https:\\\/\\\/eralux.com\\\/fr\\\/#organization\"},\"alternateName\":\"Led manufacturer Canada\",\"potentialAction\":[{\"@type\":\"SearchAction\",\"target\":{\"@type\":\"EntryPoint\",\"urlTemplate\":\"https:\\\/\\\/eralux.com\\\/fr\\\/?s={search_term_string}\"},\"query-input\":{\"@type\":\"PropertyValueSpecification\",\"valueRequired\":true,\"valueName\":\"search_term_string\"}}],\"inLanguage\":\"fr-FR\"},{\"@type\":\"Organization\",\"@id\":\"https:\\\/\\\/eralux.com\\\/fr\\\/#organization\",\"name\":\"Eralux\",\"url\":\"https:\\\/\\\/eralux.com\\\/fr\\\/\",\"logo\":{\"@type\":\"ImageObject\",\"inLanguage\":\"fr-FR\",\"@id\":\"https:\\\/\\\/eralux.com\\\/fr\\\/#\\\/schema\\\/logo\\\/image\\\/\",\"url\":\"https:\\\/\\\/eralux.com\\\/wp-content\\\/uploads\\\/2024\\\/01\\\/eralux-logo-trademark-R.png\",\"contentUrl\":\"https:\\\/\\\/eralux.com\\\/wp-content\\\/uploads\\\/2024\\\/01\\\/eralux-logo-trademark-R.png\",\"width\":1000,\"height\":446,\"caption\":\"Eralux\"},\"image\":{\"@id\":\"https:\\\/\\\/eralux.com\\\/fr\\\/#\\\/schema\\\/logo\\\/image\\\/\"},\"sameAs\":[\"https:\\\/\\\/www.facebook.com\\\/aeralux.corp\",\"https:\\\/\\\/x.com\\\/eralux_inc\"],\"description\":\"Save on energy with high-performance LED solutions. Choose Eralux for eco-friendly lighting. Explore our range today!\"}]}<\/script>\n<meta property=\"product:price:amount\" content=\"0.00\" \/>\n<meta property=\"product:price:currency\" content=\"CAD\" \/>\n<meta property=\"og:availability\" content=\"instock\" \/>\n<meta property=\"product:availability\" content=\"instock\" \/>\n<meta property=\"product:condition\" content=\"new\" \/>\n<!-- \/ Yoast SEO Premium plugin. -->","yoast_head_json":{"title":"LUMINA T - LMT - Eralux (Fabricant LED Canada)","description":"Le luminaire industriel Lumina s\u00e9rie T a une efficacit\u00e9 lumineuse de 150 LPW avec des options de puissance commutable de 500, 400 et 300 watts, ainsi qu'un CCT commutable \u00e0 3000K, 4000K et 5000K. Fabriqu\u00e9 \u00e0 partir de mat\u00e9riaux robustes, il est con\u00e7u pour r\u00e9sister aux environnements difficiles. Avec son efficacit\u00e9 lumineuse \u00e9lev\u00e9e et son indice de protection IP65, la s\u00e9rie Lumina est un excellent choix pour les conditions difficiles.","robots":{"index":"index","follow":"follow","max-snippet":"max-snippet:-1","max-image-preview":"max-image-preview:large","max-video-preview":"max-video-preview:-1"},"canonical":"https:\/\/eralux.com\/fr\/produit\/sb2-copy\/","og_locale":"fr_FR","og_type":"article","og_title":"LUMINA T - LMT","og_description":"Le luminaire industriel Lumina s\u00e9rie T a une efficacit\u00e9 lumineuse de 150 LPW avec des options de puissance commutable de 500, 400 et 300 watts, ainsi qu'un CCT commutable \u00e0 3000K, 4000K et 5000K. Fabriqu\u00e9 \u00e0 partir de mat\u00e9riaux robustes, il est con\u00e7u pour r\u00e9sister aux environnements difficiles. Avec son efficacit\u00e9 lumineuse \u00e9lev\u00e9e et son indice de protection IP65, la s\u00e9rie Lumina est un excellent choix pour les conditions difficiles.","og_url":"https:\/\/eralux.com\/fr\/produit\/sb2-copy\/","og_site_name":"Eralux","article_publisher":"https:\/\/www.facebook.com\/aeralux.corp","article_modified_time":"2025-08-05T15:40:59+00:00","og_image":[{"width":1000,"height":1000,"url":"https:\/\/eralux.com\/wp-content\/uploads\/2024\/08\/UHB42-Side_View-removebg-preview-2.png","type":"image\/png"}],"twitter_card":"summary_large_image","twitter_site":"@eralux_inc","twitter_misc":{"Prix":"&#36;0.00","Disponibilit\u00e9":"En stock"},"schema":{"@context":"https:\/\/schema.org","@graph":[{"@type":"WebPage","@id":"https:\/\/eralux.com\/fr\/produit\/sb2-copy\/","url":"https:\/\/eralux.com\/fr\/produit\/sb2-copy\/","name":"LUMINA T - LMT - Eralux (Fabricant LED Canada)","isPartOf":{"@id":"https:\/\/eralux.com\/fr\/#website"},"primaryImageOfPage":{"@id":"https:\/\/eralux.com\/fr\/produit\/sb2-copy\/#primaryimage"},"image":{"@id":"https:\/\/eralux.com\/fr\/produit\/sb2-copy\/#primaryimage"},"thumbnailUrl":"https:\/\/eralux.com\/wp-content\/uploads\/2024\/08\/UHB42-Side_View-removebg-preview-2.png","datePublished":"2024-08-13T15:41:43+00:00","dateModified":"2025-08-05T15:40:59+00:00","description":"Le luminaire industriel Lumina s\u00e9rie T a une efficacit\u00e9 lumineuse de 150 LPW avec des options de puissance commutable de 500, 400 et 300 watts, ainsi qu'un CCT commutable \u00e0 3000K, 4000K et 5000K. Fabriqu\u00e9 \u00e0 partir de mat\u00e9riaux robustes, il est con\u00e7u pour r\u00e9sister aux environnements difficiles. Avec son efficacit\u00e9 lumineuse \u00e9lev\u00e9e et son indice de protection IP65, la s\u00e9rie Lumina est un excellent choix pour les conditions difficiles.","breadcrumb":{"@id":"https:\/\/eralux.com\/fr\/produit\/sb2-copy\/#breadcrumb"},"inLanguage":"fr-FR","potentialAction":[{"@type":"ReadAction","target":["https:\/\/eralux.com\/fr\/produit\/sb2-copy\/"]}]},{"@type":"ImageObject","inLanguage":"fr-FR","@id":"https:\/\/eralux.com\/fr\/produit\/sb2-copy\/#primaryimage","url":"https:\/\/eralux.com\/wp-content\/uploads\/2024\/08\/UHB42-Side_View-removebg-preview-2.png","contentUrl":"https:\/\/eralux.com\/wp-content\/uploads\/2024\/08\/UHB42-Side_View-removebg-preview-2.png","width":1000,"height":1000},{"@type":"BreadcrumbList","@id":"https:\/\/eralux.com\/fr\/produit\/sb2-copy\/#breadcrumb","itemListElement":[{"@type":"ListItem","position":1,"name":"Home","item":"https:\/\/eralux.com\/fr\/"},{"@type":"ListItem","position":2,"name":"Shop","item":"https:\/\/eralux.com\/shop\/"},{"@type":"ListItem","position":3,"name":"LUMINA T &#8211; LMT"}]},{"@type":"WebSite","@id":"https:\/\/eralux.com\/fr\/#website","url":"https:\/\/eralux.com\/fr\/","name":"Eralux","description":"World leader for Energy Saving LED Solutions","publisher":{"@id":"https:\/\/eralux.com\/fr\/#organization"},"alternateName":"Led manufacturer Canada","potentialAction":[{"@type":"SearchAction","target":{"@type":"EntryPoint","urlTemplate":"https:\/\/eralux.com\/fr\/?s={search_term_string}"},"query-input":{"@type":"PropertyValueSpecification","valueRequired":true,"valueName":"search_term_string"}}],"inLanguage":"fr-FR"},{"@type":"Organization","@id":"https:\/\/eralux.com\/fr\/#organization","name":"Eralux","url":"https:\/\/eralux.com\/fr\/","logo":{"@type":"ImageObject","inLanguage":"fr-FR","@id":"https:\/\/eralux.com\/fr\/#\/schema\/logo\/image\/","url":"https:\/\/eralux.com\/wp-content\/uploads\/2024\/01\/eralux-logo-trademark-R.png","contentUrl":"https:\/\/eralux.com\/wp-content\/uploads\/2024\/01\/eralux-logo-trademark-R.png","width":1000,"height":446,"caption":"Eralux"},"image":{"@id":"https:\/\/eralux.com\/fr\/#\/schema\/logo\/image\/"},"sameAs":["https:\/\/www.facebook.com\/aeralux.corp","https:\/\/x.com\/eralux_inc"],"description":"Save on energy with high-performance LED solutions. Choose Eralux for eco-friendly lighting. Explore our range today!"}]},"product_price_amount":"0.00","product_price_currency":"CAD","og_availability":"instock","product_availability":"instock","product_condition":"new"},"_links":{"self":[{"href":"https:\/\/eralux.com\/fr\/wp-json\/wp\/v2\/product\/12910","targetHints":{"allow":["GET"]}}],"collection":[{"href":"https:\/\/eralux.com\/fr\/wp-json\/wp\/v2\/product"}],"about":[{"href":"https:\/\/eralux.com\/fr\/wp-json\/wp\/v2\/types\/product"}],"replies":[{"embeddable":true,"href":"https:\/\/eralux.com\/fr\/wp-json\/wp\/v2\/comments?post=12910"}],"wp:featuredmedia":[{"embeddable":true,"href":"https:\/\/eralux.com\/fr\/wp-json\/wp\/v2\/media\/12926"}],"wp:attachment":[{"href":"https:\/\/eralux.com\/fr\/wp-json\/wp\/v2\/media?parent=12910"}],"wp:term":[{"taxonomy":"product_brand","embeddable":true,"href":"https:\/\/eralux.com\/fr\/wp-json\/wp\/v2\/product_brand?post=12910"},{"taxonomy":"product_cat","embeddable":true,"href":"https:\/\/eralux.com\/fr\/wp-json\/wp\/v2\/product_cat?post=12910"},{"taxonomy":"product_tag","embeddable":true,"href":"https:\/\/eralux.com\/fr\/wp-json\/wp\/v2\/product_tag?post=12910"}],"curies":[{"name":"wp","href":"https:\/\/api.w.org\/{rel}","templated":true}]}}