{"id":15424,"date":"2024-12-10T15:51:40","date_gmt":"2024-12-10T15:51:40","guid":{"rendered":"https:\/\/eralux.com\/?post_type=product&#038;p=15424"},"modified":"2025-08-11T18:53:37","modified_gmt":"2025-08-11T18:53:37","slug":"bromo","status":"publish","type":"product","link":"https:\/\/eralux.com\/fr\/produit\/bromo\/","title":{"rendered":"BROMO"},"content":{"rendered":"<p>Le luminaire ext\u00e9rieur Bromo est dot\u00e9 d&#8217;un bo\u00eetier durable en aluminium moul\u00e9 sous pression avec des ailettes de dissipation de la chaleur, d&#8217;un CCT commutable (30K\/40K\/50K) et d&#8217;une alimentation commutable (120-347V). Disponible en noir, blanc et bronze, il comprend une cellule photo\u00e9lectrique, une batterie de secours et une base AUX pr\u00e9install\u00e9e pour un d\u00e9tecteur de mouvement. Prot\u00e9g\u00e9 contre la poussi\u00e8re, les jets d&#8217;eau et les chocs pour une utilisation durable en ext\u00e9rieur.<br \/>\nApplications : Porte de garage| Contour de b\u00e2timent | Porte d&#8217;homme<\/p>\n","protected":false},"excerpt":{"rendered":"<p>Eclairage ext\u00e9rieur LED Architectural Full Cut-Off Wall Pack<\/p>\n","protected":false},"featured_media":15661,"comment_status":"open","ping_status":"closed","template":"","meta":{"inline_featured_image":false},"product_brand":[],"product_cat":[2283],"product_tag":[],"class_list":{"0":"post-15424","1":"product","2":"type-product","3":"status-publish","4":"has-post-thumbnail","6":"spec_sheets-d-fr-2","7":"spec_sheets-tcp-fr","8":"spec_sheets-ca-fr","9":"spec_sheets-em-fr-2","10":"spec_sheets-wh-fr-2","11":"spec_sheets-ms-fr-3","12":"spec_sheets-bk-fr-2","13":"spec_sheets-bz-fr","14":"spec_sheets-cct-fr","15":"spec_sheets-controles","16":"spec_sheets-finition","17":"spec_sheets-tension-dentree","18":"spec_sheets-puissance","19":"spec_sheets-40w-fr","20":"product_applications-garage-fr","21":"product_applications-porte-pietonne","22":"product_segments-exterieur","23":"product_segments-applique-murale","24":"product_cat-ae-wp-br-fr","26":"first","27":"instock","28":"shipping-taxable","29":"purchasable","30":"product-type-simple"},"yoast_head":"<!-- This site is optimized with the Yoast SEO Premium plugin v24.2 (Yoast SEO v27.5) - https:\/\/yoast.com\/product\/yoast-seo-premium-wordpress\/ -->\n<title>BROMO - Eralux<\/title>\n<meta name=\"description\" content=\"Le luminaire ext\u00e9rieur Bromo est dot\u00e9 d&#039;un bo\u00eetier durable en aluminium moul\u00e9 sous pression avec des ailettes de dissipation de la chaleur, d&#039;un CCT commutable (30K\/40K\/50K) et d&#039;une alimentation commutable (120-347V). Disponible en noir, blanc et bronze, il comprend une cellule photo\u00e9lectrique, une batterie de secours et une base AUX pr\u00e9install\u00e9e pour un d\u00e9tecteur de mouvement. Prot\u00e9g\u00e9 contre la poussi\u00e8re, les jets d&#039;eau et les chocs pour une utilisation ext\u00e9rieure durable.\" \/>\n<meta name=\"robots\" content=\"index, follow, max-snippet:-1, max-image-preview:large, max-video-preview:-1\" \/>\n<link rel=\"canonical\" href=\"https:\/\/eralux.com\/fr\/produit\/bromo\/\" \/>\n<meta property=\"og:locale\" content=\"fr_FR\" \/>\n<meta property=\"og:type\" content=\"article\" \/>\n<meta property=\"og:title\" content=\"BROMO\" \/>\n<meta property=\"og:description\" content=\"Le luminaire ext\u00e9rieur Bromo est dot\u00e9 d&#039;un bo\u00eetier durable en aluminium moul\u00e9 sous pression avec des ailettes de dissipation de la chaleur, d&#039;un CCT commutable (30K\/40K\/50K) et d&#039;une alimentation commutable (120-347V). Disponible en noir, blanc et bronze, il comprend une cellule photo\u00e9lectrique, une batterie de secours et une base AUX pr\u00e9install\u00e9e pour un d\u00e9tecteur de mouvement. Prot\u00e9g\u00e9 contre la poussi\u00e8re, les jets d&#039;eau et les chocs pour une utilisation ext\u00e9rieure durable.\" \/>\n<meta property=\"og:url\" content=\"https:\/\/eralux.com\/fr\/produit\/bromo\/\" \/>\n<meta property=\"og:site_name\" content=\"Eralux\" \/>\n<meta property=\"article:publisher\" content=\"https:\/\/www.facebook.com\/aeralux.corp\" \/>\n<meta property=\"article:modified_time\" content=\"2025-08-11T18:53:37+00:00\" \/>\n<meta property=\"og:image\" content=\"https:\/\/eralux.com\/wp-content\/uploads\/2024\/12\/DSC02986-1-1024x683.png\" \/>\n\t<meta property=\"og:image:width\" content=\"1024\" \/>\n\t<meta property=\"og:image:height\" content=\"683\" \/>\n\t<meta property=\"og:image:type\" content=\"image\/png\" \/>\n<meta name=\"twitter:card\" content=\"summary_large_image\" \/>\n<meta name=\"twitter:site\" content=\"@eralux_inc\" \/>\n<meta name=\"twitter:label1\" content=\"Prix\" \/>\n\t<meta name=\"twitter:data1\" content=\"&#036;0.00\" \/>\n\t<meta name=\"twitter:label2\" content=\"Disponibilit\u00e9\" \/>\n\t<meta name=\"twitter:data2\" content=\"En stock\" \/>\n<script type=\"application\/ld+json\" class=\"yoast-schema-graph\">{\"@context\":\"https:\\\/\\\/schema.org\",\"@graph\":[{\"@type\":\"WebPage\",\"@id\":\"https:\\\/\\\/eralux.com\\\/fr\\\/produit\\\/bromo\\\/\",\"url\":\"https:\\\/\\\/eralux.com\\\/fr\\\/produit\\\/bromo\\\/\",\"name\":\"BROMO - Eralux\",\"isPartOf\":{\"@id\":\"https:\\\/\\\/eralux.com\\\/fr\\\/#website\"},\"primaryImageOfPage\":{\"@id\":\"https:\\\/\\\/eralux.com\\\/fr\\\/produit\\\/bromo\\\/#primaryimage\"},\"image\":{\"@id\":\"https:\\\/\\\/eralux.com\\\/fr\\\/produit\\\/bromo\\\/#primaryimage\"},\"thumbnailUrl\":\"https:\\\/\\\/eralux.com\\\/wp-content\\\/uploads\\\/2024\\\/12\\\/DSC02986-1.png\",\"datePublished\":\"2024-12-10T15:51:40+00:00\",\"dateModified\":\"2025-08-11T18:53:37+00:00\",\"description\":\"Le luminaire ext\u00e9rieur Bromo est dot\u00e9 d'un bo\u00eetier durable en aluminium moul\u00e9 sous pression avec des ailettes de dissipation de la chaleur, d'un CCT commutable (30K\\\/40K\\\/50K) et d'une alimentation commutable (120-347V). Disponible en noir, blanc et bronze, il comprend une cellule photo\u00e9lectrique, une batterie de secours et une base AUX pr\u00e9install\u00e9e pour un d\u00e9tecteur de mouvement. Prot\u00e9g\u00e9 contre la poussi\u00e8re, les jets d'eau et les chocs pour une utilisation ext\u00e9rieure durable.\",\"breadcrumb\":{\"@id\":\"https:\\\/\\\/eralux.com\\\/fr\\\/produit\\\/bromo\\\/#breadcrumb\"},\"inLanguage\":\"fr-FR\",\"potentialAction\":[{\"@type\":\"ReadAction\",\"target\":[\"https:\\\/\\\/eralux.com\\\/fr\\\/produit\\\/bromo\\\/\"]}]},{\"@type\":\"ImageObject\",\"inLanguage\":\"fr-FR\",\"@id\":\"https:\\\/\\\/eralux.com\\\/fr\\\/produit\\\/bromo\\\/#primaryimage\",\"url\":\"https:\\\/\\\/eralux.com\\\/wp-content\\\/uploads\\\/2024\\\/12\\\/DSC02986-1.png\",\"contentUrl\":\"https:\\\/\\\/eralux.com\\\/wp-content\\\/uploads\\\/2024\\\/12\\\/DSC02986-1.png\",\"width\":7008,\"height\":4672},{\"@type\":\"BreadcrumbList\",\"@id\":\"https:\\\/\\\/eralux.com\\\/fr\\\/produit\\\/bromo\\\/#breadcrumb\",\"itemListElement\":[{\"@type\":\"ListItem\",\"position\":1,\"name\":\"Home\",\"item\":\"https:\\\/\\\/eralux.com\\\/fr\\\/\"},{\"@type\":\"ListItem\",\"position\":2,\"name\":\"Shop\",\"item\":\"https:\\\/\\\/eralux.com\\\/shop\\\/\"},{\"@type\":\"ListItem\",\"position\":3,\"name\":\"BROMO\"}]},{\"@type\":\"WebSite\",\"@id\":\"https:\\\/\\\/eralux.com\\\/fr\\\/#website\",\"url\":\"https:\\\/\\\/eralux.com\\\/fr\\\/\",\"name\":\"Eralux\",\"description\":\"World leader for Energy Saving LED Solutions\",\"publisher\":{\"@id\":\"https:\\\/\\\/eralux.com\\\/fr\\\/#organization\"},\"alternateName\":\"Led manufacturer Canada\",\"potentialAction\":[{\"@type\":\"SearchAction\",\"target\":{\"@type\":\"EntryPoint\",\"urlTemplate\":\"https:\\\/\\\/eralux.com\\\/fr\\\/?s={search_term_string}\"},\"query-input\":{\"@type\":\"PropertyValueSpecification\",\"valueRequired\":true,\"valueName\":\"search_term_string\"}}],\"inLanguage\":\"fr-FR\"},{\"@type\":\"Organization\",\"@id\":\"https:\\\/\\\/eralux.com\\\/fr\\\/#organization\",\"name\":\"Eralux\",\"url\":\"https:\\\/\\\/eralux.com\\\/fr\\\/\",\"logo\":{\"@type\":\"ImageObject\",\"inLanguage\":\"fr-FR\",\"@id\":\"https:\\\/\\\/eralux.com\\\/fr\\\/#\\\/schema\\\/logo\\\/image\\\/\",\"url\":\"https:\\\/\\\/eralux.com\\\/wp-content\\\/uploads\\\/2024\\\/01\\\/eralux-logo-trademark-R.png\",\"contentUrl\":\"https:\\\/\\\/eralux.com\\\/wp-content\\\/uploads\\\/2024\\\/01\\\/eralux-logo-trademark-R.png\",\"width\":1000,\"height\":446,\"caption\":\"Eralux\"},\"image\":{\"@id\":\"https:\\\/\\\/eralux.com\\\/fr\\\/#\\\/schema\\\/logo\\\/image\\\/\"},\"sameAs\":[\"https:\\\/\\\/www.facebook.com\\\/aeralux.corp\",\"https:\\\/\\\/x.com\\\/eralux_inc\"],\"description\":\"Save on energy with high-performance LED solutions. Choose Eralux for eco-friendly lighting. Explore our range today!\"}]}<\/script>\n<meta property=\"product:price:amount\" content=\"0.00\" \/>\n<meta property=\"product:price:currency\" content=\"CAD\" \/>\n<meta property=\"og:availability\" content=\"instock\" \/>\n<meta property=\"product:availability\" content=\"instock\" \/>\n<meta property=\"product:condition\" content=\"new\" \/>\n<!-- \/ Yoast SEO Premium plugin. -->","yoast_head_json":{"title":"BROMO - Eralux","description":"Le luminaire ext\u00e9rieur Bromo est dot\u00e9 d'un bo\u00eetier durable en aluminium moul\u00e9 sous pression avec des ailettes de dissipation de la chaleur, d'un CCT commutable (30K\/40K\/50K) et d'une alimentation commutable (120-347V). Disponible en noir, blanc et bronze, il comprend une cellule photo\u00e9lectrique, une batterie de secours et une base AUX pr\u00e9install\u00e9e pour un d\u00e9tecteur de mouvement. Prot\u00e9g\u00e9 contre la poussi\u00e8re, les jets d'eau et les chocs pour une utilisation ext\u00e9rieure durable.","robots":{"index":"index","follow":"follow","max-snippet":"max-snippet:-1","max-image-preview":"max-image-preview:large","max-video-preview":"max-video-preview:-1"},"canonical":"https:\/\/eralux.com\/fr\/produit\/bromo\/","og_locale":"fr_FR","og_type":"article","og_title":"BROMO","og_description":"Le luminaire ext\u00e9rieur Bromo est dot\u00e9 d'un bo\u00eetier durable en aluminium moul\u00e9 sous pression avec des ailettes de dissipation de la chaleur, d'un CCT commutable (30K\/40K\/50K) et d'une alimentation commutable (120-347V). Disponible en noir, blanc et bronze, il comprend une cellule photo\u00e9lectrique, une batterie de secours et une base AUX pr\u00e9install\u00e9e pour un d\u00e9tecteur de mouvement. Prot\u00e9g\u00e9 contre la poussi\u00e8re, les jets d'eau et les chocs pour une utilisation ext\u00e9rieure durable.","og_url":"https:\/\/eralux.com\/fr\/produit\/bromo\/","og_site_name":"Eralux","article_publisher":"https:\/\/www.facebook.com\/aeralux.corp","article_modified_time":"2025-08-11T18:53:37+00:00","og_image":[{"width":1024,"height":683,"url":"https:\/\/eralux.com\/wp-content\/uploads\/2024\/12\/DSC02986-1-1024x683.png","type":"image\/png"}],"twitter_card":"summary_large_image","twitter_site":"@eralux_inc","twitter_misc":{"Prix":"&#36;0.00","Disponibilit\u00e9":"En stock"},"schema":{"@context":"https:\/\/schema.org","@graph":[{"@type":"WebPage","@id":"https:\/\/eralux.com\/fr\/produit\/bromo\/","url":"https:\/\/eralux.com\/fr\/produit\/bromo\/","name":"BROMO - Eralux","isPartOf":{"@id":"https:\/\/eralux.com\/fr\/#website"},"primaryImageOfPage":{"@id":"https:\/\/eralux.com\/fr\/produit\/bromo\/#primaryimage"},"image":{"@id":"https:\/\/eralux.com\/fr\/produit\/bromo\/#primaryimage"},"thumbnailUrl":"https:\/\/eralux.com\/wp-content\/uploads\/2024\/12\/DSC02986-1.png","datePublished":"2024-12-10T15:51:40+00:00","dateModified":"2025-08-11T18:53:37+00:00","description":"Le luminaire ext\u00e9rieur Bromo est dot\u00e9 d'un bo\u00eetier durable en aluminium moul\u00e9 sous pression avec des ailettes de dissipation de la chaleur, d'un CCT commutable (30K\/40K\/50K) et d'une alimentation commutable (120-347V). Disponible en noir, blanc et bronze, il comprend une cellule photo\u00e9lectrique, une batterie de secours et une base AUX pr\u00e9install\u00e9e pour un d\u00e9tecteur de mouvement. Prot\u00e9g\u00e9 contre la poussi\u00e8re, les jets d'eau et les chocs pour une utilisation ext\u00e9rieure durable.","breadcrumb":{"@id":"https:\/\/eralux.com\/fr\/produit\/bromo\/#breadcrumb"},"inLanguage":"fr-FR","potentialAction":[{"@type":"ReadAction","target":["https:\/\/eralux.com\/fr\/produit\/bromo\/"]}]},{"@type":"ImageObject","inLanguage":"fr-FR","@id":"https:\/\/eralux.com\/fr\/produit\/bromo\/#primaryimage","url":"https:\/\/eralux.com\/wp-content\/uploads\/2024\/12\/DSC02986-1.png","contentUrl":"https:\/\/eralux.com\/wp-content\/uploads\/2024\/12\/DSC02986-1.png","width":7008,"height":4672},{"@type":"BreadcrumbList","@id":"https:\/\/eralux.com\/fr\/produit\/bromo\/#breadcrumb","itemListElement":[{"@type":"ListItem","position":1,"name":"Home","item":"https:\/\/eralux.com\/fr\/"},{"@type":"ListItem","position":2,"name":"Shop","item":"https:\/\/eralux.com\/shop\/"},{"@type":"ListItem","position":3,"name":"BROMO"}]},{"@type":"WebSite","@id":"https:\/\/eralux.com\/fr\/#website","url":"https:\/\/eralux.com\/fr\/","name":"Eralux","description":"World leader for Energy Saving LED Solutions","publisher":{"@id":"https:\/\/eralux.com\/fr\/#organization"},"alternateName":"Led manufacturer Canada","potentialAction":[{"@type":"SearchAction","target":{"@type":"EntryPoint","urlTemplate":"https:\/\/eralux.com\/fr\/?s={search_term_string}"},"query-input":{"@type":"PropertyValueSpecification","valueRequired":true,"valueName":"search_term_string"}}],"inLanguage":"fr-FR"},{"@type":"Organization","@id":"https:\/\/eralux.com\/fr\/#organization","name":"Eralux","url":"https:\/\/eralux.com\/fr\/","logo":{"@type":"ImageObject","inLanguage":"fr-FR","@id":"https:\/\/eralux.com\/fr\/#\/schema\/logo\/image\/","url":"https:\/\/eralux.com\/wp-content\/uploads\/2024\/01\/eralux-logo-trademark-R.png","contentUrl":"https:\/\/eralux.com\/wp-content\/uploads\/2024\/01\/eralux-logo-trademark-R.png","width":1000,"height":446,"caption":"Eralux"},"image":{"@id":"https:\/\/eralux.com\/fr\/#\/schema\/logo\/image\/"},"sameAs":["https:\/\/www.facebook.com\/aeralux.corp","https:\/\/x.com\/eralux_inc"],"description":"Save on energy with high-performance LED solutions. Choose Eralux for eco-friendly lighting. Explore our range today!"}]},"product_price_amount":"0.00","product_price_currency":"CAD","og_availability":"instock","product_availability":"instock","product_condition":"new"},"_links":{"self":[{"href":"https:\/\/eralux.com\/fr\/wp-json\/wp\/v2\/product\/15424","targetHints":{"allow":["GET"]}}],"collection":[{"href":"https:\/\/eralux.com\/fr\/wp-json\/wp\/v2\/product"}],"about":[{"href":"https:\/\/eralux.com\/fr\/wp-json\/wp\/v2\/types\/product"}],"replies":[{"embeddable":true,"href":"https:\/\/eralux.com\/fr\/wp-json\/wp\/v2\/comments?post=15424"}],"wp:featuredmedia":[{"embeddable":true,"href":"https:\/\/eralux.com\/fr\/wp-json\/wp\/v2\/media\/15661"}],"wp:attachment":[{"href":"https:\/\/eralux.com\/fr\/wp-json\/wp\/v2\/media?parent=15424"}],"wp:term":[{"taxonomy":"product_brand","embeddable":true,"href":"https:\/\/eralux.com\/fr\/wp-json\/wp\/v2\/product_brand?post=15424"},{"taxonomy":"product_cat","embeddable":true,"href":"https:\/\/eralux.com\/fr\/wp-json\/wp\/v2\/product_cat?post=15424"},{"taxonomy":"product_tag","embeddable":true,"href":"https:\/\/eralux.com\/fr\/wp-json\/wp\/v2\/product_tag?post=15424"}],"curies":[{"name":"wp","href":"https:\/\/api.w.org\/{rel}","templated":true}]}}