{"id":16501,"date":"2025-01-17T14:22:00","date_gmt":"2025-01-17T14:22:00","guid":{"rendered":"https:\/\/eralux.com\/?post_type=product&#038;p=16501"},"modified":"2025-06-16T21:39:19","modified_gmt":"2025-06-16T21:39:19","slug":"eleganza-square","status":"publish","type":"product","link":"https:\/\/eralux.com\/fr\/produit\/eleganza-square\/","title":{"rendered":"ELEGANZA SQUARE"},"content":{"rendered":"<p>La s\u00e9rie ELEGANZA Square allie \u00e9l\u00e9gance et facilit\u00e9 d&#8217;installation, avec un corps en aluminium usin\u00e9 au profil carr\u00e9. Elle peut atteindre 82 lumens par watt avec une consommation d&#8217;\u00e9nergie allant jusqu&#8217;\u00e0 42 W. Elle offre quatre angles de rayonnement. Les diff\u00e9rentes options de montage comprennent le montage mural, le montage en surface et le montage sur tige.<\/p>\n","protected":false},"excerpt":{"rendered":"<p>La s\u00e9rie ELEGANZA Square allie \u00e9l\u00e9gance et facilit\u00e9 d&#8217;installation, avec  [&#8230;]<\/p>\n","protected":false},"featured_media":16659,"comment_status":"open","ping_status":"closed","template":"","meta":{"inline_featured_image":false},"product_brand":[],"product_cat":[2328],"product_tag":[],"class_list":{"0":"post-16501","1":"product","2":"type-product","3":"status-publish","4":"has-post-thumbnail","6":"spec_sheets-42-fr","7":"spec_sheets-55-fr-5","8":"spec_sheets-35-fr-7","9":"spec_sheets-28-fr-2","10":"spec_sheets-20-fr-6","11":"spec_sheets-wm-fr","12":"spec_sheets-sf-fr","13":"spec_sheets-sm-01-fr","14":"spec_sheets-sm-02-fr","15":"spec_sheets-sm-03-fr","16":"spec_sheets-sm-04-fr","17":"spec_sheets-p-t-fr","18":"spec_sheets-wh-fr-2","19":"spec_sheets-bk-fr-2","20":"spec_sheets-distribution-fr","21":"spec_sheets-cct-fr","22":"spec_sheets-cri-fr","23":"spec_sheets-c27-fr","24":"spec_sheets-finition","25":"spec_sheets-c30-fr","26":"spec_sheets-c35-fr","27":"spec_sheets-methode-de-montage","28":"spec_sheets-c40-fr","29":"spec_sheets-puissance","30":"product_applications-architecture","31":"product_applications-magasin-de-detail","32":"product_applications-magasin-de-mode","33":"product_segments-cylindre","34":"product_cat-ae-cyl-ez-42sq10-fr","36":"first","37":"instock","38":"shipping-taxable","39":"purchasable","40":"product-type-simple"},"yoast_head":"<!-- This site is optimized with the Yoast SEO Premium plugin v24.2 (Yoast SEO v27.4) - https:\/\/yoast.com\/product\/yoast-seo-premium-wordpress\/ -->\n<title>ELEGANZA SQUARE - Eralux<\/title>\n<meta name=\"description\" content=\"La s\u00e9rie de v\u00e9rins ELEGANZA est une solution belle et \u00e9l\u00e9gante pour les plafonds ouverts. Elle se distingue par son corps en aluminium usin\u00e9 et par l&#039;attention port\u00e9e aux d\u00e9tails, y compris au processus d&#039;installation. L&#039;ELEGANZA est \u00e9galement dot\u00e9 d&#039;un LPW impressionnant qui lui conf\u00e8re performance et \u00e9l\u00e9gance dans l&#039;environnement d&#039;installation. Enfin, ce produit est enti\u00e8rement en aluminium moul\u00e9 sous pression, ce qui lui conf\u00e8re une finesse, une robustesse et une qualit\u00e9 in\u00e9gal\u00e9es. Il est disponible dans diff\u00e9rentes options de montage, telles que le montage mural, le montage en surface, le montage suspendu et le montage sur tige de cordon.\" \/>\n<meta name=\"robots\" content=\"index, follow, max-snippet:-1, max-image-preview:large, max-video-preview:-1\" \/>\n<link rel=\"canonical\" href=\"https:\/\/eralux.com\/fr\/produit\/eleganza-square\/\" \/>\n<meta property=\"og:locale\" content=\"fr_FR\" \/>\n<meta property=\"og:type\" content=\"article\" \/>\n<meta property=\"og:title\" content=\"ELEGANZA SQUARE\" \/>\n<meta property=\"og:description\" content=\"La s\u00e9rie de v\u00e9rins ELEGANZA est une solution belle et \u00e9l\u00e9gante pour les plafonds ouverts. Elle se distingue par son corps en aluminium usin\u00e9 et par l&#039;attention port\u00e9e aux d\u00e9tails, y compris au processus d&#039;installation. L&#039;ELEGANZA est \u00e9galement dot\u00e9 d&#039;un LPW impressionnant qui lui conf\u00e8re performance et \u00e9l\u00e9gance dans l&#039;environnement d&#039;installation. Enfin, ce produit est enti\u00e8rement en aluminium moul\u00e9 sous pression, ce qui lui conf\u00e8re une finesse, une robustesse et une qualit\u00e9 in\u00e9gal\u00e9es. Il est disponible dans diff\u00e9rentes options de montage, telles que le montage mural, le montage en surface, le montage suspendu et le montage sur tige de cordon.\" \/>\n<meta property=\"og:url\" content=\"https:\/\/eralux.com\/fr\/produit\/eleganza-square\/\" \/>\n<meta property=\"og:site_name\" content=\"Eralux\" \/>\n<meta property=\"article:publisher\" content=\"https:\/\/www.facebook.com\/aeralux.corp\" \/>\n<meta property=\"article:modified_time\" content=\"2025-06-16T21:39:19+00:00\" \/>\n<meta property=\"og:image\" content=\"https:\/\/eralux.com\/wp-content\/uploads\/2025\/01\/CL0130S06-SM-S-1.png\" \/>\n\t<meta property=\"og:image:width\" content=\"2560\" \/>\n\t<meta property=\"og:image:height\" content=\"1920\" \/>\n\t<meta property=\"og:image:type\" content=\"image\/png\" \/>\n<meta name=\"twitter:card\" content=\"summary_large_image\" \/>\n<meta name=\"twitter:site\" content=\"@eralux_inc\" \/>\n<meta name=\"twitter:label1\" content=\"Prix\" \/>\n\t<meta name=\"twitter:data1\" content=\"&#036;0.00\" \/>\n\t<meta name=\"twitter:label2\" content=\"Disponibilit\u00e9\" \/>\n\t<meta name=\"twitter:data2\" content=\"En stock\" \/>\n<script type=\"application\/ld+json\" class=\"yoast-schema-graph\">{\"@context\":\"https:\\\/\\\/schema.org\",\"@graph\":[{\"@type\":\"WebPage\",\"@id\":\"https:\\\/\\\/eralux.com\\\/fr\\\/produit\\\/eleganza-square\\\/\",\"url\":\"https:\\\/\\\/eralux.com\\\/fr\\\/produit\\\/eleganza-square\\\/\",\"name\":\"ELEGANZA SQUARE - Eralux\",\"isPartOf\":{\"@id\":\"https:\\\/\\\/eralux.com\\\/fr\\\/#website\"},\"primaryImageOfPage\":{\"@id\":\"https:\\\/\\\/eralux.com\\\/fr\\\/produit\\\/eleganza-square\\\/#primaryimage\"},\"image\":{\"@id\":\"https:\\\/\\\/eralux.com\\\/fr\\\/produit\\\/eleganza-square\\\/#primaryimage\"},\"thumbnailUrl\":\"https:\\\/\\\/eralux.com\\\/wp-content\\\/uploads\\\/2025\\\/01\\\/CL0130S06-SM-S-1.png\",\"datePublished\":\"2025-01-17T14:22:00+00:00\",\"dateModified\":\"2025-06-16T21:39:19+00:00\",\"description\":\"La s\u00e9rie de v\u00e9rins ELEGANZA est une solution belle et \u00e9l\u00e9gante pour les plafonds ouverts. Elle se distingue par son corps en aluminium usin\u00e9 et par l'attention port\u00e9e aux d\u00e9tails, y compris au processus d'installation. L'ELEGANZA est \u00e9galement dot\u00e9 d'un LPW impressionnant qui lui conf\u00e8re performance et \u00e9l\u00e9gance dans l'environnement d'installation. Enfin, ce produit est enti\u00e8rement en aluminium moul\u00e9 sous pression, ce qui lui conf\u00e8re une finesse, une robustesse et une qualit\u00e9 in\u00e9gal\u00e9es. Il est disponible dans diff\u00e9rentes options de montage, telles que le montage mural, le montage en surface, le montage suspendu et le montage sur tige de cordon.\",\"breadcrumb\":{\"@id\":\"https:\\\/\\\/eralux.com\\\/fr\\\/produit\\\/eleganza-square\\\/#breadcrumb\"},\"inLanguage\":\"fr-FR\",\"potentialAction\":[{\"@type\":\"ReadAction\",\"target\":[\"https:\\\/\\\/eralux.com\\\/fr\\\/produit\\\/eleganza-square\\\/\"]}]},{\"@type\":\"ImageObject\",\"inLanguage\":\"fr-FR\",\"@id\":\"https:\\\/\\\/eralux.com\\\/fr\\\/produit\\\/eleganza-square\\\/#primaryimage\",\"url\":\"https:\\\/\\\/eralux.com\\\/wp-content\\\/uploads\\\/2025\\\/01\\\/CL0130S06-SM-S-1.png\",\"contentUrl\":\"https:\\\/\\\/eralux.com\\\/wp-content\\\/uploads\\\/2025\\\/01\\\/CL0130S06-SM-S-1.png\",\"width\":2560,\"height\":1920},{\"@type\":\"BreadcrumbList\",\"@id\":\"https:\\\/\\\/eralux.com\\\/fr\\\/produit\\\/eleganza-square\\\/#breadcrumb\",\"itemListElement\":[{\"@type\":\"ListItem\",\"position\":1,\"name\":\"Home\",\"item\":\"https:\\\/\\\/eralux.com\\\/fr\\\/\"},{\"@type\":\"ListItem\",\"position\":2,\"name\":\"Shop\",\"item\":\"https:\\\/\\\/eralux.com\\\/shop\\\/\"},{\"@type\":\"ListItem\",\"position\":3,\"name\":\"ELEGANZA SQUARE\"}]},{\"@type\":\"WebSite\",\"@id\":\"https:\\\/\\\/eralux.com\\\/fr\\\/#website\",\"url\":\"https:\\\/\\\/eralux.com\\\/fr\\\/\",\"name\":\"Eralux\",\"description\":\"World leader for Energy Saving LED Solutions\",\"publisher\":{\"@id\":\"https:\\\/\\\/eralux.com\\\/fr\\\/#organization\"},\"alternateName\":\"Led manufacturer Canada\",\"potentialAction\":[{\"@type\":\"SearchAction\",\"target\":{\"@type\":\"EntryPoint\",\"urlTemplate\":\"https:\\\/\\\/eralux.com\\\/fr\\\/?s={search_term_string}\"},\"query-input\":{\"@type\":\"PropertyValueSpecification\",\"valueRequired\":true,\"valueName\":\"search_term_string\"}}],\"inLanguage\":\"fr-FR\"},{\"@type\":\"Organization\",\"@id\":\"https:\\\/\\\/eralux.com\\\/fr\\\/#organization\",\"name\":\"Eralux\",\"url\":\"https:\\\/\\\/eralux.com\\\/fr\\\/\",\"logo\":{\"@type\":\"ImageObject\",\"inLanguage\":\"fr-FR\",\"@id\":\"https:\\\/\\\/eralux.com\\\/fr\\\/#\\\/schema\\\/logo\\\/image\\\/\",\"url\":\"https:\\\/\\\/eralux.com\\\/wp-content\\\/uploads\\\/2024\\\/01\\\/eralux-logo-trademark-R.png\",\"contentUrl\":\"https:\\\/\\\/eralux.com\\\/wp-content\\\/uploads\\\/2024\\\/01\\\/eralux-logo-trademark-R.png\",\"width\":1000,\"height\":446,\"caption\":\"Eralux\"},\"image\":{\"@id\":\"https:\\\/\\\/eralux.com\\\/fr\\\/#\\\/schema\\\/logo\\\/image\\\/\"},\"sameAs\":[\"https:\\\/\\\/www.facebook.com\\\/aeralux.corp\",\"https:\\\/\\\/x.com\\\/eralux_inc\"],\"description\":\"Save on energy with high-performance LED solutions. Choose Eralux for eco-friendly lighting. Explore our range today!\"}]}<\/script>\n<meta property=\"product:price:amount\" content=\"0.00\" \/>\n<meta property=\"product:price:currency\" content=\"CAD\" \/>\n<meta property=\"og:availability\" content=\"instock\" \/>\n<meta property=\"product:availability\" content=\"instock\" \/>\n<meta property=\"product:condition\" content=\"new\" \/>\n<!-- \/ Yoast SEO Premium plugin. -->","yoast_head_json":{"title":"ELEGANZA SQUARE - Eralux","description":"La s\u00e9rie de v\u00e9rins ELEGANZA est une solution belle et \u00e9l\u00e9gante pour les plafonds ouverts. Elle se distingue par son corps en aluminium usin\u00e9 et par l'attention port\u00e9e aux d\u00e9tails, y compris au processus d'installation. L'ELEGANZA est \u00e9galement dot\u00e9 d'un LPW impressionnant qui lui conf\u00e8re performance et \u00e9l\u00e9gance dans l'environnement d'installation. Enfin, ce produit est enti\u00e8rement en aluminium moul\u00e9 sous pression, ce qui lui conf\u00e8re une finesse, une robustesse et une qualit\u00e9 in\u00e9gal\u00e9es. Il est disponible dans diff\u00e9rentes options de montage, telles que le montage mural, le montage en surface, le montage suspendu et le montage sur tige de cordon.","robots":{"index":"index","follow":"follow","max-snippet":"max-snippet:-1","max-image-preview":"max-image-preview:large","max-video-preview":"max-video-preview:-1"},"canonical":"https:\/\/eralux.com\/fr\/produit\/eleganza-square\/","og_locale":"fr_FR","og_type":"article","og_title":"ELEGANZA SQUARE","og_description":"La s\u00e9rie de v\u00e9rins ELEGANZA est une solution belle et \u00e9l\u00e9gante pour les plafonds ouverts. Elle se distingue par son corps en aluminium usin\u00e9 et par l'attention port\u00e9e aux d\u00e9tails, y compris au processus d'installation. L'ELEGANZA est \u00e9galement dot\u00e9 d'un LPW impressionnant qui lui conf\u00e8re performance et \u00e9l\u00e9gance dans l'environnement d'installation. Enfin, ce produit est enti\u00e8rement en aluminium moul\u00e9 sous pression, ce qui lui conf\u00e8re une finesse, une robustesse et une qualit\u00e9 in\u00e9gal\u00e9es. Il est disponible dans diff\u00e9rentes options de montage, telles que le montage mural, le montage en surface, le montage suspendu et le montage sur tige de cordon.","og_url":"https:\/\/eralux.com\/fr\/produit\/eleganza-square\/","og_site_name":"Eralux","article_publisher":"https:\/\/www.facebook.com\/aeralux.corp","article_modified_time":"2025-06-16T21:39:19+00:00","og_image":[{"width":2560,"height":1920,"url":"https:\/\/eralux.com\/wp-content\/uploads\/2025\/01\/CL0130S06-SM-S-1.png","type":"image\/png"}],"twitter_card":"summary_large_image","twitter_site":"@eralux_inc","twitter_misc":{"Prix":"&#36;0.00","Disponibilit\u00e9":"En stock"},"schema":{"@context":"https:\/\/schema.org","@graph":[{"@type":"WebPage","@id":"https:\/\/eralux.com\/fr\/produit\/eleganza-square\/","url":"https:\/\/eralux.com\/fr\/produit\/eleganza-square\/","name":"ELEGANZA SQUARE - Eralux","isPartOf":{"@id":"https:\/\/eralux.com\/fr\/#website"},"primaryImageOfPage":{"@id":"https:\/\/eralux.com\/fr\/produit\/eleganza-square\/#primaryimage"},"image":{"@id":"https:\/\/eralux.com\/fr\/produit\/eleganza-square\/#primaryimage"},"thumbnailUrl":"https:\/\/eralux.com\/wp-content\/uploads\/2025\/01\/CL0130S06-SM-S-1.png","datePublished":"2025-01-17T14:22:00+00:00","dateModified":"2025-06-16T21:39:19+00:00","description":"La s\u00e9rie de v\u00e9rins ELEGANZA est une solution belle et \u00e9l\u00e9gante pour les plafonds ouverts. Elle se distingue par son corps en aluminium usin\u00e9 et par l'attention port\u00e9e aux d\u00e9tails, y compris au processus d'installation. L'ELEGANZA est \u00e9galement dot\u00e9 d'un LPW impressionnant qui lui conf\u00e8re performance et \u00e9l\u00e9gance dans l'environnement d'installation. Enfin, ce produit est enti\u00e8rement en aluminium moul\u00e9 sous pression, ce qui lui conf\u00e8re une finesse, une robustesse et une qualit\u00e9 in\u00e9gal\u00e9es. Il est disponible dans diff\u00e9rentes options de montage, telles que le montage mural, le montage en surface, le montage suspendu et le montage sur tige de cordon.","breadcrumb":{"@id":"https:\/\/eralux.com\/fr\/produit\/eleganza-square\/#breadcrumb"},"inLanguage":"fr-FR","potentialAction":[{"@type":"ReadAction","target":["https:\/\/eralux.com\/fr\/produit\/eleganza-square\/"]}]},{"@type":"ImageObject","inLanguage":"fr-FR","@id":"https:\/\/eralux.com\/fr\/produit\/eleganza-square\/#primaryimage","url":"https:\/\/eralux.com\/wp-content\/uploads\/2025\/01\/CL0130S06-SM-S-1.png","contentUrl":"https:\/\/eralux.com\/wp-content\/uploads\/2025\/01\/CL0130S06-SM-S-1.png","width":2560,"height":1920},{"@type":"BreadcrumbList","@id":"https:\/\/eralux.com\/fr\/produit\/eleganza-square\/#breadcrumb","itemListElement":[{"@type":"ListItem","position":1,"name":"Home","item":"https:\/\/eralux.com\/fr\/"},{"@type":"ListItem","position":2,"name":"Shop","item":"https:\/\/eralux.com\/shop\/"},{"@type":"ListItem","position":3,"name":"ELEGANZA SQUARE"}]},{"@type":"WebSite","@id":"https:\/\/eralux.com\/fr\/#website","url":"https:\/\/eralux.com\/fr\/","name":"Eralux","description":"World leader for Energy Saving LED Solutions","publisher":{"@id":"https:\/\/eralux.com\/fr\/#organization"},"alternateName":"Led manufacturer Canada","potentialAction":[{"@type":"SearchAction","target":{"@type":"EntryPoint","urlTemplate":"https:\/\/eralux.com\/fr\/?s={search_term_string}"},"query-input":{"@type":"PropertyValueSpecification","valueRequired":true,"valueName":"search_term_string"}}],"inLanguage":"fr-FR"},{"@type":"Organization","@id":"https:\/\/eralux.com\/fr\/#organization","name":"Eralux","url":"https:\/\/eralux.com\/fr\/","logo":{"@type":"ImageObject","inLanguage":"fr-FR","@id":"https:\/\/eralux.com\/fr\/#\/schema\/logo\/image\/","url":"https:\/\/eralux.com\/wp-content\/uploads\/2024\/01\/eralux-logo-trademark-R.png","contentUrl":"https:\/\/eralux.com\/wp-content\/uploads\/2024\/01\/eralux-logo-trademark-R.png","width":1000,"height":446,"caption":"Eralux"},"image":{"@id":"https:\/\/eralux.com\/fr\/#\/schema\/logo\/image\/"},"sameAs":["https:\/\/www.facebook.com\/aeralux.corp","https:\/\/x.com\/eralux_inc"],"description":"Save on energy with high-performance LED solutions. Choose Eralux for eco-friendly lighting. Explore our range today!"}]},"product_price_amount":"0.00","product_price_currency":"CAD","og_availability":"instock","product_availability":"instock","product_condition":"new"},"_links":{"self":[{"href":"https:\/\/eralux.com\/fr\/wp-json\/wp\/v2\/product\/16501","targetHints":{"allow":["GET"]}}],"collection":[{"href":"https:\/\/eralux.com\/fr\/wp-json\/wp\/v2\/product"}],"about":[{"href":"https:\/\/eralux.com\/fr\/wp-json\/wp\/v2\/types\/product"}],"replies":[{"embeddable":true,"href":"https:\/\/eralux.com\/fr\/wp-json\/wp\/v2\/comments?post=16501"}],"wp:featuredmedia":[{"embeddable":true,"href":"https:\/\/eralux.com\/fr\/wp-json\/wp\/v2\/media\/16659"}],"wp:attachment":[{"href":"https:\/\/eralux.com\/fr\/wp-json\/wp\/v2\/media?parent=16501"}],"wp:term":[{"taxonomy":"product_brand","embeddable":true,"href":"https:\/\/eralux.com\/fr\/wp-json\/wp\/v2\/product_brand?post=16501"},{"taxonomy":"product_cat","embeddable":true,"href":"https:\/\/eralux.com\/fr\/wp-json\/wp\/v2\/product_cat?post=16501"},{"taxonomy":"product_tag","embeddable":true,"href":"https:\/\/eralux.com\/fr\/wp-json\/wp\/v2\/product_tag?post=16501"}],"curies":[{"name":"wp","href":"https:\/\/api.w.org\/{rel}","templated":true}]}}