{"id":17178,"date":"2025-02-14T15:12:32","date_gmt":"2025-02-14T15:12:32","guid":{"rendered":"https:\/\/eralux.com\/?post_type=product&#038;p=17178"},"modified":"2025-08-13T21:48:27","modified_gmt":"2025-08-13T21:48:27","slug":"ova","status":"publish","type":"product","link":"https:\/\/eralux.com\/fr\/produit\/ova\/","title":{"rendered":"OVA"},"content":{"rendered":"<p>La s\u00e9rie OVA est un disque d&#8217;\u00e9clairage en saillie de forme ronde et semi-ovale. Son commutateur CCT s\u00e9lectionnable vous permet d&#8217;ajuster la temp\u00e9rature de couleur de 2700K \u00e0 5000K. Disponible dans les tailles d&#8217;ouverture 4\u00ab et 6 \u00bb avec 10W et 15W respectivement pour un rendement de 82Lm\/W, fournissant une option d&#8217;\u00e9clairage polyvalente pour n&#8217;importe quel espace, en plus du montage en surface, il peut \u00eatre install\u00e9 dans des bo\u00eetes avec les accessoires appropri\u00e9s.<\/p>\n","protected":false},"excerpt":{"rendered":"<p>Disque pour montage en surface | 4&#8243; et 6&#8243; ronds<\/p>\n","protected":false},"featured_media":16928,"comment_status":"open","ping_status":"closed","template":"","meta":{"inline_featured_image":false},"product_brand":[],"product_cat":[2372],"product_tag":[],"class_list":{"0":"post-17178","1":"product","2":"type-product","3":"status-publish","4":"has-post-thumbnail","6":"spec_sheets-4-10w-fr","7":"spec_sheets-6-15w-puissance-et-taille","8":"spec_sheets-5cct-fr","9":"spec_sheets-r90-fr","10":"spec_sheets-puissance-et-taille","11":"spec_sheets-wh-fr-2","12":"spec_sheets-cct-fr","13":"spec_sheets-cri-fr","14":"spec_sheets-finition","15":"product_applications-bureau-commercial","16":"product_applications-education-fr","17":"product_applications-magasin-de-mode","18":"product_applications-hotellerie","19":"product_applications-magasin-de-detail","20":"product_segments-luminaires-encastres","21":"product_cat-ae-dl-ov-fr","23":"first","24":"instock","25":"shipping-taxable","26":"purchasable","27":"product-type-simple"},"yoast_head":"<!-- This site is optimized with the Yoast SEO Premium plugin v24.2 (Yoast SEO v27.4) - https:\/\/yoast.com\/product\/yoast-seo-premium-wordpress\/ -->\n<title>OVA - Eralux<\/title>\n<meta name=\"description\" content=\"La s\u00e9rie OVA est un disque d&#039;\u00e9clairage en saillie de forme ronde et semi-ovale. Son commutateur CCT s\u00e9lectionnable vous permet d&#039;ajuster la temp\u00e9rature de couleur de 2700K \u00e0 5000K. Disponible dans les tailles d&#039;ouverture 4\u00ab et 6 \u00bb avec 10W et 15W respectivement pour un rendement de 82Lm\/W, fournissant une option d&#039;\u00e9clairage polyvalente pour n&#039;importe quel espace, en plus du montage en surface, il peut \u00eatre install\u00e9 dans des bo\u00eetes avec les accessoires appropri\u00e9s.\" \/>\n<meta name=\"robots\" content=\"index, follow, max-snippet:-1, max-image-preview:large, max-video-preview:-1\" \/>\n<link rel=\"canonical\" href=\"https:\/\/eralux.com\/fr\/produit\/ova\/\" \/>\n<meta property=\"og:locale\" content=\"fr_FR\" \/>\n<meta property=\"og:type\" content=\"article\" \/>\n<meta property=\"og:title\" content=\"OVA\" \/>\n<meta property=\"og:description\" content=\"La s\u00e9rie OVA est un disque d&#039;\u00e9clairage en saillie de forme ronde et semi-ovale. Son commutateur CCT s\u00e9lectionnable vous permet d&#039;ajuster la temp\u00e9rature de couleur de 2700K \u00e0 5000K. Disponible dans les tailles d&#039;ouverture 4\u00ab et 6 \u00bb avec 10W et 15W respectivement pour un rendement de 82Lm\/W, fournissant une option d&#039;\u00e9clairage polyvalente pour n&#039;importe quel espace, en plus du montage en surface, il peut \u00eatre install\u00e9 dans des bo\u00eetes avec les accessoires appropri\u00e9s.\" \/>\n<meta property=\"og:url\" content=\"https:\/\/eralux.com\/fr\/produit\/ova\/\" \/>\n<meta property=\"og:site_name\" content=\"Eralux\" \/>\n<meta property=\"article:publisher\" content=\"https:\/\/www.facebook.com\/aeralux.corp\" \/>\n<meta property=\"article:modified_time\" content=\"2025-08-13T21:48:27+00:00\" \/>\n<meta property=\"og:image\" content=\"https:\/\/eralux.com\/wp-content\/uploads\/2025\/02\/4.png\" \/>\n\t<meta property=\"og:image:width\" content=\"3000\" \/>\n\t<meta property=\"og:image:height\" content=\"2250\" \/>\n\t<meta property=\"og:image:type\" content=\"image\/png\" \/>\n<meta name=\"twitter:card\" content=\"summary_large_image\" \/>\n<meta name=\"twitter:site\" content=\"@eralux_inc\" \/>\n<meta name=\"twitter:label1\" content=\"Prix\" \/>\n\t<meta name=\"twitter:data1\" content=\"&#036;0.00\" \/>\n\t<meta name=\"twitter:label2\" content=\"Disponibilit\u00e9\" \/>\n\t<meta name=\"twitter:data2\" content=\"En stock\" \/>\n<script type=\"application\/ld+json\" class=\"yoast-schema-graph\">{\"@context\":\"https:\\\/\\\/schema.org\",\"@graph\":[{\"@type\":\"WebPage\",\"@id\":\"https:\\\/\\\/eralux.com\\\/fr\\\/produit\\\/ova\\\/\",\"url\":\"https:\\\/\\\/eralux.com\\\/fr\\\/produit\\\/ova\\\/\",\"name\":\"OVA - Eralux\",\"isPartOf\":{\"@id\":\"https:\\\/\\\/eralux.com\\\/fr\\\/#website\"},\"primaryImageOfPage\":{\"@id\":\"https:\\\/\\\/eralux.com\\\/fr\\\/produit\\\/ova\\\/#primaryimage\"},\"image\":{\"@id\":\"https:\\\/\\\/eralux.com\\\/fr\\\/produit\\\/ova\\\/#primaryimage\"},\"thumbnailUrl\":\"https:\\\/\\\/eralux.com\\\/wp-content\\\/uploads\\\/2025\\\/02\\\/4.png\",\"datePublished\":\"2025-02-14T15:12:32+00:00\",\"dateModified\":\"2025-08-13T21:48:27+00:00\",\"description\":\"La s\u00e9rie OVA est un disque d'\u00e9clairage en saillie de forme ronde et semi-ovale. Son commutateur CCT s\u00e9lectionnable vous permet d'ajuster la temp\u00e9rature de couleur de 2700K \u00e0 5000K. Disponible dans les tailles d'ouverture 4\u00ab et 6 \u00bb avec 10W et 15W respectivement pour un rendement de 82Lm\\\/W, fournissant une option d'\u00e9clairage polyvalente pour n'importe quel espace, en plus du montage en surface, il peut \u00eatre install\u00e9 dans des bo\u00eetes avec les accessoires appropri\u00e9s.\",\"breadcrumb\":{\"@id\":\"https:\\\/\\\/eralux.com\\\/fr\\\/produit\\\/ova\\\/#breadcrumb\"},\"inLanguage\":\"fr-FR\",\"potentialAction\":[{\"@type\":\"ReadAction\",\"target\":[\"https:\\\/\\\/eralux.com\\\/fr\\\/produit\\\/ova\\\/\"]}]},{\"@type\":\"ImageObject\",\"inLanguage\":\"fr-FR\",\"@id\":\"https:\\\/\\\/eralux.com\\\/fr\\\/produit\\\/ova\\\/#primaryimage\",\"url\":\"https:\\\/\\\/eralux.com\\\/wp-content\\\/uploads\\\/2025\\\/02\\\/4.png\",\"contentUrl\":\"https:\\\/\\\/eralux.com\\\/wp-content\\\/uploads\\\/2025\\\/02\\\/4.png\",\"width\":3000,\"height\":2250},{\"@type\":\"BreadcrumbList\",\"@id\":\"https:\\\/\\\/eralux.com\\\/fr\\\/produit\\\/ova\\\/#breadcrumb\",\"itemListElement\":[{\"@type\":\"ListItem\",\"position\":1,\"name\":\"Home\",\"item\":\"https:\\\/\\\/eralux.com\\\/fr\\\/\"},{\"@type\":\"ListItem\",\"position\":2,\"name\":\"Shop\",\"item\":\"https:\\\/\\\/eralux.com\\\/shop\\\/\"},{\"@type\":\"ListItem\",\"position\":3,\"name\":\"OVA\"}]},{\"@type\":\"WebSite\",\"@id\":\"https:\\\/\\\/eralux.com\\\/fr\\\/#website\",\"url\":\"https:\\\/\\\/eralux.com\\\/fr\\\/\",\"name\":\"Eralux\",\"description\":\"World leader for Energy Saving LED Solutions\",\"publisher\":{\"@id\":\"https:\\\/\\\/eralux.com\\\/fr\\\/#organization\"},\"alternateName\":\"Led manufacturer Canada\",\"potentialAction\":[{\"@type\":\"SearchAction\",\"target\":{\"@type\":\"EntryPoint\",\"urlTemplate\":\"https:\\\/\\\/eralux.com\\\/fr\\\/?s={search_term_string}\"},\"query-input\":{\"@type\":\"PropertyValueSpecification\",\"valueRequired\":true,\"valueName\":\"search_term_string\"}}],\"inLanguage\":\"fr-FR\"},{\"@type\":\"Organization\",\"@id\":\"https:\\\/\\\/eralux.com\\\/fr\\\/#organization\",\"name\":\"Eralux\",\"url\":\"https:\\\/\\\/eralux.com\\\/fr\\\/\",\"logo\":{\"@type\":\"ImageObject\",\"inLanguage\":\"fr-FR\",\"@id\":\"https:\\\/\\\/eralux.com\\\/fr\\\/#\\\/schema\\\/logo\\\/image\\\/\",\"url\":\"https:\\\/\\\/eralux.com\\\/wp-content\\\/uploads\\\/2024\\\/01\\\/eralux-logo-trademark-R.png\",\"contentUrl\":\"https:\\\/\\\/eralux.com\\\/wp-content\\\/uploads\\\/2024\\\/01\\\/eralux-logo-trademark-R.png\",\"width\":1000,\"height\":446,\"caption\":\"Eralux\"},\"image\":{\"@id\":\"https:\\\/\\\/eralux.com\\\/fr\\\/#\\\/schema\\\/logo\\\/image\\\/\"},\"sameAs\":[\"https:\\\/\\\/www.facebook.com\\\/aeralux.corp\",\"https:\\\/\\\/x.com\\\/eralux_inc\"],\"description\":\"Save on energy with high-performance LED solutions. Choose Eralux for eco-friendly lighting. Explore our range today!\"}]}<\/script>\n<meta property=\"product:price:amount\" content=\"0.00\" \/>\n<meta property=\"product:price:currency\" content=\"CAD\" \/>\n<meta property=\"og:availability\" content=\"instock\" \/>\n<meta property=\"product:availability\" content=\"instock\" \/>\n<meta property=\"product:condition\" content=\"new\" \/>\n<!-- \/ Yoast SEO Premium plugin. -->","yoast_head_json":{"title":"OVA - Eralux","description":"La s\u00e9rie OVA est un disque d'\u00e9clairage en saillie de forme ronde et semi-ovale. Son commutateur CCT s\u00e9lectionnable vous permet d'ajuster la temp\u00e9rature de couleur de 2700K \u00e0 5000K. Disponible dans les tailles d'ouverture 4\u00ab et 6 \u00bb avec 10W et 15W respectivement pour un rendement de 82Lm\/W, fournissant une option d'\u00e9clairage polyvalente pour n'importe quel espace, en plus du montage en surface, il peut \u00eatre install\u00e9 dans des bo\u00eetes avec les accessoires appropri\u00e9s.","robots":{"index":"index","follow":"follow","max-snippet":"max-snippet:-1","max-image-preview":"max-image-preview:large","max-video-preview":"max-video-preview:-1"},"canonical":"https:\/\/eralux.com\/fr\/produit\/ova\/","og_locale":"fr_FR","og_type":"article","og_title":"OVA","og_description":"La s\u00e9rie OVA est un disque d'\u00e9clairage en saillie de forme ronde et semi-ovale. Son commutateur CCT s\u00e9lectionnable vous permet d'ajuster la temp\u00e9rature de couleur de 2700K \u00e0 5000K. Disponible dans les tailles d'ouverture 4\u00ab et 6 \u00bb avec 10W et 15W respectivement pour un rendement de 82Lm\/W, fournissant une option d'\u00e9clairage polyvalente pour n'importe quel espace, en plus du montage en surface, il peut \u00eatre install\u00e9 dans des bo\u00eetes avec les accessoires appropri\u00e9s.","og_url":"https:\/\/eralux.com\/fr\/produit\/ova\/","og_site_name":"Eralux","article_publisher":"https:\/\/www.facebook.com\/aeralux.corp","article_modified_time":"2025-08-13T21:48:27+00:00","og_image":[{"width":3000,"height":2250,"url":"https:\/\/eralux.com\/wp-content\/uploads\/2025\/02\/4.png","type":"image\/png"}],"twitter_card":"summary_large_image","twitter_site":"@eralux_inc","twitter_misc":{"Prix":"&#36;0.00","Disponibilit\u00e9":"En stock"},"schema":{"@context":"https:\/\/schema.org","@graph":[{"@type":"WebPage","@id":"https:\/\/eralux.com\/fr\/produit\/ova\/","url":"https:\/\/eralux.com\/fr\/produit\/ova\/","name":"OVA - Eralux","isPartOf":{"@id":"https:\/\/eralux.com\/fr\/#website"},"primaryImageOfPage":{"@id":"https:\/\/eralux.com\/fr\/produit\/ova\/#primaryimage"},"image":{"@id":"https:\/\/eralux.com\/fr\/produit\/ova\/#primaryimage"},"thumbnailUrl":"https:\/\/eralux.com\/wp-content\/uploads\/2025\/02\/4.png","datePublished":"2025-02-14T15:12:32+00:00","dateModified":"2025-08-13T21:48:27+00:00","description":"La s\u00e9rie OVA est un disque d'\u00e9clairage en saillie de forme ronde et semi-ovale. Son commutateur CCT s\u00e9lectionnable vous permet d'ajuster la temp\u00e9rature de couleur de 2700K \u00e0 5000K. Disponible dans les tailles d'ouverture 4\u00ab et 6 \u00bb avec 10W et 15W respectivement pour un rendement de 82Lm\/W, fournissant une option d'\u00e9clairage polyvalente pour n'importe quel espace, en plus du montage en surface, il peut \u00eatre install\u00e9 dans des bo\u00eetes avec les accessoires appropri\u00e9s.","breadcrumb":{"@id":"https:\/\/eralux.com\/fr\/produit\/ova\/#breadcrumb"},"inLanguage":"fr-FR","potentialAction":[{"@type":"ReadAction","target":["https:\/\/eralux.com\/fr\/produit\/ova\/"]}]},{"@type":"ImageObject","inLanguage":"fr-FR","@id":"https:\/\/eralux.com\/fr\/produit\/ova\/#primaryimage","url":"https:\/\/eralux.com\/wp-content\/uploads\/2025\/02\/4.png","contentUrl":"https:\/\/eralux.com\/wp-content\/uploads\/2025\/02\/4.png","width":3000,"height":2250},{"@type":"BreadcrumbList","@id":"https:\/\/eralux.com\/fr\/produit\/ova\/#breadcrumb","itemListElement":[{"@type":"ListItem","position":1,"name":"Home","item":"https:\/\/eralux.com\/fr\/"},{"@type":"ListItem","position":2,"name":"Shop","item":"https:\/\/eralux.com\/shop\/"},{"@type":"ListItem","position":3,"name":"OVA"}]},{"@type":"WebSite","@id":"https:\/\/eralux.com\/fr\/#website","url":"https:\/\/eralux.com\/fr\/","name":"Eralux","description":"World leader for Energy Saving LED Solutions","publisher":{"@id":"https:\/\/eralux.com\/fr\/#organization"},"alternateName":"Led manufacturer Canada","potentialAction":[{"@type":"SearchAction","target":{"@type":"EntryPoint","urlTemplate":"https:\/\/eralux.com\/fr\/?s={search_term_string}"},"query-input":{"@type":"PropertyValueSpecification","valueRequired":true,"valueName":"search_term_string"}}],"inLanguage":"fr-FR"},{"@type":"Organization","@id":"https:\/\/eralux.com\/fr\/#organization","name":"Eralux","url":"https:\/\/eralux.com\/fr\/","logo":{"@type":"ImageObject","inLanguage":"fr-FR","@id":"https:\/\/eralux.com\/fr\/#\/schema\/logo\/image\/","url":"https:\/\/eralux.com\/wp-content\/uploads\/2024\/01\/eralux-logo-trademark-R.png","contentUrl":"https:\/\/eralux.com\/wp-content\/uploads\/2024\/01\/eralux-logo-trademark-R.png","width":1000,"height":446,"caption":"Eralux"},"image":{"@id":"https:\/\/eralux.com\/fr\/#\/schema\/logo\/image\/"},"sameAs":["https:\/\/www.facebook.com\/aeralux.corp","https:\/\/x.com\/eralux_inc"],"description":"Save on energy with high-performance LED solutions. Choose Eralux for eco-friendly lighting. Explore our range today!"}]},"product_price_amount":"0.00","product_price_currency":"CAD","og_availability":"instock","product_availability":"instock","product_condition":"new"},"_links":{"self":[{"href":"https:\/\/eralux.com\/fr\/wp-json\/wp\/v2\/product\/17178","targetHints":{"allow":["GET"]}}],"collection":[{"href":"https:\/\/eralux.com\/fr\/wp-json\/wp\/v2\/product"}],"about":[{"href":"https:\/\/eralux.com\/fr\/wp-json\/wp\/v2\/types\/product"}],"replies":[{"embeddable":true,"href":"https:\/\/eralux.com\/fr\/wp-json\/wp\/v2\/comments?post=17178"}],"wp:featuredmedia":[{"embeddable":true,"href":"https:\/\/eralux.com\/fr\/wp-json\/wp\/v2\/media\/16928"}],"wp:attachment":[{"href":"https:\/\/eralux.com\/fr\/wp-json\/wp\/v2\/media?parent=17178"}],"wp:term":[{"taxonomy":"product_brand","embeddable":true,"href":"https:\/\/eralux.com\/fr\/wp-json\/wp\/v2\/product_brand?post=17178"},{"taxonomy":"product_cat","embeddable":true,"href":"https:\/\/eralux.com\/fr\/wp-json\/wp\/v2\/product_cat?post=17178"},{"taxonomy":"product_tag","embeddable":true,"href":"https:\/\/eralux.com\/fr\/wp-json\/wp\/v2\/product_tag?post=17178"}],"curies":[{"name":"wp","href":"https:\/\/api.w.org\/{rel}","templated":true}]}}