{"id":17758,"date":"2025-03-19T19:16:23","date_gmt":"2025-03-19T19:16:23","guid":{"rendered":"https:\/\/eralux.com\/?post_type=product&#038;p=17758"},"modified":"2025-08-13T20:47:48","modified_gmt":"2025-08-13T20:47:48","slug":"galaxy","status":"publish","type":"product","link":"https:\/\/eralux.com\/fr\/produit\/galaxy\/","title":{"rendered":"GALAXY"},"content":{"rendered":"<p>Le GALAXY est un plafonnier encastr\u00e9 qui offre une gamme d&#8217;options optiques. La vari\u00e9t\u00e9 de r\u00e9flecteurs et de finitions de garniture disponibles en font un ajout attrayant. Il est disponible en forme ronde. Il est disponible en plusieurs options de puissance commutables 18\/24\/30 W pour 4\u00ab et 6 \u00bb ou 30\/40\/50 W pour 6\u00ab et 8 \u00bb, plusieurs CCT et angles de faisceau r\u00e9glables avec un faible UGR 16, 19.<\/p>\n","protected":false},"excerpt":{"rendered":"<p>4&#8243; 6&#8243; ou 8&#8243; Downlight encastr\u00e9 commercial<\/p>\n","protected":false},"featured_media":17772,"comment_status":"open","ping_status":"closed","template":"","meta":{"inline_featured_image":false},"product_brand":[],"product_cat":[2399],"product_tag":[],"class_list":{"0":"post-17758","1":"product","2":"type-product","3":"status-publish","4":"has-post-thumbnail","6":"spec_sheets-svs-fr","7":"spec_sheets-bkb-fr","8":"spec_sheets-whw-fr","9":"spec_sheets-8r-fr","10":"spec_sheets-6r-fr","11":"spec_sheets-4r-fr","12":"spec_sheets-275-fr","13":"spec_sheets-cct-fr","14":"spec_sheets-finition","15":"spec_sheets-puissance","16":"spec_sheets-taille","17":"spec_sheets-30w-fr","18":"spec_sheets-50w-fr","19":"product_applications-magasin-de-detail","20":"product_applications-hotellerie","21":"product_applications-education-fr","22":"product_applications-bureau-commercial","23":"product_segments-luminaires-encastres","24":"product_cat-ae-dl-gx-fr","26":"first","27":"instock","28":"shipping-taxable","29":"purchasable","30":"product-type-simple"},"yoast_head":"<!-- This site is optimized with the Yoast SEO Premium plugin v24.2 (Yoast SEO v27.4) - https:\/\/yoast.com\/product\/yoast-seo-premium-wordpress\/ -->\n<title>GALAXY - Eralux<\/title>\n<meta name=\"description\" content=\"Le GALAXY est un plafonnier encastr\u00e9 qui offre une gamme d&#039;options optiques. La vari\u00e9t\u00e9 de r\u00e9flecteurs et de finitions de garniture disponibles en font un ajout attrayant. Il est disponible en forme ronde. Il est disponible en plusieurs options de puissance commutables 18\/24\/30 W pour 4\u00ab et 6 \u00bb ou 30\/40\/50 W pour 6\u00ab et 8 \u00bb, plusieurs CCT et angles de faisceau r\u00e9glables avec un faible UGR 16, 19.\" \/>\n<meta name=\"robots\" content=\"index, follow, max-snippet:-1, max-image-preview:large, max-video-preview:-1\" \/>\n<link rel=\"canonical\" href=\"https:\/\/eralux.com\/fr\/produit\/galaxy\/\" \/>\n<meta property=\"og:locale\" content=\"fr_FR\" \/>\n<meta property=\"og:type\" content=\"article\" \/>\n<meta property=\"og:title\" content=\"GALAXY\" \/>\n<meta property=\"og:description\" content=\"Le GALAXY est un plafonnier encastr\u00e9 qui offre une gamme d&#039;options optiques. La vari\u00e9t\u00e9 de r\u00e9flecteurs et de finitions de garniture disponibles en font un ajout attrayant. Il est disponible en forme ronde. Il est disponible en plusieurs options de puissance commutables 18\/24\/30 W pour 4\u00ab et 6 \u00bb ou 30\/40\/50 W pour 6\u00ab et 8 \u00bb, plusieurs CCT et angles de faisceau r\u00e9glables avec un faible UGR 16, 19.\" \/>\n<meta property=\"og:url\" content=\"https:\/\/eralux.com\/fr\/produit\/galaxy\/\" \/>\n<meta property=\"og:site_name\" content=\"Eralux\" \/>\n<meta property=\"article:publisher\" content=\"https:\/\/www.facebook.com\/aeralux.corp\" \/>\n<meta property=\"article:modified_time\" content=\"2025-08-13T20:47:48+00:00\" \/>\n<meta property=\"og:image\" content=\"https:\/\/eralux.com\/wp-content\/uploads\/2025\/03\/30W.3.png\" \/>\n\t<meta property=\"og:image:width\" content=\"1000\" \/>\n\t<meta property=\"og:image:height\" content=\"1000\" \/>\n\t<meta property=\"og:image:type\" content=\"image\/png\" \/>\n<meta name=\"twitter:card\" content=\"summary_large_image\" \/>\n<meta name=\"twitter:site\" content=\"@eralux_inc\" \/>\n<meta name=\"twitter:label1\" content=\"Prix\" \/>\n\t<meta name=\"twitter:data1\" content=\"&#036;0.00\" \/>\n\t<meta name=\"twitter:label2\" content=\"Disponibilit\u00e9\" \/>\n\t<meta name=\"twitter:data2\" content=\"En stock\" \/>\n<script type=\"application\/ld+json\" class=\"yoast-schema-graph\">{\"@context\":\"https:\\\/\\\/schema.org\",\"@graph\":[{\"@type\":\"WebPage\",\"@id\":\"https:\\\/\\\/eralux.com\\\/fr\\\/produit\\\/galaxy\\\/\",\"url\":\"https:\\\/\\\/eralux.com\\\/fr\\\/produit\\\/galaxy\\\/\",\"name\":\"GALAXY - Eralux\",\"isPartOf\":{\"@id\":\"https:\\\/\\\/eralux.com\\\/fr\\\/#website\"},\"primaryImageOfPage\":{\"@id\":\"https:\\\/\\\/eralux.com\\\/fr\\\/produit\\\/galaxy\\\/#primaryimage\"},\"image\":{\"@id\":\"https:\\\/\\\/eralux.com\\\/fr\\\/produit\\\/galaxy\\\/#primaryimage\"},\"thumbnailUrl\":\"https:\\\/\\\/eralux.com\\\/wp-content\\\/uploads\\\/2025\\\/03\\\/30W.3.png\",\"datePublished\":\"2025-03-19T19:16:23+00:00\",\"dateModified\":\"2025-08-13T20:47:48+00:00\",\"description\":\"Le GALAXY est un plafonnier encastr\u00e9 qui offre une gamme d'options optiques. La vari\u00e9t\u00e9 de r\u00e9flecteurs et de finitions de garniture disponibles en font un ajout attrayant. Il est disponible en forme ronde. Il est disponible en plusieurs options de puissance commutables 18\\\/24\\\/30 W pour 4\u00ab et 6 \u00bb ou 30\\\/40\\\/50 W pour 6\u00ab et 8 \u00bb, plusieurs CCT et angles de faisceau r\u00e9glables avec un faible UGR 16, 19.\",\"breadcrumb\":{\"@id\":\"https:\\\/\\\/eralux.com\\\/fr\\\/produit\\\/galaxy\\\/#breadcrumb\"},\"inLanguage\":\"fr-FR\",\"potentialAction\":[{\"@type\":\"ReadAction\",\"target\":[\"https:\\\/\\\/eralux.com\\\/fr\\\/produit\\\/galaxy\\\/\"]}]},{\"@type\":\"ImageObject\",\"inLanguage\":\"fr-FR\",\"@id\":\"https:\\\/\\\/eralux.com\\\/fr\\\/produit\\\/galaxy\\\/#primaryimage\",\"url\":\"https:\\\/\\\/eralux.com\\\/wp-content\\\/uploads\\\/2025\\\/03\\\/30W.3.png\",\"contentUrl\":\"https:\\\/\\\/eralux.com\\\/wp-content\\\/uploads\\\/2025\\\/03\\\/30W.3.png\",\"width\":1000,\"height\":1000},{\"@type\":\"BreadcrumbList\",\"@id\":\"https:\\\/\\\/eralux.com\\\/fr\\\/produit\\\/galaxy\\\/#breadcrumb\",\"itemListElement\":[{\"@type\":\"ListItem\",\"position\":1,\"name\":\"Home\",\"item\":\"https:\\\/\\\/eralux.com\\\/fr\\\/\"},{\"@type\":\"ListItem\",\"position\":2,\"name\":\"Shop\",\"item\":\"https:\\\/\\\/eralux.com\\\/shop\\\/\"},{\"@type\":\"ListItem\",\"position\":3,\"name\":\"GALAXY\"}]},{\"@type\":\"WebSite\",\"@id\":\"https:\\\/\\\/eralux.com\\\/fr\\\/#website\",\"url\":\"https:\\\/\\\/eralux.com\\\/fr\\\/\",\"name\":\"Eralux\",\"description\":\"World leader for Energy Saving LED Solutions\",\"publisher\":{\"@id\":\"https:\\\/\\\/eralux.com\\\/fr\\\/#organization\"},\"alternateName\":\"Led manufacturer Canada\",\"potentialAction\":[{\"@type\":\"SearchAction\",\"target\":{\"@type\":\"EntryPoint\",\"urlTemplate\":\"https:\\\/\\\/eralux.com\\\/fr\\\/?s={search_term_string}\"},\"query-input\":{\"@type\":\"PropertyValueSpecification\",\"valueRequired\":true,\"valueName\":\"search_term_string\"}}],\"inLanguage\":\"fr-FR\"},{\"@type\":\"Organization\",\"@id\":\"https:\\\/\\\/eralux.com\\\/fr\\\/#organization\",\"name\":\"Eralux\",\"url\":\"https:\\\/\\\/eralux.com\\\/fr\\\/\",\"logo\":{\"@type\":\"ImageObject\",\"inLanguage\":\"fr-FR\",\"@id\":\"https:\\\/\\\/eralux.com\\\/fr\\\/#\\\/schema\\\/logo\\\/image\\\/\",\"url\":\"https:\\\/\\\/eralux.com\\\/wp-content\\\/uploads\\\/2024\\\/01\\\/eralux-logo-trademark-R.png\",\"contentUrl\":\"https:\\\/\\\/eralux.com\\\/wp-content\\\/uploads\\\/2024\\\/01\\\/eralux-logo-trademark-R.png\",\"width\":1000,\"height\":446,\"caption\":\"Eralux\"},\"image\":{\"@id\":\"https:\\\/\\\/eralux.com\\\/fr\\\/#\\\/schema\\\/logo\\\/image\\\/\"},\"sameAs\":[\"https:\\\/\\\/www.facebook.com\\\/aeralux.corp\",\"https:\\\/\\\/x.com\\\/eralux_inc\"],\"description\":\"Save on energy with high-performance LED solutions. Choose Eralux for eco-friendly lighting. Explore our range today!\"}]}<\/script>\n<meta property=\"product:price:amount\" content=\"0.00\" \/>\n<meta property=\"product:price:currency\" content=\"CAD\" \/>\n<meta property=\"og:availability\" content=\"instock\" \/>\n<meta property=\"product:availability\" content=\"instock\" \/>\n<meta property=\"product:condition\" content=\"new\" \/>\n<!-- \/ Yoast SEO Premium plugin. -->","yoast_head_json":{"title":"GALAXY - Eralux","description":"Le GALAXY est un plafonnier encastr\u00e9 qui offre une gamme d'options optiques. La vari\u00e9t\u00e9 de r\u00e9flecteurs et de finitions de garniture disponibles en font un ajout attrayant. Il est disponible en forme ronde. Il est disponible en plusieurs options de puissance commutables 18\/24\/30 W pour 4\u00ab et 6 \u00bb ou 30\/40\/50 W pour 6\u00ab et 8 \u00bb, plusieurs CCT et angles de faisceau r\u00e9glables avec un faible UGR 16, 19.","robots":{"index":"index","follow":"follow","max-snippet":"max-snippet:-1","max-image-preview":"max-image-preview:large","max-video-preview":"max-video-preview:-1"},"canonical":"https:\/\/eralux.com\/fr\/produit\/galaxy\/","og_locale":"fr_FR","og_type":"article","og_title":"GALAXY","og_description":"Le GALAXY est un plafonnier encastr\u00e9 qui offre une gamme d'options optiques. La vari\u00e9t\u00e9 de r\u00e9flecteurs et de finitions de garniture disponibles en font un ajout attrayant. Il est disponible en forme ronde. Il est disponible en plusieurs options de puissance commutables 18\/24\/30 W pour 4\u00ab et 6 \u00bb ou 30\/40\/50 W pour 6\u00ab et 8 \u00bb, plusieurs CCT et angles de faisceau r\u00e9glables avec un faible UGR 16, 19.","og_url":"https:\/\/eralux.com\/fr\/produit\/galaxy\/","og_site_name":"Eralux","article_publisher":"https:\/\/www.facebook.com\/aeralux.corp","article_modified_time":"2025-08-13T20:47:48+00:00","og_image":[{"width":1000,"height":1000,"url":"https:\/\/eralux.com\/wp-content\/uploads\/2025\/03\/30W.3.png","type":"image\/png"}],"twitter_card":"summary_large_image","twitter_site":"@eralux_inc","twitter_misc":{"Prix":"&#36;0.00","Disponibilit\u00e9":"En stock"},"schema":{"@context":"https:\/\/schema.org","@graph":[{"@type":"WebPage","@id":"https:\/\/eralux.com\/fr\/produit\/galaxy\/","url":"https:\/\/eralux.com\/fr\/produit\/galaxy\/","name":"GALAXY - Eralux","isPartOf":{"@id":"https:\/\/eralux.com\/fr\/#website"},"primaryImageOfPage":{"@id":"https:\/\/eralux.com\/fr\/produit\/galaxy\/#primaryimage"},"image":{"@id":"https:\/\/eralux.com\/fr\/produit\/galaxy\/#primaryimage"},"thumbnailUrl":"https:\/\/eralux.com\/wp-content\/uploads\/2025\/03\/30W.3.png","datePublished":"2025-03-19T19:16:23+00:00","dateModified":"2025-08-13T20:47:48+00:00","description":"Le GALAXY est un plafonnier encastr\u00e9 qui offre une gamme d'options optiques. La vari\u00e9t\u00e9 de r\u00e9flecteurs et de finitions de garniture disponibles en font un ajout attrayant. Il est disponible en forme ronde. Il est disponible en plusieurs options de puissance commutables 18\/24\/30 W pour 4\u00ab et 6 \u00bb ou 30\/40\/50 W pour 6\u00ab et 8 \u00bb, plusieurs CCT et angles de faisceau r\u00e9glables avec un faible UGR 16, 19.","breadcrumb":{"@id":"https:\/\/eralux.com\/fr\/produit\/galaxy\/#breadcrumb"},"inLanguage":"fr-FR","potentialAction":[{"@type":"ReadAction","target":["https:\/\/eralux.com\/fr\/produit\/galaxy\/"]}]},{"@type":"ImageObject","inLanguage":"fr-FR","@id":"https:\/\/eralux.com\/fr\/produit\/galaxy\/#primaryimage","url":"https:\/\/eralux.com\/wp-content\/uploads\/2025\/03\/30W.3.png","contentUrl":"https:\/\/eralux.com\/wp-content\/uploads\/2025\/03\/30W.3.png","width":1000,"height":1000},{"@type":"BreadcrumbList","@id":"https:\/\/eralux.com\/fr\/produit\/galaxy\/#breadcrumb","itemListElement":[{"@type":"ListItem","position":1,"name":"Home","item":"https:\/\/eralux.com\/fr\/"},{"@type":"ListItem","position":2,"name":"Shop","item":"https:\/\/eralux.com\/shop\/"},{"@type":"ListItem","position":3,"name":"GALAXY"}]},{"@type":"WebSite","@id":"https:\/\/eralux.com\/fr\/#website","url":"https:\/\/eralux.com\/fr\/","name":"Eralux","description":"World leader for Energy Saving LED Solutions","publisher":{"@id":"https:\/\/eralux.com\/fr\/#organization"},"alternateName":"Led manufacturer Canada","potentialAction":[{"@type":"SearchAction","target":{"@type":"EntryPoint","urlTemplate":"https:\/\/eralux.com\/fr\/?s={search_term_string}"},"query-input":{"@type":"PropertyValueSpecification","valueRequired":true,"valueName":"search_term_string"}}],"inLanguage":"fr-FR"},{"@type":"Organization","@id":"https:\/\/eralux.com\/fr\/#organization","name":"Eralux","url":"https:\/\/eralux.com\/fr\/","logo":{"@type":"ImageObject","inLanguage":"fr-FR","@id":"https:\/\/eralux.com\/fr\/#\/schema\/logo\/image\/","url":"https:\/\/eralux.com\/wp-content\/uploads\/2024\/01\/eralux-logo-trademark-R.png","contentUrl":"https:\/\/eralux.com\/wp-content\/uploads\/2024\/01\/eralux-logo-trademark-R.png","width":1000,"height":446,"caption":"Eralux"},"image":{"@id":"https:\/\/eralux.com\/fr\/#\/schema\/logo\/image\/"},"sameAs":["https:\/\/www.facebook.com\/aeralux.corp","https:\/\/x.com\/eralux_inc"],"description":"Save on energy with high-performance LED solutions. Choose Eralux for eco-friendly lighting. Explore our range today!"}]},"product_price_amount":"0.00","product_price_currency":"CAD","og_availability":"instock","product_availability":"instock","product_condition":"new"},"_links":{"self":[{"href":"https:\/\/eralux.com\/fr\/wp-json\/wp\/v2\/product\/17758","targetHints":{"allow":["GET"]}}],"collection":[{"href":"https:\/\/eralux.com\/fr\/wp-json\/wp\/v2\/product"}],"about":[{"href":"https:\/\/eralux.com\/fr\/wp-json\/wp\/v2\/types\/product"}],"replies":[{"embeddable":true,"href":"https:\/\/eralux.com\/fr\/wp-json\/wp\/v2\/comments?post=17758"}],"wp:featuredmedia":[{"embeddable":true,"href":"https:\/\/eralux.com\/fr\/wp-json\/wp\/v2\/media\/17772"}],"wp:attachment":[{"href":"https:\/\/eralux.com\/fr\/wp-json\/wp\/v2\/media?parent=17758"}],"wp:term":[{"taxonomy":"product_brand","embeddable":true,"href":"https:\/\/eralux.com\/fr\/wp-json\/wp\/v2\/product_brand?post=17758"},{"taxonomy":"product_cat","embeddable":true,"href":"https:\/\/eralux.com\/fr\/wp-json\/wp\/v2\/product_cat?post=17758"},{"taxonomy":"product_tag","embeddable":true,"href":"https:\/\/eralux.com\/fr\/wp-json\/wp\/v2\/product_tag?post=17758"}],"curies":[{"name":"wp","href":"https:\/\/api.w.org\/{rel}","templated":true}]}}