{"id":17776,"date":"2025-03-19T21:25:40","date_gmt":"2025-03-19T21:25:40","guid":{"rendered":"https:\/\/eralux.com\/?post_type=product&#038;p=17776"},"modified":"2025-08-06T22:01:33","modified_gmt":"2025-08-06T22:01:33","slug":"lago","status":"publish","type":"product","link":"https:\/\/eralux.com\/fr\/produit\/lago\/","title":{"rendered":"LAGO"},"content":{"rendered":"<p>L&#8217;applique d&#8217;ext\u00e9rieur LAGO pr\u00e9sente un design \u00e9l\u00e9gant, offrant un \u00e9clairage vers le haut et vers le bas. Avec son indice de protection IP65, elle est con\u00e7ue pour durer. Son design \u00e9pur\u00e9 et moderne et sa construction robuste en font un luminaire parfait pour son esth\u00e9tique et ses performances durables dans n&#8217;importe quel environnement ext\u00e9rieur.<\/p>\n<p>Application : Entr\u00e9es commerciales | Paysages ext\u00e9rieurs | Fa\u00e7ades | Ext\u00e9rieurs r\u00e9sidentiels<\/p>\n","protected":false},"excerpt":{"rendered":"<p>Applique d&#8217;ext\u00e9rieur architecturale<\/p>\n","protected":false},"featured_media":17789,"comment_status":"open","ping_status":"closed","template":"","meta":{"inline_featured_image":false},"product_brand":[],"product_cat":[2407],"product_tag":[],"class_list":{"0":"post-17776","1":"product","2":"type-product","3":"status-publish","4":"has-post-thumbnail","6":"spec_sheets-couverture","7":"spec_sheets-rc-fr","8":"spec_sheets-sc-fr-2","9":"spec_sheets-ac-cover","10":"spec_sheets-cc-cover","11":"spec_sheets-wc","12":"spec_sheets-wh-fr-2","13":"spec_sheets-bk-fr-2","14":"spec_sheets-bz-fr","15":"spec_sheets-finition","16":"spec_sheets-puissance","17":"spec_sheets-20w-fr","18":"product_applications-bureau-commercial","19":"product_applications-paysage","20":"product_applications-terrasse-et-patio","21":"product_segments-exterieur","22":"product_segments-sconce-fr","23":"product_cat-ae-ws-lgca-04-fr","25":"first","26":"instock","27":"shipping-taxable","28":"purchasable","29":"product-type-simple"},"yoast_head":"<!-- This site is optimized with the Yoast SEO Premium plugin v24.2 (Yoast SEO v27.5) - https:\/\/yoast.com\/product\/yoast-seo-premium-wordpress\/ -->\n<title>LAGO - Eralux<\/title>\n<meta name=\"description\" content=\"L&#039;applique d&#039;ext\u00e9rieur LAGO pr\u00e9sente un design \u00e9l\u00e9gant, offrant un \u00e9clairage vers le haut et vers le bas. Avec son indice de protection IP65, elle est con\u00e7ue pour durer. Son design \u00e9pur\u00e9 et moderne et sa construction robuste en font un luminaire parfait pour son esth\u00e9tique et ses performances durables dans n&#039;importe quel environnement ext\u00e9rieur.\" \/>\n<meta name=\"robots\" content=\"index, follow, max-snippet:-1, max-image-preview:large, max-video-preview:-1\" \/>\n<link rel=\"canonical\" href=\"https:\/\/eralux.com\/fr\/produit\/lago\/\" \/>\n<meta property=\"og:locale\" content=\"fr_FR\" \/>\n<meta property=\"og:type\" content=\"article\" \/>\n<meta property=\"og:title\" content=\"LAGO\" \/>\n<meta property=\"og:description\" content=\"L&#039;applique d&#039;ext\u00e9rieur LAGO pr\u00e9sente un design \u00e9l\u00e9gant, offrant un \u00e9clairage vers le haut et vers le bas. Avec son indice de protection IP65, elle est con\u00e7ue pour durer. Son design \u00e9pur\u00e9 et moderne et sa construction robuste en font un luminaire parfait pour son esth\u00e9tique et ses performances durables dans n&#039;importe quel environnement ext\u00e9rieur.\" \/>\n<meta property=\"og:url\" content=\"https:\/\/eralux.com\/fr\/produit\/lago\/\" \/>\n<meta property=\"og:site_name\" content=\"Eralux\" \/>\n<meta property=\"article:publisher\" content=\"https:\/\/www.facebook.com\/aeralux.corp\" \/>\n<meta property=\"article:modified_time\" content=\"2025-08-06T22:01:33+00:00\" \/>\n<meta property=\"og:image\" content=\"https:\/\/eralux.com\/wp-content\/uploads\/2025\/03\/DSC01890-white.png\" \/>\n\t<meta property=\"og:image:width\" content=\"1000\" \/>\n\t<meta property=\"og:image:height\" content=\"1000\" \/>\n\t<meta property=\"og:image:type\" content=\"image\/png\" \/>\n<meta name=\"twitter:card\" content=\"summary_large_image\" \/>\n<meta name=\"twitter:site\" content=\"@eralux_inc\" \/>\n<meta name=\"twitter:label1\" content=\"Prix\" \/>\n\t<meta name=\"twitter:data1\" content=\"&#036;0.00\" \/>\n\t<meta name=\"twitter:label2\" content=\"Disponibilit\u00e9\" \/>\n\t<meta name=\"twitter:data2\" content=\"En stock\" \/>\n<script type=\"application\/ld+json\" class=\"yoast-schema-graph\">{\"@context\":\"https:\\\/\\\/schema.org\",\"@graph\":[{\"@type\":\"WebPage\",\"@id\":\"https:\\\/\\\/eralux.com\\\/fr\\\/produit\\\/lago\\\/\",\"url\":\"https:\\\/\\\/eralux.com\\\/fr\\\/produit\\\/lago\\\/\",\"name\":\"LAGO - Eralux\",\"isPartOf\":{\"@id\":\"https:\\\/\\\/eralux.com\\\/fr\\\/#website\"},\"primaryImageOfPage\":{\"@id\":\"https:\\\/\\\/eralux.com\\\/fr\\\/produit\\\/lago\\\/#primaryimage\"},\"image\":{\"@id\":\"https:\\\/\\\/eralux.com\\\/fr\\\/produit\\\/lago\\\/#primaryimage\"},\"thumbnailUrl\":\"https:\\\/\\\/eralux.com\\\/wp-content\\\/uploads\\\/2025\\\/03\\\/DSC01890-white.png\",\"datePublished\":\"2025-03-19T21:25:40+00:00\",\"dateModified\":\"2025-08-06T22:01:33+00:00\",\"description\":\"L'applique d'ext\u00e9rieur LAGO pr\u00e9sente un design \u00e9l\u00e9gant, offrant un \u00e9clairage vers le haut et vers le bas. Avec son indice de protection IP65, elle est con\u00e7ue pour durer. Son design \u00e9pur\u00e9 et moderne et sa construction robuste en font un luminaire parfait pour son esth\u00e9tique et ses performances durables dans n'importe quel environnement ext\u00e9rieur.\",\"breadcrumb\":{\"@id\":\"https:\\\/\\\/eralux.com\\\/fr\\\/produit\\\/lago\\\/#breadcrumb\"},\"inLanguage\":\"fr-FR\",\"potentialAction\":[{\"@type\":\"ReadAction\",\"target\":[\"https:\\\/\\\/eralux.com\\\/fr\\\/produit\\\/lago\\\/\"]}]},{\"@type\":\"ImageObject\",\"inLanguage\":\"fr-FR\",\"@id\":\"https:\\\/\\\/eralux.com\\\/fr\\\/produit\\\/lago\\\/#primaryimage\",\"url\":\"https:\\\/\\\/eralux.com\\\/wp-content\\\/uploads\\\/2025\\\/03\\\/DSC01890-white.png\",\"contentUrl\":\"https:\\\/\\\/eralux.com\\\/wp-content\\\/uploads\\\/2025\\\/03\\\/DSC01890-white.png\",\"width\":1000,\"height\":1000},{\"@type\":\"BreadcrumbList\",\"@id\":\"https:\\\/\\\/eralux.com\\\/fr\\\/produit\\\/lago\\\/#breadcrumb\",\"itemListElement\":[{\"@type\":\"ListItem\",\"position\":1,\"name\":\"Home\",\"item\":\"https:\\\/\\\/eralux.com\\\/fr\\\/\"},{\"@type\":\"ListItem\",\"position\":2,\"name\":\"Shop\",\"item\":\"https:\\\/\\\/eralux.com\\\/shop\\\/\"},{\"@type\":\"ListItem\",\"position\":3,\"name\":\"LAGO\"}]},{\"@type\":\"WebSite\",\"@id\":\"https:\\\/\\\/eralux.com\\\/fr\\\/#website\",\"url\":\"https:\\\/\\\/eralux.com\\\/fr\\\/\",\"name\":\"Eralux\",\"description\":\"World leader for Energy Saving LED Solutions\",\"publisher\":{\"@id\":\"https:\\\/\\\/eralux.com\\\/fr\\\/#organization\"},\"alternateName\":\"Led manufacturer Canada\",\"potentialAction\":[{\"@type\":\"SearchAction\",\"target\":{\"@type\":\"EntryPoint\",\"urlTemplate\":\"https:\\\/\\\/eralux.com\\\/fr\\\/?s={search_term_string}\"},\"query-input\":{\"@type\":\"PropertyValueSpecification\",\"valueRequired\":true,\"valueName\":\"search_term_string\"}}],\"inLanguage\":\"fr-FR\"},{\"@type\":\"Organization\",\"@id\":\"https:\\\/\\\/eralux.com\\\/fr\\\/#organization\",\"name\":\"Eralux\",\"url\":\"https:\\\/\\\/eralux.com\\\/fr\\\/\",\"logo\":{\"@type\":\"ImageObject\",\"inLanguage\":\"fr-FR\",\"@id\":\"https:\\\/\\\/eralux.com\\\/fr\\\/#\\\/schema\\\/logo\\\/image\\\/\",\"url\":\"https:\\\/\\\/eralux.com\\\/wp-content\\\/uploads\\\/2024\\\/01\\\/eralux-logo-trademark-R.png\",\"contentUrl\":\"https:\\\/\\\/eralux.com\\\/wp-content\\\/uploads\\\/2024\\\/01\\\/eralux-logo-trademark-R.png\",\"width\":1000,\"height\":446,\"caption\":\"Eralux\"},\"image\":{\"@id\":\"https:\\\/\\\/eralux.com\\\/fr\\\/#\\\/schema\\\/logo\\\/image\\\/\"},\"sameAs\":[\"https:\\\/\\\/www.facebook.com\\\/aeralux.corp\",\"https:\\\/\\\/x.com\\\/eralux_inc\"],\"description\":\"Save on energy with high-performance LED solutions. Choose Eralux for eco-friendly lighting. Explore our range today!\"}]}<\/script>\n<meta property=\"product:price:amount\" content=\"0.00\" \/>\n<meta property=\"product:price:currency\" content=\"CAD\" \/>\n<meta property=\"og:availability\" content=\"instock\" \/>\n<meta property=\"product:availability\" content=\"instock\" \/>\n<meta property=\"product:condition\" content=\"new\" \/>\n<!-- \/ Yoast SEO Premium plugin. -->","yoast_head_json":{"title":"LAGO - Eralux","description":"L'applique d'ext\u00e9rieur LAGO pr\u00e9sente un design \u00e9l\u00e9gant, offrant un \u00e9clairage vers le haut et vers le bas. Avec son indice de protection IP65, elle est con\u00e7ue pour durer. Son design \u00e9pur\u00e9 et moderne et sa construction robuste en font un luminaire parfait pour son esth\u00e9tique et ses performances durables dans n'importe quel environnement ext\u00e9rieur.","robots":{"index":"index","follow":"follow","max-snippet":"max-snippet:-1","max-image-preview":"max-image-preview:large","max-video-preview":"max-video-preview:-1"},"canonical":"https:\/\/eralux.com\/fr\/produit\/lago\/","og_locale":"fr_FR","og_type":"article","og_title":"LAGO","og_description":"L'applique d'ext\u00e9rieur LAGO pr\u00e9sente un design \u00e9l\u00e9gant, offrant un \u00e9clairage vers le haut et vers le bas. Avec son indice de protection IP65, elle est con\u00e7ue pour durer. Son design \u00e9pur\u00e9 et moderne et sa construction robuste en font un luminaire parfait pour son esth\u00e9tique et ses performances durables dans n'importe quel environnement ext\u00e9rieur.","og_url":"https:\/\/eralux.com\/fr\/produit\/lago\/","og_site_name":"Eralux","article_publisher":"https:\/\/www.facebook.com\/aeralux.corp","article_modified_time":"2025-08-06T22:01:33+00:00","og_image":[{"width":1000,"height":1000,"url":"https:\/\/eralux.com\/wp-content\/uploads\/2025\/03\/DSC01890-white.png","type":"image\/png"}],"twitter_card":"summary_large_image","twitter_site":"@eralux_inc","twitter_misc":{"Prix":"&#36;0.00","Disponibilit\u00e9":"En stock"},"schema":{"@context":"https:\/\/schema.org","@graph":[{"@type":"WebPage","@id":"https:\/\/eralux.com\/fr\/produit\/lago\/","url":"https:\/\/eralux.com\/fr\/produit\/lago\/","name":"LAGO - Eralux","isPartOf":{"@id":"https:\/\/eralux.com\/fr\/#website"},"primaryImageOfPage":{"@id":"https:\/\/eralux.com\/fr\/produit\/lago\/#primaryimage"},"image":{"@id":"https:\/\/eralux.com\/fr\/produit\/lago\/#primaryimage"},"thumbnailUrl":"https:\/\/eralux.com\/wp-content\/uploads\/2025\/03\/DSC01890-white.png","datePublished":"2025-03-19T21:25:40+00:00","dateModified":"2025-08-06T22:01:33+00:00","description":"L'applique d'ext\u00e9rieur LAGO pr\u00e9sente un design \u00e9l\u00e9gant, offrant un \u00e9clairage vers le haut et vers le bas. Avec son indice de protection IP65, elle est con\u00e7ue pour durer. Son design \u00e9pur\u00e9 et moderne et sa construction robuste en font un luminaire parfait pour son esth\u00e9tique et ses performances durables dans n'importe quel environnement ext\u00e9rieur.","breadcrumb":{"@id":"https:\/\/eralux.com\/fr\/produit\/lago\/#breadcrumb"},"inLanguage":"fr-FR","potentialAction":[{"@type":"ReadAction","target":["https:\/\/eralux.com\/fr\/produit\/lago\/"]}]},{"@type":"ImageObject","inLanguage":"fr-FR","@id":"https:\/\/eralux.com\/fr\/produit\/lago\/#primaryimage","url":"https:\/\/eralux.com\/wp-content\/uploads\/2025\/03\/DSC01890-white.png","contentUrl":"https:\/\/eralux.com\/wp-content\/uploads\/2025\/03\/DSC01890-white.png","width":1000,"height":1000},{"@type":"BreadcrumbList","@id":"https:\/\/eralux.com\/fr\/produit\/lago\/#breadcrumb","itemListElement":[{"@type":"ListItem","position":1,"name":"Home","item":"https:\/\/eralux.com\/fr\/"},{"@type":"ListItem","position":2,"name":"Shop","item":"https:\/\/eralux.com\/shop\/"},{"@type":"ListItem","position":3,"name":"LAGO"}]},{"@type":"WebSite","@id":"https:\/\/eralux.com\/fr\/#website","url":"https:\/\/eralux.com\/fr\/","name":"Eralux","description":"World leader for Energy Saving LED Solutions","publisher":{"@id":"https:\/\/eralux.com\/fr\/#organization"},"alternateName":"Led manufacturer Canada","potentialAction":[{"@type":"SearchAction","target":{"@type":"EntryPoint","urlTemplate":"https:\/\/eralux.com\/fr\/?s={search_term_string}"},"query-input":{"@type":"PropertyValueSpecification","valueRequired":true,"valueName":"search_term_string"}}],"inLanguage":"fr-FR"},{"@type":"Organization","@id":"https:\/\/eralux.com\/fr\/#organization","name":"Eralux","url":"https:\/\/eralux.com\/fr\/","logo":{"@type":"ImageObject","inLanguage":"fr-FR","@id":"https:\/\/eralux.com\/fr\/#\/schema\/logo\/image\/","url":"https:\/\/eralux.com\/wp-content\/uploads\/2024\/01\/eralux-logo-trademark-R.png","contentUrl":"https:\/\/eralux.com\/wp-content\/uploads\/2024\/01\/eralux-logo-trademark-R.png","width":1000,"height":446,"caption":"Eralux"},"image":{"@id":"https:\/\/eralux.com\/fr\/#\/schema\/logo\/image\/"},"sameAs":["https:\/\/www.facebook.com\/aeralux.corp","https:\/\/x.com\/eralux_inc"],"description":"Save on energy with high-performance LED solutions. Choose Eralux for eco-friendly lighting. Explore our range today!"}]},"product_price_amount":"0.00","product_price_currency":"CAD","og_availability":"instock","product_availability":"instock","product_condition":"new"},"_links":{"self":[{"href":"https:\/\/eralux.com\/fr\/wp-json\/wp\/v2\/product\/17776","targetHints":{"allow":["GET"]}}],"collection":[{"href":"https:\/\/eralux.com\/fr\/wp-json\/wp\/v2\/product"}],"about":[{"href":"https:\/\/eralux.com\/fr\/wp-json\/wp\/v2\/types\/product"}],"replies":[{"embeddable":true,"href":"https:\/\/eralux.com\/fr\/wp-json\/wp\/v2\/comments?post=17776"}],"wp:featuredmedia":[{"embeddable":true,"href":"https:\/\/eralux.com\/fr\/wp-json\/wp\/v2\/media\/17789"}],"wp:attachment":[{"href":"https:\/\/eralux.com\/fr\/wp-json\/wp\/v2\/media?parent=17776"}],"wp:term":[{"taxonomy":"product_brand","embeddable":true,"href":"https:\/\/eralux.com\/fr\/wp-json\/wp\/v2\/product_brand?post=17776"},{"taxonomy":"product_cat","embeddable":true,"href":"https:\/\/eralux.com\/fr\/wp-json\/wp\/v2\/product_cat?post=17776"},{"taxonomy":"product_tag","embeddable":true,"href":"https:\/\/eralux.com\/fr\/wp-json\/wp\/v2\/product_tag?post=17776"}],"curies":[{"name":"wp","href":"https:\/\/api.w.org\/{rel}","templated":true}]}}