{"id":17973,"date":"2025-04-02T14:44:25","date_gmt":"2025-04-02T14:44:25","guid":{"rendered":"https:\/\/eralux.com\/?post_type=product&#038;p=17973"},"modified":"2025-04-02T18:17:42","modified_gmt":"2025-04-02T18:17:42","slug":"aeh-0lp00-copy","status":"publish","type":"product","link":"https:\/\/eralux.com\/fr\/produit\/aeh-0lp00-copy\/","title":{"rendered":"PAR38 LAMPE"},"content":{"rendered":"<p>PAR38 est une lampe \u00e0 col court qui convient aussi bien aux applications int\u00e9rieures qu&#8217;ext\u00e9rieures. Elle offre un flux lumineux \u00e9lev\u00e9 avec un angle de faisceau de 25 degr\u00e9s et une temp\u00e9rature de couleur de 3000K.<\/p>\n","protected":false},"excerpt":{"rendered":"<p>Lampe \u00e0 col court<\/p>\n","protected":false},"featured_media":17985,"comment_status":"open","ping_status":"closed","template":"","meta":{"inline_featured_image":false},"product_brand":[],"product_cat":[2412],"product_tag":[],"class_list":{"0":"post-17973","1":"product","2":"type-product","3":"status-publish","4":"has-post-thumbnail","6":"spec_sheets-e26-fr-2","7":"spec_sheets-base-type-fr","8":"spec_sheets-8-fr-4","9":"spec_sheets-25-fr-3","10":"spec_sheets-beam-angle-fr","11":"spec_sheets-cct-fr","12":"spec_sheets-cri-fr","13":"spec_sheets-30-fr","14":"product_segments-projecteurs-sur-rail","15":"product_segments-gimbals-fr","16":"product_cat-aeh-lp-p38-fr","18":"first","19":"instock","20":"shipping-taxable","21":"purchasable","22":"product-type-simple"},"yoast_head":"<!-- This site is optimized with the Yoast SEO Premium plugin v24.2 (Yoast SEO v27.4) - https:\/\/yoast.com\/product\/yoast-seo-premium-wordpress\/ -->\n<title>PAR38 LAMPE - Eralux<\/title>\n<meta name=\"description\" content=\"PAR38 est une lampe \u00e0 col court qui convient aussi bien aux applications int\u00e9rieures qu&#039;ext\u00e9rieures. Elle offre un flux lumineux \u00e9lev\u00e9 avec un angle de faisceau de 25 degr\u00e9s et une temp\u00e9rature de couleur de 3000K.\" \/>\n<meta name=\"robots\" content=\"index, follow, max-snippet:-1, max-image-preview:large, max-video-preview:-1\" \/>\n<link rel=\"canonical\" href=\"https:\/\/eralux.com\/fr\/produit\/aeh-0lp00-copy\/\" \/>\n<meta property=\"og:locale\" content=\"fr_FR\" \/>\n<meta property=\"og:type\" content=\"article\" \/>\n<meta property=\"og:title\" content=\"PAR38 LAMPE\" \/>\n<meta property=\"og:description\" content=\"PAR38 est une lampe \u00e0 col court qui convient aussi bien aux applications int\u00e9rieures qu&#039;ext\u00e9rieures. Elle offre un flux lumineux \u00e9lev\u00e9 avec un angle de faisceau de 25 degr\u00e9s et une temp\u00e9rature de couleur de 3000K.\" \/>\n<meta property=\"og:url\" content=\"https:\/\/eralux.com\/fr\/produit\/aeh-0lp00-copy\/\" \/>\n<meta property=\"og:site_name\" content=\"Eralux\" \/>\n<meta property=\"article:publisher\" content=\"https:\/\/www.facebook.com\/aeralux.corp\" \/>\n<meta property=\"article:modified_time\" content=\"2025-04-02T18:17:42+00:00\" \/>\n<meta property=\"og:image\" content=\"https:\/\/eralux.com\/wp-content\/uploads\/2025\/04\/High-lumen-PC-PAR38-1CCT-25\u00b040\u00b0-3000LM-Ra80-ID-Rendering-1.png\" \/>\n\t<meta property=\"og:image:width\" content=\"1000\" \/>\n\t<meta property=\"og:image:height\" content=\"1000\" \/>\n\t<meta property=\"og:image:type\" content=\"image\/png\" \/>\n<meta name=\"twitter:card\" content=\"summary_large_image\" \/>\n<meta name=\"twitter:site\" content=\"@eralux_inc\" \/>\n<meta name=\"twitter:label1\" content=\"Prix\" \/>\n\t<meta name=\"twitter:data1\" content=\"&#036;0.00\" \/>\n\t<meta name=\"twitter:label2\" content=\"Disponibilit\u00e9\" \/>\n\t<meta name=\"twitter:data2\" content=\"En stock\" \/>\n<script type=\"application\/ld+json\" class=\"yoast-schema-graph\">{\"@context\":\"https:\\\/\\\/schema.org\",\"@graph\":[{\"@type\":\"WebPage\",\"@id\":\"https:\\\/\\\/eralux.com\\\/fr\\\/produit\\\/aeh-0lp00-copy\\\/\",\"url\":\"https:\\\/\\\/eralux.com\\\/fr\\\/produit\\\/aeh-0lp00-copy\\\/\",\"name\":\"PAR38 LAMPE - Eralux\",\"isPartOf\":{\"@id\":\"https:\\\/\\\/eralux.com\\\/fr\\\/#website\"},\"primaryImageOfPage\":{\"@id\":\"https:\\\/\\\/eralux.com\\\/fr\\\/produit\\\/aeh-0lp00-copy\\\/#primaryimage\"},\"image\":{\"@id\":\"https:\\\/\\\/eralux.com\\\/fr\\\/produit\\\/aeh-0lp00-copy\\\/#primaryimage\"},\"thumbnailUrl\":\"https:\\\/\\\/eralux.com\\\/wp-content\\\/uploads\\\/2025\\\/04\\\/High-lumen-PC-PAR38-1CCT-25\u00b040\u00b0-3000LM-Ra80-ID-Rendering-1.png\",\"datePublished\":\"2025-04-02T14:44:25+00:00\",\"dateModified\":\"2025-04-02T18:17:42+00:00\",\"description\":\"PAR38 est une lampe \u00e0 col court qui convient aussi bien aux applications int\u00e9rieures qu'ext\u00e9rieures. Elle offre un flux lumineux \u00e9lev\u00e9 avec un angle de faisceau de 25 degr\u00e9s et une temp\u00e9rature de couleur de 3000K.\",\"breadcrumb\":{\"@id\":\"https:\\\/\\\/eralux.com\\\/fr\\\/produit\\\/aeh-0lp00-copy\\\/#breadcrumb\"},\"inLanguage\":\"fr-FR\",\"potentialAction\":[{\"@type\":\"ReadAction\",\"target\":[\"https:\\\/\\\/eralux.com\\\/fr\\\/produit\\\/aeh-0lp00-copy\\\/\"]}]},{\"@type\":\"ImageObject\",\"inLanguage\":\"fr-FR\",\"@id\":\"https:\\\/\\\/eralux.com\\\/fr\\\/produit\\\/aeh-0lp00-copy\\\/#primaryimage\",\"url\":\"https:\\\/\\\/eralux.com\\\/wp-content\\\/uploads\\\/2025\\\/04\\\/High-lumen-PC-PAR38-1CCT-25\u00b040\u00b0-3000LM-Ra80-ID-Rendering-1.png\",\"contentUrl\":\"https:\\\/\\\/eralux.com\\\/wp-content\\\/uploads\\\/2025\\\/04\\\/High-lumen-PC-PAR38-1CCT-25\u00b040\u00b0-3000LM-Ra80-ID-Rendering-1.png\",\"width\":1000,\"height\":1000},{\"@type\":\"BreadcrumbList\",\"@id\":\"https:\\\/\\\/eralux.com\\\/fr\\\/produit\\\/aeh-0lp00-copy\\\/#breadcrumb\",\"itemListElement\":[{\"@type\":\"ListItem\",\"position\":1,\"name\":\"Home\",\"item\":\"https:\\\/\\\/eralux.com\\\/fr\\\/\"},{\"@type\":\"ListItem\",\"position\":2,\"name\":\"Shop\",\"item\":\"https:\\\/\\\/eralux.com\\\/shop\\\/\"},{\"@type\":\"ListItem\",\"position\":3,\"name\":\"PAR38 LAMPE\"}]},{\"@type\":\"WebSite\",\"@id\":\"https:\\\/\\\/eralux.com\\\/fr\\\/#website\",\"url\":\"https:\\\/\\\/eralux.com\\\/fr\\\/\",\"name\":\"Eralux\",\"description\":\"World leader for Energy Saving LED Solutions\",\"publisher\":{\"@id\":\"https:\\\/\\\/eralux.com\\\/fr\\\/#organization\"},\"alternateName\":\"Led manufacturer Canada\",\"potentialAction\":[{\"@type\":\"SearchAction\",\"target\":{\"@type\":\"EntryPoint\",\"urlTemplate\":\"https:\\\/\\\/eralux.com\\\/fr\\\/?s={search_term_string}\"},\"query-input\":{\"@type\":\"PropertyValueSpecification\",\"valueRequired\":true,\"valueName\":\"search_term_string\"}}],\"inLanguage\":\"fr-FR\"},{\"@type\":\"Organization\",\"@id\":\"https:\\\/\\\/eralux.com\\\/fr\\\/#organization\",\"name\":\"Eralux\",\"url\":\"https:\\\/\\\/eralux.com\\\/fr\\\/\",\"logo\":{\"@type\":\"ImageObject\",\"inLanguage\":\"fr-FR\",\"@id\":\"https:\\\/\\\/eralux.com\\\/fr\\\/#\\\/schema\\\/logo\\\/image\\\/\",\"url\":\"https:\\\/\\\/eralux.com\\\/wp-content\\\/uploads\\\/2024\\\/01\\\/eralux-logo-trademark-R.png\",\"contentUrl\":\"https:\\\/\\\/eralux.com\\\/wp-content\\\/uploads\\\/2024\\\/01\\\/eralux-logo-trademark-R.png\",\"width\":1000,\"height\":446,\"caption\":\"Eralux\"},\"image\":{\"@id\":\"https:\\\/\\\/eralux.com\\\/fr\\\/#\\\/schema\\\/logo\\\/image\\\/\"},\"sameAs\":[\"https:\\\/\\\/www.facebook.com\\\/aeralux.corp\",\"https:\\\/\\\/x.com\\\/eralux_inc\"],\"description\":\"Save on energy with high-performance LED solutions. Choose Eralux for eco-friendly lighting. Explore our range today!\"}]}<\/script>\n<meta property=\"product:price:amount\" content=\"0.00\" \/>\n<meta property=\"product:price:currency\" content=\"CAD\" \/>\n<meta property=\"og:availability\" content=\"instock\" \/>\n<meta property=\"product:availability\" content=\"instock\" \/>\n<meta property=\"product:condition\" content=\"new\" \/>\n<!-- \/ Yoast SEO Premium plugin. -->","yoast_head_json":{"title":"PAR38 LAMPE - Eralux","description":"PAR38 est une lampe \u00e0 col court qui convient aussi bien aux applications int\u00e9rieures qu'ext\u00e9rieures. Elle offre un flux lumineux \u00e9lev\u00e9 avec un angle de faisceau de 25 degr\u00e9s et une temp\u00e9rature de couleur de 3000K.","robots":{"index":"index","follow":"follow","max-snippet":"max-snippet:-1","max-image-preview":"max-image-preview:large","max-video-preview":"max-video-preview:-1"},"canonical":"https:\/\/eralux.com\/fr\/produit\/aeh-0lp00-copy\/","og_locale":"fr_FR","og_type":"article","og_title":"PAR38 LAMPE","og_description":"PAR38 est une lampe \u00e0 col court qui convient aussi bien aux applications int\u00e9rieures qu'ext\u00e9rieures. Elle offre un flux lumineux \u00e9lev\u00e9 avec un angle de faisceau de 25 degr\u00e9s et une temp\u00e9rature de couleur de 3000K.","og_url":"https:\/\/eralux.com\/fr\/produit\/aeh-0lp00-copy\/","og_site_name":"Eralux","article_publisher":"https:\/\/www.facebook.com\/aeralux.corp","article_modified_time":"2025-04-02T18:17:42+00:00","og_image":[{"width":1000,"height":1000,"url":"https:\/\/eralux.com\/wp-content\/uploads\/2025\/04\/High-lumen-PC-PAR38-1CCT-25\u00b040\u00b0-3000LM-Ra80-ID-Rendering-1.png","type":"image\/png"}],"twitter_card":"summary_large_image","twitter_site":"@eralux_inc","twitter_misc":{"Prix":"&#36;0.00","Disponibilit\u00e9":"En stock"},"schema":{"@context":"https:\/\/schema.org","@graph":[{"@type":"WebPage","@id":"https:\/\/eralux.com\/fr\/produit\/aeh-0lp00-copy\/","url":"https:\/\/eralux.com\/fr\/produit\/aeh-0lp00-copy\/","name":"PAR38 LAMPE - Eralux","isPartOf":{"@id":"https:\/\/eralux.com\/fr\/#website"},"primaryImageOfPage":{"@id":"https:\/\/eralux.com\/fr\/produit\/aeh-0lp00-copy\/#primaryimage"},"image":{"@id":"https:\/\/eralux.com\/fr\/produit\/aeh-0lp00-copy\/#primaryimage"},"thumbnailUrl":"https:\/\/eralux.com\/wp-content\/uploads\/2025\/04\/High-lumen-PC-PAR38-1CCT-25\u00b040\u00b0-3000LM-Ra80-ID-Rendering-1.png","datePublished":"2025-04-02T14:44:25+00:00","dateModified":"2025-04-02T18:17:42+00:00","description":"PAR38 est une lampe \u00e0 col court qui convient aussi bien aux applications int\u00e9rieures qu'ext\u00e9rieures. Elle offre un flux lumineux \u00e9lev\u00e9 avec un angle de faisceau de 25 degr\u00e9s et une temp\u00e9rature de couleur de 3000K.","breadcrumb":{"@id":"https:\/\/eralux.com\/fr\/produit\/aeh-0lp00-copy\/#breadcrumb"},"inLanguage":"fr-FR","potentialAction":[{"@type":"ReadAction","target":["https:\/\/eralux.com\/fr\/produit\/aeh-0lp00-copy\/"]}]},{"@type":"ImageObject","inLanguage":"fr-FR","@id":"https:\/\/eralux.com\/fr\/produit\/aeh-0lp00-copy\/#primaryimage","url":"https:\/\/eralux.com\/wp-content\/uploads\/2025\/04\/High-lumen-PC-PAR38-1CCT-25\u00b040\u00b0-3000LM-Ra80-ID-Rendering-1.png","contentUrl":"https:\/\/eralux.com\/wp-content\/uploads\/2025\/04\/High-lumen-PC-PAR38-1CCT-25\u00b040\u00b0-3000LM-Ra80-ID-Rendering-1.png","width":1000,"height":1000},{"@type":"BreadcrumbList","@id":"https:\/\/eralux.com\/fr\/produit\/aeh-0lp00-copy\/#breadcrumb","itemListElement":[{"@type":"ListItem","position":1,"name":"Home","item":"https:\/\/eralux.com\/fr\/"},{"@type":"ListItem","position":2,"name":"Shop","item":"https:\/\/eralux.com\/shop\/"},{"@type":"ListItem","position":3,"name":"PAR38 LAMPE"}]},{"@type":"WebSite","@id":"https:\/\/eralux.com\/fr\/#website","url":"https:\/\/eralux.com\/fr\/","name":"Eralux","description":"World leader for Energy Saving LED Solutions","publisher":{"@id":"https:\/\/eralux.com\/fr\/#organization"},"alternateName":"Led manufacturer Canada","potentialAction":[{"@type":"SearchAction","target":{"@type":"EntryPoint","urlTemplate":"https:\/\/eralux.com\/fr\/?s={search_term_string}"},"query-input":{"@type":"PropertyValueSpecification","valueRequired":true,"valueName":"search_term_string"}}],"inLanguage":"fr-FR"},{"@type":"Organization","@id":"https:\/\/eralux.com\/fr\/#organization","name":"Eralux","url":"https:\/\/eralux.com\/fr\/","logo":{"@type":"ImageObject","inLanguage":"fr-FR","@id":"https:\/\/eralux.com\/fr\/#\/schema\/logo\/image\/","url":"https:\/\/eralux.com\/wp-content\/uploads\/2024\/01\/eralux-logo-trademark-R.png","contentUrl":"https:\/\/eralux.com\/wp-content\/uploads\/2024\/01\/eralux-logo-trademark-R.png","width":1000,"height":446,"caption":"Eralux"},"image":{"@id":"https:\/\/eralux.com\/fr\/#\/schema\/logo\/image\/"},"sameAs":["https:\/\/www.facebook.com\/aeralux.corp","https:\/\/x.com\/eralux_inc"],"description":"Save on energy with high-performance LED solutions. Choose Eralux for eco-friendly lighting. Explore our range today!"}]},"product_price_amount":"0.00","product_price_currency":"CAD","og_availability":"instock","product_availability":"instock","product_condition":"new"},"_links":{"self":[{"href":"https:\/\/eralux.com\/fr\/wp-json\/wp\/v2\/product\/17973","targetHints":{"allow":["GET"]}}],"collection":[{"href":"https:\/\/eralux.com\/fr\/wp-json\/wp\/v2\/product"}],"about":[{"href":"https:\/\/eralux.com\/fr\/wp-json\/wp\/v2\/types\/product"}],"replies":[{"embeddable":true,"href":"https:\/\/eralux.com\/fr\/wp-json\/wp\/v2\/comments?post=17973"}],"wp:featuredmedia":[{"embeddable":true,"href":"https:\/\/eralux.com\/fr\/wp-json\/wp\/v2\/media\/17985"}],"wp:attachment":[{"href":"https:\/\/eralux.com\/fr\/wp-json\/wp\/v2\/media?parent=17973"}],"wp:term":[{"taxonomy":"product_brand","embeddable":true,"href":"https:\/\/eralux.com\/fr\/wp-json\/wp\/v2\/product_brand?post=17973"},{"taxonomy":"product_cat","embeddable":true,"href":"https:\/\/eralux.com\/fr\/wp-json\/wp\/v2\/product_cat?post=17973"},{"taxonomy":"product_tag","embeddable":true,"href":"https:\/\/eralux.com\/fr\/wp-json\/wp\/v2\/product_tag?post=17973"}],"curies":[{"name":"wp","href":"https:\/\/api.w.org\/{rel}","templated":true}]}}