{"id":18143,"date":"2025-04-14T20:54:29","date_gmt":"2025-04-14T20:54:29","guid":{"rendered":"https:\/\/eralux.com\/product\/loki-2\/"},"modified":"2025-12-20T01:22:46","modified_gmt":"2025-12-20T01:22:46","slug":"loki-2","status":"publish","type":"product","link":"https:\/\/eralux.com\/fr\/produit\/loki-2\/","title":{"rendered":"LOKI 2"},"content":{"rendered":"<p>Le LOKI 2 vient compl\u00e9ter la gamme Loki. Ce lampadaire am\u00e9liore \u00e0 la fois la s\u00e9curit\u00e9 et l&#8217;attrait esth\u00e9tique des espaces ext\u00e9rieurs tels que les jardins, les parkings et les parcs. Sa conception \u00e0 trois bras ajoute de la stabilit\u00e9 et du style visuel. Con\u00e7u pour un \u00e9clairage ext\u00e9rieur efficace, le LOKI 2 offre jusqu&#8217;\u00e0 134 lm\/W avec une temp\u00e9rature de couleur et une puissance r\u00e9glables, et permet une maintenance sans outil pour des applications polyvalentes.<br \/>\nApplications : Paysages | Parking | Parc | All\u00e9e | Jardin<\/p>\n","protected":false},"excerpt":{"rendered":"<p>Lampadaire d&#8217;ext\u00e9rieur \u00e0 LED<\/p>\n","protected":false},"featured_media":18119,"comment_status":"open","ping_status":"closed","template":"","meta":{"inline_featured_image":false},"product_brand":[],"product_cat":[2418],"product_tag":[],"class_list":{"0":"post-18143","1":"product","2":"type-product","3":"status-publish","4":"has-post-thumbnail","6":"spec_sheets-ms-fr-5","7":"spec_sheets-p-fr-5","8":"spec_sheets-8tcp-fr","9":"spec_sheets-fr-fr","10":"spec_sheets-d-fr","11":"spec_sheets-t2-fr","12":"spec_sheets-cct-cri-fr","13":"spec_sheets-t3-fr","14":"spec_sheets-wh-fr-2","15":"spec_sheets-bk-fr-2","16":"spec_sheets-t5-fr","17":"spec_sheets-sv-fr-2","18":"spec_sheets-distribution-fr","19":"spec_sheets-controles","20":"spec_sheets-finition","21":"spec_sheets-lentille","22":"spec_sheets-puissance","23":"spec_sheets-100-fr-2","24":"product_applications-parking","25":"product_applications-paysage","26":"product_applications-architecture","27":"product_segments-lampadaire-sur-poteau","28":"product_segments-exterieur","29":"product_cat-od-lk-ca-fr","31":"first","32":"instock","33":"shipping-taxable","34":"purchasable","35":"product-type-simple"},"yoast_head":"<!-- This site is optimized with the Yoast SEO Premium plugin v24.2 (Yoast SEO v27.4) - https:\/\/yoast.com\/product\/yoast-seo-premium-wordpress\/ -->\n<title>LOKI 2 - Eralux<\/title>\n<meta name=\"description\" content=\"Le LOKI 2 vient compl\u00e9ter la gamme Loki. Ce lampadaire am\u00e9liore \u00e0 la fois la s\u00e9curit\u00e9 et l&#039;attrait esth\u00e9tique des espaces ext\u00e9rieurs tels que les jardins, les parkings et les parcs. Sa conception \u00e0 trois bras ajoute de la stabilit\u00e9 et du style visuel. Con\u00e7u pour un \u00e9clairage ext\u00e9rieur efficace, le LOKI 2 offre jusqu&#039;\u00e0 134 lm\/W avec une temp\u00e9rature de couleur et une puissance r\u00e9glables, et permet une maintenance sans outil pour des applications polyvalentes.\" \/>\n<meta name=\"robots\" content=\"index, follow, max-snippet:-1, max-image-preview:large, max-video-preview:-1\" \/>\n<link rel=\"canonical\" href=\"https:\/\/eralux.com\/fr\/produit\/loki-2\/\" \/>\n<meta property=\"og:locale\" content=\"fr_FR\" \/>\n<meta property=\"og:type\" content=\"article\" \/>\n<meta property=\"og:title\" content=\"LOKI 2\" \/>\n<meta property=\"og:description\" content=\"Le LOKI 2 vient compl\u00e9ter la gamme Loki. Ce lampadaire am\u00e9liore \u00e0 la fois la s\u00e9curit\u00e9 et l&#039;attrait esth\u00e9tique des espaces ext\u00e9rieurs tels que les jardins, les parkings et les parcs. Sa conception \u00e0 trois bras ajoute de la stabilit\u00e9 et du style visuel. Con\u00e7u pour un \u00e9clairage ext\u00e9rieur efficace, le LOKI 2 offre jusqu&#039;\u00e0 134 lm\/W avec une temp\u00e9rature de couleur et une puissance r\u00e9glables, et permet une maintenance sans outil pour des applications polyvalentes.\" \/>\n<meta property=\"og:url\" content=\"https:\/\/eralux.com\/fr\/produit\/loki-2\/\" \/>\n<meta property=\"og:site_name\" content=\"Eralux\" \/>\n<meta property=\"article:publisher\" content=\"https:\/\/www.facebook.com\/aeralux.corp\" \/>\n<meta property=\"article:modified_time\" content=\"2025-12-20T01:22:46+00:00\" \/>\n<meta property=\"og:image\" content=\"https:\/\/eralux.com\/wp-content\/uploads\/2025\/04\/ALP03-BK-3.png\" \/>\n\t<meta property=\"og:image:width\" content=\"1000\" \/>\n\t<meta property=\"og:image:height\" content=\"1000\" \/>\n\t<meta property=\"og:image:type\" content=\"image\/png\" \/>\n<meta name=\"twitter:card\" content=\"summary_large_image\" \/>\n<meta name=\"twitter:site\" content=\"@eralux_inc\" \/>\n<meta name=\"twitter:label1\" content=\"Prix\" \/>\n\t<meta name=\"twitter:data1\" content=\"&#036;0.00\" \/>\n\t<meta name=\"twitter:label2\" content=\"Disponibilit\u00e9\" \/>\n\t<meta name=\"twitter:data2\" content=\"En stock\" \/>\n<script type=\"application\/ld+json\" class=\"yoast-schema-graph\">{\"@context\":\"https:\\\/\\\/schema.org\",\"@graph\":[{\"@type\":\"WebPage\",\"@id\":\"https:\\\/\\\/eralux.com\\\/fr\\\/produit\\\/loki-2\\\/\",\"url\":\"https:\\\/\\\/eralux.com\\\/fr\\\/produit\\\/loki-2\\\/\",\"name\":\"LOKI 2 - Eralux\",\"isPartOf\":{\"@id\":\"https:\\\/\\\/eralux.com\\\/fr\\\/#website\"},\"primaryImageOfPage\":{\"@id\":\"https:\\\/\\\/eralux.com\\\/fr\\\/produit\\\/loki-2\\\/#primaryimage\"},\"image\":{\"@id\":\"https:\\\/\\\/eralux.com\\\/fr\\\/produit\\\/loki-2\\\/#primaryimage\"},\"thumbnailUrl\":\"https:\\\/\\\/eralux.com\\\/wp-content\\\/uploads\\\/2025\\\/04\\\/ALP03-BK-3.png\",\"datePublished\":\"2025-04-14T20:54:29+00:00\",\"dateModified\":\"2025-12-20T01:22:46+00:00\",\"description\":\"Le LOKI 2 vient compl\u00e9ter la gamme Loki. Ce lampadaire am\u00e9liore \u00e0 la fois la s\u00e9curit\u00e9 et l'attrait esth\u00e9tique des espaces ext\u00e9rieurs tels que les jardins, les parkings et les parcs. Sa conception \u00e0 trois bras ajoute de la stabilit\u00e9 et du style visuel. Con\u00e7u pour un \u00e9clairage ext\u00e9rieur efficace, le LOKI 2 offre jusqu'\u00e0 134 lm\\\/W avec une temp\u00e9rature de couleur et une puissance r\u00e9glables, et permet une maintenance sans outil pour des applications polyvalentes.\",\"breadcrumb\":{\"@id\":\"https:\\\/\\\/eralux.com\\\/fr\\\/produit\\\/loki-2\\\/#breadcrumb\"},\"inLanguage\":\"fr-FR\",\"potentialAction\":[{\"@type\":\"ReadAction\",\"target\":[\"https:\\\/\\\/eralux.com\\\/fr\\\/produit\\\/loki-2\\\/\"]}]},{\"@type\":\"ImageObject\",\"inLanguage\":\"fr-FR\",\"@id\":\"https:\\\/\\\/eralux.com\\\/fr\\\/produit\\\/loki-2\\\/#primaryimage\",\"url\":\"https:\\\/\\\/eralux.com\\\/wp-content\\\/uploads\\\/2025\\\/04\\\/ALP03-BK-3.png\",\"contentUrl\":\"https:\\\/\\\/eralux.com\\\/wp-content\\\/uploads\\\/2025\\\/04\\\/ALP03-BK-3.png\",\"width\":1000,\"height\":1000},{\"@type\":\"BreadcrumbList\",\"@id\":\"https:\\\/\\\/eralux.com\\\/fr\\\/produit\\\/loki-2\\\/#breadcrumb\",\"itemListElement\":[{\"@type\":\"ListItem\",\"position\":1,\"name\":\"Home\",\"item\":\"https:\\\/\\\/eralux.com\\\/fr\\\/\"},{\"@type\":\"ListItem\",\"position\":2,\"name\":\"Shop\",\"item\":\"https:\\\/\\\/eralux.com\\\/shop\\\/\"},{\"@type\":\"ListItem\",\"position\":3,\"name\":\"LOKI 2\"}]},{\"@type\":\"WebSite\",\"@id\":\"https:\\\/\\\/eralux.com\\\/fr\\\/#website\",\"url\":\"https:\\\/\\\/eralux.com\\\/fr\\\/\",\"name\":\"Eralux\",\"description\":\"World leader for Energy Saving LED Solutions\",\"publisher\":{\"@id\":\"https:\\\/\\\/eralux.com\\\/fr\\\/#organization\"},\"alternateName\":\"Led manufacturer Canada\",\"potentialAction\":[{\"@type\":\"SearchAction\",\"target\":{\"@type\":\"EntryPoint\",\"urlTemplate\":\"https:\\\/\\\/eralux.com\\\/fr\\\/?s={search_term_string}\"},\"query-input\":{\"@type\":\"PropertyValueSpecification\",\"valueRequired\":true,\"valueName\":\"search_term_string\"}}],\"inLanguage\":\"fr-FR\"},{\"@type\":\"Organization\",\"@id\":\"https:\\\/\\\/eralux.com\\\/fr\\\/#organization\",\"name\":\"Eralux\",\"url\":\"https:\\\/\\\/eralux.com\\\/fr\\\/\",\"logo\":{\"@type\":\"ImageObject\",\"inLanguage\":\"fr-FR\",\"@id\":\"https:\\\/\\\/eralux.com\\\/fr\\\/#\\\/schema\\\/logo\\\/image\\\/\",\"url\":\"https:\\\/\\\/eralux.com\\\/wp-content\\\/uploads\\\/2024\\\/01\\\/eralux-logo-trademark-R.png\",\"contentUrl\":\"https:\\\/\\\/eralux.com\\\/wp-content\\\/uploads\\\/2024\\\/01\\\/eralux-logo-trademark-R.png\",\"width\":1000,\"height\":446,\"caption\":\"Eralux\"},\"image\":{\"@id\":\"https:\\\/\\\/eralux.com\\\/fr\\\/#\\\/schema\\\/logo\\\/image\\\/\"},\"sameAs\":[\"https:\\\/\\\/www.facebook.com\\\/aeralux.corp\",\"https:\\\/\\\/x.com\\\/eralux_inc\"],\"description\":\"Save on energy with high-performance LED solutions. Choose Eralux for eco-friendly lighting. Explore our range today!\"}]}<\/script>\n<meta property=\"product:price:amount\" content=\"0.00\" \/>\n<meta property=\"product:price:currency\" content=\"CAD\" \/>\n<meta property=\"og:availability\" content=\"instock\" \/>\n<meta property=\"product:availability\" content=\"instock\" \/>\n<meta property=\"product:condition\" content=\"new\" \/>\n<!-- \/ Yoast SEO Premium plugin. -->","yoast_head_json":{"title":"LOKI 2 - Eralux","description":"Le LOKI 2 vient compl\u00e9ter la gamme Loki. Ce lampadaire am\u00e9liore \u00e0 la fois la s\u00e9curit\u00e9 et l'attrait esth\u00e9tique des espaces ext\u00e9rieurs tels que les jardins, les parkings et les parcs. Sa conception \u00e0 trois bras ajoute de la stabilit\u00e9 et du style visuel. Con\u00e7u pour un \u00e9clairage ext\u00e9rieur efficace, le LOKI 2 offre jusqu'\u00e0 134 lm\/W avec une temp\u00e9rature de couleur et une puissance r\u00e9glables, et permet une maintenance sans outil pour des applications polyvalentes.","robots":{"index":"index","follow":"follow","max-snippet":"max-snippet:-1","max-image-preview":"max-image-preview:large","max-video-preview":"max-video-preview:-1"},"canonical":"https:\/\/eralux.com\/fr\/produit\/loki-2\/","og_locale":"fr_FR","og_type":"article","og_title":"LOKI 2","og_description":"Le LOKI 2 vient compl\u00e9ter la gamme Loki. Ce lampadaire am\u00e9liore \u00e0 la fois la s\u00e9curit\u00e9 et l'attrait esth\u00e9tique des espaces ext\u00e9rieurs tels que les jardins, les parkings et les parcs. Sa conception \u00e0 trois bras ajoute de la stabilit\u00e9 et du style visuel. Con\u00e7u pour un \u00e9clairage ext\u00e9rieur efficace, le LOKI 2 offre jusqu'\u00e0 134 lm\/W avec une temp\u00e9rature de couleur et une puissance r\u00e9glables, et permet une maintenance sans outil pour des applications polyvalentes.","og_url":"https:\/\/eralux.com\/fr\/produit\/loki-2\/","og_site_name":"Eralux","article_publisher":"https:\/\/www.facebook.com\/aeralux.corp","article_modified_time":"2025-12-20T01:22:46+00:00","og_image":[{"width":1000,"height":1000,"url":"https:\/\/eralux.com\/wp-content\/uploads\/2025\/04\/ALP03-BK-3.png","type":"image\/png"}],"twitter_card":"summary_large_image","twitter_site":"@eralux_inc","twitter_misc":{"Prix":"&#36;0.00","Disponibilit\u00e9":"En stock"},"schema":{"@context":"https:\/\/schema.org","@graph":[{"@type":"WebPage","@id":"https:\/\/eralux.com\/fr\/produit\/loki-2\/","url":"https:\/\/eralux.com\/fr\/produit\/loki-2\/","name":"LOKI 2 - Eralux","isPartOf":{"@id":"https:\/\/eralux.com\/fr\/#website"},"primaryImageOfPage":{"@id":"https:\/\/eralux.com\/fr\/produit\/loki-2\/#primaryimage"},"image":{"@id":"https:\/\/eralux.com\/fr\/produit\/loki-2\/#primaryimage"},"thumbnailUrl":"https:\/\/eralux.com\/wp-content\/uploads\/2025\/04\/ALP03-BK-3.png","datePublished":"2025-04-14T20:54:29+00:00","dateModified":"2025-12-20T01:22:46+00:00","description":"Le LOKI 2 vient compl\u00e9ter la gamme Loki. Ce lampadaire am\u00e9liore \u00e0 la fois la s\u00e9curit\u00e9 et l'attrait esth\u00e9tique des espaces ext\u00e9rieurs tels que les jardins, les parkings et les parcs. Sa conception \u00e0 trois bras ajoute de la stabilit\u00e9 et du style visuel. Con\u00e7u pour un \u00e9clairage ext\u00e9rieur efficace, le LOKI 2 offre jusqu'\u00e0 134 lm\/W avec une temp\u00e9rature de couleur et une puissance r\u00e9glables, et permet une maintenance sans outil pour des applications polyvalentes.","breadcrumb":{"@id":"https:\/\/eralux.com\/fr\/produit\/loki-2\/#breadcrumb"},"inLanguage":"fr-FR","potentialAction":[{"@type":"ReadAction","target":["https:\/\/eralux.com\/fr\/produit\/loki-2\/"]}]},{"@type":"ImageObject","inLanguage":"fr-FR","@id":"https:\/\/eralux.com\/fr\/produit\/loki-2\/#primaryimage","url":"https:\/\/eralux.com\/wp-content\/uploads\/2025\/04\/ALP03-BK-3.png","contentUrl":"https:\/\/eralux.com\/wp-content\/uploads\/2025\/04\/ALP03-BK-3.png","width":1000,"height":1000},{"@type":"BreadcrumbList","@id":"https:\/\/eralux.com\/fr\/produit\/loki-2\/#breadcrumb","itemListElement":[{"@type":"ListItem","position":1,"name":"Home","item":"https:\/\/eralux.com\/fr\/"},{"@type":"ListItem","position":2,"name":"Shop","item":"https:\/\/eralux.com\/shop\/"},{"@type":"ListItem","position":3,"name":"LOKI 2"}]},{"@type":"WebSite","@id":"https:\/\/eralux.com\/fr\/#website","url":"https:\/\/eralux.com\/fr\/","name":"Eralux","description":"World leader for Energy Saving LED Solutions","publisher":{"@id":"https:\/\/eralux.com\/fr\/#organization"},"alternateName":"Led manufacturer Canada","potentialAction":[{"@type":"SearchAction","target":{"@type":"EntryPoint","urlTemplate":"https:\/\/eralux.com\/fr\/?s={search_term_string}"},"query-input":{"@type":"PropertyValueSpecification","valueRequired":true,"valueName":"search_term_string"}}],"inLanguage":"fr-FR"},{"@type":"Organization","@id":"https:\/\/eralux.com\/fr\/#organization","name":"Eralux","url":"https:\/\/eralux.com\/fr\/","logo":{"@type":"ImageObject","inLanguage":"fr-FR","@id":"https:\/\/eralux.com\/fr\/#\/schema\/logo\/image\/","url":"https:\/\/eralux.com\/wp-content\/uploads\/2024\/01\/eralux-logo-trademark-R.png","contentUrl":"https:\/\/eralux.com\/wp-content\/uploads\/2024\/01\/eralux-logo-trademark-R.png","width":1000,"height":446,"caption":"Eralux"},"image":{"@id":"https:\/\/eralux.com\/fr\/#\/schema\/logo\/image\/"},"sameAs":["https:\/\/www.facebook.com\/aeralux.corp","https:\/\/x.com\/eralux_inc"],"description":"Save on energy with high-performance LED solutions. Choose Eralux for eco-friendly lighting. Explore our range today!"}]},"product_price_amount":"0.00","product_price_currency":"CAD","og_availability":"instock","product_availability":"instock","product_condition":"new"},"_links":{"self":[{"href":"https:\/\/eralux.com\/fr\/wp-json\/wp\/v2\/product\/18143","targetHints":{"allow":["GET"]}}],"collection":[{"href":"https:\/\/eralux.com\/fr\/wp-json\/wp\/v2\/product"}],"about":[{"href":"https:\/\/eralux.com\/fr\/wp-json\/wp\/v2\/types\/product"}],"replies":[{"embeddable":true,"href":"https:\/\/eralux.com\/fr\/wp-json\/wp\/v2\/comments?post=18143"}],"wp:featuredmedia":[{"embeddable":true,"href":"https:\/\/eralux.com\/fr\/wp-json\/wp\/v2\/media\/18119"}],"wp:attachment":[{"href":"https:\/\/eralux.com\/fr\/wp-json\/wp\/v2\/media?parent=18143"}],"wp:term":[{"taxonomy":"product_brand","embeddable":true,"href":"https:\/\/eralux.com\/fr\/wp-json\/wp\/v2\/product_brand?post=18143"},{"taxonomy":"product_cat","embeddable":true,"href":"https:\/\/eralux.com\/fr\/wp-json\/wp\/v2\/product_cat?post=18143"},{"taxonomy":"product_tag","embeddable":true,"href":"https:\/\/eralux.com\/fr\/wp-json\/wp\/v2\/product_tag?post=18143"}],"curies":[{"name":"wp","href":"https:\/\/api.w.org\/{rel}","templated":true}]}}