{"id":1856,"date":"2023-11-05T02:18:44","date_gmt":"2023-11-05T02:18:44","guid":{"rendered":"https:\/\/eralux.digitalmarketsolution.com\/product\/lineaire-g5\/"},"modified":"2025-12-10T17:18:56","modified_gmt":"2025-12-10T17:18:56","slug":"g5","status":"publish","type":"product","link":"https:\/\/eralux.com\/fr\/produit\/g5\/","title":{"rendered":"G5"},"content":{"rendered":"<p>Le G5 est un luminaire architectural lin\u00e9aire \u00e0 LED, con\u00e7u pour fournir un \u00e9clairage direct pour une ambiance homog\u00e8ne. Il offre une s\u00e9lection d&#8217;options de diffuseurs, y compris des lentilles paraboliques, des lentilles de chute et des lentilles murales. Nos luminaires lin\u00e9aires permettent de r\u00e9aliser des parcours continus, cr\u00e9ant ainsi une conception d&#8217;\u00e9clairage unifi\u00e9e qui am\u00e9liore l&#8217;esth\u00e9tique de n&#8217;importe quel environnement. Des conceptions personnalis\u00e9es sont possibles ; formes X-T-L et en Hexagone.<\/p>\n<p>&nbsp;<\/p>\n","protected":false},"excerpt":{"rendered":"<p>Lin\u00e9aire architectural suspendu<\/p>\n","protected":false},"featured_media":4946,"comment_status":"open","ping_status":"closed","template":"","meta":{"inline_featured_image":false},"product_brand":[],"product_cat":[282],"product_tag":[],"class_list":{"0":"post-1856","1":"product","2":"type-product","3":"status-publish","4":"has-post-thumbnail","6":"spec_sheets-pu-fr","7":"spec_sheets-pu-c-fr","8":"spec_sheets-ca-fr-4","9":"spec_sheets-ph-fr","10":"spec_sheets-ph-c-fr","11":"spec_sheets-2-fr","12":"spec_sheets-3-fr","13":"spec_sheets-4-fr","14":"spec_sheets-wh-gb-fr","15":"spec_sheets-5-fr","16":"spec_sheets-bk-gb-fr","17":"spec_sheets-6-fr","18":"spec_sheets-sv-gb-fr","19":"spec_sheets-8-fr","20":"spec_sheets-010-fr","21":"spec_sheets-option-fr","22":"spec_sheets-accessoires","23":"spec_sheets-cct-fr","24":"spec_sheets-controles","25":"spec_sheets-finition","26":"spec_sheets-longueur","27":"spec_sheets-puissance","28":"spec_sheets-30-35-40-fr","29":"spec_sheets-30-40-50-fr","30":"spec_sheets-tension","31":"spec_sheets-20-fr","32":"spec_sheets-30-fr-2","33":"spec_sheets-40-fr-3","34":"spec_sheets-50-fr-2","35":"spec_sheets-80-fr","36":"product_segments-lineaire-architectural","37":"product_segments-produits-lineaires","38":"product_cat-ae-sf-g5-fr","40":"first","41":"instock","42":"shipping-taxable","43":"purchasable","44":"product-type-simple"},"yoast_head":"<!-- This site is optimized with the Yoast SEO Premium plugin v24.2 (Yoast SEO v27.4) - https:\/\/yoast.com\/product\/yoast-seo-premium-wordpress\/ -->\n<title>G5 - Eralux<\/title>\n<meta name=\"description\" content=\"Le G5 est la prochaine \u00e9volution de l&#039;\u00e9clairage architectural lin\u00e9aire. La s\u00e9rie G5 offre une installation simple et une transition transparente d&#039;un luminaire \u00e0 l&#039;autre. Ce luminaire a un look moderne et est disponible dans des finitions uniques personnalisables. Le G5 apporte l&#039;\u00e9l\u00e9gance qui am\u00e9liorera l&#039;environnement lumineux et imposera un design distingu\u00e9 \u00e0 l&#039;ensemble de l&#039;espace.\" \/>\n<meta name=\"robots\" content=\"index, follow, max-snippet:-1, max-image-preview:large, max-video-preview:-1\" \/>\n<link rel=\"canonical\" href=\"https:\/\/eralux.com\/fr\/produit\/g5\/\" \/>\n<meta property=\"og:locale\" content=\"fr_FR\" \/>\n<meta property=\"og:type\" content=\"article\" \/>\n<meta property=\"og:title\" content=\"G5\" \/>\n<meta property=\"og:description\" content=\"Le G5 est la prochaine \u00e9volution de l&#039;\u00e9clairage architectural lin\u00e9aire. La s\u00e9rie G5 offre une installation simple et une transition transparente d&#039;un luminaire \u00e0 l&#039;autre. Ce luminaire a un look moderne et est disponible dans des finitions uniques personnalisables. Le G5 apporte l&#039;\u00e9l\u00e9gance qui am\u00e9liorera l&#039;environnement lumineux et imposera un design distingu\u00e9 \u00e0 l&#039;ensemble de l&#039;espace.\" \/>\n<meta property=\"og:url\" content=\"https:\/\/eralux.com\/fr\/produit\/g5\/\" \/>\n<meta property=\"og:site_name\" content=\"Eralux\" \/>\n<meta property=\"article:publisher\" content=\"https:\/\/www.facebook.com\/aeralux.corp\" \/>\n<meta property=\"article:modified_time\" content=\"2025-12-10T17:18:56+00:00\" \/>\n<meta property=\"og:image\" content=\"https:\/\/eralux.com\/wp-content\/uploads\/2024\/01\/SPT.png\" \/>\n\t<meta property=\"og:image:width\" content=\"1000\" \/>\n\t<meta property=\"og:image:height\" content=\"1000\" \/>\n\t<meta property=\"og:image:type\" content=\"image\/png\" \/>\n<meta name=\"twitter:card\" content=\"summary_large_image\" \/>\n<meta name=\"twitter:site\" content=\"@eralux_inc\" \/>\n<meta name=\"twitter:label1\" content=\"Prix\" \/>\n\t<meta name=\"twitter:data1\" content=\"&#036;0.00\" \/>\n\t<meta name=\"twitter:label2\" content=\"Disponibilit\u00e9\" \/>\n\t<meta name=\"twitter:data2\" content=\"En stock\" \/>\n<script type=\"application\/ld+json\" class=\"yoast-schema-graph\">{\"@context\":\"https:\\\/\\\/schema.org\",\"@graph\":[{\"@type\":\"WebPage\",\"@id\":\"https:\\\/\\\/eralux.com\\\/fr\\\/produit\\\/g5\\\/\",\"url\":\"https:\\\/\\\/eralux.com\\\/fr\\\/produit\\\/g5\\\/\",\"name\":\"G5 - Eralux\",\"isPartOf\":{\"@id\":\"https:\\\/\\\/eralux.com\\\/fr\\\/#website\"},\"primaryImageOfPage\":{\"@id\":\"https:\\\/\\\/eralux.com\\\/fr\\\/produit\\\/g5\\\/#primaryimage\"},\"image\":{\"@id\":\"https:\\\/\\\/eralux.com\\\/fr\\\/produit\\\/g5\\\/#primaryimage\"},\"thumbnailUrl\":\"https:\\\/\\\/eralux.com\\\/wp-content\\\/uploads\\\/2024\\\/01\\\/SPT.png\",\"datePublished\":\"2023-11-05T02:18:44+00:00\",\"dateModified\":\"2025-12-10T17:18:56+00:00\",\"description\":\"Le G5 est la prochaine \u00e9volution de l'\u00e9clairage architectural lin\u00e9aire. La s\u00e9rie G5 offre une installation simple et une transition transparente d'un luminaire \u00e0 l'autre. Ce luminaire a un look moderne et est disponible dans des finitions uniques personnalisables. Le G5 apporte l'\u00e9l\u00e9gance qui am\u00e9liorera l'environnement lumineux et imposera un design distingu\u00e9 \u00e0 l'ensemble de l'espace.\",\"breadcrumb\":{\"@id\":\"https:\\\/\\\/eralux.com\\\/fr\\\/produit\\\/g5\\\/#breadcrumb\"},\"inLanguage\":\"fr-FR\",\"potentialAction\":[{\"@type\":\"ReadAction\",\"target\":[\"https:\\\/\\\/eralux.com\\\/fr\\\/produit\\\/g5\\\/\"]}]},{\"@type\":\"ImageObject\",\"inLanguage\":\"fr-FR\",\"@id\":\"https:\\\/\\\/eralux.com\\\/fr\\\/produit\\\/g5\\\/#primaryimage\",\"url\":\"https:\\\/\\\/eralux.com\\\/wp-content\\\/uploads\\\/2024\\\/01\\\/SPT.png\",\"contentUrl\":\"https:\\\/\\\/eralux.com\\\/wp-content\\\/uploads\\\/2024\\\/01\\\/SPT.png\",\"width\":1000,\"height\":1000},{\"@type\":\"BreadcrumbList\",\"@id\":\"https:\\\/\\\/eralux.com\\\/fr\\\/produit\\\/g5\\\/#breadcrumb\",\"itemListElement\":[{\"@type\":\"ListItem\",\"position\":1,\"name\":\"Home\",\"item\":\"https:\\\/\\\/eralux.com\\\/fr\\\/\"},{\"@type\":\"ListItem\",\"position\":2,\"name\":\"Shop\",\"item\":\"https:\\\/\\\/eralux.com\\\/shop\\\/\"},{\"@type\":\"ListItem\",\"position\":3,\"name\":\"G5\"}]},{\"@type\":\"WebSite\",\"@id\":\"https:\\\/\\\/eralux.com\\\/fr\\\/#website\",\"url\":\"https:\\\/\\\/eralux.com\\\/fr\\\/\",\"name\":\"Eralux\",\"description\":\"World leader for Energy Saving LED Solutions\",\"publisher\":{\"@id\":\"https:\\\/\\\/eralux.com\\\/fr\\\/#organization\"},\"alternateName\":\"Led manufacturer Canada\",\"potentialAction\":[{\"@type\":\"SearchAction\",\"target\":{\"@type\":\"EntryPoint\",\"urlTemplate\":\"https:\\\/\\\/eralux.com\\\/fr\\\/?s={search_term_string}\"},\"query-input\":{\"@type\":\"PropertyValueSpecification\",\"valueRequired\":true,\"valueName\":\"search_term_string\"}}],\"inLanguage\":\"fr-FR\"},{\"@type\":\"Organization\",\"@id\":\"https:\\\/\\\/eralux.com\\\/fr\\\/#organization\",\"name\":\"Eralux\",\"url\":\"https:\\\/\\\/eralux.com\\\/fr\\\/\",\"logo\":{\"@type\":\"ImageObject\",\"inLanguage\":\"fr-FR\",\"@id\":\"https:\\\/\\\/eralux.com\\\/fr\\\/#\\\/schema\\\/logo\\\/image\\\/\",\"url\":\"https:\\\/\\\/eralux.com\\\/wp-content\\\/uploads\\\/2024\\\/01\\\/eralux-logo-trademark-R.png\",\"contentUrl\":\"https:\\\/\\\/eralux.com\\\/wp-content\\\/uploads\\\/2024\\\/01\\\/eralux-logo-trademark-R.png\",\"width\":1000,\"height\":446,\"caption\":\"Eralux\"},\"image\":{\"@id\":\"https:\\\/\\\/eralux.com\\\/fr\\\/#\\\/schema\\\/logo\\\/image\\\/\"},\"sameAs\":[\"https:\\\/\\\/www.facebook.com\\\/aeralux.corp\",\"https:\\\/\\\/x.com\\\/eralux_inc\"],\"description\":\"Save on energy with high-performance LED solutions. Choose Eralux for eco-friendly lighting. Explore our range today!\"}]}<\/script>\n<meta property=\"product:price:amount\" content=\"0.00\" \/>\n<meta property=\"product:price:currency\" content=\"CAD\" \/>\n<meta property=\"og:availability\" content=\"instock\" \/>\n<meta property=\"product:availability\" content=\"instock\" \/>\n<meta property=\"product:condition\" content=\"new\" \/>\n<!-- \/ Yoast SEO Premium plugin. -->","yoast_head_json":{"title":"G5 - Eralux","description":"Le G5 est la prochaine \u00e9volution de l'\u00e9clairage architectural lin\u00e9aire. La s\u00e9rie G5 offre une installation simple et une transition transparente d'un luminaire \u00e0 l'autre. Ce luminaire a un look moderne et est disponible dans des finitions uniques personnalisables. Le G5 apporte l'\u00e9l\u00e9gance qui am\u00e9liorera l'environnement lumineux et imposera un design distingu\u00e9 \u00e0 l'ensemble de l'espace.","robots":{"index":"index","follow":"follow","max-snippet":"max-snippet:-1","max-image-preview":"max-image-preview:large","max-video-preview":"max-video-preview:-1"},"canonical":"https:\/\/eralux.com\/fr\/produit\/g5\/","og_locale":"fr_FR","og_type":"article","og_title":"G5","og_description":"Le G5 est la prochaine \u00e9volution de l'\u00e9clairage architectural lin\u00e9aire. La s\u00e9rie G5 offre une installation simple et une transition transparente d'un luminaire \u00e0 l'autre. Ce luminaire a un look moderne et est disponible dans des finitions uniques personnalisables. Le G5 apporte l'\u00e9l\u00e9gance qui am\u00e9liorera l'environnement lumineux et imposera un design distingu\u00e9 \u00e0 l'ensemble de l'espace.","og_url":"https:\/\/eralux.com\/fr\/produit\/g5\/","og_site_name":"Eralux","article_publisher":"https:\/\/www.facebook.com\/aeralux.corp","article_modified_time":"2025-12-10T17:18:56+00:00","og_image":[{"width":1000,"height":1000,"url":"https:\/\/eralux.com\/wp-content\/uploads\/2024\/01\/SPT.png","type":"image\/png"}],"twitter_card":"summary_large_image","twitter_site":"@eralux_inc","twitter_misc":{"Prix":"&#36;0.00","Disponibilit\u00e9":"En stock"},"schema":{"@context":"https:\/\/schema.org","@graph":[{"@type":"WebPage","@id":"https:\/\/eralux.com\/fr\/produit\/g5\/","url":"https:\/\/eralux.com\/fr\/produit\/g5\/","name":"G5 - Eralux","isPartOf":{"@id":"https:\/\/eralux.com\/fr\/#website"},"primaryImageOfPage":{"@id":"https:\/\/eralux.com\/fr\/produit\/g5\/#primaryimage"},"image":{"@id":"https:\/\/eralux.com\/fr\/produit\/g5\/#primaryimage"},"thumbnailUrl":"https:\/\/eralux.com\/wp-content\/uploads\/2024\/01\/SPT.png","datePublished":"2023-11-05T02:18:44+00:00","dateModified":"2025-12-10T17:18:56+00:00","description":"Le G5 est la prochaine \u00e9volution de l'\u00e9clairage architectural lin\u00e9aire. La s\u00e9rie G5 offre une installation simple et une transition transparente d'un luminaire \u00e0 l'autre. Ce luminaire a un look moderne et est disponible dans des finitions uniques personnalisables. Le G5 apporte l'\u00e9l\u00e9gance qui am\u00e9liorera l'environnement lumineux et imposera un design distingu\u00e9 \u00e0 l'ensemble de l'espace.","breadcrumb":{"@id":"https:\/\/eralux.com\/fr\/produit\/g5\/#breadcrumb"},"inLanguage":"fr-FR","potentialAction":[{"@type":"ReadAction","target":["https:\/\/eralux.com\/fr\/produit\/g5\/"]}]},{"@type":"ImageObject","inLanguage":"fr-FR","@id":"https:\/\/eralux.com\/fr\/produit\/g5\/#primaryimage","url":"https:\/\/eralux.com\/wp-content\/uploads\/2024\/01\/SPT.png","contentUrl":"https:\/\/eralux.com\/wp-content\/uploads\/2024\/01\/SPT.png","width":1000,"height":1000},{"@type":"BreadcrumbList","@id":"https:\/\/eralux.com\/fr\/produit\/g5\/#breadcrumb","itemListElement":[{"@type":"ListItem","position":1,"name":"Home","item":"https:\/\/eralux.com\/fr\/"},{"@type":"ListItem","position":2,"name":"Shop","item":"https:\/\/eralux.com\/shop\/"},{"@type":"ListItem","position":3,"name":"G5"}]},{"@type":"WebSite","@id":"https:\/\/eralux.com\/fr\/#website","url":"https:\/\/eralux.com\/fr\/","name":"Eralux","description":"World leader for Energy Saving LED Solutions","publisher":{"@id":"https:\/\/eralux.com\/fr\/#organization"},"alternateName":"Led manufacturer Canada","potentialAction":[{"@type":"SearchAction","target":{"@type":"EntryPoint","urlTemplate":"https:\/\/eralux.com\/fr\/?s={search_term_string}"},"query-input":{"@type":"PropertyValueSpecification","valueRequired":true,"valueName":"search_term_string"}}],"inLanguage":"fr-FR"},{"@type":"Organization","@id":"https:\/\/eralux.com\/fr\/#organization","name":"Eralux","url":"https:\/\/eralux.com\/fr\/","logo":{"@type":"ImageObject","inLanguage":"fr-FR","@id":"https:\/\/eralux.com\/fr\/#\/schema\/logo\/image\/","url":"https:\/\/eralux.com\/wp-content\/uploads\/2024\/01\/eralux-logo-trademark-R.png","contentUrl":"https:\/\/eralux.com\/wp-content\/uploads\/2024\/01\/eralux-logo-trademark-R.png","width":1000,"height":446,"caption":"Eralux"},"image":{"@id":"https:\/\/eralux.com\/fr\/#\/schema\/logo\/image\/"},"sameAs":["https:\/\/www.facebook.com\/aeralux.corp","https:\/\/x.com\/eralux_inc"],"description":"Save on energy with high-performance LED solutions. Choose Eralux for eco-friendly lighting. Explore our range today!"}]},"product_price_amount":"0.00","product_price_currency":"CAD","og_availability":"instock","product_availability":"instock","product_condition":"new"},"_links":{"self":[{"href":"https:\/\/eralux.com\/fr\/wp-json\/wp\/v2\/product\/1856","targetHints":{"allow":["GET"]}}],"collection":[{"href":"https:\/\/eralux.com\/fr\/wp-json\/wp\/v2\/product"}],"about":[{"href":"https:\/\/eralux.com\/fr\/wp-json\/wp\/v2\/types\/product"}],"replies":[{"embeddable":true,"href":"https:\/\/eralux.com\/fr\/wp-json\/wp\/v2\/comments?post=1856"}],"wp:featuredmedia":[{"embeddable":true,"href":"https:\/\/eralux.com\/fr\/wp-json\/wp\/v2\/media\/4946"}],"wp:attachment":[{"href":"https:\/\/eralux.com\/fr\/wp-json\/wp\/v2\/media?parent=1856"}],"wp:term":[{"taxonomy":"product_brand","embeddable":true,"href":"https:\/\/eralux.com\/fr\/wp-json\/wp\/v2\/product_brand?post=1856"},{"taxonomy":"product_cat","embeddable":true,"href":"https:\/\/eralux.com\/fr\/wp-json\/wp\/v2\/product_cat?post=1856"},{"taxonomy":"product_tag","embeddable":true,"href":"https:\/\/eralux.com\/fr\/wp-json\/wp\/v2\/product_tag?post=1856"}],"curies":[{"name":"wp","href":"https:\/\/api.w.org\/{rel}","templated":true}]}}