{"id":1857,"date":"2023-11-03T23:58:18","date_gmt":"2023-11-03T23:58:18","guid":{"rendered":"https:\/\/eralux.digitalmarketsolution.com\/product\/lineaire-falcon\/"},"modified":"2025-12-04T17:47:06","modified_gmt":"2025-12-04T17:47:06","slug":"falcon","status":"publish","type":"product","link":"https:\/\/eralux.com\/fr\/produit\/falcon\/","title":{"rendered":"FALCON"},"content":{"rendered":"<p>La s\u00e9rie Falcon est le remplacement \u00e9conomique et discret des luminaires lin\u00e9aires mont\u00e9s en surface et des luminaires encastr\u00e9s dans le pl\u00e2tre. Ils sont disponibles en longueurs de 2\/4\/8 pieds pour r\u00e9pondre \u00e0 divers objectifs de conception. De plus, ce luminaire offre une performance allant jusqu&#8217;\u00e0 130 LPW tout en montrant une grande polyvalence dans la tension de fonctionnement de 120 \u00e0 347V.<\/p>\n","protected":false},"excerpt":{"rendered":"<p>Lin\u00e9aire architectural \u00e0 montage en surface<\/p>\n","protected":false},"featured_media":6028,"comment_status":"open","ping_status":"closed","template":"","meta":{"inline_featured_image":false},"product_brand":[],"product_cat":[281],"product_tag":[],"class_list":{"0":"post-1857","1":"product","2":"type-product","3":"status-publish","4":"has-post-thumbnail","6":"spec_sheets-smt-fr","7":"spec_sheets-wh-fr","8":"spec_sheets-bk-fr","9":"spec_sheets-ca-fr","10":"spec_sheets-2-fr","11":"spec_sheets-4-fr","12":"spec_sheets-8-fr","13":"spec_sheets-010-fr","14":"spec_sheets-cct-fr","15":"spec_sheets-controles","16":"spec_sheets-finition","17":"spec_sheets-tension-dentree","18":"spec_sheets-longueur","19":"spec_sheets-montage","20":"spec_sheets-methode-de-montage","21":"spec_sheets-puissance","22":"spec_sheets-30-35-40-fr","23":"spec_sheets-30-40-50-fr","24":"spec_sheets-18w-fr","25":"spec_sheets-36w-fr","26":"spec_sheets-72w-fr","27":"product_segments-lineaire-architectural","28":"product_segments-produits-lineaires","29":"product_cat-ae-sf-fa-fr","31":"first","32":"instock","33":"shipping-taxable","34":"purchasable","35":"product-type-simple"},"yoast_head":"<!-- This site is optimized with the Yoast SEO Premium plugin v24.2 (Yoast SEO v27.5) - https:\/\/yoast.com\/product\/yoast-seo-premium-wordpress\/ -->\n<title>FALCON - Eralux<\/title>\n<meta name=\"description\" content=\"La s\u00e9rie Falcon est le remplacement \u00e9conomique et discret des luminaires lin\u00e9aires mont\u00e9s en surface et des luminaires encastr\u00e9s dans le pl\u00e2tre. Ils sont disponibles en longueurs de 2\/4\/8 pieds pour r\u00e9pondre \u00e0 divers objectifs de conception. De plus, ce luminaire offre une performance allant jusqu&#039;\u00e0 130 LPW tout en montrant une grande polyvalence dans la tension de fonctionnement de 120 \u00e0 347V.\" \/>\n<meta name=\"robots\" content=\"index, follow, max-snippet:-1, max-image-preview:large, max-video-preview:-1\" \/>\n<link rel=\"canonical\" href=\"https:\/\/eralux.com\/fr\/produit\/falcon\/\" \/>\n<meta property=\"og:locale\" content=\"fr_FR\" \/>\n<meta property=\"og:type\" content=\"article\" \/>\n<meta property=\"og:title\" content=\"FALCON\" \/>\n<meta property=\"og:description\" content=\"La s\u00e9rie Falcon est le remplacement \u00e9conomique et discret des luminaires lin\u00e9aires mont\u00e9s en surface et des luminaires encastr\u00e9s dans le pl\u00e2tre. Ils sont disponibles en longueurs de 2\/4\/8 pieds pour r\u00e9pondre \u00e0 divers objectifs de conception. De plus, ce luminaire offre une performance allant jusqu&#039;\u00e0 130 LPW tout en montrant une grande polyvalence dans la tension de fonctionnement de 120 \u00e0 347V.\" \/>\n<meta property=\"og:url\" content=\"https:\/\/eralux.com\/fr\/produit\/falcon\/\" \/>\n<meta property=\"og:site_name\" content=\"Eralux\" \/>\n<meta property=\"article:publisher\" content=\"https:\/\/www.facebook.com\/aeralux.corp\" \/>\n<meta property=\"article:modified_time\" content=\"2025-12-04T17:47:06+00:00\" \/>\n<meta property=\"og:image\" content=\"https:\/\/eralux.com\/wp-content\/uploads\/2024\/01\/Falcon-1.png\" \/>\n\t<meta property=\"og:image:width\" content=\"1000\" \/>\n\t<meta property=\"og:image:height\" content=\"1000\" \/>\n\t<meta property=\"og:image:type\" content=\"image\/png\" \/>\n<meta name=\"twitter:card\" content=\"summary_large_image\" \/>\n<meta name=\"twitter:site\" content=\"@eralux_inc\" \/>\n<meta name=\"twitter:label1\" content=\"Prix\" \/>\n\t<meta name=\"twitter:data1\" content=\"&#036;0.00\" \/>\n\t<meta name=\"twitter:label2\" content=\"Disponibilit\u00e9\" \/>\n\t<meta name=\"twitter:data2\" content=\"En stock\" \/>\n<script type=\"application\/ld+json\" class=\"yoast-schema-graph\">{\"@context\":\"https:\\\/\\\/schema.org\",\"@graph\":[{\"@type\":\"WebPage\",\"@id\":\"https:\\\/\\\/eralux.com\\\/fr\\\/produit\\\/falcon\\\/\",\"url\":\"https:\\\/\\\/eralux.com\\\/fr\\\/produit\\\/falcon\\\/\",\"name\":\"FALCON - Eralux\",\"isPartOf\":{\"@id\":\"https:\\\/\\\/eralux.com\\\/fr\\\/#website\"},\"primaryImageOfPage\":{\"@id\":\"https:\\\/\\\/eralux.com\\\/fr\\\/produit\\\/falcon\\\/#primaryimage\"},\"image\":{\"@id\":\"https:\\\/\\\/eralux.com\\\/fr\\\/produit\\\/falcon\\\/#primaryimage\"},\"thumbnailUrl\":\"https:\\\/\\\/eralux.com\\\/wp-content\\\/uploads\\\/2024\\\/01\\\/Falcon-1.png\",\"datePublished\":\"2023-11-03T23:58:18+00:00\",\"dateModified\":\"2025-12-04T17:47:06+00:00\",\"description\":\"La s\u00e9rie Falcon est le remplacement \u00e9conomique et discret des luminaires lin\u00e9aires mont\u00e9s en surface et des luminaires encastr\u00e9s dans le pl\u00e2tre. Ils sont disponibles en longueurs de 2\\\/4\\\/8 pieds pour r\u00e9pondre \u00e0 divers objectifs de conception. De plus, ce luminaire offre une performance allant jusqu'\u00e0 130 LPW tout en montrant une grande polyvalence dans la tension de fonctionnement de 120 \u00e0 347V.\",\"breadcrumb\":{\"@id\":\"https:\\\/\\\/eralux.com\\\/fr\\\/produit\\\/falcon\\\/#breadcrumb\"},\"inLanguage\":\"fr-FR\",\"potentialAction\":[{\"@type\":\"ReadAction\",\"target\":[\"https:\\\/\\\/eralux.com\\\/fr\\\/produit\\\/falcon\\\/\"]}]},{\"@type\":\"ImageObject\",\"inLanguage\":\"fr-FR\",\"@id\":\"https:\\\/\\\/eralux.com\\\/fr\\\/produit\\\/falcon\\\/#primaryimage\",\"url\":\"https:\\\/\\\/eralux.com\\\/wp-content\\\/uploads\\\/2024\\\/01\\\/Falcon-1.png\",\"contentUrl\":\"https:\\\/\\\/eralux.com\\\/wp-content\\\/uploads\\\/2024\\\/01\\\/Falcon-1.png\",\"width\":1000,\"height\":1000},{\"@type\":\"BreadcrumbList\",\"@id\":\"https:\\\/\\\/eralux.com\\\/fr\\\/produit\\\/falcon\\\/#breadcrumb\",\"itemListElement\":[{\"@type\":\"ListItem\",\"position\":1,\"name\":\"Home\",\"item\":\"https:\\\/\\\/eralux.com\\\/fr\\\/\"},{\"@type\":\"ListItem\",\"position\":2,\"name\":\"Shop\",\"item\":\"https:\\\/\\\/eralux.com\\\/shop\\\/\"},{\"@type\":\"ListItem\",\"position\":3,\"name\":\"FALCON\"}]},{\"@type\":\"WebSite\",\"@id\":\"https:\\\/\\\/eralux.com\\\/fr\\\/#website\",\"url\":\"https:\\\/\\\/eralux.com\\\/fr\\\/\",\"name\":\"Eralux\",\"description\":\"World leader for Energy Saving LED Solutions\",\"publisher\":{\"@id\":\"https:\\\/\\\/eralux.com\\\/fr\\\/#organization\"},\"alternateName\":\"Led manufacturer Canada\",\"potentialAction\":[{\"@type\":\"SearchAction\",\"target\":{\"@type\":\"EntryPoint\",\"urlTemplate\":\"https:\\\/\\\/eralux.com\\\/fr\\\/?s={search_term_string}\"},\"query-input\":{\"@type\":\"PropertyValueSpecification\",\"valueRequired\":true,\"valueName\":\"search_term_string\"}}],\"inLanguage\":\"fr-FR\"},{\"@type\":\"Organization\",\"@id\":\"https:\\\/\\\/eralux.com\\\/fr\\\/#organization\",\"name\":\"Eralux\",\"url\":\"https:\\\/\\\/eralux.com\\\/fr\\\/\",\"logo\":{\"@type\":\"ImageObject\",\"inLanguage\":\"fr-FR\",\"@id\":\"https:\\\/\\\/eralux.com\\\/fr\\\/#\\\/schema\\\/logo\\\/image\\\/\",\"url\":\"https:\\\/\\\/eralux.com\\\/wp-content\\\/uploads\\\/2024\\\/01\\\/eralux-logo-trademark-R.png\",\"contentUrl\":\"https:\\\/\\\/eralux.com\\\/wp-content\\\/uploads\\\/2024\\\/01\\\/eralux-logo-trademark-R.png\",\"width\":1000,\"height\":446,\"caption\":\"Eralux\"},\"image\":{\"@id\":\"https:\\\/\\\/eralux.com\\\/fr\\\/#\\\/schema\\\/logo\\\/image\\\/\"},\"sameAs\":[\"https:\\\/\\\/www.facebook.com\\\/aeralux.corp\",\"https:\\\/\\\/x.com\\\/eralux_inc\"],\"description\":\"Save on energy with high-performance LED solutions. Choose Eralux for eco-friendly lighting. Explore our range today!\"}]}<\/script>\n<meta property=\"product:price:amount\" content=\"0.00\" \/>\n<meta property=\"product:price:currency\" content=\"CAD\" \/>\n<meta property=\"og:availability\" content=\"instock\" \/>\n<meta property=\"product:availability\" content=\"instock\" \/>\n<meta property=\"product:condition\" content=\"new\" \/>\n<!-- \/ Yoast SEO Premium plugin. -->","yoast_head_json":{"title":"FALCON - Eralux","description":"La s\u00e9rie Falcon est le remplacement \u00e9conomique et discret des luminaires lin\u00e9aires mont\u00e9s en surface et des luminaires encastr\u00e9s dans le pl\u00e2tre. Ils sont disponibles en longueurs de 2\/4\/8 pieds pour r\u00e9pondre \u00e0 divers objectifs de conception. De plus, ce luminaire offre une performance allant jusqu'\u00e0 130 LPW tout en montrant une grande polyvalence dans la tension de fonctionnement de 120 \u00e0 347V.","robots":{"index":"index","follow":"follow","max-snippet":"max-snippet:-1","max-image-preview":"max-image-preview:large","max-video-preview":"max-video-preview:-1"},"canonical":"https:\/\/eralux.com\/fr\/produit\/falcon\/","og_locale":"fr_FR","og_type":"article","og_title":"FALCON","og_description":"La s\u00e9rie Falcon est le remplacement \u00e9conomique et discret des luminaires lin\u00e9aires mont\u00e9s en surface et des luminaires encastr\u00e9s dans le pl\u00e2tre. Ils sont disponibles en longueurs de 2\/4\/8 pieds pour r\u00e9pondre \u00e0 divers objectifs de conception. De plus, ce luminaire offre une performance allant jusqu'\u00e0 130 LPW tout en montrant une grande polyvalence dans la tension de fonctionnement de 120 \u00e0 347V.","og_url":"https:\/\/eralux.com\/fr\/produit\/falcon\/","og_site_name":"Eralux","article_publisher":"https:\/\/www.facebook.com\/aeralux.corp","article_modified_time":"2025-12-04T17:47:06+00:00","og_image":[{"width":1000,"height":1000,"url":"https:\/\/eralux.com\/wp-content\/uploads\/2024\/01\/Falcon-1.png","type":"image\/png"}],"twitter_card":"summary_large_image","twitter_site":"@eralux_inc","twitter_misc":{"Prix":"&#36;0.00","Disponibilit\u00e9":"En stock"},"schema":{"@context":"https:\/\/schema.org","@graph":[{"@type":"WebPage","@id":"https:\/\/eralux.com\/fr\/produit\/falcon\/","url":"https:\/\/eralux.com\/fr\/produit\/falcon\/","name":"FALCON - Eralux","isPartOf":{"@id":"https:\/\/eralux.com\/fr\/#website"},"primaryImageOfPage":{"@id":"https:\/\/eralux.com\/fr\/produit\/falcon\/#primaryimage"},"image":{"@id":"https:\/\/eralux.com\/fr\/produit\/falcon\/#primaryimage"},"thumbnailUrl":"https:\/\/eralux.com\/wp-content\/uploads\/2024\/01\/Falcon-1.png","datePublished":"2023-11-03T23:58:18+00:00","dateModified":"2025-12-04T17:47:06+00:00","description":"La s\u00e9rie Falcon est le remplacement \u00e9conomique et discret des luminaires lin\u00e9aires mont\u00e9s en surface et des luminaires encastr\u00e9s dans le pl\u00e2tre. Ils sont disponibles en longueurs de 2\/4\/8 pieds pour r\u00e9pondre \u00e0 divers objectifs de conception. De plus, ce luminaire offre une performance allant jusqu'\u00e0 130 LPW tout en montrant une grande polyvalence dans la tension de fonctionnement de 120 \u00e0 347V.","breadcrumb":{"@id":"https:\/\/eralux.com\/fr\/produit\/falcon\/#breadcrumb"},"inLanguage":"fr-FR","potentialAction":[{"@type":"ReadAction","target":["https:\/\/eralux.com\/fr\/produit\/falcon\/"]}]},{"@type":"ImageObject","inLanguage":"fr-FR","@id":"https:\/\/eralux.com\/fr\/produit\/falcon\/#primaryimage","url":"https:\/\/eralux.com\/wp-content\/uploads\/2024\/01\/Falcon-1.png","contentUrl":"https:\/\/eralux.com\/wp-content\/uploads\/2024\/01\/Falcon-1.png","width":1000,"height":1000},{"@type":"BreadcrumbList","@id":"https:\/\/eralux.com\/fr\/produit\/falcon\/#breadcrumb","itemListElement":[{"@type":"ListItem","position":1,"name":"Home","item":"https:\/\/eralux.com\/fr\/"},{"@type":"ListItem","position":2,"name":"Shop","item":"https:\/\/eralux.com\/shop\/"},{"@type":"ListItem","position":3,"name":"FALCON"}]},{"@type":"WebSite","@id":"https:\/\/eralux.com\/fr\/#website","url":"https:\/\/eralux.com\/fr\/","name":"Eralux","description":"World leader for Energy Saving LED Solutions","publisher":{"@id":"https:\/\/eralux.com\/fr\/#organization"},"alternateName":"Led manufacturer Canada","potentialAction":[{"@type":"SearchAction","target":{"@type":"EntryPoint","urlTemplate":"https:\/\/eralux.com\/fr\/?s={search_term_string}"},"query-input":{"@type":"PropertyValueSpecification","valueRequired":true,"valueName":"search_term_string"}}],"inLanguage":"fr-FR"},{"@type":"Organization","@id":"https:\/\/eralux.com\/fr\/#organization","name":"Eralux","url":"https:\/\/eralux.com\/fr\/","logo":{"@type":"ImageObject","inLanguage":"fr-FR","@id":"https:\/\/eralux.com\/fr\/#\/schema\/logo\/image\/","url":"https:\/\/eralux.com\/wp-content\/uploads\/2024\/01\/eralux-logo-trademark-R.png","contentUrl":"https:\/\/eralux.com\/wp-content\/uploads\/2024\/01\/eralux-logo-trademark-R.png","width":1000,"height":446,"caption":"Eralux"},"image":{"@id":"https:\/\/eralux.com\/fr\/#\/schema\/logo\/image\/"},"sameAs":["https:\/\/www.facebook.com\/aeralux.corp","https:\/\/x.com\/eralux_inc"],"description":"Save on energy with high-performance LED solutions. Choose Eralux for eco-friendly lighting. Explore our range today!"}]},"product_price_amount":"0.00","product_price_currency":"CAD","og_availability":"instock","product_availability":"instock","product_condition":"new"},"_links":{"self":[{"href":"https:\/\/eralux.com\/fr\/wp-json\/wp\/v2\/product\/1857","targetHints":{"allow":["GET"]}}],"collection":[{"href":"https:\/\/eralux.com\/fr\/wp-json\/wp\/v2\/product"}],"about":[{"href":"https:\/\/eralux.com\/fr\/wp-json\/wp\/v2\/types\/product"}],"replies":[{"embeddable":true,"href":"https:\/\/eralux.com\/fr\/wp-json\/wp\/v2\/comments?post=1857"}],"wp:featuredmedia":[{"embeddable":true,"href":"https:\/\/eralux.com\/fr\/wp-json\/wp\/v2\/media\/6028"}],"wp:attachment":[{"href":"https:\/\/eralux.com\/fr\/wp-json\/wp\/v2\/media?parent=1857"}],"wp:term":[{"taxonomy":"product_brand","embeddable":true,"href":"https:\/\/eralux.com\/fr\/wp-json\/wp\/v2\/product_brand?post=1857"},{"taxonomy":"product_cat","embeddable":true,"href":"https:\/\/eralux.com\/fr\/wp-json\/wp\/v2\/product_cat?post=1857"},{"taxonomy":"product_tag","embeddable":true,"href":"https:\/\/eralux.com\/fr\/wp-json\/wp\/v2\/product_tag?post=1857"}],"curies":[{"name":"wp","href":"https:\/\/api.w.org\/{rel}","templated":true}]}}