{"id":1860,"date":"2023-11-03T01:41:12","date_gmt":"2023-11-03T01:41:12","guid":{"rendered":"https:\/\/eralux.digitalmarketsolution.com\/product\/lineaire-atlantis\/"},"modified":"2025-12-04T17:40:37","modified_gmt":"2025-12-04T17:40:37","slug":"atlantis","status":"publish","type":"product","link":"https:\/\/eralux.com\/fr\/produit\/atlantis\/","title":{"rendered":"ATLANTIS"},"content":{"rendered":"<p>L&#8217;Atlantis est une lin\u00e9aire encastr\u00e9e qui offre une apparence \u00e9l\u00e9gante dans n&#8217;importe quel bureau commercial int\u00e9rieur. Le pilote expos\u00e9 et l&#8217;objectif amovible rendent l&#8217;installation simple et intuitive. Cette s\u00e9rie a \u00e9t\u00e9 con\u00e7ue pour \u00eatre mont\u00e9e dans des plafonds ou des murs en pl\u00e2tre.<\/p>\n","protected":false},"excerpt":{"rendered":"<p>Lin\u00e9aire architectural encastr\u00e9 personnalisable<\/p>\n","protected":false},"featured_media":4967,"comment_status":"open","ping_status":"closed","template":"","meta":{"inline_featured_image":false},"product_brand":[],"product_cat":[279],"product_tag":[],"class_list":{"0":"post-1860","1":"product","2":"type-product","3":"status-publish","4":"has-post-thumbnail","6":"spec_sheets-wh-fr","7":"spec_sheets-bk-fr","8":"spec_sheets-sv-fr","9":"spec_sheets-4-fr","10":"spec_sheets-5-fr","11":"spec_sheets-6-fr","12":"spec_sheets-8-fr","13":"spec_sheets-cct-fr","14":"spec_sheets-finition","15":"spec_sheets-longueur","16":"spec_sheets-puissance","17":"spec_sheets-30-fr","18":"spec_sheets-35-fr","19":"spec_sheets-40-fr","20":"spec_sheets-32-fr","21":"spec_sheets-40-fr-2","22":"spec_sheets-46-fr-2","23":"spec_sheets-62-fr","24":"product_segments-lineaire-architectural","25":"product_segments-produits-lineaires","26":"product_cat-ae-sf-atl-fr","28":"first","29":"instock","30":"shipping-taxable","31":"purchasable","32":"product-type-simple"},"yoast_head":"<!-- This site is optimized with the Yoast SEO Premium plugin v24.2 (Yoast SEO v27.5) - https:\/\/yoast.com\/product\/yoast-seo-premium-wordpress\/ -->\n<title>ATLANTIS - Eralux<\/title>\n<meta name=\"description\" content=\"La s\u00e9rie Atlantis est un \u00e9clairage lin\u00e9aire encastr\u00e9 qui donne une apparence \u00e9l\u00e9gante \u00e0 tout bureau commercial int\u00e9rieur. Le pilote expos\u00e9 et l&#039;objectif amovible rendent l&#039;installation simple et intuitive. Cette s\u00e9rie a \u00e9t\u00e9 con\u00e7ue pour \u00eatre mont\u00e9e dans des plafonds ou des murs en pl\u00e2tre.\" \/>\n<meta name=\"robots\" content=\"index, follow, max-snippet:-1, max-image-preview:large, max-video-preview:-1\" \/>\n<link rel=\"canonical\" href=\"https:\/\/eralux.com\/fr\/produit\/atlantis\/\" \/>\n<meta property=\"og:locale\" content=\"fr_FR\" \/>\n<meta property=\"og:type\" content=\"article\" \/>\n<meta property=\"og:title\" content=\"ATLANTIS\" \/>\n<meta property=\"og:description\" content=\"La s\u00e9rie Atlantis est un \u00e9clairage lin\u00e9aire encastr\u00e9 qui donne une apparence \u00e9l\u00e9gante \u00e0 tout bureau commercial int\u00e9rieur. Le pilote expos\u00e9 et l&#039;objectif amovible rendent l&#039;installation simple et intuitive. Cette s\u00e9rie a \u00e9t\u00e9 con\u00e7ue pour \u00eatre mont\u00e9e dans des plafonds ou des murs en pl\u00e2tre.\" \/>\n<meta property=\"og:url\" content=\"https:\/\/eralux.com\/fr\/produit\/atlantis\/\" \/>\n<meta property=\"og:site_name\" content=\"Eralux\" \/>\n<meta property=\"article:publisher\" content=\"https:\/\/www.facebook.com\/aeralux.corp\" \/>\n<meta property=\"article:modified_time\" content=\"2025-12-04T17:40:37+00:00\" \/>\n<meta property=\"og:image\" content=\"https:\/\/eralux.com\/wp-content\/uploads\/2024\/01\/Atlantis.png\" \/>\n\t<meta property=\"og:image:width\" content=\"1000\" \/>\n\t<meta property=\"og:image:height\" content=\"1000\" \/>\n\t<meta property=\"og:image:type\" content=\"image\/png\" \/>\n<meta name=\"twitter:card\" content=\"summary_large_image\" \/>\n<meta name=\"twitter:site\" content=\"@eralux_inc\" \/>\n<meta name=\"twitter:label1\" content=\"Prix\" \/>\n\t<meta name=\"twitter:data1\" content=\"&#036;0.00\" \/>\n\t<meta name=\"twitter:label2\" content=\"Disponibilit\u00e9\" \/>\n\t<meta name=\"twitter:data2\" content=\"En stock\" \/>\n<script type=\"application\/ld+json\" class=\"yoast-schema-graph\">{\"@context\":\"https:\\\/\\\/schema.org\",\"@graph\":[{\"@type\":\"WebPage\",\"@id\":\"https:\\\/\\\/eralux.com\\\/fr\\\/produit\\\/atlantis\\\/\",\"url\":\"https:\\\/\\\/eralux.com\\\/fr\\\/produit\\\/atlantis\\\/\",\"name\":\"ATLANTIS - Eralux\",\"isPartOf\":{\"@id\":\"https:\\\/\\\/eralux.com\\\/fr\\\/#website\"},\"primaryImageOfPage\":{\"@id\":\"https:\\\/\\\/eralux.com\\\/fr\\\/produit\\\/atlantis\\\/#primaryimage\"},\"image\":{\"@id\":\"https:\\\/\\\/eralux.com\\\/fr\\\/produit\\\/atlantis\\\/#primaryimage\"},\"thumbnailUrl\":\"https:\\\/\\\/eralux.com\\\/wp-content\\\/uploads\\\/2024\\\/01\\\/Atlantis.png\",\"datePublished\":\"2023-11-03T01:41:12+00:00\",\"dateModified\":\"2025-12-04T17:40:37+00:00\",\"description\":\"La s\u00e9rie Atlantis est un \u00e9clairage lin\u00e9aire encastr\u00e9 qui donne une apparence \u00e9l\u00e9gante \u00e0 tout bureau commercial int\u00e9rieur. Le pilote expos\u00e9 et l'objectif amovible rendent l'installation simple et intuitive. Cette s\u00e9rie a \u00e9t\u00e9 con\u00e7ue pour \u00eatre mont\u00e9e dans des plafonds ou des murs en pl\u00e2tre.\",\"breadcrumb\":{\"@id\":\"https:\\\/\\\/eralux.com\\\/fr\\\/produit\\\/atlantis\\\/#breadcrumb\"},\"inLanguage\":\"fr-FR\",\"potentialAction\":[{\"@type\":\"ReadAction\",\"target\":[\"https:\\\/\\\/eralux.com\\\/fr\\\/produit\\\/atlantis\\\/\"]}]},{\"@type\":\"ImageObject\",\"inLanguage\":\"fr-FR\",\"@id\":\"https:\\\/\\\/eralux.com\\\/fr\\\/produit\\\/atlantis\\\/#primaryimage\",\"url\":\"https:\\\/\\\/eralux.com\\\/wp-content\\\/uploads\\\/2024\\\/01\\\/Atlantis.png\",\"contentUrl\":\"https:\\\/\\\/eralux.com\\\/wp-content\\\/uploads\\\/2024\\\/01\\\/Atlantis.png\",\"width\":1000,\"height\":1000,\"caption\":\"eralux-linear-commercial-atlantis\"},{\"@type\":\"BreadcrumbList\",\"@id\":\"https:\\\/\\\/eralux.com\\\/fr\\\/produit\\\/atlantis\\\/#breadcrumb\",\"itemListElement\":[{\"@type\":\"ListItem\",\"position\":1,\"name\":\"Home\",\"item\":\"https:\\\/\\\/eralux.com\\\/fr\\\/\"},{\"@type\":\"ListItem\",\"position\":2,\"name\":\"Shop\",\"item\":\"https:\\\/\\\/eralux.com\\\/shop\\\/\"},{\"@type\":\"ListItem\",\"position\":3,\"name\":\"ATLANTIS\"}]},{\"@type\":\"WebSite\",\"@id\":\"https:\\\/\\\/eralux.com\\\/fr\\\/#website\",\"url\":\"https:\\\/\\\/eralux.com\\\/fr\\\/\",\"name\":\"Eralux\",\"description\":\"World leader for Energy Saving LED Solutions\",\"publisher\":{\"@id\":\"https:\\\/\\\/eralux.com\\\/fr\\\/#organization\"},\"alternateName\":\"Led manufacturer Canada\",\"potentialAction\":[{\"@type\":\"SearchAction\",\"target\":{\"@type\":\"EntryPoint\",\"urlTemplate\":\"https:\\\/\\\/eralux.com\\\/fr\\\/?s={search_term_string}\"},\"query-input\":{\"@type\":\"PropertyValueSpecification\",\"valueRequired\":true,\"valueName\":\"search_term_string\"}}],\"inLanguage\":\"fr-FR\"},{\"@type\":\"Organization\",\"@id\":\"https:\\\/\\\/eralux.com\\\/fr\\\/#organization\",\"name\":\"Eralux\",\"url\":\"https:\\\/\\\/eralux.com\\\/fr\\\/\",\"logo\":{\"@type\":\"ImageObject\",\"inLanguage\":\"fr-FR\",\"@id\":\"https:\\\/\\\/eralux.com\\\/fr\\\/#\\\/schema\\\/logo\\\/image\\\/\",\"url\":\"https:\\\/\\\/eralux.com\\\/wp-content\\\/uploads\\\/2024\\\/01\\\/eralux-logo-trademark-R.png\",\"contentUrl\":\"https:\\\/\\\/eralux.com\\\/wp-content\\\/uploads\\\/2024\\\/01\\\/eralux-logo-trademark-R.png\",\"width\":1000,\"height\":446,\"caption\":\"Eralux\"},\"image\":{\"@id\":\"https:\\\/\\\/eralux.com\\\/fr\\\/#\\\/schema\\\/logo\\\/image\\\/\"},\"sameAs\":[\"https:\\\/\\\/www.facebook.com\\\/aeralux.corp\",\"https:\\\/\\\/x.com\\\/eralux_inc\"],\"description\":\"Save on energy with high-performance LED solutions. Choose Eralux for eco-friendly lighting. Explore our range today!\"}]}<\/script>\n<meta property=\"product:price:amount\" content=\"0.00\" \/>\n<meta property=\"product:price:currency\" content=\"CAD\" \/>\n<meta property=\"og:availability\" content=\"instock\" \/>\n<meta property=\"product:availability\" content=\"instock\" \/>\n<meta property=\"product:retailer_item_id\" content=\"SF-ATL\" \/>\n<meta property=\"product:condition\" content=\"new\" \/>\n<!-- \/ Yoast SEO Premium plugin. -->","yoast_head_json":{"title":"ATLANTIS - Eralux","description":"La s\u00e9rie Atlantis est un \u00e9clairage lin\u00e9aire encastr\u00e9 qui donne une apparence \u00e9l\u00e9gante \u00e0 tout bureau commercial int\u00e9rieur. Le pilote expos\u00e9 et l'objectif amovible rendent l'installation simple et intuitive. Cette s\u00e9rie a \u00e9t\u00e9 con\u00e7ue pour \u00eatre mont\u00e9e dans des plafonds ou des murs en pl\u00e2tre.","robots":{"index":"index","follow":"follow","max-snippet":"max-snippet:-1","max-image-preview":"max-image-preview:large","max-video-preview":"max-video-preview:-1"},"canonical":"https:\/\/eralux.com\/fr\/produit\/atlantis\/","og_locale":"fr_FR","og_type":"article","og_title":"ATLANTIS","og_description":"La s\u00e9rie Atlantis est un \u00e9clairage lin\u00e9aire encastr\u00e9 qui donne une apparence \u00e9l\u00e9gante \u00e0 tout bureau commercial int\u00e9rieur. Le pilote expos\u00e9 et l'objectif amovible rendent l'installation simple et intuitive. Cette s\u00e9rie a \u00e9t\u00e9 con\u00e7ue pour \u00eatre mont\u00e9e dans des plafonds ou des murs en pl\u00e2tre.","og_url":"https:\/\/eralux.com\/fr\/produit\/atlantis\/","og_site_name":"Eralux","article_publisher":"https:\/\/www.facebook.com\/aeralux.corp","article_modified_time":"2025-12-04T17:40:37+00:00","og_image":[{"width":1000,"height":1000,"url":"https:\/\/eralux.com\/wp-content\/uploads\/2024\/01\/Atlantis.png","type":"image\/png"}],"twitter_card":"summary_large_image","twitter_site":"@eralux_inc","twitter_misc":{"Prix":"&#36;0.00","Disponibilit\u00e9":"En stock"},"schema":{"@context":"https:\/\/schema.org","@graph":[{"@type":"WebPage","@id":"https:\/\/eralux.com\/fr\/produit\/atlantis\/","url":"https:\/\/eralux.com\/fr\/produit\/atlantis\/","name":"ATLANTIS - Eralux","isPartOf":{"@id":"https:\/\/eralux.com\/fr\/#website"},"primaryImageOfPage":{"@id":"https:\/\/eralux.com\/fr\/produit\/atlantis\/#primaryimage"},"image":{"@id":"https:\/\/eralux.com\/fr\/produit\/atlantis\/#primaryimage"},"thumbnailUrl":"https:\/\/eralux.com\/wp-content\/uploads\/2024\/01\/Atlantis.png","datePublished":"2023-11-03T01:41:12+00:00","dateModified":"2025-12-04T17:40:37+00:00","description":"La s\u00e9rie Atlantis est un \u00e9clairage lin\u00e9aire encastr\u00e9 qui donne une apparence \u00e9l\u00e9gante \u00e0 tout bureau commercial int\u00e9rieur. Le pilote expos\u00e9 et l'objectif amovible rendent l'installation simple et intuitive. Cette s\u00e9rie a \u00e9t\u00e9 con\u00e7ue pour \u00eatre mont\u00e9e dans des plafonds ou des murs en pl\u00e2tre.","breadcrumb":{"@id":"https:\/\/eralux.com\/fr\/produit\/atlantis\/#breadcrumb"},"inLanguage":"fr-FR","potentialAction":[{"@type":"ReadAction","target":["https:\/\/eralux.com\/fr\/produit\/atlantis\/"]}]},{"@type":"ImageObject","inLanguage":"fr-FR","@id":"https:\/\/eralux.com\/fr\/produit\/atlantis\/#primaryimage","url":"https:\/\/eralux.com\/wp-content\/uploads\/2024\/01\/Atlantis.png","contentUrl":"https:\/\/eralux.com\/wp-content\/uploads\/2024\/01\/Atlantis.png","width":1000,"height":1000,"caption":"eralux-linear-commercial-atlantis"},{"@type":"BreadcrumbList","@id":"https:\/\/eralux.com\/fr\/produit\/atlantis\/#breadcrumb","itemListElement":[{"@type":"ListItem","position":1,"name":"Home","item":"https:\/\/eralux.com\/fr\/"},{"@type":"ListItem","position":2,"name":"Shop","item":"https:\/\/eralux.com\/shop\/"},{"@type":"ListItem","position":3,"name":"ATLANTIS"}]},{"@type":"WebSite","@id":"https:\/\/eralux.com\/fr\/#website","url":"https:\/\/eralux.com\/fr\/","name":"Eralux","description":"World leader for Energy Saving LED Solutions","publisher":{"@id":"https:\/\/eralux.com\/fr\/#organization"},"alternateName":"Led manufacturer Canada","potentialAction":[{"@type":"SearchAction","target":{"@type":"EntryPoint","urlTemplate":"https:\/\/eralux.com\/fr\/?s={search_term_string}"},"query-input":{"@type":"PropertyValueSpecification","valueRequired":true,"valueName":"search_term_string"}}],"inLanguage":"fr-FR"},{"@type":"Organization","@id":"https:\/\/eralux.com\/fr\/#organization","name":"Eralux","url":"https:\/\/eralux.com\/fr\/","logo":{"@type":"ImageObject","inLanguage":"fr-FR","@id":"https:\/\/eralux.com\/fr\/#\/schema\/logo\/image\/","url":"https:\/\/eralux.com\/wp-content\/uploads\/2024\/01\/eralux-logo-trademark-R.png","contentUrl":"https:\/\/eralux.com\/wp-content\/uploads\/2024\/01\/eralux-logo-trademark-R.png","width":1000,"height":446,"caption":"Eralux"},"image":{"@id":"https:\/\/eralux.com\/fr\/#\/schema\/logo\/image\/"},"sameAs":["https:\/\/www.facebook.com\/aeralux.corp","https:\/\/x.com\/eralux_inc"],"description":"Save on energy with high-performance LED solutions. Choose Eralux for eco-friendly lighting. Explore our range today!"}]},"product_price_amount":"0.00","product_price_currency":"CAD","og_availability":"instock","product_availability":"instock","product_retailer_item_id":"SF-ATL","product_condition":"new"},"_links":{"self":[{"href":"https:\/\/eralux.com\/fr\/wp-json\/wp\/v2\/product\/1860","targetHints":{"allow":["GET"]}}],"collection":[{"href":"https:\/\/eralux.com\/fr\/wp-json\/wp\/v2\/product"}],"about":[{"href":"https:\/\/eralux.com\/fr\/wp-json\/wp\/v2\/types\/product"}],"replies":[{"embeddable":true,"href":"https:\/\/eralux.com\/fr\/wp-json\/wp\/v2\/comments?post=1860"}],"wp:featuredmedia":[{"embeddable":true,"href":"https:\/\/eralux.com\/fr\/wp-json\/wp\/v2\/media\/4967"}],"wp:attachment":[{"href":"https:\/\/eralux.com\/fr\/wp-json\/wp\/v2\/media?parent=1860"}],"wp:term":[{"taxonomy":"product_brand","embeddable":true,"href":"https:\/\/eralux.com\/fr\/wp-json\/wp\/v2\/product_brand?post=1860"},{"taxonomy":"product_cat","embeddable":true,"href":"https:\/\/eralux.com\/fr\/wp-json\/wp\/v2\/product_cat?post=1860"},{"taxonomy":"product_tag","embeddable":true,"href":"https:\/\/eralux.com\/fr\/wp-json\/wp\/v2\/product_tag?post=1860"}],"curies":[{"name":"wp","href":"https:\/\/api.w.org\/{rel}","templated":true}]}}