{"id":18775,"date":"2025-06-05T18:43:28","date_gmt":"2025-06-05T18:43:28","guid":{"rendered":"https:\/\/eralux.com\/?post_type=product&#038;p=18775"},"modified":"2025-08-06T21:57:01","modified_gmt":"2025-08-06T21:57:01","slug":"zorro-max","status":"publish","type":"product","link":"https:\/\/eralux.com\/fr\/produit\/zorro-max\/","title":{"rendered":"ZORRO MAX"},"content":{"rendered":"<p>Le ZORRO MAX est une extension de la gamme Zorro. Ce luminaire offre des options de puissance et de CCT s\u00e9lectionnables. Il offre \u00e9galement de multiples options de montage et divers mod\u00e8les de distribution de la lumi\u00e8re, vous permettant de personnaliser vos besoins en mati\u00e8re d&#8217;\u00e9clairage ext\u00e9rieur. Chaque luminaire est \u00e9quip\u00e9 en s\u00e9rie d&#8217;une base NEMA \u00e0 3 broches et d&#8217;un SPD de 20 kV.<\/p>\n<p>Applications : Concessionnaires automobiles | Commerce de d\u00e9tail | Commerce | Parkings universitaires<\/p>\n","protected":false},"excerpt":{"rendered":"<p>\u00c9CLAIRAGE D&#8217;EXT\u00c9RIEUR<\/p>\n","protected":false},"featured_media":18795,"comment_status":"open","ping_status":"closed","template":"","meta":{"inline_featured_image":false},"product_brand":[],"product_cat":[2435],"product_tag":[],"class_list":{"0":"post-18775","1":"product","2":"type-product","3":"status-publish","4":"has-post-thumbnail","6":"spec_sheets-500w-puissance","7":"spec_sheets-ca-fr-3","8":"spec_sheets-d-fr-2","9":"spec_sheets-t3-fr","10":"spec_sheets-ms-fr-3","11":"spec_sheets-t4-fr","12":"spec_sheets-c-fr","13":"spec_sheets-t5-fr","14":"spec_sheets-d-fr-4","15":"spec_sheets-bz-fr","16":"spec_sheets-p-fr-2","17":"spec_sheets-a-fr-2","18":"spec_sheets-b-fr-3","19":"spec_sheets-e-fr","20":"spec_sheets-distribution-fr","21":"spec_sheets-controles","22":"spec_sheets-finition","23":"spec_sheets-montage","24":"spec_sheets-puissance","25":"spec_sheets-tension","26":"product_applications-magasin-de-detail","27":"product_applications-parking","28":"product_applications-bureau-commercial","29":"product_segments-eclairage-de-zone","30":"product_segments-exterieur","31":"product_cat-ae-od-zrx-fr","33":"first","34":"instock","35":"shipping-taxable","36":"purchasable","37":"product-type-simple"},"yoast_head":"<!-- This site is optimized with the Yoast SEO Premium plugin v24.2 (Yoast SEO v27.5) - https:\/\/yoast.com\/product\/yoast-seo-premium-wordpress\/ -->\n<title>ZORRO MAX - Eralux<\/title>\n<meta name=\"description\" content=\"Le ZORRO MAX est une extension de la gamme Zorro. Ce luminaire offre des options de puissance et de CCT s\u00e9lectionnables. Il offre \u00e9galement de multiples options de montage et divers mod\u00e8les de distribution de la lumi\u00e8re, vous permettant de personnaliser vos besoins en \u00e9clairage ext\u00e9rieur. Chaque luminaire est \u00e9quip\u00e9 en s\u00e9rie d&#039;une base NEMA \u00e0 3 broches et d&#039;un SPD de 20 kV. Applications : Concessionnaires automobiles | Commerce de d\u00e9tail | Commerce | Parkings de campus\" \/>\n<meta name=\"robots\" content=\"index, follow, max-snippet:-1, max-image-preview:large, max-video-preview:-1\" \/>\n<link rel=\"canonical\" href=\"https:\/\/eralux.com\/fr\/produit\/zorro-max\/\" \/>\n<meta property=\"og:locale\" content=\"fr_FR\" \/>\n<meta property=\"og:type\" content=\"article\" \/>\n<meta property=\"og:title\" content=\"ZORRO MAX\" \/>\n<meta property=\"og:description\" content=\"Le ZORRO MAX est une extension de la gamme Zorro. Ce luminaire offre des options de puissance et de CCT s\u00e9lectionnables. Il offre \u00e9galement de multiples options de montage et divers mod\u00e8les de distribution de la lumi\u00e8re, vous permettant de personnaliser vos besoins en \u00e9clairage ext\u00e9rieur. Chaque luminaire est \u00e9quip\u00e9 en s\u00e9rie d&#039;une base NEMA \u00e0 3 broches et d&#039;un SPD de 20 kV. Applications : Concessionnaires automobiles | Commerce de d\u00e9tail | Commerce | Parkings de campus\" \/>\n<meta property=\"og:url\" content=\"https:\/\/eralux.com\/fr\/produit\/zorro-max\/\" \/>\n<meta property=\"og:site_name\" content=\"Eralux\" \/>\n<meta property=\"article:publisher\" content=\"https:\/\/www.facebook.com\/aeralux.corp\" \/>\n<meta property=\"article:modified_time\" content=\"2025-08-06T21:57:01+00:00\" \/>\n<meta property=\"og:image\" content=\"https:\/\/eralux.com\/wp-content\/uploads\/2025\/06\/LED-Area-Light-V-500W-1-1.jpg\" \/>\n\t<meta property=\"og:image:width\" content=\"1000\" \/>\n\t<meta property=\"og:image:height\" content=\"1000\" \/>\n\t<meta property=\"og:image:type\" content=\"image\/jpeg\" \/>\n<meta name=\"twitter:card\" content=\"summary_large_image\" \/>\n<meta name=\"twitter:site\" content=\"@eralux_inc\" \/>\n<meta name=\"twitter:label1\" content=\"Prix\" \/>\n\t<meta name=\"twitter:data1\" content=\"&#036;0.00\" \/>\n\t<meta name=\"twitter:label2\" content=\"Disponibilit\u00e9\" \/>\n\t<meta name=\"twitter:data2\" content=\"En stock\" \/>\n<script type=\"application\/ld+json\" class=\"yoast-schema-graph\">{\"@context\":\"https:\\\/\\\/schema.org\",\"@graph\":[{\"@type\":\"WebPage\",\"@id\":\"https:\\\/\\\/eralux.com\\\/fr\\\/produit\\\/zorro-max\\\/\",\"url\":\"https:\\\/\\\/eralux.com\\\/fr\\\/produit\\\/zorro-max\\\/\",\"name\":\"ZORRO MAX - Eralux\",\"isPartOf\":{\"@id\":\"https:\\\/\\\/eralux.com\\\/fr\\\/#website\"},\"primaryImageOfPage\":{\"@id\":\"https:\\\/\\\/eralux.com\\\/fr\\\/produit\\\/zorro-max\\\/#primaryimage\"},\"image\":{\"@id\":\"https:\\\/\\\/eralux.com\\\/fr\\\/produit\\\/zorro-max\\\/#primaryimage\"},\"thumbnailUrl\":\"https:\\\/\\\/eralux.com\\\/wp-content\\\/uploads\\\/2025\\\/06\\\/LED-Area-Light-V-500W-1-1.jpg\",\"datePublished\":\"2025-06-05T18:43:28+00:00\",\"dateModified\":\"2025-08-06T21:57:01+00:00\",\"description\":\"Le ZORRO MAX est une extension de la gamme Zorro. Ce luminaire offre des options de puissance et de CCT s\u00e9lectionnables. Il offre \u00e9galement de multiples options de montage et divers mod\u00e8les de distribution de la lumi\u00e8re, vous permettant de personnaliser vos besoins en \u00e9clairage ext\u00e9rieur. Chaque luminaire est \u00e9quip\u00e9 en s\u00e9rie d'une base NEMA \u00e0 3 broches et d'un SPD de 20 kV. Applications : Concessionnaires automobiles | Commerce de d\u00e9tail | Commerce | Parkings de campus\",\"breadcrumb\":{\"@id\":\"https:\\\/\\\/eralux.com\\\/fr\\\/produit\\\/zorro-max\\\/#breadcrumb\"},\"inLanguage\":\"fr-FR\",\"potentialAction\":[{\"@type\":\"ReadAction\",\"target\":[\"https:\\\/\\\/eralux.com\\\/fr\\\/produit\\\/zorro-max\\\/\"]}]},{\"@type\":\"ImageObject\",\"inLanguage\":\"fr-FR\",\"@id\":\"https:\\\/\\\/eralux.com\\\/fr\\\/produit\\\/zorro-max\\\/#primaryimage\",\"url\":\"https:\\\/\\\/eralux.com\\\/wp-content\\\/uploads\\\/2025\\\/06\\\/LED-Area-Light-V-500W-1-1.jpg\",\"contentUrl\":\"https:\\\/\\\/eralux.com\\\/wp-content\\\/uploads\\\/2025\\\/06\\\/LED-Area-Light-V-500W-1-1.jpg\",\"width\":1000,\"height\":1000},{\"@type\":\"BreadcrumbList\",\"@id\":\"https:\\\/\\\/eralux.com\\\/fr\\\/produit\\\/zorro-max\\\/#breadcrumb\",\"itemListElement\":[{\"@type\":\"ListItem\",\"position\":1,\"name\":\"Home\",\"item\":\"https:\\\/\\\/eralux.com\\\/fr\\\/\"},{\"@type\":\"ListItem\",\"position\":2,\"name\":\"Shop\",\"item\":\"https:\\\/\\\/eralux.com\\\/shop\\\/\"},{\"@type\":\"ListItem\",\"position\":3,\"name\":\"ZORRO MAX\"}]},{\"@type\":\"WebSite\",\"@id\":\"https:\\\/\\\/eralux.com\\\/fr\\\/#website\",\"url\":\"https:\\\/\\\/eralux.com\\\/fr\\\/\",\"name\":\"Eralux\",\"description\":\"World leader for Energy Saving LED Solutions\",\"publisher\":{\"@id\":\"https:\\\/\\\/eralux.com\\\/fr\\\/#organization\"},\"alternateName\":\"Led manufacturer Canada\",\"potentialAction\":[{\"@type\":\"SearchAction\",\"target\":{\"@type\":\"EntryPoint\",\"urlTemplate\":\"https:\\\/\\\/eralux.com\\\/fr\\\/?s={search_term_string}\"},\"query-input\":{\"@type\":\"PropertyValueSpecification\",\"valueRequired\":true,\"valueName\":\"search_term_string\"}}],\"inLanguage\":\"fr-FR\"},{\"@type\":\"Organization\",\"@id\":\"https:\\\/\\\/eralux.com\\\/fr\\\/#organization\",\"name\":\"Eralux\",\"url\":\"https:\\\/\\\/eralux.com\\\/fr\\\/\",\"logo\":{\"@type\":\"ImageObject\",\"inLanguage\":\"fr-FR\",\"@id\":\"https:\\\/\\\/eralux.com\\\/fr\\\/#\\\/schema\\\/logo\\\/image\\\/\",\"url\":\"https:\\\/\\\/eralux.com\\\/wp-content\\\/uploads\\\/2024\\\/01\\\/eralux-logo-trademark-R.png\",\"contentUrl\":\"https:\\\/\\\/eralux.com\\\/wp-content\\\/uploads\\\/2024\\\/01\\\/eralux-logo-trademark-R.png\",\"width\":1000,\"height\":446,\"caption\":\"Eralux\"},\"image\":{\"@id\":\"https:\\\/\\\/eralux.com\\\/fr\\\/#\\\/schema\\\/logo\\\/image\\\/\"},\"sameAs\":[\"https:\\\/\\\/www.facebook.com\\\/aeralux.corp\",\"https:\\\/\\\/x.com\\\/eralux_inc\"],\"description\":\"Save on energy with high-performance LED solutions. Choose Eralux for eco-friendly lighting. Explore our range today!\"}]}<\/script>\n<meta property=\"product:price:amount\" content=\"0.00\" \/>\n<meta property=\"product:price:currency\" content=\"CAD\" \/>\n<meta property=\"og:availability\" content=\"instock\" \/>\n<meta property=\"product:availability\" content=\"instock\" \/>\n<meta property=\"product:condition\" content=\"new\" \/>\n<!-- \/ Yoast SEO Premium plugin. -->","yoast_head_json":{"title":"ZORRO MAX - Eralux","description":"Le ZORRO MAX est une extension de la gamme Zorro. Ce luminaire offre des options de puissance et de CCT s\u00e9lectionnables. Il offre \u00e9galement de multiples options de montage et divers mod\u00e8les de distribution de la lumi\u00e8re, vous permettant de personnaliser vos besoins en \u00e9clairage ext\u00e9rieur. Chaque luminaire est \u00e9quip\u00e9 en s\u00e9rie d'une base NEMA \u00e0 3 broches et d'un SPD de 20 kV. Applications : Concessionnaires automobiles | Commerce de d\u00e9tail | Commerce | Parkings de campus","robots":{"index":"index","follow":"follow","max-snippet":"max-snippet:-1","max-image-preview":"max-image-preview:large","max-video-preview":"max-video-preview:-1"},"canonical":"https:\/\/eralux.com\/fr\/produit\/zorro-max\/","og_locale":"fr_FR","og_type":"article","og_title":"ZORRO MAX","og_description":"Le ZORRO MAX est une extension de la gamme Zorro. Ce luminaire offre des options de puissance et de CCT s\u00e9lectionnables. Il offre \u00e9galement de multiples options de montage et divers mod\u00e8les de distribution de la lumi\u00e8re, vous permettant de personnaliser vos besoins en \u00e9clairage ext\u00e9rieur. Chaque luminaire est \u00e9quip\u00e9 en s\u00e9rie d'une base NEMA \u00e0 3 broches et d'un SPD de 20 kV. Applications : Concessionnaires automobiles | Commerce de d\u00e9tail | Commerce | Parkings de campus","og_url":"https:\/\/eralux.com\/fr\/produit\/zorro-max\/","og_site_name":"Eralux","article_publisher":"https:\/\/www.facebook.com\/aeralux.corp","article_modified_time":"2025-08-06T21:57:01+00:00","og_image":[{"width":1000,"height":1000,"url":"https:\/\/eralux.com\/wp-content\/uploads\/2025\/06\/LED-Area-Light-V-500W-1-1.jpg","type":"image\/jpeg"}],"twitter_card":"summary_large_image","twitter_site":"@eralux_inc","twitter_misc":{"Prix":"&#36;0.00","Disponibilit\u00e9":"En stock"},"schema":{"@context":"https:\/\/schema.org","@graph":[{"@type":"WebPage","@id":"https:\/\/eralux.com\/fr\/produit\/zorro-max\/","url":"https:\/\/eralux.com\/fr\/produit\/zorro-max\/","name":"ZORRO MAX - Eralux","isPartOf":{"@id":"https:\/\/eralux.com\/fr\/#website"},"primaryImageOfPage":{"@id":"https:\/\/eralux.com\/fr\/produit\/zorro-max\/#primaryimage"},"image":{"@id":"https:\/\/eralux.com\/fr\/produit\/zorro-max\/#primaryimage"},"thumbnailUrl":"https:\/\/eralux.com\/wp-content\/uploads\/2025\/06\/LED-Area-Light-V-500W-1-1.jpg","datePublished":"2025-06-05T18:43:28+00:00","dateModified":"2025-08-06T21:57:01+00:00","description":"Le ZORRO MAX est une extension de la gamme Zorro. Ce luminaire offre des options de puissance et de CCT s\u00e9lectionnables. Il offre \u00e9galement de multiples options de montage et divers mod\u00e8les de distribution de la lumi\u00e8re, vous permettant de personnaliser vos besoins en \u00e9clairage ext\u00e9rieur. Chaque luminaire est \u00e9quip\u00e9 en s\u00e9rie d'une base NEMA \u00e0 3 broches et d'un SPD de 20 kV. Applications : Concessionnaires automobiles | Commerce de d\u00e9tail | Commerce | Parkings de campus","breadcrumb":{"@id":"https:\/\/eralux.com\/fr\/produit\/zorro-max\/#breadcrumb"},"inLanguage":"fr-FR","potentialAction":[{"@type":"ReadAction","target":["https:\/\/eralux.com\/fr\/produit\/zorro-max\/"]}]},{"@type":"ImageObject","inLanguage":"fr-FR","@id":"https:\/\/eralux.com\/fr\/produit\/zorro-max\/#primaryimage","url":"https:\/\/eralux.com\/wp-content\/uploads\/2025\/06\/LED-Area-Light-V-500W-1-1.jpg","contentUrl":"https:\/\/eralux.com\/wp-content\/uploads\/2025\/06\/LED-Area-Light-V-500W-1-1.jpg","width":1000,"height":1000},{"@type":"BreadcrumbList","@id":"https:\/\/eralux.com\/fr\/produit\/zorro-max\/#breadcrumb","itemListElement":[{"@type":"ListItem","position":1,"name":"Home","item":"https:\/\/eralux.com\/fr\/"},{"@type":"ListItem","position":2,"name":"Shop","item":"https:\/\/eralux.com\/shop\/"},{"@type":"ListItem","position":3,"name":"ZORRO MAX"}]},{"@type":"WebSite","@id":"https:\/\/eralux.com\/fr\/#website","url":"https:\/\/eralux.com\/fr\/","name":"Eralux","description":"World leader for Energy Saving LED Solutions","publisher":{"@id":"https:\/\/eralux.com\/fr\/#organization"},"alternateName":"Led manufacturer Canada","potentialAction":[{"@type":"SearchAction","target":{"@type":"EntryPoint","urlTemplate":"https:\/\/eralux.com\/fr\/?s={search_term_string}"},"query-input":{"@type":"PropertyValueSpecification","valueRequired":true,"valueName":"search_term_string"}}],"inLanguage":"fr-FR"},{"@type":"Organization","@id":"https:\/\/eralux.com\/fr\/#organization","name":"Eralux","url":"https:\/\/eralux.com\/fr\/","logo":{"@type":"ImageObject","inLanguage":"fr-FR","@id":"https:\/\/eralux.com\/fr\/#\/schema\/logo\/image\/","url":"https:\/\/eralux.com\/wp-content\/uploads\/2024\/01\/eralux-logo-trademark-R.png","contentUrl":"https:\/\/eralux.com\/wp-content\/uploads\/2024\/01\/eralux-logo-trademark-R.png","width":1000,"height":446,"caption":"Eralux"},"image":{"@id":"https:\/\/eralux.com\/fr\/#\/schema\/logo\/image\/"},"sameAs":["https:\/\/www.facebook.com\/aeralux.corp","https:\/\/x.com\/eralux_inc"],"description":"Save on energy with high-performance LED solutions. Choose Eralux for eco-friendly lighting. Explore our range today!"}]},"product_price_amount":"0.00","product_price_currency":"CAD","og_availability":"instock","product_availability":"instock","product_condition":"new"},"_links":{"self":[{"href":"https:\/\/eralux.com\/fr\/wp-json\/wp\/v2\/product\/18775","targetHints":{"allow":["GET"]}}],"collection":[{"href":"https:\/\/eralux.com\/fr\/wp-json\/wp\/v2\/product"}],"about":[{"href":"https:\/\/eralux.com\/fr\/wp-json\/wp\/v2\/types\/product"}],"replies":[{"embeddable":true,"href":"https:\/\/eralux.com\/fr\/wp-json\/wp\/v2\/comments?post=18775"}],"wp:featuredmedia":[{"embeddable":true,"href":"https:\/\/eralux.com\/fr\/wp-json\/wp\/v2\/media\/18795"}],"wp:attachment":[{"href":"https:\/\/eralux.com\/fr\/wp-json\/wp\/v2\/media?parent=18775"}],"wp:term":[{"taxonomy":"product_brand","embeddable":true,"href":"https:\/\/eralux.com\/fr\/wp-json\/wp\/v2\/product_brand?post=18775"},{"taxonomy":"product_cat","embeddable":true,"href":"https:\/\/eralux.com\/fr\/wp-json\/wp\/v2\/product_cat?post=18775"},{"taxonomy":"product_tag","embeddable":true,"href":"https:\/\/eralux.com\/fr\/wp-json\/wp\/v2\/product_tag?post=18775"}],"curies":[{"name":"wp","href":"https:\/\/api.w.org\/{rel}","templated":true}]}}