{"id":19164,"date":"2025-07-18T13:21:45","date_gmt":"2025-07-18T13:21:45","guid":{"rendered":"https:\/\/eralux.com\/?post_type=product&#038;p=19164"},"modified":"2025-07-22T14:34:18","modified_gmt":"2025-07-22T14:34:18","slug":"disco-square","status":"publish","type":"product","link":"https:\/\/eralux.com\/fr\/produit\/disco-square\/","title":{"rendered":"DISCO SQUARE"},"content":{"rendered":"<p>La s\u00e9rie DISCO SQUARE offre une solution d&#8217;\u00e9clairage id\u00e9ale pour des transitions harmonieuses dans toute la maison. Disponible en plusieurs tailles et puissances, cet \u00e9l\u00e9gant luminaire offre des temp\u00e9ratures de couleur polyvalentes allant du 2700K chaleureux au 5000K lumineux, parfait pour cr\u00e9er l&#8217;ambiance souhait\u00e9e en toute occasion. Rehaussez vos espaces de vie avec la s\u00e9rie DISCO, qui offre un \u00e9clairage magnifique et adaptable qui transforme l&#8217;ambiance de n&#8217;importe quel environnement.<\/p>\n","protected":false},"excerpt":{"rendered":"<p>Downlight mont\u00e9 en surface<\/p>\n","protected":false},"featured_media":19176,"comment_status":"open","ping_status":"closed","template":"","meta":{"inline_featured_image":false},"product_brand":[],"product_cat":[2456],"product_tag":[],"class_list":{"0":"post-19164","1":"product","2":"type-product","3":"status-publish","4":"has-post-thumbnail","6":"spec_sheets-7in-12w-fr","7":"spec_sheets-9in-18w-fr","8":"spec_sheets-11in-22w-fr","9":"spec_sheets-27-50cct-fr","10":"spec_sheets-puissance-et-taille","11":"spec_sheets-cct-cri-fr","12":"product_applications-bureau-commercial","13":"product_applications-magasin-de-detail","14":"product_applications-residentiel","15":"product_segments-luminaires-encastres","16":"product_cat-dl-ds-fr","18":"first","19":"instock","20":"shipping-taxable","21":"purchasable","22":"product-type-simple"},"yoast_head":"<!-- This site is optimized with the Yoast SEO Premium plugin v24.2 (Yoast SEO v27.5) - https:\/\/yoast.com\/product\/yoast-seo-premium-wordpress\/ -->\n<title>DISCO SQUARE - Eralux<\/title>\n<meta name=\"description\" content=\"La s\u00e9rie DISCO SQUARE offre une solution d&#039;\u00e9clairage id\u00e9ale pour des transitions harmonieuses dans toute la maison. Disponible en plusieurs tailles et puissances, cet \u00e9l\u00e9gant luminaire offre des temp\u00e9ratures de couleur polyvalentes allant du 2700K chaleureux au 5000K lumineux, parfait pour cr\u00e9er l&#039;ambiance souhait\u00e9e en toute occasion. Rehaussez vos espaces de vie avec la s\u00e9rie DISCO, qui offre un \u00e9clairage magnifique et adaptable qui transforme l&#039;ambiance de n&#039;importe quel environnement.\" \/>\n<meta name=\"robots\" content=\"index, follow, max-snippet:-1, max-image-preview:large, max-video-preview:-1\" \/>\n<link rel=\"canonical\" href=\"https:\/\/eralux.com\/fr\/produit\/disco-square\/\" \/>\n<meta property=\"og:locale\" content=\"fr_FR\" \/>\n<meta property=\"og:type\" content=\"article\" \/>\n<meta property=\"og:title\" content=\"DISCO SQUARE\" \/>\n<meta property=\"og:description\" content=\"La s\u00e9rie DISCO SQUARE offre une solution d&#039;\u00e9clairage id\u00e9ale pour des transitions harmonieuses dans toute la maison. Disponible en plusieurs tailles et puissances, cet \u00e9l\u00e9gant luminaire offre des temp\u00e9ratures de couleur polyvalentes allant du 2700K chaleureux au 5000K lumineux, parfait pour cr\u00e9er l&#039;ambiance souhait\u00e9e en toute occasion. Rehaussez vos espaces de vie avec la s\u00e9rie DISCO, qui offre un \u00e9clairage magnifique et adaptable qui transforme l&#039;ambiance de n&#039;importe quel environnement.\" \/>\n<meta property=\"og:url\" content=\"https:\/\/eralux.com\/fr\/produit\/disco-square\/\" \/>\n<meta property=\"og:site_name\" content=\"Eralux\" \/>\n<meta property=\"article:publisher\" content=\"https:\/\/www.facebook.com\/aeralux.corp\" \/>\n<meta property=\"article:modified_time\" content=\"2025-07-22T14:34:18+00:00\" \/>\n<meta property=\"og:image\" content=\"https:\/\/eralux.com\/wp-content\/uploads\/2025\/07\/5-BD.png\" \/>\n\t<meta property=\"og:image:width\" content=\"1000\" \/>\n\t<meta property=\"og:image:height\" content=\"1000\" \/>\n\t<meta property=\"og:image:type\" content=\"image\/png\" \/>\n<meta name=\"twitter:card\" content=\"summary_large_image\" \/>\n<meta name=\"twitter:site\" content=\"@eralux_inc\" \/>\n<meta name=\"twitter:label1\" content=\"Prix\" \/>\n\t<meta name=\"twitter:data1\" content=\"&#036;0.00\" \/>\n\t<meta name=\"twitter:label2\" content=\"Disponibilit\u00e9\" \/>\n\t<meta name=\"twitter:data2\" content=\"En stock\" \/>\n<script type=\"application\/ld+json\" class=\"yoast-schema-graph\">{\"@context\":\"https:\\\/\\\/schema.org\",\"@graph\":[{\"@type\":\"WebPage\",\"@id\":\"https:\\\/\\\/eralux.com\\\/fr\\\/produit\\\/disco-square\\\/\",\"url\":\"https:\\\/\\\/eralux.com\\\/fr\\\/produit\\\/disco-square\\\/\",\"name\":\"DISCO SQUARE - Eralux\",\"isPartOf\":{\"@id\":\"https:\\\/\\\/eralux.com\\\/fr\\\/#website\"},\"primaryImageOfPage\":{\"@id\":\"https:\\\/\\\/eralux.com\\\/fr\\\/produit\\\/disco-square\\\/#primaryimage\"},\"image\":{\"@id\":\"https:\\\/\\\/eralux.com\\\/fr\\\/produit\\\/disco-square\\\/#primaryimage\"},\"thumbnailUrl\":\"https:\\\/\\\/eralux.com\\\/wp-content\\\/uploads\\\/2025\\\/07\\\/5-BD.png\",\"datePublished\":\"2025-07-18T13:21:45+00:00\",\"dateModified\":\"2025-07-22T14:34:18+00:00\",\"description\":\"La s\u00e9rie DISCO SQUARE offre une solution d'\u00e9clairage id\u00e9ale pour des transitions harmonieuses dans toute la maison. Disponible en plusieurs tailles et puissances, cet \u00e9l\u00e9gant luminaire offre des temp\u00e9ratures de couleur polyvalentes allant du 2700K chaleureux au 5000K lumineux, parfait pour cr\u00e9er l'ambiance souhait\u00e9e en toute occasion. Rehaussez vos espaces de vie avec la s\u00e9rie DISCO, qui offre un \u00e9clairage magnifique et adaptable qui transforme l'ambiance de n'importe quel environnement.\",\"breadcrumb\":{\"@id\":\"https:\\\/\\\/eralux.com\\\/fr\\\/produit\\\/disco-square\\\/#breadcrumb\"},\"inLanguage\":\"fr-FR\",\"potentialAction\":[{\"@type\":\"ReadAction\",\"target\":[\"https:\\\/\\\/eralux.com\\\/fr\\\/produit\\\/disco-square\\\/\"]}]},{\"@type\":\"ImageObject\",\"inLanguage\":\"fr-FR\",\"@id\":\"https:\\\/\\\/eralux.com\\\/fr\\\/produit\\\/disco-square\\\/#primaryimage\",\"url\":\"https:\\\/\\\/eralux.com\\\/wp-content\\\/uploads\\\/2025\\\/07\\\/5-BD.png\",\"contentUrl\":\"https:\\\/\\\/eralux.com\\\/wp-content\\\/uploads\\\/2025\\\/07\\\/5-BD.png\",\"width\":1000,\"height\":1000},{\"@type\":\"BreadcrumbList\",\"@id\":\"https:\\\/\\\/eralux.com\\\/fr\\\/produit\\\/disco-square\\\/#breadcrumb\",\"itemListElement\":[{\"@type\":\"ListItem\",\"position\":1,\"name\":\"Home\",\"item\":\"https:\\\/\\\/eralux.com\\\/fr\\\/\"},{\"@type\":\"ListItem\",\"position\":2,\"name\":\"Shop\",\"item\":\"https:\\\/\\\/eralux.com\\\/shop\\\/\"},{\"@type\":\"ListItem\",\"position\":3,\"name\":\"DISCO SQUARE\"}]},{\"@type\":\"WebSite\",\"@id\":\"https:\\\/\\\/eralux.com\\\/fr\\\/#website\",\"url\":\"https:\\\/\\\/eralux.com\\\/fr\\\/\",\"name\":\"Eralux\",\"description\":\"World leader for Energy Saving LED Solutions\",\"publisher\":{\"@id\":\"https:\\\/\\\/eralux.com\\\/fr\\\/#organization\"},\"alternateName\":\"Led manufacturer Canada\",\"potentialAction\":[{\"@type\":\"SearchAction\",\"target\":{\"@type\":\"EntryPoint\",\"urlTemplate\":\"https:\\\/\\\/eralux.com\\\/fr\\\/?s={search_term_string}\"},\"query-input\":{\"@type\":\"PropertyValueSpecification\",\"valueRequired\":true,\"valueName\":\"search_term_string\"}}],\"inLanguage\":\"fr-FR\"},{\"@type\":\"Organization\",\"@id\":\"https:\\\/\\\/eralux.com\\\/fr\\\/#organization\",\"name\":\"Eralux\",\"url\":\"https:\\\/\\\/eralux.com\\\/fr\\\/\",\"logo\":{\"@type\":\"ImageObject\",\"inLanguage\":\"fr-FR\",\"@id\":\"https:\\\/\\\/eralux.com\\\/fr\\\/#\\\/schema\\\/logo\\\/image\\\/\",\"url\":\"https:\\\/\\\/eralux.com\\\/wp-content\\\/uploads\\\/2024\\\/01\\\/eralux-logo-trademark-R.png\",\"contentUrl\":\"https:\\\/\\\/eralux.com\\\/wp-content\\\/uploads\\\/2024\\\/01\\\/eralux-logo-trademark-R.png\",\"width\":1000,\"height\":446,\"caption\":\"Eralux\"},\"image\":{\"@id\":\"https:\\\/\\\/eralux.com\\\/fr\\\/#\\\/schema\\\/logo\\\/image\\\/\"},\"sameAs\":[\"https:\\\/\\\/www.facebook.com\\\/aeralux.corp\",\"https:\\\/\\\/x.com\\\/eralux_inc\"],\"description\":\"Save on energy with high-performance LED solutions. Choose Eralux for eco-friendly lighting. Explore our range today!\"}]}<\/script>\n<meta property=\"product:price:amount\" content=\"0.00\" \/>\n<meta property=\"product:price:currency\" content=\"CAD\" \/>\n<meta property=\"og:availability\" content=\"instock\" \/>\n<meta property=\"product:availability\" content=\"instock\" \/>\n<meta property=\"product:condition\" content=\"new\" \/>\n<!-- \/ Yoast SEO Premium plugin. -->","yoast_head_json":{"title":"DISCO SQUARE - Eralux","description":"La s\u00e9rie DISCO SQUARE offre une solution d'\u00e9clairage id\u00e9ale pour des transitions harmonieuses dans toute la maison. Disponible en plusieurs tailles et puissances, cet \u00e9l\u00e9gant luminaire offre des temp\u00e9ratures de couleur polyvalentes allant du 2700K chaleureux au 5000K lumineux, parfait pour cr\u00e9er l'ambiance souhait\u00e9e en toute occasion. Rehaussez vos espaces de vie avec la s\u00e9rie DISCO, qui offre un \u00e9clairage magnifique et adaptable qui transforme l'ambiance de n'importe quel environnement.","robots":{"index":"index","follow":"follow","max-snippet":"max-snippet:-1","max-image-preview":"max-image-preview:large","max-video-preview":"max-video-preview:-1"},"canonical":"https:\/\/eralux.com\/fr\/produit\/disco-square\/","og_locale":"fr_FR","og_type":"article","og_title":"DISCO SQUARE","og_description":"La s\u00e9rie DISCO SQUARE offre une solution d'\u00e9clairage id\u00e9ale pour des transitions harmonieuses dans toute la maison. Disponible en plusieurs tailles et puissances, cet \u00e9l\u00e9gant luminaire offre des temp\u00e9ratures de couleur polyvalentes allant du 2700K chaleureux au 5000K lumineux, parfait pour cr\u00e9er l'ambiance souhait\u00e9e en toute occasion. Rehaussez vos espaces de vie avec la s\u00e9rie DISCO, qui offre un \u00e9clairage magnifique et adaptable qui transforme l'ambiance de n'importe quel environnement.","og_url":"https:\/\/eralux.com\/fr\/produit\/disco-square\/","og_site_name":"Eralux","article_publisher":"https:\/\/www.facebook.com\/aeralux.corp","article_modified_time":"2025-07-22T14:34:18+00:00","og_image":[{"width":1000,"height":1000,"url":"https:\/\/eralux.com\/wp-content\/uploads\/2025\/07\/5-BD.png","type":"image\/png"}],"twitter_card":"summary_large_image","twitter_site":"@eralux_inc","twitter_misc":{"Prix":"&#36;0.00","Disponibilit\u00e9":"En stock"},"schema":{"@context":"https:\/\/schema.org","@graph":[{"@type":"WebPage","@id":"https:\/\/eralux.com\/fr\/produit\/disco-square\/","url":"https:\/\/eralux.com\/fr\/produit\/disco-square\/","name":"DISCO SQUARE - Eralux","isPartOf":{"@id":"https:\/\/eralux.com\/fr\/#website"},"primaryImageOfPage":{"@id":"https:\/\/eralux.com\/fr\/produit\/disco-square\/#primaryimage"},"image":{"@id":"https:\/\/eralux.com\/fr\/produit\/disco-square\/#primaryimage"},"thumbnailUrl":"https:\/\/eralux.com\/wp-content\/uploads\/2025\/07\/5-BD.png","datePublished":"2025-07-18T13:21:45+00:00","dateModified":"2025-07-22T14:34:18+00:00","description":"La s\u00e9rie DISCO SQUARE offre une solution d'\u00e9clairage id\u00e9ale pour des transitions harmonieuses dans toute la maison. Disponible en plusieurs tailles et puissances, cet \u00e9l\u00e9gant luminaire offre des temp\u00e9ratures de couleur polyvalentes allant du 2700K chaleureux au 5000K lumineux, parfait pour cr\u00e9er l'ambiance souhait\u00e9e en toute occasion. Rehaussez vos espaces de vie avec la s\u00e9rie DISCO, qui offre un \u00e9clairage magnifique et adaptable qui transforme l'ambiance de n'importe quel environnement.","breadcrumb":{"@id":"https:\/\/eralux.com\/fr\/produit\/disco-square\/#breadcrumb"},"inLanguage":"fr-FR","potentialAction":[{"@type":"ReadAction","target":["https:\/\/eralux.com\/fr\/produit\/disco-square\/"]}]},{"@type":"ImageObject","inLanguage":"fr-FR","@id":"https:\/\/eralux.com\/fr\/produit\/disco-square\/#primaryimage","url":"https:\/\/eralux.com\/wp-content\/uploads\/2025\/07\/5-BD.png","contentUrl":"https:\/\/eralux.com\/wp-content\/uploads\/2025\/07\/5-BD.png","width":1000,"height":1000},{"@type":"BreadcrumbList","@id":"https:\/\/eralux.com\/fr\/produit\/disco-square\/#breadcrumb","itemListElement":[{"@type":"ListItem","position":1,"name":"Home","item":"https:\/\/eralux.com\/fr\/"},{"@type":"ListItem","position":2,"name":"Shop","item":"https:\/\/eralux.com\/shop\/"},{"@type":"ListItem","position":3,"name":"DISCO SQUARE"}]},{"@type":"WebSite","@id":"https:\/\/eralux.com\/fr\/#website","url":"https:\/\/eralux.com\/fr\/","name":"Eralux","description":"World leader for Energy Saving LED Solutions","publisher":{"@id":"https:\/\/eralux.com\/fr\/#organization"},"alternateName":"Led manufacturer Canada","potentialAction":[{"@type":"SearchAction","target":{"@type":"EntryPoint","urlTemplate":"https:\/\/eralux.com\/fr\/?s={search_term_string}"},"query-input":{"@type":"PropertyValueSpecification","valueRequired":true,"valueName":"search_term_string"}}],"inLanguage":"fr-FR"},{"@type":"Organization","@id":"https:\/\/eralux.com\/fr\/#organization","name":"Eralux","url":"https:\/\/eralux.com\/fr\/","logo":{"@type":"ImageObject","inLanguage":"fr-FR","@id":"https:\/\/eralux.com\/fr\/#\/schema\/logo\/image\/","url":"https:\/\/eralux.com\/wp-content\/uploads\/2024\/01\/eralux-logo-trademark-R.png","contentUrl":"https:\/\/eralux.com\/wp-content\/uploads\/2024\/01\/eralux-logo-trademark-R.png","width":1000,"height":446,"caption":"Eralux"},"image":{"@id":"https:\/\/eralux.com\/fr\/#\/schema\/logo\/image\/"},"sameAs":["https:\/\/www.facebook.com\/aeralux.corp","https:\/\/x.com\/eralux_inc"],"description":"Save on energy with high-performance LED solutions. Choose Eralux for eco-friendly lighting. Explore our range today!"}]},"product_price_amount":"0.00","product_price_currency":"CAD","og_availability":"instock","product_availability":"instock","product_condition":"new"},"_links":{"self":[{"href":"https:\/\/eralux.com\/fr\/wp-json\/wp\/v2\/product\/19164","targetHints":{"allow":["GET"]}}],"collection":[{"href":"https:\/\/eralux.com\/fr\/wp-json\/wp\/v2\/product"}],"about":[{"href":"https:\/\/eralux.com\/fr\/wp-json\/wp\/v2\/types\/product"}],"replies":[{"embeddable":true,"href":"https:\/\/eralux.com\/fr\/wp-json\/wp\/v2\/comments?post=19164"}],"wp:featuredmedia":[{"embeddable":true,"href":"https:\/\/eralux.com\/fr\/wp-json\/wp\/v2\/media\/19176"}],"wp:attachment":[{"href":"https:\/\/eralux.com\/fr\/wp-json\/wp\/v2\/media?parent=19164"}],"wp:term":[{"taxonomy":"product_brand","embeddable":true,"href":"https:\/\/eralux.com\/fr\/wp-json\/wp\/v2\/product_brand?post=19164"},{"taxonomy":"product_cat","embeddable":true,"href":"https:\/\/eralux.com\/fr\/wp-json\/wp\/v2\/product_cat?post=19164"},{"taxonomy":"product_tag","embeddable":true,"href":"https:\/\/eralux.com\/fr\/wp-json\/wp\/v2\/product_tag?post=19164"}],"curies":[{"name":"wp","href":"https:\/\/api.w.org\/{rel}","templated":true}]}}