{"id":19264,"date":"2025-07-22T18:51:54","date_gmt":"2025-07-22T18:51:54","guid":{"rendered":"https:\/\/eralux.com\/?post_type=product&#038;p=19264"},"modified":"2025-12-04T17:59:14","modified_gmt":"2025-12-04T17:59:14","slug":"jobber-ho","status":"publish","type":"product","link":"https:\/\/eralux.com\/fr\/produit\/jobber-ho\/","title":{"rendered":"JOBBER HO"},"content":{"rendered":"<p>Le JOBBER HO est une version am\u00e9lior\u00e9e de notre bande Jobber standard. Disponible en longueurs de 4&#8242; et 8&#8242;, il est con\u00e7u pour un montage en surface et suspendu. Il peut atteindre 170 lm\/w avec quatre options de puissance diff\u00e9rentes, ce qui rend le JOBBER HO compatible avec tous les projets.<\/p>\n","protected":false},"excerpt":{"rendered":"<p>Luminaire lin\u00e9aire en bande \u00e0 haute puissance<\/p>\n","protected":false},"featured_media":19278,"comment_status":"open","ping_status":"closed","template":"","meta":{"inline_featured_image":false},"product_brand":[],"product_cat":[2464],"product_tag":[],"class_list":{"0":"post-19264","1":"product","2":"type-product","3":"status-publish","4":"has-post-thumbnail","6":"spec_sheets-830-65-fr","7":"spec_sheets-08-tp136-fr","8":"spec_sheets-04-tp80-fr","9":"spec_sheets-ca-fr-6","10":"spec_sheets-ms-fr","11":"spec_sheets-em-fr-3","12":"spec_sheets-wh-fr-2","13":"spec_sheets-longueur-et-puissance","14":"spec_sheets-cct-fr","15":"spec_sheets-finition","16":"spec_sheets-lentille","17":"spec_sheets-capteur","18":"spec_sheets-tension","19":"product_applications-warehouse","20":"product_applications-garage-fr","21":"product_applications-parking","22":"product_segments-reglettes","23":"product_segments-produits-lineaires","24":"product_cat-sf-jb-fr","26":"first","27":"instock","28":"shipping-taxable","29":"purchasable","30":"product-type-simple"},"yoast_head":"<!-- This site is optimized with the Yoast SEO Premium plugin v24.2 (Yoast SEO v27.4) - https:\/\/yoast.com\/product\/yoast-seo-premium-wordpress\/ -->\n<title>JOBBER HO - Eralux<\/title>\n<meta name=\"description\" content=\"Le JOBBER HO est une version am\u00e9lior\u00e9e de notre bande Jobber standard. Disponible en longueurs de 4&#039; et 8&#039;, il est con\u00e7u pour un montage en surface et suspendu. Il peut atteindre 170 lm\/w avec quatre options de puissance diff\u00e9rentes, ce qui rend le JOBBER HO compatible avec tous les projets.\" \/>\n<meta name=\"robots\" content=\"index, follow, max-snippet:-1, max-image-preview:large, max-video-preview:-1\" \/>\n<link rel=\"canonical\" href=\"https:\/\/eralux.com\/fr\/produit\/jobber-ho\/\" \/>\n<meta property=\"og:locale\" content=\"fr_FR\" \/>\n<meta property=\"og:type\" content=\"article\" \/>\n<meta property=\"og:title\" content=\"JOBBER HO\" \/>\n<meta property=\"og:description\" content=\"Le JOBBER HO est une version am\u00e9lior\u00e9e de notre bande Jobber standard. Disponible en longueurs de 4&#039; et 8&#039;, il est con\u00e7u pour un montage en surface et suspendu. Il peut atteindre 170 lm\/w avec quatre options de puissance diff\u00e9rentes, ce qui rend le JOBBER HO compatible avec tous les projets.\" \/>\n<meta property=\"og:url\" content=\"https:\/\/eralux.com\/fr\/produit\/jobber-ho\/\" \/>\n<meta property=\"og:site_name\" content=\"Eralux\" \/>\n<meta property=\"article:publisher\" content=\"https:\/\/www.facebook.com\/aeralux.corp\" \/>\n<meta property=\"article:modified_time\" content=\"2025-12-04T17:59:14+00:00\" \/>\n<meta property=\"og:image\" content=\"https:\/\/eralux.com\/wp-content\/uploads\/2025\/07\/Jobber1.png\" \/>\n\t<meta property=\"og:image:width\" content=\"1000\" \/>\n\t<meta property=\"og:image:height\" content=\"1000\" \/>\n\t<meta property=\"og:image:type\" content=\"image\/png\" \/>\n<meta name=\"twitter:card\" content=\"summary_large_image\" \/>\n<meta name=\"twitter:site\" content=\"@eralux_inc\" \/>\n<meta name=\"twitter:label1\" content=\"Prix\" \/>\n\t<meta name=\"twitter:data1\" content=\"&#036;0.00\" \/>\n\t<meta name=\"twitter:label2\" content=\"Disponibilit\u00e9\" \/>\n\t<meta name=\"twitter:data2\" content=\"En stock\" \/>\n<script type=\"application\/ld+json\" class=\"yoast-schema-graph\">{\"@context\":\"https:\\\/\\\/schema.org\",\"@graph\":[{\"@type\":\"WebPage\",\"@id\":\"https:\\\/\\\/eralux.com\\\/fr\\\/produit\\\/jobber-ho\\\/\",\"url\":\"https:\\\/\\\/eralux.com\\\/fr\\\/produit\\\/jobber-ho\\\/\",\"name\":\"JOBBER HO - Eralux\",\"isPartOf\":{\"@id\":\"https:\\\/\\\/eralux.com\\\/fr\\\/#website\"},\"primaryImageOfPage\":{\"@id\":\"https:\\\/\\\/eralux.com\\\/fr\\\/produit\\\/jobber-ho\\\/#primaryimage\"},\"image\":{\"@id\":\"https:\\\/\\\/eralux.com\\\/fr\\\/produit\\\/jobber-ho\\\/#primaryimage\"},\"thumbnailUrl\":\"https:\\\/\\\/eralux.com\\\/wp-content\\\/uploads\\\/2025\\\/07\\\/Jobber1.png\",\"datePublished\":\"2025-07-22T18:51:54+00:00\",\"dateModified\":\"2025-12-04T17:59:14+00:00\",\"description\":\"Le JOBBER HO est une version am\u00e9lior\u00e9e de notre bande Jobber standard. Disponible en longueurs de 4' et 8', il est con\u00e7u pour un montage en surface et suspendu. Il peut atteindre 170 lm\\\/w avec quatre options de puissance diff\u00e9rentes, ce qui rend le JOBBER HO compatible avec tous les projets.\",\"breadcrumb\":{\"@id\":\"https:\\\/\\\/eralux.com\\\/fr\\\/produit\\\/jobber-ho\\\/#breadcrumb\"},\"inLanguage\":\"fr-FR\",\"potentialAction\":[{\"@type\":\"ReadAction\",\"target\":[\"https:\\\/\\\/eralux.com\\\/fr\\\/produit\\\/jobber-ho\\\/\"]}]},{\"@type\":\"ImageObject\",\"inLanguage\":\"fr-FR\",\"@id\":\"https:\\\/\\\/eralux.com\\\/fr\\\/produit\\\/jobber-ho\\\/#primaryimage\",\"url\":\"https:\\\/\\\/eralux.com\\\/wp-content\\\/uploads\\\/2025\\\/07\\\/Jobber1.png\",\"contentUrl\":\"https:\\\/\\\/eralux.com\\\/wp-content\\\/uploads\\\/2025\\\/07\\\/Jobber1.png\",\"width\":1000,\"height\":1000},{\"@type\":\"BreadcrumbList\",\"@id\":\"https:\\\/\\\/eralux.com\\\/fr\\\/produit\\\/jobber-ho\\\/#breadcrumb\",\"itemListElement\":[{\"@type\":\"ListItem\",\"position\":1,\"name\":\"Home\",\"item\":\"https:\\\/\\\/eralux.com\\\/fr\\\/\"},{\"@type\":\"ListItem\",\"position\":2,\"name\":\"Shop\",\"item\":\"https:\\\/\\\/eralux.com\\\/shop\\\/\"},{\"@type\":\"ListItem\",\"position\":3,\"name\":\"JOBBER HO\"}]},{\"@type\":\"WebSite\",\"@id\":\"https:\\\/\\\/eralux.com\\\/fr\\\/#website\",\"url\":\"https:\\\/\\\/eralux.com\\\/fr\\\/\",\"name\":\"Eralux\",\"description\":\"World leader for Energy Saving LED Solutions\",\"publisher\":{\"@id\":\"https:\\\/\\\/eralux.com\\\/fr\\\/#organization\"},\"alternateName\":\"Led manufacturer Canada\",\"potentialAction\":[{\"@type\":\"SearchAction\",\"target\":{\"@type\":\"EntryPoint\",\"urlTemplate\":\"https:\\\/\\\/eralux.com\\\/fr\\\/?s={search_term_string}\"},\"query-input\":{\"@type\":\"PropertyValueSpecification\",\"valueRequired\":true,\"valueName\":\"search_term_string\"}}],\"inLanguage\":\"fr-FR\"},{\"@type\":\"Organization\",\"@id\":\"https:\\\/\\\/eralux.com\\\/fr\\\/#organization\",\"name\":\"Eralux\",\"url\":\"https:\\\/\\\/eralux.com\\\/fr\\\/\",\"logo\":{\"@type\":\"ImageObject\",\"inLanguage\":\"fr-FR\",\"@id\":\"https:\\\/\\\/eralux.com\\\/fr\\\/#\\\/schema\\\/logo\\\/image\\\/\",\"url\":\"https:\\\/\\\/eralux.com\\\/wp-content\\\/uploads\\\/2024\\\/01\\\/eralux-logo-trademark-R.png\",\"contentUrl\":\"https:\\\/\\\/eralux.com\\\/wp-content\\\/uploads\\\/2024\\\/01\\\/eralux-logo-trademark-R.png\",\"width\":1000,\"height\":446,\"caption\":\"Eralux\"},\"image\":{\"@id\":\"https:\\\/\\\/eralux.com\\\/fr\\\/#\\\/schema\\\/logo\\\/image\\\/\"},\"sameAs\":[\"https:\\\/\\\/www.facebook.com\\\/aeralux.corp\",\"https:\\\/\\\/x.com\\\/eralux_inc\"],\"description\":\"Save on energy with high-performance LED solutions. Choose Eralux for eco-friendly lighting. Explore our range today!\"}]}<\/script>\n<meta property=\"product:price:amount\" content=\"0.00\" \/>\n<meta property=\"product:price:currency\" content=\"CAD\" \/>\n<meta property=\"og:availability\" content=\"instock\" \/>\n<meta property=\"product:availability\" content=\"instock\" \/>\n<meta property=\"product:condition\" content=\"new\" \/>\n<!-- \/ Yoast SEO Premium plugin. -->","yoast_head_json":{"title":"JOBBER HO - Eralux","description":"Le JOBBER HO est une version am\u00e9lior\u00e9e de notre bande Jobber standard. Disponible en longueurs de 4' et 8', il est con\u00e7u pour un montage en surface et suspendu. Il peut atteindre 170 lm\/w avec quatre options de puissance diff\u00e9rentes, ce qui rend le JOBBER HO compatible avec tous les projets.","robots":{"index":"index","follow":"follow","max-snippet":"max-snippet:-1","max-image-preview":"max-image-preview:large","max-video-preview":"max-video-preview:-1"},"canonical":"https:\/\/eralux.com\/fr\/produit\/jobber-ho\/","og_locale":"fr_FR","og_type":"article","og_title":"JOBBER HO","og_description":"Le JOBBER HO est une version am\u00e9lior\u00e9e de notre bande Jobber standard. Disponible en longueurs de 4' et 8', il est con\u00e7u pour un montage en surface et suspendu. Il peut atteindre 170 lm\/w avec quatre options de puissance diff\u00e9rentes, ce qui rend le JOBBER HO compatible avec tous les projets.","og_url":"https:\/\/eralux.com\/fr\/produit\/jobber-ho\/","og_site_name":"Eralux","article_publisher":"https:\/\/www.facebook.com\/aeralux.corp","article_modified_time":"2025-12-04T17:59:14+00:00","og_image":[{"width":1000,"height":1000,"url":"https:\/\/eralux.com\/wp-content\/uploads\/2025\/07\/Jobber1.png","type":"image\/png"}],"twitter_card":"summary_large_image","twitter_site":"@eralux_inc","twitter_misc":{"Prix":"&#36;0.00","Disponibilit\u00e9":"En stock"},"schema":{"@context":"https:\/\/schema.org","@graph":[{"@type":"WebPage","@id":"https:\/\/eralux.com\/fr\/produit\/jobber-ho\/","url":"https:\/\/eralux.com\/fr\/produit\/jobber-ho\/","name":"JOBBER HO - Eralux","isPartOf":{"@id":"https:\/\/eralux.com\/fr\/#website"},"primaryImageOfPage":{"@id":"https:\/\/eralux.com\/fr\/produit\/jobber-ho\/#primaryimage"},"image":{"@id":"https:\/\/eralux.com\/fr\/produit\/jobber-ho\/#primaryimage"},"thumbnailUrl":"https:\/\/eralux.com\/wp-content\/uploads\/2025\/07\/Jobber1.png","datePublished":"2025-07-22T18:51:54+00:00","dateModified":"2025-12-04T17:59:14+00:00","description":"Le JOBBER HO est une version am\u00e9lior\u00e9e de notre bande Jobber standard. Disponible en longueurs de 4' et 8', il est con\u00e7u pour un montage en surface et suspendu. Il peut atteindre 170 lm\/w avec quatre options de puissance diff\u00e9rentes, ce qui rend le JOBBER HO compatible avec tous les projets.","breadcrumb":{"@id":"https:\/\/eralux.com\/fr\/produit\/jobber-ho\/#breadcrumb"},"inLanguage":"fr-FR","potentialAction":[{"@type":"ReadAction","target":["https:\/\/eralux.com\/fr\/produit\/jobber-ho\/"]}]},{"@type":"ImageObject","inLanguage":"fr-FR","@id":"https:\/\/eralux.com\/fr\/produit\/jobber-ho\/#primaryimage","url":"https:\/\/eralux.com\/wp-content\/uploads\/2025\/07\/Jobber1.png","contentUrl":"https:\/\/eralux.com\/wp-content\/uploads\/2025\/07\/Jobber1.png","width":1000,"height":1000},{"@type":"BreadcrumbList","@id":"https:\/\/eralux.com\/fr\/produit\/jobber-ho\/#breadcrumb","itemListElement":[{"@type":"ListItem","position":1,"name":"Home","item":"https:\/\/eralux.com\/fr\/"},{"@type":"ListItem","position":2,"name":"Shop","item":"https:\/\/eralux.com\/shop\/"},{"@type":"ListItem","position":3,"name":"JOBBER HO"}]},{"@type":"WebSite","@id":"https:\/\/eralux.com\/fr\/#website","url":"https:\/\/eralux.com\/fr\/","name":"Eralux","description":"World leader for Energy Saving LED Solutions","publisher":{"@id":"https:\/\/eralux.com\/fr\/#organization"},"alternateName":"Led manufacturer Canada","potentialAction":[{"@type":"SearchAction","target":{"@type":"EntryPoint","urlTemplate":"https:\/\/eralux.com\/fr\/?s={search_term_string}"},"query-input":{"@type":"PropertyValueSpecification","valueRequired":true,"valueName":"search_term_string"}}],"inLanguage":"fr-FR"},{"@type":"Organization","@id":"https:\/\/eralux.com\/fr\/#organization","name":"Eralux","url":"https:\/\/eralux.com\/fr\/","logo":{"@type":"ImageObject","inLanguage":"fr-FR","@id":"https:\/\/eralux.com\/fr\/#\/schema\/logo\/image\/","url":"https:\/\/eralux.com\/wp-content\/uploads\/2024\/01\/eralux-logo-trademark-R.png","contentUrl":"https:\/\/eralux.com\/wp-content\/uploads\/2024\/01\/eralux-logo-trademark-R.png","width":1000,"height":446,"caption":"Eralux"},"image":{"@id":"https:\/\/eralux.com\/fr\/#\/schema\/logo\/image\/"},"sameAs":["https:\/\/www.facebook.com\/aeralux.corp","https:\/\/x.com\/eralux_inc"],"description":"Save on energy with high-performance LED solutions. Choose Eralux for eco-friendly lighting. Explore our range today!"}]},"product_price_amount":"0.00","product_price_currency":"CAD","og_availability":"instock","product_availability":"instock","product_condition":"new"},"_links":{"self":[{"href":"https:\/\/eralux.com\/fr\/wp-json\/wp\/v2\/product\/19264","targetHints":{"allow":["GET"]}}],"collection":[{"href":"https:\/\/eralux.com\/fr\/wp-json\/wp\/v2\/product"}],"about":[{"href":"https:\/\/eralux.com\/fr\/wp-json\/wp\/v2\/types\/product"}],"replies":[{"embeddable":true,"href":"https:\/\/eralux.com\/fr\/wp-json\/wp\/v2\/comments?post=19264"}],"wp:featuredmedia":[{"embeddable":true,"href":"https:\/\/eralux.com\/fr\/wp-json\/wp\/v2\/media\/19278"}],"wp:attachment":[{"href":"https:\/\/eralux.com\/fr\/wp-json\/wp\/v2\/media?parent=19264"}],"wp:term":[{"taxonomy":"product_brand","embeddable":true,"href":"https:\/\/eralux.com\/fr\/wp-json\/wp\/v2\/product_brand?post=19264"},{"taxonomy":"product_cat","embeddable":true,"href":"https:\/\/eralux.com\/fr\/wp-json\/wp\/v2\/product_cat?post=19264"},{"taxonomy":"product_tag","embeddable":true,"href":"https:\/\/eralux.com\/fr\/wp-json\/wp\/v2\/product_tag?post=19264"}],"curies":[{"name":"wp","href":"https:\/\/api.w.org\/{rel}","templated":true}]}}