{"id":19852,"date":"2025-08-14T18:34:52","date_gmt":"2025-08-14T18:34:52","guid":{"rendered":"https:\/\/eralux.com\/?post_type=product&#038;p=19852"},"modified":"2025-11-27T17:56:17","modified_gmt":"2025-11-27T17:56:17","slug":"eclipse-2","status":"publish","type":"product","link":"https:\/\/eralux.com\/fr\/produit\/eclipse-2\/","title":{"rendered":"ECLIPSE"},"content":{"rendered":"<p>L&#8217;ECLIPSE fait partie de notre nouvelle s\u00e9rie CASA de luminaires pour salle de bain. Ce luminaire offre plusieurs options de CCT et de finition de couleur. Il apportera une touche d&#8217;\u00e9l\u00e9gance \u00e0 tous les espaces o\u00f9 il sera install\u00e9.<\/p>\n","protected":false},"excerpt":{"rendered":"<p>Luminaire d\u00e9coratif de vanit\u00e9<\/p>\n","protected":false},"featured_media":19310,"comment_status":"open","ping_status":"closed","template":"","meta":{"inline_featured_image":false},"product_brand":[],"product_cat":[2503],"product_tag":[],"class_list":{"0":"post-19852","1":"product","2":"type-product","3":"status-publish","4":"has-post-thumbnail","6":"spec_sheets-15-fr-4","7":"spec_sheets-gd-fr-2","8":"spec_sheets-24w-fr","9":"spec_sheets-dimension-fr","10":"spec_sheets-bk-fr-2","11":"spec_sheets-finition","12":"spec_sheets-puissance","13":"product_applications-magasin-de-mode","14":"product_applications-magasin-de-detail","15":"product_applications-residentiel","16":"product_segments-luminaires-encastres","17":"product_segments-luminaires-decoratifs","18":"product_cat-cs-ec","20":"first","21":"instock","22":"shipping-taxable","23":"purchasable","24":"product-type-simple"},"yoast_head":"<!-- This site is optimized with the Yoast SEO Premium plugin v24.2 (Yoast SEO v27.5) - https:\/\/yoast.com\/product\/yoast-seo-premium-wordpress\/ -->\n<title>ECLIPSE - Eralux<\/title>\n<meta name=\"description\" content=\"Le luminaire Eclipse fait partie de notre nouvelle s\u00e9rie de spots encastr\u00e9 Casa. Ce luminaire offre diff\u00e9rentes options de couleur de finition et de CCT. Il apportera une touche d&#039;\u00e9l\u00e9gance \u00e0 tous les espaces o\u00f9 il sera install\u00e9.\" \/>\n<meta name=\"robots\" content=\"index, follow, max-snippet:-1, max-image-preview:large, max-video-preview:-1\" \/>\n<link rel=\"canonical\" href=\"https:\/\/eralux.com\/fr\/produit\/eclipse-2\/\" \/>\n<meta property=\"og:locale\" content=\"fr_FR\" \/>\n<meta property=\"og:type\" content=\"article\" \/>\n<meta property=\"og:title\" content=\"ECLIPSE\" \/>\n<meta property=\"og:description\" content=\"Le luminaire Eclipse fait partie de notre nouvelle s\u00e9rie de spots encastr\u00e9 Casa. Ce luminaire offre diff\u00e9rentes options de couleur de finition et de CCT. Il apportera une touche d&#039;\u00e9l\u00e9gance \u00e0 tous les espaces o\u00f9 il sera install\u00e9.\" \/>\n<meta property=\"og:url\" content=\"https:\/\/eralux.com\/fr\/produit\/eclipse-2\/\" \/>\n<meta property=\"og:site_name\" content=\"Eralux\" \/>\n<meta property=\"article:publisher\" content=\"https:\/\/www.facebook.com\/aeralux.corp\" \/>\n<meta property=\"article:modified_time\" content=\"2025-11-27T17:56:17+00:00\" \/>\n<meta property=\"og:image\" content=\"https:\/\/eralux.com\/wp-content\/uploads\/2025\/07\/1-.png\" \/>\n\t<meta property=\"og:image:width\" content=\"1000\" \/>\n\t<meta property=\"og:image:height\" content=\"1000\" \/>\n\t<meta property=\"og:image:type\" content=\"image\/png\" \/>\n<meta name=\"twitter:card\" content=\"summary_large_image\" \/>\n<meta name=\"twitter:site\" content=\"@eralux_inc\" \/>\n<meta name=\"twitter:label1\" content=\"Prix\" \/>\n\t<meta name=\"twitter:data1\" content=\"&#036;0.00\" \/>\n\t<meta name=\"twitter:label2\" content=\"Disponibilit\u00e9\" \/>\n\t<meta name=\"twitter:data2\" content=\"En stock\" \/>\n<script type=\"application\/ld+json\" class=\"yoast-schema-graph\">{\"@context\":\"https:\\\/\\\/schema.org\",\"@graph\":[{\"@type\":\"WebPage\",\"@id\":\"https:\\\/\\\/eralux.com\\\/fr\\\/produit\\\/eclipse-2\\\/\",\"url\":\"https:\\\/\\\/eralux.com\\\/fr\\\/produit\\\/eclipse-2\\\/\",\"name\":\"ECLIPSE - Eralux\",\"isPartOf\":{\"@id\":\"https:\\\/\\\/eralux.com\\\/fr\\\/#website\"},\"primaryImageOfPage\":{\"@id\":\"https:\\\/\\\/eralux.com\\\/fr\\\/produit\\\/eclipse-2\\\/#primaryimage\"},\"image\":{\"@id\":\"https:\\\/\\\/eralux.com\\\/fr\\\/produit\\\/eclipse-2\\\/#primaryimage\"},\"thumbnailUrl\":\"https:\\\/\\\/eralux.com\\\/wp-content\\\/uploads\\\/2025\\\/07\\\/1-.png\",\"datePublished\":\"2025-08-14T18:34:52+00:00\",\"dateModified\":\"2025-11-27T17:56:17+00:00\",\"description\":\"Le luminaire Eclipse fait partie de notre nouvelle s\u00e9rie de spots encastr\u00e9 Casa. Ce luminaire offre diff\u00e9rentes options de couleur de finition et de CCT. Il apportera une touche d'\u00e9l\u00e9gance \u00e0 tous les espaces o\u00f9 il sera install\u00e9.\",\"breadcrumb\":{\"@id\":\"https:\\\/\\\/eralux.com\\\/fr\\\/produit\\\/eclipse-2\\\/#breadcrumb\"},\"inLanguage\":\"fr-FR\",\"potentialAction\":[{\"@type\":\"ReadAction\",\"target\":[\"https:\\\/\\\/eralux.com\\\/fr\\\/produit\\\/eclipse-2\\\/\"]}]},{\"@type\":\"ImageObject\",\"inLanguage\":\"fr-FR\",\"@id\":\"https:\\\/\\\/eralux.com\\\/fr\\\/produit\\\/eclipse-2\\\/#primaryimage\",\"url\":\"https:\\\/\\\/eralux.com\\\/wp-content\\\/uploads\\\/2025\\\/07\\\/1-.png\",\"contentUrl\":\"https:\\\/\\\/eralux.com\\\/wp-content\\\/uploads\\\/2025\\\/07\\\/1-.png\",\"width\":1000,\"height\":1000},{\"@type\":\"BreadcrumbList\",\"@id\":\"https:\\\/\\\/eralux.com\\\/fr\\\/produit\\\/eclipse-2\\\/#breadcrumb\",\"itemListElement\":[{\"@type\":\"ListItem\",\"position\":1,\"name\":\"Home\",\"item\":\"https:\\\/\\\/eralux.com\\\/fr\\\/\"},{\"@type\":\"ListItem\",\"position\":2,\"name\":\"Shop\",\"item\":\"https:\\\/\\\/eralux.com\\\/shop\\\/\"},{\"@type\":\"ListItem\",\"position\":3,\"name\":\"ECLIPSE\"}]},{\"@type\":\"WebSite\",\"@id\":\"https:\\\/\\\/eralux.com\\\/fr\\\/#website\",\"url\":\"https:\\\/\\\/eralux.com\\\/fr\\\/\",\"name\":\"Eralux\",\"description\":\"World leader for Energy Saving LED Solutions\",\"publisher\":{\"@id\":\"https:\\\/\\\/eralux.com\\\/fr\\\/#organization\"},\"alternateName\":\"Led manufacturer Canada\",\"potentialAction\":[{\"@type\":\"SearchAction\",\"target\":{\"@type\":\"EntryPoint\",\"urlTemplate\":\"https:\\\/\\\/eralux.com\\\/fr\\\/?s={search_term_string}\"},\"query-input\":{\"@type\":\"PropertyValueSpecification\",\"valueRequired\":true,\"valueName\":\"search_term_string\"}}],\"inLanguage\":\"fr-FR\"},{\"@type\":\"Organization\",\"@id\":\"https:\\\/\\\/eralux.com\\\/fr\\\/#organization\",\"name\":\"Eralux\",\"url\":\"https:\\\/\\\/eralux.com\\\/fr\\\/\",\"logo\":{\"@type\":\"ImageObject\",\"inLanguage\":\"fr-FR\",\"@id\":\"https:\\\/\\\/eralux.com\\\/fr\\\/#\\\/schema\\\/logo\\\/image\\\/\",\"url\":\"https:\\\/\\\/eralux.com\\\/wp-content\\\/uploads\\\/2024\\\/01\\\/eralux-logo-trademark-R.png\",\"contentUrl\":\"https:\\\/\\\/eralux.com\\\/wp-content\\\/uploads\\\/2024\\\/01\\\/eralux-logo-trademark-R.png\",\"width\":1000,\"height\":446,\"caption\":\"Eralux\"},\"image\":{\"@id\":\"https:\\\/\\\/eralux.com\\\/fr\\\/#\\\/schema\\\/logo\\\/image\\\/\"},\"sameAs\":[\"https:\\\/\\\/www.facebook.com\\\/aeralux.corp\",\"https:\\\/\\\/x.com\\\/eralux_inc\"],\"description\":\"Save on energy with high-performance LED solutions. Choose Eralux for eco-friendly lighting. Explore our range today!\"}]}<\/script>\n<meta property=\"product:price:amount\" content=\"0.00\" \/>\n<meta property=\"product:price:currency\" content=\"CAD\" \/>\n<meta property=\"og:availability\" content=\"instock\" \/>\n<meta property=\"product:availability\" content=\"instock\" \/>\n<meta property=\"product:condition\" content=\"new\" \/>\n<!-- \/ Yoast SEO Premium plugin. -->","yoast_head_json":{"title":"ECLIPSE - Eralux","description":"Le luminaire Eclipse fait partie de notre nouvelle s\u00e9rie de spots encastr\u00e9 Casa. Ce luminaire offre diff\u00e9rentes options de couleur de finition et de CCT. Il apportera une touche d'\u00e9l\u00e9gance \u00e0 tous les espaces o\u00f9 il sera install\u00e9.","robots":{"index":"index","follow":"follow","max-snippet":"max-snippet:-1","max-image-preview":"max-image-preview:large","max-video-preview":"max-video-preview:-1"},"canonical":"https:\/\/eralux.com\/fr\/produit\/eclipse-2\/","og_locale":"fr_FR","og_type":"article","og_title":"ECLIPSE","og_description":"Le luminaire Eclipse fait partie de notre nouvelle s\u00e9rie de spots encastr\u00e9 Casa. Ce luminaire offre diff\u00e9rentes options de couleur de finition et de CCT. Il apportera une touche d'\u00e9l\u00e9gance \u00e0 tous les espaces o\u00f9 il sera install\u00e9.","og_url":"https:\/\/eralux.com\/fr\/produit\/eclipse-2\/","og_site_name":"Eralux","article_publisher":"https:\/\/www.facebook.com\/aeralux.corp","article_modified_time":"2025-11-27T17:56:17+00:00","og_image":[{"width":1000,"height":1000,"url":"https:\/\/eralux.com\/wp-content\/uploads\/2025\/07\/1-.png","type":"image\/png"}],"twitter_card":"summary_large_image","twitter_site":"@eralux_inc","twitter_misc":{"Prix":"&#36;0.00","Disponibilit\u00e9":"En stock"},"schema":{"@context":"https:\/\/schema.org","@graph":[{"@type":"WebPage","@id":"https:\/\/eralux.com\/fr\/produit\/eclipse-2\/","url":"https:\/\/eralux.com\/fr\/produit\/eclipse-2\/","name":"ECLIPSE - Eralux","isPartOf":{"@id":"https:\/\/eralux.com\/fr\/#website"},"primaryImageOfPage":{"@id":"https:\/\/eralux.com\/fr\/produit\/eclipse-2\/#primaryimage"},"image":{"@id":"https:\/\/eralux.com\/fr\/produit\/eclipse-2\/#primaryimage"},"thumbnailUrl":"https:\/\/eralux.com\/wp-content\/uploads\/2025\/07\/1-.png","datePublished":"2025-08-14T18:34:52+00:00","dateModified":"2025-11-27T17:56:17+00:00","description":"Le luminaire Eclipse fait partie de notre nouvelle s\u00e9rie de spots encastr\u00e9 Casa. Ce luminaire offre diff\u00e9rentes options de couleur de finition et de CCT. Il apportera une touche d'\u00e9l\u00e9gance \u00e0 tous les espaces o\u00f9 il sera install\u00e9.","breadcrumb":{"@id":"https:\/\/eralux.com\/fr\/produit\/eclipse-2\/#breadcrumb"},"inLanguage":"fr-FR","potentialAction":[{"@type":"ReadAction","target":["https:\/\/eralux.com\/fr\/produit\/eclipse-2\/"]}]},{"@type":"ImageObject","inLanguage":"fr-FR","@id":"https:\/\/eralux.com\/fr\/produit\/eclipse-2\/#primaryimage","url":"https:\/\/eralux.com\/wp-content\/uploads\/2025\/07\/1-.png","contentUrl":"https:\/\/eralux.com\/wp-content\/uploads\/2025\/07\/1-.png","width":1000,"height":1000},{"@type":"BreadcrumbList","@id":"https:\/\/eralux.com\/fr\/produit\/eclipse-2\/#breadcrumb","itemListElement":[{"@type":"ListItem","position":1,"name":"Home","item":"https:\/\/eralux.com\/fr\/"},{"@type":"ListItem","position":2,"name":"Shop","item":"https:\/\/eralux.com\/shop\/"},{"@type":"ListItem","position":3,"name":"ECLIPSE"}]},{"@type":"WebSite","@id":"https:\/\/eralux.com\/fr\/#website","url":"https:\/\/eralux.com\/fr\/","name":"Eralux","description":"World leader for Energy Saving LED Solutions","publisher":{"@id":"https:\/\/eralux.com\/fr\/#organization"},"alternateName":"Led manufacturer Canada","potentialAction":[{"@type":"SearchAction","target":{"@type":"EntryPoint","urlTemplate":"https:\/\/eralux.com\/fr\/?s={search_term_string}"},"query-input":{"@type":"PropertyValueSpecification","valueRequired":true,"valueName":"search_term_string"}}],"inLanguage":"fr-FR"},{"@type":"Organization","@id":"https:\/\/eralux.com\/fr\/#organization","name":"Eralux","url":"https:\/\/eralux.com\/fr\/","logo":{"@type":"ImageObject","inLanguage":"fr-FR","@id":"https:\/\/eralux.com\/fr\/#\/schema\/logo\/image\/","url":"https:\/\/eralux.com\/wp-content\/uploads\/2024\/01\/eralux-logo-trademark-R.png","contentUrl":"https:\/\/eralux.com\/wp-content\/uploads\/2024\/01\/eralux-logo-trademark-R.png","width":1000,"height":446,"caption":"Eralux"},"image":{"@id":"https:\/\/eralux.com\/fr\/#\/schema\/logo\/image\/"},"sameAs":["https:\/\/www.facebook.com\/aeralux.corp","https:\/\/x.com\/eralux_inc"],"description":"Save on energy with high-performance LED solutions. Choose Eralux for eco-friendly lighting. Explore our range today!"}]},"product_price_amount":"0.00","product_price_currency":"CAD","og_availability":"instock","product_availability":"instock","product_condition":"new"},"_links":{"self":[{"href":"https:\/\/eralux.com\/fr\/wp-json\/wp\/v2\/product\/19852","targetHints":{"allow":["GET"]}}],"collection":[{"href":"https:\/\/eralux.com\/fr\/wp-json\/wp\/v2\/product"}],"about":[{"href":"https:\/\/eralux.com\/fr\/wp-json\/wp\/v2\/types\/product"}],"replies":[{"embeddable":true,"href":"https:\/\/eralux.com\/fr\/wp-json\/wp\/v2\/comments?post=19852"}],"wp:featuredmedia":[{"embeddable":true,"href":"https:\/\/eralux.com\/fr\/wp-json\/wp\/v2\/media\/19310"}],"wp:attachment":[{"href":"https:\/\/eralux.com\/fr\/wp-json\/wp\/v2\/media?parent=19852"}],"wp:term":[{"taxonomy":"product_brand","embeddable":true,"href":"https:\/\/eralux.com\/fr\/wp-json\/wp\/v2\/product_brand?post=19852"},{"taxonomy":"product_cat","embeddable":true,"href":"https:\/\/eralux.com\/fr\/wp-json\/wp\/v2\/product_cat?post=19852"},{"taxonomy":"product_tag","embeddable":true,"href":"https:\/\/eralux.com\/fr\/wp-json\/wp\/v2\/product_tag?post=19852"}],"curies":[{"name":"wp","href":"https:\/\/api.w.org\/{rel}","templated":true}]}}