{"id":20575,"date":"2025-11-12T21:06:15","date_gmt":"2025-11-12T21:06:15","guid":{"rendered":"https:\/\/eralux.com\/?post_type=product&#038;p=20575"},"modified":"2025-12-01T14:35:50","modified_gmt":"2025-12-01T14:35:50","slug":"pago","status":"publish","type":"product","link":"https:\/\/eralux.com\/fr\/produit\/pago\/","title":{"rendered":"Pago"},"content":{"rendered":"<p>La s\u00e9rie Pago se d\u00e9cline dans un design mat et lisse offrant une puissance et un flux lumineux \u00e9lev\u00e9s \u00e0 tous les espaces ext\u00e9rieurs sombres. Son indice IP65 offre une excellente protection aux environnements ext\u00e9rieurs, ce qui la rend adapt\u00e9e \u00e0 un montage mural au-dessus des garages, des fa\u00e7ades d&#8217;entrep\u00f4ts et plus encore. <\/p>\n<p>&nbsp;<\/p>\n","protected":false},"excerpt":{"rendered":"<p>Applique murale \u00e0 d\u00e9coupe en coin \u00e0 haut rendement<\/p>\n","protected":false},"featured_media":20894,"comment_status":"open","ping_status":"closed","template":"","meta":{"inline_featured_image":false},"product_brand":[],"product_cat":[2499],"product_tag":[],"class_list":{"0":"post-20575","1":"product","2":"type-product","3":"status-publish","4":"has-post-thumbnail","6":"spec_sheets-40k","7":"spec_sheets-50k","8":"spec_sheets-ca-fr-3","9":"spec_sheets-t3-fr","10":"spec_sheets-t4-fr","11":"spec_sheets-ms-fr-3","12":"spec_sheets-bk-fr-2","13":"spec_sheets-bz-fr","14":"spec_sheets-distribution-fr","15":"spec_sheets-cct-fr","16":"spec_sheets-controles","17":"spec_sheets-finition","18":"spec_sheets-puissance","19":"spec_sheets-tension","20":"spec_sheets-150w-fr-2","21":"product_applications-warehouse","22":"product_applications-architecture","23":"product_applications-garage-fr","24":"product_applications-parking","25":"product_segments-nouveaux-produits","26":"product_segments-applique-murale","27":"product_cat-wp-pg","29":"first","30":"instock","31":"shipping-taxable","32":"purchasable","33":"product-type-simple"},"yoast_head":"<!-- This site is optimized with the Yoast SEO Premium plugin v24.2 (Yoast SEO v27.4) - https:\/\/yoast.com\/product\/yoast-seo-premium-wordpress\/ -->\n<title>Pago - Eralux<\/title>\n<meta name=\"description\" content=\"La s\u00e9rie Pago se d\u00e9cline dans un design mat et lisse offrant une puissance et un flux lumineux \u00e9lev\u00e9s \u00e0 tous les espaces ext\u00e9rieurs sombres. Son indice IP65 offre une excellente protection aux environnements ext\u00e9rieurs, ce qui la rend adapt\u00e9e \u00e0 un montage mural au-dessus des garages, des fa\u00e7ades d&#039;entrep\u00f4ts et plus encore.\" \/>\n<meta name=\"robots\" content=\"index, follow, max-snippet:-1, max-image-preview:large, max-video-preview:-1\" \/>\n<link rel=\"canonical\" href=\"https:\/\/eralux.com\/fr\/produit\/pago\/\" \/>\n<meta property=\"og:locale\" content=\"fr_FR\" \/>\n<meta property=\"og:type\" content=\"article\" \/>\n<meta property=\"og:title\" content=\"Pago\" \/>\n<meta property=\"og:description\" content=\"La s\u00e9rie Pago se d\u00e9cline dans un design mat et lisse offrant une puissance et un flux lumineux \u00e9lev\u00e9s \u00e0 tous les espaces ext\u00e9rieurs sombres. Son indice IP65 offre une excellente protection aux environnements ext\u00e9rieurs, ce qui la rend adapt\u00e9e \u00e0 un montage mural au-dessus des garages, des fa\u00e7ades d&#039;entrep\u00f4ts et plus encore.\" \/>\n<meta property=\"og:url\" content=\"https:\/\/eralux.com\/fr\/produit\/pago\/\" \/>\n<meta property=\"og:site_name\" content=\"Eralux\" \/>\n<meta property=\"article:publisher\" content=\"https:\/\/www.facebook.com\/aeralux.corp\" \/>\n<meta property=\"article:modified_time\" content=\"2025-12-01T14:35:50+00:00\" \/>\n<meta property=\"og:image\" content=\"https:\/\/eralux.com\/wp-content\/uploads\/2025\/11\/76cf277d2a6b234d7da3e9333aebeb2-1.png\" \/>\n\t<meta property=\"og:image:width\" content=\"1000\" \/>\n\t<meta property=\"og:image:height\" content=\"1000\" \/>\n\t<meta property=\"og:image:type\" content=\"image\/png\" \/>\n<meta name=\"twitter:card\" content=\"summary_large_image\" \/>\n<meta name=\"twitter:site\" content=\"@eralux_inc\" \/>\n<meta name=\"twitter:label1\" content=\"Prix\" \/>\n\t<meta name=\"twitter:data1\" content=\"&#036;0.00\" \/>\n\t<meta name=\"twitter:label2\" content=\"Disponibilit\u00e9\" \/>\n\t<meta name=\"twitter:data2\" content=\"En stock\" \/>\n<script type=\"application\/ld+json\" class=\"yoast-schema-graph\">{\"@context\":\"https:\\\/\\\/schema.org\",\"@graph\":[{\"@type\":\"WebPage\",\"@id\":\"https:\\\/\\\/eralux.com\\\/fr\\\/produit\\\/pago\\\/\",\"url\":\"https:\\\/\\\/eralux.com\\\/fr\\\/produit\\\/pago\\\/\",\"name\":\"Pago - Eralux\",\"isPartOf\":{\"@id\":\"https:\\\/\\\/eralux.com\\\/fr\\\/#website\"},\"primaryImageOfPage\":{\"@id\":\"https:\\\/\\\/eralux.com\\\/fr\\\/produit\\\/pago\\\/#primaryimage\"},\"image\":{\"@id\":\"https:\\\/\\\/eralux.com\\\/fr\\\/produit\\\/pago\\\/#primaryimage\"},\"thumbnailUrl\":\"https:\\\/\\\/eralux.com\\\/wp-content\\\/uploads\\\/2025\\\/11\\\/76cf277d2a6b234d7da3e9333aebeb2-1.png\",\"datePublished\":\"2025-11-12T21:06:15+00:00\",\"dateModified\":\"2025-12-01T14:35:50+00:00\",\"description\":\"La s\u00e9rie Pago se d\u00e9cline dans un design mat et lisse offrant une puissance et un flux lumineux \u00e9lev\u00e9s \u00e0 tous les espaces ext\u00e9rieurs sombres. Son indice IP65 offre une excellente protection aux environnements ext\u00e9rieurs, ce qui la rend adapt\u00e9e \u00e0 un montage mural au-dessus des garages, des fa\u00e7ades d'entrep\u00f4ts et plus encore.\",\"breadcrumb\":{\"@id\":\"https:\\\/\\\/eralux.com\\\/fr\\\/produit\\\/pago\\\/#breadcrumb\"},\"inLanguage\":\"fr-FR\",\"potentialAction\":[{\"@type\":\"ReadAction\",\"target\":[\"https:\\\/\\\/eralux.com\\\/fr\\\/produit\\\/pago\\\/\"]}]},{\"@type\":\"ImageObject\",\"inLanguage\":\"fr-FR\",\"@id\":\"https:\\\/\\\/eralux.com\\\/fr\\\/produit\\\/pago\\\/#primaryimage\",\"url\":\"https:\\\/\\\/eralux.com\\\/wp-content\\\/uploads\\\/2025\\\/11\\\/76cf277d2a6b234d7da3e9333aebeb2-1.png\",\"contentUrl\":\"https:\\\/\\\/eralux.com\\\/wp-content\\\/uploads\\\/2025\\\/11\\\/76cf277d2a6b234d7da3e9333aebeb2-1.png\",\"width\":1000,\"height\":1000},{\"@type\":\"BreadcrumbList\",\"@id\":\"https:\\\/\\\/eralux.com\\\/fr\\\/produit\\\/pago\\\/#breadcrumb\",\"itemListElement\":[{\"@type\":\"ListItem\",\"position\":1,\"name\":\"Home\",\"item\":\"https:\\\/\\\/eralux.com\\\/fr\\\/\"},{\"@type\":\"ListItem\",\"position\":2,\"name\":\"Shop\",\"item\":\"https:\\\/\\\/eralux.com\\\/shop\\\/\"},{\"@type\":\"ListItem\",\"position\":3,\"name\":\"Pago\"}]},{\"@type\":\"WebSite\",\"@id\":\"https:\\\/\\\/eralux.com\\\/fr\\\/#website\",\"url\":\"https:\\\/\\\/eralux.com\\\/fr\\\/\",\"name\":\"Eralux\",\"description\":\"World leader for Energy Saving LED Solutions\",\"publisher\":{\"@id\":\"https:\\\/\\\/eralux.com\\\/fr\\\/#organization\"},\"alternateName\":\"Led manufacturer Canada\",\"potentialAction\":[{\"@type\":\"SearchAction\",\"target\":{\"@type\":\"EntryPoint\",\"urlTemplate\":\"https:\\\/\\\/eralux.com\\\/fr\\\/?s={search_term_string}\"},\"query-input\":{\"@type\":\"PropertyValueSpecification\",\"valueRequired\":true,\"valueName\":\"search_term_string\"}}],\"inLanguage\":\"fr-FR\"},{\"@type\":\"Organization\",\"@id\":\"https:\\\/\\\/eralux.com\\\/fr\\\/#organization\",\"name\":\"Eralux\",\"url\":\"https:\\\/\\\/eralux.com\\\/fr\\\/\",\"logo\":{\"@type\":\"ImageObject\",\"inLanguage\":\"fr-FR\",\"@id\":\"https:\\\/\\\/eralux.com\\\/fr\\\/#\\\/schema\\\/logo\\\/image\\\/\",\"url\":\"https:\\\/\\\/eralux.com\\\/wp-content\\\/uploads\\\/2024\\\/01\\\/eralux-logo-trademark-R.png\",\"contentUrl\":\"https:\\\/\\\/eralux.com\\\/wp-content\\\/uploads\\\/2024\\\/01\\\/eralux-logo-trademark-R.png\",\"width\":1000,\"height\":446,\"caption\":\"Eralux\"},\"image\":{\"@id\":\"https:\\\/\\\/eralux.com\\\/fr\\\/#\\\/schema\\\/logo\\\/image\\\/\"},\"sameAs\":[\"https:\\\/\\\/www.facebook.com\\\/aeralux.corp\",\"https:\\\/\\\/x.com\\\/eralux_inc\"],\"description\":\"Save on energy with high-performance LED solutions. Choose Eralux for eco-friendly lighting. Explore our range today!\"}]}<\/script>\n<meta property=\"product:price:amount\" content=\"0.00\" \/>\n<meta property=\"product:price:currency\" content=\"CAD\" \/>\n<meta property=\"og:availability\" content=\"instock\" \/>\n<meta property=\"product:availability\" content=\"instock\" \/>\n<meta property=\"product:condition\" content=\"new\" \/>\n<!-- \/ Yoast SEO Premium plugin. -->","yoast_head_json":{"title":"Pago - Eralux","description":"La s\u00e9rie Pago se d\u00e9cline dans un design mat et lisse offrant une puissance et un flux lumineux \u00e9lev\u00e9s \u00e0 tous les espaces ext\u00e9rieurs sombres. Son indice IP65 offre une excellente protection aux environnements ext\u00e9rieurs, ce qui la rend adapt\u00e9e \u00e0 un montage mural au-dessus des garages, des fa\u00e7ades d'entrep\u00f4ts et plus encore.","robots":{"index":"index","follow":"follow","max-snippet":"max-snippet:-1","max-image-preview":"max-image-preview:large","max-video-preview":"max-video-preview:-1"},"canonical":"https:\/\/eralux.com\/fr\/produit\/pago\/","og_locale":"fr_FR","og_type":"article","og_title":"Pago","og_description":"La s\u00e9rie Pago se d\u00e9cline dans un design mat et lisse offrant une puissance et un flux lumineux \u00e9lev\u00e9s \u00e0 tous les espaces ext\u00e9rieurs sombres. Son indice IP65 offre une excellente protection aux environnements ext\u00e9rieurs, ce qui la rend adapt\u00e9e \u00e0 un montage mural au-dessus des garages, des fa\u00e7ades d'entrep\u00f4ts et plus encore.","og_url":"https:\/\/eralux.com\/fr\/produit\/pago\/","og_site_name":"Eralux","article_publisher":"https:\/\/www.facebook.com\/aeralux.corp","article_modified_time":"2025-12-01T14:35:50+00:00","og_image":[{"width":1000,"height":1000,"url":"https:\/\/eralux.com\/wp-content\/uploads\/2025\/11\/76cf277d2a6b234d7da3e9333aebeb2-1.png","type":"image\/png"}],"twitter_card":"summary_large_image","twitter_site":"@eralux_inc","twitter_misc":{"Prix":"&#36;0.00","Disponibilit\u00e9":"En stock"},"schema":{"@context":"https:\/\/schema.org","@graph":[{"@type":"WebPage","@id":"https:\/\/eralux.com\/fr\/produit\/pago\/","url":"https:\/\/eralux.com\/fr\/produit\/pago\/","name":"Pago - Eralux","isPartOf":{"@id":"https:\/\/eralux.com\/fr\/#website"},"primaryImageOfPage":{"@id":"https:\/\/eralux.com\/fr\/produit\/pago\/#primaryimage"},"image":{"@id":"https:\/\/eralux.com\/fr\/produit\/pago\/#primaryimage"},"thumbnailUrl":"https:\/\/eralux.com\/wp-content\/uploads\/2025\/11\/76cf277d2a6b234d7da3e9333aebeb2-1.png","datePublished":"2025-11-12T21:06:15+00:00","dateModified":"2025-12-01T14:35:50+00:00","description":"La s\u00e9rie Pago se d\u00e9cline dans un design mat et lisse offrant une puissance et un flux lumineux \u00e9lev\u00e9s \u00e0 tous les espaces ext\u00e9rieurs sombres. Son indice IP65 offre une excellente protection aux environnements ext\u00e9rieurs, ce qui la rend adapt\u00e9e \u00e0 un montage mural au-dessus des garages, des fa\u00e7ades d'entrep\u00f4ts et plus encore.","breadcrumb":{"@id":"https:\/\/eralux.com\/fr\/produit\/pago\/#breadcrumb"},"inLanguage":"fr-FR","potentialAction":[{"@type":"ReadAction","target":["https:\/\/eralux.com\/fr\/produit\/pago\/"]}]},{"@type":"ImageObject","inLanguage":"fr-FR","@id":"https:\/\/eralux.com\/fr\/produit\/pago\/#primaryimage","url":"https:\/\/eralux.com\/wp-content\/uploads\/2025\/11\/76cf277d2a6b234d7da3e9333aebeb2-1.png","contentUrl":"https:\/\/eralux.com\/wp-content\/uploads\/2025\/11\/76cf277d2a6b234d7da3e9333aebeb2-1.png","width":1000,"height":1000},{"@type":"BreadcrumbList","@id":"https:\/\/eralux.com\/fr\/produit\/pago\/#breadcrumb","itemListElement":[{"@type":"ListItem","position":1,"name":"Home","item":"https:\/\/eralux.com\/fr\/"},{"@type":"ListItem","position":2,"name":"Shop","item":"https:\/\/eralux.com\/shop\/"},{"@type":"ListItem","position":3,"name":"Pago"}]},{"@type":"WebSite","@id":"https:\/\/eralux.com\/fr\/#website","url":"https:\/\/eralux.com\/fr\/","name":"Eralux","description":"World leader for Energy Saving LED Solutions","publisher":{"@id":"https:\/\/eralux.com\/fr\/#organization"},"alternateName":"Led manufacturer Canada","potentialAction":[{"@type":"SearchAction","target":{"@type":"EntryPoint","urlTemplate":"https:\/\/eralux.com\/fr\/?s={search_term_string}"},"query-input":{"@type":"PropertyValueSpecification","valueRequired":true,"valueName":"search_term_string"}}],"inLanguage":"fr-FR"},{"@type":"Organization","@id":"https:\/\/eralux.com\/fr\/#organization","name":"Eralux","url":"https:\/\/eralux.com\/fr\/","logo":{"@type":"ImageObject","inLanguage":"fr-FR","@id":"https:\/\/eralux.com\/fr\/#\/schema\/logo\/image\/","url":"https:\/\/eralux.com\/wp-content\/uploads\/2024\/01\/eralux-logo-trademark-R.png","contentUrl":"https:\/\/eralux.com\/wp-content\/uploads\/2024\/01\/eralux-logo-trademark-R.png","width":1000,"height":446,"caption":"Eralux"},"image":{"@id":"https:\/\/eralux.com\/fr\/#\/schema\/logo\/image\/"},"sameAs":["https:\/\/www.facebook.com\/aeralux.corp","https:\/\/x.com\/eralux_inc"],"description":"Save on energy with high-performance LED solutions. Choose Eralux for eco-friendly lighting. Explore our range today!"}]},"product_price_amount":"0.00","product_price_currency":"CAD","og_availability":"instock","product_availability":"instock","product_condition":"new"},"_links":{"self":[{"href":"https:\/\/eralux.com\/fr\/wp-json\/wp\/v2\/product\/20575","targetHints":{"allow":["GET"]}}],"collection":[{"href":"https:\/\/eralux.com\/fr\/wp-json\/wp\/v2\/product"}],"about":[{"href":"https:\/\/eralux.com\/fr\/wp-json\/wp\/v2\/types\/product"}],"replies":[{"embeddable":true,"href":"https:\/\/eralux.com\/fr\/wp-json\/wp\/v2\/comments?post=20575"}],"wp:featuredmedia":[{"embeddable":true,"href":"https:\/\/eralux.com\/fr\/wp-json\/wp\/v2\/media\/20894"}],"wp:attachment":[{"href":"https:\/\/eralux.com\/fr\/wp-json\/wp\/v2\/media?parent=20575"}],"wp:term":[{"taxonomy":"product_brand","embeddable":true,"href":"https:\/\/eralux.com\/fr\/wp-json\/wp\/v2\/product_brand?post=20575"},{"taxonomy":"product_cat","embeddable":true,"href":"https:\/\/eralux.com\/fr\/wp-json\/wp\/v2\/product_cat?post=20575"},{"taxonomy":"product_tag","embeddable":true,"href":"https:\/\/eralux.com\/fr\/wp-json\/wp\/v2\/product_tag?post=20575"}],"curies":[{"name":"wp","href":"https:\/\/api.w.org\/{rel}","templated":true}]}}