{"id":20970,"date":"2025-11-19T15:01:58","date_gmt":"2025-11-19T15:01:58","guid":{"rendered":"https:\/\/eralux.com\/?post_type=product&#038;p=20970"},"modified":"2025-12-11T17:09:29","modified_gmt":"2025-12-11T17:09:29","slug":"steller","status":"publish","type":"product","link":"https:\/\/eralux.com\/fr\/produit\/steller\/","title":{"rendered":"Steller"},"content":{"rendered":"<p>Le luminaire ext\u00e9rieur STELLER poss\u00e8de un bo\u00eetier en aluminium moul\u00e9 sous pression qui comprend des ailettes dissipatrices de chaleur. Il a un CCT r\u00e9glable (30K\/40K\/50K), une puissance r\u00e9glable (40\/60\/80W), et une distribution r\u00e9glable (T2\/T3\/T4). Disponible en noir, blanc et bronze, il comprend ainsi une cellule photo\u00e9lectrique int\u00e9gr\u00e9e, une batterie de secours, et un bras d&#8217;extension pour un capteur de mouvement. Prot\u00e9g\u00e9 contre la poussi\u00e8re, les jets d\u2019eau, et les impacts pour l\u2019utilisation ext\u00e9rieure durable.<\/p>\n","protected":false},"excerpt":{"rendered":"<p>Luminaire mural ext\u00e9rieur architecturale \u00e0 coupure totale<\/p>\n","protected":false},"featured_media":22640,"comment_status":"open","ping_status":"closed","template":"","meta":{"inline_featured_image":false},"product_brand":[],"product_cat":[2504],"product_tag":[],"class_list":{"0":"post-20970","1":"product","2":"type-product","3":"status-publish","4":"has-post-thumbnail","6":"spec_sheets-tcp-fr","7":"spec_sheets-ca-fr","8":"spec_sheets-em-fr-2","9":"spec_sheets-wh-fr-2","10":"spec_sheets-ms-fr-3","11":"spec_sheets-bk-fr-2","12":"spec_sheets-bz-fr","13":"spec_sheets-cct-fr","14":"spec_sheets-controles","15":"spec_sheets-finition","16":"spec_sheets-tension-dentree","17":"spec_sheets-puissance","18":"spec_sheets-80w-fr","19":"product_segments-nouveaux-produits","20":"product_segments-exterieur","21":"product_segments-applique-murale","22":"product_cat-wp-st","24":"first","25":"instock","26":"shipping-taxable","27":"product-type-simple"},"yoast_head":"<!-- This site is optimized with the Yoast SEO Premium plugin v24.2 (Yoast SEO v27.4) - https:\/\/yoast.com\/product\/yoast-seo-premium-wordpress\/ -->\n<title>Steller - Eralux<\/title>\n<meta name=\"description\" content=\"Le luminaire ext\u00e9rieur Steller poss\u00e8de un bo\u00eetier en aluminium moul\u00e9 sous pression qui comprend des ailettes dissipatrices de chaleur. Il a un CCT r\u00e9glable (30K\/40K\/50K), une puissance r\u00e9glable (40\/60\/80W), et une distribution r\u00e9glable (T2\/T3\/T4). Disponible en noir, blanc et bronze, il comprend ainsi une cellule photo\u00e9lectrique int\u00e9gr\u00e9e, une batterie de secours, et un bras d&#039;extension pour un capteur de mouvement. Prot\u00e9g\u00e9 contre la poussi\u00e8re, les jets d\u2019eau, et les impacts pour l\u2019utilisation ext\u00e9rieure durable.\" \/>\n<meta name=\"robots\" content=\"index, follow, max-snippet:-1, max-image-preview:large, max-video-preview:-1\" \/>\n<link rel=\"canonical\" href=\"https:\/\/eralux.com\/fr\/produit\/steller\/\" \/>\n<meta property=\"og:locale\" content=\"fr_FR\" \/>\n<meta property=\"og:type\" content=\"article\" \/>\n<meta property=\"og:title\" content=\"Steller\" \/>\n<meta property=\"og:description\" content=\"Le luminaire ext\u00e9rieur Steller poss\u00e8de un bo\u00eetier en aluminium moul\u00e9 sous pression qui comprend des ailettes dissipatrices de chaleur. Il a un CCT r\u00e9glable (30K\/40K\/50K), une puissance r\u00e9glable (40\/60\/80W), et une distribution r\u00e9glable (T2\/T3\/T4). Disponible en noir, blanc et bronze, il comprend ainsi une cellule photo\u00e9lectrique int\u00e9gr\u00e9e, une batterie de secours, et un bras d&#039;extension pour un capteur de mouvement. Prot\u00e9g\u00e9 contre la poussi\u00e8re, les jets d\u2019eau, et les impacts pour l\u2019utilisation ext\u00e9rieure durable.\" \/>\n<meta property=\"og:url\" content=\"https:\/\/eralux.com\/fr\/produit\/steller\/\" \/>\n<meta property=\"og:site_name\" content=\"Eralux\" \/>\n<meta property=\"article:publisher\" content=\"https:\/\/www.facebook.com\/aeralux.corp\" \/>\n<meta property=\"article:modified_time\" content=\"2025-12-11T17:09:29+00:00\" \/>\n<meta property=\"og:image\" content=\"https:\/\/eralux.com\/wp-content\/uploads\/2025\/11\/Steller-2.png\" \/>\n\t<meta property=\"og:image:width\" content=\"900\" \/>\n\t<meta property=\"og:image:height\" content=\"600\" \/>\n\t<meta property=\"og:image:type\" content=\"image\/png\" \/>\n<meta name=\"twitter:card\" content=\"summary_large_image\" \/>\n<meta name=\"twitter:site\" content=\"@eralux_inc\" \/>\n<meta name=\"twitter:label1\" content=\"Prix\" \/>\n\t<meta name=\"twitter:data1\" content=\"\" \/>\n\t<meta name=\"twitter:label2\" content=\"Disponibilit\u00e9\" \/>\n\t<meta name=\"twitter:data2\" content=\"En stock\" \/>\n<script type=\"application\/ld+json\" class=\"yoast-schema-graph\">{\"@context\":\"https:\\\/\\\/schema.org\",\"@graph\":[{\"@type\":\"WebPage\",\"@id\":\"https:\\\/\\\/eralux.com\\\/fr\\\/produit\\\/steller\\\/\",\"url\":\"https:\\\/\\\/eralux.com\\\/fr\\\/produit\\\/steller\\\/\",\"name\":\"Steller - Eralux\",\"isPartOf\":{\"@id\":\"https:\\\/\\\/eralux.com\\\/fr\\\/#website\"},\"primaryImageOfPage\":{\"@id\":\"https:\\\/\\\/eralux.com\\\/fr\\\/produit\\\/steller\\\/#primaryimage\"},\"image\":{\"@id\":\"https:\\\/\\\/eralux.com\\\/fr\\\/produit\\\/steller\\\/#primaryimage\"},\"thumbnailUrl\":\"https:\\\/\\\/eralux.com\\\/wp-content\\\/uploads\\\/2025\\\/11\\\/Steller-2.png\",\"datePublished\":\"2025-11-19T15:01:58+00:00\",\"dateModified\":\"2025-12-11T17:09:29+00:00\",\"description\":\"Le luminaire ext\u00e9rieur Steller poss\u00e8de un bo\u00eetier en aluminium moul\u00e9 sous pression qui comprend des ailettes dissipatrices de chaleur. Il a un CCT r\u00e9glable (30K\\\/40K\\\/50K), une puissance r\u00e9glable (40\\\/60\\\/80W), et une distribution r\u00e9glable (T2\\\/T3\\\/T4). Disponible en noir, blanc et bronze, il comprend ainsi une cellule photo\u00e9lectrique int\u00e9gr\u00e9e, une batterie de secours, et un bras d'extension pour un capteur de mouvement. Prot\u00e9g\u00e9 contre la poussi\u00e8re, les jets d\u2019eau, et les impacts pour l\u2019utilisation ext\u00e9rieure durable.\",\"breadcrumb\":{\"@id\":\"https:\\\/\\\/eralux.com\\\/fr\\\/produit\\\/steller\\\/#breadcrumb\"},\"inLanguage\":\"fr-FR\",\"potentialAction\":[{\"@type\":\"ReadAction\",\"target\":[\"https:\\\/\\\/eralux.com\\\/fr\\\/produit\\\/steller\\\/\"]}]},{\"@type\":\"ImageObject\",\"inLanguage\":\"fr-FR\",\"@id\":\"https:\\\/\\\/eralux.com\\\/fr\\\/produit\\\/steller\\\/#primaryimage\",\"url\":\"https:\\\/\\\/eralux.com\\\/wp-content\\\/uploads\\\/2025\\\/11\\\/Steller-2.png\",\"contentUrl\":\"https:\\\/\\\/eralux.com\\\/wp-content\\\/uploads\\\/2025\\\/11\\\/Steller-2.png\",\"width\":900,\"height\":600},{\"@type\":\"BreadcrumbList\",\"@id\":\"https:\\\/\\\/eralux.com\\\/fr\\\/produit\\\/steller\\\/#breadcrumb\",\"itemListElement\":[{\"@type\":\"ListItem\",\"position\":1,\"name\":\"Home\",\"item\":\"https:\\\/\\\/eralux.com\\\/fr\\\/\"},{\"@type\":\"ListItem\",\"position\":2,\"name\":\"Shop\",\"item\":\"https:\\\/\\\/eralux.com\\\/shop\\\/\"},{\"@type\":\"ListItem\",\"position\":3,\"name\":\"Steller\"}]},{\"@type\":\"WebSite\",\"@id\":\"https:\\\/\\\/eralux.com\\\/fr\\\/#website\",\"url\":\"https:\\\/\\\/eralux.com\\\/fr\\\/\",\"name\":\"Eralux\",\"description\":\"World leader for Energy Saving LED Solutions\",\"publisher\":{\"@id\":\"https:\\\/\\\/eralux.com\\\/fr\\\/#organization\"},\"alternateName\":\"Led manufacturer Canada\",\"potentialAction\":[{\"@type\":\"SearchAction\",\"target\":{\"@type\":\"EntryPoint\",\"urlTemplate\":\"https:\\\/\\\/eralux.com\\\/fr\\\/?s={search_term_string}\"},\"query-input\":{\"@type\":\"PropertyValueSpecification\",\"valueRequired\":true,\"valueName\":\"search_term_string\"}}],\"inLanguage\":\"fr-FR\"},{\"@type\":\"Organization\",\"@id\":\"https:\\\/\\\/eralux.com\\\/fr\\\/#organization\",\"name\":\"Eralux\",\"url\":\"https:\\\/\\\/eralux.com\\\/fr\\\/\",\"logo\":{\"@type\":\"ImageObject\",\"inLanguage\":\"fr-FR\",\"@id\":\"https:\\\/\\\/eralux.com\\\/fr\\\/#\\\/schema\\\/logo\\\/image\\\/\",\"url\":\"https:\\\/\\\/eralux.com\\\/wp-content\\\/uploads\\\/2024\\\/01\\\/eralux-logo-trademark-R.png\",\"contentUrl\":\"https:\\\/\\\/eralux.com\\\/wp-content\\\/uploads\\\/2024\\\/01\\\/eralux-logo-trademark-R.png\",\"width\":1000,\"height\":446,\"caption\":\"Eralux\"},\"image\":{\"@id\":\"https:\\\/\\\/eralux.com\\\/fr\\\/#\\\/schema\\\/logo\\\/image\\\/\"},\"sameAs\":[\"https:\\\/\\\/www.facebook.com\\\/aeralux.corp\",\"https:\\\/\\\/x.com\\\/eralux_inc\"],\"description\":\"Save on energy with high-performance LED solutions. Choose Eralux for eco-friendly lighting. Explore our range today!\"}]}<\/script>\n<meta property=\"product:price:currency\" content=\"CAD\" \/>\n<meta property=\"og:availability\" content=\"instock\" \/>\n<meta property=\"product:availability\" content=\"instock\" \/>\n<meta property=\"product:condition\" content=\"new\" \/>\n<!-- \/ Yoast SEO Premium plugin. -->","yoast_head_json":{"title":"Steller - Eralux","description":"Le luminaire ext\u00e9rieur Steller poss\u00e8de un bo\u00eetier en aluminium moul\u00e9 sous pression qui comprend des ailettes dissipatrices de chaleur. Il a un CCT r\u00e9glable (30K\/40K\/50K), une puissance r\u00e9glable (40\/60\/80W), et une distribution r\u00e9glable (T2\/T3\/T4). Disponible en noir, blanc et bronze, il comprend ainsi une cellule photo\u00e9lectrique int\u00e9gr\u00e9e, une batterie de secours, et un bras d'extension pour un capteur de mouvement. Prot\u00e9g\u00e9 contre la poussi\u00e8re, les jets d\u2019eau, et les impacts pour l\u2019utilisation ext\u00e9rieure durable.","robots":{"index":"index","follow":"follow","max-snippet":"max-snippet:-1","max-image-preview":"max-image-preview:large","max-video-preview":"max-video-preview:-1"},"canonical":"https:\/\/eralux.com\/fr\/produit\/steller\/","og_locale":"fr_FR","og_type":"article","og_title":"Steller","og_description":"Le luminaire ext\u00e9rieur Steller poss\u00e8de un bo\u00eetier en aluminium moul\u00e9 sous pression qui comprend des ailettes dissipatrices de chaleur. Il a un CCT r\u00e9glable (30K\/40K\/50K), une puissance r\u00e9glable (40\/60\/80W), et une distribution r\u00e9glable (T2\/T3\/T4). Disponible en noir, blanc et bronze, il comprend ainsi une cellule photo\u00e9lectrique int\u00e9gr\u00e9e, une batterie de secours, et un bras d'extension pour un capteur de mouvement. Prot\u00e9g\u00e9 contre la poussi\u00e8re, les jets d\u2019eau, et les impacts pour l\u2019utilisation ext\u00e9rieure durable.","og_url":"https:\/\/eralux.com\/fr\/produit\/steller\/","og_site_name":"Eralux","article_publisher":"https:\/\/www.facebook.com\/aeralux.corp","article_modified_time":"2025-12-11T17:09:29+00:00","og_image":[{"width":900,"height":600,"url":"https:\/\/eralux.com\/wp-content\/uploads\/2025\/11\/Steller-2.png","type":"image\/png"}],"twitter_card":"summary_large_image","twitter_site":"@eralux_inc","twitter_misc":{"Prix":"","Disponibilit\u00e9":"En stock"},"schema":{"@context":"https:\/\/schema.org","@graph":[{"@type":"WebPage","@id":"https:\/\/eralux.com\/fr\/produit\/steller\/","url":"https:\/\/eralux.com\/fr\/produit\/steller\/","name":"Steller - Eralux","isPartOf":{"@id":"https:\/\/eralux.com\/fr\/#website"},"primaryImageOfPage":{"@id":"https:\/\/eralux.com\/fr\/produit\/steller\/#primaryimage"},"image":{"@id":"https:\/\/eralux.com\/fr\/produit\/steller\/#primaryimage"},"thumbnailUrl":"https:\/\/eralux.com\/wp-content\/uploads\/2025\/11\/Steller-2.png","datePublished":"2025-11-19T15:01:58+00:00","dateModified":"2025-12-11T17:09:29+00:00","description":"Le luminaire ext\u00e9rieur Steller poss\u00e8de un bo\u00eetier en aluminium moul\u00e9 sous pression qui comprend des ailettes dissipatrices de chaleur. Il a un CCT r\u00e9glable (30K\/40K\/50K), une puissance r\u00e9glable (40\/60\/80W), et une distribution r\u00e9glable (T2\/T3\/T4). Disponible en noir, blanc et bronze, il comprend ainsi une cellule photo\u00e9lectrique int\u00e9gr\u00e9e, une batterie de secours, et un bras d'extension pour un capteur de mouvement. Prot\u00e9g\u00e9 contre la poussi\u00e8re, les jets d\u2019eau, et les impacts pour l\u2019utilisation ext\u00e9rieure durable.","breadcrumb":{"@id":"https:\/\/eralux.com\/fr\/produit\/steller\/#breadcrumb"},"inLanguage":"fr-FR","potentialAction":[{"@type":"ReadAction","target":["https:\/\/eralux.com\/fr\/produit\/steller\/"]}]},{"@type":"ImageObject","inLanguage":"fr-FR","@id":"https:\/\/eralux.com\/fr\/produit\/steller\/#primaryimage","url":"https:\/\/eralux.com\/wp-content\/uploads\/2025\/11\/Steller-2.png","contentUrl":"https:\/\/eralux.com\/wp-content\/uploads\/2025\/11\/Steller-2.png","width":900,"height":600},{"@type":"BreadcrumbList","@id":"https:\/\/eralux.com\/fr\/produit\/steller\/#breadcrumb","itemListElement":[{"@type":"ListItem","position":1,"name":"Home","item":"https:\/\/eralux.com\/fr\/"},{"@type":"ListItem","position":2,"name":"Shop","item":"https:\/\/eralux.com\/shop\/"},{"@type":"ListItem","position":3,"name":"Steller"}]},{"@type":"WebSite","@id":"https:\/\/eralux.com\/fr\/#website","url":"https:\/\/eralux.com\/fr\/","name":"Eralux","description":"World leader for Energy Saving LED Solutions","publisher":{"@id":"https:\/\/eralux.com\/fr\/#organization"},"alternateName":"Led manufacturer Canada","potentialAction":[{"@type":"SearchAction","target":{"@type":"EntryPoint","urlTemplate":"https:\/\/eralux.com\/fr\/?s={search_term_string}"},"query-input":{"@type":"PropertyValueSpecification","valueRequired":true,"valueName":"search_term_string"}}],"inLanguage":"fr-FR"},{"@type":"Organization","@id":"https:\/\/eralux.com\/fr\/#organization","name":"Eralux","url":"https:\/\/eralux.com\/fr\/","logo":{"@type":"ImageObject","inLanguage":"fr-FR","@id":"https:\/\/eralux.com\/fr\/#\/schema\/logo\/image\/","url":"https:\/\/eralux.com\/wp-content\/uploads\/2024\/01\/eralux-logo-trademark-R.png","contentUrl":"https:\/\/eralux.com\/wp-content\/uploads\/2024\/01\/eralux-logo-trademark-R.png","width":1000,"height":446,"caption":"Eralux"},"image":{"@id":"https:\/\/eralux.com\/fr\/#\/schema\/logo\/image\/"},"sameAs":["https:\/\/www.facebook.com\/aeralux.corp","https:\/\/x.com\/eralux_inc"],"description":"Save on energy with high-performance LED solutions. Choose Eralux for eco-friendly lighting. Explore our range today!"}]},"product_price_currency":"CAD","og_availability":"instock","product_availability":"instock","product_condition":"new"},"_links":{"self":[{"href":"https:\/\/eralux.com\/fr\/wp-json\/wp\/v2\/product\/20970","targetHints":{"allow":["GET"]}}],"collection":[{"href":"https:\/\/eralux.com\/fr\/wp-json\/wp\/v2\/product"}],"about":[{"href":"https:\/\/eralux.com\/fr\/wp-json\/wp\/v2\/types\/product"}],"replies":[{"embeddable":true,"href":"https:\/\/eralux.com\/fr\/wp-json\/wp\/v2\/comments?post=20970"}],"wp:featuredmedia":[{"embeddable":true,"href":"https:\/\/eralux.com\/fr\/wp-json\/wp\/v2\/media\/22640"}],"wp:attachment":[{"href":"https:\/\/eralux.com\/fr\/wp-json\/wp\/v2\/media?parent=20970"}],"wp:term":[{"taxonomy":"product_brand","embeddable":true,"href":"https:\/\/eralux.com\/fr\/wp-json\/wp\/v2\/product_brand?post=20970"},{"taxonomy":"product_cat","embeddable":true,"href":"https:\/\/eralux.com\/fr\/wp-json\/wp\/v2\/product_cat?post=20970"},{"taxonomy":"product_tag","embeddable":true,"href":"https:\/\/eralux.com\/fr\/wp-json\/wp\/v2\/product_tag?post=20970"}],"curies":[{"name":"wp","href":"https:\/\/api.w.org\/{rel}","templated":true}]}}