{"id":21653,"date":"2026-01-26T20:30:08","date_gmt":"2026-01-26T20:30:08","guid":{"rendered":"https:\/\/eralux.com\/?post_type=product&#038;p=21653"},"modified":"2026-02-25T14:07:51","modified_gmt":"2026-02-25T14:07:51","slug":"juno-track-t2-copy-copy-copy","status":"publish","type":"product","link":"https:\/\/eralux.com\/fr\/produit\/juno-track-t2-copy-copy-copy\/","title":{"rendered":"JUNO TRACK-T2 (Copy) (Copy) (Copy)"},"content":{"rendered":"<p>ERALUX Track 2 est compatible avec les adaptateurs de circuit Juno Two. Le syst\u00e8me de distribution d&#8217;\u00e9nergie et de rails est adapt\u00e9 \u00e0 la vente au d\u00e9tail, aux commerces et aux habitations. Livr\u00e9 avec un T20009 (capuchon d&#8217;extr\u00e9mit\u00e9) install\u00e9. Fabriqu\u00e9 avec une poutre en &#8220;I&#8221; en aluminium extrud\u00e9 combin\u00e9e \u00e0 un isolant thermoplastique et deux conducteurs en cuivre massif de calibre 12 AWG.<\/p>\n","protected":false},"excerpt":{"rendered":"<p>Juno Compatible T2 Track<\/p>\n","protected":false},"featured_media":22771,"comment_status":"open","ping_status":"closed","template":"","meta":{"inline_featured_image":false},"product_brand":[],"product_cat":[279],"product_tag":[],"class_list":{"0":"post-21653","1":"product","2":"type-product","3":"status-publish","4":"has-post-thumbnail","6":"spec_sheets-finition","7":"spec_sheets-longueur","8":"product_applications-magasin-de-mode","9":"product_applications-hotellerie","10":"product_applications-magasin-de-detail","11":"product_applications-architecture","12":"product_segments-nouveaux-produits","13":"product_segments-systemes-de-rail","14":"product_segments-projecteurs-sur-rail","15":"product_cat-ae-sf-atl-fr","17":"first","18":"instock","19":"shipping-taxable","20":"purchasable","21":"product-type-simple"},"yoast_head":"<!-- This site is optimized with the Yoast SEO Premium plugin v24.2 (Yoast SEO v27.4) - https:\/\/yoast.com\/product\/yoast-seo-premium-wordpress\/ -->\n<title>JUNO TRACK-T2 (Copy) (Copy) (Copy) - Eralux<\/title>\n<meta name=\"description\" content=\"ERALUX Track 2 est compatible avec les adaptateurs de circuit Juno Two. Le syst\u00e8me de distribution d&#039;\u00e9nergie et de rails est adapt\u00e9 \u00e0 la vente au d\u00e9tail, aux commerces et aux habitations. Livr\u00e9 avec un T20009 (capuchon d&#039;extr\u00e9mit\u00e9) install\u00e9. Fabriqu\u00e9 avec une poutre en &quot;I&quot; en aluminium extrud\u00e9 combin\u00e9e \u00e0 un isolant thermoplastique et deux conducteurs en cuivre massif de calibre 12 AWG.\" \/>\n<meta name=\"robots\" content=\"index, follow, max-snippet:-1, max-image-preview:large, max-video-preview:-1\" \/>\n<link rel=\"canonical\" href=\"https:\/\/eralux.com\/fr\/produit\/juno-track-t2-copy-copy-copy\/\" \/>\n<meta property=\"og:locale\" content=\"fr_FR\" \/>\n<meta property=\"og:type\" content=\"article\" \/>\n<meta property=\"og:title\" content=\"JUNO TRACK-T2 (Copy) (Copy) (Copy)\" \/>\n<meta property=\"og:description\" content=\"ERALUX Track 2 est compatible avec les adaptateurs de circuit Juno Two. Le syst\u00e8me de distribution d&#039;\u00e9nergie et de rails est adapt\u00e9 \u00e0 la vente au d\u00e9tail, aux commerces et aux habitations. Livr\u00e9 avec un T20009 (capuchon d&#039;extr\u00e9mit\u00e9) install\u00e9. Fabriqu\u00e9 avec une poutre en &quot;I&quot; en aluminium extrud\u00e9 combin\u00e9e \u00e0 un isolant thermoplastique et deux conducteurs en cuivre massif de calibre 12 AWG.\" \/>\n<meta property=\"og:url\" content=\"https:\/\/eralux.com\/fr\/produit\/juno-track-t2-copy-copy-copy\/\" \/>\n<meta property=\"og:site_name\" content=\"Eralux\" \/>\n<meta property=\"article:publisher\" content=\"https:\/\/www.facebook.com\/aeralux.corp\" \/>\n<meta property=\"article:modified_time\" content=\"2026-02-25T14:07:51+00:00\" \/>\n<meta property=\"og:image\" content=\"https:\/\/eralux.com\/wp-content\/uploads\/2026\/01\/ST18-Black-1000x1000-1.png\" \/>\n\t<meta property=\"og:image:width\" content=\"1000\" \/>\n\t<meta property=\"og:image:height\" content=\"1000\" \/>\n\t<meta property=\"og:image:type\" content=\"image\/png\" \/>\n<meta name=\"twitter:card\" content=\"summary_large_image\" \/>\n<meta name=\"twitter:site\" content=\"@eralux_inc\" \/>\n<meta name=\"twitter:label1\" content=\"Prix\" \/>\n\t<meta name=\"twitter:data1\" content=\"&#036;0.00\" \/>\n\t<meta name=\"twitter:label2\" content=\"Disponibilit\u00e9\" \/>\n\t<meta name=\"twitter:data2\" content=\"En stock\" \/>\n<script type=\"application\/ld+json\" class=\"yoast-schema-graph\">{\"@context\":\"https:\\\/\\\/schema.org\",\"@graph\":[{\"@type\":\"WebPage\",\"@id\":\"https:\\\/\\\/eralux.com\\\/fr\\\/produit\\\/juno-track-t2-copy-copy-copy\\\/\",\"url\":\"https:\\\/\\\/eralux.com\\\/fr\\\/produit\\\/juno-track-t2-copy-copy-copy\\\/\",\"name\":\"JUNO TRACK-T2 (Copy) (Copy) (Copy) - Eralux\",\"isPartOf\":{\"@id\":\"https:\\\/\\\/eralux.com\\\/fr\\\/#website\"},\"primaryImageOfPage\":{\"@id\":\"https:\\\/\\\/eralux.com\\\/fr\\\/produit\\\/juno-track-t2-copy-copy-copy\\\/#primaryimage\"},\"image\":{\"@id\":\"https:\\\/\\\/eralux.com\\\/fr\\\/produit\\\/juno-track-t2-copy-copy-copy\\\/#primaryimage\"},\"thumbnailUrl\":\"https:\\\/\\\/eralux.com\\\/wp-content\\\/uploads\\\/2026\\\/01\\\/ST18-Black-1000x1000-1.png\",\"datePublished\":\"2026-01-26T20:30:08+00:00\",\"dateModified\":\"2026-02-25T14:07:51+00:00\",\"description\":\"ERALUX Track 2 est compatible avec les adaptateurs de circuit Juno Two. Le syst\u00e8me de distribution d'\u00e9nergie et de rails est adapt\u00e9 \u00e0 la vente au d\u00e9tail, aux commerces et aux habitations. Livr\u00e9 avec un T20009 (capuchon d'extr\u00e9mit\u00e9) install\u00e9. Fabriqu\u00e9 avec une poutre en \\\"I\\\" en aluminium extrud\u00e9 combin\u00e9e \u00e0 un isolant thermoplastique et deux conducteurs en cuivre massif de calibre 12 AWG.\",\"breadcrumb\":{\"@id\":\"https:\\\/\\\/eralux.com\\\/fr\\\/produit\\\/juno-track-t2-copy-copy-copy\\\/#breadcrumb\"},\"inLanguage\":\"fr-FR\",\"potentialAction\":[{\"@type\":\"ReadAction\",\"target\":[\"https:\\\/\\\/eralux.com\\\/fr\\\/produit\\\/juno-track-t2-copy-copy-copy\\\/\"]}]},{\"@type\":\"ImageObject\",\"inLanguage\":\"fr-FR\",\"@id\":\"https:\\\/\\\/eralux.com\\\/fr\\\/produit\\\/juno-track-t2-copy-copy-copy\\\/#primaryimage\",\"url\":\"https:\\\/\\\/eralux.com\\\/wp-content\\\/uploads\\\/2026\\\/01\\\/ST18-Black-1000x1000-1.png\",\"contentUrl\":\"https:\\\/\\\/eralux.com\\\/wp-content\\\/uploads\\\/2026\\\/01\\\/ST18-Black-1000x1000-1.png\",\"width\":1000,\"height\":1000},{\"@type\":\"BreadcrumbList\",\"@id\":\"https:\\\/\\\/eralux.com\\\/fr\\\/produit\\\/juno-track-t2-copy-copy-copy\\\/#breadcrumb\",\"itemListElement\":[{\"@type\":\"ListItem\",\"position\":1,\"name\":\"Home\",\"item\":\"https:\\\/\\\/eralux.com\\\/fr\\\/\"},{\"@type\":\"ListItem\",\"position\":2,\"name\":\"Shop\",\"item\":\"https:\\\/\\\/eralux.com\\\/shop\\\/\"},{\"@type\":\"ListItem\",\"position\":3,\"name\":\"JUNO TRACK-T2 (Copy) (Copy) (Copy)\"}]},{\"@type\":\"WebSite\",\"@id\":\"https:\\\/\\\/eralux.com\\\/fr\\\/#website\",\"url\":\"https:\\\/\\\/eralux.com\\\/fr\\\/\",\"name\":\"Eralux\",\"description\":\"World leader for Energy Saving LED Solutions\",\"publisher\":{\"@id\":\"https:\\\/\\\/eralux.com\\\/fr\\\/#organization\"},\"alternateName\":\"Led manufacturer Canada\",\"potentialAction\":[{\"@type\":\"SearchAction\",\"target\":{\"@type\":\"EntryPoint\",\"urlTemplate\":\"https:\\\/\\\/eralux.com\\\/fr\\\/?s={search_term_string}\"},\"query-input\":{\"@type\":\"PropertyValueSpecification\",\"valueRequired\":true,\"valueName\":\"search_term_string\"}}],\"inLanguage\":\"fr-FR\"},{\"@type\":\"Organization\",\"@id\":\"https:\\\/\\\/eralux.com\\\/fr\\\/#organization\",\"name\":\"Eralux\",\"url\":\"https:\\\/\\\/eralux.com\\\/fr\\\/\",\"logo\":{\"@type\":\"ImageObject\",\"inLanguage\":\"fr-FR\",\"@id\":\"https:\\\/\\\/eralux.com\\\/fr\\\/#\\\/schema\\\/logo\\\/image\\\/\",\"url\":\"https:\\\/\\\/eralux.com\\\/wp-content\\\/uploads\\\/2024\\\/01\\\/eralux-logo-trademark-R.png\",\"contentUrl\":\"https:\\\/\\\/eralux.com\\\/wp-content\\\/uploads\\\/2024\\\/01\\\/eralux-logo-trademark-R.png\",\"width\":1000,\"height\":446,\"caption\":\"Eralux\"},\"image\":{\"@id\":\"https:\\\/\\\/eralux.com\\\/fr\\\/#\\\/schema\\\/logo\\\/image\\\/\"},\"sameAs\":[\"https:\\\/\\\/www.facebook.com\\\/aeralux.corp\",\"https:\\\/\\\/x.com\\\/eralux_inc\"],\"description\":\"Save on energy with high-performance LED solutions. Choose Eralux for eco-friendly lighting. Explore our range today!\"}]}<\/script>\n<meta property=\"product:price:amount\" content=\"0.00\" \/>\n<meta property=\"product:price:currency\" content=\"CAD\" \/>\n<meta property=\"og:availability\" content=\"instock\" \/>\n<meta property=\"product:availability\" content=\"instock\" \/>\n<meta property=\"product:condition\" content=\"new\" \/>\n<!-- \/ Yoast SEO Premium plugin. -->","yoast_head_json":{"title":"JUNO TRACK-T2 (Copy) (Copy) (Copy) - Eralux","description":"ERALUX Track 2 est compatible avec les adaptateurs de circuit Juno Two. Le syst\u00e8me de distribution d'\u00e9nergie et de rails est adapt\u00e9 \u00e0 la vente au d\u00e9tail, aux commerces et aux habitations. Livr\u00e9 avec un T20009 (capuchon d'extr\u00e9mit\u00e9) install\u00e9. Fabriqu\u00e9 avec une poutre en \"I\" en aluminium extrud\u00e9 combin\u00e9e \u00e0 un isolant thermoplastique et deux conducteurs en cuivre massif de calibre 12 AWG.","robots":{"index":"index","follow":"follow","max-snippet":"max-snippet:-1","max-image-preview":"max-image-preview:large","max-video-preview":"max-video-preview:-1"},"canonical":"https:\/\/eralux.com\/fr\/produit\/juno-track-t2-copy-copy-copy\/","og_locale":"fr_FR","og_type":"article","og_title":"JUNO TRACK-T2 (Copy) (Copy) (Copy)","og_description":"ERALUX Track 2 est compatible avec les adaptateurs de circuit Juno Two. Le syst\u00e8me de distribution d'\u00e9nergie et de rails est adapt\u00e9 \u00e0 la vente au d\u00e9tail, aux commerces et aux habitations. Livr\u00e9 avec un T20009 (capuchon d'extr\u00e9mit\u00e9) install\u00e9. Fabriqu\u00e9 avec une poutre en \"I\" en aluminium extrud\u00e9 combin\u00e9e \u00e0 un isolant thermoplastique et deux conducteurs en cuivre massif de calibre 12 AWG.","og_url":"https:\/\/eralux.com\/fr\/produit\/juno-track-t2-copy-copy-copy\/","og_site_name":"Eralux","article_publisher":"https:\/\/www.facebook.com\/aeralux.corp","article_modified_time":"2026-02-25T14:07:51+00:00","og_image":[{"width":1000,"height":1000,"url":"https:\/\/eralux.com\/wp-content\/uploads\/2026\/01\/ST18-Black-1000x1000-1.png","type":"image\/png"}],"twitter_card":"summary_large_image","twitter_site":"@eralux_inc","twitter_misc":{"Prix":"&#36;0.00","Disponibilit\u00e9":"En stock"},"schema":{"@context":"https:\/\/schema.org","@graph":[{"@type":"WebPage","@id":"https:\/\/eralux.com\/fr\/produit\/juno-track-t2-copy-copy-copy\/","url":"https:\/\/eralux.com\/fr\/produit\/juno-track-t2-copy-copy-copy\/","name":"JUNO TRACK-T2 (Copy) (Copy) (Copy) - Eralux","isPartOf":{"@id":"https:\/\/eralux.com\/fr\/#website"},"primaryImageOfPage":{"@id":"https:\/\/eralux.com\/fr\/produit\/juno-track-t2-copy-copy-copy\/#primaryimage"},"image":{"@id":"https:\/\/eralux.com\/fr\/produit\/juno-track-t2-copy-copy-copy\/#primaryimage"},"thumbnailUrl":"https:\/\/eralux.com\/wp-content\/uploads\/2026\/01\/ST18-Black-1000x1000-1.png","datePublished":"2026-01-26T20:30:08+00:00","dateModified":"2026-02-25T14:07:51+00:00","description":"ERALUX Track 2 est compatible avec les adaptateurs de circuit Juno Two. Le syst\u00e8me de distribution d'\u00e9nergie et de rails est adapt\u00e9 \u00e0 la vente au d\u00e9tail, aux commerces et aux habitations. Livr\u00e9 avec un T20009 (capuchon d'extr\u00e9mit\u00e9) install\u00e9. Fabriqu\u00e9 avec une poutre en \"I\" en aluminium extrud\u00e9 combin\u00e9e \u00e0 un isolant thermoplastique et deux conducteurs en cuivre massif de calibre 12 AWG.","breadcrumb":{"@id":"https:\/\/eralux.com\/fr\/produit\/juno-track-t2-copy-copy-copy\/#breadcrumb"},"inLanguage":"fr-FR","potentialAction":[{"@type":"ReadAction","target":["https:\/\/eralux.com\/fr\/produit\/juno-track-t2-copy-copy-copy\/"]}]},{"@type":"ImageObject","inLanguage":"fr-FR","@id":"https:\/\/eralux.com\/fr\/produit\/juno-track-t2-copy-copy-copy\/#primaryimage","url":"https:\/\/eralux.com\/wp-content\/uploads\/2026\/01\/ST18-Black-1000x1000-1.png","contentUrl":"https:\/\/eralux.com\/wp-content\/uploads\/2026\/01\/ST18-Black-1000x1000-1.png","width":1000,"height":1000},{"@type":"BreadcrumbList","@id":"https:\/\/eralux.com\/fr\/produit\/juno-track-t2-copy-copy-copy\/#breadcrumb","itemListElement":[{"@type":"ListItem","position":1,"name":"Home","item":"https:\/\/eralux.com\/fr\/"},{"@type":"ListItem","position":2,"name":"Shop","item":"https:\/\/eralux.com\/shop\/"},{"@type":"ListItem","position":3,"name":"JUNO TRACK-T2 (Copy) (Copy) (Copy)"}]},{"@type":"WebSite","@id":"https:\/\/eralux.com\/fr\/#website","url":"https:\/\/eralux.com\/fr\/","name":"Eralux","description":"World leader for Energy Saving LED Solutions","publisher":{"@id":"https:\/\/eralux.com\/fr\/#organization"},"alternateName":"Led manufacturer Canada","potentialAction":[{"@type":"SearchAction","target":{"@type":"EntryPoint","urlTemplate":"https:\/\/eralux.com\/fr\/?s={search_term_string}"},"query-input":{"@type":"PropertyValueSpecification","valueRequired":true,"valueName":"search_term_string"}}],"inLanguage":"fr-FR"},{"@type":"Organization","@id":"https:\/\/eralux.com\/fr\/#organization","name":"Eralux","url":"https:\/\/eralux.com\/fr\/","logo":{"@type":"ImageObject","inLanguage":"fr-FR","@id":"https:\/\/eralux.com\/fr\/#\/schema\/logo\/image\/","url":"https:\/\/eralux.com\/wp-content\/uploads\/2024\/01\/eralux-logo-trademark-R.png","contentUrl":"https:\/\/eralux.com\/wp-content\/uploads\/2024\/01\/eralux-logo-trademark-R.png","width":1000,"height":446,"caption":"Eralux"},"image":{"@id":"https:\/\/eralux.com\/fr\/#\/schema\/logo\/image\/"},"sameAs":["https:\/\/www.facebook.com\/aeralux.corp","https:\/\/x.com\/eralux_inc"],"description":"Save on energy with high-performance LED solutions. Choose Eralux for eco-friendly lighting. Explore our range today!"}]},"product_price_amount":"0.00","product_price_currency":"CAD","og_availability":"instock","product_availability":"instock","product_condition":"new"},"_links":{"self":[{"href":"https:\/\/eralux.com\/fr\/wp-json\/wp\/v2\/product\/21653","targetHints":{"allow":["GET"]}}],"collection":[{"href":"https:\/\/eralux.com\/fr\/wp-json\/wp\/v2\/product"}],"about":[{"href":"https:\/\/eralux.com\/fr\/wp-json\/wp\/v2\/types\/product"}],"replies":[{"embeddable":true,"href":"https:\/\/eralux.com\/fr\/wp-json\/wp\/v2\/comments?post=21653"}],"wp:featuredmedia":[{"embeddable":true,"href":"https:\/\/eralux.com\/fr\/wp-json\/wp\/v2\/media\/22771"}],"wp:attachment":[{"href":"https:\/\/eralux.com\/fr\/wp-json\/wp\/v2\/media?parent=21653"}],"wp:term":[{"taxonomy":"product_brand","embeddable":true,"href":"https:\/\/eralux.com\/fr\/wp-json\/wp\/v2\/product_brand?post=21653"},{"taxonomy":"product_cat","embeddable":true,"href":"https:\/\/eralux.com\/fr\/wp-json\/wp\/v2\/product_cat?post=21653"},{"taxonomy":"product_tag","embeddable":true,"href":"https:\/\/eralux.com\/fr\/wp-json\/wp\/v2\/product_tag?post=21653"}],"curies":[{"name":"wp","href":"https:\/\/api.w.org\/{rel}","templated":true}]}}