{"id":21705,"date":"2026-02-02T22:46:39","date_gmt":"2026-02-02T22:46:39","guid":{"rendered":"https:\/\/eralux.com\/?post_type=product&#038;p=21705"},"modified":"2026-02-02T23:16:13","modified_gmt":"2026-02-02T23:16:13","slug":"flexa-copy-2","status":"publish","type":"product","link":"https:\/\/eralux.com\/fr\/produit\/flexa-copy-2\/","title":{"rendered":"FLEXA (Copy)"},"content":{"rendered":"<p>Flexa est une solution d&#8217;\u00e9clairage r\u00e9volutionnaire con\u00e7ue pour \u00e9clairer les espaces avec une adaptabilit\u00e9 in\u00e9gal\u00e9e. Con\u00e7u avec pr\u00e9cision, ce syst\u00e8me d&#8217;\u00e9clairage innovant offre une dispersion de la lumi\u00e8re sur 360 degr\u00e9s. Ce luminaire est \u00e9quip\u00e9 en standard d&#8217;un insert permettant de le plier dans diff\u00e9rentes formes, tout en conservant son design \u00e9pur\u00e9 et sophistiqu\u00e9. Il dispose de plusieurs options de montage : Montage en surface et suspension verticale ou horizontale. En outre, il peut r\u00e9sister \u00e0 n&#8217;importe quel motif et conserver son aspect et sa r\u00e9partition uniformes. FLEXA est id\u00e9al pour tout espace o\u00f9 la diff\u00e9renciation et l&#8217;unicit\u00e9 sont essentielles !<\/p>\n","protected":false},"excerpt":{"rendered":"<p>Flexible Free Bend To Patterns Tube light<\/p>\n","protected":false},"featured_media":22738,"comment_status":"open","ping_status":"closed","template":"","meta":{"inline_featured_image":false},"product_brand":[],"product_cat":[279],"product_tag":[],"class_list":{"0":"post-21705","1":"product","2":"type-product","3":"status-publish","4":"has-post-thumbnail","6":"spec_sheets-smt-fr-2","7":"spec_sheets-30-fr-4","8":"spec_sheets-35-fr-2","9":"spec_sheets-40-fr-6","10":"spec_sheets-air-fr","11":"spec_sheets-cct-fr","12":"spec_sheets-cri-fr","13":"spec_sheets-montage","14":"spec_sheets-taille","15":"product_segments-nouveaux-produits","16":"product_segments-luminaires-decoratifs","17":"product_cat-ae-sf-atl-fr","19":"first","20":"instock","21":"shipping-taxable","22":"product-type-simple"},"yoast_head":"<!-- This site is optimized with the Yoast SEO Premium plugin v24.2 (Yoast SEO v27.4) - https:\/\/yoast.com\/product\/yoast-seo-premium-wordpress\/ -->\n<title>FLEXA (Copy) - Eralux<\/title>\n<meta name=\"description\" content=\"Flexa est une solution d&#039;\u00e9clairage r\u00e9volutionnaire con\u00e7ue pour \u00e9clairer les espaces avec une adaptabilit\u00e9 in\u00e9gal\u00e9e. Con\u00e7u avec pr\u00e9cision, ce syst\u00e8me d&#039;\u00e9clairage innovant offre une dispersion de la lumi\u00e8re sur 360 degr\u00e9s. Ce luminaire est \u00e9quip\u00e9 en standard d&#039;un insert permettant de le plier dans diff\u00e9rentes formes, tout en conservant son design \u00e9pur\u00e9 et sophistiqu\u00e9. Il dispose de plusieurs options de montage : Montage en surface et suspension verticale ou horizontale. En outre, il peut r\u00e9sister \u00e0 n&#039;importe quel motif et conserver son aspect et sa r\u00e9partition uniformes. FLEXA est id\u00e9al pour tout espace o\u00f9 la diff\u00e9renciation et l&#039;unicit\u00e9 sont essentielles !\" \/>\n<meta name=\"robots\" content=\"index, follow, max-snippet:-1, max-image-preview:large, max-video-preview:-1\" \/>\n<link rel=\"canonical\" href=\"https:\/\/eralux.com\/fr\/produit\/flexa-copy-2\/\" \/>\n<meta property=\"og:locale\" content=\"fr_FR\" \/>\n<meta property=\"og:type\" content=\"article\" \/>\n<meta property=\"og:title\" content=\"FLEXA (Copy)\" \/>\n<meta property=\"og:description\" content=\"Flexa est une solution d&#039;\u00e9clairage r\u00e9volutionnaire con\u00e7ue pour \u00e9clairer les espaces avec une adaptabilit\u00e9 in\u00e9gal\u00e9e. Con\u00e7u avec pr\u00e9cision, ce syst\u00e8me d&#039;\u00e9clairage innovant offre une dispersion de la lumi\u00e8re sur 360 degr\u00e9s. Ce luminaire est \u00e9quip\u00e9 en standard d&#039;un insert permettant de le plier dans diff\u00e9rentes formes, tout en conservant son design \u00e9pur\u00e9 et sophistiqu\u00e9. Il dispose de plusieurs options de montage : Montage en surface et suspension verticale ou horizontale. En outre, il peut r\u00e9sister \u00e0 n&#039;importe quel motif et conserver son aspect et sa r\u00e9partition uniformes. FLEXA est id\u00e9al pour tout espace o\u00f9 la diff\u00e9renciation et l&#039;unicit\u00e9 sont essentielles !\" \/>\n<meta property=\"og:url\" content=\"https:\/\/eralux.com\/fr\/produit\/flexa-copy-2\/\" \/>\n<meta property=\"og:site_name\" content=\"Eralux\" \/>\n<meta property=\"article:publisher\" content=\"https:\/\/www.facebook.com\/aeralux.corp\" \/>\n<meta property=\"article:modified_time\" content=\"2026-02-02T23:16:13+00:00\" \/>\n<meta property=\"og:image\" content=\"https:\/\/eralux.com\/wp-content\/uploads\/2026\/02\/Flexo-Thumbnail-2.png\" \/>\n\t<meta property=\"og:image:width\" content=\"600\" \/>\n\t<meta property=\"og:image:height\" content=\"600\" \/>\n\t<meta property=\"og:image:type\" content=\"image\/png\" \/>\n<meta name=\"twitter:card\" content=\"summary_large_image\" \/>\n<meta name=\"twitter:site\" content=\"@eralux_inc\" \/>\n<meta name=\"twitter:label1\" content=\"Prix\" \/>\n\t<meta name=\"twitter:data1\" content=\"\" \/>\n\t<meta name=\"twitter:label2\" content=\"Disponibilit\u00e9\" \/>\n\t<meta name=\"twitter:data2\" content=\"En stock\" \/>\n<script type=\"application\/ld+json\" class=\"yoast-schema-graph\">{\"@context\":\"https:\\\/\\\/schema.org\",\"@graph\":[{\"@type\":\"WebPage\",\"@id\":\"https:\\\/\\\/eralux.com\\\/fr\\\/produit\\\/flexa-copy-2\\\/\",\"url\":\"https:\\\/\\\/eralux.com\\\/fr\\\/produit\\\/flexa-copy-2\\\/\",\"name\":\"FLEXA (Copy) - Eralux\",\"isPartOf\":{\"@id\":\"https:\\\/\\\/eralux.com\\\/fr\\\/#website\"},\"primaryImageOfPage\":{\"@id\":\"https:\\\/\\\/eralux.com\\\/fr\\\/produit\\\/flexa-copy-2\\\/#primaryimage\"},\"image\":{\"@id\":\"https:\\\/\\\/eralux.com\\\/fr\\\/produit\\\/flexa-copy-2\\\/#primaryimage\"},\"thumbnailUrl\":\"https:\\\/\\\/eralux.com\\\/wp-content\\\/uploads\\\/2026\\\/02\\\/Flexo-Thumbnail-2.png\",\"datePublished\":\"2026-02-02T22:46:39+00:00\",\"dateModified\":\"2026-02-02T23:16:13+00:00\",\"description\":\"Flexa est une solution d'\u00e9clairage r\u00e9volutionnaire con\u00e7ue pour \u00e9clairer les espaces avec une adaptabilit\u00e9 in\u00e9gal\u00e9e. Con\u00e7u avec pr\u00e9cision, ce syst\u00e8me d'\u00e9clairage innovant offre une dispersion de la lumi\u00e8re sur 360 degr\u00e9s. Ce luminaire est \u00e9quip\u00e9 en standard d'un insert permettant de le plier dans diff\u00e9rentes formes, tout en conservant son design \u00e9pur\u00e9 et sophistiqu\u00e9. Il dispose de plusieurs options de montage : Montage en surface et suspension verticale ou horizontale. En outre, il peut r\u00e9sister \u00e0 n'importe quel motif et conserver son aspect et sa r\u00e9partition uniformes. FLEXA est id\u00e9al pour tout espace o\u00f9 la diff\u00e9renciation et l'unicit\u00e9 sont essentielles !\",\"breadcrumb\":{\"@id\":\"https:\\\/\\\/eralux.com\\\/fr\\\/produit\\\/flexa-copy-2\\\/#breadcrumb\"},\"inLanguage\":\"fr-FR\",\"potentialAction\":[{\"@type\":\"ReadAction\",\"target\":[\"https:\\\/\\\/eralux.com\\\/fr\\\/produit\\\/flexa-copy-2\\\/\"]}]},{\"@type\":\"ImageObject\",\"inLanguage\":\"fr-FR\",\"@id\":\"https:\\\/\\\/eralux.com\\\/fr\\\/produit\\\/flexa-copy-2\\\/#primaryimage\",\"url\":\"https:\\\/\\\/eralux.com\\\/wp-content\\\/uploads\\\/2026\\\/02\\\/Flexo-Thumbnail-2.png\",\"contentUrl\":\"https:\\\/\\\/eralux.com\\\/wp-content\\\/uploads\\\/2026\\\/02\\\/Flexo-Thumbnail-2.png\",\"width\":600,\"height\":600},{\"@type\":\"BreadcrumbList\",\"@id\":\"https:\\\/\\\/eralux.com\\\/fr\\\/produit\\\/flexa-copy-2\\\/#breadcrumb\",\"itemListElement\":[{\"@type\":\"ListItem\",\"position\":1,\"name\":\"Home\",\"item\":\"https:\\\/\\\/eralux.com\\\/fr\\\/\"},{\"@type\":\"ListItem\",\"position\":2,\"name\":\"Shop\",\"item\":\"https:\\\/\\\/eralux.com\\\/shop\\\/\"},{\"@type\":\"ListItem\",\"position\":3,\"name\":\"FLEXA (Copy)\"}]},{\"@type\":\"WebSite\",\"@id\":\"https:\\\/\\\/eralux.com\\\/fr\\\/#website\",\"url\":\"https:\\\/\\\/eralux.com\\\/fr\\\/\",\"name\":\"Eralux\",\"description\":\"World leader for Energy Saving LED Solutions\",\"publisher\":{\"@id\":\"https:\\\/\\\/eralux.com\\\/fr\\\/#organization\"},\"alternateName\":\"Led manufacturer Canada\",\"potentialAction\":[{\"@type\":\"SearchAction\",\"target\":{\"@type\":\"EntryPoint\",\"urlTemplate\":\"https:\\\/\\\/eralux.com\\\/fr\\\/?s={search_term_string}\"},\"query-input\":{\"@type\":\"PropertyValueSpecification\",\"valueRequired\":true,\"valueName\":\"search_term_string\"}}],\"inLanguage\":\"fr-FR\"},{\"@type\":\"Organization\",\"@id\":\"https:\\\/\\\/eralux.com\\\/fr\\\/#organization\",\"name\":\"Eralux\",\"url\":\"https:\\\/\\\/eralux.com\\\/fr\\\/\",\"logo\":{\"@type\":\"ImageObject\",\"inLanguage\":\"fr-FR\",\"@id\":\"https:\\\/\\\/eralux.com\\\/fr\\\/#\\\/schema\\\/logo\\\/image\\\/\",\"url\":\"https:\\\/\\\/eralux.com\\\/wp-content\\\/uploads\\\/2024\\\/01\\\/eralux-logo-trademark-R.png\",\"contentUrl\":\"https:\\\/\\\/eralux.com\\\/wp-content\\\/uploads\\\/2024\\\/01\\\/eralux-logo-trademark-R.png\",\"width\":1000,\"height\":446,\"caption\":\"Eralux\"},\"image\":{\"@id\":\"https:\\\/\\\/eralux.com\\\/fr\\\/#\\\/schema\\\/logo\\\/image\\\/\"},\"sameAs\":[\"https:\\\/\\\/www.facebook.com\\\/aeralux.corp\",\"https:\\\/\\\/x.com\\\/eralux_inc\"],\"description\":\"Save on energy with high-performance LED solutions. Choose Eralux for eco-friendly lighting. Explore our range today!\"}]}<\/script>\n<meta property=\"product:price:currency\" content=\"CAD\" \/>\n<meta property=\"og:availability\" content=\"instock\" \/>\n<meta property=\"product:availability\" content=\"instock\" \/>\n<meta property=\"product:condition\" content=\"new\" \/>\n<!-- \/ Yoast SEO Premium plugin. -->","yoast_head_json":{"title":"FLEXA (Copy) - Eralux","description":"Flexa est une solution d'\u00e9clairage r\u00e9volutionnaire con\u00e7ue pour \u00e9clairer les espaces avec une adaptabilit\u00e9 in\u00e9gal\u00e9e. Con\u00e7u avec pr\u00e9cision, ce syst\u00e8me d'\u00e9clairage innovant offre une dispersion de la lumi\u00e8re sur 360 degr\u00e9s. Ce luminaire est \u00e9quip\u00e9 en standard d'un insert permettant de le plier dans diff\u00e9rentes formes, tout en conservant son design \u00e9pur\u00e9 et sophistiqu\u00e9. Il dispose de plusieurs options de montage : Montage en surface et suspension verticale ou horizontale. En outre, il peut r\u00e9sister \u00e0 n'importe quel motif et conserver son aspect et sa r\u00e9partition uniformes. FLEXA est id\u00e9al pour tout espace o\u00f9 la diff\u00e9renciation et l'unicit\u00e9 sont essentielles !","robots":{"index":"index","follow":"follow","max-snippet":"max-snippet:-1","max-image-preview":"max-image-preview:large","max-video-preview":"max-video-preview:-1"},"canonical":"https:\/\/eralux.com\/fr\/produit\/flexa-copy-2\/","og_locale":"fr_FR","og_type":"article","og_title":"FLEXA (Copy)","og_description":"Flexa est une solution d'\u00e9clairage r\u00e9volutionnaire con\u00e7ue pour \u00e9clairer les espaces avec une adaptabilit\u00e9 in\u00e9gal\u00e9e. Con\u00e7u avec pr\u00e9cision, ce syst\u00e8me d'\u00e9clairage innovant offre une dispersion de la lumi\u00e8re sur 360 degr\u00e9s. Ce luminaire est \u00e9quip\u00e9 en standard d'un insert permettant de le plier dans diff\u00e9rentes formes, tout en conservant son design \u00e9pur\u00e9 et sophistiqu\u00e9. Il dispose de plusieurs options de montage : Montage en surface et suspension verticale ou horizontale. En outre, il peut r\u00e9sister \u00e0 n'importe quel motif et conserver son aspect et sa r\u00e9partition uniformes. FLEXA est id\u00e9al pour tout espace o\u00f9 la diff\u00e9renciation et l'unicit\u00e9 sont essentielles !","og_url":"https:\/\/eralux.com\/fr\/produit\/flexa-copy-2\/","og_site_name":"Eralux","article_publisher":"https:\/\/www.facebook.com\/aeralux.corp","article_modified_time":"2026-02-02T23:16:13+00:00","og_image":[{"width":600,"height":600,"url":"https:\/\/eralux.com\/wp-content\/uploads\/2026\/02\/Flexo-Thumbnail-2.png","type":"image\/png"}],"twitter_card":"summary_large_image","twitter_site":"@eralux_inc","twitter_misc":{"Prix":"","Disponibilit\u00e9":"En stock"},"schema":{"@context":"https:\/\/schema.org","@graph":[{"@type":"WebPage","@id":"https:\/\/eralux.com\/fr\/produit\/flexa-copy-2\/","url":"https:\/\/eralux.com\/fr\/produit\/flexa-copy-2\/","name":"FLEXA (Copy) - Eralux","isPartOf":{"@id":"https:\/\/eralux.com\/fr\/#website"},"primaryImageOfPage":{"@id":"https:\/\/eralux.com\/fr\/produit\/flexa-copy-2\/#primaryimage"},"image":{"@id":"https:\/\/eralux.com\/fr\/produit\/flexa-copy-2\/#primaryimage"},"thumbnailUrl":"https:\/\/eralux.com\/wp-content\/uploads\/2026\/02\/Flexo-Thumbnail-2.png","datePublished":"2026-02-02T22:46:39+00:00","dateModified":"2026-02-02T23:16:13+00:00","description":"Flexa est une solution d'\u00e9clairage r\u00e9volutionnaire con\u00e7ue pour \u00e9clairer les espaces avec une adaptabilit\u00e9 in\u00e9gal\u00e9e. Con\u00e7u avec pr\u00e9cision, ce syst\u00e8me d'\u00e9clairage innovant offre une dispersion de la lumi\u00e8re sur 360 degr\u00e9s. Ce luminaire est \u00e9quip\u00e9 en standard d'un insert permettant de le plier dans diff\u00e9rentes formes, tout en conservant son design \u00e9pur\u00e9 et sophistiqu\u00e9. Il dispose de plusieurs options de montage : Montage en surface et suspension verticale ou horizontale. En outre, il peut r\u00e9sister \u00e0 n'importe quel motif et conserver son aspect et sa r\u00e9partition uniformes. FLEXA est id\u00e9al pour tout espace o\u00f9 la diff\u00e9renciation et l'unicit\u00e9 sont essentielles !","breadcrumb":{"@id":"https:\/\/eralux.com\/fr\/produit\/flexa-copy-2\/#breadcrumb"},"inLanguage":"fr-FR","potentialAction":[{"@type":"ReadAction","target":["https:\/\/eralux.com\/fr\/produit\/flexa-copy-2\/"]}]},{"@type":"ImageObject","inLanguage":"fr-FR","@id":"https:\/\/eralux.com\/fr\/produit\/flexa-copy-2\/#primaryimage","url":"https:\/\/eralux.com\/wp-content\/uploads\/2026\/02\/Flexo-Thumbnail-2.png","contentUrl":"https:\/\/eralux.com\/wp-content\/uploads\/2026\/02\/Flexo-Thumbnail-2.png","width":600,"height":600},{"@type":"BreadcrumbList","@id":"https:\/\/eralux.com\/fr\/produit\/flexa-copy-2\/#breadcrumb","itemListElement":[{"@type":"ListItem","position":1,"name":"Home","item":"https:\/\/eralux.com\/fr\/"},{"@type":"ListItem","position":2,"name":"Shop","item":"https:\/\/eralux.com\/shop\/"},{"@type":"ListItem","position":3,"name":"FLEXA (Copy)"}]},{"@type":"WebSite","@id":"https:\/\/eralux.com\/fr\/#website","url":"https:\/\/eralux.com\/fr\/","name":"Eralux","description":"World leader for Energy Saving LED Solutions","publisher":{"@id":"https:\/\/eralux.com\/fr\/#organization"},"alternateName":"Led manufacturer Canada","potentialAction":[{"@type":"SearchAction","target":{"@type":"EntryPoint","urlTemplate":"https:\/\/eralux.com\/fr\/?s={search_term_string}"},"query-input":{"@type":"PropertyValueSpecification","valueRequired":true,"valueName":"search_term_string"}}],"inLanguage":"fr-FR"},{"@type":"Organization","@id":"https:\/\/eralux.com\/fr\/#organization","name":"Eralux","url":"https:\/\/eralux.com\/fr\/","logo":{"@type":"ImageObject","inLanguage":"fr-FR","@id":"https:\/\/eralux.com\/fr\/#\/schema\/logo\/image\/","url":"https:\/\/eralux.com\/wp-content\/uploads\/2024\/01\/eralux-logo-trademark-R.png","contentUrl":"https:\/\/eralux.com\/wp-content\/uploads\/2024\/01\/eralux-logo-trademark-R.png","width":1000,"height":446,"caption":"Eralux"},"image":{"@id":"https:\/\/eralux.com\/fr\/#\/schema\/logo\/image\/"},"sameAs":["https:\/\/www.facebook.com\/aeralux.corp","https:\/\/x.com\/eralux_inc"],"description":"Save on energy with high-performance LED solutions. Choose Eralux for eco-friendly lighting. Explore our range today!"}]},"product_price_currency":"CAD","og_availability":"instock","product_availability":"instock","product_condition":"new"},"_links":{"self":[{"href":"https:\/\/eralux.com\/fr\/wp-json\/wp\/v2\/product\/21705","targetHints":{"allow":["GET"]}}],"collection":[{"href":"https:\/\/eralux.com\/fr\/wp-json\/wp\/v2\/product"}],"about":[{"href":"https:\/\/eralux.com\/fr\/wp-json\/wp\/v2\/types\/product"}],"replies":[{"embeddable":true,"href":"https:\/\/eralux.com\/fr\/wp-json\/wp\/v2\/comments?post=21705"}],"wp:featuredmedia":[{"embeddable":true,"href":"https:\/\/eralux.com\/fr\/wp-json\/wp\/v2\/media\/22738"}],"wp:attachment":[{"href":"https:\/\/eralux.com\/fr\/wp-json\/wp\/v2\/media?parent=21705"}],"wp:term":[{"taxonomy":"product_brand","embeddable":true,"href":"https:\/\/eralux.com\/fr\/wp-json\/wp\/v2\/product_brand?post=21705"},{"taxonomy":"product_cat","embeddable":true,"href":"https:\/\/eralux.com\/fr\/wp-json\/wp\/v2\/product_cat?post=21705"},{"taxonomy":"product_tag","embeddable":true,"href":"https:\/\/eralux.com\/fr\/wp-json\/wp\/v2\/product_tag?post=21705"}],"curies":[{"name":"wp","href":"https:\/\/api.w.org\/{rel}","templated":true}]}}