{"id":21936,"date":"2026-02-13T15:17:02","date_gmt":"2026-02-13T15:17:02","guid":{"rendered":"https:\/\/eralux.com\/?post_type=product&#038;p=21936"},"modified":"2026-02-13T15:34:07","modified_gmt":"2026-02-13T15:34:07","slug":"trinity-copy","status":"publish","type":"product","link":"https:\/\/eralux.com\/fr\/produit\/trinity-copy\/","title":{"rendered":"TRINITY (Copy)"},"content":{"rendered":"<p>Le luminaire industriel de la s\u00e9rie Trinity est une s\u00e9rie de luminaires lin\u00e9aires \u00e0 grande hauteur d&#8217;ERALUX. Il est propos\u00e9 en plusieurs tailles et dispose de plusieurs m\u00e9thodes de montage pour s&#8217;adapter \u00e0 l&#8217;espace de votre projet. L&#8217;une des caract\u00e9ristiques de ce projecteur est l&#8217;utilisation d&#8217;extrusions d&#8217;aluminium afin d&#8217;offrir une surface maximale pour le dissipateur thermique des r\u00e9seaux de LED. Cela permet de prolonger la dur\u00e9e de vie de l&#8217;appareil tout en augmentant ses performances.<\/p>\n","protected":false},"excerpt":{"rendered":"<p>Grande baie lin\u00e9aire<\/p>\n","protected":false},"featured_media":21940,"comment_status":"open","ping_status":"closed","template":"","meta":{"inline_featured_image":false},"product_brand":[],"product_cat":[279],"product_tag":[],"class_list":{"0":"post-21936","1":"product","2":"type-product","3":"status-publish","4":"has-post-thumbnail","6":"spec_sheets-ca-fr-3","7":"spec_sheets-22-fr","8":"spec_sheets-d-fr-2","9":"spec_sheets-cct-fr","10":"spec_sheets-puissance","11":"spec_sheets-taille","12":"spec_sheets-tension","13":"spec_sheets-200w-fr-2","14":"product_applications-industriel","15":"product_applications-architecture","16":"product_segments-coming-soon","17":"product_cat-ae-sf-atl-fr","19":"first","20":"instock","21":"shipping-taxable","22":"purchasable","23":"product-type-simple"},"yoast_head":"<!-- This site is optimized with the Yoast SEO Premium plugin v24.2 (Yoast SEO v27.4) - https:\/\/yoast.com\/product\/yoast-seo-premium-wordpress\/ -->\n<title>TRINITY (Copy) - Eralux (Fabricant LED Canada)<\/title>\n<meta name=\"description\" content=\"Le luminaire industriel de la s\u00e9rie Trinity est une s\u00e9rie de luminaires lin\u00e9aires \u00e0 grande hauteur d&#039;ERALUX. Il est propos\u00e9 en plusieurs tailles et dispose de plusieurs m\u00e9thodes de montage pour s&#039;adapter \u00e0 l&#039;espace de votre projet. L&#039;une des caract\u00e9ristiques de ce projecteur est l&#039;utilisation d&#039;extrusions d&#039;aluminium afin d&#039;offrir une surface maximale pour le dissipateur thermique des r\u00e9seaux de LED. Cela permet de prolonger la dur\u00e9e de vie de l&#039;appareil tout en augmentant ses performances.\" \/>\n<meta name=\"robots\" content=\"index, follow, max-snippet:-1, max-image-preview:large, max-video-preview:-1\" \/>\n<link rel=\"canonical\" href=\"https:\/\/eralux.com\/fr\/produit\/trinity-copy\/\" \/>\n<meta property=\"og:locale\" content=\"fr_FR\" \/>\n<meta property=\"og:type\" content=\"article\" \/>\n<meta property=\"og:title\" content=\"TRINITY (Copy)\" \/>\n<meta property=\"og:description\" content=\"Le luminaire industriel de la s\u00e9rie Trinity est une s\u00e9rie de luminaires lin\u00e9aires \u00e0 grande hauteur d&#039;ERALUX. Il est propos\u00e9 en plusieurs tailles et dispose de plusieurs m\u00e9thodes de montage pour s&#039;adapter \u00e0 l&#039;espace de votre projet. L&#039;une des caract\u00e9ristiques de ce projecteur est l&#039;utilisation d&#039;extrusions d&#039;aluminium afin d&#039;offrir une surface maximale pour le dissipateur thermique des r\u00e9seaux de LED. Cela permet de prolonger la dur\u00e9e de vie de l&#039;appareil tout en augmentant ses performances.\" \/>\n<meta property=\"og:url\" content=\"https:\/\/eralux.com\/fr\/produit\/trinity-copy\/\" \/>\n<meta property=\"og:site_name\" content=\"Eralux\" \/>\n<meta property=\"article:publisher\" content=\"https:\/\/www.facebook.com\/aeralux.corp\" \/>\n<meta property=\"article:modified_time\" content=\"2026-02-13T15:34:07+00:00\" \/>\n<meta property=\"og:image\" content=\"https:\/\/eralux.com\/wp-content\/uploads\/2026\/02\/2\u4ee3.488.png\" \/>\n\t<meta property=\"og:image:width\" content=\"1000\" \/>\n\t<meta property=\"og:image:height\" content=\"1000\" \/>\n\t<meta property=\"og:image:type\" content=\"image\/png\" \/>\n<meta name=\"twitter:card\" content=\"summary_large_image\" \/>\n<meta name=\"twitter:site\" content=\"@eralux_inc\" \/>\n<meta name=\"twitter:label1\" content=\"Prix\" \/>\n\t<meta name=\"twitter:data1\" content=\"&#036;0.00\" \/>\n\t<meta name=\"twitter:label2\" content=\"Disponibilit\u00e9\" \/>\n\t<meta name=\"twitter:data2\" content=\"En stock\" \/>\n<script type=\"application\/ld+json\" class=\"yoast-schema-graph\">{\"@context\":\"https:\\\/\\\/schema.org\",\"@graph\":[{\"@type\":\"WebPage\",\"@id\":\"https:\\\/\\\/eralux.com\\\/fr\\\/produit\\\/trinity-copy\\\/\",\"url\":\"https:\\\/\\\/eralux.com\\\/fr\\\/produit\\\/trinity-copy\\\/\",\"name\":\"TRINITY (Copy) - Eralux (Fabricant LED Canada)\",\"isPartOf\":{\"@id\":\"https:\\\/\\\/eralux.com\\\/fr\\\/#website\"},\"primaryImageOfPage\":{\"@id\":\"https:\\\/\\\/eralux.com\\\/fr\\\/produit\\\/trinity-copy\\\/#primaryimage\"},\"image\":{\"@id\":\"https:\\\/\\\/eralux.com\\\/fr\\\/produit\\\/trinity-copy\\\/#primaryimage\"},\"thumbnailUrl\":\"https:\\\/\\\/eralux.com\\\/wp-content\\\/uploads\\\/2026\\\/02\\\/2\u4ee3.488.png\",\"datePublished\":\"2026-02-13T15:17:02+00:00\",\"dateModified\":\"2026-02-13T15:34:07+00:00\",\"description\":\"Le luminaire industriel de la s\u00e9rie Trinity est une s\u00e9rie de luminaires lin\u00e9aires \u00e0 grande hauteur d'ERALUX. Il est propos\u00e9 en plusieurs tailles et dispose de plusieurs m\u00e9thodes de montage pour s'adapter \u00e0 l'espace de votre projet. L'une des caract\u00e9ristiques de ce projecteur est l'utilisation d'extrusions d'aluminium afin d'offrir une surface maximale pour le dissipateur thermique des r\u00e9seaux de LED. Cela permet de prolonger la dur\u00e9e de vie de l'appareil tout en augmentant ses performances.\",\"breadcrumb\":{\"@id\":\"https:\\\/\\\/eralux.com\\\/fr\\\/produit\\\/trinity-copy\\\/#breadcrumb\"},\"inLanguage\":\"fr-FR\",\"potentialAction\":[{\"@type\":\"ReadAction\",\"target\":[\"https:\\\/\\\/eralux.com\\\/fr\\\/produit\\\/trinity-copy\\\/\"]}]},{\"@type\":\"ImageObject\",\"inLanguage\":\"fr-FR\",\"@id\":\"https:\\\/\\\/eralux.com\\\/fr\\\/produit\\\/trinity-copy\\\/#primaryimage\",\"url\":\"https:\\\/\\\/eralux.com\\\/wp-content\\\/uploads\\\/2026\\\/02\\\/2\u4ee3.488.png\",\"contentUrl\":\"https:\\\/\\\/eralux.com\\\/wp-content\\\/uploads\\\/2026\\\/02\\\/2\u4ee3.488.png\",\"width\":1000,\"height\":1000},{\"@type\":\"BreadcrumbList\",\"@id\":\"https:\\\/\\\/eralux.com\\\/fr\\\/produit\\\/trinity-copy\\\/#breadcrumb\",\"itemListElement\":[{\"@type\":\"ListItem\",\"position\":1,\"name\":\"Home\",\"item\":\"https:\\\/\\\/eralux.com\\\/fr\\\/\"},{\"@type\":\"ListItem\",\"position\":2,\"name\":\"Shop\",\"item\":\"https:\\\/\\\/eralux.com\\\/shop\\\/\"},{\"@type\":\"ListItem\",\"position\":3,\"name\":\"TRINITY (Copy)\"}]},{\"@type\":\"WebSite\",\"@id\":\"https:\\\/\\\/eralux.com\\\/fr\\\/#website\",\"url\":\"https:\\\/\\\/eralux.com\\\/fr\\\/\",\"name\":\"Eralux\",\"description\":\"World leader for Energy Saving LED Solutions\",\"publisher\":{\"@id\":\"https:\\\/\\\/eralux.com\\\/fr\\\/#organization\"},\"alternateName\":\"Led manufacturer Canada\",\"potentialAction\":[{\"@type\":\"SearchAction\",\"target\":{\"@type\":\"EntryPoint\",\"urlTemplate\":\"https:\\\/\\\/eralux.com\\\/fr\\\/?s={search_term_string}\"},\"query-input\":{\"@type\":\"PropertyValueSpecification\",\"valueRequired\":true,\"valueName\":\"search_term_string\"}}],\"inLanguage\":\"fr-FR\"},{\"@type\":\"Organization\",\"@id\":\"https:\\\/\\\/eralux.com\\\/fr\\\/#organization\",\"name\":\"Eralux\",\"url\":\"https:\\\/\\\/eralux.com\\\/fr\\\/\",\"logo\":{\"@type\":\"ImageObject\",\"inLanguage\":\"fr-FR\",\"@id\":\"https:\\\/\\\/eralux.com\\\/fr\\\/#\\\/schema\\\/logo\\\/image\\\/\",\"url\":\"https:\\\/\\\/eralux.com\\\/wp-content\\\/uploads\\\/2024\\\/01\\\/eralux-logo-trademark-R.png\",\"contentUrl\":\"https:\\\/\\\/eralux.com\\\/wp-content\\\/uploads\\\/2024\\\/01\\\/eralux-logo-trademark-R.png\",\"width\":1000,\"height\":446,\"caption\":\"Eralux\"},\"image\":{\"@id\":\"https:\\\/\\\/eralux.com\\\/fr\\\/#\\\/schema\\\/logo\\\/image\\\/\"},\"sameAs\":[\"https:\\\/\\\/www.facebook.com\\\/aeralux.corp\",\"https:\\\/\\\/x.com\\\/eralux_inc\"],\"description\":\"Save on energy with high-performance LED solutions. Choose Eralux for eco-friendly lighting. Explore our range today!\"}]}<\/script>\n<meta property=\"product:price:amount\" content=\"0.00\" \/>\n<meta property=\"product:price:currency\" content=\"CAD\" \/>\n<meta property=\"og:availability\" content=\"instock\" \/>\n<meta property=\"product:availability\" content=\"instock\" \/>\n<meta property=\"product:condition\" content=\"new\" \/>\n<!-- \/ Yoast SEO Premium plugin. -->","yoast_head_json":{"title":"TRINITY (Copy) - Eralux (Fabricant LED Canada)","description":"Le luminaire industriel de la s\u00e9rie Trinity est une s\u00e9rie de luminaires lin\u00e9aires \u00e0 grande hauteur d'ERALUX. Il est propos\u00e9 en plusieurs tailles et dispose de plusieurs m\u00e9thodes de montage pour s'adapter \u00e0 l'espace de votre projet. L'une des caract\u00e9ristiques de ce projecteur est l'utilisation d'extrusions d'aluminium afin d'offrir une surface maximale pour le dissipateur thermique des r\u00e9seaux de LED. Cela permet de prolonger la dur\u00e9e de vie de l'appareil tout en augmentant ses performances.","robots":{"index":"index","follow":"follow","max-snippet":"max-snippet:-1","max-image-preview":"max-image-preview:large","max-video-preview":"max-video-preview:-1"},"canonical":"https:\/\/eralux.com\/fr\/produit\/trinity-copy\/","og_locale":"fr_FR","og_type":"article","og_title":"TRINITY (Copy)","og_description":"Le luminaire industriel de la s\u00e9rie Trinity est une s\u00e9rie de luminaires lin\u00e9aires \u00e0 grande hauteur d'ERALUX. Il est propos\u00e9 en plusieurs tailles et dispose de plusieurs m\u00e9thodes de montage pour s'adapter \u00e0 l'espace de votre projet. L'une des caract\u00e9ristiques de ce projecteur est l'utilisation d'extrusions d'aluminium afin d'offrir une surface maximale pour le dissipateur thermique des r\u00e9seaux de LED. Cela permet de prolonger la dur\u00e9e de vie de l'appareil tout en augmentant ses performances.","og_url":"https:\/\/eralux.com\/fr\/produit\/trinity-copy\/","og_site_name":"Eralux","article_publisher":"https:\/\/www.facebook.com\/aeralux.corp","article_modified_time":"2026-02-13T15:34:07+00:00","og_image":[{"width":1000,"height":1000,"url":"https:\/\/eralux.com\/wp-content\/uploads\/2026\/02\/2\u4ee3.488.png","type":"image\/png"}],"twitter_card":"summary_large_image","twitter_site":"@eralux_inc","twitter_misc":{"Prix":"&#36;0.00","Disponibilit\u00e9":"En stock"},"schema":{"@context":"https:\/\/schema.org","@graph":[{"@type":"WebPage","@id":"https:\/\/eralux.com\/fr\/produit\/trinity-copy\/","url":"https:\/\/eralux.com\/fr\/produit\/trinity-copy\/","name":"TRINITY (Copy) - Eralux (Fabricant LED Canada)","isPartOf":{"@id":"https:\/\/eralux.com\/fr\/#website"},"primaryImageOfPage":{"@id":"https:\/\/eralux.com\/fr\/produit\/trinity-copy\/#primaryimage"},"image":{"@id":"https:\/\/eralux.com\/fr\/produit\/trinity-copy\/#primaryimage"},"thumbnailUrl":"https:\/\/eralux.com\/wp-content\/uploads\/2026\/02\/2\u4ee3.488.png","datePublished":"2026-02-13T15:17:02+00:00","dateModified":"2026-02-13T15:34:07+00:00","description":"Le luminaire industriel de la s\u00e9rie Trinity est une s\u00e9rie de luminaires lin\u00e9aires \u00e0 grande hauteur d'ERALUX. Il est propos\u00e9 en plusieurs tailles et dispose de plusieurs m\u00e9thodes de montage pour s'adapter \u00e0 l'espace de votre projet. L'une des caract\u00e9ristiques de ce projecteur est l'utilisation d'extrusions d'aluminium afin d'offrir une surface maximale pour le dissipateur thermique des r\u00e9seaux de LED. Cela permet de prolonger la dur\u00e9e de vie de l'appareil tout en augmentant ses performances.","breadcrumb":{"@id":"https:\/\/eralux.com\/fr\/produit\/trinity-copy\/#breadcrumb"},"inLanguage":"fr-FR","potentialAction":[{"@type":"ReadAction","target":["https:\/\/eralux.com\/fr\/produit\/trinity-copy\/"]}]},{"@type":"ImageObject","inLanguage":"fr-FR","@id":"https:\/\/eralux.com\/fr\/produit\/trinity-copy\/#primaryimage","url":"https:\/\/eralux.com\/wp-content\/uploads\/2026\/02\/2\u4ee3.488.png","contentUrl":"https:\/\/eralux.com\/wp-content\/uploads\/2026\/02\/2\u4ee3.488.png","width":1000,"height":1000},{"@type":"BreadcrumbList","@id":"https:\/\/eralux.com\/fr\/produit\/trinity-copy\/#breadcrumb","itemListElement":[{"@type":"ListItem","position":1,"name":"Home","item":"https:\/\/eralux.com\/fr\/"},{"@type":"ListItem","position":2,"name":"Shop","item":"https:\/\/eralux.com\/shop\/"},{"@type":"ListItem","position":3,"name":"TRINITY (Copy)"}]},{"@type":"WebSite","@id":"https:\/\/eralux.com\/fr\/#website","url":"https:\/\/eralux.com\/fr\/","name":"Eralux","description":"World leader for Energy Saving LED Solutions","publisher":{"@id":"https:\/\/eralux.com\/fr\/#organization"},"alternateName":"Led manufacturer Canada","potentialAction":[{"@type":"SearchAction","target":{"@type":"EntryPoint","urlTemplate":"https:\/\/eralux.com\/fr\/?s={search_term_string}"},"query-input":{"@type":"PropertyValueSpecification","valueRequired":true,"valueName":"search_term_string"}}],"inLanguage":"fr-FR"},{"@type":"Organization","@id":"https:\/\/eralux.com\/fr\/#organization","name":"Eralux","url":"https:\/\/eralux.com\/fr\/","logo":{"@type":"ImageObject","inLanguage":"fr-FR","@id":"https:\/\/eralux.com\/fr\/#\/schema\/logo\/image\/","url":"https:\/\/eralux.com\/wp-content\/uploads\/2024\/01\/eralux-logo-trademark-R.png","contentUrl":"https:\/\/eralux.com\/wp-content\/uploads\/2024\/01\/eralux-logo-trademark-R.png","width":1000,"height":446,"caption":"Eralux"},"image":{"@id":"https:\/\/eralux.com\/fr\/#\/schema\/logo\/image\/"},"sameAs":["https:\/\/www.facebook.com\/aeralux.corp","https:\/\/x.com\/eralux_inc"],"description":"Save on energy with high-performance LED solutions. Choose Eralux for eco-friendly lighting. Explore our range today!"}]},"product_price_amount":"0.00","product_price_currency":"CAD","og_availability":"instock","product_availability":"instock","product_condition":"new"},"_links":{"self":[{"href":"https:\/\/eralux.com\/fr\/wp-json\/wp\/v2\/product\/21936","targetHints":{"allow":["GET"]}}],"collection":[{"href":"https:\/\/eralux.com\/fr\/wp-json\/wp\/v2\/product"}],"about":[{"href":"https:\/\/eralux.com\/fr\/wp-json\/wp\/v2\/types\/product"}],"replies":[{"embeddable":true,"href":"https:\/\/eralux.com\/fr\/wp-json\/wp\/v2\/comments?post=21936"}],"wp:featuredmedia":[{"embeddable":true,"href":"https:\/\/eralux.com\/fr\/wp-json\/wp\/v2\/media\/21940"}],"wp:attachment":[{"href":"https:\/\/eralux.com\/fr\/wp-json\/wp\/v2\/media?parent=21936"}],"wp:term":[{"taxonomy":"product_brand","embeddable":true,"href":"https:\/\/eralux.com\/fr\/wp-json\/wp\/v2\/product_brand?post=21936"},{"taxonomy":"product_cat","embeddable":true,"href":"https:\/\/eralux.com\/fr\/wp-json\/wp\/v2\/product_cat?post=21936"},{"taxonomy":"product_tag","embeddable":true,"href":"https:\/\/eralux.com\/fr\/wp-json\/wp\/v2\/product_tag?post=21936"}],"curies":[{"name":"wp","href":"https:\/\/api.w.org\/{rel}","templated":true}]}}