{"id":21956,"date":"2026-02-16T13:49:33","date_gmt":"2026-02-16T13:49:33","guid":{"rendered":"https:\/\/eralux.com\/?post_type=product&#038;p=21956"},"modified":"2026-02-16T14:20:34","modified_gmt":"2026-02-16T14:20:34","slug":"f2-copy","status":"publish","type":"product","link":"https:\/\/eralux.com\/fr\/produit\/f2-copy\/","title":{"rendered":"F2 (Copy)"},"content":{"rendered":"<p>La s\u00e9rie F2 est le luminaire architectural lin\u00e9aire \u00e0 montage en surface d&#8217;ERALUX. La s\u00e9rie F2 offre la simplicit\u00e9 d&#8217;installation pour une livraison rapide et efficace. Elle est en outre am\u00e9lior\u00e9e avec l&#8217;acc\u00e8s \u00e0 la carte LED, aux pilotes et \u00e0 tout autre composant par le bas. Ils sont disponibles en longueurs de 4, 6 et 8 pieds. Le commutateur CCT ajustable permet \u00e9galement un changement rapide de l&#8217;environnement d&#8217;\u00e9clairage.<\/p>\n","protected":false},"excerpt":{"rendered":"<p>Lin\u00e9aire architectural personnalisable \u00e0 montage en surface<\/p>\n","protected":false},"featured_media":21958,"comment_status":"open","ping_status":"closed","template":"","meta":{"inline_featured_image":false},"product_brand":[],"product_cat":[279],"product_tag":[],"class_list":{"0":"post-21956","1":"product","2":"type-product","3":"status-publish","4":"has-post-thumbnail","6":"spec_sheets-ca-fr-6","7":"spec_sheets-wh-fr-2","8":"spec_sheets-longueur-et-puissance","9":"spec_sheets-cct-fr","10":"spec_sheets-finition","11":"spec_sheets-tension","12":"product_segments-coming-soon","13":"product_cat-ae-sf-atl-fr","15":"first","16":"instock","17":"shipping-taxable","18":"purchasable","19":"product-type-simple"},"yoast_head":"<!-- This site is optimized with the Yoast SEO Premium plugin v24.2 (Yoast SEO v27.4) - https:\/\/yoast.com\/product\/yoast-seo-premium-wordpress\/ -->\n<title>F2 (Copy) - Eralux<\/title>\n<meta name=\"description\" content=\"La s\u00e9rie F2 est le luminaire architectural lin\u00e9aire \u00e0 montage en surface d&#039;ERALUX. La s\u00e9rie F2 offre la simplicit\u00e9 d&#039;installation pour une livraison rapide et efficace. Elle est en outre am\u00e9lior\u00e9e avec l&#039;acc\u00e8s \u00e0 la carte LED, aux pilotes et \u00e0 tout autre composant par le bas. Ils sont disponibles en longueurs de 4, 6 et 8 pieds. Le commutateur CCT ajustable permet \u00e9galement un changement rapide de l&#039;environnement d&#039;\u00e9clairage.\" \/>\n<meta name=\"robots\" content=\"index, follow, max-snippet:-1, max-image-preview:large, max-video-preview:-1\" \/>\n<link rel=\"canonical\" href=\"https:\/\/eralux.com\/fr\/produit\/f2-copy\/\" \/>\n<meta property=\"og:locale\" content=\"fr_FR\" \/>\n<meta property=\"og:type\" content=\"article\" \/>\n<meta property=\"og:title\" content=\"F2 (Copy)\" \/>\n<meta property=\"og:description\" content=\"La s\u00e9rie F2 est le luminaire architectural lin\u00e9aire \u00e0 montage en surface d&#039;ERALUX. La s\u00e9rie F2 offre la simplicit\u00e9 d&#039;installation pour une livraison rapide et efficace. Elle est en outre am\u00e9lior\u00e9e avec l&#039;acc\u00e8s \u00e0 la carte LED, aux pilotes et \u00e0 tout autre composant par le bas. Ils sont disponibles en longueurs de 4, 6 et 8 pieds. Le commutateur CCT ajustable permet \u00e9galement un changement rapide de l&#039;environnement d&#039;\u00e9clairage.\" \/>\n<meta property=\"og:url\" content=\"https:\/\/eralux.com\/fr\/produit\/f2-copy\/\" \/>\n<meta property=\"og:site_name\" content=\"Eralux\" \/>\n<meta property=\"article:publisher\" content=\"https:\/\/www.facebook.com\/aeralux.corp\" \/>\n<meta property=\"article:modified_time\" content=\"2026-02-16T14:20:34+00:00\" \/>\n<meta property=\"og:image\" content=\"https:\/\/eralux.com\/wp-content\/uploads\/2026\/02\/111.png\" \/>\n\t<meta property=\"og:image:width\" content=\"1000\" \/>\n\t<meta property=\"og:image:height\" content=\"1000\" \/>\n\t<meta property=\"og:image:type\" content=\"image\/png\" \/>\n<meta name=\"twitter:card\" content=\"summary_large_image\" \/>\n<meta name=\"twitter:site\" content=\"@eralux_inc\" \/>\n<meta name=\"twitter:label1\" content=\"Prix\" \/>\n\t<meta name=\"twitter:data1\" content=\"&#036;0.00\" \/>\n\t<meta name=\"twitter:label2\" content=\"Disponibilit\u00e9\" \/>\n\t<meta name=\"twitter:data2\" content=\"En stock\" \/>\n<script type=\"application\/ld+json\" class=\"yoast-schema-graph\">{\"@context\":\"https:\\\/\\\/schema.org\",\"@graph\":[{\"@type\":\"WebPage\",\"@id\":\"https:\\\/\\\/eralux.com\\\/fr\\\/produit\\\/f2-copy\\\/\",\"url\":\"https:\\\/\\\/eralux.com\\\/fr\\\/produit\\\/f2-copy\\\/\",\"name\":\"F2 (Copy) - Eralux\",\"isPartOf\":{\"@id\":\"https:\\\/\\\/eralux.com\\\/fr\\\/#website\"},\"primaryImageOfPage\":{\"@id\":\"https:\\\/\\\/eralux.com\\\/fr\\\/produit\\\/f2-copy\\\/#primaryimage\"},\"image\":{\"@id\":\"https:\\\/\\\/eralux.com\\\/fr\\\/produit\\\/f2-copy\\\/#primaryimage\"},\"thumbnailUrl\":\"https:\\\/\\\/eralux.com\\\/wp-content\\\/uploads\\\/2026\\\/02\\\/111.png\",\"datePublished\":\"2026-02-16T13:49:33+00:00\",\"dateModified\":\"2026-02-16T14:20:34+00:00\",\"description\":\"La s\u00e9rie F2 est le luminaire architectural lin\u00e9aire \u00e0 montage en surface d'ERALUX. La s\u00e9rie F2 offre la simplicit\u00e9 d'installation pour une livraison rapide et efficace. Elle est en outre am\u00e9lior\u00e9e avec l'acc\u00e8s \u00e0 la carte LED, aux pilotes et \u00e0 tout autre composant par le bas. Ils sont disponibles en longueurs de 4, 6 et 8 pieds. Le commutateur CCT ajustable permet \u00e9galement un changement rapide de l'environnement d'\u00e9clairage.\",\"breadcrumb\":{\"@id\":\"https:\\\/\\\/eralux.com\\\/fr\\\/produit\\\/f2-copy\\\/#breadcrumb\"},\"inLanguage\":\"fr-FR\",\"potentialAction\":[{\"@type\":\"ReadAction\",\"target\":[\"https:\\\/\\\/eralux.com\\\/fr\\\/produit\\\/f2-copy\\\/\"]}]},{\"@type\":\"ImageObject\",\"inLanguage\":\"fr-FR\",\"@id\":\"https:\\\/\\\/eralux.com\\\/fr\\\/produit\\\/f2-copy\\\/#primaryimage\",\"url\":\"https:\\\/\\\/eralux.com\\\/wp-content\\\/uploads\\\/2026\\\/02\\\/111.png\",\"contentUrl\":\"https:\\\/\\\/eralux.com\\\/wp-content\\\/uploads\\\/2026\\\/02\\\/111.png\",\"width\":1000,\"height\":1000},{\"@type\":\"BreadcrumbList\",\"@id\":\"https:\\\/\\\/eralux.com\\\/fr\\\/produit\\\/f2-copy\\\/#breadcrumb\",\"itemListElement\":[{\"@type\":\"ListItem\",\"position\":1,\"name\":\"Home\",\"item\":\"https:\\\/\\\/eralux.com\\\/fr\\\/\"},{\"@type\":\"ListItem\",\"position\":2,\"name\":\"Shop\",\"item\":\"https:\\\/\\\/eralux.com\\\/shop\\\/\"},{\"@type\":\"ListItem\",\"position\":3,\"name\":\"F2 (Copy)\"}]},{\"@type\":\"WebSite\",\"@id\":\"https:\\\/\\\/eralux.com\\\/fr\\\/#website\",\"url\":\"https:\\\/\\\/eralux.com\\\/fr\\\/\",\"name\":\"Eralux\",\"description\":\"World leader for Energy Saving LED Solutions\",\"publisher\":{\"@id\":\"https:\\\/\\\/eralux.com\\\/fr\\\/#organization\"},\"alternateName\":\"Led manufacturer Canada\",\"potentialAction\":[{\"@type\":\"SearchAction\",\"target\":{\"@type\":\"EntryPoint\",\"urlTemplate\":\"https:\\\/\\\/eralux.com\\\/fr\\\/?s={search_term_string}\"},\"query-input\":{\"@type\":\"PropertyValueSpecification\",\"valueRequired\":true,\"valueName\":\"search_term_string\"}}],\"inLanguage\":\"fr-FR\"},{\"@type\":\"Organization\",\"@id\":\"https:\\\/\\\/eralux.com\\\/fr\\\/#organization\",\"name\":\"Eralux\",\"url\":\"https:\\\/\\\/eralux.com\\\/fr\\\/\",\"logo\":{\"@type\":\"ImageObject\",\"inLanguage\":\"fr-FR\",\"@id\":\"https:\\\/\\\/eralux.com\\\/fr\\\/#\\\/schema\\\/logo\\\/image\\\/\",\"url\":\"https:\\\/\\\/eralux.com\\\/wp-content\\\/uploads\\\/2024\\\/01\\\/eralux-logo-trademark-R.png\",\"contentUrl\":\"https:\\\/\\\/eralux.com\\\/wp-content\\\/uploads\\\/2024\\\/01\\\/eralux-logo-trademark-R.png\",\"width\":1000,\"height\":446,\"caption\":\"Eralux\"},\"image\":{\"@id\":\"https:\\\/\\\/eralux.com\\\/fr\\\/#\\\/schema\\\/logo\\\/image\\\/\"},\"sameAs\":[\"https:\\\/\\\/www.facebook.com\\\/aeralux.corp\",\"https:\\\/\\\/x.com\\\/eralux_inc\"],\"description\":\"Save on energy with high-performance LED solutions. Choose Eralux for eco-friendly lighting. Explore our range today!\"}]}<\/script>\n<meta property=\"product:price:amount\" content=\"0.00\" \/>\n<meta property=\"product:price:currency\" content=\"CAD\" \/>\n<meta property=\"og:availability\" content=\"instock\" \/>\n<meta property=\"product:availability\" content=\"instock\" \/>\n<meta property=\"product:condition\" content=\"new\" \/>\n<!-- \/ Yoast SEO Premium plugin. -->","yoast_head_json":{"title":"F2 (Copy) - Eralux","description":"La s\u00e9rie F2 est le luminaire architectural lin\u00e9aire \u00e0 montage en surface d'ERALUX. La s\u00e9rie F2 offre la simplicit\u00e9 d'installation pour une livraison rapide et efficace. Elle est en outre am\u00e9lior\u00e9e avec l'acc\u00e8s \u00e0 la carte LED, aux pilotes et \u00e0 tout autre composant par le bas. Ils sont disponibles en longueurs de 4, 6 et 8 pieds. Le commutateur CCT ajustable permet \u00e9galement un changement rapide de l'environnement d'\u00e9clairage.","robots":{"index":"index","follow":"follow","max-snippet":"max-snippet:-1","max-image-preview":"max-image-preview:large","max-video-preview":"max-video-preview:-1"},"canonical":"https:\/\/eralux.com\/fr\/produit\/f2-copy\/","og_locale":"fr_FR","og_type":"article","og_title":"F2 (Copy)","og_description":"La s\u00e9rie F2 est le luminaire architectural lin\u00e9aire \u00e0 montage en surface d'ERALUX. La s\u00e9rie F2 offre la simplicit\u00e9 d'installation pour une livraison rapide et efficace. Elle est en outre am\u00e9lior\u00e9e avec l'acc\u00e8s \u00e0 la carte LED, aux pilotes et \u00e0 tout autre composant par le bas. Ils sont disponibles en longueurs de 4, 6 et 8 pieds. Le commutateur CCT ajustable permet \u00e9galement un changement rapide de l'environnement d'\u00e9clairage.","og_url":"https:\/\/eralux.com\/fr\/produit\/f2-copy\/","og_site_name":"Eralux","article_publisher":"https:\/\/www.facebook.com\/aeralux.corp","article_modified_time":"2026-02-16T14:20:34+00:00","og_image":[{"width":1000,"height":1000,"url":"https:\/\/eralux.com\/wp-content\/uploads\/2026\/02\/111.png","type":"image\/png"}],"twitter_card":"summary_large_image","twitter_site":"@eralux_inc","twitter_misc":{"Prix":"&#36;0.00","Disponibilit\u00e9":"En stock"},"schema":{"@context":"https:\/\/schema.org","@graph":[{"@type":"WebPage","@id":"https:\/\/eralux.com\/fr\/produit\/f2-copy\/","url":"https:\/\/eralux.com\/fr\/produit\/f2-copy\/","name":"F2 (Copy) - Eralux","isPartOf":{"@id":"https:\/\/eralux.com\/fr\/#website"},"primaryImageOfPage":{"@id":"https:\/\/eralux.com\/fr\/produit\/f2-copy\/#primaryimage"},"image":{"@id":"https:\/\/eralux.com\/fr\/produit\/f2-copy\/#primaryimage"},"thumbnailUrl":"https:\/\/eralux.com\/wp-content\/uploads\/2026\/02\/111.png","datePublished":"2026-02-16T13:49:33+00:00","dateModified":"2026-02-16T14:20:34+00:00","description":"La s\u00e9rie F2 est le luminaire architectural lin\u00e9aire \u00e0 montage en surface d'ERALUX. La s\u00e9rie F2 offre la simplicit\u00e9 d'installation pour une livraison rapide et efficace. Elle est en outre am\u00e9lior\u00e9e avec l'acc\u00e8s \u00e0 la carte LED, aux pilotes et \u00e0 tout autre composant par le bas. Ils sont disponibles en longueurs de 4, 6 et 8 pieds. Le commutateur CCT ajustable permet \u00e9galement un changement rapide de l'environnement d'\u00e9clairage.","breadcrumb":{"@id":"https:\/\/eralux.com\/fr\/produit\/f2-copy\/#breadcrumb"},"inLanguage":"fr-FR","potentialAction":[{"@type":"ReadAction","target":["https:\/\/eralux.com\/fr\/produit\/f2-copy\/"]}]},{"@type":"ImageObject","inLanguage":"fr-FR","@id":"https:\/\/eralux.com\/fr\/produit\/f2-copy\/#primaryimage","url":"https:\/\/eralux.com\/wp-content\/uploads\/2026\/02\/111.png","contentUrl":"https:\/\/eralux.com\/wp-content\/uploads\/2026\/02\/111.png","width":1000,"height":1000},{"@type":"BreadcrumbList","@id":"https:\/\/eralux.com\/fr\/produit\/f2-copy\/#breadcrumb","itemListElement":[{"@type":"ListItem","position":1,"name":"Home","item":"https:\/\/eralux.com\/fr\/"},{"@type":"ListItem","position":2,"name":"Shop","item":"https:\/\/eralux.com\/shop\/"},{"@type":"ListItem","position":3,"name":"F2 (Copy)"}]},{"@type":"WebSite","@id":"https:\/\/eralux.com\/fr\/#website","url":"https:\/\/eralux.com\/fr\/","name":"Eralux","description":"World leader for Energy Saving LED Solutions","publisher":{"@id":"https:\/\/eralux.com\/fr\/#organization"},"alternateName":"Led manufacturer Canada","potentialAction":[{"@type":"SearchAction","target":{"@type":"EntryPoint","urlTemplate":"https:\/\/eralux.com\/fr\/?s={search_term_string}"},"query-input":{"@type":"PropertyValueSpecification","valueRequired":true,"valueName":"search_term_string"}}],"inLanguage":"fr-FR"},{"@type":"Organization","@id":"https:\/\/eralux.com\/fr\/#organization","name":"Eralux","url":"https:\/\/eralux.com\/fr\/","logo":{"@type":"ImageObject","inLanguage":"fr-FR","@id":"https:\/\/eralux.com\/fr\/#\/schema\/logo\/image\/","url":"https:\/\/eralux.com\/wp-content\/uploads\/2024\/01\/eralux-logo-trademark-R.png","contentUrl":"https:\/\/eralux.com\/wp-content\/uploads\/2024\/01\/eralux-logo-trademark-R.png","width":1000,"height":446,"caption":"Eralux"},"image":{"@id":"https:\/\/eralux.com\/fr\/#\/schema\/logo\/image\/"},"sameAs":["https:\/\/www.facebook.com\/aeralux.corp","https:\/\/x.com\/eralux_inc"],"description":"Save on energy with high-performance LED solutions. Choose Eralux for eco-friendly lighting. Explore our range today!"}]},"product_price_amount":"0.00","product_price_currency":"CAD","og_availability":"instock","product_availability":"instock","product_condition":"new"},"_links":{"self":[{"href":"https:\/\/eralux.com\/fr\/wp-json\/wp\/v2\/product\/21956","targetHints":{"allow":["GET"]}}],"collection":[{"href":"https:\/\/eralux.com\/fr\/wp-json\/wp\/v2\/product"}],"about":[{"href":"https:\/\/eralux.com\/fr\/wp-json\/wp\/v2\/types\/product"}],"replies":[{"embeddable":true,"href":"https:\/\/eralux.com\/fr\/wp-json\/wp\/v2\/comments?post=21956"}],"wp:featuredmedia":[{"embeddable":true,"href":"https:\/\/eralux.com\/fr\/wp-json\/wp\/v2\/media\/21958"}],"wp:attachment":[{"href":"https:\/\/eralux.com\/fr\/wp-json\/wp\/v2\/media?parent=21956"}],"wp:term":[{"taxonomy":"product_brand","embeddable":true,"href":"https:\/\/eralux.com\/fr\/wp-json\/wp\/v2\/product_brand?post=21956"},{"taxonomy":"product_cat","embeddable":true,"href":"https:\/\/eralux.com\/fr\/wp-json\/wp\/v2\/product_cat?post=21956"},{"taxonomy":"product_tag","embeddable":true,"href":"https:\/\/eralux.com\/fr\/wp-json\/wp\/v2\/product_tag?post=21956"}],"curies":[{"name":"wp","href":"https:\/\/api.w.org\/{rel}","templated":true}]}}