{"id":22389,"date":"2026-03-19T21:13:39","date_gmt":"2026-03-19T21:13:39","guid":{"rendered":"https:\/\/eralux.com\/?post_type=product&#038;p=22389"},"modified":"2026-04-02T16:50:11","modified_gmt":"2026-04-02T16:50:11","slug":"chandra-copy-copy-copy-copy-copy-copy-copy-copy","status":"publish","type":"product","link":"https:\/\/eralux.com\/fr\/produit\/chandra-copy-copy-copy-copy-copy-copy-copy-copy\/","title":{"rendered":"CHANDRA (Copy) (Copy) (Copy) (Copy) (Copy) (Copy) (Copy) (Copy)"},"content":{"rendered":"<p>Le luminaire sur rail de la s\u00e9rie CHANDRA est sp\u00e9cialement con\u00e7u pour le commerce de d\u00e9tail. Il se distingue par son aspect \u00e9l\u00e9gant, sa vari\u00e9t\u00e9 d&#8217;options optiques et une s\u00e9rie d&#8217;accessoires permettant de s&#8217;adapter \u00e0 tous les sc\u00e9narios possibles. L&#8217;installation d&#8217;accessoires sur ce produit est un jeu d&#8217;enfant. Cela permet un d\u00e9ploiement rapide des installations dans les magasins pour la reconfiguration des produits. Ce produit a un IRC standard de 90, et un IRC sup\u00e9rieur de 97 pour un effet visuel am\u00e9lior\u00e9 sur les produits.<\/p>\n","protected":false},"excerpt":{"rendered":"<p>T\u00eate de rail pour environnement commercial<\/p>\n","protected":false},"featured_media":22469,"comment_status":"open","ping_status":"closed","template":"","meta":{"inline_featured_image":false},"product_brand":[],"product_cat":[279],"product_tag":[],"class_list":{"0":"post-22389","1":"product","2":"type-product","3":"status-publish","4":"has-post-thumbnail","6":"spec_sheets-fl-fr-3","7":"spec_sheets-wh-fr-2","8":"spec_sheets-bk-fr-2","9":"spec_sheets-distribution-fr","10":"spec_sheets-cct-fr","11":"spec_sheets-finition","12":"spec_sheets-puissance","13":"spec_sheets-30-fr","14":"spec_sheets-40-fr","15":"product_applications-architecture","16":"product_applications-magasin-de-detail","17":"product_applications-hotellerie","18":"product_applications-magasin-de-mode","19":"product_segments-coming-soon","20":"product_segments-projecteur-del-sur-rail","21":"product_segments-projecteurs-sur-rail","22":"product_cat-ae-sf-atl-fr","24":"first","25":"instock","26":"shipping-taxable","27":"purchasable","28":"product-type-simple"},"yoast_head":"<!-- This site is optimized with the Yoast SEO Premium plugin v24.2 (Yoast SEO v27.4) - https:\/\/yoast.com\/product\/yoast-seo-premium-wordpress\/ -->\n<title>CHANDRA (Copy) (Copy) (Copy) (Copy) (Copy) (Copy) (Copy) (Copy) - Eralux<\/title>\n<meta name=\"description\" content=\"Le luminaire sur rail de la s\u00e9rie CHANDRA est sp\u00e9cialement con\u00e7u pour le commerce de d\u00e9tail. Il se distingue par son aspect \u00e9l\u00e9gant, sa vari\u00e9t\u00e9 d&#039;options optiques et une s\u00e9rie d&#039;accessoires permettant de s&#039;adapter \u00e0 tous les sc\u00e9narios possibles. L&#039;installation d&#039;accessoires sur ce produit est un jeu d&#039;enfant. Cela permet un d\u00e9ploiement rapide des installations dans les magasins pour la reconfiguration des produits. Ce produit a un IRC standard de 90, mais il s&#039;adresse \u00e9galement aux experts de l&#039;\u00e9clairage avec une option High-GAI (Gamut Area Index) pour un effet visuel am\u00e9lior\u00e9 sur les produits.\" \/>\n<meta name=\"robots\" content=\"index, follow, max-snippet:-1, max-image-preview:large, max-video-preview:-1\" \/>\n<link rel=\"canonical\" href=\"https:\/\/eralux.com\/fr\/produit\/chandra-copy-copy-copy-copy-copy-copy-copy-copy\/\" \/>\n<meta property=\"og:locale\" content=\"fr_FR\" \/>\n<meta property=\"og:type\" content=\"article\" \/>\n<meta property=\"og:title\" content=\"CHANDRA (Copy) (Copy) (Copy) (Copy) (Copy) (Copy) (Copy) (Copy)\" \/>\n<meta property=\"og:description\" content=\"Le luminaire sur rail de la s\u00e9rie CHANDRA est sp\u00e9cialement con\u00e7u pour le commerce de d\u00e9tail. Il se distingue par son aspect \u00e9l\u00e9gant, sa vari\u00e9t\u00e9 d&#039;options optiques et une s\u00e9rie d&#039;accessoires permettant de s&#039;adapter \u00e0 tous les sc\u00e9narios possibles. L&#039;installation d&#039;accessoires sur ce produit est un jeu d&#039;enfant. Cela permet un d\u00e9ploiement rapide des installations dans les magasins pour la reconfiguration des produits. Ce produit a un IRC standard de 90, mais il s&#039;adresse \u00e9galement aux experts de l&#039;\u00e9clairage avec une option High-GAI (Gamut Area Index) pour un effet visuel am\u00e9lior\u00e9 sur les produits.\" \/>\n<meta property=\"og:url\" content=\"https:\/\/eralux.com\/fr\/produit\/chandra-copy-copy-copy-copy-copy-copy-copy-copy\/\" \/>\n<meta property=\"og:site_name\" content=\"Eralux\" \/>\n<meta property=\"article:publisher\" content=\"https:\/\/www.facebook.com\/aeralux.corp\" \/>\n<meta property=\"article:modified_time\" content=\"2026-04-02T16:50:11+00:00\" \/>\n<meta property=\"og:image\" content=\"https:\/\/eralux.com\/wp-content\/uploads\/2026\/03\/Himalia.png\" \/>\n\t<meta property=\"og:image:width\" content=\"600\" \/>\n\t<meta property=\"og:image:height\" content=\"600\" \/>\n\t<meta property=\"og:image:type\" content=\"image\/png\" \/>\n<meta name=\"twitter:card\" content=\"summary_large_image\" \/>\n<meta name=\"twitter:site\" content=\"@eralux_inc\" \/>\n<meta name=\"twitter:label1\" content=\"Prix\" \/>\n\t<meta name=\"twitter:data1\" content=\"&#036;0.00\" \/>\n\t<meta name=\"twitter:label2\" content=\"Disponibilit\u00e9\" \/>\n\t<meta name=\"twitter:data2\" content=\"En stock\" \/>\n<script type=\"application\/ld+json\" class=\"yoast-schema-graph\">{\"@context\":\"https:\\\/\\\/schema.org\",\"@graph\":[{\"@type\":\"WebPage\",\"@id\":\"https:\\\/\\\/eralux.com\\\/fr\\\/produit\\\/chandra-copy-copy-copy-copy-copy-copy-copy-copy\\\/\",\"url\":\"https:\\\/\\\/eralux.com\\\/fr\\\/produit\\\/chandra-copy-copy-copy-copy-copy-copy-copy-copy\\\/\",\"name\":\"CHANDRA (Copy) (Copy) (Copy) (Copy) (Copy) (Copy) (Copy) (Copy) - Eralux\",\"isPartOf\":{\"@id\":\"https:\\\/\\\/eralux.com\\\/fr\\\/#website\"},\"primaryImageOfPage\":{\"@id\":\"https:\\\/\\\/eralux.com\\\/fr\\\/produit\\\/chandra-copy-copy-copy-copy-copy-copy-copy-copy\\\/#primaryimage\"},\"image\":{\"@id\":\"https:\\\/\\\/eralux.com\\\/fr\\\/produit\\\/chandra-copy-copy-copy-copy-copy-copy-copy-copy\\\/#primaryimage\"},\"thumbnailUrl\":\"https:\\\/\\\/eralux.com\\\/wp-content\\\/uploads\\\/2026\\\/03\\\/Himalia.png\",\"datePublished\":\"2026-03-19T21:13:39+00:00\",\"dateModified\":\"2026-04-02T16:50:11+00:00\",\"description\":\"Le luminaire sur rail de la s\u00e9rie CHANDRA est sp\u00e9cialement con\u00e7u pour le commerce de d\u00e9tail. Il se distingue par son aspect \u00e9l\u00e9gant, sa vari\u00e9t\u00e9 d'options optiques et une s\u00e9rie d'accessoires permettant de s'adapter \u00e0 tous les sc\u00e9narios possibles. L'installation d'accessoires sur ce produit est un jeu d'enfant. Cela permet un d\u00e9ploiement rapide des installations dans les magasins pour la reconfiguration des produits. Ce produit a un IRC standard de 90, mais il s'adresse \u00e9galement aux experts de l'\u00e9clairage avec une option High-GAI (Gamut Area Index) pour un effet visuel am\u00e9lior\u00e9 sur les produits.\",\"breadcrumb\":{\"@id\":\"https:\\\/\\\/eralux.com\\\/fr\\\/produit\\\/chandra-copy-copy-copy-copy-copy-copy-copy-copy\\\/#breadcrumb\"},\"inLanguage\":\"fr-FR\",\"potentialAction\":[{\"@type\":\"ReadAction\",\"target\":[\"https:\\\/\\\/eralux.com\\\/fr\\\/produit\\\/chandra-copy-copy-copy-copy-copy-copy-copy-copy\\\/\"]}]},{\"@type\":\"ImageObject\",\"inLanguage\":\"fr-FR\",\"@id\":\"https:\\\/\\\/eralux.com\\\/fr\\\/produit\\\/chandra-copy-copy-copy-copy-copy-copy-copy-copy\\\/#primaryimage\",\"url\":\"https:\\\/\\\/eralux.com\\\/wp-content\\\/uploads\\\/2026\\\/03\\\/Himalia.png\",\"contentUrl\":\"https:\\\/\\\/eralux.com\\\/wp-content\\\/uploads\\\/2026\\\/03\\\/Himalia.png\",\"width\":600,\"height\":600},{\"@type\":\"BreadcrumbList\",\"@id\":\"https:\\\/\\\/eralux.com\\\/fr\\\/produit\\\/chandra-copy-copy-copy-copy-copy-copy-copy-copy\\\/#breadcrumb\",\"itemListElement\":[{\"@type\":\"ListItem\",\"position\":1,\"name\":\"Home\",\"item\":\"https:\\\/\\\/eralux.com\\\/fr\\\/\"},{\"@type\":\"ListItem\",\"position\":2,\"name\":\"Shop\",\"item\":\"https:\\\/\\\/eralux.com\\\/shop\\\/\"},{\"@type\":\"ListItem\",\"position\":3,\"name\":\"CHANDRA (Copy) (Copy) (Copy) (Copy) (Copy) (Copy) (Copy) (Copy)\"}]},{\"@type\":\"WebSite\",\"@id\":\"https:\\\/\\\/eralux.com\\\/fr\\\/#website\",\"url\":\"https:\\\/\\\/eralux.com\\\/fr\\\/\",\"name\":\"Eralux\",\"description\":\"World leader for Energy Saving LED Solutions\",\"publisher\":{\"@id\":\"https:\\\/\\\/eralux.com\\\/fr\\\/#organization\"},\"alternateName\":\"Led manufacturer Canada\",\"potentialAction\":[{\"@type\":\"SearchAction\",\"target\":{\"@type\":\"EntryPoint\",\"urlTemplate\":\"https:\\\/\\\/eralux.com\\\/fr\\\/?s={search_term_string}\"},\"query-input\":{\"@type\":\"PropertyValueSpecification\",\"valueRequired\":true,\"valueName\":\"search_term_string\"}}],\"inLanguage\":\"fr-FR\"},{\"@type\":\"Organization\",\"@id\":\"https:\\\/\\\/eralux.com\\\/fr\\\/#organization\",\"name\":\"Eralux\",\"url\":\"https:\\\/\\\/eralux.com\\\/fr\\\/\",\"logo\":{\"@type\":\"ImageObject\",\"inLanguage\":\"fr-FR\",\"@id\":\"https:\\\/\\\/eralux.com\\\/fr\\\/#\\\/schema\\\/logo\\\/image\\\/\",\"url\":\"https:\\\/\\\/eralux.com\\\/wp-content\\\/uploads\\\/2024\\\/01\\\/eralux-logo-trademark-R.png\",\"contentUrl\":\"https:\\\/\\\/eralux.com\\\/wp-content\\\/uploads\\\/2024\\\/01\\\/eralux-logo-trademark-R.png\",\"width\":1000,\"height\":446,\"caption\":\"Eralux\"},\"image\":{\"@id\":\"https:\\\/\\\/eralux.com\\\/fr\\\/#\\\/schema\\\/logo\\\/image\\\/\"},\"sameAs\":[\"https:\\\/\\\/www.facebook.com\\\/aeralux.corp\",\"https:\\\/\\\/x.com\\\/eralux_inc\"],\"description\":\"Save on energy with high-performance LED solutions. Choose Eralux for eco-friendly lighting. Explore our range today!\"}]}<\/script>\n<meta property=\"product:price:amount\" content=\"0.00\" \/>\n<meta property=\"product:price:currency\" content=\"CAD\" \/>\n<meta property=\"og:availability\" content=\"instock\" \/>\n<meta property=\"product:availability\" content=\"instock\" \/>\n<meta property=\"product:condition\" content=\"new\" \/>\n<!-- \/ Yoast SEO Premium plugin. -->","yoast_head_json":{"title":"CHANDRA (Copy) (Copy) (Copy) (Copy) (Copy) (Copy) (Copy) (Copy) - Eralux","description":"Le luminaire sur rail de la s\u00e9rie CHANDRA est sp\u00e9cialement con\u00e7u pour le commerce de d\u00e9tail. Il se distingue par son aspect \u00e9l\u00e9gant, sa vari\u00e9t\u00e9 d'options optiques et une s\u00e9rie d'accessoires permettant de s'adapter \u00e0 tous les sc\u00e9narios possibles. L'installation d'accessoires sur ce produit est un jeu d'enfant. Cela permet un d\u00e9ploiement rapide des installations dans les magasins pour la reconfiguration des produits. Ce produit a un IRC standard de 90, mais il s'adresse \u00e9galement aux experts de l'\u00e9clairage avec une option High-GAI (Gamut Area Index) pour un effet visuel am\u00e9lior\u00e9 sur les produits.","robots":{"index":"index","follow":"follow","max-snippet":"max-snippet:-1","max-image-preview":"max-image-preview:large","max-video-preview":"max-video-preview:-1"},"canonical":"https:\/\/eralux.com\/fr\/produit\/chandra-copy-copy-copy-copy-copy-copy-copy-copy\/","og_locale":"fr_FR","og_type":"article","og_title":"CHANDRA (Copy) (Copy) (Copy) (Copy) (Copy) (Copy) (Copy) (Copy)","og_description":"Le luminaire sur rail de la s\u00e9rie CHANDRA est sp\u00e9cialement con\u00e7u pour le commerce de d\u00e9tail. Il se distingue par son aspect \u00e9l\u00e9gant, sa vari\u00e9t\u00e9 d'options optiques et une s\u00e9rie d'accessoires permettant de s'adapter \u00e0 tous les sc\u00e9narios possibles. L'installation d'accessoires sur ce produit est un jeu d'enfant. Cela permet un d\u00e9ploiement rapide des installations dans les magasins pour la reconfiguration des produits. Ce produit a un IRC standard de 90, mais il s'adresse \u00e9galement aux experts de l'\u00e9clairage avec une option High-GAI (Gamut Area Index) pour un effet visuel am\u00e9lior\u00e9 sur les produits.","og_url":"https:\/\/eralux.com\/fr\/produit\/chandra-copy-copy-copy-copy-copy-copy-copy-copy\/","og_site_name":"Eralux","article_publisher":"https:\/\/www.facebook.com\/aeralux.corp","article_modified_time":"2026-04-02T16:50:11+00:00","og_image":[{"width":600,"height":600,"url":"https:\/\/eralux.com\/wp-content\/uploads\/2026\/03\/Himalia.png","type":"image\/png"}],"twitter_card":"summary_large_image","twitter_site":"@eralux_inc","twitter_misc":{"Prix":"&#36;0.00","Disponibilit\u00e9":"En stock"},"schema":{"@context":"https:\/\/schema.org","@graph":[{"@type":"WebPage","@id":"https:\/\/eralux.com\/fr\/produit\/chandra-copy-copy-copy-copy-copy-copy-copy-copy\/","url":"https:\/\/eralux.com\/fr\/produit\/chandra-copy-copy-copy-copy-copy-copy-copy-copy\/","name":"CHANDRA (Copy) (Copy) (Copy) (Copy) (Copy) (Copy) (Copy) (Copy) - Eralux","isPartOf":{"@id":"https:\/\/eralux.com\/fr\/#website"},"primaryImageOfPage":{"@id":"https:\/\/eralux.com\/fr\/produit\/chandra-copy-copy-copy-copy-copy-copy-copy-copy\/#primaryimage"},"image":{"@id":"https:\/\/eralux.com\/fr\/produit\/chandra-copy-copy-copy-copy-copy-copy-copy-copy\/#primaryimage"},"thumbnailUrl":"https:\/\/eralux.com\/wp-content\/uploads\/2026\/03\/Himalia.png","datePublished":"2026-03-19T21:13:39+00:00","dateModified":"2026-04-02T16:50:11+00:00","description":"Le luminaire sur rail de la s\u00e9rie CHANDRA est sp\u00e9cialement con\u00e7u pour le commerce de d\u00e9tail. Il se distingue par son aspect \u00e9l\u00e9gant, sa vari\u00e9t\u00e9 d'options optiques et une s\u00e9rie d'accessoires permettant de s'adapter \u00e0 tous les sc\u00e9narios possibles. L'installation d'accessoires sur ce produit est un jeu d'enfant. Cela permet un d\u00e9ploiement rapide des installations dans les magasins pour la reconfiguration des produits. Ce produit a un IRC standard de 90, mais il s'adresse \u00e9galement aux experts de l'\u00e9clairage avec une option High-GAI (Gamut Area Index) pour un effet visuel am\u00e9lior\u00e9 sur les produits.","breadcrumb":{"@id":"https:\/\/eralux.com\/fr\/produit\/chandra-copy-copy-copy-copy-copy-copy-copy-copy\/#breadcrumb"},"inLanguage":"fr-FR","potentialAction":[{"@type":"ReadAction","target":["https:\/\/eralux.com\/fr\/produit\/chandra-copy-copy-copy-copy-copy-copy-copy-copy\/"]}]},{"@type":"ImageObject","inLanguage":"fr-FR","@id":"https:\/\/eralux.com\/fr\/produit\/chandra-copy-copy-copy-copy-copy-copy-copy-copy\/#primaryimage","url":"https:\/\/eralux.com\/wp-content\/uploads\/2026\/03\/Himalia.png","contentUrl":"https:\/\/eralux.com\/wp-content\/uploads\/2026\/03\/Himalia.png","width":600,"height":600},{"@type":"BreadcrumbList","@id":"https:\/\/eralux.com\/fr\/produit\/chandra-copy-copy-copy-copy-copy-copy-copy-copy\/#breadcrumb","itemListElement":[{"@type":"ListItem","position":1,"name":"Home","item":"https:\/\/eralux.com\/fr\/"},{"@type":"ListItem","position":2,"name":"Shop","item":"https:\/\/eralux.com\/shop\/"},{"@type":"ListItem","position":3,"name":"CHANDRA (Copy) (Copy) (Copy) (Copy) (Copy) (Copy) (Copy) (Copy)"}]},{"@type":"WebSite","@id":"https:\/\/eralux.com\/fr\/#website","url":"https:\/\/eralux.com\/fr\/","name":"Eralux","description":"World leader for Energy Saving LED Solutions","publisher":{"@id":"https:\/\/eralux.com\/fr\/#organization"},"alternateName":"Led manufacturer Canada","potentialAction":[{"@type":"SearchAction","target":{"@type":"EntryPoint","urlTemplate":"https:\/\/eralux.com\/fr\/?s={search_term_string}"},"query-input":{"@type":"PropertyValueSpecification","valueRequired":true,"valueName":"search_term_string"}}],"inLanguage":"fr-FR"},{"@type":"Organization","@id":"https:\/\/eralux.com\/fr\/#organization","name":"Eralux","url":"https:\/\/eralux.com\/fr\/","logo":{"@type":"ImageObject","inLanguage":"fr-FR","@id":"https:\/\/eralux.com\/fr\/#\/schema\/logo\/image\/","url":"https:\/\/eralux.com\/wp-content\/uploads\/2024\/01\/eralux-logo-trademark-R.png","contentUrl":"https:\/\/eralux.com\/wp-content\/uploads\/2024\/01\/eralux-logo-trademark-R.png","width":1000,"height":446,"caption":"Eralux"},"image":{"@id":"https:\/\/eralux.com\/fr\/#\/schema\/logo\/image\/"},"sameAs":["https:\/\/www.facebook.com\/aeralux.corp","https:\/\/x.com\/eralux_inc"],"description":"Save on energy with high-performance LED solutions. Choose Eralux for eco-friendly lighting. Explore our range today!"}]},"product_price_amount":"0.00","product_price_currency":"CAD","og_availability":"instock","product_availability":"instock","product_condition":"new"},"_links":{"self":[{"href":"https:\/\/eralux.com\/fr\/wp-json\/wp\/v2\/product\/22389","targetHints":{"allow":["GET"]}}],"collection":[{"href":"https:\/\/eralux.com\/fr\/wp-json\/wp\/v2\/product"}],"about":[{"href":"https:\/\/eralux.com\/fr\/wp-json\/wp\/v2\/types\/product"}],"replies":[{"embeddable":true,"href":"https:\/\/eralux.com\/fr\/wp-json\/wp\/v2\/comments?post=22389"}],"wp:featuredmedia":[{"embeddable":true,"href":"https:\/\/eralux.com\/fr\/wp-json\/wp\/v2\/media\/22469"}],"wp:attachment":[{"href":"https:\/\/eralux.com\/fr\/wp-json\/wp\/v2\/media?parent=22389"}],"wp:term":[{"taxonomy":"product_brand","embeddable":true,"href":"https:\/\/eralux.com\/fr\/wp-json\/wp\/v2\/product_brand?post=22389"},{"taxonomy":"product_cat","embeddable":true,"href":"https:\/\/eralux.com\/fr\/wp-json\/wp\/v2\/product_cat?post=22389"},{"taxonomy":"product_tag","embeddable":true,"href":"https:\/\/eralux.com\/fr\/wp-json\/wp\/v2\/product_tag?post=22389"}],"curies":[{"name":"wp","href":"https:\/\/api.w.org\/{rel}","templated":true}]}}