{"id":2620,"date":"2023-12-30T20:30:43","date_gmt":"2023-12-30T20:30:43","guid":{"rendered":"https:\/\/eralux.com\/?post_type=product&#038;p=2620"},"modified":"2025-12-04T18:08:10","modified_gmt":"2025-12-04T18:08:10","slug":"tango-evolve","status":"publish","type":"product","link":"https:\/\/eralux.com\/fr\/produit\/tango-evolve\/","title":{"rendered":"TANGO EVOLVE"},"content":{"rendered":"<p>La s\u00e9rie TANGO est la famille de downlights commerciaux de 6 et 8 pouces d&#8217;ERALUX. Ce downlight est dot\u00e9 de m\u00e9canismes \u00e0 ressort qui facilitent l&#8217;installation. Il est parfait pour la r\u00e9novation et pour les nouvelles constructions (bo\u00eete de jonction ou kit de cadre requis). Le 6 pouces peut atteindre jusqu&#8217;\u00e0 2 000 lumens tandis que le 8 pouces peut atteindre 2 500 lumens \u00e0 90 CRI, 3 000K. La s\u00e9rie TANGO se distingue des downlights concurrents en proposant des lumens s\u00e9lectionnables et des commutateurs CCT, permettant une grande flexibilit\u00e9 sur le site du projet.<\/p>\n","protected":false},"excerpt":{"rendered":"<p>Luminaire commercial encastr\u00e9<\/p>\n","protected":false},"featured_media":8012,"comment_status":"open","ping_status":"closed","template":"","meta":{"inline_featured_image":false},"product_brand":[],"product_cat":[497],"product_tag":[],"class_list":{"0":"post-2620","1":"product","2":"type-product","3":"status-publish","4":"has-post-thumbnail","6":"spec_sheets-d-fr-6","7":"spec_sheets-2750-fr","8":"spec_sheets-p-fr","9":"spec_sheets-8-2-fr","10":"spec_sheets-wh-fr-2","11":"spec_sheets-cct-fr","12":"spec_sheets-cri-fr","13":"spec_sheets-attenuation","14":"spec_sheets-finition","15":"spec_sheets-puissance","16":"spec_sheets-taille","17":"spec_sheets-30w-fr","18":"product_applications-bureau-commercial","19":"product_applications-education-fr","20":"product_applications-magasin-de-mode","21":"product_applications-sante","22":"product_applications-hotellerie","23":"product_applications-magasin-de-detail","24":"product_segments-luminaires-encastres","25":"product_cat-ae-dl-tge-fr","27":"first","28":"instock","29":"shipping-taxable","30":"purchasable","31":"product-type-simple"},"yoast_head":"<!-- This site is optimized with the Yoast SEO Premium plugin v24.2 (Yoast SEO v27.5) - https:\/\/yoast.com\/product\/yoast-seo-premium-wordpress\/ -->\n<title>TANGO EVOLVE - Eralux<\/title>\n<meta name=\"description\" content=\"La s\u00e9rie TANGO est la famille de downlights commerciaux de 6 et 8 pouces d&#039;ERALUX. Ce downlight est dot\u00e9 de m\u00e9canismes \u00e0 ressort qui facilitent l&#039;installation. Il est parfait pour la r\u00e9novation et pour les nouvelles constructions (bo\u00eete de jonction ou kit de cadre requis). Le 6 pouces peut atteindre jusqu&#039;\u00e0 2 000 lumens tandis que le 8 pouces peut atteindre 2 500 lumens \u00e0 90 CRI, 3 000K. La s\u00e9rie TANGO se distingue des downlights concurrents en proposant des lumens s\u00e9lectionnables et des commutateurs CCT, permettant une grande flexibilit\u00e9 sur le site du projet.\" \/>\n<meta name=\"robots\" content=\"index, follow, max-snippet:-1, max-image-preview:large, max-video-preview:-1\" \/>\n<link rel=\"canonical\" href=\"https:\/\/eralux.com\/fr\/produit\/tango-evolve\/\" \/>\n<meta property=\"og:locale\" content=\"fr_FR\" \/>\n<meta property=\"og:type\" content=\"article\" \/>\n<meta property=\"og:title\" content=\"TANGO EVOLVE\" \/>\n<meta property=\"og:description\" content=\"La s\u00e9rie TANGO est la famille de downlights commerciaux de 6 et 8 pouces d&#039;ERALUX. Ce downlight est dot\u00e9 de m\u00e9canismes \u00e0 ressort qui facilitent l&#039;installation. Il est parfait pour la r\u00e9novation et pour les nouvelles constructions (bo\u00eete de jonction ou kit de cadre requis). Le 6 pouces peut atteindre jusqu&#039;\u00e0 2 000 lumens tandis que le 8 pouces peut atteindre 2 500 lumens \u00e0 90 CRI, 3 000K. La s\u00e9rie TANGO se distingue des downlights concurrents en proposant des lumens s\u00e9lectionnables et des commutateurs CCT, permettant une grande flexibilit\u00e9 sur le site du projet.\" \/>\n<meta property=\"og:url\" content=\"https:\/\/eralux.com\/fr\/produit\/tango-evolve\/\" \/>\n<meta property=\"og:site_name\" content=\"Eralux\" \/>\n<meta property=\"article:publisher\" content=\"https:\/\/www.facebook.com\/aeralux.corp\" \/>\n<meta property=\"article:modified_time\" content=\"2025-12-04T18:08:10+00:00\" \/>\n<meta property=\"og:image\" content=\"https:\/\/eralux.com\/wp-content\/uploads\/2024\/01\/Tango-1.png\" \/>\n\t<meta property=\"og:image:width\" content=\"1000\" \/>\n\t<meta property=\"og:image:height\" content=\"1000\" \/>\n\t<meta property=\"og:image:type\" content=\"image\/png\" \/>\n<meta name=\"twitter:card\" content=\"summary_large_image\" \/>\n<meta name=\"twitter:site\" content=\"@eralux_inc\" \/>\n<meta name=\"twitter:label1\" content=\"Prix\" \/>\n\t<meta name=\"twitter:data1\" content=\"&#036;0.00\" \/>\n\t<meta name=\"twitter:label2\" content=\"Disponibilit\u00e9\" \/>\n\t<meta name=\"twitter:data2\" content=\"En stock\" \/>\n<script type=\"application\/ld+json\" class=\"yoast-schema-graph\">{\"@context\":\"https:\\\/\\\/schema.org\",\"@graph\":[{\"@type\":\"WebPage\",\"@id\":\"https:\\\/\\\/eralux.com\\\/fr\\\/produit\\\/tango-evolve\\\/\",\"url\":\"https:\\\/\\\/eralux.com\\\/fr\\\/produit\\\/tango-evolve\\\/\",\"name\":\"TANGO EVOLVE - Eralux\",\"isPartOf\":{\"@id\":\"https:\\\/\\\/eralux.com\\\/fr\\\/#website\"},\"primaryImageOfPage\":{\"@id\":\"https:\\\/\\\/eralux.com\\\/fr\\\/produit\\\/tango-evolve\\\/#primaryimage\"},\"image\":{\"@id\":\"https:\\\/\\\/eralux.com\\\/fr\\\/produit\\\/tango-evolve\\\/#primaryimage\"},\"thumbnailUrl\":\"https:\\\/\\\/eralux.com\\\/wp-content\\\/uploads\\\/2024\\\/01\\\/Tango-1.png\",\"datePublished\":\"2023-12-30T20:30:43+00:00\",\"dateModified\":\"2025-12-04T18:08:10+00:00\",\"description\":\"La s\u00e9rie TANGO est la famille de downlights commerciaux de 6 et 8 pouces d'ERALUX. Ce downlight est dot\u00e9 de m\u00e9canismes \u00e0 ressort qui facilitent l'installation. Il est parfait pour la r\u00e9novation et pour les nouvelles constructions (bo\u00eete de jonction ou kit de cadre requis). Le 6 pouces peut atteindre jusqu'\u00e0 2 000 lumens tandis que le 8 pouces peut atteindre 2 500 lumens \u00e0 90 CRI, 3 000K. La s\u00e9rie TANGO se distingue des downlights concurrents en proposant des lumens s\u00e9lectionnables et des commutateurs CCT, permettant une grande flexibilit\u00e9 sur le site du projet.\",\"breadcrumb\":{\"@id\":\"https:\\\/\\\/eralux.com\\\/fr\\\/produit\\\/tango-evolve\\\/#breadcrumb\"},\"inLanguage\":\"fr-FR\",\"potentialAction\":[{\"@type\":\"ReadAction\",\"target\":[\"https:\\\/\\\/eralux.com\\\/fr\\\/produit\\\/tango-evolve\\\/\"]}]},{\"@type\":\"ImageObject\",\"inLanguage\":\"fr-FR\",\"@id\":\"https:\\\/\\\/eralux.com\\\/fr\\\/produit\\\/tango-evolve\\\/#primaryimage\",\"url\":\"https:\\\/\\\/eralux.com\\\/wp-content\\\/uploads\\\/2024\\\/01\\\/Tango-1.png\",\"contentUrl\":\"https:\\\/\\\/eralux.com\\\/wp-content\\\/uploads\\\/2024\\\/01\\\/Tango-1.png\",\"width\":1000,\"height\":1000},{\"@type\":\"BreadcrumbList\",\"@id\":\"https:\\\/\\\/eralux.com\\\/fr\\\/produit\\\/tango-evolve\\\/#breadcrumb\",\"itemListElement\":[{\"@type\":\"ListItem\",\"position\":1,\"name\":\"Home\",\"item\":\"https:\\\/\\\/eralux.com\\\/fr\\\/\"},{\"@type\":\"ListItem\",\"position\":2,\"name\":\"Shop\",\"item\":\"https:\\\/\\\/eralux.com\\\/shop\\\/\"},{\"@type\":\"ListItem\",\"position\":3,\"name\":\"TANGO EVOLVE\"}]},{\"@type\":\"WebSite\",\"@id\":\"https:\\\/\\\/eralux.com\\\/fr\\\/#website\",\"url\":\"https:\\\/\\\/eralux.com\\\/fr\\\/\",\"name\":\"Eralux\",\"description\":\"World leader for Energy Saving LED Solutions\",\"publisher\":{\"@id\":\"https:\\\/\\\/eralux.com\\\/fr\\\/#organization\"},\"alternateName\":\"Led manufacturer Canada\",\"potentialAction\":[{\"@type\":\"SearchAction\",\"target\":{\"@type\":\"EntryPoint\",\"urlTemplate\":\"https:\\\/\\\/eralux.com\\\/fr\\\/?s={search_term_string}\"},\"query-input\":{\"@type\":\"PropertyValueSpecification\",\"valueRequired\":true,\"valueName\":\"search_term_string\"}}],\"inLanguage\":\"fr-FR\"},{\"@type\":\"Organization\",\"@id\":\"https:\\\/\\\/eralux.com\\\/fr\\\/#organization\",\"name\":\"Eralux\",\"url\":\"https:\\\/\\\/eralux.com\\\/fr\\\/\",\"logo\":{\"@type\":\"ImageObject\",\"inLanguage\":\"fr-FR\",\"@id\":\"https:\\\/\\\/eralux.com\\\/fr\\\/#\\\/schema\\\/logo\\\/image\\\/\",\"url\":\"https:\\\/\\\/eralux.com\\\/wp-content\\\/uploads\\\/2024\\\/01\\\/eralux-logo-trademark-R.png\",\"contentUrl\":\"https:\\\/\\\/eralux.com\\\/wp-content\\\/uploads\\\/2024\\\/01\\\/eralux-logo-trademark-R.png\",\"width\":1000,\"height\":446,\"caption\":\"Eralux\"},\"image\":{\"@id\":\"https:\\\/\\\/eralux.com\\\/fr\\\/#\\\/schema\\\/logo\\\/image\\\/\"},\"sameAs\":[\"https:\\\/\\\/www.facebook.com\\\/aeralux.corp\",\"https:\\\/\\\/x.com\\\/eralux_inc\"],\"description\":\"Save on energy with high-performance LED solutions. Choose Eralux for eco-friendly lighting. Explore our range today!\"}]}<\/script>\n<meta property=\"product:price:amount\" content=\"0.00\" \/>\n<meta property=\"product:price:currency\" content=\"CAD\" \/>\n<meta property=\"og:availability\" content=\"instock\" \/>\n<meta property=\"product:availability\" content=\"instock\" \/>\n<meta property=\"product:condition\" content=\"new\" \/>\n<!-- \/ Yoast SEO Premium plugin. -->","yoast_head_json":{"title":"TANGO EVOLVE - Eralux","description":"La s\u00e9rie TANGO est la famille de downlights commerciaux de 6 et 8 pouces d'ERALUX. Ce downlight est dot\u00e9 de m\u00e9canismes \u00e0 ressort qui facilitent l'installation. Il est parfait pour la r\u00e9novation et pour les nouvelles constructions (bo\u00eete de jonction ou kit de cadre requis). Le 6 pouces peut atteindre jusqu'\u00e0 2 000 lumens tandis que le 8 pouces peut atteindre 2 500 lumens \u00e0 90 CRI, 3 000K. La s\u00e9rie TANGO se distingue des downlights concurrents en proposant des lumens s\u00e9lectionnables et des commutateurs CCT, permettant une grande flexibilit\u00e9 sur le site du projet.","robots":{"index":"index","follow":"follow","max-snippet":"max-snippet:-1","max-image-preview":"max-image-preview:large","max-video-preview":"max-video-preview:-1"},"canonical":"https:\/\/eralux.com\/fr\/produit\/tango-evolve\/","og_locale":"fr_FR","og_type":"article","og_title":"TANGO EVOLVE","og_description":"La s\u00e9rie TANGO est la famille de downlights commerciaux de 6 et 8 pouces d'ERALUX. Ce downlight est dot\u00e9 de m\u00e9canismes \u00e0 ressort qui facilitent l'installation. Il est parfait pour la r\u00e9novation et pour les nouvelles constructions (bo\u00eete de jonction ou kit de cadre requis). Le 6 pouces peut atteindre jusqu'\u00e0 2 000 lumens tandis que le 8 pouces peut atteindre 2 500 lumens \u00e0 90 CRI, 3 000K. La s\u00e9rie TANGO se distingue des downlights concurrents en proposant des lumens s\u00e9lectionnables et des commutateurs CCT, permettant une grande flexibilit\u00e9 sur le site du projet.","og_url":"https:\/\/eralux.com\/fr\/produit\/tango-evolve\/","og_site_name":"Eralux","article_publisher":"https:\/\/www.facebook.com\/aeralux.corp","article_modified_time":"2025-12-04T18:08:10+00:00","og_image":[{"width":1000,"height":1000,"url":"https:\/\/eralux.com\/wp-content\/uploads\/2024\/01\/Tango-1.png","type":"image\/png"}],"twitter_card":"summary_large_image","twitter_site":"@eralux_inc","twitter_misc":{"Prix":"&#36;0.00","Disponibilit\u00e9":"En stock"},"schema":{"@context":"https:\/\/schema.org","@graph":[{"@type":"WebPage","@id":"https:\/\/eralux.com\/fr\/produit\/tango-evolve\/","url":"https:\/\/eralux.com\/fr\/produit\/tango-evolve\/","name":"TANGO EVOLVE - Eralux","isPartOf":{"@id":"https:\/\/eralux.com\/fr\/#website"},"primaryImageOfPage":{"@id":"https:\/\/eralux.com\/fr\/produit\/tango-evolve\/#primaryimage"},"image":{"@id":"https:\/\/eralux.com\/fr\/produit\/tango-evolve\/#primaryimage"},"thumbnailUrl":"https:\/\/eralux.com\/wp-content\/uploads\/2024\/01\/Tango-1.png","datePublished":"2023-12-30T20:30:43+00:00","dateModified":"2025-12-04T18:08:10+00:00","description":"La s\u00e9rie TANGO est la famille de downlights commerciaux de 6 et 8 pouces d'ERALUX. Ce downlight est dot\u00e9 de m\u00e9canismes \u00e0 ressort qui facilitent l'installation. Il est parfait pour la r\u00e9novation et pour les nouvelles constructions (bo\u00eete de jonction ou kit de cadre requis). Le 6 pouces peut atteindre jusqu'\u00e0 2 000 lumens tandis que le 8 pouces peut atteindre 2 500 lumens \u00e0 90 CRI, 3 000K. La s\u00e9rie TANGO se distingue des downlights concurrents en proposant des lumens s\u00e9lectionnables et des commutateurs CCT, permettant une grande flexibilit\u00e9 sur le site du projet.","breadcrumb":{"@id":"https:\/\/eralux.com\/fr\/produit\/tango-evolve\/#breadcrumb"},"inLanguage":"fr-FR","potentialAction":[{"@type":"ReadAction","target":["https:\/\/eralux.com\/fr\/produit\/tango-evolve\/"]}]},{"@type":"ImageObject","inLanguage":"fr-FR","@id":"https:\/\/eralux.com\/fr\/produit\/tango-evolve\/#primaryimage","url":"https:\/\/eralux.com\/wp-content\/uploads\/2024\/01\/Tango-1.png","contentUrl":"https:\/\/eralux.com\/wp-content\/uploads\/2024\/01\/Tango-1.png","width":1000,"height":1000},{"@type":"BreadcrumbList","@id":"https:\/\/eralux.com\/fr\/produit\/tango-evolve\/#breadcrumb","itemListElement":[{"@type":"ListItem","position":1,"name":"Home","item":"https:\/\/eralux.com\/fr\/"},{"@type":"ListItem","position":2,"name":"Shop","item":"https:\/\/eralux.com\/shop\/"},{"@type":"ListItem","position":3,"name":"TANGO EVOLVE"}]},{"@type":"WebSite","@id":"https:\/\/eralux.com\/fr\/#website","url":"https:\/\/eralux.com\/fr\/","name":"Eralux","description":"World leader for Energy Saving LED Solutions","publisher":{"@id":"https:\/\/eralux.com\/fr\/#organization"},"alternateName":"Led manufacturer Canada","potentialAction":[{"@type":"SearchAction","target":{"@type":"EntryPoint","urlTemplate":"https:\/\/eralux.com\/fr\/?s={search_term_string}"},"query-input":{"@type":"PropertyValueSpecification","valueRequired":true,"valueName":"search_term_string"}}],"inLanguage":"fr-FR"},{"@type":"Organization","@id":"https:\/\/eralux.com\/fr\/#organization","name":"Eralux","url":"https:\/\/eralux.com\/fr\/","logo":{"@type":"ImageObject","inLanguage":"fr-FR","@id":"https:\/\/eralux.com\/fr\/#\/schema\/logo\/image\/","url":"https:\/\/eralux.com\/wp-content\/uploads\/2024\/01\/eralux-logo-trademark-R.png","contentUrl":"https:\/\/eralux.com\/wp-content\/uploads\/2024\/01\/eralux-logo-trademark-R.png","width":1000,"height":446,"caption":"Eralux"},"image":{"@id":"https:\/\/eralux.com\/fr\/#\/schema\/logo\/image\/"},"sameAs":["https:\/\/www.facebook.com\/aeralux.corp","https:\/\/x.com\/eralux_inc"],"description":"Save on energy with high-performance LED solutions. Choose Eralux for eco-friendly lighting. Explore our range today!"}]},"product_price_amount":"0.00","product_price_currency":"CAD","og_availability":"instock","product_availability":"instock","product_condition":"new"},"_links":{"self":[{"href":"https:\/\/eralux.com\/fr\/wp-json\/wp\/v2\/product\/2620","targetHints":{"allow":["GET"]}}],"collection":[{"href":"https:\/\/eralux.com\/fr\/wp-json\/wp\/v2\/product"}],"about":[{"href":"https:\/\/eralux.com\/fr\/wp-json\/wp\/v2\/types\/product"}],"replies":[{"embeddable":true,"href":"https:\/\/eralux.com\/fr\/wp-json\/wp\/v2\/comments?post=2620"}],"wp:featuredmedia":[{"embeddable":true,"href":"https:\/\/eralux.com\/fr\/wp-json\/wp\/v2\/media\/8012"}],"wp:attachment":[{"href":"https:\/\/eralux.com\/fr\/wp-json\/wp\/v2\/media?parent=2620"}],"wp:term":[{"taxonomy":"product_brand","embeddable":true,"href":"https:\/\/eralux.com\/fr\/wp-json\/wp\/v2\/product_brand?post=2620"},{"taxonomy":"product_cat","embeddable":true,"href":"https:\/\/eralux.com\/fr\/wp-json\/wp\/v2\/product_cat?post=2620"},{"taxonomy":"product_tag","embeddable":true,"href":"https:\/\/eralux.com\/fr\/wp-json\/wp\/v2\/product_tag?post=2620"}],"curies":[{"name":"wp","href":"https:\/\/api.w.org\/{rel}","templated":true}]}}