{"id":2916,"date":"2023-12-31T16:06:38","date_gmt":"2023-12-31T16:06:38","guid":{"rendered":"https:\/\/eralux.com\/?post_type=product&#038;p=2916"},"modified":"2025-12-04T18:11:03","modified_gmt":"2025-12-04T18:11:03","slug":"sb2","status":"publish","type":"product","link":"https:\/\/eralux.com\/fr\/produit\/sb2\/","title":{"rendered":"SB2"},"content":{"rendered":"<p>La s\u00e9rie SB2 est une baie haute ronde dont l&#8217;alimentation et le CCT sont commutables. Cette s\u00e9rie comprend 3 groupes de puissance : 100\/125\/150W, 150\/200\/240W, et 200\/240\/300W avec une performance de 150 LPW. Elle est livr\u00e9e avec divers accessoires tels que le r\u00e9flecteur, le couvercle du r\u00e9flecteur, le prot\u00e8ge-fil, le capteur de mouvement et l&#8217;EMBB. Le SB2 est class\u00e9 NEMA 4X, ce qui \u00e9quivaut \u00e0 IP66. En outre, l&#8217;option natatorium signifie que le projecteur peut \u00eatre plac\u00e9 dans un environnement humide.<\/p>\n","protected":false},"excerpt":{"rendered":"<p>Luminaire LED UFO haute baie<\/p>\n","protected":false},"featured_media":8549,"comment_status":"open","ping_status":"closed","template":"","meta":{"inline_featured_image":false},"product_brand":[],"product_cat":[1002],"product_tag":[],"class_list":{"0":"post-2916","1":"product","2":"type-product","3":"status-publish","4":"has-post-thumbnail","6":"spec_sheets-h-fr","7":"spec_sheets-nat-fr","8":"spec_sheets-ms-fr","9":"spec_sheets-110-fr","10":"spec_sheets-wh-fr-2","11":"spec_sheets-performance-fr","12":"spec_sheets-specialty-fr","13":"spec_sheets-pm-fr","14":"spec_sheets-faisceau","15":"spec_sheets-finition","16":"spec_sheets-montage","17":"spec_sheets-puissance","18":"spec_sheets-capteur","19":"spec_sheets-150w-fr-2","20":"spec_sheets-240w-fr","21":"spec_sheets-300w-fr-3","22":"product_applications-industriel","23":"product_segments-luminaires-industriels","24":"product_cat-ae-il-sb2-ca-fr","26":"first","27":"instock","28":"shipping-taxable","29":"purchasable","30":"product-type-simple"},"yoast_head":"<!-- This site is optimized with the Yoast SEO Premium plugin v24.2 (Yoast SEO v27.5) - https:\/\/yoast.com\/product\/yoast-seo-premium-wordpress\/ -->\n<title>SB2 - Eralux<\/title>\n<meta name=\"description\" content=\"La s\u00e9rie SB2 est une baie haute ronde dont l&#039;alimentation et le CCT sont commutables. Cette s\u00e9rie comprend 3 groupes de puissance : 100\/125\/150W, 150\/200\/240W, et 200\/240\/300W avec une performance de 150 LPW. Elle est livr\u00e9e avec divers accessoires tels que le r\u00e9flecteur, le couvercle du r\u00e9flecteur, le prot\u00e8ge-fil, le capteur de mouvement et l&#039;EMBB. Le SB2 est class\u00e9 NEMA 4X, ce qui \u00e9quivaut \u00e0 IP66. En outre, l&#039;option natatorium signifie que le projecteur peut \u00eatre plac\u00e9 dans un environnement humide.\" \/>\n<meta name=\"robots\" content=\"index, follow, max-snippet:-1, max-image-preview:large, max-video-preview:-1\" \/>\n<link rel=\"canonical\" href=\"https:\/\/eralux.com\/fr\/produit\/sb2\/\" \/>\n<meta property=\"og:locale\" content=\"fr_FR\" \/>\n<meta property=\"og:type\" content=\"article\" \/>\n<meta property=\"og:title\" content=\"SB2\" \/>\n<meta property=\"og:description\" content=\"La s\u00e9rie SB2 est une baie haute ronde dont l&#039;alimentation et le CCT sont commutables. Cette s\u00e9rie comprend 3 groupes de puissance : 100\/125\/150W, 150\/200\/240W, et 200\/240\/300W avec une performance de 150 LPW. Elle est livr\u00e9e avec divers accessoires tels que le r\u00e9flecteur, le couvercle du r\u00e9flecteur, le prot\u00e8ge-fil, le capteur de mouvement et l&#039;EMBB. Le SB2 est class\u00e9 NEMA 4X, ce qui \u00e9quivaut \u00e0 IP66. En outre, l&#039;option natatorium signifie que le projecteur peut \u00eatre plac\u00e9 dans un environnement humide.\" \/>\n<meta property=\"og:url\" content=\"https:\/\/eralux.com\/fr\/produit\/sb2\/\" \/>\n<meta property=\"og:site_name\" content=\"Eralux\" \/>\n<meta property=\"article:publisher\" content=\"https:\/\/www.facebook.com\/aeralux.corp\" \/>\n<meta property=\"article:modified_time\" content=\"2025-12-04T18:11:03+00:00\" \/>\n<meta property=\"og:image\" content=\"https:\/\/eralux.com\/wp-content\/uploads\/2024\/01\/sb2-2.png\" \/>\n\t<meta property=\"og:image:width\" content=\"1000\" \/>\n\t<meta property=\"og:image:height\" content=\"1000\" \/>\n\t<meta property=\"og:image:type\" content=\"image\/png\" \/>\n<meta name=\"twitter:card\" content=\"summary_large_image\" \/>\n<meta name=\"twitter:site\" content=\"@eralux_inc\" \/>\n<meta name=\"twitter:label1\" content=\"Prix\" \/>\n\t<meta name=\"twitter:data1\" content=\"&#036;0.00\" \/>\n\t<meta name=\"twitter:label2\" content=\"Disponibilit\u00e9\" \/>\n\t<meta name=\"twitter:data2\" content=\"En stock\" \/>\n<script type=\"application\/ld+json\" class=\"yoast-schema-graph\">{\"@context\":\"https:\\\/\\\/schema.org\",\"@graph\":[{\"@type\":\"WebPage\",\"@id\":\"https:\\\/\\\/eralux.com\\\/fr\\\/produit\\\/sb2\\\/\",\"url\":\"https:\\\/\\\/eralux.com\\\/fr\\\/produit\\\/sb2\\\/\",\"name\":\"SB2 - Eralux\",\"isPartOf\":{\"@id\":\"https:\\\/\\\/eralux.com\\\/fr\\\/#website\"},\"primaryImageOfPage\":{\"@id\":\"https:\\\/\\\/eralux.com\\\/fr\\\/produit\\\/sb2\\\/#primaryimage\"},\"image\":{\"@id\":\"https:\\\/\\\/eralux.com\\\/fr\\\/produit\\\/sb2\\\/#primaryimage\"},\"thumbnailUrl\":\"https:\\\/\\\/eralux.com\\\/wp-content\\\/uploads\\\/2024\\\/01\\\/sb2-2.png\",\"datePublished\":\"2023-12-31T16:06:38+00:00\",\"dateModified\":\"2025-12-04T18:11:03+00:00\",\"description\":\"La s\u00e9rie SB2 est une baie haute ronde dont l'alimentation et le CCT sont commutables. Cette s\u00e9rie comprend 3 groupes de puissance : 100\\\/125\\\/150W, 150\\\/200\\\/240W, et 200\\\/240\\\/300W avec une performance de 150 LPW. Elle est livr\u00e9e avec divers accessoires tels que le r\u00e9flecteur, le couvercle du r\u00e9flecteur, le prot\u00e8ge-fil, le capteur de mouvement et l'EMBB. Le SB2 est class\u00e9 NEMA 4X, ce qui \u00e9quivaut \u00e0 IP66. En outre, l'option natatorium signifie que le projecteur peut \u00eatre plac\u00e9 dans un environnement humide.\",\"breadcrumb\":{\"@id\":\"https:\\\/\\\/eralux.com\\\/fr\\\/produit\\\/sb2\\\/#breadcrumb\"},\"inLanguage\":\"fr-FR\",\"potentialAction\":[{\"@type\":\"ReadAction\",\"target\":[\"https:\\\/\\\/eralux.com\\\/fr\\\/produit\\\/sb2\\\/\"]}]},{\"@type\":\"ImageObject\",\"inLanguage\":\"fr-FR\",\"@id\":\"https:\\\/\\\/eralux.com\\\/fr\\\/produit\\\/sb2\\\/#primaryimage\",\"url\":\"https:\\\/\\\/eralux.com\\\/wp-content\\\/uploads\\\/2024\\\/01\\\/sb2-2.png\",\"contentUrl\":\"https:\\\/\\\/eralux.com\\\/wp-content\\\/uploads\\\/2024\\\/01\\\/sb2-2.png\",\"width\":1000,\"height\":1000},{\"@type\":\"BreadcrumbList\",\"@id\":\"https:\\\/\\\/eralux.com\\\/fr\\\/produit\\\/sb2\\\/#breadcrumb\",\"itemListElement\":[{\"@type\":\"ListItem\",\"position\":1,\"name\":\"Home\",\"item\":\"https:\\\/\\\/eralux.com\\\/fr\\\/\"},{\"@type\":\"ListItem\",\"position\":2,\"name\":\"Shop\",\"item\":\"https:\\\/\\\/eralux.com\\\/shop\\\/\"},{\"@type\":\"ListItem\",\"position\":3,\"name\":\"SB2\"}]},{\"@type\":\"WebSite\",\"@id\":\"https:\\\/\\\/eralux.com\\\/fr\\\/#website\",\"url\":\"https:\\\/\\\/eralux.com\\\/fr\\\/\",\"name\":\"Eralux\",\"description\":\"World leader for Energy Saving LED Solutions\",\"publisher\":{\"@id\":\"https:\\\/\\\/eralux.com\\\/fr\\\/#organization\"},\"alternateName\":\"Led manufacturer Canada\",\"potentialAction\":[{\"@type\":\"SearchAction\",\"target\":{\"@type\":\"EntryPoint\",\"urlTemplate\":\"https:\\\/\\\/eralux.com\\\/fr\\\/?s={search_term_string}\"},\"query-input\":{\"@type\":\"PropertyValueSpecification\",\"valueRequired\":true,\"valueName\":\"search_term_string\"}}],\"inLanguage\":\"fr-FR\"},{\"@type\":\"Organization\",\"@id\":\"https:\\\/\\\/eralux.com\\\/fr\\\/#organization\",\"name\":\"Eralux\",\"url\":\"https:\\\/\\\/eralux.com\\\/fr\\\/\",\"logo\":{\"@type\":\"ImageObject\",\"inLanguage\":\"fr-FR\",\"@id\":\"https:\\\/\\\/eralux.com\\\/fr\\\/#\\\/schema\\\/logo\\\/image\\\/\",\"url\":\"https:\\\/\\\/eralux.com\\\/wp-content\\\/uploads\\\/2024\\\/01\\\/eralux-logo-trademark-R.png\",\"contentUrl\":\"https:\\\/\\\/eralux.com\\\/wp-content\\\/uploads\\\/2024\\\/01\\\/eralux-logo-trademark-R.png\",\"width\":1000,\"height\":446,\"caption\":\"Eralux\"},\"image\":{\"@id\":\"https:\\\/\\\/eralux.com\\\/fr\\\/#\\\/schema\\\/logo\\\/image\\\/\"},\"sameAs\":[\"https:\\\/\\\/www.facebook.com\\\/aeralux.corp\",\"https:\\\/\\\/x.com\\\/eralux_inc\"],\"description\":\"Save on energy with high-performance LED solutions. Choose Eralux for eco-friendly lighting. Explore our range today!\"}]}<\/script>\n<meta property=\"product:price:amount\" content=\"0.00\" \/>\n<meta property=\"product:price:currency\" content=\"CAD\" \/>\n<meta property=\"og:availability\" content=\"instock\" \/>\n<meta property=\"product:availability\" content=\"instock\" \/>\n<meta property=\"product:condition\" content=\"new\" \/>\n<!-- \/ Yoast SEO Premium plugin. -->","yoast_head_json":{"title":"SB2 - Eralux","description":"La s\u00e9rie SB2 est une baie haute ronde dont l'alimentation et le CCT sont commutables. Cette s\u00e9rie comprend 3 groupes de puissance : 100\/125\/150W, 150\/200\/240W, et 200\/240\/300W avec une performance de 150 LPW. Elle est livr\u00e9e avec divers accessoires tels que le r\u00e9flecteur, le couvercle du r\u00e9flecteur, le prot\u00e8ge-fil, le capteur de mouvement et l'EMBB. Le SB2 est class\u00e9 NEMA 4X, ce qui \u00e9quivaut \u00e0 IP66. En outre, l'option natatorium signifie que le projecteur peut \u00eatre plac\u00e9 dans un environnement humide.","robots":{"index":"index","follow":"follow","max-snippet":"max-snippet:-1","max-image-preview":"max-image-preview:large","max-video-preview":"max-video-preview:-1"},"canonical":"https:\/\/eralux.com\/fr\/produit\/sb2\/","og_locale":"fr_FR","og_type":"article","og_title":"SB2","og_description":"La s\u00e9rie SB2 est une baie haute ronde dont l'alimentation et le CCT sont commutables. Cette s\u00e9rie comprend 3 groupes de puissance : 100\/125\/150W, 150\/200\/240W, et 200\/240\/300W avec une performance de 150 LPW. Elle est livr\u00e9e avec divers accessoires tels que le r\u00e9flecteur, le couvercle du r\u00e9flecteur, le prot\u00e8ge-fil, le capteur de mouvement et l'EMBB. Le SB2 est class\u00e9 NEMA 4X, ce qui \u00e9quivaut \u00e0 IP66. En outre, l'option natatorium signifie que le projecteur peut \u00eatre plac\u00e9 dans un environnement humide.","og_url":"https:\/\/eralux.com\/fr\/produit\/sb2\/","og_site_name":"Eralux","article_publisher":"https:\/\/www.facebook.com\/aeralux.corp","article_modified_time":"2025-12-04T18:11:03+00:00","og_image":[{"width":1000,"height":1000,"url":"https:\/\/eralux.com\/wp-content\/uploads\/2024\/01\/sb2-2.png","type":"image\/png"}],"twitter_card":"summary_large_image","twitter_site":"@eralux_inc","twitter_misc":{"Prix":"&#36;0.00","Disponibilit\u00e9":"En stock"},"schema":{"@context":"https:\/\/schema.org","@graph":[{"@type":"WebPage","@id":"https:\/\/eralux.com\/fr\/produit\/sb2\/","url":"https:\/\/eralux.com\/fr\/produit\/sb2\/","name":"SB2 - Eralux","isPartOf":{"@id":"https:\/\/eralux.com\/fr\/#website"},"primaryImageOfPage":{"@id":"https:\/\/eralux.com\/fr\/produit\/sb2\/#primaryimage"},"image":{"@id":"https:\/\/eralux.com\/fr\/produit\/sb2\/#primaryimage"},"thumbnailUrl":"https:\/\/eralux.com\/wp-content\/uploads\/2024\/01\/sb2-2.png","datePublished":"2023-12-31T16:06:38+00:00","dateModified":"2025-12-04T18:11:03+00:00","description":"La s\u00e9rie SB2 est une baie haute ronde dont l'alimentation et le CCT sont commutables. Cette s\u00e9rie comprend 3 groupes de puissance : 100\/125\/150W, 150\/200\/240W, et 200\/240\/300W avec une performance de 150 LPW. Elle est livr\u00e9e avec divers accessoires tels que le r\u00e9flecteur, le couvercle du r\u00e9flecteur, le prot\u00e8ge-fil, le capteur de mouvement et l'EMBB. Le SB2 est class\u00e9 NEMA 4X, ce qui \u00e9quivaut \u00e0 IP66. En outre, l'option natatorium signifie que le projecteur peut \u00eatre plac\u00e9 dans un environnement humide.","breadcrumb":{"@id":"https:\/\/eralux.com\/fr\/produit\/sb2\/#breadcrumb"},"inLanguage":"fr-FR","potentialAction":[{"@type":"ReadAction","target":["https:\/\/eralux.com\/fr\/produit\/sb2\/"]}]},{"@type":"ImageObject","inLanguage":"fr-FR","@id":"https:\/\/eralux.com\/fr\/produit\/sb2\/#primaryimage","url":"https:\/\/eralux.com\/wp-content\/uploads\/2024\/01\/sb2-2.png","contentUrl":"https:\/\/eralux.com\/wp-content\/uploads\/2024\/01\/sb2-2.png","width":1000,"height":1000},{"@type":"BreadcrumbList","@id":"https:\/\/eralux.com\/fr\/produit\/sb2\/#breadcrumb","itemListElement":[{"@type":"ListItem","position":1,"name":"Home","item":"https:\/\/eralux.com\/fr\/"},{"@type":"ListItem","position":2,"name":"Shop","item":"https:\/\/eralux.com\/shop\/"},{"@type":"ListItem","position":3,"name":"SB2"}]},{"@type":"WebSite","@id":"https:\/\/eralux.com\/fr\/#website","url":"https:\/\/eralux.com\/fr\/","name":"Eralux","description":"World leader for Energy Saving LED Solutions","publisher":{"@id":"https:\/\/eralux.com\/fr\/#organization"},"alternateName":"Led manufacturer Canada","potentialAction":[{"@type":"SearchAction","target":{"@type":"EntryPoint","urlTemplate":"https:\/\/eralux.com\/fr\/?s={search_term_string}"},"query-input":{"@type":"PropertyValueSpecification","valueRequired":true,"valueName":"search_term_string"}}],"inLanguage":"fr-FR"},{"@type":"Organization","@id":"https:\/\/eralux.com\/fr\/#organization","name":"Eralux","url":"https:\/\/eralux.com\/fr\/","logo":{"@type":"ImageObject","inLanguage":"fr-FR","@id":"https:\/\/eralux.com\/fr\/#\/schema\/logo\/image\/","url":"https:\/\/eralux.com\/wp-content\/uploads\/2024\/01\/eralux-logo-trademark-R.png","contentUrl":"https:\/\/eralux.com\/wp-content\/uploads\/2024\/01\/eralux-logo-trademark-R.png","width":1000,"height":446,"caption":"Eralux"},"image":{"@id":"https:\/\/eralux.com\/fr\/#\/schema\/logo\/image\/"},"sameAs":["https:\/\/www.facebook.com\/aeralux.corp","https:\/\/x.com\/eralux_inc"],"description":"Save on energy with high-performance LED solutions. Choose Eralux for eco-friendly lighting. Explore our range today!"}]},"product_price_amount":"0.00","product_price_currency":"CAD","og_availability":"instock","product_availability":"instock","product_condition":"new"},"_links":{"self":[{"href":"https:\/\/eralux.com\/fr\/wp-json\/wp\/v2\/product\/2916","targetHints":{"allow":["GET"]}}],"collection":[{"href":"https:\/\/eralux.com\/fr\/wp-json\/wp\/v2\/product"}],"about":[{"href":"https:\/\/eralux.com\/fr\/wp-json\/wp\/v2\/types\/product"}],"replies":[{"embeddable":true,"href":"https:\/\/eralux.com\/fr\/wp-json\/wp\/v2\/comments?post=2916"}],"wp:featuredmedia":[{"embeddable":true,"href":"https:\/\/eralux.com\/fr\/wp-json\/wp\/v2\/media\/8549"}],"wp:attachment":[{"href":"https:\/\/eralux.com\/fr\/wp-json\/wp\/v2\/media?parent=2916"}],"wp:term":[{"taxonomy":"product_brand","embeddable":true,"href":"https:\/\/eralux.com\/fr\/wp-json\/wp\/v2\/product_brand?post=2916"},{"taxonomy":"product_cat","embeddable":true,"href":"https:\/\/eralux.com\/fr\/wp-json\/wp\/v2\/product_cat?post=2916"},{"taxonomy":"product_tag","embeddable":true,"href":"https:\/\/eralux.com\/fr\/wp-json\/wp\/v2\/product_tag?post=2916"}],"curies":[{"name":"wp","href":"https:\/\/api.w.org\/{rel}","templated":true}]}}