{"id":3036,"date":"2024-01-02T13:55:01","date_gmt":"2024-01-02T13:55:01","guid":{"rendered":"https:\/\/eralux.com\/?post_type=product&#038;p=3036"},"modified":"2025-11-14T17:13:54","modified_gmt":"2025-11-14T17:13:54","slug":"artemis","status":"publish","type":"product","link":"https:\/\/eralux.com\/fr\/produit\/artemis\/","title":{"rendered":"ARTEMIS"},"content":{"rendered":"<p>La s\u00e9rie ARTEMIS est \u00e9quip\u00e9e d&#8217;un bo\u00eetier de commande horizontal et d&#8217;une t\u00eate de luminaire unique qui permet d&#8217;ajuster la mise au point de l&#8217;optique en fonction de vos besoins. Il est disponible en noir, blanc et argent ou en une combinaison de deux finitions afin de cr\u00e9er un produit unique et personnalis\u00e9 pour votre environnement. Ce produit pr\u00e9sente un IRC standard de 90 qui permet d&#8217;am\u00e9liorer l&#8217;effet visuel sur les produits.<\/p>\n","protected":false},"excerpt":{"rendered":"<p>Luminaire de piste<\/p>\n","protected":false},"featured_media":3058,"comment_status":"open","ping_status":"closed","template":"","meta":{"inline_featured_image":false},"product_brand":[],"product_cat":[1667],"product_tag":[],"class_list":{"0":"post-3036","1":"product","2":"type-product","3":"status-publish","4":"has-post-thumbnail","6":"spec_sheets-j1-fr","7":"spec_sheets-va-fr","8":"spec_sheets-12-fr-2","9":"spec_sheets-g1-fr","10":"spec_sheets-h1-fr","11":"spec_sheets-l1-fr","12":"spec_sheets-p-fr-3","13":"spec_sheets-wh-fr","14":"spec_sheets-bk-fr","15":"spec_sheets-sv-fr","16":"spec_sheets-adapteur","17":"spec_sheets-faisceau","18":"spec_sheets-cct-fr","19":"spec_sheets-cri-fr","20":"spec_sheets-finition","21":"spec_sheets-tension","22":"spec_sheets-27-fr-2","23":"spec_sheets-30-fr","24":"spec_sheets-35-fr","25":"spec_sheets-40-fr","26":"product_applications-hotellerie","27":"product_applications-sante","28":"product_applications-magasin-de-mode","29":"product_applications-bureau-commercial","30":"product_segments-projecteur-del-sur-rail","31":"product_segments-projecteurs-sur-rail","32":"product_cat-ae-tl-at-fr","34":"first","35":"instock","36":"shipping-taxable","37":"purchasable","38":"product-type-simple"},"yoast_head":"<!-- This site is optimized with the Yoast SEO Premium plugin v24.2 (Yoast SEO v27.5) - https:\/\/yoast.com\/product\/yoast-seo-premium-wordpress\/ -->\n<title>ARTEMIS - Eralux<\/title>\n<meta name=\"description\" content=\"La s\u00e9rie ARTEMIS est \u00e9quip\u00e9e d&#039;un bo\u00eetier de commande horizontal et d&#039;une t\u00eate de lecture unique qui permet d&#039;ajuster la mise au point de l&#039;optique en fonction de vos besoins. Il est disponible en noir, blanc et argent ou en combinant les deux finitions afin de cr\u00e9er un produit unique et personnalis\u00e9 pour votre environnement. Ce produit pr\u00e9sente un IRC standard de 90, mais il s&#039;adresse \u00e9galement aux experts de l&#039;\u00e9clairage avec une option High-GAI (Gamut Area Index) qui permet d&#039;am\u00e9liorer l&#039;effet visuel sur les produits.\" \/>\n<meta name=\"robots\" content=\"index, follow, max-snippet:-1, max-image-preview:large, max-video-preview:-1\" \/>\n<link rel=\"canonical\" href=\"https:\/\/eralux.com\/fr\/produit\/artemis\/\" \/>\n<meta property=\"og:locale\" content=\"fr_FR\" \/>\n<meta property=\"og:type\" content=\"article\" \/>\n<meta property=\"og:title\" content=\"ARTEMIS\" \/>\n<meta property=\"og:description\" content=\"La s\u00e9rie ARTEMIS est \u00e9quip\u00e9e d&#039;un bo\u00eetier de commande horizontal et d&#039;une t\u00eate de lecture unique qui permet d&#039;ajuster la mise au point de l&#039;optique en fonction de vos besoins. Il est disponible en noir, blanc et argent ou en combinant les deux finitions afin de cr\u00e9er un produit unique et personnalis\u00e9 pour votre environnement. Ce produit pr\u00e9sente un IRC standard de 90, mais il s&#039;adresse \u00e9galement aux experts de l&#039;\u00e9clairage avec une option High-GAI (Gamut Area Index) qui permet d&#039;am\u00e9liorer l&#039;effet visuel sur les produits.\" \/>\n<meta property=\"og:url\" content=\"https:\/\/eralux.com\/fr\/produit\/artemis\/\" \/>\n<meta property=\"og:site_name\" content=\"Eralux\" \/>\n<meta property=\"article:publisher\" content=\"https:\/\/www.facebook.com\/aeralux.corp\" \/>\n<meta property=\"article:modified_time\" content=\"2025-11-14T17:13:54+00:00\" \/>\n<meta property=\"og:image\" content=\"https:\/\/eralux.com\/wp-content\/uploads\/2024\/01\/Artemis-Silver.png\" \/>\n\t<meta property=\"og:image:width\" content=\"1080\" \/>\n\t<meta property=\"og:image:height\" content=\"1080\" \/>\n\t<meta property=\"og:image:type\" content=\"image\/png\" \/>\n<meta name=\"twitter:card\" content=\"summary_large_image\" \/>\n<meta name=\"twitter:site\" content=\"@eralux_inc\" \/>\n<meta name=\"twitter:label1\" content=\"Prix\" \/>\n\t<meta name=\"twitter:data1\" content=\"&#036;0.00\" \/>\n\t<meta name=\"twitter:label2\" content=\"Disponibilit\u00e9\" \/>\n\t<meta name=\"twitter:data2\" content=\"En stock\" \/>\n<script type=\"application\/ld+json\" class=\"yoast-schema-graph\">{\"@context\":\"https:\\\/\\\/schema.org\",\"@graph\":[{\"@type\":\"WebPage\",\"@id\":\"https:\\\/\\\/eralux.com\\\/fr\\\/produit\\\/artemis\\\/\",\"url\":\"https:\\\/\\\/eralux.com\\\/fr\\\/produit\\\/artemis\\\/\",\"name\":\"ARTEMIS - Eralux\",\"isPartOf\":{\"@id\":\"https:\\\/\\\/eralux.com\\\/fr\\\/#website\"},\"primaryImageOfPage\":{\"@id\":\"https:\\\/\\\/eralux.com\\\/fr\\\/produit\\\/artemis\\\/#primaryimage\"},\"image\":{\"@id\":\"https:\\\/\\\/eralux.com\\\/fr\\\/produit\\\/artemis\\\/#primaryimage\"},\"thumbnailUrl\":\"https:\\\/\\\/eralux.com\\\/wp-content\\\/uploads\\\/2024\\\/01\\\/Artemis-Silver.png\",\"datePublished\":\"2024-01-02T13:55:01+00:00\",\"dateModified\":\"2025-11-14T17:13:54+00:00\",\"description\":\"La s\u00e9rie ARTEMIS est \u00e9quip\u00e9e d'un bo\u00eetier de commande horizontal et d'une t\u00eate de lecture unique qui permet d'ajuster la mise au point de l'optique en fonction de vos besoins. Il est disponible en noir, blanc et argent ou en combinant les deux finitions afin de cr\u00e9er un produit unique et personnalis\u00e9 pour votre environnement. Ce produit pr\u00e9sente un IRC standard de 90, mais il s'adresse \u00e9galement aux experts de l'\u00e9clairage avec une option High-GAI (Gamut Area Index) qui permet d'am\u00e9liorer l'effet visuel sur les produits.\",\"breadcrumb\":{\"@id\":\"https:\\\/\\\/eralux.com\\\/fr\\\/produit\\\/artemis\\\/#breadcrumb\"},\"inLanguage\":\"fr-FR\",\"potentialAction\":[{\"@type\":\"ReadAction\",\"target\":[\"https:\\\/\\\/eralux.com\\\/fr\\\/produit\\\/artemis\\\/\"]}]},{\"@type\":\"ImageObject\",\"inLanguage\":\"fr-FR\",\"@id\":\"https:\\\/\\\/eralux.com\\\/fr\\\/produit\\\/artemis\\\/#primaryimage\",\"url\":\"https:\\\/\\\/eralux.com\\\/wp-content\\\/uploads\\\/2024\\\/01\\\/Artemis-Silver.png\",\"contentUrl\":\"https:\\\/\\\/eralux.com\\\/wp-content\\\/uploads\\\/2024\\\/01\\\/Artemis-Silver.png\",\"width\":1080,\"height\":1080},{\"@type\":\"BreadcrumbList\",\"@id\":\"https:\\\/\\\/eralux.com\\\/fr\\\/produit\\\/artemis\\\/#breadcrumb\",\"itemListElement\":[{\"@type\":\"ListItem\",\"position\":1,\"name\":\"Home\",\"item\":\"https:\\\/\\\/eralux.com\\\/fr\\\/\"},{\"@type\":\"ListItem\",\"position\":2,\"name\":\"Shop\",\"item\":\"https:\\\/\\\/eralux.com\\\/shop\\\/\"},{\"@type\":\"ListItem\",\"position\":3,\"name\":\"ARTEMIS\"}]},{\"@type\":\"WebSite\",\"@id\":\"https:\\\/\\\/eralux.com\\\/fr\\\/#website\",\"url\":\"https:\\\/\\\/eralux.com\\\/fr\\\/\",\"name\":\"Eralux\",\"description\":\"World leader for Energy Saving LED Solutions\",\"publisher\":{\"@id\":\"https:\\\/\\\/eralux.com\\\/fr\\\/#organization\"},\"alternateName\":\"Led manufacturer Canada\",\"potentialAction\":[{\"@type\":\"SearchAction\",\"target\":{\"@type\":\"EntryPoint\",\"urlTemplate\":\"https:\\\/\\\/eralux.com\\\/fr\\\/?s={search_term_string}\"},\"query-input\":{\"@type\":\"PropertyValueSpecification\",\"valueRequired\":true,\"valueName\":\"search_term_string\"}}],\"inLanguage\":\"fr-FR\"},{\"@type\":\"Organization\",\"@id\":\"https:\\\/\\\/eralux.com\\\/fr\\\/#organization\",\"name\":\"Eralux\",\"url\":\"https:\\\/\\\/eralux.com\\\/fr\\\/\",\"logo\":{\"@type\":\"ImageObject\",\"inLanguage\":\"fr-FR\",\"@id\":\"https:\\\/\\\/eralux.com\\\/fr\\\/#\\\/schema\\\/logo\\\/image\\\/\",\"url\":\"https:\\\/\\\/eralux.com\\\/wp-content\\\/uploads\\\/2024\\\/01\\\/eralux-logo-trademark-R.png\",\"contentUrl\":\"https:\\\/\\\/eralux.com\\\/wp-content\\\/uploads\\\/2024\\\/01\\\/eralux-logo-trademark-R.png\",\"width\":1000,\"height\":446,\"caption\":\"Eralux\"},\"image\":{\"@id\":\"https:\\\/\\\/eralux.com\\\/fr\\\/#\\\/schema\\\/logo\\\/image\\\/\"},\"sameAs\":[\"https:\\\/\\\/www.facebook.com\\\/aeralux.corp\",\"https:\\\/\\\/x.com\\\/eralux_inc\"],\"description\":\"Save on energy with high-performance LED solutions. Choose Eralux for eco-friendly lighting. Explore our range today!\"}]}<\/script>\n<meta property=\"product:price:amount\" content=\"0.00\" \/>\n<meta property=\"product:price:currency\" content=\"CAD\" \/>\n<meta property=\"og:availability\" content=\"instock\" \/>\n<meta property=\"product:availability\" content=\"instock\" \/>\n<meta property=\"product:condition\" content=\"new\" \/>\n<!-- \/ Yoast SEO Premium plugin. -->","yoast_head_json":{"title":"ARTEMIS - Eralux","description":"La s\u00e9rie ARTEMIS est \u00e9quip\u00e9e d'un bo\u00eetier de commande horizontal et d'une t\u00eate de lecture unique qui permet d'ajuster la mise au point de l'optique en fonction de vos besoins. Il est disponible en noir, blanc et argent ou en combinant les deux finitions afin de cr\u00e9er un produit unique et personnalis\u00e9 pour votre environnement. Ce produit pr\u00e9sente un IRC standard de 90, mais il s'adresse \u00e9galement aux experts de l'\u00e9clairage avec une option High-GAI (Gamut Area Index) qui permet d'am\u00e9liorer l'effet visuel sur les produits.","robots":{"index":"index","follow":"follow","max-snippet":"max-snippet:-1","max-image-preview":"max-image-preview:large","max-video-preview":"max-video-preview:-1"},"canonical":"https:\/\/eralux.com\/fr\/produit\/artemis\/","og_locale":"fr_FR","og_type":"article","og_title":"ARTEMIS","og_description":"La s\u00e9rie ARTEMIS est \u00e9quip\u00e9e d'un bo\u00eetier de commande horizontal et d'une t\u00eate de lecture unique qui permet d'ajuster la mise au point de l'optique en fonction de vos besoins. Il est disponible en noir, blanc et argent ou en combinant les deux finitions afin de cr\u00e9er un produit unique et personnalis\u00e9 pour votre environnement. Ce produit pr\u00e9sente un IRC standard de 90, mais il s'adresse \u00e9galement aux experts de l'\u00e9clairage avec une option High-GAI (Gamut Area Index) qui permet d'am\u00e9liorer l'effet visuel sur les produits.","og_url":"https:\/\/eralux.com\/fr\/produit\/artemis\/","og_site_name":"Eralux","article_publisher":"https:\/\/www.facebook.com\/aeralux.corp","article_modified_time":"2025-11-14T17:13:54+00:00","og_image":[{"width":1080,"height":1080,"url":"https:\/\/eralux.com\/wp-content\/uploads\/2024\/01\/Artemis-Silver.png","type":"image\/png"}],"twitter_card":"summary_large_image","twitter_site":"@eralux_inc","twitter_misc":{"Prix":"&#36;0.00","Disponibilit\u00e9":"En stock"},"schema":{"@context":"https:\/\/schema.org","@graph":[{"@type":"WebPage","@id":"https:\/\/eralux.com\/fr\/produit\/artemis\/","url":"https:\/\/eralux.com\/fr\/produit\/artemis\/","name":"ARTEMIS - Eralux","isPartOf":{"@id":"https:\/\/eralux.com\/fr\/#website"},"primaryImageOfPage":{"@id":"https:\/\/eralux.com\/fr\/produit\/artemis\/#primaryimage"},"image":{"@id":"https:\/\/eralux.com\/fr\/produit\/artemis\/#primaryimage"},"thumbnailUrl":"https:\/\/eralux.com\/wp-content\/uploads\/2024\/01\/Artemis-Silver.png","datePublished":"2024-01-02T13:55:01+00:00","dateModified":"2025-11-14T17:13:54+00:00","description":"La s\u00e9rie ARTEMIS est \u00e9quip\u00e9e d'un bo\u00eetier de commande horizontal et d'une t\u00eate de lecture unique qui permet d'ajuster la mise au point de l'optique en fonction de vos besoins. Il est disponible en noir, blanc et argent ou en combinant les deux finitions afin de cr\u00e9er un produit unique et personnalis\u00e9 pour votre environnement. Ce produit pr\u00e9sente un IRC standard de 90, mais il s'adresse \u00e9galement aux experts de l'\u00e9clairage avec une option High-GAI (Gamut Area Index) qui permet d'am\u00e9liorer l'effet visuel sur les produits.","breadcrumb":{"@id":"https:\/\/eralux.com\/fr\/produit\/artemis\/#breadcrumb"},"inLanguage":"fr-FR","potentialAction":[{"@type":"ReadAction","target":["https:\/\/eralux.com\/fr\/produit\/artemis\/"]}]},{"@type":"ImageObject","inLanguage":"fr-FR","@id":"https:\/\/eralux.com\/fr\/produit\/artemis\/#primaryimage","url":"https:\/\/eralux.com\/wp-content\/uploads\/2024\/01\/Artemis-Silver.png","contentUrl":"https:\/\/eralux.com\/wp-content\/uploads\/2024\/01\/Artemis-Silver.png","width":1080,"height":1080},{"@type":"BreadcrumbList","@id":"https:\/\/eralux.com\/fr\/produit\/artemis\/#breadcrumb","itemListElement":[{"@type":"ListItem","position":1,"name":"Home","item":"https:\/\/eralux.com\/fr\/"},{"@type":"ListItem","position":2,"name":"Shop","item":"https:\/\/eralux.com\/shop\/"},{"@type":"ListItem","position":3,"name":"ARTEMIS"}]},{"@type":"WebSite","@id":"https:\/\/eralux.com\/fr\/#website","url":"https:\/\/eralux.com\/fr\/","name":"Eralux","description":"World leader for Energy Saving LED Solutions","publisher":{"@id":"https:\/\/eralux.com\/fr\/#organization"},"alternateName":"Led manufacturer Canada","potentialAction":[{"@type":"SearchAction","target":{"@type":"EntryPoint","urlTemplate":"https:\/\/eralux.com\/fr\/?s={search_term_string}"},"query-input":{"@type":"PropertyValueSpecification","valueRequired":true,"valueName":"search_term_string"}}],"inLanguage":"fr-FR"},{"@type":"Organization","@id":"https:\/\/eralux.com\/fr\/#organization","name":"Eralux","url":"https:\/\/eralux.com\/fr\/","logo":{"@type":"ImageObject","inLanguage":"fr-FR","@id":"https:\/\/eralux.com\/fr\/#\/schema\/logo\/image\/","url":"https:\/\/eralux.com\/wp-content\/uploads\/2024\/01\/eralux-logo-trademark-R.png","contentUrl":"https:\/\/eralux.com\/wp-content\/uploads\/2024\/01\/eralux-logo-trademark-R.png","width":1000,"height":446,"caption":"Eralux"},"image":{"@id":"https:\/\/eralux.com\/fr\/#\/schema\/logo\/image\/"},"sameAs":["https:\/\/www.facebook.com\/aeralux.corp","https:\/\/x.com\/eralux_inc"],"description":"Save on energy with high-performance LED solutions. Choose Eralux for eco-friendly lighting. Explore our range today!"}]},"product_price_amount":"0.00","product_price_currency":"CAD","og_availability":"instock","product_availability":"instock","product_condition":"new"},"_links":{"self":[{"href":"https:\/\/eralux.com\/fr\/wp-json\/wp\/v2\/product\/3036","targetHints":{"allow":["GET"]}}],"collection":[{"href":"https:\/\/eralux.com\/fr\/wp-json\/wp\/v2\/product"}],"about":[{"href":"https:\/\/eralux.com\/fr\/wp-json\/wp\/v2\/types\/product"}],"replies":[{"embeddable":true,"href":"https:\/\/eralux.com\/fr\/wp-json\/wp\/v2\/comments?post=3036"}],"wp:featuredmedia":[{"embeddable":true,"href":"https:\/\/eralux.com\/fr\/wp-json\/wp\/v2\/media\/3058"}],"wp:attachment":[{"href":"https:\/\/eralux.com\/fr\/wp-json\/wp\/v2\/media?parent=3036"}],"wp:term":[{"taxonomy":"product_brand","embeddable":true,"href":"https:\/\/eralux.com\/fr\/wp-json\/wp\/v2\/product_brand?post=3036"},{"taxonomy":"product_cat","embeddable":true,"href":"https:\/\/eralux.com\/fr\/wp-json\/wp\/v2\/product_cat?post=3036"},{"taxonomy":"product_tag","embeddable":true,"href":"https:\/\/eralux.com\/fr\/wp-json\/wp\/v2\/product_tag?post=3036"}],"curies":[{"name":"wp","href":"https:\/\/api.w.org\/{rel}","templated":true}]}}