{"id":3163,"date":"2024-01-02T15:39:38","date_gmt":"2024-01-02T15:39:38","guid":{"rendered":"https:\/\/eralux.com\/?post_type=product&#038;p=3163"},"modified":"2025-12-04T18:21:01","modified_gmt":"2025-12-04T18:21:01","slug":"dream-chaser-max","status":"publish","type":"product","link":"https:\/\/eralux.com\/fr\/produit\/dream-chaser-max\/","title":{"rendered":"DREAM CHASER MAX"},"content":{"rendered":"<p>La s\u00e9rie DREAM CHASER se diff\u00e9rencie par l&#8217;aspect de son dissipateur thermique qui se marie \u00e9l\u00e9gamment avec le bo\u00eetier en fonte usin\u00e9. Ce DREAM CHASER est livr\u00e9 avec diff\u00e9rents mod\u00e8les de faisceaux et d&#8217;adaptateurs de rails qui lui permettent de s&#8217;adapter \u00e0 de nombreuses applications, qu&#8217;il s&#8217;agisse d&#8217;une r\u00e9novation ou d&#8217;une nouvelle construction. La version MAX se distingue par sa puissance lumineuse \u00e9lev\u00e9e.<\/p>\n","protected":false},"excerpt":{"rendered":"<p>T\u00eate de rail<\/p>\n","protected":false},"featured_media":6937,"comment_status":"open","ping_status":"closed","template":"","meta":{"inline_featured_image":false},"product_brand":[],"product_cat":[1731],"product_tag":[],"class_list":{"0":"post-3163","1":"product","2":"type-product","3":"status-publish","4":"has-post-thumbnail","6":"spec_sheets-j1-fr","7":"spec_sheets-sp-fr-4","8":"spec_sheets-g1-fr","9":"spec_sheets-nf-fr-2","10":"spec_sheets-h1-fr","11":"spec_sheets-fl-fr-2","12":"spec_sheets-l1-fr","13":"spec_sheets-p-fr-3","14":"spec_sheets-wh-fr","15":"spec_sheets-bk-fr","16":"spec_sheets-sv-fr","17":"spec_sheets-distribution-fr","18":"spec_sheets-adapteur","19":"spec_sheets-cct-fr","20":"spec_sheets-cri-fr","21":"spec_sheets-finition","22":"spec_sheets-27-fr-2","23":"spec_sheets-30-fr","24":"spec_sheets-35-fr","25":"spec_sheets-40-fr","26":"product_applications-bureau-commercial","27":"product_applications-education-fr","28":"product_applications-magasin-de-mode","29":"product_applications-sante","30":"product_applications-hotellerie","31":"product_segments-projecteur-del-sur-rail","32":"product_segments-projecteurs-sur-rail","33":"product_cat-ae-tl-dcx-fr","35":"first","36":"instock","37":"shipping-taxable","38":"purchasable","39":"product-type-simple"},"yoast_head":"<!-- This site is optimized with the Yoast SEO Premium plugin v24.2 (Yoast SEO v27.5) - https:\/\/yoast.com\/product\/yoast-seo-premium-wordpress\/ -->\n<title>DREAM CHASER MAX - Eralux<\/title>\n<meta name=\"description\" content=\"La s\u00e9rie DREAM CHASER se diff\u00e9rencie par l&#039;aspect de son dissipateur thermique qui se marie \u00e9l\u00e9gamment avec le bo\u00eetier en fonte usin\u00e9. Ce DREAM CHASER est livr\u00e9 avec diff\u00e9rents mod\u00e8les de faisceaux et d&#039;adaptateurs de rails qui lui permettent de s&#039;adapter \u00e0 de nombreuses applications, qu&#039;il s&#039;agisse d&#039;une r\u00e9novation ou d&#039;une nouvelle construction. La version MAX se distingue par sa puissance lumineuse \u00e9lev\u00e9e.\" \/>\n<meta name=\"robots\" content=\"index, follow, max-snippet:-1, max-image-preview:large, max-video-preview:-1\" \/>\n<link rel=\"canonical\" href=\"https:\/\/eralux.com\/fr\/produit\/dream-chaser-max\/\" \/>\n<meta property=\"og:locale\" content=\"fr_FR\" \/>\n<meta property=\"og:type\" content=\"article\" \/>\n<meta property=\"og:title\" content=\"DREAM CHASER MAX\" \/>\n<meta property=\"og:description\" content=\"La s\u00e9rie DREAM CHASER se diff\u00e9rencie par l&#039;aspect de son dissipateur thermique qui se marie \u00e9l\u00e9gamment avec le bo\u00eetier en fonte usin\u00e9. Ce DREAM CHASER est livr\u00e9 avec diff\u00e9rents mod\u00e8les de faisceaux et d&#039;adaptateurs de rails qui lui permettent de s&#039;adapter \u00e0 de nombreuses applications, qu&#039;il s&#039;agisse d&#039;une r\u00e9novation ou d&#039;une nouvelle construction. La version MAX se distingue par sa puissance lumineuse \u00e9lev\u00e9e.\" \/>\n<meta property=\"og:url\" content=\"https:\/\/eralux.com\/fr\/produit\/dream-chaser-max\/\" \/>\n<meta property=\"og:site_name\" content=\"Eralux\" \/>\n<meta property=\"article:publisher\" content=\"https:\/\/www.facebook.com\/aeralux.corp\" \/>\n<meta property=\"article:modified_time\" content=\"2025-12-04T18:21:01+00:00\" \/>\n<meta property=\"og:image\" content=\"https:\/\/eralux.com\/wp-content\/uploads\/2024\/01\/DREAM-CHASER-MAX-3.png\" \/>\n\t<meta property=\"og:image:width\" content=\"1000\" \/>\n\t<meta property=\"og:image:height\" content=\"1000\" \/>\n\t<meta property=\"og:image:type\" content=\"image\/png\" \/>\n<meta name=\"twitter:card\" content=\"summary_large_image\" \/>\n<meta name=\"twitter:site\" content=\"@eralux_inc\" \/>\n<meta name=\"twitter:label1\" content=\"Prix\" \/>\n\t<meta name=\"twitter:data1\" content=\"&#036;0.00\" \/>\n\t<meta name=\"twitter:label2\" content=\"Disponibilit\u00e9\" \/>\n\t<meta name=\"twitter:data2\" content=\"En stock\" \/>\n<script type=\"application\/ld+json\" class=\"yoast-schema-graph\">{\"@context\":\"https:\\\/\\\/schema.org\",\"@graph\":[{\"@type\":\"WebPage\",\"@id\":\"https:\\\/\\\/eralux.com\\\/fr\\\/produit\\\/dream-chaser-max\\\/\",\"url\":\"https:\\\/\\\/eralux.com\\\/fr\\\/produit\\\/dream-chaser-max\\\/\",\"name\":\"DREAM CHASER MAX - Eralux\",\"isPartOf\":{\"@id\":\"https:\\\/\\\/eralux.com\\\/fr\\\/#website\"},\"primaryImageOfPage\":{\"@id\":\"https:\\\/\\\/eralux.com\\\/fr\\\/produit\\\/dream-chaser-max\\\/#primaryimage\"},\"image\":{\"@id\":\"https:\\\/\\\/eralux.com\\\/fr\\\/produit\\\/dream-chaser-max\\\/#primaryimage\"},\"thumbnailUrl\":\"https:\\\/\\\/eralux.com\\\/wp-content\\\/uploads\\\/2024\\\/01\\\/DREAM-CHASER-MAX-3.png\",\"datePublished\":\"2024-01-02T15:39:38+00:00\",\"dateModified\":\"2025-12-04T18:21:01+00:00\",\"description\":\"La s\u00e9rie DREAM CHASER se diff\u00e9rencie par l'aspect de son dissipateur thermique qui se marie \u00e9l\u00e9gamment avec le bo\u00eetier en fonte usin\u00e9. Ce DREAM CHASER est livr\u00e9 avec diff\u00e9rents mod\u00e8les de faisceaux et d'adaptateurs de rails qui lui permettent de s'adapter \u00e0 de nombreuses applications, qu'il s'agisse d'une r\u00e9novation ou d'une nouvelle construction. La version MAX se distingue par sa puissance lumineuse \u00e9lev\u00e9e.\",\"breadcrumb\":{\"@id\":\"https:\\\/\\\/eralux.com\\\/fr\\\/produit\\\/dream-chaser-max\\\/#breadcrumb\"},\"inLanguage\":\"fr-FR\",\"potentialAction\":[{\"@type\":\"ReadAction\",\"target\":[\"https:\\\/\\\/eralux.com\\\/fr\\\/produit\\\/dream-chaser-max\\\/\"]}]},{\"@type\":\"ImageObject\",\"inLanguage\":\"fr-FR\",\"@id\":\"https:\\\/\\\/eralux.com\\\/fr\\\/produit\\\/dream-chaser-max\\\/#primaryimage\",\"url\":\"https:\\\/\\\/eralux.com\\\/wp-content\\\/uploads\\\/2024\\\/01\\\/DREAM-CHASER-MAX-3.png\",\"contentUrl\":\"https:\\\/\\\/eralux.com\\\/wp-content\\\/uploads\\\/2024\\\/01\\\/DREAM-CHASER-MAX-3.png\",\"width\":1000,\"height\":1000},{\"@type\":\"BreadcrumbList\",\"@id\":\"https:\\\/\\\/eralux.com\\\/fr\\\/produit\\\/dream-chaser-max\\\/#breadcrumb\",\"itemListElement\":[{\"@type\":\"ListItem\",\"position\":1,\"name\":\"Home\",\"item\":\"https:\\\/\\\/eralux.com\\\/fr\\\/\"},{\"@type\":\"ListItem\",\"position\":2,\"name\":\"Shop\",\"item\":\"https:\\\/\\\/eralux.com\\\/shop\\\/\"},{\"@type\":\"ListItem\",\"position\":3,\"name\":\"DREAM CHASER MAX\"}]},{\"@type\":\"WebSite\",\"@id\":\"https:\\\/\\\/eralux.com\\\/fr\\\/#website\",\"url\":\"https:\\\/\\\/eralux.com\\\/fr\\\/\",\"name\":\"Eralux\",\"description\":\"World leader for Energy Saving LED Solutions\",\"publisher\":{\"@id\":\"https:\\\/\\\/eralux.com\\\/fr\\\/#organization\"},\"alternateName\":\"Led manufacturer Canada\",\"potentialAction\":[{\"@type\":\"SearchAction\",\"target\":{\"@type\":\"EntryPoint\",\"urlTemplate\":\"https:\\\/\\\/eralux.com\\\/fr\\\/?s={search_term_string}\"},\"query-input\":{\"@type\":\"PropertyValueSpecification\",\"valueRequired\":true,\"valueName\":\"search_term_string\"}}],\"inLanguage\":\"fr-FR\"},{\"@type\":\"Organization\",\"@id\":\"https:\\\/\\\/eralux.com\\\/fr\\\/#organization\",\"name\":\"Eralux\",\"url\":\"https:\\\/\\\/eralux.com\\\/fr\\\/\",\"logo\":{\"@type\":\"ImageObject\",\"inLanguage\":\"fr-FR\",\"@id\":\"https:\\\/\\\/eralux.com\\\/fr\\\/#\\\/schema\\\/logo\\\/image\\\/\",\"url\":\"https:\\\/\\\/eralux.com\\\/wp-content\\\/uploads\\\/2024\\\/01\\\/eralux-logo-trademark-R.png\",\"contentUrl\":\"https:\\\/\\\/eralux.com\\\/wp-content\\\/uploads\\\/2024\\\/01\\\/eralux-logo-trademark-R.png\",\"width\":1000,\"height\":446,\"caption\":\"Eralux\"},\"image\":{\"@id\":\"https:\\\/\\\/eralux.com\\\/fr\\\/#\\\/schema\\\/logo\\\/image\\\/\"},\"sameAs\":[\"https:\\\/\\\/www.facebook.com\\\/aeralux.corp\",\"https:\\\/\\\/x.com\\\/eralux_inc\"],\"description\":\"Save on energy with high-performance LED solutions. Choose Eralux for eco-friendly lighting. Explore our range today!\"}]}<\/script>\n<meta property=\"product:price:amount\" content=\"0.00\" \/>\n<meta property=\"product:price:currency\" content=\"CAD\" \/>\n<meta property=\"og:availability\" content=\"instock\" \/>\n<meta property=\"product:availability\" content=\"instock\" \/>\n<meta property=\"product:condition\" content=\"new\" \/>\n<!-- \/ Yoast SEO Premium plugin. -->","yoast_head_json":{"title":"DREAM CHASER MAX - Eralux","description":"La s\u00e9rie DREAM CHASER se diff\u00e9rencie par l'aspect de son dissipateur thermique qui se marie \u00e9l\u00e9gamment avec le bo\u00eetier en fonte usin\u00e9. Ce DREAM CHASER est livr\u00e9 avec diff\u00e9rents mod\u00e8les de faisceaux et d'adaptateurs de rails qui lui permettent de s'adapter \u00e0 de nombreuses applications, qu'il s'agisse d'une r\u00e9novation ou d'une nouvelle construction. La version MAX se distingue par sa puissance lumineuse \u00e9lev\u00e9e.","robots":{"index":"index","follow":"follow","max-snippet":"max-snippet:-1","max-image-preview":"max-image-preview:large","max-video-preview":"max-video-preview:-1"},"canonical":"https:\/\/eralux.com\/fr\/produit\/dream-chaser-max\/","og_locale":"fr_FR","og_type":"article","og_title":"DREAM CHASER MAX","og_description":"La s\u00e9rie DREAM CHASER se diff\u00e9rencie par l'aspect de son dissipateur thermique qui se marie \u00e9l\u00e9gamment avec le bo\u00eetier en fonte usin\u00e9. Ce DREAM CHASER est livr\u00e9 avec diff\u00e9rents mod\u00e8les de faisceaux et d'adaptateurs de rails qui lui permettent de s'adapter \u00e0 de nombreuses applications, qu'il s'agisse d'une r\u00e9novation ou d'une nouvelle construction. La version MAX se distingue par sa puissance lumineuse \u00e9lev\u00e9e.","og_url":"https:\/\/eralux.com\/fr\/produit\/dream-chaser-max\/","og_site_name":"Eralux","article_publisher":"https:\/\/www.facebook.com\/aeralux.corp","article_modified_time":"2025-12-04T18:21:01+00:00","og_image":[{"width":1000,"height":1000,"url":"https:\/\/eralux.com\/wp-content\/uploads\/2024\/01\/DREAM-CHASER-MAX-3.png","type":"image\/png"}],"twitter_card":"summary_large_image","twitter_site":"@eralux_inc","twitter_misc":{"Prix":"&#36;0.00","Disponibilit\u00e9":"En stock"},"schema":{"@context":"https:\/\/schema.org","@graph":[{"@type":"WebPage","@id":"https:\/\/eralux.com\/fr\/produit\/dream-chaser-max\/","url":"https:\/\/eralux.com\/fr\/produit\/dream-chaser-max\/","name":"DREAM CHASER MAX - Eralux","isPartOf":{"@id":"https:\/\/eralux.com\/fr\/#website"},"primaryImageOfPage":{"@id":"https:\/\/eralux.com\/fr\/produit\/dream-chaser-max\/#primaryimage"},"image":{"@id":"https:\/\/eralux.com\/fr\/produit\/dream-chaser-max\/#primaryimage"},"thumbnailUrl":"https:\/\/eralux.com\/wp-content\/uploads\/2024\/01\/DREAM-CHASER-MAX-3.png","datePublished":"2024-01-02T15:39:38+00:00","dateModified":"2025-12-04T18:21:01+00:00","description":"La s\u00e9rie DREAM CHASER se diff\u00e9rencie par l'aspect de son dissipateur thermique qui se marie \u00e9l\u00e9gamment avec le bo\u00eetier en fonte usin\u00e9. Ce DREAM CHASER est livr\u00e9 avec diff\u00e9rents mod\u00e8les de faisceaux et d'adaptateurs de rails qui lui permettent de s'adapter \u00e0 de nombreuses applications, qu'il s'agisse d'une r\u00e9novation ou d'une nouvelle construction. La version MAX se distingue par sa puissance lumineuse \u00e9lev\u00e9e.","breadcrumb":{"@id":"https:\/\/eralux.com\/fr\/produit\/dream-chaser-max\/#breadcrumb"},"inLanguage":"fr-FR","potentialAction":[{"@type":"ReadAction","target":["https:\/\/eralux.com\/fr\/produit\/dream-chaser-max\/"]}]},{"@type":"ImageObject","inLanguage":"fr-FR","@id":"https:\/\/eralux.com\/fr\/produit\/dream-chaser-max\/#primaryimage","url":"https:\/\/eralux.com\/wp-content\/uploads\/2024\/01\/DREAM-CHASER-MAX-3.png","contentUrl":"https:\/\/eralux.com\/wp-content\/uploads\/2024\/01\/DREAM-CHASER-MAX-3.png","width":1000,"height":1000},{"@type":"BreadcrumbList","@id":"https:\/\/eralux.com\/fr\/produit\/dream-chaser-max\/#breadcrumb","itemListElement":[{"@type":"ListItem","position":1,"name":"Home","item":"https:\/\/eralux.com\/fr\/"},{"@type":"ListItem","position":2,"name":"Shop","item":"https:\/\/eralux.com\/shop\/"},{"@type":"ListItem","position":3,"name":"DREAM CHASER MAX"}]},{"@type":"WebSite","@id":"https:\/\/eralux.com\/fr\/#website","url":"https:\/\/eralux.com\/fr\/","name":"Eralux","description":"World leader for Energy Saving LED Solutions","publisher":{"@id":"https:\/\/eralux.com\/fr\/#organization"},"alternateName":"Led manufacturer Canada","potentialAction":[{"@type":"SearchAction","target":{"@type":"EntryPoint","urlTemplate":"https:\/\/eralux.com\/fr\/?s={search_term_string}"},"query-input":{"@type":"PropertyValueSpecification","valueRequired":true,"valueName":"search_term_string"}}],"inLanguage":"fr-FR"},{"@type":"Organization","@id":"https:\/\/eralux.com\/fr\/#organization","name":"Eralux","url":"https:\/\/eralux.com\/fr\/","logo":{"@type":"ImageObject","inLanguage":"fr-FR","@id":"https:\/\/eralux.com\/fr\/#\/schema\/logo\/image\/","url":"https:\/\/eralux.com\/wp-content\/uploads\/2024\/01\/eralux-logo-trademark-R.png","contentUrl":"https:\/\/eralux.com\/wp-content\/uploads\/2024\/01\/eralux-logo-trademark-R.png","width":1000,"height":446,"caption":"Eralux"},"image":{"@id":"https:\/\/eralux.com\/fr\/#\/schema\/logo\/image\/"},"sameAs":["https:\/\/www.facebook.com\/aeralux.corp","https:\/\/x.com\/eralux_inc"],"description":"Save on energy with high-performance LED solutions. Choose Eralux for eco-friendly lighting. Explore our range today!"}]},"product_price_amount":"0.00","product_price_currency":"CAD","og_availability":"instock","product_availability":"instock","product_condition":"new"},"_links":{"self":[{"href":"https:\/\/eralux.com\/fr\/wp-json\/wp\/v2\/product\/3163","targetHints":{"allow":["GET"]}}],"collection":[{"href":"https:\/\/eralux.com\/fr\/wp-json\/wp\/v2\/product"}],"about":[{"href":"https:\/\/eralux.com\/fr\/wp-json\/wp\/v2\/types\/product"}],"replies":[{"embeddable":true,"href":"https:\/\/eralux.com\/fr\/wp-json\/wp\/v2\/comments?post=3163"}],"wp:featuredmedia":[{"embeddable":true,"href":"https:\/\/eralux.com\/fr\/wp-json\/wp\/v2\/media\/6937"}],"wp:attachment":[{"href":"https:\/\/eralux.com\/fr\/wp-json\/wp\/v2\/media?parent=3163"}],"wp:term":[{"taxonomy":"product_brand","embeddable":true,"href":"https:\/\/eralux.com\/fr\/wp-json\/wp\/v2\/product_brand?post=3163"},{"taxonomy":"product_cat","embeddable":true,"href":"https:\/\/eralux.com\/fr\/wp-json\/wp\/v2\/product_cat?post=3163"},{"taxonomy":"product_tag","embeddable":true,"href":"https:\/\/eralux.com\/fr\/wp-json\/wp\/v2\/product_tag?post=3163"}],"curies":[{"name":"wp","href":"https:\/\/api.w.org\/{rel}","templated":true}]}}