{"id":3200,"date":"2024-01-02T16:23:04","date_gmt":"2024-01-02T16:23:04","guid":{"rendered":"https:\/\/eralux.com\/?post_type=product&#038;p=3200"},"modified":"2025-12-04T18:27:09","modified_gmt":"2025-12-04T18:27:09","slug":"euclid","status":"publish","type":"product","link":"https:\/\/eralux.com\/fr\/produit\/euclid\/","title":{"rendered":"EUCLID"},"content":{"rendered":"<p>La s\u00e9rie EUCLID se caract\u00e9rise par un bo\u00eetier de pilote vertical avec un dissipateur thermique semi-expos\u00e9 pour donner un aspect unique \u00e0 votre environnement. Il est disponible en noir, blanc et argent ou en combinaison de deux finitions pour donner un aspect distinctif \u00e0 votre magasin. Ce produit pr\u00e9sente un IRC standard de 90 qui permet d&#8217;am\u00e9liorer l&#8217;effet visuel sur les produits.<\/p>\n","protected":false},"excerpt":{"rendered":"<p>T\u00eate de rail<\/p>\n","protected":false},"featured_media":6994,"comment_status":"open","ping_status":"closed","template":"","meta":{"inline_featured_image":false},"product_brand":[],"product_cat":[1706],"product_tag":[],"class_list":{"0":"post-3200","1":"product","2":"type-product","3":"status-publish","4":"has-post-thumbnail","6":"spec_sheets-j1-fr","7":"spec_sheets-12-fr-2","8":"spec_sheets-g1-fr","9":"spec_sheets-fl-fr-2","10":"spec_sheets-h1-fr","11":"spec_sheets-wf-fr-3","12":"spec_sheets-l1-fr","13":"spec_sheets-14-fr-2","14":"spec_sheets-17-fr","15":"spec_sheets-25-fr-8","16":"spec_sheets-45-fr-5","17":"spec_sheets-lumen-fr","18":"spec_sheets-p-fr-3","19":"spec_sheets-wh-fr","20":"spec_sheets-bk-fr","21":"spec_sheets-sv-fr","22":"spec_sheets-vf-fr","23":"spec_sheets-distribution-fr","24":"spec_sheets-adapteur","25":"spec_sheets-cct-fr","26":"spec_sheets-cri-fr","27":"spec_sheets-finition","28":"spec_sheets-tension","29":"spec_sheets-27-fr-2","30":"spec_sheets-30-fr","31":"spec_sheets-35-fr","32":"spec_sheets-40-fr","33":"product_applications-hotellerie","34":"product_applications-sante","35":"product_applications-magasin-de-mode","36":"product_applications-education-fr","37":"product_applications-bureau-commercial","38":"product_segments-projecteur-del-sur-rail","39":"product_segments-projecteurs-sur-rail","40":"product_cat-ae-tl-el-fr","42":"first","43":"instock","44":"shipping-taxable","45":"purchasable","46":"product-type-simple"},"yoast_head":"<!-- This site is optimized with the Yoast SEO Premium plugin v24.2 (Yoast SEO v27.5) - https:\/\/yoast.com\/product\/yoast-seo-premium-wordpress\/ -->\n<title>EUCLID - Eralux<\/title>\n<meta name=\"description\" content=\"La s\u00e9rie EUCLID se caract\u00e9rise par un bo\u00eetier de pilote vertical avec un dissipateur thermique semi-expos\u00e9 pour donner un aspect unique \u00e0 votre environnement. Il est disponible en noir, blanc et argent ou en combinaison de deux finitions pour donner un aspect distinctif \u00e0 votre magasin. Ce produit pr\u00e9sente un IRC standard de 90, mais il s&#039;adresse \u00e9galement aux experts de l&#039;\u00e9clairage avec une option High-GAI (Gamut Area Index) qui permet d&#039;am\u00e9liorer l&#039;effet visuel sur les produits.\" \/>\n<meta name=\"robots\" content=\"index, follow, max-snippet:-1, max-image-preview:large, max-video-preview:-1\" \/>\n<link rel=\"canonical\" href=\"https:\/\/eralux.com\/fr\/produit\/euclid\/\" \/>\n<meta property=\"og:locale\" content=\"fr_FR\" \/>\n<meta property=\"og:type\" content=\"article\" \/>\n<meta property=\"og:title\" content=\"EUCLID\" \/>\n<meta property=\"og:description\" content=\"La s\u00e9rie EUCLID se caract\u00e9rise par un bo\u00eetier de pilote vertical avec un dissipateur thermique semi-expos\u00e9 pour donner un aspect unique \u00e0 votre environnement. Il est disponible en noir, blanc et argent ou en combinaison de deux finitions pour donner un aspect distinctif \u00e0 votre magasin. Ce produit pr\u00e9sente un IRC standard de 90, mais il s&#039;adresse \u00e9galement aux experts de l&#039;\u00e9clairage avec une option High-GAI (Gamut Area Index) qui permet d&#039;am\u00e9liorer l&#039;effet visuel sur les produits.\" \/>\n<meta property=\"og:url\" content=\"https:\/\/eralux.com\/fr\/produit\/euclid\/\" \/>\n<meta property=\"og:site_name\" content=\"Eralux\" \/>\n<meta property=\"article:publisher\" content=\"https:\/\/www.facebook.com\/aeralux.corp\" \/>\n<meta property=\"article:modified_time\" content=\"2025-12-04T18:27:09+00:00\" \/>\n<meta property=\"og:image\" content=\"https:\/\/eralux.com\/wp-content\/uploads\/2024\/01\/WHITE-EUCLID-2.png\" \/>\n\t<meta property=\"og:image:width\" content=\"1000\" \/>\n\t<meta property=\"og:image:height\" content=\"1000\" \/>\n\t<meta property=\"og:image:type\" content=\"image\/png\" \/>\n<meta name=\"twitter:card\" content=\"summary_large_image\" \/>\n<meta name=\"twitter:site\" content=\"@eralux_inc\" \/>\n<meta name=\"twitter:label1\" content=\"Prix\" \/>\n\t<meta name=\"twitter:data1\" content=\"&#036;0.00\" \/>\n\t<meta name=\"twitter:label2\" content=\"Disponibilit\u00e9\" \/>\n\t<meta name=\"twitter:data2\" content=\"En stock\" \/>\n<script type=\"application\/ld+json\" class=\"yoast-schema-graph\">{\"@context\":\"https:\\\/\\\/schema.org\",\"@graph\":[{\"@type\":\"WebPage\",\"@id\":\"https:\\\/\\\/eralux.com\\\/fr\\\/produit\\\/euclid\\\/\",\"url\":\"https:\\\/\\\/eralux.com\\\/fr\\\/produit\\\/euclid\\\/\",\"name\":\"EUCLID - Eralux\",\"isPartOf\":{\"@id\":\"https:\\\/\\\/eralux.com\\\/fr\\\/#website\"},\"primaryImageOfPage\":{\"@id\":\"https:\\\/\\\/eralux.com\\\/fr\\\/produit\\\/euclid\\\/#primaryimage\"},\"image\":{\"@id\":\"https:\\\/\\\/eralux.com\\\/fr\\\/produit\\\/euclid\\\/#primaryimage\"},\"thumbnailUrl\":\"https:\\\/\\\/eralux.com\\\/wp-content\\\/uploads\\\/2024\\\/01\\\/WHITE-EUCLID-2.png\",\"datePublished\":\"2024-01-02T16:23:04+00:00\",\"dateModified\":\"2025-12-04T18:27:09+00:00\",\"description\":\"La s\u00e9rie EUCLID se caract\u00e9rise par un bo\u00eetier de pilote vertical avec un dissipateur thermique semi-expos\u00e9 pour donner un aspect unique \u00e0 votre environnement. Il est disponible en noir, blanc et argent ou en combinaison de deux finitions pour donner un aspect distinctif \u00e0 votre magasin. Ce produit pr\u00e9sente un IRC standard de 90, mais il s'adresse \u00e9galement aux experts de l'\u00e9clairage avec une option High-GAI (Gamut Area Index) qui permet d'am\u00e9liorer l'effet visuel sur les produits.\",\"breadcrumb\":{\"@id\":\"https:\\\/\\\/eralux.com\\\/fr\\\/produit\\\/euclid\\\/#breadcrumb\"},\"inLanguage\":\"fr-FR\",\"potentialAction\":[{\"@type\":\"ReadAction\",\"target\":[\"https:\\\/\\\/eralux.com\\\/fr\\\/produit\\\/euclid\\\/\"]}]},{\"@type\":\"ImageObject\",\"inLanguage\":\"fr-FR\",\"@id\":\"https:\\\/\\\/eralux.com\\\/fr\\\/produit\\\/euclid\\\/#primaryimage\",\"url\":\"https:\\\/\\\/eralux.com\\\/wp-content\\\/uploads\\\/2024\\\/01\\\/WHITE-EUCLID-2.png\",\"contentUrl\":\"https:\\\/\\\/eralux.com\\\/wp-content\\\/uploads\\\/2024\\\/01\\\/WHITE-EUCLID-2.png\",\"width\":1000,\"height\":1000},{\"@type\":\"BreadcrumbList\",\"@id\":\"https:\\\/\\\/eralux.com\\\/fr\\\/produit\\\/euclid\\\/#breadcrumb\",\"itemListElement\":[{\"@type\":\"ListItem\",\"position\":1,\"name\":\"Home\",\"item\":\"https:\\\/\\\/eralux.com\\\/fr\\\/\"},{\"@type\":\"ListItem\",\"position\":2,\"name\":\"Shop\",\"item\":\"https:\\\/\\\/eralux.com\\\/shop\\\/\"},{\"@type\":\"ListItem\",\"position\":3,\"name\":\"EUCLID\"}]},{\"@type\":\"WebSite\",\"@id\":\"https:\\\/\\\/eralux.com\\\/fr\\\/#website\",\"url\":\"https:\\\/\\\/eralux.com\\\/fr\\\/\",\"name\":\"Eralux\",\"description\":\"World leader for Energy Saving LED Solutions\",\"publisher\":{\"@id\":\"https:\\\/\\\/eralux.com\\\/fr\\\/#organization\"},\"alternateName\":\"Led manufacturer Canada\",\"potentialAction\":[{\"@type\":\"SearchAction\",\"target\":{\"@type\":\"EntryPoint\",\"urlTemplate\":\"https:\\\/\\\/eralux.com\\\/fr\\\/?s={search_term_string}\"},\"query-input\":{\"@type\":\"PropertyValueSpecification\",\"valueRequired\":true,\"valueName\":\"search_term_string\"}}],\"inLanguage\":\"fr-FR\"},{\"@type\":\"Organization\",\"@id\":\"https:\\\/\\\/eralux.com\\\/fr\\\/#organization\",\"name\":\"Eralux\",\"url\":\"https:\\\/\\\/eralux.com\\\/fr\\\/\",\"logo\":{\"@type\":\"ImageObject\",\"inLanguage\":\"fr-FR\",\"@id\":\"https:\\\/\\\/eralux.com\\\/fr\\\/#\\\/schema\\\/logo\\\/image\\\/\",\"url\":\"https:\\\/\\\/eralux.com\\\/wp-content\\\/uploads\\\/2024\\\/01\\\/eralux-logo-trademark-R.png\",\"contentUrl\":\"https:\\\/\\\/eralux.com\\\/wp-content\\\/uploads\\\/2024\\\/01\\\/eralux-logo-trademark-R.png\",\"width\":1000,\"height\":446,\"caption\":\"Eralux\"},\"image\":{\"@id\":\"https:\\\/\\\/eralux.com\\\/fr\\\/#\\\/schema\\\/logo\\\/image\\\/\"},\"sameAs\":[\"https:\\\/\\\/www.facebook.com\\\/aeralux.corp\",\"https:\\\/\\\/x.com\\\/eralux_inc\"],\"description\":\"Save on energy with high-performance LED solutions. Choose Eralux for eco-friendly lighting. Explore our range today!\"}]}<\/script>\n<meta property=\"product:price:amount\" content=\"0.00\" \/>\n<meta property=\"product:price:currency\" content=\"CAD\" \/>\n<meta property=\"og:availability\" content=\"instock\" \/>\n<meta property=\"product:availability\" content=\"instock\" \/>\n<meta property=\"product:condition\" content=\"new\" \/>\n<!-- \/ Yoast SEO Premium plugin. -->","yoast_head_json":{"title":"EUCLID - Eralux","description":"La s\u00e9rie EUCLID se caract\u00e9rise par un bo\u00eetier de pilote vertical avec un dissipateur thermique semi-expos\u00e9 pour donner un aspect unique \u00e0 votre environnement. Il est disponible en noir, blanc et argent ou en combinaison de deux finitions pour donner un aspect distinctif \u00e0 votre magasin. Ce produit pr\u00e9sente un IRC standard de 90, mais il s'adresse \u00e9galement aux experts de l'\u00e9clairage avec une option High-GAI (Gamut Area Index) qui permet d'am\u00e9liorer l'effet visuel sur les produits.","robots":{"index":"index","follow":"follow","max-snippet":"max-snippet:-1","max-image-preview":"max-image-preview:large","max-video-preview":"max-video-preview:-1"},"canonical":"https:\/\/eralux.com\/fr\/produit\/euclid\/","og_locale":"fr_FR","og_type":"article","og_title":"EUCLID","og_description":"La s\u00e9rie EUCLID se caract\u00e9rise par un bo\u00eetier de pilote vertical avec un dissipateur thermique semi-expos\u00e9 pour donner un aspect unique \u00e0 votre environnement. Il est disponible en noir, blanc et argent ou en combinaison de deux finitions pour donner un aspect distinctif \u00e0 votre magasin. Ce produit pr\u00e9sente un IRC standard de 90, mais il s'adresse \u00e9galement aux experts de l'\u00e9clairage avec une option High-GAI (Gamut Area Index) qui permet d'am\u00e9liorer l'effet visuel sur les produits.","og_url":"https:\/\/eralux.com\/fr\/produit\/euclid\/","og_site_name":"Eralux","article_publisher":"https:\/\/www.facebook.com\/aeralux.corp","article_modified_time":"2025-12-04T18:27:09+00:00","og_image":[{"width":1000,"height":1000,"url":"https:\/\/eralux.com\/wp-content\/uploads\/2024\/01\/WHITE-EUCLID-2.png","type":"image\/png"}],"twitter_card":"summary_large_image","twitter_site":"@eralux_inc","twitter_misc":{"Prix":"&#36;0.00","Disponibilit\u00e9":"En stock"},"schema":{"@context":"https:\/\/schema.org","@graph":[{"@type":"WebPage","@id":"https:\/\/eralux.com\/fr\/produit\/euclid\/","url":"https:\/\/eralux.com\/fr\/produit\/euclid\/","name":"EUCLID - Eralux","isPartOf":{"@id":"https:\/\/eralux.com\/fr\/#website"},"primaryImageOfPage":{"@id":"https:\/\/eralux.com\/fr\/produit\/euclid\/#primaryimage"},"image":{"@id":"https:\/\/eralux.com\/fr\/produit\/euclid\/#primaryimage"},"thumbnailUrl":"https:\/\/eralux.com\/wp-content\/uploads\/2024\/01\/WHITE-EUCLID-2.png","datePublished":"2024-01-02T16:23:04+00:00","dateModified":"2025-12-04T18:27:09+00:00","description":"La s\u00e9rie EUCLID se caract\u00e9rise par un bo\u00eetier de pilote vertical avec un dissipateur thermique semi-expos\u00e9 pour donner un aspect unique \u00e0 votre environnement. Il est disponible en noir, blanc et argent ou en combinaison de deux finitions pour donner un aspect distinctif \u00e0 votre magasin. Ce produit pr\u00e9sente un IRC standard de 90, mais il s'adresse \u00e9galement aux experts de l'\u00e9clairage avec une option High-GAI (Gamut Area Index) qui permet d'am\u00e9liorer l'effet visuel sur les produits.","breadcrumb":{"@id":"https:\/\/eralux.com\/fr\/produit\/euclid\/#breadcrumb"},"inLanguage":"fr-FR","potentialAction":[{"@type":"ReadAction","target":["https:\/\/eralux.com\/fr\/produit\/euclid\/"]}]},{"@type":"ImageObject","inLanguage":"fr-FR","@id":"https:\/\/eralux.com\/fr\/produit\/euclid\/#primaryimage","url":"https:\/\/eralux.com\/wp-content\/uploads\/2024\/01\/WHITE-EUCLID-2.png","contentUrl":"https:\/\/eralux.com\/wp-content\/uploads\/2024\/01\/WHITE-EUCLID-2.png","width":1000,"height":1000},{"@type":"BreadcrumbList","@id":"https:\/\/eralux.com\/fr\/produit\/euclid\/#breadcrumb","itemListElement":[{"@type":"ListItem","position":1,"name":"Home","item":"https:\/\/eralux.com\/fr\/"},{"@type":"ListItem","position":2,"name":"Shop","item":"https:\/\/eralux.com\/shop\/"},{"@type":"ListItem","position":3,"name":"EUCLID"}]},{"@type":"WebSite","@id":"https:\/\/eralux.com\/fr\/#website","url":"https:\/\/eralux.com\/fr\/","name":"Eralux","description":"World leader for Energy Saving LED Solutions","publisher":{"@id":"https:\/\/eralux.com\/fr\/#organization"},"alternateName":"Led manufacturer Canada","potentialAction":[{"@type":"SearchAction","target":{"@type":"EntryPoint","urlTemplate":"https:\/\/eralux.com\/fr\/?s={search_term_string}"},"query-input":{"@type":"PropertyValueSpecification","valueRequired":true,"valueName":"search_term_string"}}],"inLanguage":"fr-FR"},{"@type":"Organization","@id":"https:\/\/eralux.com\/fr\/#organization","name":"Eralux","url":"https:\/\/eralux.com\/fr\/","logo":{"@type":"ImageObject","inLanguage":"fr-FR","@id":"https:\/\/eralux.com\/fr\/#\/schema\/logo\/image\/","url":"https:\/\/eralux.com\/wp-content\/uploads\/2024\/01\/eralux-logo-trademark-R.png","contentUrl":"https:\/\/eralux.com\/wp-content\/uploads\/2024\/01\/eralux-logo-trademark-R.png","width":1000,"height":446,"caption":"Eralux"},"image":{"@id":"https:\/\/eralux.com\/fr\/#\/schema\/logo\/image\/"},"sameAs":["https:\/\/www.facebook.com\/aeralux.corp","https:\/\/x.com\/eralux_inc"],"description":"Save on energy with high-performance LED solutions. Choose Eralux for eco-friendly lighting. Explore our range today!"}]},"product_price_amount":"0.00","product_price_currency":"CAD","og_availability":"instock","product_availability":"instock","product_condition":"new"},"_links":{"self":[{"href":"https:\/\/eralux.com\/fr\/wp-json\/wp\/v2\/product\/3200","targetHints":{"allow":["GET"]}}],"collection":[{"href":"https:\/\/eralux.com\/fr\/wp-json\/wp\/v2\/product"}],"about":[{"href":"https:\/\/eralux.com\/fr\/wp-json\/wp\/v2\/types\/product"}],"replies":[{"embeddable":true,"href":"https:\/\/eralux.com\/fr\/wp-json\/wp\/v2\/comments?post=3200"}],"wp:featuredmedia":[{"embeddable":true,"href":"https:\/\/eralux.com\/fr\/wp-json\/wp\/v2\/media\/6994"}],"wp:attachment":[{"href":"https:\/\/eralux.com\/fr\/wp-json\/wp\/v2\/media?parent=3200"}],"wp:term":[{"taxonomy":"product_brand","embeddable":true,"href":"https:\/\/eralux.com\/fr\/wp-json\/wp\/v2\/product_brand?post=3200"},{"taxonomy":"product_cat","embeddable":true,"href":"https:\/\/eralux.com\/fr\/wp-json\/wp\/v2\/product_cat?post=3200"},{"taxonomy":"product_tag","embeddable":true,"href":"https:\/\/eralux.com\/fr\/wp-json\/wp\/v2\/product_tag?post=3200"}],"curies":[{"name":"wp","href":"https:\/\/api.w.org\/{rel}","templated":true}]}}