{"id":3213,"date":"2024-01-02T16:54:11","date_gmt":"2024-01-02T16:54:11","guid":{"rendered":"https:\/\/eralux.com\/?post_type=product&#038;p=3213"},"modified":"2025-03-17T21:12:26","modified_gmt":"2025-03-17T21:12:26","slug":"hubble","status":"publish","type":"product","link":"https:\/\/eralux.com\/fr\/produit\/hubble\/","title":{"rendered":"HUBBLE"},"content":{"rendered":"<p>La s\u00e9rie HUBBLE est dot\u00e9e d&#8217;une capacit\u00e9 de r\u00e9glage de l&#8217;angle du faisceau qui permet d&#8217;ajuster l&#8217;angle du faisceau sur le terrain sans aucun outil. L&#8217;angle du faisceau peut varier entre un faisceau \u00e9troit, un faisceau large et un faisceau large. Ce produit est livr\u00e9 en standard avec un IRC de 90, mais il s&#8217;adresse \u00e9galement aux experts de l&#8217;\u00e9clairage avec une option High-GAI (Gamut Area Index) pour un effet visuel am\u00e9lior\u00e9 sur les produits.<\/p>\n","protected":false},"excerpt":{"rendered":"<div id=\"tw-target-text-container\" class=\"tw-ta-container F0azHf tw-nfl\" tabindex=\"0\">\n<pre id=\"tw-target-text\" class=\"tw-data-text tw-text-large tw-ta\" dir=\"ltr\" data-placeholder=\"Translation\" data-ved=\"2ahUKEwiYmtrZgNaDAxUCDTQIHRiDAlIQ3ewLegQIBhAQ\"><span class=\"Y2IQFc\" lang=\"fr\">LUMINAIRE SUR RAIL<\/span><\/pre>\n<\/div>\n<div id=\"tw-target-rmn-container\" class=\"tw-target-rmn tw-ta-container F0azHf tw-nfl\">\n<pre id=\"tw-target-rmn\" class=\"tw-data-placeholder tw-text-small tw-ta\" dir=\"ltr\" data-placeholder=\"\"><\/pre>\n<\/div>\n<div class=\"iYB33c\">\n<div class=\"dlJLJe\">\n<div data-cviv=\"false\" data-ved=\"2ahUKEwiYmtrZgNaDAxUCDTQIHRiDAlIQz_AEegQIBhAR\">\n<div class=\"U9URNb\"><img decoding=\"async\" id=\"dimg_3\" class=\"YQ4gaf zr758c wA1Bge\" src=\"data:image\/png;base64,iVBORw0KGgoAAAANSUhEUgAAABQAAAAUCAQAAAAngNWGAAABDUlEQVR4AYXRgUZDYRjH4TegFTKgpEqiFJgoWAoMEQGBgBboChaaAKxLKAhAhQqAdAmpBIQolkCFqp2nITvNKXuA7+\/Hhzey5OWjE4Nq3rzY1f9\/NGHPB549492+8Ww060iCS2XdctZdI3GsECmb+HJoIX6x6EgDm+lURTH+YB7V9nAqE5WNme4YKuOiY6iMe6PaQxUUIuTbswgFVNJwA8sO3Bn6yR6bWZMSNtJwDtuWfHpQxaPx9C9zadil7jrCigbq6UXceNIVKTWUIqypm2ytJdTiNyNeXclF6GttOVfeDEc7qzjR23r3OMFqZKng1kw0mXGLrfibHTScOZWgGv9TdC6ROFeMTgwYiIxvJzMRWQbeGZUAAAAASUVORK5CYII=\" alt=\"Community Verified icon\" width=\"16\" height=\"16\" data-csiid=\"12\" data-atf=\"0\" \/><\/div>\n<\/div>\n<\/div>\n<\/div>\n","protected":false},"featured_media":3242,"comment_status":"open","ping_status":"closed","template":"","meta":{"inline_featured_image":false},"product_brand":[],"product_cat":[1694],"product_tag":[],"class_list":{"0":"post-3213","1":"product","2":"type-product","3":"status-publish","4":"has-post-thumbnail","6":"spec_sheets-j1-fr","7":"spec_sheets-g1-fr","8":"spec_sheets-12-fr-2","9":"spec_sheets-h1-fr","10":"spec_sheets-l1-fr","11":"spec_sheets-p-fr-3","12":"spec_sheets-wh-fr","13":"spec_sheets-va-fr-2","14":"spec_sheets-bk-fr","15":"spec_sheets-sv-fr","16":"spec_sheets-distribution-fr","17":"spec_sheets-adapteur","18":"spec_sheets-cct-fr","19":"spec_sheets-cri-fr","20":"spec_sheets-finition","21":"spec_sheets-tension","22":"spec_sheets-27-fr-2","23":"spec_sheets-30-fr","24":"spec_sheets-35-fr","25":"spec_sheets-40-fr","26":"product_applications-bureau-commercial","27":"product_applications-education-fr","28":"product_applications-magasin-de-mode","29":"product_applications-sante","30":"product_applications-hotellerie","31":"product_segments-projecteur-del-sur-rail","32":"product_segments-projecteurs-sur-rail","33":"product_cat-ae-tl-hb-fr","35":"first","36":"instock","37":"shipping-taxable","38":"purchasable","39":"product-type-simple"},"yoast_head":"<!-- This site is optimized with the Yoast SEO Premium plugin v24.2 (Yoast SEO v27.5) - https:\/\/yoast.com\/product\/yoast-seo-premium-wordpress\/ -->\n<title>HUBBLE - Eralux<\/title>\n<meta name=\"description\" content=\"La s\u00e9rie HUBBLE est dot\u00e9e d&#039;une capacit\u00e9 de r\u00e9glage de l&#039;angle du faisceau qui permet d&#039;ajuster l&#039;angle du faisceau sur le terrain sans aucun outil. L&#039;angle du faisceau peut varier entre un faisceau \u00e9troit, un faisceau large et un faisceau large. Ce produit est livr\u00e9 en standard avec un IRC de 90, mais il s&#039;adresse \u00e9galement aux experts de l&#039;\u00e9clairage avec une option High-GAI (Gamut Area Index) pour un effet visuel am\u00e9lior\u00e9 sur les produits.\" \/>\n<meta name=\"robots\" content=\"index, follow, max-snippet:-1, max-image-preview:large, max-video-preview:-1\" \/>\n<link rel=\"canonical\" href=\"https:\/\/eralux.com\/fr\/produit\/hubble\/\" \/>\n<meta property=\"og:locale\" content=\"fr_FR\" \/>\n<meta property=\"og:type\" content=\"article\" \/>\n<meta property=\"og:title\" content=\"HUBBLE\" \/>\n<meta property=\"og:description\" content=\"La s\u00e9rie HUBBLE est dot\u00e9e d&#039;une capacit\u00e9 de r\u00e9glage de l&#039;angle du faisceau qui permet d&#039;ajuster l&#039;angle du faisceau sur le terrain sans aucun outil. L&#039;angle du faisceau peut varier entre un faisceau \u00e9troit, un faisceau large et un faisceau large. Ce produit est livr\u00e9 en standard avec un IRC de 90, mais il s&#039;adresse \u00e9galement aux experts de l&#039;\u00e9clairage avec une option High-GAI (Gamut Area Index) pour un effet visuel am\u00e9lior\u00e9 sur les produits.\" \/>\n<meta property=\"og:url\" content=\"https:\/\/eralux.com\/fr\/produit\/hubble\/\" \/>\n<meta property=\"og:site_name\" content=\"Eralux\" \/>\n<meta property=\"article:publisher\" content=\"https:\/\/www.facebook.com\/aeralux.corp\" \/>\n<meta property=\"article:modified_time\" content=\"2025-03-17T21:12:26+00:00\" \/>\n<meta property=\"og:image\" content=\"https:\/\/eralux.com\/wp-content\/uploads\/2024\/01\/HUBBLE-1.png\" \/>\n\t<meta property=\"og:image:width\" content=\"1280\" \/>\n\t<meta property=\"og:image:height\" content=\"1280\" \/>\n\t<meta property=\"og:image:type\" content=\"image\/png\" \/>\n<meta name=\"twitter:card\" content=\"summary_large_image\" \/>\n<meta name=\"twitter:site\" content=\"@eralux_inc\" \/>\n<meta name=\"twitter:label1\" content=\"Prix\" \/>\n\t<meta name=\"twitter:data1\" content=\"&#036;0.00\" \/>\n\t<meta name=\"twitter:label2\" content=\"Disponibilit\u00e9\" \/>\n\t<meta name=\"twitter:data2\" content=\"En stock\" \/>\n<script type=\"application\/ld+json\" class=\"yoast-schema-graph\">{\"@context\":\"https:\\\/\\\/schema.org\",\"@graph\":[{\"@type\":\"WebPage\",\"@id\":\"https:\\\/\\\/eralux.com\\\/fr\\\/produit\\\/hubble\\\/\",\"url\":\"https:\\\/\\\/eralux.com\\\/fr\\\/produit\\\/hubble\\\/\",\"name\":\"HUBBLE - Eralux\",\"isPartOf\":{\"@id\":\"https:\\\/\\\/eralux.com\\\/fr\\\/#website\"},\"primaryImageOfPage\":{\"@id\":\"https:\\\/\\\/eralux.com\\\/fr\\\/produit\\\/hubble\\\/#primaryimage\"},\"image\":{\"@id\":\"https:\\\/\\\/eralux.com\\\/fr\\\/produit\\\/hubble\\\/#primaryimage\"},\"thumbnailUrl\":\"https:\\\/\\\/eralux.com\\\/wp-content\\\/uploads\\\/2024\\\/01\\\/HUBBLE-1.png\",\"datePublished\":\"2024-01-02T16:54:11+00:00\",\"dateModified\":\"2025-03-17T21:12:26+00:00\",\"description\":\"La s\u00e9rie HUBBLE est dot\u00e9e d'une capacit\u00e9 de r\u00e9glage de l'angle du faisceau qui permet d'ajuster l'angle du faisceau sur le terrain sans aucun outil. L'angle du faisceau peut varier entre un faisceau \u00e9troit, un faisceau large et un faisceau large. Ce produit est livr\u00e9 en standard avec un IRC de 90, mais il s'adresse \u00e9galement aux experts de l'\u00e9clairage avec une option High-GAI (Gamut Area Index) pour un effet visuel am\u00e9lior\u00e9 sur les produits.\",\"breadcrumb\":{\"@id\":\"https:\\\/\\\/eralux.com\\\/fr\\\/produit\\\/hubble\\\/#breadcrumb\"},\"inLanguage\":\"fr-FR\",\"potentialAction\":[{\"@type\":\"ReadAction\",\"target\":[\"https:\\\/\\\/eralux.com\\\/fr\\\/produit\\\/hubble\\\/\"]}]},{\"@type\":\"ImageObject\",\"inLanguage\":\"fr-FR\",\"@id\":\"https:\\\/\\\/eralux.com\\\/fr\\\/produit\\\/hubble\\\/#primaryimage\",\"url\":\"https:\\\/\\\/eralux.com\\\/wp-content\\\/uploads\\\/2024\\\/01\\\/HUBBLE-1.png\",\"contentUrl\":\"https:\\\/\\\/eralux.com\\\/wp-content\\\/uploads\\\/2024\\\/01\\\/HUBBLE-1.png\",\"width\":1280,\"height\":1280},{\"@type\":\"BreadcrumbList\",\"@id\":\"https:\\\/\\\/eralux.com\\\/fr\\\/produit\\\/hubble\\\/#breadcrumb\",\"itemListElement\":[{\"@type\":\"ListItem\",\"position\":1,\"name\":\"Home\",\"item\":\"https:\\\/\\\/eralux.com\\\/fr\\\/\"},{\"@type\":\"ListItem\",\"position\":2,\"name\":\"Shop\",\"item\":\"https:\\\/\\\/eralux.com\\\/shop\\\/\"},{\"@type\":\"ListItem\",\"position\":3,\"name\":\"HUBBLE\"}]},{\"@type\":\"WebSite\",\"@id\":\"https:\\\/\\\/eralux.com\\\/fr\\\/#website\",\"url\":\"https:\\\/\\\/eralux.com\\\/fr\\\/\",\"name\":\"Eralux\",\"description\":\"World leader for Energy Saving LED Solutions\",\"publisher\":{\"@id\":\"https:\\\/\\\/eralux.com\\\/fr\\\/#organization\"},\"alternateName\":\"Led manufacturer Canada\",\"potentialAction\":[{\"@type\":\"SearchAction\",\"target\":{\"@type\":\"EntryPoint\",\"urlTemplate\":\"https:\\\/\\\/eralux.com\\\/fr\\\/?s={search_term_string}\"},\"query-input\":{\"@type\":\"PropertyValueSpecification\",\"valueRequired\":true,\"valueName\":\"search_term_string\"}}],\"inLanguage\":\"fr-FR\"},{\"@type\":\"Organization\",\"@id\":\"https:\\\/\\\/eralux.com\\\/fr\\\/#organization\",\"name\":\"Eralux\",\"url\":\"https:\\\/\\\/eralux.com\\\/fr\\\/\",\"logo\":{\"@type\":\"ImageObject\",\"inLanguage\":\"fr-FR\",\"@id\":\"https:\\\/\\\/eralux.com\\\/fr\\\/#\\\/schema\\\/logo\\\/image\\\/\",\"url\":\"https:\\\/\\\/eralux.com\\\/wp-content\\\/uploads\\\/2024\\\/01\\\/eralux-logo-trademark-R.png\",\"contentUrl\":\"https:\\\/\\\/eralux.com\\\/wp-content\\\/uploads\\\/2024\\\/01\\\/eralux-logo-trademark-R.png\",\"width\":1000,\"height\":446,\"caption\":\"Eralux\"},\"image\":{\"@id\":\"https:\\\/\\\/eralux.com\\\/fr\\\/#\\\/schema\\\/logo\\\/image\\\/\"},\"sameAs\":[\"https:\\\/\\\/www.facebook.com\\\/aeralux.corp\",\"https:\\\/\\\/x.com\\\/eralux_inc\"],\"description\":\"Save on energy with high-performance LED solutions. Choose Eralux for eco-friendly lighting. Explore our range today!\"}]}<\/script>\n<meta property=\"product:price:amount\" content=\"0.00\" \/>\n<meta property=\"product:price:currency\" content=\"CAD\" \/>\n<meta property=\"og:availability\" content=\"instock\" \/>\n<meta property=\"product:availability\" content=\"instock\" \/>\n<meta property=\"product:condition\" content=\"new\" \/>\n<!-- \/ Yoast SEO Premium plugin. -->","yoast_head_json":{"title":"HUBBLE - Eralux","description":"La s\u00e9rie HUBBLE est dot\u00e9e d'une capacit\u00e9 de r\u00e9glage de l'angle du faisceau qui permet d'ajuster l'angle du faisceau sur le terrain sans aucun outil. L'angle du faisceau peut varier entre un faisceau \u00e9troit, un faisceau large et un faisceau large. Ce produit est livr\u00e9 en standard avec un IRC de 90, mais il s'adresse \u00e9galement aux experts de l'\u00e9clairage avec une option High-GAI (Gamut Area Index) pour un effet visuel am\u00e9lior\u00e9 sur les produits.","robots":{"index":"index","follow":"follow","max-snippet":"max-snippet:-1","max-image-preview":"max-image-preview:large","max-video-preview":"max-video-preview:-1"},"canonical":"https:\/\/eralux.com\/fr\/produit\/hubble\/","og_locale":"fr_FR","og_type":"article","og_title":"HUBBLE","og_description":"La s\u00e9rie HUBBLE est dot\u00e9e d'une capacit\u00e9 de r\u00e9glage de l'angle du faisceau qui permet d'ajuster l'angle du faisceau sur le terrain sans aucun outil. L'angle du faisceau peut varier entre un faisceau \u00e9troit, un faisceau large et un faisceau large. Ce produit est livr\u00e9 en standard avec un IRC de 90, mais il s'adresse \u00e9galement aux experts de l'\u00e9clairage avec une option High-GAI (Gamut Area Index) pour un effet visuel am\u00e9lior\u00e9 sur les produits.","og_url":"https:\/\/eralux.com\/fr\/produit\/hubble\/","og_site_name":"Eralux","article_publisher":"https:\/\/www.facebook.com\/aeralux.corp","article_modified_time":"2025-03-17T21:12:26+00:00","og_image":[{"width":1280,"height":1280,"url":"https:\/\/eralux.com\/wp-content\/uploads\/2024\/01\/HUBBLE-1.png","type":"image\/png"}],"twitter_card":"summary_large_image","twitter_site":"@eralux_inc","twitter_misc":{"Prix":"&#36;0.00","Disponibilit\u00e9":"En stock"},"schema":{"@context":"https:\/\/schema.org","@graph":[{"@type":"WebPage","@id":"https:\/\/eralux.com\/fr\/produit\/hubble\/","url":"https:\/\/eralux.com\/fr\/produit\/hubble\/","name":"HUBBLE - Eralux","isPartOf":{"@id":"https:\/\/eralux.com\/fr\/#website"},"primaryImageOfPage":{"@id":"https:\/\/eralux.com\/fr\/produit\/hubble\/#primaryimage"},"image":{"@id":"https:\/\/eralux.com\/fr\/produit\/hubble\/#primaryimage"},"thumbnailUrl":"https:\/\/eralux.com\/wp-content\/uploads\/2024\/01\/HUBBLE-1.png","datePublished":"2024-01-02T16:54:11+00:00","dateModified":"2025-03-17T21:12:26+00:00","description":"La s\u00e9rie HUBBLE est dot\u00e9e d'une capacit\u00e9 de r\u00e9glage de l'angle du faisceau qui permet d'ajuster l'angle du faisceau sur le terrain sans aucun outil. L'angle du faisceau peut varier entre un faisceau \u00e9troit, un faisceau large et un faisceau large. Ce produit est livr\u00e9 en standard avec un IRC de 90, mais il s'adresse \u00e9galement aux experts de l'\u00e9clairage avec une option High-GAI (Gamut Area Index) pour un effet visuel am\u00e9lior\u00e9 sur les produits.","breadcrumb":{"@id":"https:\/\/eralux.com\/fr\/produit\/hubble\/#breadcrumb"},"inLanguage":"fr-FR","potentialAction":[{"@type":"ReadAction","target":["https:\/\/eralux.com\/fr\/produit\/hubble\/"]}]},{"@type":"ImageObject","inLanguage":"fr-FR","@id":"https:\/\/eralux.com\/fr\/produit\/hubble\/#primaryimage","url":"https:\/\/eralux.com\/wp-content\/uploads\/2024\/01\/HUBBLE-1.png","contentUrl":"https:\/\/eralux.com\/wp-content\/uploads\/2024\/01\/HUBBLE-1.png","width":1280,"height":1280},{"@type":"BreadcrumbList","@id":"https:\/\/eralux.com\/fr\/produit\/hubble\/#breadcrumb","itemListElement":[{"@type":"ListItem","position":1,"name":"Home","item":"https:\/\/eralux.com\/fr\/"},{"@type":"ListItem","position":2,"name":"Shop","item":"https:\/\/eralux.com\/shop\/"},{"@type":"ListItem","position":3,"name":"HUBBLE"}]},{"@type":"WebSite","@id":"https:\/\/eralux.com\/fr\/#website","url":"https:\/\/eralux.com\/fr\/","name":"Eralux","description":"World leader for Energy Saving LED Solutions","publisher":{"@id":"https:\/\/eralux.com\/fr\/#organization"},"alternateName":"Led manufacturer Canada","potentialAction":[{"@type":"SearchAction","target":{"@type":"EntryPoint","urlTemplate":"https:\/\/eralux.com\/fr\/?s={search_term_string}"},"query-input":{"@type":"PropertyValueSpecification","valueRequired":true,"valueName":"search_term_string"}}],"inLanguage":"fr-FR"},{"@type":"Organization","@id":"https:\/\/eralux.com\/fr\/#organization","name":"Eralux","url":"https:\/\/eralux.com\/fr\/","logo":{"@type":"ImageObject","inLanguage":"fr-FR","@id":"https:\/\/eralux.com\/fr\/#\/schema\/logo\/image\/","url":"https:\/\/eralux.com\/wp-content\/uploads\/2024\/01\/eralux-logo-trademark-R.png","contentUrl":"https:\/\/eralux.com\/wp-content\/uploads\/2024\/01\/eralux-logo-trademark-R.png","width":1000,"height":446,"caption":"Eralux"},"image":{"@id":"https:\/\/eralux.com\/fr\/#\/schema\/logo\/image\/"},"sameAs":["https:\/\/www.facebook.com\/aeralux.corp","https:\/\/x.com\/eralux_inc"],"description":"Save on energy with high-performance LED solutions. Choose Eralux for eco-friendly lighting. Explore our range today!"}]},"product_price_amount":"0.00","product_price_currency":"CAD","og_availability":"instock","product_availability":"instock","product_condition":"new"},"_links":{"self":[{"href":"https:\/\/eralux.com\/fr\/wp-json\/wp\/v2\/product\/3213","targetHints":{"allow":["GET"]}}],"collection":[{"href":"https:\/\/eralux.com\/fr\/wp-json\/wp\/v2\/product"}],"about":[{"href":"https:\/\/eralux.com\/fr\/wp-json\/wp\/v2\/types\/product"}],"replies":[{"embeddable":true,"href":"https:\/\/eralux.com\/fr\/wp-json\/wp\/v2\/comments?post=3213"}],"wp:featuredmedia":[{"embeddable":true,"href":"https:\/\/eralux.com\/fr\/wp-json\/wp\/v2\/media\/3242"}],"wp:attachment":[{"href":"https:\/\/eralux.com\/fr\/wp-json\/wp\/v2\/media?parent=3213"}],"wp:term":[{"taxonomy":"product_brand","embeddable":true,"href":"https:\/\/eralux.com\/fr\/wp-json\/wp\/v2\/product_brand?post=3213"},{"taxonomy":"product_cat","embeddable":true,"href":"https:\/\/eralux.com\/fr\/wp-json\/wp\/v2\/product_cat?post=3213"},{"taxonomy":"product_tag","embeddable":true,"href":"https:\/\/eralux.com\/fr\/wp-json\/wp\/v2\/product_tag?post=3213"}],"curies":[{"name":"wp","href":"https:\/\/api.w.org\/{rel}","templated":true}]}}