{"id":3290,"date":"2024-01-02T18:30:23","date_gmt":"2024-01-02T18:30:23","guid":{"rendered":"https:\/\/eralux.com\/?post_type=product&#038;p=3290"},"modified":"2025-08-05T15:41:57","modified_gmt":"2025-08-05T15:41:57","slug":"sb3","status":"publish","type":"product","link":"https:\/\/eralux.com\/fr\/produit\/sb3\/","title":{"rendered":"SB3"},"content":{"rendered":"<p>La s\u00e9rie SB3 est la nouvelle offre d&#8217;ERALUX dans sa gamme robuste de luminaires pour baies hautes, qui se distingue par une finition blanche \u00e9l\u00e9gante. Cette s\u00e9rie offre une performance impressionnante de 145 LPW, gr\u00e2ce \u00e0 sa construction durable en aluminium moul\u00e9 sous pression. Elle est con\u00e7ue avec l&#8217;option d&#8217;int\u00e9gration sur site d&#8217;un d\u00e9tecteur de mouvement. En outre, la s\u00e9rie SB3 offre des capacit\u00e9s commutables en termes de CCT et de lumens, avec des options de puissance de 150\/120\/85 watts et 240\/190\/140 watts, ce qui en fait un excellent choix pour les entrep\u00f4ts et les environnements de vente au d\u00e9tail.<\/p>\n","protected":false},"excerpt":{"rendered":"<p>High Bay LED Ronde UFO<\/p>\n","protected":false},"featured_media":8496,"comment_status":"open","ping_status":"closed","template":"","meta":{"inline_featured_image":false},"product_brand":[],"product_cat":[1069],"product_tag":[],"class_list":{"0":"post-3290","1":"product","2":"type-product","3":"status-publish","4":"has-post-thumbnail","6":"spec_sheets-nat-fr","7":"spec_sheets-90-fr","8":"spec_sheets-wh-fr-2","9":"spec_sheets-ms-fr-3","10":"spec_sheets-specialty-fr","11":"spec_sheets-hk1-fr","12":"spec_sheets-pm-fr","13":"spec_sheets-faisceau","14":"spec_sheets-3550-fr","15":"spec_sheets-cct-fr","16":"spec_sheets-controles","17":"spec_sheets-finition","18":"spec_sheets-montage","19":"spec_sheets-puissance","20":"spec_sheets-150w-fr-2","21":"product_applications-industriel","22":"product_segments-luminaires-industriels","23":"product_cat-ae-il-sb3-ca-fr","25":"first","26":"instock","27":"shipping-taxable","28":"purchasable","29":"product-type-simple"},"yoast_head":"<!-- This site is optimized with the Yoast SEO Premium plugin v24.2 (Yoast SEO v27.5) - https:\/\/yoast.com\/product\/yoast-seo-premium-wordpress\/ -->\n<title>SB3 - Eralux<\/title>\n<meta name=\"description\" content=\"La s\u00e9rie SB3 est la nouvelle offre d&#039;ERALUX dans sa gamme robuste de luminaires pour baies hautes, qui se distingue par une finition blanche \u00e9l\u00e9gante. Cette s\u00e9rie offre une performance impressionnante de 145 LPW, gr\u00e2ce \u00e0 sa construction durable en aluminium moul\u00e9 sous pression. Elle est con\u00e7ue avec l&#039;option d&#039;int\u00e9gration sur site d&#039;un d\u00e9tecteur de mouvement. En outre, la s\u00e9rie SB3 offre des capacit\u00e9s commutables en termes de CCT et de lumens, avec des options de puissance de 150\/120\/85 watts et 240\/190\/140 watts, ce qui en fait un excellent choix pour les entrep\u00f4ts et les environnements de vente au d\u00e9tail.\" \/>\n<meta name=\"robots\" content=\"index, follow, max-snippet:-1, max-image-preview:large, max-video-preview:-1\" \/>\n<link rel=\"canonical\" href=\"https:\/\/eralux.com\/fr\/produit\/sb3\/\" \/>\n<meta property=\"og:locale\" content=\"fr_FR\" \/>\n<meta property=\"og:type\" content=\"article\" \/>\n<meta property=\"og:title\" content=\"SB3\" \/>\n<meta property=\"og:description\" content=\"La s\u00e9rie SB3 est la nouvelle offre d&#039;ERALUX dans sa gamme robuste de luminaires pour baies hautes, qui se distingue par une finition blanche \u00e9l\u00e9gante. Cette s\u00e9rie offre une performance impressionnante de 145 LPW, gr\u00e2ce \u00e0 sa construction durable en aluminium moul\u00e9 sous pression. Elle est con\u00e7ue avec l&#039;option d&#039;int\u00e9gration sur site d&#039;un d\u00e9tecteur de mouvement. En outre, la s\u00e9rie SB3 offre des capacit\u00e9s commutables en termes de CCT et de lumens, avec des options de puissance de 150\/120\/85 watts et 240\/190\/140 watts, ce qui en fait un excellent choix pour les entrep\u00f4ts et les environnements de vente au d\u00e9tail.\" \/>\n<meta property=\"og:url\" content=\"https:\/\/eralux.com\/fr\/produit\/sb3\/\" \/>\n<meta property=\"og:site_name\" content=\"Eralux\" \/>\n<meta property=\"article:publisher\" content=\"https:\/\/www.facebook.com\/aeralux.corp\" \/>\n<meta property=\"article:modified_time\" content=\"2025-08-05T15:41:57+00:00\" \/>\n<meta property=\"og:image\" content=\"https:\/\/eralux.com\/wp-content\/uploads\/2024\/01\/sb3-3.png\" \/>\n\t<meta property=\"og:image:width\" content=\"1000\" \/>\n\t<meta property=\"og:image:height\" content=\"1000\" \/>\n\t<meta property=\"og:image:type\" content=\"image\/png\" \/>\n<meta name=\"twitter:card\" content=\"summary_large_image\" \/>\n<meta name=\"twitter:site\" content=\"@eralux_inc\" \/>\n<meta name=\"twitter:label1\" content=\"Prix\" \/>\n\t<meta name=\"twitter:data1\" content=\"&#036;0.00\" \/>\n\t<meta name=\"twitter:label2\" content=\"Disponibilit\u00e9\" \/>\n\t<meta name=\"twitter:data2\" content=\"En stock\" \/>\n<script type=\"application\/ld+json\" class=\"yoast-schema-graph\">{\"@context\":\"https:\\\/\\\/schema.org\",\"@graph\":[{\"@type\":\"WebPage\",\"@id\":\"https:\\\/\\\/eralux.com\\\/fr\\\/produit\\\/sb3\\\/\",\"url\":\"https:\\\/\\\/eralux.com\\\/fr\\\/produit\\\/sb3\\\/\",\"name\":\"SB3 - Eralux\",\"isPartOf\":{\"@id\":\"https:\\\/\\\/eralux.com\\\/fr\\\/#website\"},\"primaryImageOfPage\":{\"@id\":\"https:\\\/\\\/eralux.com\\\/fr\\\/produit\\\/sb3\\\/#primaryimage\"},\"image\":{\"@id\":\"https:\\\/\\\/eralux.com\\\/fr\\\/produit\\\/sb3\\\/#primaryimage\"},\"thumbnailUrl\":\"https:\\\/\\\/eralux.com\\\/wp-content\\\/uploads\\\/2024\\\/01\\\/sb3-3.png\",\"datePublished\":\"2024-01-02T18:30:23+00:00\",\"dateModified\":\"2025-08-05T15:41:57+00:00\",\"description\":\"La s\u00e9rie SB3 est la nouvelle offre d'ERALUX dans sa gamme robuste de luminaires pour baies hautes, qui se distingue par une finition blanche \u00e9l\u00e9gante. Cette s\u00e9rie offre une performance impressionnante de 145 LPW, gr\u00e2ce \u00e0 sa construction durable en aluminium moul\u00e9 sous pression. Elle est con\u00e7ue avec l'option d'int\u00e9gration sur site d'un d\u00e9tecteur de mouvement. En outre, la s\u00e9rie SB3 offre des capacit\u00e9s commutables en termes de CCT et de lumens, avec des options de puissance de 150\\\/120\\\/85 watts et 240\\\/190\\\/140 watts, ce qui en fait un excellent choix pour les entrep\u00f4ts et les environnements de vente au d\u00e9tail.\",\"breadcrumb\":{\"@id\":\"https:\\\/\\\/eralux.com\\\/fr\\\/produit\\\/sb3\\\/#breadcrumb\"},\"inLanguage\":\"fr-FR\",\"potentialAction\":[{\"@type\":\"ReadAction\",\"target\":[\"https:\\\/\\\/eralux.com\\\/fr\\\/produit\\\/sb3\\\/\"]}]},{\"@type\":\"ImageObject\",\"inLanguage\":\"fr-FR\",\"@id\":\"https:\\\/\\\/eralux.com\\\/fr\\\/produit\\\/sb3\\\/#primaryimage\",\"url\":\"https:\\\/\\\/eralux.com\\\/wp-content\\\/uploads\\\/2024\\\/01\\\/sb3-3.png\",\"contentUrl\":\"https:\\\/\\\/eralux.com\\\/wp-content\\\/uploads\\\/2024\\\/01\\\/sb3-3.png\",\"width\":1000,\"height\":1000},{\"@type\":\"BreadcrumbList\",\"@id\":\"https:\\\/\\\/eralux.com\\\/fr\\\/produit\\\/sb3\\\/#breadcrumb\",\"itemListElement\":[{\"@type\":\"ListItem\",\"position\":1,\"name\":\"Home\",\"item\":\"https:\\\/\\\/eralux.com\\\/fr\\\/\"},{\"@type\":\"ListItem\",\"position\":2,\"name\":\"Shop\",\"item\":\"https:\\\/\\\/eralux.com\\\/shop\\\/\"},{\"@type\":\"ListItem\",\"position\":3,\"name\":\"SB3\"}]},{\"@type\":\"WebSite\",\"@id\":\"https:\\\/\\\/eralux.com\\\/fr\\\/#website\",\"url\":\"https:\\\/\\\/eralux.com\\\/fr\\\/\",\"name\":\"Eralux\",\"description\":\"World leader for Energy Saving LED Solutions\",\"publisher\":{\"@id\":\"https:\\\/\\\/eralux.com\\\/fr\\\/#organization\"},\"alternateName\":\"Led manufacturer Canada\",\"potentialAction\":[{\"@type\":\"SearchAction\",\"target\":{\"@type\":\"EntryPoint\",\"urlTemplate\":\"https:\\\/\\\/eralux.com\\\/fr\\\/?s={search_term_string}\"},\"query-input\":{\"@type\":\"PropertyValueSpecification\",\"valueRequired\":true,\"valueName\":\"search_term_string\"}}],\"inLanguage\":\"fr-FR\"},{\"@type\":\"Organization\",\"@id\":\"https:\\\/\\\/eralux.com\\\/fr\\\/#organization\",\"name\":\"Eralux\",\"url\":\"https:\\\/\\\/eralux.com\\\/fr\\\/\",\"logo\":{\"@type\":\"ImageObject\",\"inLanguage\":\"fr-FR\",\"@id\":\"https:\\\/\\\/eralux.com\\\/fr\\\/#\\\/schema\\\/logo\\\/image\\\/\",\"url\":\"https:\\\/\\\/eralux.com\\\/wp-content\\\/uploads\\\/2024\\\/01\\\/eralux-logo-trademark-R.png\",\"contentUrl\":\"https:\\\/\\\/eralux.com\\\/wp-content\\\/uploads\\\/2024\\\/01\\\/eralux-logo-trademark-R.png\",\"width\":1000,\"height\":446,\"caption\":\"Eralux\"},\"image\":{\"@id\":\"https:\\\/\\\/eralux.com\\\/fr\\\/#\\\/schema\\\/logo\\\/image\\\/\"},\"sameAs\":[\"https:\\\/\\\/www.facebook.com\\\/aeralux.corp\",\"https:\\\/\\\/x.com\\\/eralux_inc\"],\"description\":\"Save on energy with high-performance LED solutions. Choose Eralux for eco-friendly lighting. Explore our range today!\"}]}<\/script>\n<meta property=\"product:price:amount\" content=\"0.00\" \/>\n<meta property=\"product:price:currency\" content=\"CAD\" \/>\n<meta property=\"og:availability\" content=\"instock\" \/>\n<meta property=\"product:availability\" content=\"instock\" \/>\n<meta property=\"product:condition\" content=\"new\" \/>\n<!-- \/ Yoast SEO Premium plugin. -->","yoast_head_json":{"title":"SB3 - Eralux","description":"La s\u00e9rie SB3 est la nouvelle offre d'ERALUX dans sa gamme robuste de luminaires pour baies hautes, qui se distingue par une finition blanche \u00e9l\u00e9gante. Cette s\u00e9rie offre une performance impressionnante de 145 LPW, gr\u00e2ce \u00e0 sa construction durable en aluminium moul\u00e9 sous pression. Elle est con\u00e7ue avec l'option d'int\u00e9gration sur site d'un d\u00e9tecteur de mouvement. En outre, la s\u00e9rie SB3 offre des capacit\u00e9s commutables en termes de CCT et de lumens, avec des options de puissance de 150\/120\/85 watts et 240\/190\/140 watts, ce qui en fait un excellent choix pour les entrep\u00f4ts et les environnements de vente au d\u00e9tail.","robots":{"index":"index","follow":"follow","max-snippet":"max-snippet:-1","max-image-preview":"max-image-preview:large","max-video-preview":"max-video-preview:-1"},"canonical":"https:\/\/eralux.com\/fr\/produit\/sb3\/","og_locale":"fr_FR","og_type":"article","og_title":"SB3","og_description":"La s\u00e9rie SB3 est la nouvelle offre d'ERALUX dans sa gamme robuste de luminaires pour baies hautes, qui se distingue par une finition blanche \u00e9l\u00e9gante. Cette s\u00e9rie offre une performance impressionnante de 145 LPW, gr\u00e2ce \u00e0 sa construction durable en aluminium moul\u00e9 sous pression. Elle est con\u00e7ue avec l'option d'int\u00e9gration sur site d'un d\u00e9tecteur de mouvement. En outre, la s\u00e9rie SB3 offre des capacit\u00e9s commutables en termes de CCT et de lumens, avec des options de puissance de 150\/120\/85 watts et 240\/190\/140 watts, ce qui en fait un excellent choix pour les entrep\u00f4ts et les environnements de vente au d\u00e9tail.","og_url":"https:\/\/eralux.com\/fr\/produit\/sb3\/","og_site_name":"Eralux","article_publisher":"https:\/\/www.facebook.com\/aeralux.corp","article_modified_time":"2025-08-05T15:41:57+00:00","og_image":[{"width":1000,"height":1000,"url":"https:\/\/eralux.com\/wp-content\/uploads\/2024\/01\/sb3-3.png","type":"image\/png"}],"twitter_card":"summary_large_image","twitter_site":"@eralux_inc","twitter_misc":{"Prix":"&#36;0.00","Disponibilit\u00e9":"En stock"},"schema":{"@context":"https:\/\/schema.org","@graph":[{"@type":"WebPage","@id":"https:\/\/eralux.com\/fr\/produit\/sb3\/","url":"https:\/\/eralux.com\/fr\/produit\/sb3\/","name":"SB3 - Eralux","isPartOf":{"@id":"https:\/\/eralux.com\/fr\/#website"},"primaryImageOfPage":{"@id":"https:\/\/eralux.com\/fr\/produit\/sb3\/#primaryimage"},"image":{"@id":"https:\/\/eralux.com\/fr\/produit\/sb3\/#primaryimage"},"thumbnailUrl":"https:\/\/eralux.com\/wp-content\/uploads\/2024\/01\/sb3-3.png","datePublished":"2024-01-02T18:30:23+00:00","dateModified":"2025-08-05T15:41:57+00:00","description":"La s\u00e9rie SB3 est la nouvelle offre d'ERALUX dans sa gamme robuste de luminaires pour baies hautes, qui se distingue par une finition blanche \u00e9l\u00e9gante. Cette s\u00e9rie offre une performance impressionnante de 145 LPW, gr\u00e2ce \u00e0 sa construction durable en aluminium moul\u00e9 sous pression. Elle est con\u00e7ue avec l'option d'int\u00e9gration sur site d'un d\u00e9tecteur de mouvement. En outre, la s\u00e9rie SB3 offre des capacit\u00e9s commutables en termes de CCT et de lumens, avec des options de puissance de 150\/120\/85 watts et 240\/190\/140 watts, ce qui en fait un excellent choix pour les entrep\u00f4ts et les environnements de vente au d\u00e9tail.","breadcrumb":{"@id":"https:\/\/eralux.com\/fr\/produit\/sb3\/#breadcrumb"},"inLanguage":"fr-FR","potentialAction":[{"@type":"ReadAction","target":["https:\/\/eralux.com\/fr\/produit\/sb3\/"]}]},{"@type":"ImageObject","inLanguage":"fr-FR","@id":"https:\/\/eralux.com\/fr\/produit\/sb3\/#primaryimage","url":"https:\/\/eralux.com\/wp-content\/uploads\/2024\/01\/sb3-3.png","contentUrl":"https:\/\/eralux.com\/wp-content\/uploads\/2024\/01\/sb3-3.png","width":1000,"height":1000},{"@type":"BreadcrumbList","@id":"https:\/\/eralux.com\/fr\/produit\/sb3\/#breadcrumb","itemListElement":[{"@type":"ListItem","position":1,"name":"Home","item":"https:\/\/eralux.com\/fr\/"},{"@type":"ListItem","position":2,"name":"Shop","item":"https:\/\/eralux.com\/shop\/"},{"@type":"ListItem","position":3,"name":"SB3"}]},{"@type":"WebSite","@id":"https:\/\/eralux.com\/fr\/#website","url":"https:\/\/eralux.com\/fr\/","name":"Eralux","description":"World leader for Energy Saving LED Solutions","publisher":{"@id":"https:\/\/eralux.com\/fr\/#organization"},"alternateName":"Led manufacturer Canada","potentialAction":[{"@type":"SearchAction","target":{"@type":"EntryPoint","urlTemplate":"https:\/\/eralux.com\/fr\/?s={search_term_string}"},"query-input":{"@type":"PropertyValueSpecification","valueRequired":true,"valueName":"search_term_string"}}],"inLanguage":"fr-FR"},{"@type":"Organization","@id":"https:\/\/eralux.com\/fr\/#organization","name":"Eralux","url":"https:\/\/eralux.com\/fr\/","logo":{"@type":"ImageObject","inLanguage":"fr-FR","@id":"https:\/\/eralux.com\/fr\/#\/schema\/logo\/image\/","url":"https:\/\/eralux.com\/wp-content\/uploads\/2024\/01\/eralux-logo-trademark-R.png","contentUrl":"https:\/\/eralux.com\/wp-content\/uploads\/2024\/01\/eralux-logo-trademark-R.png","width":1000,"height":446,"caption":"Eralux"},"image":{"@id":"https:\/\/eralux.com\/fr\/#\/schema\/logo\/image\/"},"sameAs":["https:\/\/www.facebook.com\/aeralux.corp","https:\/\/x.com\/eralux_inc"],"description":"Save on energy with high-performance LED solutions. Choose Eralux for eco-friendly lighting. Explore our range today!"}]},"product_price_amount":"0.00","product_price_currency":"CAD","og_availability":"instock","product_availability":"instock","product_condition":"new"},"_links":{"self":[{"href":"https:\/\/eralux.com\/fr\/wp-json\/wp\/v2\/product\/3290","targetHints":{"allow":["GET"]}}],"collection":[{"href":"https:\/\/eralux.com\/fr\/wp-json\/wp\/v2\/product"}],"about":[{"href":"https:\/\/eralux.com\/fr\/wp-json\/wp\/v2\/types\/product"}],"replies":[{"embeddable":true,"href":"https:\/\/eralux.com\/fr\/wp-json\/wp\/v2\/comments?post=3290"}],"wp:featuredmedia":[{"embeddable":true,"href":"https:\/\/eralux.com\/fr\/wp-json\/wp\/v2\/media\/8496"}],"wp:attachment":[{"href":"https:\/\/eralux.com\/fr\/wp-json\/wp\/v2\/media?parent=3290"}],"wp:term":[{"taxonomy":"product_brand","embeddable":true,"href":"https:\/\/eralux.com\/fr\/wp-json\/wp\/v2\/product_brand?post=3290"},{"taxonomy":"product_cat","embeddable":true,"href":"https:\/\/eralux.com\/fr\/wp-json\/wp\/v2\/product_cat?post=3290"},{"taxonomy":"product_tag","embeddable":true,"href":"https:\/\/eralux.com\/fr\/wp-json\/wp\/v2\/product_tag?post=3290"}],"curies":[{"name":"wp","href":"https:\/\/api.w.org\/{rel}","templated":true}]}}