{"id":3298,"date":"2024-01-02T18:48:22","date_gmt":"2024-01-02T18:48:22","guid":{"rendered":"https:\/\/eralux.com\/?post_type=product&#038;p=3298"},"modified":"2025-12-04T18:18:36","modified_gmt":"2025-12-04T18:18:36","slug":"chandra-max","status":"publish","type":"product","link":"https:\/\/eralux.com\/fr\/produit\/chandra-max\/","title":{"rendered":"CHANDRA MAX"},"content":{"rendered":"<p>Le luminaire sur rail CHANDRA MAX se distingue par son allure \u00e9l\u00e9gante, sa vari\u00e9t\u00e9 d&#8217;options optiques et une s\u00e9rie d&#8217;accessoires pour s&#8217;adapter \u00e0 tous les sc\u00e9narios possibles. L&#8217;installation d&#8217;accessoires sur ce produit est un jeu d&#8217;enfant. Cela permet un d\u00e9ploiement rapide des installations dans les magasins pour la reconfiguration des produits. Ce produit est livr\u00e9 en standard avec un IRC de 90.<\/p>\n","protected":false},"excerpt":{"rendered":"<p>T\u00eate de rail pour environnement commercial<\/p>\n","protected":false},"featured_media":3308,"comment_status":"open","ping_status":"closed","template":"","meta":{"inline_featured_image":false},"product_brand":[],"product_cat":[1678],"product_tag":[],"class_list":{"0":"post-3298","1":"product","2":"type-product","3":"status-publish","4":"has-post-thumbnail","6":"spec_sheets-blank-trim-fr","7":"spec_sheets-j1-fr","8":"spec_sheets-bz-trim-fr","9":"spec_sheets-nf-fr-2","10":"spec_sheets-g1-fr","11":"spec_sheets-gd-trim-fr","12":"spec_sheets-h1-fr","13":"spec_sheets-fl-fr-2","14":"spec_sheets-l1-fr","15":"spec_sheets-wf-fr-3","16":"spec_sheets-s-fr-3","17":"spec_sheets-p-fr-3","18":"spec_sheets-wh-fr","19":"spec_sheets-bk-fr","20":"spec_sheets-sv-fr","21":"spec_sheets-vf-fr","22":"spec_sheets-trim-fr","23":"spec_sheets-distribution-fr","24":"spec_sheets-adapteur","25":"spec_sheets-cct-fr","26":"spec_sheets-cri-fr","27":"spec_sheets-finition","28":"spec_sheets-puissance","29":"spec_sheets-27-fr-2","30":"spec_sheets-30-fr","31":"spec_sheets-35-fr","32":"spec_sheets-40-fr","33":"spec_sheets-xxw-fr","34":"product_applications-magasin-de-detail","35":"product_applications-hotellerie","36":"product_applications-magasin-de-mode","37":"product_applications-education-fr","38":"product_applications-bureau-commercial","39":"product_segments-projecteur-del-sur-rail","40":"product_segments-projecteurs-sur-rail","41":"product_cat-ae-tl-cdx-12-fr","43":"first","44":"instock","45":"shipping-taxable","46":"purchasable","47":"product-type-simple"},"yoast_head":"<!-- This site is optimized with the Yoast SEO Premium plugin v24.2 (Yoast SEO v27.5) - https:\/\/yoast.com\/product\/yoast-seo-premium-wordpress\/ -->\n<title>CHANDRA MAX - Eralux<\/title>\n<meta name=\"description\" content=\"Le luminaire sur rail CHANDRA MAX se distingue par son allure \u00e9l\u00e9gante, sa vari\u00e9t\u00e9 d&#039;options optiques et une s\u00e9rie d&#039;accessoires pour s&#039;adapter \u00e0 tous les sc\u00e9narios possibles. L&#039;installation d&#039;accessoires sur ce produit est un jeu d&#039;enfant. Cela permet un d\u00e9ploiement rapide des installations dans les magasins pour la reconfiguration des produits. Ce produit est \u00e9galement livr\u00e9 en standard avec un IRC de 90.\" \/>\n<meta name=\"robots\" content=\"index, follow, max-snippet:-1, max-image-preview:large, max-video-preview:-1\" \/>\n<link rel=\"canonical\" href=\"https:\/\/eralux.com\/fr\/produit\/chandra-max\/\" \/>\n<meta property=\"og:locale\" content=\"fr_FR\" \/>\n<meta property=\"og:type\" content=\"article\" \/>\n<meta property=\"og:title\" content=\"CHANDRA MAX\" \/>\n<meta property=\"og:description\" content=\"Le luminaire sur rail CHANDRA MAX se distingue par son allure \u00e9l\u00e9gante, sa vari\u00e9t\u00e9 d&#039;options optiques et une s\u00e9rie d&#039;accessoires pour s&#039;adapter \u00e0 tous les sc\u00e9narios possibles. L&#039;installation d&#039;accessoires sur ce produit est un jeu d&#039;enfant. Cela permet un d\u00e9ploiement rapide des installations dans les magasins pour la reconfiguration des produits. Ce produit est \u00e9galement livr\u00e9 en standard avec un IRC de 90.\" \/>\n<meta property=\"og:url\" content=\"https:\/\/eralux.com\/fr\/produit\/chandra-max\/\" \/>\n<meta property=\"og:site_name\" content=\"Eralux\" \/>\n<meta property=\"article:publisher\" content=\"https:\/\/www.facebook.com\/aeralux.corp\" \/>\n<meta property=\"article:modified_time\" content=\"2025-12-04T18:18:36+00:00\" \/>\n<meta property=\"og:image\" content=\"https:\/\/eralux.com\/wp-content\/uploads\/2024\/01\/ERALUX-CHANDRA-MAX-TRACK-LIGHT.png\" \/>\n\t<meta property=\"og:image:width\" content=\"3860\" \/>\n\t<meta property=\"og:image:height\" content=\"3859\" \/>\n\t<meta property=\"og:image:type\" content=\"image\/png\" \/>\n<meta name=\"twitter:card\" content=\"summary_large_image\" \/>\n<meta name=\"twitter:site\" content=\"@eralux_inc\" \/>\n<meta name=\"twitter:label1\" content=\"Prix\" \/>\n\t<meta name=\"twitter:data1\" content=\"&#036;0.00\" \/>\n\t<meta name=\"twitter:label2\" content=\"Disponibilit\u00e9\" \/>\n\t<meta name=\"twitter:data2\" content=\"En stock\" \/>\n<script type=\"application\/ld+json\" class=\"yoast-schema-graph\">{\"@context\":\"https:\\\/\\\/schema.org\",\"@graph\":[{\"@type\":\"WebPage\",\"@id\":\"https:\\\/\\\/eralux.com\\\/fr\\\/produit\\\/chandra-max\\\/\",\"url\":\"https:\\\/\\\/eralux.com\\\/fr\\\/produit\\\/chandra-max\\\/\",\"name\":\"CHANDRA MAX - Eralux\",\"isPartOf\":{\"@id\":\"https:\\\/\\\/eralux.com\\\/fr\\\/#website\"},\"primaryImageOfPage\":{\"@id\":\"https:\\\/\\\/eralux.com\\\/fr\\\/produit\\\/chandra-max\\\/#primaryimage\"},\"image\":{\"@id\":\"https:\\\/\\\/eralux.com\\\/fr\\\/produit\\\/chandra-max\\\/#primaryimage\"},\"thumbnailUrl\":\"https:\\\/\\\/eralux.com\\\/wp-content\\\/uploads\\\/2024\\\/01\\\/ERALUX-CHANDRA-MAX-TRACK-LIGHT.png\",\"datePublished\":\"2024-01-02T18:48:22+00:00\",\"dateModified\":\"2025-12-04T18:18:36+00:00\",\"description\":\"Le luminaire sur rail CHANDRA MAX se distingue par son allure \u00e9l\u00e9gante, sa vari\u00e9t\u00e9 d'options optiques et une s\u00e9rie d'accessoires pour s'adapter \u00e0 tous les sc\u00e9narios possibles. L'installation d'accessoires sur ce produit est un jeu d'enfant. Cela permet un d\u00e9ploiement rapide des installations dans les magasins pour la reconfiguration des produits. Ce produit est \u00e9galement livr\u00e9 en standard avec un IRC de 90.\",\"breadcrumb\":{\"@id\":\"https:\\\/\\\/eralux.com\\\/fr\\\/produit\\\/chandra-max\\\/#breadcrumb\"},\"inLanguage\":\"fr-FR\",\"potentialAction\":[{\"@type\":\"ReadAction\",\"target\":[\"https:\\\/\\\/eralux.com\\\/fr\\\/produit\\\/chandra-max\\\/\"]}]},{\"@type\":\"ImageObject\",\"inLanguage\":\"fr-FR\",\"@id\":\"https:\\\/\\\/eralux.com\\\/fr\\\/produit\\\/chandra-max\\\/#primaryimage\",\"url\":\"https:\\\/\\\/eralux.com\\\/wp-content\\\/uploads\\\/2024\\\/01\\\/ERALUX-CHANDRA-MAX-TRACK-LIGHT.png\",\"contentUrl\":\"https:\\\/\\\/eralux.com\\\/wp-content\\\/uploads\\\/2024\\\/01\\\/ERALUX-CHANDRA-MAX-TRACK-LIGHT.png\",\"width\":3860,\"height\":3859},{\"@type\":\"BreadcrumbList\",\"@id\":\"https:\\\/\\\/eralux.com\\\/fr\\\/produit\\\/chandra-max\\\/#breadcrumb\",\"itemListElement\":[{\"@type\":\"ListItem\",\"position\":1,\"name\":\"Home\",\"item\":\"https:\\\/\\\/eralux.com\\\/fr\\\/\"},{\"@type\":\"ListItem\",\"position\":2,\"name\":\"Shop\",\"item\":\"https:\\\/\\\/eralux.com\\\/shop\\\/\"},{\"@type\":\"ListItem\",\"position\":3,\"name\":\"CHANDRA MAX\"}]},{\"@type\":\"WebSite\",\"@id\":\"https:\\\/\\\/eralux.com\\\/fr\\\/#website\",\"url\":\"https:\\\/\\\/eralux.com\\\/fr\\\/\",\"name\":\"Eralux\",\"description\":\"World leader for Energy Saving LED Solutions\",\"publisher\":{\"@id\":\"https:\\\/\\\/eralux.com\\\/fr\\\/#organization\"},\"alternateName\":\"Led manufacturer Canada\",\"potentialAction\":[{\"@type\":\"SearchAction\",\"target\":{\"@type\":\"EntryPoint\",\"urlTemplate\":\"https:\\\/\\\/eralux.com\\\/fr\\\/?s={search_term_string}\"},\"query-input\":{\"@type\":\"PropertyValueSpecification\",\"valueRequired\":true,\"valueName\":\"search_term_string\"}}],\"inLanguage\":\"fr-FR\"},{\"@type\":\"Organization\",\"@id\":\"https:\\\/\\\/eralux.com\\\/fr\\\/#organization\",\"name\":\"Eralux\",\"url\":\"https:\\\/\\\/eralux.com\\\/fr\\\/\",\"logo\":{\"@type\":\"ImageObject\",\"inLanguage\":\"fr-FR\",\"@id\":\"https:\\\/\\\/eralux.com\\\/fr\\\/#\\\/schema\\\/logo\\\/image\\\/\",\"url\":\"https:\\\/\\\/eralux.com\\\/wp-content\\\/uploads\\\/2024\\\/01\\\/eralux-logo-trademark-R.png\",\"contentUrl\":\"https:\\\/\\\/eralux.com\\\/wp-content\\\/uploads\\\/2024\\\/01\\\/eralux-logo-trademark-R.png\",\"width\":1000,\"height\":446,\"caption\":\"Eralux\"},\"image\":{\"@id\":\"https:\\\/\\\/eralux.com\\\/fr\\\/#\\\/schema\\\/logo\\\/image\\\/\"},\"sameAs\":[\"https:\\\/\\\/www.facebook.com\\\/aeralux.corp\",\"https:\\\/\\\/x.com\\\/eralux_inc\"],\"description\":\"Save on energy with high-performance LED solutions. Choose Eralux for eco-friendly lighting. Explore our range today!\"}]}<\/script>\n<meta property=\"product:price:amount\" content=\"0.00\" \/>\n<meta property=\"product:price:currency\" content=\"CAD\" \/>\n<meta property=\"og:availability\" content=\"instock\" \/>\n<meta property=\"product:availability\" content=\"instock\" \/>\n<meta property=\"product:condition\" content=\"new\" \/>\n<!-- \/ Yoast SEO Premium plugin. -->","yoast_head_json":{"title":"CHANDRA MAX - Eralux","description":"Le luminaire sur rail CHANDRA MAX se distingue par son allure \u00e9l\u00e9gante, sa vari\u00e9t\u00e9 d'options optiques et une s\u00e9rie d'accessoires pour s'adapter \u00e0 tous les sc\u00e9narios possibles. L'installation d'accessoires sur ce produit est un jeu d'enfant. Cela permet un d\u00e9ploiement rapide des installations dans les magasins pour la reconfiguration des produits. Ce produit est \u00e9galement livr\u00e9 en standard avec un IRC de 90.","robots":{"index":"index","follow":"follow","max-snippet":"max-snippet:-1","max-image-preview":"max-image-preview:large","max-video-preview":"max-video-preview:-1"},"canonical":"https:\/\/eralux.com\/fr\/produit\/chandra-max\/","og_locale":"fr_FR","og_type":"article","og_title":"CHANDRA MAX","og_description":"Le luminaire sur rail CHANDRA MAX se distingue par son allure \u00e9l\u00e9gante, sa vari\u00e9t\u00e9 d'options optiques et une s\u00e9rie d'accessoires pour s'adapter \u00e0 tous les sc\u00e9narios possibles. L'installation d'accessoires sur ce produit est un jeu d'enfant. Cela permet un d\u00e9ploiement rapide des installations dans les magasins pour la reconfiguration des produits. Ce produit est \u00e9galement livr\u00e9 en standard avec un IRC de 90.","og_url":"https:\/\/eralux.com\/fr\/produit\/chandra-max\/","og_site_name":"Eralux","article_publisher":"https:\/\/www.facebook.com\/aeralux.corp","article_modified_time":"2025-12-04T18:18:36+00:00","og_image":[{"width":3860,"height":3859,"url":"https:\/\/eralux.com\/wp-content\/uploads\/2024\/01\/ERALUX-CHANDRA-MAX-TRACK-LIGHT.png","type":"image\/png"}],"twitter_card":"summary_large_image","twitter_site":"@eralux_inc","twitter_misc":{"Prix":"&#36;0.00","Disponibilit\u00e9":"En stock"},"schema":{"@context":"https:\/\/schema.org","@graph":[{"@type":"WebPage","@id":"https:\/\/eralux.com\/fr\/produit\/chandra-max\/","url":"https:\/\/eralux.com\/fr\/produit\/chandra-max\/","name":"CHANDRA MAX - Eralux","isPartOf":{"@id":"https:\/\/eralux.com\/fr\/#website"},"primaryImageOfPage":{"@id":"https:\/\/eralux.com\/fr\/produit\/chandra-max\/#primaryimage"},"image":{"@id":"https:\/\/eralux.com\/fr\/produit\/chandra-max\/#primaryimage"},"thumbnailUrl":"https:\/\/eralux.com\/wp-content\/uploads\/2024\/01\/ERALUX-CHANDRA-MAX-TRACK-LIGHT.png","datePublished":"2024-01-02T18:48:22+00:00","dateModified":"2025-12-04T18:18:36+00:00","description":"Le luminaire sur rail CHANDRA MAX se distingue par son allure \u00e9l\u00e9gante, sa vari\u00e9t\u00e9 d'options optiques et une s\u00e9rie d'accessoires pour s'adapter \u00e0 tous les sc\u00e9narios possibles. L'installation d'accessoires sur ce produit est un jeu d'enfant. Cela permet un d\u00e9ploiement rapide des installations dans les magasins pour la reconfiguration des produits. Ce produit est \u00e9galement livr\u00e9 en standard avec un IRC de 90.","breadcrumb":{"@id":"https:\/\/eralux.com\/fr\/produit\/chandra-max\/#breadcrumb"},"inLanguage":"fr-FR","potentialAction":[{"@type":"ReadAction","target":["https:\/\/eralux.com\/fr\/produit\/chandra-max\/"]}]},{"@type":"ImageObject","inLanguage":"fr-FR","@id":"https:\/\/eralux.com\/fr\/produit\/chandra-max\/#primaryimage","url":"https:\/\/eralux.com\/wp-content\/uploads\/2024\/01\/ERALUX-CHANDRA-MAX-TRACK-LIGHT.png","contentUrl":"https:\/\/eralux.com\/wp-content\/uploads\/2024\/01\/ERALUX-CHANDRA-MAX-TRACK-LIGHT.png","width":3860,"height":3859},{"@type":"BreadcrumbList","@id":"https:\/\/eralux.com\/fr\/produit\/chandra-max\/#breadcrumb","itemListElement":[{"@type":"ListItem","position":1,"name":"Home","item":"https:\/\/eralux.com\/fr\/"},{"@type":"ListItem","position":2,"name":"Shop","item":"https:\/\/eralux.com\/shop\/"},{"@type":"ListItem","position":3,"name":"CHANDRA MAX"}]},{"@type":"WebSite","@id":"https:\/\/eralux.com\/fr\/#website","url":"https:\/\/eralux.com\/fr\/","name":"Eralux","description":"World leader for Energy Saving LED Solutions","publisher":{"@id":"https:\/\/eralux.com\/fr\/#organization"},"alternateName":"Led manufacturer Canada","potentialAction":[{"@type":"SearchAction","target":{"@type":"EntryPoint","urlTemplate":"https:\/\/eralux.com\/fr\/?s={search_term_string}"},"query-input":{"@type":"PropertyValueSpecification","valueRequired":true,"valueName":"search_term_string"}}],"inLanguage":"fr-FR"},{"@type":"Organization","@id":"https:\/\/eralux.com\/fr\/#organization","name":"Eralux","url":"https:\/\/eralux.com\/fr\/","logo":{"@type":"ImageObject","inLanguage":"fr-FR","@id":"https:\/\/eralux.com\/fr\/#\/schema\/logo\/image\/","url":"https:\/\/eralux.com\/wp-content\/uploads\/2024\/01\/eralux-logo-trademark-R.png","contentUrl":"https:\/\/eralux.com\/wp-content\/uploads\/2024\/01\/eralux-logo-trademark-R.png","width":1000,"height":446,"caption":"Eralux"},"image":{"@id":"https:\/\/eralux.com\/fr\/#\/schema\/logo\/image\/"},"sameAs":["https:\/\/www.facebook.com\/aeralux.corp","https:\/\/x.com\/eralux_inc"],"description":"Save on energy with high-performance LED solutions. Choose Eralux for eco-friendly lighting. Explore our range today!"}]},"product_price_amount":"0.00","product_price_currency":"CAD","og_availability":"instock","product_availability":"instock","product_condition":"new"},"_links":{"self":[{"href":"https:\/\/eralux.com\/fr\/wp-json\/wp\/v2\/product\/3298","targetHints":{"allow":["GET"]}}],"collection":[{"href":"https:\/\/eralux.com\/fr\/wp-json\/wp\/v2\/product"}],"about":[{"href":"https:\/\/eralux.com\/fr\/wp-json\/wp\/v2\/types\/product"}],"replies":[{"embeddable":true,"href":"https:\/\/eralux.com\/fr\/wp-json\/wp\/v2\/comments?post=3298"}],"wp:featuredmedia":[{"embeddable":true,"href":"https:\/\/eralux.com\/fr\/wp-json\/wp\/v2\/media\/3308"}],"wp:attachment":[{"href":"https:\/\/eralux.com\/fr\/wp-json\/wp\/v2\/media?parent=3298"}],"wp:term":[{"taxonomy":"product_brand","embeddable":true,"href":"https:\/\/eralux.com\/fr\/wp-json\/wp\/v2\/product_brand?post=3298"},{"taxonomy":"product_cat","embeddable":true,"href":"https:\/\/eralux.com\/fr\/wp-json\/wp\/v2\/product_cat?post=3298"},{"taxonomy":"product_tag","embeddable":true,"href":"https:\/\/eralux.com\/fr\/wp-json\/wp\/v2\/product_tag?post=3298"}],"curies":[{"name":"wp","href":"https:\/\/api.w.org\/{rel}","templated":true}]}}